{"id":37230,"date":"2022-03-08T16:58:04","date_gmt":"2022-03-08T15:58:04","guid":{"rendered":"https:\/\/www.anniesloan.com\/?post_type=product&#038;p=104150"},"modified":"2026-03-23T08:56:22","modified_gmt":"2026-03-23T07:56:22","slug":"pure-sp","status":"publish","type":"product","link":"https:\/\/www.anniesloan.com\/fr\/produit\/satin-paint\/white-satin-paint\/pure-sp\/","title":{"rendered":"Pure"},"content":{"rendered":"","protected":false},"excerpt":{"rendered":"<p data-pm-slice=\"1 1 []\">La peinture satin\u00e9e Annie Sloan en Pure est un blanc v\u00e9ritable, propre et incolore, contenant uniquement des pigments blancs. Elle tranche par son authenticit\u00e9, mais sans la froideur du blanc \u00ab\u00a0brillant\u00a0\u00bb, teint\u00e9 de bleu. Du fait de sa nature sans pigment, des couches suppl\u00e9mentaires peuvent \u00eatre n\u00e9cessaires pour obtenir l\u2019opacit\u00e9 souhait\u00e9e. Elle donne une finition fra\u00eeche et nette aux plinthes. Utilisez-la avec Upstate Blue pour cr\u00e9er un style traditionnel gustavien ou su\u00e9dois.<\/p>\n<p><strong>Disponible en pots de 750 ml. 750\u00a0ml suffisent pour couvrir une surface d\u2019environ 11 m\u00e8tres carr\u00e9s.<\/strong><\/p>\n","protected":false},"featured_media":37606,"template":"","meta":{"_acf_changed":false,"_relevanssi_hide_post":"","_relevanssi_hide_content":"","_relevanssi_pin_for_all":"","_relevanssi_pin_keywords":"","_relevanssi_unpin_keywords":"","_relevanssi_related_keywords":"","_relevanssi_related_include_ids":"","_relevanssi_related_exclude_ids":"","_relevanssi_related_no_append":"","_relevanssi_related_not_related":"","_relevanssi_related_posts":"","_relevanssi_noindex_reason":""},"product_brand":[],"product_cat":[1181,1189],"product_tag":[],"class_list":{"0":"post-37230","1":"product","2":"type-product","3":"status-publish","4":"has-post-thumbnail","6":"product_cat-satin-paint","7":"product_cat-white-satin-paint","8":"pa_colour-filter-neutre","9":"pa_finish-satin-paint","10":"pa_size-750ml","12":"first","13":"instock","14":"taxable","15":"shipping-taxable","16":"purchasable","17":"product-type-simple"},"acf":[],"yoast_head":"<!-- This site is optimized with the Yoast SEO Premium plugin v26.5 (Yoast SEO v26.5) - https:\/\/yoast.com\/wordpress\/plugins\/seo\/ -->\n<title>Bright White Satin Paint | Pure | Annie Sloan<\/title>\n<meta name=\"description\" content=\"La peinture Annie Sloan Satin Paint in Pure est un blanc v\u00e9ritable, propre et incolore, contenant uniquement des pigments blancs.\" \/>\n<meta name=\"robots\" content=\"index, follow, max-snippet:-1, max-image-preview:large, max-video-preview:-1\" \/>\n<link rel=\"canonical\" href=\"https:\/\/www.anniesloan.com\/fr\/produit\/satin-paint\/white-satin-paint\/pure-sp\/\" \/>\n<meta property=\"og:locale\" content=\"fr_FR\" \/>\n<meta property=\"og:type\" content=\"article\" \/>\n<meta property=\"og:title\" content=\"Pure\" \/>\n<meta property=\"og:description\" content=\"La peinture Annie Sloan Satin Paint in Pure est un blanc v\u00e9ritable, propre et incolore, contenant uniquement des pigments blancs.\" \/>\n<meta property=\"og:url\" content=\"https:\/\/www.anniesloan.com\/fr\/produit\/satin-paint\/white-satin-paint\/pure-sp\/\" \/>\n<meta property=\"og:site_name\" content=\"Annie Sloan FR\" \/>\n<meta property=\"article:modified_time\" content=\"2026-03-23T07:56:22+00:00\" \/>\n<meta property=\"og:image\" content=\"https:\/\/www.anniesloan.com\/fr\/wp-content\/uploads\/sites\/4\/2022\/03\/NEWRGB-72dpi-Pure.jpg\" \/>\n\t<meta property=\"og:image:width\" content=\"1224\" \/>\n\t<meta property=\"og:image:height\" content=\"936\" \/>\n\t<meta property=\"og:image:type\" content=\"image\/jpeg\" \/>\n<meta name=\"twitter:card\" content=\"summary_large_image\" \/>\n<meta name=\"twitter:label1\" content=\"Price\" \/>\n\t<meta name=\"twitter:data1\" content=\"38.95&euro;\" \/>\n\t<meta name=\"twitter:label2\" content=\"Availability\" \/>\n\t<meta name=\"twitter:data2\" content=\"In stock\" \/>\n<script type=\"application\/ld+json\" class=\"yoast-schema-graph\">{\"@context\":\"https:\/\/schema.org\",\"@graph\":[{\"@type\":\"WebPage\",\"@id\":\"https:\/\/www.anniesloan.com\/fr\/produit\/satin-paint\/white-satin-paint\/pure-sp\/\",\"url\":\"https:\/\/www.anniesloan.com\/fr\/produit\/satin-paint\/white-satin-paint\/pure-sp\/\",\"name\":\"Bright White Satin Paint | Pure | Annie Sloan\",\"isPartOf\":{\"@id\":\"https:\/\/www.anniesloan.com\/fr\/#website\"},\"primaryImageOfPage\":{\"@id\":\"https:\/\/www.anniesloan.com\/fr\/produit\/satin-paint\/white-satin-paint\/pure-sp\/#primaryimage\"},\"image\":{\"@id\":\"https:\/\/www.anniesloan.com\/fr\/produit\/satin-paint\/white-satin-paint\/pure-sp\/#primaryimage\"},\"thumbnailUrl\":\"https:\/\/www.anniesloan.com\/fr\/wp-content\/uploads\/sites\/4\/2022\/03\/NEWRGB-72dpi-Pure.jpg\",\"datePublished\":\"2022-03-08T15:58:04+00:00\",\"dateModified\":\"2026-03-23T07:56:22+00:00\",\"description\":\"La peinture Annie Sloan Satin Paint in Pure est un blanc v\u00e9ritable, propre et incolore, contenant uniquement des pigments blancs.\",\"breadcrumb\":{\"@id\":\"https:\/\/www.anniesloan.com\/fr\/produit\/satin-paint\/white-satin-paint\/pure-sp\/#breadcrumb\"},\"inLanguage\":\"fr-FR\",\"potentialAction\":[{\"@type\":\"ReadAction\",\"target\":[\"https:\/\/www.anniesloan.com\/fr\/produit\/satin-paint\/white-satin-paint\/pure-sp\/\"]}]},{\"@type\":\"ImageObject\",\"inLanguage\":\"fr-FR\",\"@id\":\"https:\/\/www.anniesloan.com\/fr\/produit\/satin-paint\/white-satin-paint\/pure-sp\/#primaryimage\",\"url\":\"https:\/\/www.anniesloan.com\/fr\/wp-content\/uploads\/sites\/4\/2022\/03\/NEWRGB-72dpi-Pure.jpg\",\"contentUrl\":\"https:\/\/www.anniesloan.com\/fr\/wp-content\/uploads\/sites\/4\/2022\/03\/NEWRGB-72dpi-Pure.jpg\",\"width\":1224,\"height\":936,\"caption\":\"Annie Sloan Paint Swatch in Pure\"},{\"@type\":\"BreadcrumbList\",\"@id\":\"https:\/\/www.anniesloan.com\/fr\/produit\/satin-paint\/white-satin-paint\/pure-sp\/#breadcrumb\",\"itemListElement\":[{\"@type\":\"ListItem\",\"position\":1,\"name\":\"Produits\",\"item\":\"https:\/\/www.anniesloan.com\/fr\/produits\/\"},{\"@type\":\"ListItem\",\"position\":2,\"name\":\"La Peinture Satin\u00e9e\",\"item\":\"https:\/\/www.anniesloan.com\/fr\/produits\/satin-paint\/\"},{\"@type\":\"ListItem\",\"position\":3,\"name\":\"White Satin Paint\",\"item\":\"https:\/\/www.anniesloan.com\/fr\/produits\/satin-paint\/white-satin-paint\/\"},{\"@type\":\"ListItem\",\"position\":4,\"name\":\"Pure\"}]},{\"@type\":\"WebSite\",\"@id\":\"https:\/\/www.anniesloan.com\/fr\/#website\",\"url\":\"https:\/\/www.anniesloan.com\/fr\/\",\"name\":\"Annie Sloan FR\",\"description\":\"Home of Chalk Paint\",\"publisher\":{\"@id\":\"https:\/\/www.anniesloan.com\/fr\/#organization\"},\"potentialAction\":[{\"@type\":\"SearchAction\",\"target\":{\"@type\":\"EntryPoint\",\"urlTemplate\":\"https:\/\/www.anniesloan.com\/fr\/?s={search_term_string}\"},\"query-input\":{\"@type\":\"PropertyValueSpecification\",\"valueRequired\":true,\"valueName\":\"search_term_string\"}}],\"inLanguage\":\"fr-FR\"},{\"@type\":\"Organization\",\"@id\":\"https:\/\/www.anniesloan.com\/fr\/#organization\",\"name\":\"Annie Sloan\",\"url\":\"https:\/\/www.anniesloan.com\/fr\/\",\"logo\":{\"@type\":\"ImageObject\",\"inLanguage\":\"fr-FR\",\"@id\":\"https:\/\/www.anniesloan.com\/fr\/#\/schema\/logo\/image\/\",\"url\":\"https:\/\/www.anniesloan.com\/fr\/wp-content\/uploads\/sites\/4\/2021\/07\/anniesloan-logo.jpg\",\"contentUrl\":\"https:\/\/www.anniesloan.com\/fr\/wp-content\/uploads\/sites\/4\/2021\/07\/anniesloan-logo.jpg\",\"width\":1200,\"height\":361,\"caption\":\"Annie Sloan\"},\"image\":{\"@id\":\"https:\/\/www.anniesloan.com\/fr\/#\/schema\/logo\/image\/\"}}]}<\/script>\n<meta property=\"product:price:amount\" content=\"38.95\" \/>\n<meta property=\"product:price:currency\" content=\"EUR\" \/>\n<meta property=\"og:availability\" content=\"instock\" \/>\n<meta property=\"product:availability\" content=\"instock\" \/>\n<meta property=\"product:retailer_item_id\" content=\"SPPU001.0750.01\" \/>\n<meta property=\"product:condition\" content=\"new\" \/>\n<!-- \/ Yoast SEO Premium plugin. -->","yoast_head_json":{"title":"Bright White Satin Paint | Pure | Annie Sloan","description":"La peinture Annie Sloan Satin Paint in Pure est un blanc v\u00e9ritable, propre et incolore, contenant uniquement des pigments blancs.","robots":{"index":"index","follow":"follow","max-snippet":"max-snippet:-1","max-image-preview":"max-image-preview:large","max-video-preview":"max-video-preview:-1"},"canonical":"https:\/\/www.anniesloan.com\/fr\/produit\/satin-paint\/white-satin-paint\/pure-sp\/","og_locale":"fr_FR","og_type":"article","og_title":"Pure","og_description":"La peinture Annie Sloan Satin Paint in Pure est un blanc v\u00e9ritable, propre et incolore, contenant uniquement des pigments blancs.","og_url":"https:\/\/www.anniesloan.com\/fr\/produit\/satin-paint\/white-satin-paint\/pure-sp\/","og_site_name":"Annie Sloan FR","article_modified_time":"2026-03-23T07:56:22+00:00","og_image":[{"width":1224,"height":936,"url":"https:\/\/www.anniesloan.com\/fr\/wp-content\/uploads\/sites\/4\/2022\/03\/NEWRGB-72dpi-Pure.jpg","type":"image\/jpeg"}],"twitter_card":"summary_large_image","twitter_misc":{"Price":"38.95&euro;","Availability":"In stock"},"schema":{"@context":"https:\/\/schema.org","@graph":[{"@type":"WebPage","@id":"https:\/\/www.anniesloan.com\/fr\/produit\/satin-paint\/white-satin-paint\/pure-sp\/","url":"https:\/\/www.anniesloan.com\/fr\/produit\/satin-paint\/white-satin-paint\/pure-sp\/","name":"Bright White Satin Paint | Pure | Annie Sloan","isPartOf":{"@id":"https:\/\/www.anniesloan.com\/fr\/#website"},"primaryImageOfPage":{"@id":"https:\/\/www.anniesloan.com\/fr\/produit\/satin-paint\/white-satin-paint\/pure-sp\/#primaryimage"},"image":{"@id":"https:\/\/www.anniesloan.com\/fr\/produit\/satin-paint\/white-satin-paint\/pure-sp\/#primaryimage"},"thumbnailUrl":"https:\/\/www.anniesloan.com\/fr\/wp-content\/uploads\/sites\/4\/2022\/03\/NEWRGB-72dpi-Pure.jpg","datePublished":"2022-03-08T15:58:04+00:00","dateModified":"2026-03-23T07:56:22+00:00","description":"La peinture Annie Sloan Satin Paint in Pure est un blanc v\u00e9ritable, propre et incolore, contenant uniquement des pigments blancs.","breadcrumb":{"@id":"https:\/\/www.anniesloan.com\/fr\/produit\/satin-paint\/white-satin-paint\/pure-sp\/#breadcrumb"},"inLanguage":"fr-FR","potentialAction":[{"@type":"ReadAction","target":["https:\/\/www.anniesloan.com\/fr\/produit\/satin-paint\/white-satin-paint\/pure-sp\/"]}]},{"@type":"ImageObject","inLanguage":"fr-FR","@id":"https:\/\/www.anniesloan.com\/fr\/produit\/satin-paint\/white-satin-paint\/pure-sp\/#primaryimage","url":"https:\/\/www.anniesloan.com\/fr\/wp-content\/uploads\/sites\/4\/2022\/03\/NEWRGB-72dpi-Pure.jpg","contentUrl":"https:\/\/www.anniesloan.com\/fr\/wp-content\/uploads\/sites\/4\/2022\/03\/NEWRGB-72dpi-Pure.jpg","width":1224,"height":936,"caption":"Annie Sloan Paint Swatch in Pure"},{"@type":"BreadcrumbList","@id":"https:\/\/www.anniesloan.com\/fr\/produit\/satin-paint\/white-satin-paint\/pure-sp\/#breadcrumb","itemListElement":[{"@type":"ListItem","position":1,"name":"Produits","item":"https:\/\/www.anniesloan.com\/fr\/produits\/"},{"@type":"ListItem","position":2,"name":"La Peinture Satin\u00e9e","item":"https:\/\/www.anniesloan.com\/fr\/produits\/satin-paint\/"},{"@type":"ListItem","position":3,"name":"White Satin Paint","item":"https:\/\/www.anniesloan.com\/fr\/produits\/satin-paint\/white-satin-paint\/"},{"@type":"ListItem","position":4,"name":"Pure"}]},{"@type":"WebSite","@id":"https:\/\/www.anniesloan.com\/fr\/#website","url":"https:\/\/www.anniesloan.com\/fr\/","name":"Annie Sloan FR","description":"Home of Chalk Paint","publisher":{"@id":"https:\/\/www.anniesloan.com\/fr\/#organization"},"potentialAction":[{"@type":"SearchAction","target":{"@type":"EntryPoint","urlTemplate":"https:\/\/www.anniesloan.com\/fr\/?s={search_term_string}"},"query-input":{"@type":"PropertyValueSpecification","valueRequired":true,"valueName":"search_term_string"}}],"inLanguage":"fr-FR"},{"@type":"Organization","@id":"https:\/\/www.anniesloan.com\/fr\/#organization","name":"Annie Sloan","url":"https:\/\/www.anniesloan.com\/fr\/","logo":{"@type":"ImageObject","inLanguage":"fr-FR","@id":"https:\/\/www.anniesloan.com\/fr\/#\/schema\/logo\/image\/","url":"https:\/\/www.anniesloan.com\/fr\/wp-content\/uploads\/sites\/4\/2021\/07\/anniesloan-logo.jpg","contentUrl":"https:\/\/www.anniesloan.com\/fr\/wp-content\/uploads\/sites\/4\/2021\/07\/anniesloan-logo.jpg","width":1200,"height":361,"caption":"Annie Sloan"},"image":{"@id":"https:\/\/www.anniesloan.com\/fr\/#\/schema\/logo\/image\/"}}]},"product_price_amount":"38.95","product_price_currency":"EUR","og_availability":"instock","product_availability":"instock","product_retailer_item_id":"SPPU001.0750.01","product_condition":"new"},"_links":{"self":[{"href":"https:\/\/www.anniesloan.com\/fr\/wp-json\/wp\/v2\/product\/37230","targetHints":{"allow":["GET"]}}],"collection":[{"href":"https:\/\/www.anniesloan.com\/fr\/wp-json\/wp\/v2\/product"}],"about":[{"href":"https:\/\/www.anniesloan.com\/fr\/wp-json\/wp\/v2\/types\/product"}],"wp:featuredmedia":[{"embeddable":true,"href":"https:\/\/www.anniesloan.com\/fr\/wp-json\/wp\/v2\/media\/37606"}],"wp:attachment":[{"href":"https:\/\/www.anniesloan.com\/fr\/wp-json\/wp\/v2\/media?parent=37230"}],"wp:term":[{"taxonomy":"product_brand","embeddable":true,"href":"https:\/\/www.anniesloan.com\/fr\/wp-json\/wp\/v2\/product_brand?post=37230"},{"taxonomy":"product_cat","embeddable":true,"href":"https:\/\/www.anniesloan.com\/fr\/wp-json\/wp\/v2\/product_cat?post=37230"},{"taxonomy":"product_tag","embeddable":true,"href":"https:\/\/www.anniesloan.com\/fr\/wp-json\/wp\/v2\/product_tag?post=37230"}],"curies":[{"name":"wp","href":"https:\/\/api.w.org\/{rel}","templated":true}]}}