{"id":37209,"date":"2022-03-09T12:53:25","date_gmt":"2022-03-09T11:53:25","guid":{"rendered":"https:\/\/www.anniesloan.com\/?post_type=product&#038;p=104203"},"modified":"2026-03-23T09:55:34","modified_gmt":"2026-03-23T08:55:34","slug":"cotswold-green-sp","status":"publish","type":"product","link":"https:\/\/www.anniesloan.com\/fr\/produit\/satin-paint\/green-satin-paint\/cotswold-green-sp\/","title":{"rendered":"Cotswold Green"},"content":{"rendered":"","protected":false},"excerpt":{"rendered":"<p><span id=\"m-tgroup_60\" class=\"m-tgroup in-ctx-preview-highlight-group\" dir=\"ltr\">Annie Sloan Satin Paint in Cotswold Green est un vert sauge vraiment magnifique. Cette peinture s\u2019inspire \u00e9videmment de cette couleur d\u2019ext\u00e9rieur toujours \u00e9vocatrice des paysages pittoresques de cette r\u00e9gion du Royaume-Uni.<\/span>\u00a0<span id=\"m-tgroup_61\" class=\"m-tgroup\" dir=\"ltr\">Ce vert complexe, polyvalent et flatteur, se marie \u00e0 merveille avec des mat\u00e9riaux organiques tels que la pierre, l\u2019ardoise et le rotin.<\/span><\/p>\n<p><strong>Disponible en pots de 750 ml. 750\u00a0ml suffisent pour couvrir une surface d\u2019environ 11 m\u00e8tres carr\u00e9s.<\/strong><\/p>\n","protected":false},"featured_media":37611,"template":"","meta":{"_acf_changed":false,"_relevanssi_hide_post":"","_relevanssi_hide_content":"","_relevanssi_pin_for_all":"","_relevanssi_pin_keywords":"","_relevanssi_unpin_keywords":"","_relevanssi_related_keywords":"","_relevanssi_related_include_ids":"","_relevanssi_related_exclude_ids":"","_relevanssi_related_no_append":"","_relevanssi_related_not_related":"","_relevanssi_related_posts":"","_relevanssi_noindex_reason":""},"product_brand":[],"product_cat":[1181,1184],"product_tag":[],"class_list":{"0":"post-37209","1":"product","2":"type-product","3":"status-publish","4":"has-post-thumbnail","6":"product_cat-satin-paint","7":"product_cat-green-satin-paint","8":"pa_colour-filter-vert","9":"pa_finish-satin-paint","10":"pa_size-750ml","12":"first","13":"instock","14":"taxable","15":"shipping-taxable","16":"purchasable","17":"product-type-simple"},"acf":[],"yoast_head":"<!-- This site is optimized with the Yoast SEO Premium plugin v26.5 (Yoast SEO v26.5) - https:\/\/yoast.com\/wordpress\/plugins\/seo\/ -->\n<title>Pastel Green Satin Paint | Cotswold Green | Annie Sloan<\/title>\n<meta name=\"description\" content=\"Annie Sloan Satin Paint in Cotswold Green est un vert sauge vraiment magnifique. Achetez Cotswold Green d\u00e8s maintenant.\" \/>\n<meta name=\"robots\" content=\"index, follow, max-snippet:-1, max-image-preview:large, max-video-preview:-1\" \/>\n<link rel=\"canonical\" href=\"https:\/\/www.anniesloan.com\/fr\/produit\/satin-paint\/green-satin-paint\/cotswold-green-sp\/\" \/>\n<meta property=\"og:locale\" content=\"fr_FR\" \/>\n<meta property=\"og:type\" content=\"article\" \/>\n<meta property=\"og:title\" content=\"Cotswold Green\" \/>\n<meta property=\"og:description\" content=\"Annie Sloan Satin Paint in Cotswold Green est un vert sauge vraiment magnifique. Achetez Cotswold Green d\u00e8s maintenant.\" \/>\n<meta property=\"og:url\" content=\"https:\/\/www.anniesloan.com\/fr\/produit\/satin-paint\/green-satin-paint\/cotswold-green-sp\/\" \/>\n<meta property=\"og:site_name\" content=\"Annie Sloan FR\" \/>\n<meta property=\"article:modified_time\" content=\"2026-03-23T08:55:34+00:00\" \/>\n<meta property=\"og:image\" content=\"https:\/\/www.anniesloan.com\/fr\/wp-content\/uploads\/sites\/4\/2022\/03\/NEWRGB-72dpi-Cotswold-Green.jpg\" \/>\n\t<meta property=\"og:image:width\" content=\"1224\" \/>\n\t<meta property=\"og:image:height\" content=\"936\" \/>\n\t<meta property=\"og:image:type\" content=\"image\/jpeg\" \/>\n<meta name=\"twitter:card\" content=\"summary_large_image\" \/>\n<meta name=\"twitter:label1\" content=\"Price\" \/>\n\t<meta name=\"twitter:data1\" content=\"38.95&euro;\" \/>\n\t<meta name=\"twitter:label2\" content=\"Availability\" \/>\n\t<meta name=\"twitter:data2\" content=\"In stock\" \/>\n<script type=\"application\/ld+json\" class=\"yoast-schema-graph\">{\"@context\":\"https:\/\/schema.org\",\"@graph\":[{\"@type\":\"WebPage\",\"@id\":\"https:\/\/www.anniesloan.com\/fr\/produit\/satin-paint\/green-satin-paint\/cotswold-green-sp\/\",\"url\":\"https:\/\/www.anniesloan.com\/fr\/produit\/satin-paint\/green-satin-paint\/cotswold-green-sp\/\",\"name\":\"Pastel Green Satin Paint | Cotswold Green | Annie Sloan\",\"isPartOf\":{\"@id\":\"https:\/\/www.anniesloan.com\/fr\/#website\"},\"primaryImageOfPage\":{\"@id\":\"https:\/\/www.anniesloan.com\/fr\/produit\/satin-paint\/green-satin-paint\/cotswold-green-sp\/#primaryimage\"},\"image\":{\"@id\":\"https:\/\/www.anniesloan.com\/fr\/produit\/satin-paint\/green-satin-paint\/cotswold-green-sp\/#primaryimage\"},\"thumbnailUrl\":\"https:\/\/www.anniesloan.com\/fr\/wp-content\/uploads\/sites\/4\/2022\/03\/NEWRGB-72dpi-Cotswold-Green.jpg\",\"datePublished\":\"2022-03-09T11:53:25+00:00\",\"dateModified\":\"2026-03-23T08:55:34+00:00\",\"description\":\"Annie Sloan Satin Paint in Cotswold Green est un vert sauge vraiment magnifique. Achetez Cotswold Green d\u00e8s maintenant.\",\"breadcrumb\":{\"@id\":\"https:\/\/www.anniesloan.com\/fr\/produit\/satin-paint\/green-satin-paint\/cotswold-green-sp\/#breadcrumb\"},\"inLanguage\":\"fr-FR\",\"potentialAction\":[{\"@type\":\"ReadAction\",\"target\":[\"https:\/\/www.anniesloan.com\/fr\/produit\/satin-paint\/green-satin-paint\/cotswold-green-sp\/\"]}]},{\"@type\":\"ImageObject\",\"inLanguage\":\"fr-FR\",\"@id\":\"https:\/\/www.anniesloan.com\/fr\/produit\/satin-paint\/green-satin-paint\/cotswold-green-sp\/#primaryimage\",\"url\":\"https:\/\/www.anniesloan.com\/fr\/wp-content\/uploads\/sites\/4\/2022\/03\/NEWRGB-72dpi-Cotswold-Green.jpg\",\"contentUrl\":\"https:\/\/www.anniesloan.com\/fr\/wp-content\/uploads\/sites\/4\/2022\/03\/NEWRGB-72dpi-Cotswold-Green.jpg\",\"width\":1224,\"height\":936,\"caption\":\"Annie Sloan Paint Swatch in Cotswold Green\"},{\"@type\":\"BreadcrumbList\",\"@id\":\"https:\/\/www.anniesloan.com\/fr\/produit\/satin-paint\/green-satin-paint\/cotswold-green-sp\/#breadcrumb\",\"itemListElement\":[{\"@type\":\"ListItem\",\"position\":1,\"name\":\"Produits\",\"item\":\"https:\/\/www.anniesloan.com\/fr\/produits\/\"},{\"@type\":\"ListItem\",\"position\":2,\"name\":\"La Peinture Satin\u00e9e\",\"item\":\"https:\/\/www.anniesloan.com\/fr\/produits\/satin-paint\/\"},{\"@type\":\"ListItem\",\"position\":3,\"name\":\"Green Satin Paint\",\"item\":\"https:\/\/www.anniesloan.com\/fr\/produits\/satin-paint\/green-satin-paint\/\"},{\"@type\":\"ListItem\",\"position\":4,\"name\":\"Cotswold Green\"}]},{\"@type\":\"WebSite\",\"@id\":\"https:\/\/www.anniesloan.com\/fr\/#website\",\"url\":\"https:\/\/www.anniesloan.com\/fr\/\",\"name\":\"Annie Sloan FR\",\"description\":\"Home of Chalk Paint\",\"publisher\":{\"@id\":\"https:\/\/www.anniesloan.com\/fr\/#organization\"},\"potentialAction\":[{\"@type\":\"SearchAction\",\"target\":{\"@type\":\"EntryPoint\",\"urlTemplate\":\"https:\/\/www.anniesloan.com\/fr\/?s={search_term_string}\"},\"query-input\":{\"@type\":\"PropertyValueSpecification\",\"valueRequired\":true,\"valueName\":\"search_term_string\"}}],\"inLanguage\":\"fr-FR\"},{\"@type\":\"Organization\",\"@id\":\"https:\/\/www.anniesloan.com\/fr\/#organization\",\"name\":\"Annie Sloan\",\"url\":\"https:\/\/www.anniesloan.com\/fr\/\",\"logo\":{\"@type\":\"ImageObject\",\"inLanguage\":\"fr-FR\",\"@id\":\"https:\/\/www.anniesloan.com\/fr\/#\/schema\/logo\/image\/\",\"url\":\"https:\/\/www.anniesloan.com\/fr\/wp-content\/uploads\/sites\/4\/2021\/07\/anniesloan-logo.jpg\",\"contentUrl\":\"https:\/\/www.anniesloan.com\/fr\/wp-content\/uploads\/sites\/4\/2021\/07\/anniesloan-logo.jpg\",\"width\":1200,\"height\":361,\"caption\":\"Annie Sloan\"},\"image\":{\"@id\":\"https:\/\/www.anniesloan.com\/fr\/#\/schema\/logo\/image\/\"}}]}<\/script>\n<meta property=\"product:price:amount\" content=\"38.95\" \/>\n<meta property=\"product:price:currency\" content=\"EUR\" \/>\n<meta property=\"og:availability\" content=\"instock\" \/>\n<meta property=\"product:availability\" content=\"instock\" \/>\n<meta property=\"product:retailer_item_id\" content=\"SPCG001.0750.01\" \/>\n<meta property=\"product:condition\" content=\"new\" \/>\n<!-- \/ Yoast SEO Premium plugin. -->","yoast_head_json":{"title":"Pastel Green Satin Paint | Cotswold Green | Annie Sloan","description":"Annie Sloan Satin Paint in Cotswold Green est un vert sauge vraiment magnifique. Achetez Cotswold Green d\u00e8s maintenant.","robots":{"index":"index","follow":"follow","max-snippet":"max-snippet:-1","max-image-preview":"max-image-preview:large","max-video-preview":"max-video-preview:-1"},"canonical":"https:\/\/www.anniesloan.com\/fr\/produit\/satin-paint\/green-satin-paint\/cotswold-green-sp\/","og_locale":"fr_FR","og_type":"article","og_title":"Cotswold Green","og_description":"Annie Sloan Satin Paint in Cotswold Green est un vert sauge vraiment magnifique. Achetez Cotswold Green d\u00e8s maintenant.","og_url":"https:\/\/www.anniesloan.com\/fr\/produit\/satin-paint\/green-satin-paint\/cotswold-green-sp\/","og_site_name":"Annie Sloan FR","article_modified_time":"2026-03-23T08:55:34+00:00","og_image":[{"width":1224,"height":936,"url":"https:\/\/www.anniesloan.com\/fr\/wp-content\/uploads\/sites\/4\/2022\/03\/NEWRGB-72dpi-Cotswold-Green.jpg","type":"image\/jpeg"}],"twitter_card":"summary_large_image","twitter_misc":{"Price":"38.95&euro;","Availability":"In stock"},"schema":{"@context":"https:\/\/schema.org","@graph":[{"@type":"WebPage","@id":"https:\/\/www.anniesloan.com\/fr\/produit\/satin-paint\/green-satin-paint\/cotswold-green-sp\/","url":"https:\/\/www.anniesloan.com\/fr\/produit\/satin-paint\/green-satin-paint\/cotswold-green-sp\/","name":"Pastel Green Satin Paint | Cotswold Green | Annie Sloan","isPartOf":{"@id":"https:\/\/www.anniesloan.com\/fr\/#website"},"primaryImageOfPage":{"@id":"https:\/\/www.anniesloan.com\/fr\/produit\/satin-paint\/green-satin-paint\/cotswold-green-sp\/#primaryimage"},"image":{"@id":"https:\/\/www.anniesloan.com\/fr\/produit\/satin-paint\/green-satin-paint\/cotswold-green-sp\/#primaryimage"},"thumbnailUrl":"https:\/\/www.anniesloan.com\/fr\/wp-content\/uploads\/sites\/4\/2022\/03\/NEWRGB-72dpi-Cotswold-Green.jpg","datePublished":"2022-03-09T11:53:25+00:00","dateModified":"2026-03-23T08:55:34+00:00","description":"Annie Sloan Satin Paint in Cotswold Green est un vert sauge vraiment magnifique. Achetez Cotswold Green d\u00e8s maintenant.","breadcrumb":{"@id":"https:\/\/www.anniesloan.com\/fr\/produit\/satin-paint\/green-satin-paint\/cotswold-green-sp\/#breadcrumb"},"inLanguage":"fr-FR","potentialAction":[{"@type":"ReadAction","target":["https:\/\/www.anniesloan.com\/fr\/produit\/satin-paint\/green-satin-paint\/cotswold-green-sp\/"]}]},{"@type":"ImageObject","inLanguage":"fr-FR","@id":"https:\/\/www.anniesloan.com\/fr\/produit\/satin-paint\/green-satin-paint\/cotswold-green-sp\/#primaryimage","url":"https:\/\/www.anniesloan.com\/fr\/wp-content\/uploads\/sites\/4\/2022\/03\/NEWRGB-72dpi-Cotswold-Green.jpg","contentUrl":"https:\/\/www.anniesloan.com\/fr\/wp-content\/uploads\/sites\/4\/2022\/03\/NEWRGB-72dpi-Cotswold-Green.jpg","width":1224,"height":936,"caption":"Annie Sloan Paint Swatch in Cotswold Green"},{"@type":"BreadcrumbList","@id":"https:\/\/www.anniesloan.com\/fr\/produit\/satin-paint\/green-satin-paint\/cotswold-green-sp\/#breadcrumb","itemListElement":[{"@type":"ListItem","position":1,"name":"Produits","item":"https:\/\/www.anniesloan.com\/fr\/produits\/"},{"@type":"ListItem","position":2,"name":"La Peinture Satin\u00e9e","item":"https:\/\/www.anniesloan.com\/fr\/produits\/satin-paint\/"},{"@type":"ListItem","position":3,"name":"Green Satin Paint","item":"https:\/\/www.anniesloan.com\/fr\/produits\/satin-paint\/green-satin-paint\/"},{"@type":"ListItem","position":4,"name":"Cotswold Green"}]},{"@type":"WebSite","@id":"https:\/\/www.anniesloan.com\/fr\/#website","url":"https:\/\/www.anniesloan.com\/fr\/","name":"Annie Sloan FR","description":"Home of Chalk Paint","publisher":{"@id":"https:\/\/www.anniesloan.com\/fr\/#organization"},"potentialAction":[{"@type":"SearchAction","target":{"@type":"EntryPoint","urlTemplate":"https:\/\/www.anniesloan.com\/fr\/?s={search_term_string}"},"query-input":{"@type":"PropertyValueSpecification","valueRequired":true,"valueName":"search_term_string"}}],"inLanguage":"fr-FR"},{"@type":"Organization","@id":"https:\/\/www.anniesloan.com\/fr\/#organization","name":"Annie Sloan","url":"https:\/\/www.anniesloan.com\/fr\/","logo":{"@type":"ImageObject","inLanguage":"fr-FR","@id":"https:\/\/www.anniesloan.com\/fr\/#\/schema\/logo\/image\/","url":"https:\/\/www.anniesloan.com\/fr\/wp-content\/uploads\/sites\/4\/2021\/07\/anniesloan-logo.jpg","contentUrl":"https:\/\/www.anniesloan.com\/fr\/wp-content\/uploads\/sites\/4\/2021\/07\/anniesloan-logo.jpg","width":1200,"height":361,"caption":"Annie Sloan"},"image":{"@id":"https:\/\/www.anniesloan.com\/fr\/#\/schema\/logo\/image\/"}}]},"product_price_amount":"38.95","product_price_currency":"EUR","og_availability":"instock","product_availability":"instock","product_retailer_item_id":"SPCG001.0750.01","product_condition":"new"},"_links":{"self":[{"href":"https:\/\/www.anniesloan.com\/fr\/wp-json\/wp\/v2\/product\/37209","targetHints":{"allow":["GET"]}}],"collection":[{"href":"https:\/\/www.anniesloan.com\/fr\/wp-json\/wp\/v2\/product"}],"about":[{"href":"https:\/\/www.anniesloan.com\/fr\/wp-json\/wp\/v2\/types\/product"}],"wp:featuredmedia":[{"embeddable":true,"href":"https:\/\/www.anniesloan.com\/fr\/wp-json\/wp\/v2\/media\/37611"}],"wp:attachment":[{"href":"https:\/\/www.anniesloan.com\/fr\/wp-json\/wp\/v2\/media?parent=37209"}],"wp:term":[{"taxonomy":"product_brand","embeddable":true,"href":"https:\/\/www.anniesloan.com\/fr\/wp-json\/wp\/v2\/product_brand?post=37209"},{"taxonomy":"product_cat","embeddable":true,"href":"https:\/\/www.anniesloan.com\/fr\/wp-json\/wp\/v2\/product_cat?post=37209"},{"taxonomy":"product_tag","embeddable":true,"href":"https:\/\/www.anniesloan.com\/fr\/wp-json\/wp\/v2\/product_tag?post=37209"}],"curies":[{"name":"wp","href":"https:\/\/api.w.org\/{rel}","templated":true}]}}