{"id":37022,"date":"2022-03-02T11:17:30","date_gmt":"2022-03-02T10:17:30","guid":{"rendered":"https:\/\/www.anniesloan.com\/?post_type=product&#038;p=103706"},"modified":"2026-04-02T07:55:22","modified_gmt":"2026-04-02T05:55:22","slug":"the-colourist-numero-8","status":"publish","type":"product","link":"https:\/\/www.anniesloan.com\/fr\/produit\/livres\/the-colourist-numero-8\/","title":{"rendered":"The Colourist NUM\u00c9RO 8"},"content":{"rendered":"","protected":false},"excerpt":{"rendered":"<p>The Colourist est un bookazine original (plus imposant qu\u2019un magazine, plus petit qu\u2019un livre) enti\u00e8rement consacr\u00e9 \u00e0 la passion d\u2019Annie Sloan pour la couleur. Cette revue p\u00e9riodique \u00e0 conserver propose 132 pages soigneusement pr\u00e9sent\u00e9es, reli\u00e9es sous une couverture s\u00e9duisante.<\/p>\n<p>The Colourist, num\u00e9ro 8 est arriv\u00e9! Le Bookazine lifestyle d\u2019Annie Sloan c\u00e9l\u00e8bre la couleur, la cr\u00e9ativit\u00e9 et l\u2019inspiration.<\/p>\n<p>Explorez les mouvements autour du design, des maisons de c\u00e9l\u00e9brit\u00e9s (y compris le designer d\u2019h\u00f4tel Kit Kemp) et suivez Annie \u00e0 travers le monde. Il y en a pour tous les go\u00fbts, que ce soit les \u00e9tapes par \u00e9tapes ou le pochoir exclusif. Pour seulement 12,95 \u20ac RRP, vous tomberez \u00e0 nouveau amoureux de la Chalk Paint et de toutes les possibilit\u00e9s qu\u2019elle offre; et vous n\u2019aurez pas besoin de laver les pinceaux par la suite!<\/p>\n<p>Bonne lecture!<\/p>\n","protected":false},"featured_media":37059,"template":"","meta":{"_acf_changed":false,"_relevanssi_hide_post":"","_relevanssi_hide_content":"","_relevanssi_pin_for_all":"","_relevanssi_pin_keywords":"","_relevanssi_unpin_keywords":"","_relevanssi_related_keywords":"","_relevanssi_related_include_ids":"","_relevanssi_related_exclude_ids":"","_relevanssi_related_no_append":"","_relevanssi_related_not_related":"","_relevanssi_related_posts":"","_relevanssi_noindex_reason":""},"product_brand":[],"product_cat":[65,1171,66],"product_tag":[1040,1041,1039,1042,1043,1044],"class_list":{"0":"post-37022","1":"product","2":"type-product","3":"status-publish","4":"has-post-thumbnail","6":"product_cat-cadeaux-et-coffrets","7":"product_cat-cadeaux-a-moins-de-15-e","8":"product_cat-livres","9":"product_tag-bookazine","10":"product_tag-colourist","11":"product_tag-livres","12":"product_tag-magazine","13":"product_tag-report","14":"product_tag-the-colourist","16":"first","17":"instock","18":"taxable","19":"shipping-taxable","20":"purchasable","21":"product-type-simple"},"acf":[],"yoast_head":"<!-- This site is optimized with the Yoast SEO Premium plugin v26.5 (Yoast SEO v26.5) - https:\/\/yoast.com\/wordpress\/plugins\/seo\/ -->\n<title>The Colourist Num\u00e9ro 8 | Bookazine | Annie Sloan<\/title>\n<meta name=\"description\" content=\"Ce num\u00e9ro est la 8\u00e8me \u00e9dition de The Colourist, le livrazine consacr\u00e9 \u00e0 l\u2019inspiration d\u2019Annie.\" \/>\n<meta name=\"robots\" content=\"index, follow, max-snippet:-1, max-image-preview:large, max-video-preview:-1\" \/>\n<link rel=\"canonical\" href=\"https:\/\/www.anniesloan.com\/fr\/produit\/livres\/the-colourist-numero-8\/\" \/>\n<meta property=\"og:locale\" content=\"fr_FR\" \/>\n<meta property=\"og:type\" content=\"article\" \/>\n<meta property=\"og:title\" content=\"The Colourist NUM\u00c9RO 8\" \/>\n<meta property=\"og:description\" content=\"Ce num\u00e9ro est la 8\u00e8me \u00e9dition de The Colourist, le livrazine consacr\u00e9 \u00e0 l\u2019inspiration d\u2019Annie.\" \/>\n<meta property=\"og:url\" content=\"https:\/\/www.anniesloan.com\/fr\/produit\/livres\/the-colourist-numero-8\/\" \/>\n<meta property=\"og:site_name\" content=\"Annie Sloan FR\" \/>\n<meta property=\"article:modified_time\" content=\"2026-04-02T05:55:22+00:00\" \/>\n<meta property=\"og:image\" content=\"https:\/\/www.anniesloan.com\/fr\/wp-content\/uploads\/sites\/4\/2022\/03\/MicrosoftTeams-image-16.jpg\" \/>\n\t<meta property=\"og:image:width\" content=\"1280\" \/>\n\t<meta property=\"og:image:height\" content=\"1024\" \/>\n\t<meta property=\"og:image:type\" content=\"image\/jpeg\" \/>\n<meta name=\"twitter:card\" content=\"summary_large_image\" \/>\n<meta name=\"twitter:label1\" content=\"Price\" \/>\n\t<meta name=\"twitter:data1\" content=\"12.95&euro;\" \/>\n\t<meta name=\"twitter:label2\" content=\"Availability\" \/>\n\t<meta name=\"twitter:data2\" content=\"In stock\" \/>\n<script type=\"application\/ld+json\" class=\"yoast-schema-graph\">{\"@context\":\"https:\/\/schema.org\",\"@graph\":[{\"@type\":\"WebPage\",\"@id\":\"https:\/\/www.anniesloan.com\/fr\/produit\/livres\/the-colourist-numero-8\/\",\"url\":\"https:\/\/www.anniesloan.com\/fr\/produit\/livres\/the-colourist-numero-8\/\",\"name\":\"The Colourist Num\u00e9ro 8 | Bookazine | Annie Sloan\",\"isPartOf\":{\"@id\":\"https:\/\/www.anniesloan.com\/fr\/#website\"},\"primaryImageOfPage\":{\"@id\":\"https:\/\/www.anniesloan.com\/fr\/produit\/livres\/the-colourist-numero-8\/#primaryimage\"},\"image\":{\"@id\":\"https:\/\/www.anniesloan.com\/fr\/produit\/livres\/the-colourist-numero-8\/#primaryimage\"},\"thumbnailUrl\":\"https:\/\/www.anniesloan.com\/fr\/wp-content\/uploads\/sites\/4\/2022\/03\/MicrosoftTeams-image-16.jpg\",\"datePublished\":\"2022-03-02T10:17:30+00:00\",\"dateModified\":\"2026-04-02T05:55:22+00:00\",\"description\":\"Ce num\u00e9ro est la 8\u00e8me \u00e9dition de The Colourist, le livrazine consacr\u00e9 \u00e0 l\u2019inspiration d\u2019Annie.\",\"breadcrumb\":{\"@id\":\"https:\/\/www.anniesloan.com\/fr\/produit\/livres\/the-colourist-numero-8\/#breadcrumb\"},\"inLanguage\":\"fr-FR\",\"potentialAction\":[{\"@type\":\"ReadAction\",\"target\":[\"https:\/\/www.anniesloan.com\/fr\/produit\/livres\/the-colourist-numero-8\/\"]}]},{\"@type\":\"ImageObject\",\"inLanguage\":\"fr-FR\",\"@id\":\"https:\/\/www.anniesloan.com\/fr\/produit\/livres\/the-colourist-numero-8\/#primaryimage\",\"url\":\"https:\/\/www.anniesloan.com\/fr\/wp-content\/uploads\/sites\/4\/2022\/03\/MicrosoftTeams-image-16.jpg\",\"contentUrl\":\"https:\/\/www.anniesloan.com\/fr\/wp-content\/uploads\/sites\/4\/2022\/03\/MicrosoftTeams-image-16.jpg\",\"width\":1280,\"height\":1024,\"caption\":\"Front cover of Annie Sloan's Issue 8 of the Colourist\"},{\"@type\":\"BreadcrumbList\",\"@id\":\"https:\/\/www.anniesloan.com\/fr\/produit\/livres\/the-colourist-numero-8\/#breadcrumb\",\"itemListElement\":[{\"@type\":\"ListItem\",\"position\":1,\"name\":\"Produits\",\"item\":\"https:\/\/www.anniesloan.com\/fr\/produits\/\"},{\"@type\":\"ListItem\",\"position\":2,\"name\":\"Livres\",\"item\":\"https:\/\/www.anniesloan.com\/fr\/produits\/livres\/\"},{\"@type\":\"ListItem\",\"position\":3,\"name\":\"The Colourist NUM\u00c9RO 8\"}]},{\"@type\":\"WebSite\",\"@id\":\"https:\/\/www.anniesloan.com\/fr\/#website\",\"url\":\"https:\/\/www.anniesloan.com\/fr\/\",\"name\":\"Annie Sloan FR\",\"description\":\"Home of Chalk Paint\",\"publisher\":{\"@id\":\"https:\/\/www.anniesloan.com\/fr\/#organization\"},\"potentialAction\":[{\"@type\":\"SearchAction\",\"target\":{\"@type\":\"EntryPoint\",\"urlTemplate\":\"https:\/\/www.anniesloan.com\/fr\/?s={search_term_string}\"},\"query-input\":{\"@type\":\"PropertyValueSpecification\",\"valueRequired\":true,\"valueName\":\"search_term_string\"}}],\"inLanguage\":\"fr-FR\"},{\"@type\":\"Organization\",\"@id\":\"https:\/\/www.anniesloan.com\/fr\/#organization\",\"name\":\"Annie Sloan\",\"url\":\"https:\/\/www.anniesloan.com\/fr\/\",\"logo\":{\"@type\":\"ImageObject\",\"inLanguage\":\"fr-FR\",\"@id\":\"https:\/\/www.anniesloan.com\/fr\/#\/schema\/logo\/image\/\",\"url\":\"https:\/\/www.anniesloan.com\/fr\/wp-content\/uploads\/sites\/4\/2021\/07\/anniesloan-logo.jpg\",\"contentUrl\":\"https:\/\/www.anniesloan.com\/fr\/wp-content\/uploads\/sites\/4\/2021\/07\/anniesloan-logo.jpg\",\"width\":1200,\"height\":361,\"caption\":\"Annie Sloan\"},\"image\":{\"@id\":\"https:\/\/www.anniesloan.com\/fr\/#\/schema\/logo\/image\/\"}}]}<\/script>\n<meta property=\"product:price:amount\" content=\"12.95\" \/>\n<meta property=\"product:price:currency\" content=\"EUR\" \/>\n<meta property=\"og:availability\" content=\"instock\" \/>\n<meta property=\"product:availability\" content=\"instock\" \/>\n<meta property=\"product:retailer_item_id\" content=\"TCTB008.2101.09\" \/>\n<meta property=\"product:condition\" content=\"new\" \/>\n<!-- \/ Yoast SEO Premium plugin. -->","yoast_head_json":{"title":"The Colourist Num\u00e9ro 8 | Bookazine | Annie Sloan","description":"Ce num\u00e9ro est la 8\u00e8me \u00e9dition de The Colourist, le livrazine consacr\u00e9 \u00e0 l\u2019inspiration d\u2019Annie.","robots":{"index":"index","follow":"follow","max-snippet":"max-snippet:-1","max-image-preview":"max-image-preview:large","max-video-preview":"max-video-preview:-1"},"canonical":"https:\/\/www.anniesloan.com\/fr\/produit\/livres\/the-colourist-numero-8\/","og_locale":"fr_FR","og_type":"article","og_title":"The Colourist NUM\u00c9RO 8","og_description":"Ce num\u00e9ro est la 8\u00e8me \u00e9dition de The Colourist, le livrazine consacr\u00e9 \u00e0 l\u2019inspiration d\u2019Annie.","og_url":"https:\/\/www.anniesloan.com\/fr\/produit\/livres\/the-colourist-numero-8\/","og_site_name":"Annie Sloan FR","article_modified_time":"2026-04-02T05:55:22+00:00","og_image":[{"width":1280,"height":1024,"url":"https:\/\/www.anniesloan.com\/fr\/wp-content\/uploads\/sites\/4\/2022\/03\/MicrosoftTeams-image-16.jpg","type":"image\/jpeg"}],"twitter_card":"summary_large_image","twitter_misc":{"Price":"12.95&euro;","Availability":"In stock"},"schema":{"@context":"https:\/\/schema.org","@graph":[{"@type":"WebPage","@id":"https:\/\/www.anniesloan.com\/fr\/produit\/livres\/the-colourist-numero-8\/","url":"https:\/\/www.anniesloan.com\/fr\/produit\/livres\/the-colourist-numero-8\/","name":"The Colourist Num\u00e9ro 8 | Bookazine | Annie Sloan","isPartOf":{"@id":"https:\/\/www.anniesloan.com\/fr\/#website"},"primaryImageOfPage":{"@id":"https:\/\/www.anniesloan.com\/fr\/produit\/livres\/the-colourist-numero-8\/#primaryimage"},"image":{"@id":"https:\/\/www.anniesloan.com\/fr\/produit\/livres\/the-colourist-numero-8\/#primaryimage"},"thumbnailUrl":"https:\/\/www.anniesloan.com\/fr\/wp-content\/uploads\/sites\/4\/2022\/03\/MicrosoftTeams-image-16.jpg","datePublished":"2022-03-02T10:17:30+00:00","dateModified":"2026-04-02T05:55:22+00:00","description":"Ce num\u00e9ro est la 8\u00e8me \u00e9dition de The Colourist, le livrazine consacr\u00e9 \u00e0 l\u2019inspiration d\u2019Annie.","breadcrumb":{"@id":"https:\/\/www.anniesloan.com\/fr\/produit\/livres\/the-colourist-numero-8\/#breadcrumb"},"inLanguage":"fr-FR","potentialAction":[{"@type":"ReadAction","target":["https:\/\/www.anniesloan.com\/fr\/produit\/livres\/the-colourist-numero-8\/"]}]},{"@type":"ImageObject","inLanguage":"fr-FR","@id":"https:\/\/www.anniesloan.com\/fr\/produit\/livres\/the-colourist-numero-8\/#primaryimage","url":"https:\/\/www.anniesloan.com\/fr\/wp-content\/uploads\/sites\/4\/2022\/03\/MicrosoftTeams-image-16.jpg","contentUrl":"https:\/\/www.anniesloan.com\/fr\/wp-content\/uploads\/sites\/4\/2022\/03\/MicrosoftTeams-image-16.jpg","width":1280,"height":1024,"caption":"Front cover of Annie Sloan's Issue 8 of the Colourist"},{"@type":"BreadcrumbList","@id":"https:\/\/www.anniesloan.com\/fr\/produit\/livres\/the-colourist-numero-8\/#breadcrumb","itemListElement":[{"@type":"ListItem","position":1,"name":"Produits","item":"https:\/\/www.anniesloan.com\/fr\/produits\/"},{"@type":"ListItem","position":2,"name":"Livres","item":"https:\/\/www.anniesloan.com\/fr\/produits\/livres\/"},{"@type":"ListItem","position":3,"name":"The Colourist NUM\u00c9RO 8"}]},{"@type":"WebSite","@id":"https:\/\/www.anniesloan.com\/fr\/#website","url":"https:\/\/www.anniesloan.com\/fr\/","name":"Annie Sloan FR","description":"Home of Chalk Paint","publisher":{"@id":"https:\/\/www.anniesloan.com\/fr\/#organization"},"potentialAction":[{"@type":"SearchAction","target":{"@type":"EntryPoint","urlTemplate":"https:\/\/www.anniesloan.com\/fr\/?s={search_term_string}"},"query-input":{"@type":"PropertyValueSpecification","valueRequired":true,"valueName":"search_term_string"}}],"inLanguage":"fr-FR"},{"@type":"Organization","@id":"https:\/\/www.anniesloan.com\/fr\/#organization","name":"Annie Sloan","url":"https:\/\/www.anniesloan.com\/fr\/","logo":{"@type":"ImageObject","inLanguage":"fr-FR","@id":"https:\/\/www.anniesloan.com\/fr\/#\/schema\/logo\/image\/","url":"https:\/\/www.anniesloan.com\/fr\/wp-content\/uploads\/sites\/4\/2021\/07\/anniesloan-logo.jpg","contentUrl":"https:\/\/www.anniesloan.com\/fr\/wp-content\/uploads\/sites\/4\/2021\/07\/anniesloan-logo.jpg","width":1200,"height":361,"caption":"Annie Sloan"},"image":{"@id":"https:\/\/www.anniesloan.com\/fr\/#\/schema\/logo\/image\/"}}]},"product_price_amount":"12.95","product_price_currency":"EUR","og_availability":"instock","product_availability":"instock","product_retailer_item_id":"TCTB008.2101.09","product_condition":"new"},"_links":{"self":[{"href":"https:\/\/www.anniesloan.com\/fr\/wp-json\/wp\/v2\/product\/37022","targetHints":{"allow":["GET"]}}],"collection":[{"href":"https:\/\/www.anniesloan.com\/fr\/wp-json\/wp\/v2\/product"}],"about":[{"href":"https:\/\/www.anniesloan.com\/fr\/wp-json\/wp\/v2\/types\/product"}],"wp:featuredmedia":[{"embeddable":true,"href":"https:\/\/www.anniesloan.com\/fr\/wp-json\/wp\/v2\/media\/37059"}],"wp:attachment":[{"href":"https:\/\/www.anniesloan.com\/fr\/wp-json\/wp\/v2\/media?parent=37022"}],"wp:term":[{"taxonomy":"product_brand","embeddable":true,"href":"https:\/\/www.anniesloan.com\/fr\/wp-json\/wp\/v2\/product_brand?post=37022"},{"taxonomy":"product_cat","embeddable":true,"href":"https:\/\/www.anniesloan.com\/fr\/wp-json\/wp\/v2\/product_cat?post=37022"},{"taxonomy":"product_tag","embeddable":true,"href":"https:\/\/www.anniesloan.com\/fr\/wp-json\/wp\/v2\/product_tag?post=37022"}],"curies":[{"name":"wp","href":"https:\/\/api.w.org\/{rel}","templated":true}]}}