{"id":35745,"date":"2021-09-22T10:01:26","date_gmt":"2021-09-22T09:01:26","guid":{"rendered":"https:\/\/www.anniesloan.com\/?post_type=product&#038;p=90613"},"modified":"2026-04-13T09:56:04","modified_gmt":"2026-04-13T07:56:04","slug":"piranesi-pink","status":"publish","type":"product","link":"https:\/\/www.anniesloan.com\/fr\/produit\/peinture-murale\/piranesi-pink\/","title":{"rendered":"Piranesi Pink"},"content":{"rendered":"","protected":false},"excerpt":{"rendered":"<p data-pm-slice=\"1 1 []\">Piranesi Pink est un rose intemporel et toujours flatteur qui \u00e9voque le pl\u00e2tre frais. Cette couleur porte le nom de l\u2019illustre graveur et architecte italien Giovanni\u00a0Piranesi et refl\u00e8te \u00e0 la fois son amour pour l\u2019Antiquit\u00e9 et son admiration pour la ma\u00e7onnerie (Piranesi \u00e9tait le fils d\u2019un c\u00e9l\u00e8bre ma\u00eetre tailleur de pierre qui a grandement influenc\u00e9 son \u0153uvre).<\/p>\n","protected":false},"featured_media":37635,"template":"","meta":{"_acf_changed":false,"_relevanssi_hide_post":"","_relevanssi_hide_content":"","_relevanssi_pin_for_all":"","_relevanssi_pin_keywords":"","_relevanssi_unpin_keywords":"","_relevanssi_related_keywords":"","_relevanssi_related_include_ids":"","_relevanssi_related_exclude_ids":"","_relevanssi_related_no_append":"","_relevanssi_related_not_related":"","_relevanssi_related_posts":"","_relevanssi_noindex_reason":""},"product_brand":[],"product_cat":[39,1145],"product_tag":[],"class_list":{"0":"post-35745","1":"product","2":"type-product","3":"status-publish","4":"has-post-thumbnail","6":"product_cat-peinture-murale","7":"product_cat-les-rouges","8":"pa_colour-filter-rose","9":"pa_finish-peinture-murale","10":"pa_size-120-ml","11":"pa_size-2-5-litres","13":"first","14":"instock","15":"taxable","16":"shipping-taxable","17":"purchasable","18":"product-type-variable","19":"has-default-attributes"},"acf":[],"yoast_head":"<!-- This site is optimized with the Yoast SEO Premium plugin v26.5 (Yoast SEO v26.5) - https:\/\/yoast.com\/wordpress\/plugins\/seo\/ -->\n<title>Pink Wall Paint | Piranesi | Annie Sloan<\/title>\n<meta name=\"description\" content=\"Annie Sloan&#039;s Piranesi Pink is a dusty, peach-leaning pink wall paint. Suggestive of setting plaster, Piranesi Pink is timeless wall paint.\" \/>\n<meta name=\"robots\" content=\"index, follow, max-snippet:-1, max-image-preview:large, max-video-preview:-1\" \/>\n<link rel=\"canonical\" href=\"https:\/\/www.anniesloan.com\/fr\/produit\/peinture-murale\/piranesi-pink\/\" \/>\n<meta property=\"og:locale\" content=\"fr_FR\" \/>\n<meta property=\"og:type\" content=\"article\" \/>\n<meta property=\"og:title\" content=\"Piranesi Pink\" \/>\n<meta property=\"og:description\" content=\"Annie Sloan&#039;s Piranesi Pink is a dusty, peach-leaning pink wall paint. Suggestive of setting plaster, Piranesi Pink is timeless wall paint.\" \/>\n<meta property=\"og:url\" content=\"https:\/\/www.anniesloan.com\/fr\/produit\/peinture-murale\/piranesi-pink\/\" \/>\n<meta property=\"og:site_name\" content=\"Annie Sloan FR\" \/>\n<meta property=\"article:modified_time\" content=\"2026-04-13T07:56:04+00:00\" \/>\n<meta property=\"og:image\" content=\"https:\/\/www.anniesloan.com\/fr\/wp-content\/uploads\/sites\/4\/2021\/09\/NEWRGB-72dpi-Piranesi-Pink.jpg\" \/>\n\t<meta property=\"og:image:width\" content=\"1224\" \/>\n\t<meta property=\"og:image:height\" content=\"936\" \/>\n\t<meta property=\"og:image:type\" content=\"image\/jpeg\" \/>\n<meta name=\"twitter:card\" content=\"summary_large_image\" \/>\n<meta name=\"twitter:label1\" content=\"Availability\" \/>\n\t<meta name=\"twitter:data1\" content=\"In stock\" \/>\n<script type=\"application\/ld+json\" class=\"yoast-schema-graph\">{\"@context\":\"https:\/\/schema.org\",\"@graph\":[{\"@type\":\"WebPage\",\"@id\":\"https:\/\/www.anniesloan.com\/fr\/produit\/peinture-murale\/piranesi-pink\/\",\"url\":\"https:\/\/www.anniesloan.com\/fr\/produit\/peinture-murale\/piranesi-pink\/\",\"name\":\"Pink Wall Paint | Piranesi | Annie Sloan\",\"isPartOf\":{\"@id\":\"https:\/\/www.anniesloan.com\/fr\/#website\"},\"primaryImageOfPage\":{\"@id\":\"https:\/\/www.anniesloan.com\/fr\/produit\/peinture-murale\/piranesi-pink\/#primaryimage\"},\"image\":{\"@id\":\"https:\/\/www.anniesloan.com\/fr\/produit\/peinture-murale\/piranesi-pink\/#primaryimage\"},\"thumbnailUrl\":\"https:\/\/www.anniesloan.com\/fr\/wp-content\/uploads\/sites\/4\/2021\/09\/NEWRGB-72dpi-Piranesi-Pink.jpg\",\"datePublished\":\"2021-09-22T09:01:26+00:00\",\"dateModified\":\"2026-04-13T07:56:04+00:00\",\"description\":\"Annie Sloan's Piranesi Pink is a dusty, peach-leaning pink wall paint. Suggestive of setting plaster, Piranesi Pink is timeless wall paint.\",\"breadcrumb\":{\"@id\":\"https:\/\/www.anniesloan.com\/fr\/produit\/peinture-murale\/piranesi-pink\/#breadcrumb\"},\"inLanguage\":\"fr-FR\",\"potentialAction\":[{\"@type\":\"ReadAction\",\"target\":[\"https:\/\/www.anniesloan.com\/fr\/produit\/peinture-murale\/piranesi-pink\/\"]}]},{\"@type\":\"ImageObject\",\"inLanguage\":\"fr-FR\",\"@id\":\"https:\/\/www.anniesloan.com\/fr\/produit\/peinture-murale\/piranesi-pink\/#primaryimage\",\"url\":\"https:\/\/www.anniesloan.com\/fr\/wp-content\/uploads\/sites\/4\/2021\/09\/NEWRGB-72dpi-Piranesi-Pink.jpg\",\"contentUrl\":\"https:\/\/www.anniesloan.com\/fr\/wp-content\/uploads\/sites\/4\/2021\/09\/NEWRGB-72dpi-Piranesi-Pink.jpg\",\"width\":1224,\"height\":936,\"caption\":\"Annie Sloan Paint Swatch in Piranesi Pink\"},{\"@type\":\"BreadcrumbList\",\"@id\":\"https:\/\/www.anniesloan.com\/fr\/produit\/peinture-murale\/piranesi-pink\/#breadcrumb\",\"itemListElement\":[{\"@type\":\"ListItem\",\"position\":1,\"name\":\"Produits\",\"item\":\"https:\/\/www.anniesloan.com\/fr\/produits\/\"},{\"@type\":\"ListItem\",\"position\":2,\"name\":\"Peinture murale\",\"item\":\"https:\/\/www.anniesloan.com\/fr\/produits\/peinture-murale\/\"},{\"@type\":\"ListItem\",\"position\":3,\"name\":\"Piranesi Pink\"}]},{\"@type\":\"WebSite\",\"@id\":\"https:\/\/www.anniesloan.com\/fr\/#website\",\"url\":\"https:\/\/www.anniesloan.com\/fr\/\",\"name\":\"Annie Sloan FR\",\"description\":\"Home of Chalk Paint\",\"publisher\":{\"@id\":\"https:\/\/www.anniesloan.com\/fr\/#organization\"},\"potentialAction\":[{\"@type\":\"SearchAction\",\"target\":{\"@type\":\"EntryPoint\",\"urlTemplate\":\"https:\/\/www.anniesloan.com\/fr\/?s={search_term_string}\"},\"query-input\":{\"@type\":\"PropertyValueSpecification\",\"valueRequired\":true,\"valueName\":\"search_term_string\"}}],\"inLanguage\":\"fr-FR\"},{\"@type\":\"Organization\",\"@id\":\"https:\/\/www.anniesloan.com\/fr\/#organization\",\"name\":\"Annie Sloan\",\"url\":\"https:\/\/www.anniesloan.com\/fr\/\",\"logo\":{\"@type\":\"ImageObject\",\"inLanguage\":\"fr-FR\",\"@id\":\"https:\/\/www.anniesloan.com\/fr\/#\/schema\/logo\/image\/\",\"url\":\"https:\/\/www.anniesloan.com\/fr\/wp-content\/uploads\/sites\/4\/2021\/07\/anniesloan-logo.jpg\",\"contentUrl\":\"https:\/\/www.anniesloan.com\/fr\/wp-content\/uploads\/sites\/4\/2021\/07\/anniesloan-logo.jpg\",\"width\":1200,\"height\":361,\"caption\":\"Annie Sloan\"},\"image\":{\"@id\":\"https:\/\/www.anniesloan.com\/fr\/#\/schema\/logo\/image\/\"}}]}<\/script>\n<meta property=\"og:availability\" content=\"instock\" \/>\n<meta property=\"product:availability\" content=\"instock\" \/>\n<meta property=\"product:retailer_item_id\" content=\"Piranesi-Wall-Paint-NEW\" \/>\n<meta property=\"product:condition\" content=\"new\" \/>\n<!-- \/ Yoast SEO Premium plugin. -->","yoast_head_json":{"title":"Pink Wall Paint | Piranesi | Annie Sloan","description":"Annie Sloan's Piranesi Pink is a dusty, peach-leaning pink wall paint. Suggestive of setting plaster, Piranesi Pink is timeless wall paint.","robots":{"index":"index","follow":"follow","max-snippet":"max-snippet:-1","max-image-preview":"max-image-preview:large","max-video-preview":"max-video-preview:-1"},"canonical":"https:\/\/www.anniesloan.com\/fr\/produit\/peinture-murale\/piranesi-pink\/","og_locale":"fr_FR","og_type":"article","og_title":"Piranesi Pink","og_description":"Annie Sloan's Piranesi Pink is a dusty, peach-leaning pink wall paint. Suggestive of setting plaster, Piranesi Pink is timeless wall paint.","og_url":"https:\/\/www.anniesloan.com\/fr\/produit\/peinture-murale\/piranesi-pink\/","og_site_name":"Annie Sloan FR","article_modified_time":"2026-04-13T07:56:04+00:00","og_image":[{"width":1224,"height":936,"url":"https:\/\/www.anniesloan.com\/fr\/wp-content\/uploads\/sites\/4\/2021\/09\/NEWRGB-72dpi-Piranesi-Pink.jpg","type":"image\/jpeg"}],"twitter_card":"summary_large_image","twitter_misc":{"Availability":"In stock"},"schema":{"@context":"https:\/\/schema.org","@graph":[{"@type":"WebPage","@id":"https:\/\/www.anniesloan.com\/fr\/produit\/peinture-murale\/piranesi-pink\/","url":"https:\/\/www.anniesloan.com\/fr\/produit\/peinture-murale\/piranesi-pink\/","name":"Pink Wall Paint | Piranesi | Annie Sloan","isPartOf":{"@id":"https:\/\/www.anniesloan.com\/fr\/#website"},"primaryImageOfPage":{"@id":"https:\/\/www.anniesloan.com\/fr\/produit\/peinture-murale\/piranesi-pink\/#primaryimage"},"image":{"@id":"https:\/\/www.anniesloan.com\/fr\/produit\/peinture-murale\/piranesi-pink\/#primaryimage"},"thumbnailUrl":"https:\/\/www.anniesloan.com\/fr\/wp-content\/uploads\/sites\/4\/2021\/09\/NEWRGB-72dpi-Piranesi-Pink.jpg","datePublished":"2021-09-22T09:01:26+00:00","dateModified":"2026-04-13T07:56:04+00:00","description":"Annie Sloan's Piranesi Pink is a dusty, peach-leaning pink wall paint. Suggestive of setting plaster, Piranesi Pink is timeless wall paint.","breadcrumb":{"@id":"https:\/\/www.anniesloan.com\/fr\/produit\/peinture-murale\/piranesi-pink\/#breadcrumb"},"inLanguage":"fr-FR","potentialAction":[{"@type":"ReadAction","target":["https:\/\/www.anniesloan.com\/fr\/produit\/peinture-murale\/piranesi-pink\/"]}]},{"@type":"ImageObject","inLanguage":"fr-FR","@id":"https:\/\/www.anniesloan.com\/fr\/produit\/peinture-murale\/piranesi-pink\/#primaryimage","url":"https:\/\/www.anniesloan.com\/fr\/wp-content\/uploads\/sites\/4\/2021\/09\/NEWRGB-72dpi-Piranesi-Pink.jpg","contentUrl":"https:\/\/www.anniesloan.com\/fr\/wp-content\/uploads\/sites\/4\/2021\/09\/NEWRGB-72dpi-Piranesi-Pink.jpg","width":1224,"height":936,"caption":"Annie Sloan Paint Swatch in Piranesi Pink"},{"@type":"BreadcrumbList","@id":"https:\/\/www.anniesloan.com\/fr\/produit\/peinture-murale\/piranesi-pink\/#breadcrumb","itemListElement":[{"@type":"ListItem","position":1,"name":"Produits","item":"https:\/\/www.anniesloan.com\/fr\/produits\/"},{"@type":"ListItem","position":2,"name":"Peinture murale","item":"https:\/\/www.anniesloan.com\/fr\/produits\/peinture-murale\/"},{"@type":"ListItem","position":3,"name":"Piranesi Pink"}]},{"@type":"WebSite","@id":"https:\/\/www.anniesloan.com\/fr\/#website","url":"https:\/\/www.anniesloan.com\/fr\/","name":"Annie Sloan FR","description":"Home of Chalk Paint","publisher":{"@id":"https:\/\/www.anniesloan.com\/fr\/#organization"},"potentialAction":[{"@type":"SearchAction","target":{"@type":"EntryPoint","urlTemplate":"https:\/\/www.anniesloan.com\/fr\/?s={search_term_string}"},"query-input":{"@type":"PropertyValueSpecification","valueRequired":true,"valueName":"search_term_string"}}],"inLanguage":"fr-FR"},{"@type":"Organization","@id":"https:\/\/www.anniesloan.com\/fr\/#organization","name":"Annie Sloan","url":"https:\/\/www.anniesloan.com\/fr\/","logo":{"@type":"ImageObject","inLanguage":"fr-FR","@id":"https:\/\/www.anniesloan.com\/fr\/#\/schema\/logo\/image\/","url":"https:\/\/www.anniesloan.com\/fr\/wp-content\/uploads\/sites\/4\/2021\/07\/anniesloan-logo.jpg","contentUrl":"https:\/\/www.anniesloan.com\/fr\/wp-content\/uploads\/sites\/4\/2021\/07\/anniesloan-logo.jpg","width":1200,"height":361,"caption":"Annie Sloan"},"image":{"@id":"https:\/\/www.anniesloan.com\/fr\/#\/schema\/logo\/image\/"}}]},"og_availability":"instock","product_availability":"instock","product_retailer_item_id":"Piranesi-Wall-Paint-NEW","product_condition":"new"},"_links":{"self":[{"href":"https:\/\/www.anniesloan.com\/fr\/wp-json\/wp\/v2\/product\/35745","targetHints":{"allow":["GET"]}}],"collection":[{"href":"https:\/\/www.anniesloan.com\/fr\/wp-json\/wp\/v2\/product"}],"about":[{"href":"https:\/\/www.anniesloan.com\/fr\/wp-json\/wp\/v2\/types\/product"}],"wp:featuredmedia":[{"embeddable":true,"href":"https:\/\/www.anniesloan.com\/fr\/wp-json\/wp\/v2\/media\/37635"}],"wp:attachment":[{"href":"https:\/\/www.anniesloan.com\/fr\/wp-json\/wp\/v2\/media?parent=35745"}],"wp:term":[{"taxonomy":"product_brand","embeddable":true,"href":"https:\/\/www.anniesloan.com\/fr\/wp-json\/wp\/v2\/product_brand?post=35745"},{"taxonomy":"product_cat","embeddable":true,"href":"https:\/\/www.anniesloan.com\/fr\/wp-json\/wp\/v2\/product_cat?post=35745"},{"taxonomy":"product_tag","embeddable":true,"href":"https:\/\/www.anniesloan.com\/fr\/wp-json\/wp\/v2\/product_tag?post=35745"}],"curies":[{"name":"wp","href":"https:\/\/api.w.org\/{rel}","templated":true}]}}