{"id":35700,"date":"2021-09-23T12:22:14","date_gmt":"2021-09-23T11:22:14","guid":{"rendered":"https:\/\/www.anniesloan.com\/?post_type=product&#038;p=90723"},"modified":"2026-04-30T17:55:26","modified_gmt":"2026-04-30T15:55:26","slug":"oxford-navy-wp","status":"publish","type":"product","link":"https:\/\/www.anniesloan.com\/fr\/produit\/peinture-murale\/oxford-navy-wp\/","title":{"rendered":"Oxford Navy"},"content":{"rendered":"","protected":false},"excerpt":{"rendered":"<p>Un bleu marine riche classique qui donne \u00e0 une pi\u00e8ce, petite ou grande, une ambiance intense et chaleureuse. Ce bleu profond s\u2019inspire du pigment Indigo Blue d\u2019Inde, import\u00e9 pour la premi\u00e8re fois en Europe au dix-septi\u00e8me si\u00e8cle.<\/p>\n","protected":false},"featured_media":37619,"template":"","meta":{"_acf_changed":false,"_relevanssi_hide_post":"","_relevanssi_hide_content":"","_relevanssi_pin_for_all":"","_relevanssi_pin_keywords":"","_relevanssi_unpin_keywords":"","_relevanssi_related_keywords":"","_relevanssi_related_include_ids":"","_relevanssi_related_exclude_ids":"","_relevanssi_related_no_append":"","_relevanssi_related_not_related":"","_relevanssi_related_posts":"","_relevanssi_noindex_reason":""},"product_brand":[],"product_cat":[39,1147],"product_tag":[],"class_list":{"0":"post-35700","1":"product","2":"type-product","3":"status-publish","4":"has-post-thumbnail","6":"product_cat-peinture-murale","7":"product_cat-les-bleus","8":"pa_colour-filter-bleu","9":"pa_finish-peinture-murale","10":"pa_size-120-ml","11":"pa_size-2-5-litres","13":"first","14":"instock","15":"taxable","16":"shipping-taxable","17":"purchasable","18":"product-type-variable","19":"has-default-attributes"},"acf":[],"yoast_head":"<!-- This site is optimized with the Yoast SEO Premium plugin v26.5 (Yoast SEO v26.5) - https:\/\/yoast.com\/wordpress\/plugins\/seo\/ -->\n<title>Navy Blue Wall Paint | Oxford Navy | Annie Sloan<\/title>\n<meta name=\"description\" content=\"Annie Sloan&#039;s Oxford Navy wall paint is a strong, traditional navy blue that creates a deep, dramatic and warm atmosphere in any room.\" \/>\n<meta name=\"robots\" content=\"index, follow, max-snippet:-1, max-image-preview:large, max-video-preview:-1\" \/>\n<link rel=\"canonical\" href=\"https:\/\/www.anniesloan.com\/fr\/produit\/peinture-murale\/oxford-navy-wp\/\" \/>\n<meta property=\"og:locale\" content=\"fr_FR\" \/>\n<meta property=\"og:type\" content=\"article\" \/>\n<meta property=\"og:title\" content=\"Oxford Navy\" \/>\n<meta property=\"og:description\" content=\"Annie Sloan&#039;s Oxford Navy wall paint is a strong, traditional navy blue that creates a deep, dramatic and warm atmosphere in any room.\" \/>\n<meta property=\"og:url\" content=\"https:\/\/www.anniesloan.com\/fr\/produit\/peinture-murale\/oxford-navy-wp\/\" \/>\n<meta property=\"og:site_name\" content=\"Annie Sloan FR\" \/>\n<meta property=\"article:modified_time\" content=\"2026-04-30T15:55:26+00:00\" \/>\n<meta property=\"og:image\" content=\"https:\/\/www.anniesloan.com\/fr\/wp-content\/uploads\/sites\/4\/2022\/03\/NEWRGB-72dpi-Oxford-Navy.jpg\" \/>\n\t<meta property=\"og:image:width\" content=\"1224\" \/>\n\t<meta property=\"og:image:height\" content=\"936\" \/>\n\t<meta property=\"og:image:type\" content=\"image\/jpeg\" \/>\n<meta name=\"twitter:card\" content=\"summary_large_image\" \/>\n<meta name=\"twitter:label1\" content=\"Availability\" \/>\n\t<meta name=\"twitter:data1\" content=\"In stock\" \/>\n<script type=\"application\/ld+json\" class=\"yoast-schema-graph\">{\"@context\":\"https:\/\/schema.org\",\"@graph\":[{\"@type\":\"WebPage\",\"@id\":\"https:\/\/www.anniesloan.com\/fr\/produit\/peinture-murale\/oxford-navy-wp\/\",\"url\":\"https:\/\/www.anniesloan.com\/fr\/produit\/peinture-murale\/oxford-navy-wp\/\",\"name\":\"Navy Blue Wall Paint | Oxford Navy | Annie Sloan\",\"isPartOf\":{\"@id\":\"https:\/\/www.anniesloan.com\/fr\/#website\"},\"primaryImageOfPage\":{\"@id\":\"https:\/\/www.anniesloan.com\/fr\/produit\/peinture-murale\/oxford-navy-wp\/#primaryimage\"},\"image\":{\"@id\":\"https:\/\/www.anniesloan.com\/fr\/produit\/peinture-murale\/oxford-navy-wp\/#primaryimage\"},\"thumbnailUrl\":\"https:\/\/www.anniesloan.com\/fr\/wp-content\/uploads\/sites\/4\/2022\/03\/NEWRGB-72dpi-Oxford-Navy.jpg\",\"datePublished\":\"2021-09-23T11:22:14+00:00\",\"dateModified\":\"2026-04-30T15:55:26+00:00\",\"description\":\"Annie Sloan's Oxford Navy wall paint is a strong, traditional navy blue that creates a deep, dramatic and warm atmosphere in any room.\",\"breadcrumb\":{\"@id\":\"https:\/\/www.anniesloan.com\/fr\/produit\/peinture-murale\/oxford-navy-wp\/#breadcrumb\"},\"inLanguage\":\"fr-FR\",\"potentialAction\":[{\"@type\":\"ReadAction\",\"target\":[\"https:\/\/www.anniesloan.com\/fr\/produit\/peinture-murale\/oxford-navy-wp\/\"]}]},{\"@type\":\"ImageObject\",\"inLanguage\":\"fr-FR\",\"@id\":\"https:\/\/www.anniesloan.com\/fr\/produit\/peinture-murale\/oxford-navy-wp\/#primaryimage\",\"url\":\"https:\/\/www.anniesloan.com\/fr\/wp-content\/uploads\/sites\/4\/2022\/03\/NEWRGB-72dpi-Oxford-Navy.jpg\",\"contentUrl\":\"https:\/\/www.anniesloan.com\/fr\/wp-content\/uploads\/sites\/4\/2022\/03\/NEWRGB-72dpi-Oxford-Navy.jpg\",\"width\":1224,\"height\":936,\"caption\":\"Annie Sloan Paint Swatch in Oxford Navy\"},{\"@type\":\"BreadcrumbList\",\"@id\":\"https:\/\/www.anniesloan.com\/fr\/produit\/peinture-murale\/oxford-navy-wp\/#breadcrumb\",\"itemListElement\":[{\"@type\":\"ListItem\",\"position\":1,\"name\":\"Produits\",\"item\":\"https:\/\/www.anniesloan.com\/fr\/produits\/\"},{\"@type\":\"ListItem\",\"position\":2,\"name\":\"Peinture murale\",\"item\":\"https:\/\/www.anniesloan.com\/fr\/produits\/peinture-murale\/\"},{\"@type\":\"ListItem\",\"position\":3,\"name\":\"Oxford Navy\"}]},{\"@type\":\"WebSite\",\"@id\":\"https:\/\/www.anniesloan.com\/fr\/#website\",\"url\":\"https:\/\/www.anniesloan.com\/fr\/\",\"name\":\"Annie Sloan FR\",\"description\":\"Home of Chalk Paint\",\"publisher\":{\"@id\":\"https:\/\/www.anniesloan.com\/fr\/#organization\"},\"potentialAction\":[{\"@type\":\"SearchAction\",\"target\":{\"@type\":\"EntryPoint\",\"urlTemplate\":\"https:\/\/www.anniesloan.com\/fr\/?s={search_term_string}\"},\"query-input\":{\"@type\":\"PropertyValueSpecification\",\"valueRequired\":true,\"valueName\":\"search_term_string\"}}],\"inLanguage\":\"fr-FR\"},{\"@type\":\"Organization\",\"@id\":\"https:\/\/www.anniesloan.com\/fr\/#organization\",\"name\":\"Annie Sloan\",\"url\":\"https:\/\/www.anniesloan.com\/fr\/\",\"logo\":{\"@type\":\"ImageObject\",\"inLanguage\":\"fr-FR\",\"@id\":\"https:\/\/www.anniesloan.com\/fr\/#\/schema\/logo\/image\/\",\"url\":\"https:\/\/www.anniesloan.com\/fr\/wp-content\/uploads\/sites\/4\/2021\/07\/anniesloan-logo.jpg\",\"contentUrl\":\"https:\/\/www.anniesloan.com\/fr\/wp-content\/uploads\/sites\/4\/2021\/07\/anniesloan-logo.jpg\",\"width\":1200,\"height\":361,\"caption\":\"Annie Sloan\"},\"image\":{\"@id\":\"https:\/\/www.anniesloan.com\/fr\/#\/schema\/logo\/image\/\"}}]}<\/script>\n<meta property=\"og:availability\" content=\"instock\" \/>\n<meta property=\"product:availability\" content=\"instock\" \/>\n<meta property=\"product:retailer_item_id\" content=\"Oxford-Navy-Wall-Paint-NEW\" \/>\n<meta property=\"product:condition\" content=\"new\" \/>\n<!-- \/ Yoast SEO Premium plugin. -->","yoast_head_json":{"title":"Navy Blue Wall Paint | Oxford Navy | Annie Sloan","description":"Annie Sloan's Oxford Navy wall paint is a strong, traditional navy blue that creates a deep, dramatic and warm atmosphere in any room.","robots":{"index":"index","follow":"follow","max-snippet":"max-snippet:-1","max-image-preview":"max-image-preview:large","max-video-preview":"max-video-preview:-1"},"canonical":"https:\/\/www.anniesloan.com\/fr\/produit\/peinture-murale\/oxford-navy-wp\/","og_locale":"fr_FR","og_type":"article","og_title":"Oxford Navy","og_description":"Annie Sloan's Oxford Navy wall paint is a strong, traditional navy blue that creates a deep, dramatic and warm atmosphere in any room.","og_url":"https:\/\/www.anniesloan.com\/fr\/produit\/peinture-murale\/oxford-navy-wp\/","og_site_name":"Annie Sloan FR","article_modified_time":"2026-04-30T15:55:26+00:00","og_image":[{"width":1224,"height":936,"url":"https:\/\/www.anniesloan.com\/fr\/wp-content\/uploads\/sites\/4\/2022\/03\/NEWRGB-72dpi-Oxford-Navy.jpg","type":"image\/jpeg"}],"twitter_card":"summary_large_image","twitter_misc":{"Availability":"In stock"},"schema":{"@context":"https:\/\/schema.org","@graph":[{"@type":"WebPage","@id":"https:\/\/www.anniesloan.com\/fr\/produit\/peinture-murale\/oxford-navy-wp\/","url":"https:\/\/www.anniesloan.com\/fr\/produit\/peinture-murale\/oxford-navy-wp\/","name":"Navy Blue Wall Paint | Oxford Navy | Annie Sloan","isPartOf":{"@id":"https:\/\/www.anniesloan.com\/fr\/#website"},"primaryImageOfPage":{"@id":"https:\/\/www.anniesloan.com\/fr\/produit\/peinture-murale\/oxford-navy-wp\/#primaryimage"},"image":{"@id":"https:\/\/www.anniesloan.com\/fr\/produit\/peinture-murale\/oxford-navy-wp\/#primaryimage"},"thumbnailUrl":"https:\/\/www.anniesloan.com\/fr\/wp-content\/uploads\/sites\/4\/2022\/03\/NEWRGB-72dpi-Oxford-Navy.jpg","datePublished":"2021-09-23T11:22:14+00:00","dateModified":"2026-04-30T15:55:26+00:00","description":"Annie Sloan's Oxford Navy wall paint is a strong, traditional navy blue that creates a deep, dramatic and warm atmosphere in any room.","breadcrumb":{"@id":"https:\/\/www.anniesloan.com\/fr\/produit\/peinture-murale\/oxford-navy-wp\/#breadcrumb"},"inLanguage":"fr-FR","potentialAction":[{"@type":"ReadAction","target":["https:\/\/www.anniesloan.com\/fr\/produit\/peinture-murale\/oxford-navy-wp\/"]}]},{"@type":"ImageObject","inLanguage":"fr-FR","@id":"https:\/\/www.anniesloan.com\/fr\/produit\/peinture-murale\/oxford-navy-wp\/#primaryimage","url":"https:\/\/www.anniesloan.com\/fr\/wp-content\/uploads\/sites\/4\/2022\/03\/NEWRGB-72dpi-Oxford-Navy.jpg","contentUrl":"https:\/\/www.anniesloan.com\/fr\/wp-content\/uploads\/sites\/4\/2022\/03\/NEWRGB-72dpi-Oxford-Navy.jpg","width":1224,"height":936,"caption":"Annie Sloan Paint Swatch in Oxford Navy"},{"@type":"BreadcrumbList","@id":"https:\/\/www.anniesloan.com\/fr\/produit\/peinture-murale\/oxford-navy-wp\/#breadcrumb","itemListElement":[{"@type":"ListItem","position":1,"name":"Produits","item":"https:\/\/www.anniesloan.com\/fr\/produits\/"},{"@type":"ListItem","position":2,"name":"Peinture murale","item":"https:\/\/www.anniesloan.com\/fr\/produits\/peinture-murale\/"},{"@type":"ListItem","position":3,"name":"Oxford Navy"}]},{"@type":"WebSite","@id":"https:\/\/www.anniesloan.com\/fr\/#website","url":"https:\/\/www.anniesloan.com\/fr\/","name":"Annie Sloan FR","description":"Home of Chalk Paint","publisher":{"@id":"https:\/\/www.anniesloan.com\/fr\/#organization"},"potentialAction":[{"@type":"SearchAction","target":{"@type":"EntryPoint","urlTemplate":"https:\/\/www.anniesloan.com\/fr\/?s={search_term_string}"},"query-input":{"@type":"PropertyValueSpecification","valueRequired":true,"valueName":"search_term_string"}}],"inLanguage":"fr-FR"},{"@type":"Organization","@id":"https:\/\/www.anniesloan.com\/fr\/#organization","name":"Annie Sloan","url":"https:\/\/www.anniesloan.com\/fr\/","logo":{"@type":"ImageObject","inLanguage":"fr-FR","@id":"https:\/\/www.anniesloan.com\/fr\/#\/schema\/logo\/image\/","url":"https:\/\/www.anniesloan.com\/fr\/wp-content\/uploads\/sites\/4\/2021\/07\/anniesloan-logo.jpg","contentUrl":"https:\/\/www.anniesloan.com\/fr\/wp-content\/uploads\/sites\/4\/2021\/07\/anniesloan-logo.jpg","width":1200,"height":361,"caption":"Annie Sloan"},"image":{"@id":"https:\/\/www.anniesloan.com\/fr\/#\/schema\/logo\/image\/"}}]},"og_availability":"instock","product_availability":"instock","product_retailer_item_id":"Oxford-Navy-Wall-Paint-NEW","product_condition":"new"},"_links":{"self":[{"href":"https:\/\/www.anniesloan.com\/fr\/wp-json\/wp\/v2\/product\/35700","targetHints":{"allow":["GET"]}}],"collection":[{"href":"https:\/\/www.anniesloan.com\/fr\/wp-json\/wp\/v2\/product"}],"about":[{"href":"https:\/\/www.anniesloan.com\/fr\/wp-json\/wp\/v2\/types\/product"}],"wp:featuredmedia":[{"embeddable":true,"href":"https:\/\/www.anniesloan.com\/fr\/wp-json\/wp\/v2\/media\/37619"}],"wp:attachment":[{"href":"https:\/\/www.anniesloan.com\/fr\/wp-json\/wp\/v2\/media?parent=35700"}],"wp:term":[{"taxonomy":"product_brand","embeddable":true,"href":"https:\/\/www.anniesloan.com\/fr\/wp-json\/wp\/v2\/product_brand?post=35700"},{"taxonomy":"product_cat","embeddable":true,"href":"https:\/\/www.anniesloan.com\/fr\/wp-json\/wp\/v2\/product_cat?post=35700"},{"taxonomy":"product_tag","embeddable":true,"href":"https:\/\/www.anniesloan.com\/fr\/wp-json\/wp\/v2\/product_tag?post=35700"}],"curies":[{"name":"wp","href":"https:\/\/api.w.org\/{rel}","templated":true}]}}