{"id":35659,"date":"2021-09-20T16:45:45","date_gmt":"2021-09-20T15:45:45","guid":{"rendered":"https:\/\/www.anniesloan.com\/?post_type=product&#038;p=90454"},"modified":"2026-03-11T10:56:46","modified_gmt":"2026-03-11T09:56:46","slug":"pemberley-blue","status":"publish","type":"product","link":"https:\/\/www.anniesloan.com\/fr\/produit\/peinture-murale\/pemberley-blue\/","title":{"rendered":"Pemberley Blue"},"content":{"rendered":"","protected":false},"excerpt":{"rendered":"<p>La couleur \u00ab\u00a0Pemberley Blue\u00a0\u00bb est une couleur \u00e9l\u00e9gante et sophistiqu\u00e9e. Il s\u2019agit d\u2019un bleu tr\u00e8s frais, l\u00e9g\u00e8rement teint\u00e9 de vert avec beaucoup de blanc. Cette nuance a toujours \u00e9t\u00e9 populaire, probablement parce qu\u2019elle est tr\u00e8s polyvalente. Cette couleur de peinture murale a \u00e9t\u00e9 nomm\u00e9e en l\u2019honneur de la propri\u00e9t\u00e9 fictive de M.\u00a0Darcy dans Orgueil et pr\u00e9jug\u00e9s (un clin d\u2019\u0153il \u00e0 la popularit\u00e9 de cette couleur dans les grands domaines seigneuriaux du d\u00e9but du XIX<sup>e<\/sup> si\u00e8cle).Cette teinte a \u00e9t\u00e9 d\u00e9velopp\u00e9e pour correspondre \u00e0 un m\u00e9lange de couleurs de Chalk Paint\u00ae en \u00ab\u00a0Duck Egg Blue\u00a0\u00bb et \u00ab\u00a0Old White\u00a0\u00bb.<\/p>\n","protected":false},"featured_media":37612,"template":"","meta":{"_acf_changed":false,"_relevanssi_hide_post":"","_relevanssi_hide_content":"","_relevanssi_pin_for_all":"","_relevanssi_pin_keywords":"","_relevanssi_unpin_keywords":"","_relevanssi_related_keywords":"","_relevanssi_related_include_ids":"","_relevanssi_related_exclude_ids":"","_relevanssi_related_no_append":"","_relevanssi_related_not_related":"","_relevanssi_related_posts":"","_relevanssi_noindex_reason":""},"product_brand":[],"product_cat":[39,1147],"product_tag":[],"class_list":{"0":"post-35659","1":"product","2":"type-product","3":"status-publish","4":"has-post-thumbnail","6":"product_cat-peinture-murale","7":"product_cat-les-bleus","8":"pa_colour-filter-bleu","9":"pa_finish-peinture-murale","10":"pa_size-120-ml","11":"pa_size-2-5-litres","13":"first","14":"instock","15":"taxable","16":"shipping-taxable","17":"purchasable","18":"product-type-variable","19":"has-default-attributes"},"acf":[],"yoast_head":"<!-- This site is optimized with the Yoast SEO Premium plugin v26.5 (Yoast SEO v26.5) - https:\/\/yoast.com\/wordpress\/plugins\/seo\/ -->\n<title>Light Blue Wall Paint | Pemberley Blue | Annie Sloan<\/title>\n<meta name=\"description\" content=\"Inspired by Mr Darcy\u2019s fictional estate in Pride and Prejudice, Pemberley Blue Wall Paint is a\u00a0cool, slightly green-tinted blue.\" \/>\n<meta name=\"robots\" content=\"index, follow, max-snippet:-1, max-image-preview:large, max-video-preview:-1\" \/>\n<link rel=\"canonical\" href=\"https:\/\/www.anniesloan.com\/fr\/produit\/peinture-murale\/pemberley-blue\/\" \/>\n<meta property=\"og:locale\" content=\"fr_FR\" \/>\n<meta property=\"og:type\" content=\"article\" \/>\n<meta property=\"og:title\" content=\"Pemberley Blue\" \/>\n<meta property=\"og:description\" content=\"Inspired by Mr Darcy\u2019s fictional estate in Pride and Prejudice, Pemberley Blue Wall Paint is a\u00a0cool, slightly green-tinted blue.\" \/>\n<meta property=\"og:url\" content=\"https:\/\/www.anniesloan.com\/fr\/produit\/peinture-murale\/pemberley-blue\/\" \/>\n<meta property=\"og:site_name\" content=\"Annie Sloan FR\" \/>\n<meta property=\"article:modified_time\" content=\"2026-03-11T09:56:46+00:00\" \/>\n<meta property=\"og:image\" content=\"https:\/\/www.anniesloan.com\/fr\/wp-content\/uploads\/sites\/4\/2022\/03\/NEWRGB-72dpi-Pemberly-blue.jpg\" \/>\n\t<meta property=\"og:image:width\" content=\"1224\" \/>\n\t<meta property=\"og:image:height\" content=\"936\" \/>\n\t<meta property=\"og:image:type\" content=\"image\/jpeg\" \/>\n<meta name=\"twitter:card\" content=\"summary_large_image\" \/>\n<meta name=\"twitter:label1\" content=\"Availability\" \/>\n\t<meta name=\"twitter:data1\" content=\"In stock\" \/>\n<script type=\"application\/ld+json\" class=\"yoast-schema-graph\">{\"@context\":\"https:\/\/schema.org\",\"@graph\":[{\"@type\":\"WebPage\",\"@id\":\"https:\/\/www.anniesloan.com\/fr\/produit\/peinture-murale\/pemberley-blue\/\",\"url\":\"https:\/\/www.anniesloan.com\/fr\/produit\/peinture-murale\/pemberley-blue\/\",\"name\":\"Light Blue Wall Paint | Pemberley Blue | Annie Sloan\",\"isPartOf\":{\"@id\":\"https:\/\/www.anniesloan.com\/fr\/#website\"},\"primaryImageOfPage\":{\"@id\":\"https:\/\/www.anniesloan.com\/fr\/produit\/peinture-murale\/pemberley-blue\/#primaryimage\"},\"image\":{\"@id\":\"https:\/\/www.anniesloan.com\/fr\/produit\/peinture-murale\/pemberley-blue\/#primaryimage\"},\"thumbnailUrl\":\"https:\/\/www.anniesloan.com\/fr\/wp-content\/uploads\/sites\/4\/2022\/03\/NEWRGB-72dpi-Pemberly-blue.jpg\",\"datePublished\":\"2021-09-20T15:45:45+00:00\",\"dateModified\":\"2026-03-11T09:56:46+00:00\",\"description\":\"Inspired by Mr Darcy\u2019s fictional estate in Pride and Prejudice, Pemberley Blue Wall Paint is a\u00a0cool, slightly green-tinted blue.\",\"breadcrumb\":{\"@id\":\"https:\/\/www.anniesloan.com\/fr\/produit\/peinture-murale\/pemberley-blue\/#breadcrumb\"},\"inLanguage\":\"fr-FR\",\"potentialAction\":[{\"@type\":\"ReadAction\",\"target\":[\"https:\/\/www.anniesloan.com\/fr\/produit\/peinture-murale\/pemberley-blue\/\"]}]},{\"@type\":\"ImageObject\",\"inLanguage\":\"fr-FR\",\"@id\":\"https:\/\/www.anniesloan.com\/fr\/produit\/peinture-murale\/pemberley-blue\/#primaryimage\",\"url\":\"https:\/\/www.anniesloan.com\/fr\/wp-content\/uploads\/sites\/4\/2022\/03\/NEWRGB-72dpi-Pemberly-blue.jpg\",\"contentUrl\":\"https:\/\/www.anniesloan.com\/fr\/wp-content\/uploads\/sites\/4\/2022\/03\/NEWRGB-72dpi-Pemberly-blue.jpg\",\"width\":1224,\"height\":936,\"caption\":\"Annie Sloan Paint Swatch in Pemberley Blue\"},{\"@type\":\"BreadcrumbList\",\"@id\":\"https:\/\/www.anniesloan.com\/fr\/produit\/peinture-murale\/pemberley-blue\/#breadcrumb\",\"itemListElement\":[{\"@type\":\"ListItem\",\"position\":1,\"name\":\"Produits\",\"item\":\"https:\/\/www.anniesloan.com\/fr\/produits\/\"},{\"@type\":\"ListItem\",\"position\":2,\"name\":\"Peinture murale\",\"item\":\"https:\/\/www.anniesloan.com\/fr\/produits\/peinture-murale\/\"},{\"@type\":\"ListItem\",\"position\":3,\"name\":\"Pemberley Blue\"}]},{\"@type\":\"WebSite\",\"@id\":\"https:\/\/www.anniesloan.com\/fr\/#website\",\"url\":\"https:\/\/www.anniesloan.com\/fr\/\",\"name\":\"Annie Sloan FR\",\"description\":\"Home of Chalk Paint\",\"publisher\":{\"@id\":\"https:\/\/www.anniesloan.com\/fr\/#organization\"},\"potentialAction\":[{\"@type\":\"SearchAction\",\"target\":{\"@type\":\"EntryPoint\",\"urlTemplate\":\"https:\/\/www.anniesloan.com\/fr\/?s={search_term_string}\"},\"query-input\":{\"@type\":\"PropertyValueSpecification\",\"valueRequired\":true,\"valueName\":\"search_term_string\"}}],\"inLanguage\":\"fr-FR\"},{\"@type\":\"Organization\",\"@id\":\"https:\/\/www.anniesloan.com\/fr\/#organization\",\"name\":\"Annie Sloan\",\"url\":\"https:\/\/www.anniesloan.com\/fr\/\",\"logo\":{\"@type\":\"ImageObject\",\"inLanguage\":\"fr-FR\",\"@id\":\"https:\/\/www.anniesloan.com\/fr\/#\/schema\/logo\/image\/\",\"url\":\"https:\/\/www.anniesloan.com\/fr\/wp-content\/uploads\/sites\/4\/2021\/07\/anniesloan-logo.jpg\",\"contentUrl\":\"https:\/\/www.anniesloan.com\/fr\/wp-content\/uploads\/sites\/4\/2021\/07\/anniesloan-logo.jpg\",\"width\":1200,\"height\":361,\"caption\":\"Annie Sloan\"},\"image\":{\"@id\":\"https:\/\/www.anniesloan.com\/fr\/#\/schema\/logo\/image\/\"}}]}<\/script>\n<meta property=\"og:availability\" content=\"instock\" \/>\n<meta property=\"product:availability\" content=\"instock\" \/>\n<meta property=\"product:retailer_item_id\" content=\"Pemberley-Blue-Wall-Paint-NEW\" \/>\n<meta property=\"product:condition\" content=\"new\" \/>\n<!-- \/ Yoast SEO Premium plugin. -->","yoast_head_json":{"title":"Light Blue Wall Paint | Pemberley Blue | Annie Sloan","description":"Inspired by Mr Darcy\u2019s fictional estate in Pride and Prejudice, Pemberley Blue Wall Paint is a\u00a0cool, slightly green-tinted blue.","robots":{"index":"index","follow":"follow","max-snippet":"max-snippet:-1","max-image-preview":"max-image-preview:large","max-video-preview":"max-video-preview:-1"},"canonical":"https:\/\/www.anniesloan.com\/fr\/produit\/peinture-murale\/pemberley-blue\/","og_locale":"fr_FR","og_type":"article","og_title":"Pemberley Blue","og_description":"Inspired by Mr Darcy\u2019s fictional estate in Pride and Prejudice, Pemberley Blue Wall Paint is a\u00a0cool, slightly green-tinted blue.","og_url":"https:\/\/www.anniesloan.com\/fr\/produit\/peinture-murale\/pemberley-blue\/","og_site_name":"Annie Sloan FR","article_modified_time":"2026-03-11T09:56:46+00:00","og_image":[{"width":1224,"height":936,"url":"https:\/\/www.anniesloan.com\/fr\/wp-content\/uploads\/sites\/4\/2022\/03\/NEWRGB-72dpi-Pemberly-blue.jpg","type":"image\/jpeg"}],"twitter_card":"summary_large_image","twitter_misc":{"Availability":"In stock"},"schema":{"@context":"https:\/\/schema.org","@graph":[{"@type":"WebPage","@id":"https:\/\/www.anniesloan.com\/fr\/produit\/peinture-murale\/pemberley-blue\/","url":"https:\/\/www.anniesloan.com\/fr\/produit\/peinture-murale\/pemberley-blue\/","name":"Light Blue Wall Paint | Pemberley Blue | Annie Sloan","isPartOf":{"@id":"https:\/\/www.anniesloan.com\/fr\/#website"},"primaryImageOfPage":{"@id":"https:\/\/www.anniesloan.com\/fr\/produit\/peinture-murale\/pemberley-blue\/#primaryimage"},"image":{"@id":"https:\/\/www.anniesloan.com\/fr\/produit\/peinture-murale\/pemberley-blue\/#primaryimage"},"thumbnailUrl":"https:\/\/www.anniesloan.com\/fr\/wp-content\/uploads\/sites\/4\/2022\/03\/NEWRGB-72dpi-Pemberly-blue.jpg","datePublished":"2021-09-20T15:45:45+00:00","dateModified":"2026-03-11T09:56:46+00:00","description":"Inspired by Mr Darcy\u2019s fictional estate in Pride and Prejudice, Pemberley Blue Wall Paint is a\u00a0cool, slightly green-tinted blue.","breadcrumb":{"@id":"https:\/\/www.anniesloan.com\/fr\/produit\/peinture-murale\/pemberley-blue\/#breadcrumb"},"inLanguage":"fr-FR","potentialAction":[{"@type":"ReadAction","target":["https:\/\/www.anniesloan.com\/fr\/produit\/peinture-murale\/pemberley-blue\/"]}]},{"@type":"ImageObject","inLanguage":"fr-FR","@id":"https:\/\/www.anniesloan.com\/fr\/produit\/peinture-murale\/pemberley-blue\/#primaryimage","url":"https:\/\/www.anniesloan.com\/fr\/wp-content\/uploads\/sites\/4\/2022\/03\/NEWRGB-72dpi-Pemberly-blue.jpg","contentUrl":"https:\/\/www.anniesloan.com\/fr\/wp-content\/uploads\/sites\/4\/2022\/03\/NEWRGB-72dpi-Pemberly-blue.jpg","width":1224,"height":936,"caption":"Annie Sloan Paint Swatch in Pemberley Blue"},{"@type":"BreadcrumbList","@id":"https:\/\/www.anniesloan.com\/fr\/produit\/peinture-murale\/pemberley-blue\/#breadcrumb","itemListElement":[{"@type":"ListItem","position":1,"name":"Produits","item":"https:\/\/www.anniesloan.com\/fr\/produits\/"},{"@type":"ListItem","position":2,"name":"Peinture murale","item":"https:\/\/www.anniesloan.com\/fr\/produits\/peinture-murale\/"},{"@type":"ListItem","position":3,"name":"Pemberley Blue"}]},{"@type":"WebSite","@id":"https:\/\/www.anniesloan.com\/fr\/#website","url":"https:\/\/www.anniesloan.com\/fr\/","name":"Annie Sloan FR","description":"Home of Chalk Paint","publisher":{"@id":"https:\/\/www.anniesloan.com\/fr\/#organization"},"potentialAction":[{"@type":"SearchAction","target":{"@type":"EntryPoint","urlTemplate":"https:\/\/www.anniesloan.com\/fr\/?s={search_term_string}"},"query-input":{"@type":"PropertyValueSpecification","valueRequired":true,"valueName":"search_term_string"}}],"inLanguage":"fr-FR"},{"@type":"Organization","@id":"https:\/\/www.anniesloan.com\/fr\/#organization","name":"Annie Sloan","url":"https:\/\/www.anniesloan.com\/fr\/","logo":{"@type":"ImageObject","inLanguage":"fr-FR","@id":"https:\/\/www.anniesloan.com\/fr\/#\/schema\/logo\/image\/","url":"https:\/\/www.anniesloan.com\/fr\/wp-content\/uploads\/sites\/4\/2021\/07\/anniesloan-logo.jpg","contentUrl":"https:\/\/www.anniesloan.com\/fr\/wp-content\/uploads\/sites\/4\/2021\/07\/anniesloan-logo.jpg","width":1200,"height":361,"caption":"Annie Sloan"},"image":{"@id":"https:\/\/www.anniesloan.com\/fr\/#\/schema\/logo\/image\/"}}]},"og_availability":"instock","product_availability":"instock","product_retailer_item_id":"Pemberley-Blue-Wall-Paint-NEW","product_condition":"new"},"_links":{"self":[{"href":"https:\/\/www.anniesloan.com\/fr\/wp-json\/wp\/v2\/product\/35659","targetHints":{"allow":["GET"]}}],"collection":[{"href":"https:\/\/www.anniesloan.com\/fr\/wp-json\/wp\/v2\/product"}],"about":[{"href":"https:\/\/www.anniesloan.com\/fr\/wp-json\/wp\/v2\/types\/product"}],"wp:featuredmedia":[{"embeddable":true,"href":"https:\/\/www.anniesloan.com\/fr\/wp-json\/wp\/v2\/media\/37612"}],"wp:attachment":[{"href":"https:\/\/www.anniesloan.com\/fr\/wp-json\/wp\/v2\/media?parent=35659"}],"wp:term":[{"taxonomy":"product_brand","embeddable":true,"href":"https:\/\/www.anniesloan.com\/fr\/wp-json\/wp\/v2\/product_brand?post=35659"},{"taxonomy":"product_cat","embeddable":true,"href":"https:\/\/www.anniesloan.com\/fr\/wp-json\/wp\/v2\/product_cat?post=35659"},{"taxonomy":"product_tag","embeddable":true,"href":"https:\/\/www.anniesloan.com\/fr\/wp-json\/wp\/v2\/product_tag?post=35659"}],"curies":[{"name":"wp","href":"https:\/\/api.w.org\/{rel}","templated":true}]}}