{"id":34817,"date":"2021-08-19T11:45:44","date_gmt":"2021-08-19T10:45:44","guid":{"rendered":"https:\/\/www.anniesloan.com\/?post_type=product&#038;p=83767"},"modified":"2026-03-11T13:55:51","modified_gmt":"2026-03-11T12:55:51","slug":"the-annie-sloan-collection","status":"publish","type":"product","link":"https:\/\/www.anniesloan.com\/fr\/produit\/cadeaux-et-coffrets\/the-annie-sloan-collection\/","title":{"rendered":"The Annie Sloan Collection"},"content":{"rendered":"","protected":false},"excerpt":{"rendered":"<div class=\"[ c-ProductSingleDetail__description ] [ c-PageContent ]\">\n<p>D\u00e9couvrez tous les trucs et astuces pour d\u00e9corer toutes les surfaces de votre maison avec la Collection Annie Sloan. Retrouvez 75 projets en pas \u00e0 pas, o\u00f9 vous pourrez tout faire du pochoir, en passant par l\u2019impression et la technique de la cire, de la dorure et la coloration de vos sols, murs, tissus et support d\u2019escalier tout en sortant du lot. Annie Sloan partage aussi son exp\u00e9rience de choix de couleurs, de choix de la palette id\u00e9ale pour optimiser sa large gamme de couleurs populaires de Chalk Paint.<\/p>\n<\/div>\n<div class=\"[ row row--flex-center xm ] [ mb-40-20 ]\">\n<div class=\"columns large-8\"><\/div>\n<\/div>\n","protected":false},"featured_media":34823,"template":"","meta":{"_acf_changed":true,"_relevanssi_hide_post":"","_relevanssi_hide_content":"","_relevanssi_pin_for_all":"","_relevanssi_pin_keywords":"","_relevanssi_unpin_keywords":"","_relevanssi_related_keywords":"","_relevanssi_related_include_ids":"","_relevanssi_related_exclude_ids":"","_relevanssi_related_no_append":"","_relevanssi_related_not_related":"","_relevanssi_related_posts":"","_relevanssi_noindex_reason":""},"product_brand":[],"product_cat":[65,1170,66],"product_tag":[],"class_list":{"0":"post-34817","1":"product","2":"type-product","3":"status-publish","4":"has-post-thumbnail","6":"product_cat-cadeaux-et-coffrets","7":"product_cat-cadeaux-a-moins-de-50-e","8":"product_cat-livres","10":"first","11":"instock","12":"taxable","13":"shipping-taxable","14":"purchasable","15":"product-type-simple"},"acf":[],"yoast_head":"<!-- This site is optimized with the Yoast SEO Premium plugin v26.5 (Yoast SEO v26.5) - https:\/\/yoast.com\/wordpress\/plugins\/seo\/ -->\n<title>The Annie Sloan Collection | Annie Sloan FR<\/title>\n<meta name=\"robots\" content=\"index, follow, max-snippet:-1, max-image-preview:large, max-video-preview:-1\" \/>\n<link rel=\"canonical\" href=\"https:\/\/www.anniesloan.com\/fr\/produit\/cadeaux-et-coffrets\/the-annie-sloan-collection\/\" \/>\n<meta property=\"og:locale\" content=\"fr_FR\" \/>\n<meta property=\"og:type\" content=\"article\" \/>\n<meta property=\"og:title\" content=\"The Annie Sloan Collection\" \/>\n<meta property=\"og:description\" content=\"D\u00e9couvrez tous les trucs et astuces pour d\u00e9corer toutes les surfaces de votre maison avec la Collection Annie Sloan. Retrouvez 75 projets en pas \u00e0 pas, o\u00f9 vous pourrez tout faire du pochoir, en passant par l\u2019impression et la technique de la cire, de la dorure et la coloration de vos sols, murs, tissus et support d\u2019escalier tout en sortant du lot. Annie Sloan partage aussi son exp\u00e9rience de choix de couleurs, de choix de la palette id\u00e9ale pour optimiser sa large gamme de couleurs populaires de Chalk Paint.\" \/>\n<meta property=\"og:url\" content=\"https:\/\/www.anniesloan.com\/fr\/produit\/cadeaux-et-coffrets\/the-annie-sloan-collection\/\" \/>\n<meta property=\"og:site_name\" content=\"Annie Sloan FR\" \/>\n<meta property=\"article:modified_time\" content=\"2026-03-11T12:55:51+00:00\" \/>\n<meta property=\"og:image\" content=\"https:\/\/www.anniesloan.com\/fr\/wp-content\/uploads\/sites\/4\/2021\/08\/ascl2.jpeg\" \/>\n\t<meta property=\"og:image:width\" content=\"400\" \/>\n\t<meta property=\"og:image:height\" content=\"320\" \/>\n\t<meta property=\"og:image:type\" content=\"image\/jpeg\" \/>\n<meta name=\"twitter:card\" content=\"summary_large_image\" \/>\n<meta name=\"twitter:label1\" content=\"Price\" \/>\n\t<meta name=\"twitter:data1\" content=\"31.95&euro;\" \/>\n\t<meta name=\"twitter:label2\" content=\"Availability\" \/>\n\t<meta name=\"twitter:data2\" content=\"In stock\" \/>\n<script type=\"application\/ld+json\" class=\"yoast-schema-graph\">{\"@context\":\"https:\/\/schema.org\",\"@graph\":[{\"@type\":\"WebPage\",\"@id\":\"https:\/\/www.anniesloan.com\/fr\/produit\/cadeaux-et-coffrets\/the-annie-sloan-collection\/\",\"url\":\"https:\/\/www.anniesloan.com\/fr\/produit\/cadeaux-et-coffrets\/the-annie-sloan-collection\/\",\"name\":\"The Annie Sloan Collection | Annie Sloan FR\",\"isPartOf\":{\"@id\":\"https:\/\/www.anniesloan.com\/fr\/#website\"},\"primaryImageOfPage\":{\"@id\":\"https:\/\/www.anniesloan.com\/fr\/produit\/cadeaux-et-coffrets\/the-annie-sloan-collection\/#primaryimage\"},\"image\":{\"@id\":\"https:\/\/www.anniesloan.com\/fr\/produit\/cadeaux-et-coffrets\/the-annie-sloan-collection\/#primaryimage\"},\"thumbnailUrl\":\"https:\/\/www.anniesloan.com\/fr\/wp-content\/uploads\/sites\/4\/2021\/08\/ascl2.jpeg\",\"datePublished\":\"2021-08-19T10:45:44+00:00\",\"dateModified\":\"2026-03-11T12:55:51+00:00\",\"breadcrumb\":{\"@id\":\"https:\/\/www.anniesloan.com\/fr\/produit\/cadeaux-et-coffrets\/the-annie-sloan-collection\/#breadcrumb\"},\"inLanguage\":\"fr-FR\",\"potentialAction\":[{\"@type\":\"ReadAction\",\"target\":[\"https:\/\/www.anniesloan.com\/fr\/produit\/cadeaux-et-coffrets\/the-annie-sloan-collection\/\"]}]},{\"@type\":\"ImageObject\",\"inLanguage\":\"fr-FR\",\"@id\":\"https:\/\/www.anniesloan.com\/fr\/produit\/cadeaux-et-coffrets\/the-annie-sloan-collection\/#primaryimage\",\"url\":\"https:\/\/www.anniesloan.com\/fr\/wp-content\/uploads\/sites\/4\/2021\/08\/ascl2.jpeg\",\"contentUrl\":\"https:\/\/www.anniesloan.com\/fr\/wp-content\/uploads\/sites\/4\/2021\/08\/ascl2.jpeg\",\"width\":400,\"height\":320},{\"@type\":\"BreadcrumbList\",\"@id\":\"https:\/\/www.anniesloan.com\/fr\/produit\/cadeaux-et-coffrets\/the-annie-sloan-collection\/#breadcrumb\",\"itemListElement\":[{\"@type\":\"ListItem\",\"position\":1,\"name\":\"Produits\",\"item\":\"https:\/\/www.anniesloan.com\/fr\/produits\/\"},{\"@type\":\"ListItem\",\"position\":2,\"name\":\"Cadeaux et coffrets\",\"item\":\"https:\/\/www.anniesloan.com\/fr\/produits\/cadeaux-et-coffrets\/\"},{\"@type\":\"ListItem\",\"position\":3,\"name\":\"The Annie Sloan Collection\"}]},{\"@type\":\"WebSite\",\"@id\":\"https:\/\/www.anniesloan.com\/fr\/#website\",\"url\":\"https:\/\/www.anniesloan.com\/fr\/\",\"name\":\"Annie Sloan FR\",\"description\":\"Home of Chalk Paint\",\"publisher\":{\"@id\":\"https:\/\/www.anniesloan.com\/fr\/#organization\"},\"potentialAction\":[{\"@type\":\"SearchAction\",\"target\":{\"@type\":\"EntryPoint\",\"urlTemplate\":\"https:\/\/www.anniesloan.com\/fr\/?s={search_term_string}\"},\"query-input\":{\"@type\":\"PropertyValueSpecification\",\"valueRequired\":true,\"valueName\":\"search_term_string\"}}],\"inLanguage\":\"fr-FR\"},{\"@type\":\"Organization\",\"@id\":\"https:\/\/www.anniesloan.com\/fr\/#organization\",\"name\":\"Annie Sloan\",\"url\":\"https:\/\/www.anniesloan.com\/fr\/\",\"logo\":{\"@type\":\"ImageObject\",\"inLanguage\":\"fr-FR\",\"@id\":\"https:\/\/www.anniesloan.com\/fr\/#\/schema\/logo\/image\/\",\"url\":\"https:\/\/www.anniesloan.com\/fr\/wp-content\/uploads\/sites\/4\/2021\/07\/anniesloan-logo.jpg\",\"contentUrl\":\"https:\/\/www.anniesloan.com\/fr\/wp-content\/uploads\/sites\/4\/2021\/07\/anniesloan-logo.jpg\",\"width\":1200,\"height\":361,\"caption\":\"Annie Sloan\"},\"image\":{\"@id\":\"https:\/\/www.anniesloan.com\/fr\/#\/schema\/logo\/image\/\"}}]}<\/script>\n<meta property=\"product:price:amount\" content=\"31.95\" \/>\n<meta property=\"product:price:currency\" content=\"EUR\" \/>\n<meta property=\"og:availability\" content=\"instock\" \/>\n<meta property=\"product:availability\" content=\"instock\" \/>\n<meta property=\"product:retailer_item_id\" content=\"ASCC051.GB01.01\" \/>\n<meta property=\"product:condition\" content=\"new\" \/>\n<!-- \/ Yoast SEO Premium plugin. -->","yoast_head_json":{"title":"The Annie Sloan Collection | Annie Sloan FR","robots":{"index":"index","follow":"follow","max-snippet":"max-snippet:-1","max-image-preview":"max-image-preview:large","max-video-preview":"max-video-preview:-1"},"canonical":"https:\/\/www.anniesloan.com\/fr\/produit\/cadeaux-et-coffrets\/the-annie-sloan-collection\/","og_locale":"fr_FR","og_type":"article","og_title":"The Annie Sloan Collection","og_description":"D\u00e9couvrez tous les trucs et astuces pour d\u00e9corer toutes les surfaces de votre maison avec la Collection Annie Sloan. Retrouvez 75 projets en pas \u00e0 pas, o\u00f9 vous pourrez tout faire du pochoir, en passant par l\u2019impression et la technique de la cire, de la dorure et la coloration de vos sols, murs, tissus et support d\u2019escalier tout en sortant du lot. Annie Sloan partage aussi son exp\u00e9rience de choix de couleurs, de choix de la palette id\u00e9ale pour optimiser sa large gamme de couleurs populaires de Chalk Paint.","og_url":"https:\/\/www.anniesloan.com\/fr\/produit\/cadeaux-et-coffrets\/the-annie-sloan-collection\/","og_site_name":"Annie Sloan FR","article_modified_time":"2026-03-11T12:55:51+00:00","og_image":[{"width":400,"height":320,"url":"https:\/\/www.anniesloan.com\/fr\/wp-content\/uploads\/sites\/4\/2021\/08\/ascl2.jpeg","type":"image\/jpeg"}],"twitter_card":"summary_large_image","twitter_misc":{"Price":"31.95&euro;","Availability":"In stock"},"schema":{"@context":"https:\/\/schema.org","@graph":[{"@type":"WebPage","@id":"https:\/\/www.anniesloan.com\/fr\/produit\/cadeaux-et-coffrets\/the-annie-sloan-collection\/","url":"https:\/\/www.anniesloan.com\/fr\/produit\/cadeaux-et-coffrets\/the-annie-sloan-collection\/","name":"The Annie Sloan Collection | Annie Sloan FR","isPartOf":{"@id":"https:\/\/www.anniesloan.com\/fr\/#website"},"primaryImageOfPage":{"@id":"https:\/\/www.anniesloan.com\/fr\/produit\/cadeaux-et-coffrets\/the-annie-sloan-collection\/#primaryimage"},"image":{"@id":"https:\/\/www.anniesloan.com\/fr\/produit\/cadeaux-et-coffrets\/the-annie-sloan-collection\/#primaryimage"},"thumbnailUrl":"https:\/\/www.anniesloan.com\/fr\/wp-content\/uploads\/sites\/4\/2021\/08\/ascl2.jpeg","datePublished":"2021-08-19T10:45:44+00:00","dateModified":"2026-03-11T12:55:51+00:00","breadcrumb":{"@id":"https:\/\/www.anniesloan.com\/fr\/produit\/cadeaux-et-coffrets\/the-annie-sloan-collection\/#breadcrumb"},"inLanguage":"fr-FR","potentialAction":[{"@type":"ReadAction","target":["https:\/\/www.anniesloan.com\/fr\/produit\/cadeaux-et-coffrets\/the-annie-sloan-collection\/"]}]},{"@type":"ImageObject","inLanguage":"fr-FR","@id":"https:\/\/www.anniesloan.com\/fr\/produit\/cadeaux-et-coffrets\/the-annie-sloan-collection\/#primaryimage","url":"https:\/\/www.anniesloan.com\/fr\/wp-content\/uploads\/sites\/4\/2021\/08\/ascl2.jpeg","contentUrl":"https:\/\/www.anniesloan.com\/fr\/wp-content\/uploads\/sites\/4\/2021\/08\/ascl2.jpeg","width":400,"height":320},{"@type":"BreadcrumbList","@id":"https:\/\/www.anniesloan.com\/fr\/produit\/cadeaux-et-coffrets\/the-annie-sloan-collection\/#breadcrumb","itemListElement":[{"@type":"ListItem","position":1,"name":"Produits","item":"https:\/\/www.anniesloan.com\/fr\/produits\/"},{"@type":"ListItem","position":2,"name":"Cadeaux et coffrets","item":"https:\/\/www.anniesloan.com\/fr\/produits\/cadeaux-et-coffrets\/"},{"@type":"ListItem","position":3,"name":"The Annie Sloan Collection"}]},{"@type":"WebSite","@id":"https:\/\/www.anniesloan.com\/fr\/#website","url":"https:\/\/www.anniesloan.com\/fr\/","name":"Annie Sloan FR","description":"Home of Chalk Paint","publisher":{"@id":"https:\/\/www.anniesloan.com\/fr\/#organization"},"potentialAction":[{"@type":"SearchAction","target":{"@type":"EntryPoint","urlTemplate":"https:\/\/www.anniesloan.com\/fr\/?s={search_term_string}"},"query-input":{"@type":"PropertyValueSpecification","valueRequired":true,"valueName":"search_term_string"}}],"inLanguage":"fr-FR"},{"@type":"Organization","@id":"https:\/\/www.anniesloan.com\/fr\/#organization","name":"Annie Sloan","url":"https:\/\/www.anniesloan.com\/fr\/","logo":{"@type":"ImageObject","inLanguage":"fr-FR","@id":"https:\/\/www.anniesloan.com\/fr\/#\/schema\/logo\/image\/","url":"https:\/\/www.anniesloan.com\/fr\/wp-content\/uploads\/sites\/4\/2021\/07\/anniesloan-logo.jpg","contentUrl":"https:\/\/www.anniesloan.com\/fr\/wp-content\/uploads\/sites\/4\/2021\/07\/anniesloan-logo.jpg","width":1200,"height":361,"caption":"Annie Sloan"},"image":{"@id":"https:\/\/www.anniesloan.com\/fr\/#\/schema\/logo\/image\/"}}]},"product_price_amount":"31.95","product_price_currency":"EUR","og_availability":"instock","product_availability":"instock","product_retailer_item_id":"ASCC051.GB01.01","product_condition":"new"},"_links":{"self":[{"href":"https:\/\/www.anniesloan.com\/fr\/wp-json\/wp\/v2\/product\/34817","targetHints":{"allow":["GET"]}}],"collection":[{"href":"https:\/\/www.anniesloan.com\/fr\/wp-json\/wp\/v2\/product"}],"about":[{"href":"https:\/\/www.anniesloan.com\/fr\/wp-json\/wp\/v2\/types\/product"}],"wp:featuredmedia":[{"embeddable":true,"href":"https:\/\/www.anniesloan.com\/fr\/wp-json\/wp\/v2\/media\/34823"}],"wp:attachment":[{"href":"https:\/\/www.anniesloan.com\/fr\/wp-json\/wp\/v2\/media?parent=34817"}],"wp:term":[{"taxonomy":"product_brand","embeddable":true,"href":"https:\/\/www.anniesloan.com\/fr\/wp-json\/wp\/v2\/product_brand?post=34817"},{"taxonomy":"product_cat","embeddable":true,"href":"https:\/\/www.anniesloan.com\/fr\/wp-json\/wp\/v2\/product_cat?post=34817"},{"taxonomy":"product_tag","embeddable":true,"href":"https:\/\/www.anniesloan.com\/fr\/wp-json\/wp\/v2\/product_tag?post=34817"}],"curies":[{"name":"wp","href":"https:\/\/api.w.org\/{rel}","templated":true}]}}