{"id":21993,"date":"2020-04-22T17:49:19","date_gmt":"2020-04-22T16:49:19","guid":{"rendered":"https:\/\/www.anniesloan.com\/product\/the-colourist-issue-four\/"},"modified":"2026-02-19T10:55:37","modified_gmt":"2026-02-19T09:55:37","slug":"the-colourist-numero-quatre","status":"publish","type":"product","link":"https:\/\/www.anniesloan.com\/fr\/produit\/livres\/the-colourist-numero-quatre\/","title":{"rendered":"The Colourist NUM\u00c9RO 4"},"content":{"rendered":"","protected":false},"excerpt":{"rendered":"<div class=\"[ c-ProductSingleDetail__description ] [ c-PageContent ]\">\n<p>The Colourist est un \u00ab livrazine \u00bb (incluant des articles comme un magazine, mais sans publicit\u00e9, comme un livre) consacr\u00e9 \u00e0 la passion d\u2019Annie Sloan pour la couleur. Cette revue semestrielle \u00e0 collectionner, propose 132 pages soigneusement pr\u00e9sent\u00e9es, reli\u00e9es par une jolie couverture.<\/p>\n<p>Le quatri\u00e8me num\u00e9ro de The Colourist c\u00e9l\u00e8bre le 30\u00e8me anniversaire de la cr\u00e9ation de la Chalk Paint\u2122 d\u2019Annie Sloan. Cette \u00e9dition se penche sur une palette de couleurs neutres compos\u00e9e des nuances Old White, Graphite et d\u2019une touche de Lem Lem, ainsi que sur le vernis nacr\u00e9 Pearlescent Glaze, un produit exclusif sp\u00e9cial anniversaire pour 2020 !<\/p>\n<p>Dans cette \u00e9dition, vous d\u00e9couvrirez Round Top Texas, un magasin d\u2019antiquit\u00e9s d\u2019exception, vous visiterez \u00e9galement la maison au style \u00e9clectique de la talentueuse lldiko Horvath, la p\u00e9niche de Trudy Ooyman et son utilisation judicieuse de l\u2019espace, et enfin le bijou artistique qu\u2019est Farleys House. Sans oublier les incontournables de la saison : les motifs Toile et comment bien les utiliser. De plus, cette \u00e9dition vous propose un d\u00e9pliant gratuit pr\u00e9sentant la toile d\u2019Oxford sp\u00e9cialement con\u00e7ue par Annie Sloan, un article retra\u00e7ant le parcours incroyable de femmes qui ont d\u00e9cid\u00e9 de changer de carri\u00e8re pour se concentrer (avec succ\u00e8s) sur leurs entreprises cr\u00e9atives, et un guide vous expliquant comment bien utiliser et marier les diff\u00e9rentes nuances de blanc dans votre maison. Enfin, pour le plaisir renouvel\u00e9 de tous, vous y trouverez les pages explicatives d\u00e9taill\u00e9es destin\u00e9es \u00e0 inspirer les peintres du monde entier.<\/p>\n<p>Veuillez contacter votre distributeur local pour conna\u00eetre les disponibilit\u00e9s.<\/p>\n<\/div>\n","protected":false},"featured_media":21994,"template":"","meta":{"_acf_changed":false,"_relevanssi_hide_post":"","_relevanssi_hide_content":"","_relevanssi_pin_for_all":"","_relevanssi_pin_keywords":"","_relevanssi_unpin_keywords":"","_relevanssi_related_keywords":"","_relevanssi_related_include_ids":"","_relevanssi_related_exclude_ids":"","_relevanssi_related_no_append":"","_relevanssi_related_not_related":"","_relevanssi_related_posts":"","_relevanssi_noindex_reason":""},"product_brand":[],"product_cat":[1171,66],"product_tag":[],"class_list":{"0":"post-21993","1":"product","2":"type-product","3":"status-publish","4":"has-post-thumbnail","6":"product_cat-cadeaux-a-moins-de-15-e","7":"product_cat-livres","9":"first","10":"instock","11":"taxable","12":"shipping-taxable","13":"purchasable","14":"product-type-simple"},"acf":[],"yoast_head":"<!-- This site is optimized with the Yoast SEO Premium plugin v26.5 (Yoast SEO v26.5) - https:\/\/yoast.com\/wordpress\/plugins\/seo\/ -->\n<title>The Colourist NUM\u00c9RO 4 | Livre par Annie Sloan | Annie Sloan FR<\/title>\n<meta name=\"description\" content=\"The Colourist est un livrazine semestriel de collection consacr\u00e9 \u00e0 la passion d\u2019Annie Sloan pour la couleur. En voici le quatri\u00e8me num\u00e9ro\u00a0!\" \/>\n<meta name=\"robots\" content=\"index, follow, max-snippet:-1, max-image-preview:large, max-video-preview:-1\" \/>\n<link rel=\"canonical\" href=\"https:\/\/www.anniesloan.com\/fr\/produit\/livres\/the-colourist-numero-quatre\/\" \/>\n<meta property=\"og:locale\" content=\"fr_FR\" \/>\n<meta property=\"og:type\" content=\"article\" \/>\n<meta property=\"og:title\" content=\"The Colourist NUM\u00c9RO 4\" \/>\n<meta property=\"og:description\" content=\"The Colourist est un livrazine semestriel de collection consacr\u00e9 \u00e0 la passion d\u2019Annie Sloan pour la couleur. En voici le quatri\u00e8me num\u00e9ro\u00a0!\" \/>\n<meta property=\"og:url\" content=\"https:\/\/www.anniesloan.com\/fr\/produit\/livres\/the-colourist-numero-quatre\/\" \/>\n<meta property=\"og:site_name\" content=\"Annie Sloan FR\" \/>\n<meta property=\"article:modified_time\" content=\"2026-02-19T09:55:37+00:00\" \/>\n<meta property=\"og:image\" content=\"https:\/\/www.anniesloan.com\/fr\/wp-content\/uploads\/sites\/4\/2021\/05\/The-Colourist-Issue-4-by-Annie-Sloan-cover-2800-scaled-1.jpg\" \/>\n\t<meta property=\"og:image:width\" content=\"1280\" \/>\n\t<meta property=\"og:image:height\" content=\"1024\" \/>\n\t<meta property=\"og:image:type\" content=\"image\/jpeg\" \/>\n<meta name=\"twitter:card\" content=\"summary_large_image\" \/>\n<meta name=\"twitter:label1\" content=\"Price\" \/>\n\t<meta name=\"twitter:data1\" content=\"12.95&euro;\" \/>\n\t<meta name=\"twitter:label2\" content=\"Availability\" \/>\n\t<meta name=\"twitter:data2\" content=\"In stock\" \/>\n<script type=\"application\/ld+json\" class=\"yoast-schema-graph\">{\"@context\":\"https:\/\/schema.org\",\"@graph\":[{\"@type\":\"WebPage\",\"@id\":\"https:\/\/www.anniesloan.com\/fr\/produit\/livres\/the-colourist-numero-quatre\/\",\"url\":\"https:\/\/www.anniesloan.com\/fr\/produit\/livres\/the-colourist-numero-quatre\/\",\"name\":\"The Colourist NUM\u00c9RO 4 | Livre par Annie Sloan | Annie Sloan FR\",\"isPartOf\":{\"@id\":\"https:\/\/www.anniesloan.com\/fr\/#website\"},\"primaryImageOfPage\":{\"@id\":\"https:\/\/www.anniesloan.com\/fr\/produit\/livres\/the-colourist-numero-quatre\/#primaryimage\"},\"image\":{\"@id\":\"https:\/\/www.anniesloan.com\/fr\/produit\/livres\/the-colourist-numero-quatre\/#primaryimage\"},\"thumbnailUrl\":\"https:\/\/www.anniesloan.com\/fr\/wp-content\/uploads\/sites\/4\/2021\/05\/The-Colourist-Issue-4-by-Annie-Sloan-cover-2800-scaled-1.jpg\",\"datePublished\":\"2020-04-22T16:49:19+00:00\",\"dateModified\":\"2026-02-19T09:55:37+00:00\",\"description\":\"The Colourist est un livrazine semestriel de collection consacr\u00e9 \u00e0 la passion d\u2019Annie Sloan pour la couleur. En voici le quatri\u00e8me num\u00e9ro\u00a0!\",\"breadcrumb\":{\"@id\":\"https:\/\/www.anniesloan.com\/fr\/produit\/livres\/the-colourist-numero-quatre\/#breadcrumb\"},\"inLanguage\":\"fr-FR\",\"potentialAction\":[{\"@type\":\"ReadAction\",\"target\":[\"https:\/\/www.anniesloan.com\/fr\/produit\/livres\/the-colourist-numero-quatre\/\"]}]},{\"@type\":\"ImageObject\",\"inLanguage\":\"fr-FR\",\"@id\":\"https:\/\/www.anniesloan.com\/fr\/produit\/livres\/the-colourist-numero-quatre\/#primaryimage\",\"url\":\"https:\/\/www.anniesloan.com\/fr\/wp-content\/uploads\/sites\/4\/2021\/05\/The-Colourist-Issue-4-by-Annie-Sloan-cover-2800-scaled-1.jpg\",\"contentUrl\":\"https:\/\/www.anniesloan.com\/fr\/wp-content\/uploads\/sites\/4\/2021\/05\/The-Colourist-Issue-4-by-Annie-Sloan-cover-2800-scaled-1.jpg\",\"width\":1280,\"height\":1024,\"caption\":\"The Colourist Issue 4 by Annie Sloan front cover\"},{\"@type\":\"BreadcrumbList\",\"@id\":\"https:\/\/www.anniesloan.com\/fr\/produit\/livres\/the-colourist-numero-quatre\/#breadcrumb\",\"itemListElement\":[{\"@type\":\"ListItem\",\"position\":1,\"name\":\"Produits\",\"item\":\"https:\/\/www.anniesloan.com\/fr\/produits\/\"},{\"@type\":\"ListItem\",\"position\":2,\"name\":\"Livres\",\"item\":\"https:\/\/www.anniesloan.com\/fr\/produits\/livres\/\"},{\"@type\":\"ListItem\",\"position\":3,\"name\":\"The Colourist NUM\u00c9RO 4\"}]},{\"@type\":\"WebSite\",\"@id\":\"https:\/\/www.anniesloan.com\/fr\/#website\",\"url\":\"https:\/\/www.anniesloan.com\/fr\/\",\"name\":\"Annie Sloan FR\",\"description\":\"Home of Chalk Paint\",\"publisher\":{\"@id\":\"https:\/\/www.anniesloan.com\/fr\/#organization\"},\"potentialAction\":[{\"@type\":\"SearchAction\",\"target\":{\"@type\":\"EntryPoint\",\"urlTemplate\":\"https:\/\/www.anniesloan.com\/fr\/?s={search_term_string}\"},\"query-input\":{\"@type\":\"PropertyValueSpecification\",\"valueRequired\":true,\"valueName\":\"search_term_string\"}}],\"inLanguage\":\"fr-FR\"},{\"@type\":\"Organization\",\"@id\":\"https:\/\/www.anniesloan.com\/fr\/#organization\",\"name\":\"Annie Sloan\",\"url\":\"https:\/\/www.anniesloan.com\/fr\/\",\"logo\":{\"@type\":\"ImageObject\",\"inLanguage\":\"fr-FR\",\"@id\":\"https:\/\/www.anniesloan.com\/fr\/#\/schema\/logo\/image\/\",\"url\":\"https:\/\/www.anniesloan.com\/fr\/wp-content\/uploads\/sites\/4\/2021\/07\/anniesloan-logo.jpg\",\"contentUrl\":\"https:\/\/www.anniesloan.com\/fr\/wp-content\/uploads\/sites\/4\/2021\/07\/anniesloan-logo.jpg\",\"width\":1200,\"height\":361,\"caption\":\"Annie Sloan\"},\"image\":{\"@id\":\"https:\/\/www.anniesloan.com\/fr\/#\/schema\/logo\/image\/\"}}]}<\/script>\n<meta property=\"product:price:amount\" content=\"12.95\" \/>\n<meta property=\"product:price:currency\" content=\"EUR\" \/>\n<meta property=\"og:availability\" content=\"instock\" \/>\n<meta property=\"product:availability\" content=\"instock\" \/>\n<meta property=\"product:retailer_item_id\" content=\"TCTB001.2001.09\" \/>\n<meta property=\"product:condition\" content=\"new\" \/>\n<!-- \/ Yoast SEO Premium plugin. -->","yoast_head_json":{"title":"The Colourist NUM\u00c9RO 4 | Livre par Annie Sloan | Annie Sloan FR","description":"The Colourist est un livrazine semestriel de collection consacr\u00e9 \u00e0 la passion d\u2019Annie Sloan pour la couleur. En voici le quatri\u00e8me num\u00e9ro\u00a0!","robots":{"index":"index","follow":"follow","max-snippet":"max-snippet:-1","max-image-preview":"max-image-preview:large","max-video-preview":"max-video-preview:-1"},"canonical":"https:\/\/www.anniesloan.com\/fr\/produit\/livres\/the-colourist-numero-quatre\/","og_locale":"fr_FR","og_type":"article","og_title":"The Colourist NUM\u00c9RO 4","og_description":"The Colourist est un livrazine semestriel de collection consacr\u00e9 \u00e0 la passion d\u2019Annie Sloan pour la couleur. En voici le quatri\u00e8me num\u00e9ro\u00a0!","og_url":"https:\/\/www.anniesloan.com\/fr\/produit\/livres\/the-colourist-numero-quatre\/","og_site_name":"Annie Sloan FR","article_modified_time":"2026-02-19T09:55:37+00:00","og_image":[{"width":1280,"height":1024,"url":"https:\/\/www.anniesloan.com\/fr\/wp-content\/uploads\/sites\/4\/2021\/05\/The-Colourist-Issue-4-by-Annie-Sloan-cover-2800-scaled-1.jpg","type":"image\/jpeg"}],"twitter_card":"summary_large_image","twitter_misc":{"Price":"12.95&euro;","Availability":"In stock"},"schema":{"@context":"https:\/\/schema.org","@graph":[{"@type":"WebPage","@id":"https:\/\/www.anniesloan.com\/fr\/produit\/livres\/the-colourist-numero-quatre\/","url":"https:\/\/www.anniesloan.com\/fr\/produit\/livres\/the-colourist-numero-quatre\/","name":"The Colourist NUM\u00c9RO 4 | Livre par Annie Sloan | Annie Sloan FR","isPartOf":{"@id":"https:\/\/www.anniesloan.com\/fr\/#website"},"primaryImageOfPage":{"@id":"https:\/\/www.anniesloan.com\/fr\/produit\/livres\/the-colourist-numero-quatre\/#primaryimage"},"image":{"@id":"https:\/\/www.anniesloan.com\/fr\/produit\/livres\/the-colourist-numero-quatre\/#primaryimage"},"thumbnailUrl":"https:\/\/www.anniesloan.com\/fr\/wp-content\/uploads\/sites\/4\/2021\/05\/The-Colourist-Issue-4-by-Annie-Sloan-cover-2800-scaled-1.jpg","datePublished":"2020-04-22T16:49:19+00:00","dateModified":"2026-02-19T09:55:37+00:00","description":"The Colourist est un livrazine semestriel de collection consacr\u00e9 \u00e0 la passion d\u2019Annie Sloan pour la couleur. En voici le quatri\u00e8me num\u00e9ro\u00a0!","breadcrumb":{"@id":"https:\/\/www.anniesloan.com\/fr\/produit\/livres\/the-colourist-numero-quatre\/#breadcrumb"},"inLanguage":"fr-FR","potentialAction":[{"@type":"ReadAction","target":["https:\/\/www.anniesloan.com\/fr\/produit\/livres\/the-colourist-numero-quatre\/"]}]},{"@type":"ImageObject","inLanguage":"fr-FR","@id":"https:\/\/www.anniesloan.com\/fr\/produit\/livres\/the-colourist-numero-quatre\/#primaryimage","url":"https:\/\/www.anniesloan.com\/fr\/wp-content\/uploads\/sites\/4\/2021\/05\/The-Colourist-Issue-4-by-Annie-Sloan-cover-2800-scaled-1.jpg","contentUrl":"https:\/\/www.anniesloan.com\/fr\/wp-content\/uploads\/sites\/4\/2021\/05\/The-Colourist-Issue-4-by-Annie-Sloan-cover-2800-scaled-1.jpg","width":1280,"height":1024,"caption":"The Colourist Issue 4 by Annie Sloan front cover"},{"@type":"BreadcrumbList","@id":"https:\/\/www.anniesloan.com\/fr\/produit\/livres\/the-colourist-numero-quatre\/#breadcrumb","itemListElement":[{"@type":"ListItem","position":1,"name":"Produits","item":"https:\/\/www.anniesloan.com\/fr\/produits\/"},{"@type":"ListItem","position":2,"name":"Livres","item":"https:\/\/www.anniesloan.com\/fr\/produits\/livres\/"},{"@type":"ListItem","position":3,"name":"The Colourist NUM\u00c9RO 4"}]},{"@type":"WebSite","@id":"https:\/\/www.anniesloan.com\/fr\/#website","url":"https:\/\/www.anniesloan.com\/fr\/","name":"Annie Sloan FR","description":"Home of Chalk Paint","publisher":{"@id":"https:\/\/www.anniesloan.com\/fr\/#organization"},"potentialAction":[{"@type":"SearchAction","target":{"@type":"EntryPoint","urlTemplate":"https:\/\/www.anniesloan.com\/fr\/?s={search_term_string}"},"query-input":{"@type":"PropertyValueSpecification","valueRequired":true,"valueName":"search_term_string"}}],"inLanguage":"fr-FR"},{"@type":"Organization","@id":"https:\/\/www.anniesloan.com\/fr\/#organization","name":"Annie Sloan","url":"https:\/\/www.anniesloan.com\/fr\/","logo":{"@type":"ImageObject","inLanguage":"fr-FR","@id":"https:\/\/www.anniesloan.com\/fr\/#\/schema\/logo\/image\/","url":"https:\/\/www.anniesloan.com\/fr\/wp-content\/uploads\/sites\/4\/2021\/07\/anniesloan-logo.jpg","contentUrl":"https:\/\/www.anniesloan.com\/fr\/wp-content\/uploads\/sites\/4\/2021\/07\/anniesloan-logo.jpg","width":1200,"height":361,"caption":"Annie Sloan"},"image":{"@id":"https:\/\/www.anniesloan.com\/fr\/#\/schema\/logo\/image\/"}}]},"product_price_amount":"12.95","product_price_currency":"EUR","og_availability":"instock","product_availability":"instock","product_retailer_item_id":"TCTB001.2001.09","product_condition":"new"},"_links":{"self":[{"href":"https:\/\/www.anniesloan.com\/fr\/wp-json\/wp\/v2\/product\/21993","targetHints":{"allow":["GET"]}}],"collection":[{"href":"https:\/\/www.anniesloan.com\/fr\/wp-json\/wp\/v2\/product"}],"about":[{"href":"https:\/\/www.anniesloan.com\/fr\/wp-json\/wp\/v2\/types\/product"}],"wp:featuredmedia":[{"embeddable":true,"href":"https:\/\/www.anniesloan.com\/fr\/wp-json\/wp\/v2\/media\/21994"}],"wp:attachment":[{"href":"https:\/\/www.anniesloan.com\/fr\/wp-json\/wp\/v2\/media?parent=21993"}],"wp:term":[{"taxonomy":"product_brand","embeddable":true,"href":"https:\/\/www.anniesloan.com\/fr\/wp-json\/wp\/v2\/product_brand?post=21993"},{"taxonomy":"product_cat","embeddable":true,"href":"https:\/\/www.anniesloan.com\/fr\/wp-json\/wp\/v2\/product_cat?post=21993"},{"taxonomy":"product_tag","embeddable":true,"href":"https:\/\/www.anniesloan.com\/fr\/wp-json\/wp\/v2\/product_tag?post=21993"}],"curies":[{"name":"wp","href":"https:\/\/api.w.org\/{rel}","templated":true}]}}