{"id":21857,"date":"2020-02-10T10:38:55","date_gmt":"2020-02-10T10:38:55","guid":{"rendered":"https:\/\/www.anniesloan.com\/product\/coco-plus-duck-egg-blue\/"},"modified":"2025-02-07T15:16:14","modified_gmt":"2025-02-07T14:16:14","slug":"coco-plus-duck-egg-blue","status":"publish","type":"product","link":"https:\/\/www.anniesloan.com\/fr\/produit\/tissus\/union-de-lins\/coco-plus-duck-egg-blue\/","title":{"rendered":"Coco + Duck Egg Blue"},"content":{"rendered":"","protected":false},"excerpt":{"rendered":"<p>Coco + Duck Egg Blue est l\u2019un des duos de couleurs de la collection de tissus Linen Union d\u2019Annie Sloan. Annie a cr\u00e9\u00e9 cette collection pour compl\u00e9ter les couleurs de la palette Chalk Paint\u2122. Chaque tissu Linen Union est tiss\u00e9 avec des fils coordonn\u00e9s \u00e0 deux couleurs Chalk Paint\u2122, une pour la trame et l\u2019autre pour la cha\u00eene.<\/p>\n<p>Tiss\u00e9s \u00e0 Prato en Toscane, les tissus Linen Union sont produits dans une fabrique de gestion familiale, partageant la philosophie d\u2019Annie Sloan reposant sur la qualit\u00e9, des fournisseurs aux pratiques d\u00e9ontologiques et au soutien de l\u2019activit\u00e9 des petites entreprises.<\/p>\n<p>L\u2019aspect et la texture du lin associ\u00e9s \u00e0 la r\u00e9sistance et la souplesse du coton permettent d\u2019offrir un tissu suffisamment r\u00e9sistant pour le garnissage et assez souple pour un habillage harmonieux. Le tissu a \u00e9t\u00e9 assoupli gr\u00e2ce \u00e0 un processus unique, lui donnant une texture douce et agr\u00e9able.<\/p>\n<p>Pour toute question et pour recevoir des \u00e9chantillons gratuits, contactez-nous par e-mail \u00e0 fabric@anniesloan.com.<\/p>\n<p>Vendu au m\u00e8tre.<\/p>\n","protected":false},"featured_media":21832,"template":"","meta":{"_acf_changed":false,"_relevanssi_hide_post":"","_relevanssi_hide_content":"","_relevanssi_pin_for_all":"","_relevanssi_pin_keywords":"","_relevanssi_unpin_keywords":"","_relevanssi_related_keywords":"","_relevanssi_related_include_ids":"","_relevanssi_related_exclude_ids":"","_relevanssi_related_no_append":"","_relevanssi_related_not_related":"","_relevanssi_related_posts":"","_relevanssi_noindex_reason":""},"product_brand":[],"product_cat":[61,67],"product_tag":[],"class_list":{"0":"post-21857","1":"product","2":"type-product","3":"status-publish","4":"has-post-thumbnail","6":"product_cat-tissus","7":"product_cat-union-de-lins","8":"pa_colour-filter-neutre","10":"first","11":"instock","12":"taxable","13":"shipping-taxable","14":"purchasable","15":"product-type-simple"},"acf":[],"yoast_head":"<!-- This site is optimized with the Yoast SEO Premium plugin v26.5 (Yoast SEO v26.5) - https:\/\/yoast.com\/wordpress\/plugins\/seo\/ -->\n<title>Coco + Duck Egg Blue | Union de lins | Annie Sloan FR<\/title>\n<meta name=\"description\" content=\"Coco + Duck Egg Blue est l\u2019un des duos de couleurs de la collection de tissus Linen Union d\u2019Annie Sloan.\" \/>\n<meta name=\"robots\" content=\"index, follow, max-snippet:-1, max-image-preview:large, max-video-preview:-1\" \/>\n<link rel=\"canonical\" href=\"https:\/\/www.anniesloan.com\/fr\/produit\/tissus\/union-de-lins\/coco-plus-duck-egg-blue\/\" \/>\n<meta property=\"og:locale\" content=\"fr_FR\" \/>\n<meta property=\"og:type\" content=\"article\" \/>\n<meta property=\"og:title\" content=\"Coco + Duck Egg Blue\" \/>\n<meta property=\"og:description\" content=\"Coco + Duck Egg Blue est l\u2019un des duos de couleurs de la collection de tissus Linen Union d\u2019Annie Sloan.\" \/>\n<meta property=\"og:url\" content=\"https:\/\/www.anniesloan.com\/fr\/produit\/tissus\/union-de-lins\/coco-plus-duck-egg-blue\/\" \/>\n<meta property=\"og:site_name\" content=\"Annie Sloan FR\" \/>\n<meta property=\"article:modified_time\" content=\"2025-02-07T14:16:14+00:00\" \/>\n<meta property=\"og:image\" content=\"https:\/\/www.anniesloan.com\/fr\/wp-content\/uploads\/sites\/4\/2021\/05\/Linen-Union-in-Coco-Duck-Egg-Blue-fabric-by-Annie-Sloan-2000.jpg\" \/>\n\t<meta property=\"og:image:width\" content=\"1279\" \/>\n\t<meta property=\"og:image:height\" content=\"1024\" \/>\n\t<meta property=\"og:image:type\" content=\"image\/jpeg\" \/>\n<meta name=\"twitter:card\" content=\"summary_large_image\" \/>\n<meta name=\"twitter:label1\" content=\"Price\" \/>\n\t<meta name=\"twitter:data1\" content=\"59.95&euro;\" \/>\n\t<meta name=\"twitter:label2\" content=\"Availability\" \/>\n\t<meta name=\"twitter:data2\" content=\"In stock\" \/>\n<script type=\"application\/ld+json\" class=\"yoast-schema-graph\">{\"@context\":\"https:\/\/schema.org\",\"@graph\":[{\"@type\":\"WebPage\",\"@id\":\"https:\/\/www.anniesloan.com\/fr\/produit\/tissus\/union-de-lins\/coco-plus-duck-egg-blue\/\",\"url\":\"https:\/\/www.anniesloan.com\/fr\/produit\/tissus\/union-de-lins\/coco-plus-duck-egg-blue\/\",\"name\":\"Coco + Duck Egg Blue | Union de lins | Annie Sloan FR\",\"isPartOf\":{\"@id\":\"https:\/\/www.anniesloan.com\/fr\/#website\"},\"primaryImageOfPage\":{\"@id\":\"https:\/\/www.anniesloan.com\/fr\/produit\/tissus\/union-de-lins\/coco-plus-duck-egg-blue\/#primaryimage\"},\"image\":{\"@id\":\"https:\/\/www.anniesloan.com\/fr\/produit\/tissus\/union-de-lins\/coco-plus-duck-egg-blue\/#primaryimage\"},\"thumbnailUrl\":\"https:\/\/www.anniesloan.com\/fr\/wp-content\/uploads\/sites\/4\/2021\/05\/Linen-Union-in-Coco-Duck-Egg-Blue-fabric-by-Annie-Sloan-2000.jpg\",\"datePublished\":\"2020-02-10T10:38:55+00:00\",\"dateModified\":\"2025-02-07T14:16:14+00:00\",\"description\":\"Coco + Duck Egg Blue est l\u2019un des duos de couleurs de la collection de tissus Linen Union d\u2019Annie Sloan.\",\"breadcrumb\":{\"@id\":\"https:\/\/www.anniesloan.com\/fr\/produit\/tissus\/union-de-lins\/coco-plus-duck-egg-blue\/#breadcrumb\"},\"inLanguage\":\"fr-FR\",\"potentialAction\":[{\"@type\":\"ReadAction\",\"target\":[\"https:\/\/www.anniesloan.com\/fr\/produit\/tissus\/union-de-lins\/coco-plus-duck-egg-blue\/\"]}]},{\"@type\":\"ImageObject\",\"inLanguage\":\"fr-FR\",\"@id\":\"https:\/\/www.anniesloan.com\/fr\/produit\/tissus\/union-de-lins\/coco-plus-duck-egg-blue\/#primaryimage\",\"url\":\"https:\/\/www.anniesloan.com\/fr\/wp-content\/uploads\/sites\/4\/2021\/05\/Linen-Union-in-Coco-Duck-Egg-Blue-fabric-by-Annie-Sloan-2000.jpg\",\"contentUrl\":\"https:\/\/www.anniesloan.com\/fr\/wp-content\/uploads\/sites\/4\/2021\/05\/Linen-Union-in-Coco-Duck-Egg-Blue-fabric-by-Annie-Sloan-2000.jpg\",\"width\":1279,\"height\":1024,\"caption\":\"Linen Union in Coco + Duck Egg Blue fabric by Annie Sloan\"},{\"@type\":\"BreadcrumbList\",\"@id\":\"https:\/\/www.anniesloan.com\/fr\/produit\/tissus\/union-de-lins\/coco-plus-duck-egg-blue\/#breadcrumb\",\"itemListElement\":[{\"@type\":\"ListItem\",\"position\":1,\"name\":\"Produits\",\"item\":\"https:\/\/www.anniesloan.com\/fr\/produits\/\"},{\"@type\":\"ListItem\",\"position\":2,\"name\":\"Tissus\",\"item\":\"https:\/\/www.anniesloan.com\/fr\/produits\/tissus\/\"},{\"@type\":\"ListItem\",\"position\":3,\"name\":\"Union de lins\",\"item\":\"https:\/\/www.anniesloan.com\/fr\/produits\/tissus\/union-de-lins\/\"},{\"@type\":\"ListItem\",\"position\":4,\"name\":\"Coco + Duck Egg Blue\"}]},{\"@type\":\"WebSite\",\"@id\":\"https:\/\/www.anniesloan.com\/fr\/#website\",\"url\":\"https:\/\/www.anniesloan.com\/fr\/\",\"name\":\"Annie Sloan FR\",\"description\":\"Home of Chalk Paint\",\"publisher\":{\"@id\":\"https:\/\/www.anniesloan.com\/fr\/#organization\"},\"potentialAction\":[{\"@type\":\"SearchAction\",\"target\":{\"@type\":\"EntryPoint\",\"urlTemplate\":\"https:\/\/www.anniesloan.com\/fr\/?s={search_term_string}\"},\"query-input\":{\"@type\":\"PropertyValueSpecification\",\"valueRequired\":true,\"valueName\":\"search_term_string\"}}],\"inLanguage\":\"fr-FR\"},{\"@type\":\"Organization\",\"@id\":\"https:\/\/www.anniesloan.com\/fr\/#organization\",\"name\":\"Annie Sloan\",\"url\":\"https:\/\/www.anniesloan.com\/fr\/\",\"logo\":{\"@type\":\"ImageObject\",\"inLanguage\":\"fr-FR\",\"@id\":\"https:\/\/www.anniesloan.com\/fr\/#\/schema\/logo\/image\/\",\"url\":\"https:\/\/www.anniesloan.com\/fr\/wp-content\/uploads\/sites\/4\/2021\/07\/anniesloan-logo.jpg\",\"contentUrl\":\"https:\/\/www.anniesloan.com\/fr\/wp-content\/uploads\/sites\/4\/2021\/07\/anniesloan-logo.jpg\",\"width\":1200,\"height\":361,\"caption\":\"Annie Sloan\"},\"image\":{\"@id\":\"https:\/\/www.anniesloan.com\/fr\/#\/schema\/logo\/image\/\"}}]}<\/script>\n<meta property=\"product:price:amount\" content=\"59.95\" \/>\n<meta property=\"product:price:currency\" content=\"EUR\" \/>\n<meta property=\"og:availability\" content=\"instock\" \/>\n<meta property=\"product:availability\" content=\"instock\" \/>\n<meta property=\"product:retailer_item_id\" content=\"F301CDB.MT01.09\" \/>\n<meta property=\"product:condition\" content=\"new\" \/>\n<!-- \/ Yoast SEO Premium plugin. -->","yoast_head_json":{"title":"Coco + Duck Egg Blue | Union de lins | Annie Sloan FR","description":"Coco + Duck Egg Blue est l\u2019un des duos de couleurs de la collection de tissus Linen Union d\u2019Annie Sloan.","robots":{"index":"index","follow":"follow","max-snippet":"max-snippet:-1","max-image-preview":"max-image-preview:large","max-video-preview":"max-video-preview:-1"},"canonical":"https:\/\/www.anniesloan.com\/fr\/produit\/tissus\/union-de-lins\/coco-plus-duck-egg-blue\/","og_locale":"fr_FR","og_type":"article","og_title":"Coco + Duck Egg Blue","og_description":"Coco + Duck Egg Blue est l\u2019un des duos de couleurs de la collection de tissus Linen Union d\u2019Annie Sloan.","og_url":"https:\/\/www.anniesloan.com\/fr\/produit\/tissus\/union-de-lins\/coco-plus-duck-egg-blue\/","og_site_name":"Annie Sloan FR","article_modified_time":"2025-02-07T14:16:14+00:00","og_image":[{"width":1279,"height":1024,"url":"https:\/\/www.anniesloan.com\/fr\/wp-content\/uploads\/sites\/4\/2021\/05\/Linen-Union-in-Coco-Duck-Egg-Blue-fabric-by-Annie-Sloan-2000.jpg","type":"image\/jpeg"}],"twitter_card":"summary_large_image","twitter_misc":{"Price":"59.95&euro;","Availability":"In stock"},"schema":{"@context":"https:\/\/schema.org","@graph":[{"@type":"WebPage","@id":"https:\/\/www.anniesloan.com\/fr\/produit\/tissus\/union-de-lins\/coco-plus-duck-egg-blue\/","url":"https:\/\/www.anniesloan.com\/fr\/produit\/tissus\/union-de-lins\/coco-plus-duck-egg-blue\/","name":"Coco + Duck Egg Blue | Union de lins | Annie Sloan FR","isPartOf":{"@id":"https:\/\/www.anniesloan.com\/fr\/#website"},"primaryImageOfPage":{"@id":"https:\/\/www.anniesloan.com\/fr\/produit\/tissus\/union-de-lins\/coco-plus-duck-egg-blue\/#primaryimage"},"image":{"@id":"https:\/\/www.anniesloan.com\/fr\/produit\/tissus\/union-de-lins\/coco-plus-duck-egg-blue\/#primaryimage"},"thumbnailUrl":"https:\/\/www.anniesloan.com\/fr\/wp-content\/uploads\/sites\/4\/2021\/05\/Linen-Union-in-Coco-Duck-Egg-Blue-fabric-by-Annie-Sloan-2000.jpg","datePublished":"2020-02-10T10:38:55+00:00","dateModified":"2025-02-07T14:16:14+00:00","description":"Coco + Duck Egg Blue est l\u2019un des duos de couleurs de la collection de tissus Linen Union d\u2019Annie Sloan.","breadcrumb":{"@id":"https:\/\/www.anniesloan.com\/fr\/produit\/tissus\/union-de-lins\/coco-plus-duck-egg-blue\/#breadcrumb"},"inLanguage":"fr-FR","potentialAction":[{"@type":"ReadAction","target":["https:\/\/www.anniesloan.com\/fr\/produit\/tissus\/union-de-lins\/coco-plus-duck-egg-blue\/"]}]},{"@type":"ImageObject","inLanguage":"fr-FR","@id":"https:\/\/www.anniesloan.com\/fr\/produit\/tissus\/union-de-lins\/coco-plus-duck-egg-blue\/#primaryimage","url":"https:\/\/www.anniesloan.com\/fr\/wp-content\/uploads\/sites\/4\/2021\/05\/Linen-Union-in-Coco-Duck-Egg-Blue-fabric-by-Annie-Sloan-2000.jpg","contentUrl":"https:\/\/www.anniesloan.com\/fr\/wp-content\/uploads\/sites\/4\/2021\/05\/Linen-Union-in-Coco-Duck-Egg-Blue-fabric-by-Annie-Sloan-2000.jpg","width":1279,"height":1024,"caption":"Linen Union in Coco + Duck Egg Blue fabric by Annie Sloan"},{"@type":"BreadcrumbList","@id":"https:\/\/www.anniesloan.com\/fr\/produit\/tissus\/union-de-lins\/coco-plus-duck-egg-blue\/#breadcrumb","itemListElement":[{"@type":"ListItem","position":1,"name":"Produits","item":"https:\/\/www.anniesloan.com\/fr\/produits\/"},{"@type":"ListItem","position":2,"name":"Tissus","item":"https:\/\/www.anniesloan.com\/fr\/produits\/tissus\/"},{"@type":"ListItem","position":3,"name":"Union de lins","item":"https:\/\/www.anniesloan.com\/fr\/produits\/tissus\/union-de-lins\/"},{"@type":"ListItem","position":4,"name":"Coco + Duck Egg Blue"}]},{"@type":"WebSite","@id":"https:\/\/www.anniesloan.com\/fr\/#website","url":"https:\/\/www.anniesloan.com\/fr\/","name":"Annie Sloan FR","description":"Home of Chalk Paint","publisher":{"@id":"https:\/\/www.anniesloan.com\/fr\/#organization"},"potentialAction":[{"@type":"SearchAction","target":{"@type":"EntryPoint","urlTemplate":"https:\/\/www.anniesloan.com\/fr\/?s={search_term_string}"},"query-input":{"@type":"PropertyValueSpecification","valueRequired":true,"valueName":"search_term_string"}}],"inLanguage":"fr-FR"},{"@type":"Organization","@id":"https:\/\/www.anniesloan.com\/fr\/#organization","name":"Annie Sloan","url":"https:\/\/www.anniesloan.com\/fr\/","logo":{"@type":"ImageObject","inLanguage":"fr-FR","@id":"https:\/\/www.anniesloan.com\/fr\/#\/schema\/logo\/image\/","url":"https:\/\/www.anniesloan.com\/fr\/wp-content\/uploads\/sites\/4\/2021\/07\/anniesloan-logo.jpg","contentUrl":"https:\/\/www.anniesloan.com\/fr\/wp-content\/uploads\/sites\/4\/2021\/07\/anniesloan-logo.jpg","width":1200,"height":361,"caption":"Annie Sloan"},"image":{"@id":"https:\/\/www.anniesloan.com\/fr\/#\/schema\/logo\/image\/"}}]},"product_price_amount":"59.95","product_price_currency":"EUR","og_availability":"instock","product_availability":"instock","product_retailer_item_id":"F301CDB.MT01.09","product_condition":"new"},"_links":{"self":[{"href":"https:\/\/www.anniesloan.com\/fr\/wp-json\/wp\/v2\/product\/21857","targetHints":{"allow":["GET"]}}],"collection":[{"href":"https:\/\/www.anniesloan.com\/fr\/wp-json\/wp\/v2\/product"}],"about":[{"href":"https:\/\/www.anniesloan.com\/fr\/wp-json\/wp\/v2\/types\/product"}],"wp:featuredmedia":[{"embeddable":true,"href":"https:\/\/www.anniesloan.com\/fr\/wp-json\/wp\/v2\/media\/21832"}],"wp:attachment":[{"href":"https:\/\/www.anniesloan.com\/fr\/wp-json\/wp\/v2\/media?parent=21857"}],"wp:term":[{"taxonomy":"product_brand","embeddable":true,"href":"https:\/\/www.anniesloan.com\/fr\/wp-json\/wp\/v2\/product_brand?post=21857"},{"taxonomy":"product_cat","embeddable":true,"href":"https:\/\/www.anniesloan.com\/fr\/wp-json\/wp\/v2\/product_cat?post=21857"},{"taxonomy":"product_tag","embeddable":true,"href":"https:\/\/www.anniesloan.com\/fr\/wp-json\/wp\/v2\/product_tag?post=21857"}],"curies":[{"name":"wp","href":"https:\/\/api.w.org\/{rel}","templated":true}]}}