{"id":21678,"date":"2020-02-10T10:12:33","date_gmt":"2020-02-10T10:12:33","guid":{"rendered":"https:\/\/www.anniesloan.com\/product\/colour-recipes-french\/"},"modified":"2026-02-09T09:56:11","modified_gmt":"2026-02-09T08:56:11","slug":"recettes-de-couleurs-pour-relooker-son-interieur","status":"publish","type":"product","link":"https:\/\/www.anniesloan.com\/fr\/produit\/livres\/recettes-de-couleurs-pour-relooker-son-interieur\/","title":{"rendered":"Recettes de couleurs pour relooker son int\u00e9rieur"},"content":{"rendered":"","protected":false},"excerpt":{"rendered":"<p>D\u00e9couvrez\u00a040 techniques pour relooker votre int\u00e9rieur !\u00a0Ce livre r\u00e9uni toutes les techniques f\u00e9tiches d\u2019Annie Sloan, y compris: badigeon, impression, dorure, pochoir, r\u00e9serve \u00e0 la cire, effet essuy\u00e9 ou chaul\u00e9, patine, etc\u2026<\/p>\n<p>Des projets expliqu\u00e9s en pas \u00e0 pas film\u00e9s\u00a0pour relooker des meubles, m\u00e9tamorphoser un escalier, un parquet ou des luminaires, dans<strong>\u00a0<\/strong>5 styles incontournables<strong>\u00a0:<\/strong>\u00a0fran\u00e7ais, boh\u00e8me chic, su\u00e9dois, campagne et contemporain.<\/p>\n<p>Publi\u00e9 par CICO Books avec des photographies command\u00e9es par Christopher Drake. \u00c9diteur :\u00a0Les Editions de Saxe.<\/p>\n","protected":false},"featured_media":21679,"template":"","meta":{"_acf_changed":false,"_relevanssi_hide_post":"","_relevanssi_hide_content":"","_relevanssi_pin_for_all":"","_relevanssi_pin_keywords":"","_relevanssi_unpin_keywords":"","_relevanssi_related_keywords":"","_relevanssi_related_include_ids":"","_relevanssi_related_exclude_ids":"","_relevanssi_related_no_append":"","_relevanssi_related_not_related":"","_relevanssi_related_posts":"","_relevanssi_noindex_reason":""},"product_brand":[],"product_cat":[66],"product_tag":[],"class_list":{"0":"post-21678","1":"product","2":"type-product","3":"status-publish","4":"has-post-thumbnail","6":"product_cat-livres","8":"first","9":"instock","10":"taxable","11":"shipping-taxable","12":"purchasable","13":"product-type-simple"},"acf":[],"yoast_head":"<!-- This site is optimized with the Yoast SEO Premium plugin v26.5 (Yoast SEO v26.5) - https:\/\/yoast.com\/wordpress\/plugins\/seo\/ -->\n<title>Recettes de couleurs pour relooker son int\u00e9rieur | Livre | Annie Sloan FR<\/title>\n<meta name=\"description\" content=\"Le c\u00e9l\u00e8bre livre d\u2019Annie Sloan, \u00ab\u00a0Colour Recipes for Painted Furniture and More\u00a0\u00bb, traduit en fran\u00e7ais. Cet ouvrage pr\u00e9sente 40 projets de surcyclage pour transformer et r\u00e9inventer votre mobilier et votre int\u00e9rieur en toute simplicit\u00e9.\" \/>\n<meta name=\"robots\" content=\"index, follow, max-snippet:-1, max-image-preview:large, max-video-preview:-1\" \/>\n<link rel=\"canonical\" href=\"https:\/\/www.anniesloan.com\/fr\/produit\/livres\/recettes-de-couleurs-pour-relooker-son-interieur\/\" \/>\n<meta property=\"og:locale\" content=\"fr_FR\" \/>\n<meta property=\"og:type\" content=\"article\" \/>\n<meta property=\"og:title\" content=\"Recettes de couleurs pour relooker son int\u00e9rieur\" \/>\n<meta property=\"og:description\" content=\"Le c\u00e9l\u00e8bre livre d\u2019Annie Sloan, \u00ab\u00a0Colour Recipes for Painted Furniture and More\u00a0\u00bb, traduit en fran\u00e7ais. Cet ouvrage pr\u00e9sente 40 projets de surcyclage pour transformer et r\u00e9inventer votre mobilier et votre int\u00e9rieur en toute simplicit\u00e9.\" \/>\n<meta property=\"og:url\" content=\"https:\/\/www.anniesloan.com\/fr\/produit\/livres\/recettes-de-couleurs-pour-relooker-son-interieur\/\" \/>\n<meta property=\"og:site_name\" content=\"Annie Sloan FR\" \/>\n<meta property=\"article:modified_time\" content=\"2026-02-09T08:56:11+00:00\" \/>\n<meta property=\"og:image\" content=\"https:\/\/www.anniesloan.com\/fr\/wp-content\/uploads\/sites\/4\/2021\/05\/Colour-Recipes-for-Painted-Furniture-and-More-by-Annie-Sloan-book-published-by-Cico-front-cover-French-2500.jpg\" \/>\n\t<meta property=\"og:image:width\" content=\"1280\" \/>\n\t<meta property=\"og:image:height\" content=\"1024\" \/>\n\t<meta property=\"og:image:type\" content=\"image\/jpeg\" \/>\n<meta name=\"twitter:card\" content=\"summary_large_image\" \/>\n<meta name=\"twitter:label1\" content=\"Price\" \/>\n\t<meta name=\"twitter:data1\" content=\"19.95&euro;\" \/>\n\t<meta name=\"twitter:label2\" content=\"Availability\" \/>\n\t<meta name=\"twitter:data2\" content=\"In stock\" \/>\n<script type=\"application\/ld+json\" class=\"yoast-schema-graph\">{\"@context\":\"https:\/\/schema.org\",\"@graph\":[{\"@type\":\"WebPage\",\"@id\":\"https:\/\/www.anniesloan.com\/fr\/produit\/livres\/recettes-de-couleurs-pour-relooker-son-interieur\/\",\"url\":\"https:\/\/www.anniesloan.com\/fr\/produit\/livres\/recettes-de-couleurs-pour-relooker-son-interieur\/\",\"name\":\"Recettes de couleurs pour relooker son int\u00e9rieur | Livre | Annie Sloan FR\",\"isPartOf\":{\"@id\":\"https:\/\/www.anniesloan.com\/fr\/#website\"},\"primaryImageOfPage\":{\"@id\":\"https:\/\/www.anniesloan.com\/fr\/produit\/livres\/recettes-de-couleurs-pour-relooker-son-interieur\/#primaryimage\"},\"image\":{\"@id\":\"https:\/\/www.anniesloan.com\/fr\/produit\/livres\/recettes-de-couleurs-pour-relooker-son-interieur\/#primaryimage\"},\"thumbnailUrl\":\"https:\/\/www.anniesloan.com\/fr\/wp-content\/uploads\/sites\/4\/2021\/05\/Colour-Recipes-for-Painted-Furniture-and-More-by-Annie-Sloan-book-published-by-Cico-front-cover-French-2500.jpg\",\"datePublished\":\"2020-02-10T10:12:33+00:00\",\"dateModified\":\"2026-02-09T08:56:11+00:00\",\"description\":\"Le c\u00e9l\u00e8bre livre d\u2019Annie Sloan, \u00ab\u00a0Colour Recipes for Painted Furniture and More\u00a0\u00bb, traduit en fran\u00e7ais. Cet ouvrage pr\u00e9sente 40 projets de surcyclage pour transformer et r\u00e9inventer votre mobilier et votre int\u00e9rieur en toute simplicit\u00e9.\",\"breadcrumb\":{\"@id\":\"https:\/\/www.anniesloan.com\/fr\/produit\/livres\/recettes-de-couleurs-pour-relooker-son-interieur\/#breadcrumb\"},\"inLanguage\":\"fr-FR\",\"potentialAction\":[{\"@type\":\"ReadAction\",\"target\":[\"https:\/\/www.anniesloan.com\/fr\/produit\/livres\/recettes-de-couleurs-pour-relooker-son-interieur\/\"]}]},{\"@type\":\"ImageObject\",\"inLanguage\":\"fr-FR\",\"@id\":\"https:\/\/www.anniesloan.com\/fr\/produit\/livres\/recettes-de-couleurs-pour-relooker-son-interieur\/#primaryimage\",\"url\":\"https:\/\/www.anniesloan.com\/fr\/wp-content\/uploads\/sites\/4\/2021\/05\/Colour-Recipes-for-Painted-Furniture-and-More-by-Annie-Sloan-book-published-by-Cico-front-cover-French-2500.jpg\",\"contentUrl\":\"https:\/\/www.anniesloan.com\/fr\/wp-content\/uploads\/sites\/4\/2021\/05\/Colour-Recipes-for-Painted-Furniture-and-More-by-Annie-Sloan-book-published-by-Cico-front-cover-French-2500.jpg\",\"width\":1280,\"height\":1024,\"caption\":\"Colour Recipes for Painted Furniture and More by Annie Sloan book published by Cico front cover translated to French\"},{\"@type\":\"BreadcrumbList\",\"@id\":\"https:\/\/www.anniesloan.com\/fr\/produit\/livres\/recettes-de-couleurs-pour-relooker-son-interieur\/#breadcrumb\",\"itemListElement\":[{\"@type\":\"ListItem\",\"position\":1,\"name\":\"Produits\",\"item\":\"https:\/\/www.anniesloan.com\/fr\/produits\/\"},{\"@type\":\"ListItem\",\"position\":2,\"name\":\"Livres\",\"item\":\"https:\/\/www.anniesloan.com\/fr\/produits\/livres\/\"},{\"@type\":\"ListItem\",\"position\":3,\"name\":\"Recettes de couleurs pour relooker son int\u00e9rieur\"}]},{\"@type\":\"WebSite\",\"@id\":\"https:\/\/www.anniesloan.com\/fr\/#website\",\"url\":\"https:\/\/www.anniesloan.com\/fr\/\",\"name\":\"Annie Sloan FR\",\"description\":\"Home of Chalk Paint\",\"publisher\":{\"@id\":\"https:\/\/www.anniesloan.com\/fr\/#organization\"},\"potentialAction\":[{\"@type\":\"SearchAction\",\"target\":{\"@type\":\"EntryPoint\",\"urlTemplate\":\"https:\/\/www.anniesloan.com\/fr\/?s={search_term_string}\"},\"query-input\":{\"@type\":\"PropertyValueSpecification\",\"valueRequired\":true,\"valueName\":\"search_term_string\"}}],\"inLanguage\":\"fr-FR\"},{\"@type\":\"Organization\",\"@id\":\"https:\/\/www.anniesloan.com\/fr\/#organization\",\"name\":\"Annie Sloan\",\"url\":\"https:\/\/www.anniesloan.com\/fr\/\",\"logo\":{\"@type\":\"ImageObject\",\"inLanguage\":\"fr-FR\",\"@id\":\"https:\/\/www.anniesloan.com\/fr\/#\/schema\/logo\/image\/\",\"url\":\"https:\/\/www.anniesloan.com\/fr\/wp-content\/uploads\/sites\/4\/2021\/07\/anniesloan-logo.jpg\",\"contentUrl\":\"https:\/\/www.anniesloan.com\/fr\/wp-content\/uploads\/sites\/4\/2021\/07\/anniesloan-logo.jpg\",\"width\":1200,\"height\":361,\"caption\":\"Annie Sloan\"},\"image\":{\"@id\":\"https:\/\/www.anniesloan.com\/fr\/#\/schema\/logo\/image\/\"}}]}<\/script>\n<meta property=\"product:price:amount\" content=\"19.95\" \/>\n<meta property=\"product:price:currency\" content=\"EUR\" \/>\n<meta property=\"og:availability\" content=\"instock\" \/>\n<meta property=\"product:availability\" content=\"instock\" \/>\n<meta property=\"product:retailer_item_id\" content=\"BREC051.FR01.01\" \/>\n<meta property=\"product:condition\" content=\"new\" \/>\n<!-- \/ Yoast SEO Premium plugin. -->","yoast_head_json":{"title":"Recettes de couleurs pour relooker son int\u00e9rieur | Livre | Annie Sloan FR","description":"Le c\u00e9l\u00e8bre livre d\u2019Annie Sloan, \u00ab\u00a0Colour Recipes for Painted Furniture and More\u00a0\u00bb, traduit en fran\u00e7ais. Cet ouvrage pr\u00e9sente 40 projets de surcyclage pour transformer et r\u00e9inventer votre mobilier et votre int\u00e9rieur en toute simplicit\u00e9.","robots":{"index":"index","follow":"follow","max-snippet":"max-snippet:-1","max-image-preview":"max-image-preview:large","max-video-preview":"max-video-preview:-1"},"canonical":"https:\/\/www.anniesloan.com\/fr\/produit\/livres\/recettes-de-couleurs-pour-relooker-son-interieur\/","og_locale":"fr_FR","og_type":"article","og_title":"Recettes de couleurs pour relooker son int\u00e9rieur","og_description":"Le c\u00e9l\u00e8bre livre d\u2019Annie Sloan, \u00ab\u00a0Colour Recipes for Painted Furniture and More\u00a0\u00bb, traduit en fran\u00e7ais. Cet ouvrage pr\u00e9sente 40 projets de surcyclage pour transformer et r\u00e9inventer votre mobilier et votre int\u00e9rieur en toute simplicit\u00e9.","og_url":"https:\/\/www.anniesloan.com\/fr\/produit\/livres\/recettes-de-couleurs-pour-relooker-son-interieur\/","og_site_name":"Annie Sloan FR","article_modified_time":"2026-02-09T08:56:11+00:00","og_image":[{"width":1280,"height":1024,"url":"https:\/\/www.anniesloan.com\/fr\/wp-content\/uploads\/sites\/4\/2021\/05\/Colour-Recipes-for-Painted-Furniture-and-More-by-Annie-Sloan-book-published-by-Cico-front-cover-French-2500.jpg","type":"image\/jpeg"}],"twitter_card":"summary_large_image","twitter_misc":{"Price":"19.95&euro;","Availability":"In stock"},"schema":{"@context":"https:\/\/schema.org","@graph":[{"@type":"WebPage","@id":"https:\/\/www.anniesloan.com\/fr\/produit\/livres\/recettes-de-couleurs-pour-relooker-son-interieur\/","url":"https:\/\/www.anniesloan.com\/fr\/produit\/livres\/recettes-de-couleurs-pour-relooker-son-interieur\/","name":"Recettes de couleurs pour relooker son int\u00e9rieur | Livre | Annie Sloan FR","isPartOf":{"@id":"https:\/\/www.anniesloan.com\/fr\/#website"},"primaryImageOfPage":{"@id":"https:\/\/www.anniesloan.com\/fr\/produit\/livres\/recettes-de-couleurs-pour-relooker-son-interieur\/#primaryimage"},"image":{"@id":"https:\/\/www.anniesloan.com\/fr\/produit\/livres\/recettes-de-couleurs-pour-relooker-son-interieur\/#primaryimage"},"thumbnailUrl":"https:\/\/www.anniesloan.com\/fr\/wp-content\/uploads\/sites\/4\/2021\/05\/Colour-Recipes-for-Painted-Furniture-and-More-by-Annie-Sloan-book-published-by-Cico-front-cover-French-2500.jpg","datePublished":"2020-02-10T10:12:33+00:00","dateModified":"2026-02-09T08:56:11+00:00","description":"Le c\u00e9l\u00e8bre livre d\u2019Annie Sloan, \u00ab\u00a0Colour Recipes for Painted Furniture and More\u00a0\u00bb, traduit en fran\u00e7ais. Cet ouvrage pr\u00e9sente 40 projets de surcyclage pour transformer et r\u00e9inventer votre mobilier et votre int\u00e9rieur en toute simplicit\u00e9.","breadcrumb":{"@id":"https:\/\/www.anniesloan.com\/fr\/produit\/livres\/recettes-de-couleurs-pour-relooker-son-interieur\/#breadcrumb"},"inLanguage":"fr-FR","potentialAction":[{"@type":"ReadAction","target":["https:\/\/www.anniesloan.com\/fr\/produit\/livres\/recettes-de-couleurs-pour-relooker-son-interieur\/"]}]},{"@type":"ImageObject","inLanguage":"fr-FR","@id":"https:\/\/www.anniesloan.com\/fr\/produit\/livres\/recettes-de-couleurs-pour-relooker-son-interieur\/#primaryimage","url":"https:\/\/www.anniesloan.com\/fr\/wp-content\/uploads\/sites\/4\/2021\/05\/Colour-Recipes-for-Painted-Furniture-and-More-by-Annie-Sloan-book-published-by-Cico-front-cover-French-2500.jpg","contentUrl":"https:\/\/www.anniesloan.com\/fr\/wp-content\/uploads\/sites\/4\/2021\/05\/Colour-Recipes-for-Painted-Furniture-and-More-by-Annie-Sloan-book-published-by-Cico-front-cover-French-2500.jpg","width":1280,"height":1024,"caption":"Colour Recipes for Painted Furniture and More by Annie Sloan book published by Cico front cover translated to French"},{"@type":"BreadcrumbList","@id":"https:\/\/www.anniesloan.com\/fr\/produit\/livres\/recettes-de-couleurs-pour-relooker-son-interieur\/#breadcrumb","itemListElement":[{"@type":"ListItem","position":1,"name":"Produits","item":"https:\/\/www.anniesloan.com\/fr\/produits\/"},{"@type":"ListItem","position":2,"name":"Livres","item":"https:\/\/www.anniesloan.com\/fr\/produits\/livres\/"},{"@type":"ListItem","position":3,"name":"Recettes de couleurs pour relooker son int\u00e9rieur"}]},{"@type":"WebSite","@id":"https:\/\/www.anniesloan.com\/fr\/#website","url":"https:\/\/www.anniesloan.com\/fr\/","name":"Annie Sloan FR","description":"Home of Chalk Paint","publisher":{"@id":"https:\/\/www.anniesloan.com\/fr\/#organization"},"potentialAction":[{"@type":"SearchAction","target":{"@type":"EntryPoint","urlTemplate":"https:\/\/www.anniesloan.com\/fr\/?s={search_term_string}"},"query-input":{"@type":"PropertyValueSpecification","valueRequired":true,"valueName":"search_term_string"}}],"inLanguage":"fr-FR"},{"@type":"Organization","@id":"https:\/\/www.anniesloan.com\/fr\/#organization","name":"Annie Sloan","url":"https:\/\/www.anniesloan.com\/fr\/","logo":{"@type":"ImageObject","inLanguage":"fr-FR","@id":"https:\/\/www.anniesloan.com\/fr\/#\/schema\/logo\/image\/","url":"https:\/\/www.anniesloan.com\/fr\/wp-content\/uploads\/sites\/4\/2021\/07\/anniesloan-logo.jpg","contentUrl":"https:\/\/www.anniesloan.com\/fr\/wp-content\/uploads\/sites\/4\/2021\/07\/anniesloan-logo.jpg","width":1200,"height":361,"caption":"Annie Sloan"},"image":{"@id":"https:\/\/www.anniesloan.com\/fr\/#\/schema\/logo\/image\/"}}]},"product_price_amount":"19.95","product_price_currency":"EUR","og_availability":"instock","product_availability":"instock","product_retailer_item_id":"BREC051.FR01.01","product_condition":"new"},"_links":{"self":[{"href":"https:\/\/www.anniesloan.com\/fr\/wp-json\/wp\/v2\/product\/21678","targetHints":{"allow":["GET"]}}],"collection":[{"href":"https:\/\/www.anniesloan.com\/fr\/wp-json\/wp\/v2\/product"}],"about":[{"href":"https:\/\/www.anniesloan.com\/fr\/wp-json\/wp\/v2\/types\/product"}],"wp:featuredmedia":[{"embeddable":true,"href":"https:\/\/www.anniesloan.com\/fr\/wp-json\/wp\/v2\/media\/21679"}],"wp:attachment":[{"href":"https:\/\/www.anniesloan.com\/fr\/wp-json\/wp\/v2\/media?parent=21678"}],"wp:term":[{"taxonomy":"product_brand","embeddable":true,"href":"https:\/\/www.anniesloan.com\/fr\/wp-json\/wp\/v2\/product_brand?post=21678"},{"taxonomy":"product_cat","embeddable":true,"href":"https:\/\/www.anniesloan.com\/fr\/wp-json\/wp\/v2\/product_cat?post=21678"},{"taxonomy":"product_tag","embeddable":true,"href":"https:\/\/www.anniesloan.com\/fr\/wp-json\/wp\/v2\/product_tag?post=21678"}],"curies":[{"name":"wp","href":"https:\/\/api.w.org\/{rel}","templated":true}]}}