{"id":21542,"date":"2020-02-10T11:12:33","date_gmt":"2020-02-10T10:12:33","guid":{"rendered":"https:\/\/www.anniesloan.com\/product\/the-colourist-issue-three\/"},"modified":"2025-12-11T14:01:04","modified_gmt":"2025-12-11T13:01:04","slug":"the-colourist-numero-trois","status":"publish","type":"product","link":"https:\/\/www.anniesloan.com\/fr\/produit\/livres\/the-colourist-numero-trois\/","title":{"rendered":"The Colourist NUM\u00c9RO 3"},"content":{"rendered":"","protected":false},"excerpt":{"rendered":"<p>The Colourist est un \u00ab livrazine \u00bb (incluant des articles comme un magazine, mais sans publicit\u00e9, comme un livre) consacr\u00e9 \u00e0 la passion d\u2019Annie Sloan pour la couleur. Cette revue semestrielle de collection propose 132 pages soigneusement pr\u00e9sent\u00e9es, reli\u00e9es par une couverture s\u00e9duisante.<\/p>\n<p>Dans son 3e num\u00e9ro, The Colourist met le bleu \u00e0 l\u2019honneur ! Le bleu est une couleur satur\u00e9e, c\u2019est \u00e0 dire qu\u2019elle agrandit l\u2019espace en attirant le regard. Mais, le bleu se d\u00e9cline \u00e9galement en nombreuses teintes ! Froid et givr\u00e9, chaud et ensoleill\u00e9, sombre et th\u00e9\u00e2tral ou clair et \u00e9clatant, toutes les vertus des plus magnifiques bleus vous seront pr\u00e9sent\u00e9es dans ce nouveau num\u00e9ro de The Colourist.<\/p>\n<p>Visitez la maison de vacances toute en couleurs de Rachael Jackson, ou le pied-\u00e0-terre excentrique d\u2019Adam Calkin en Angleterre, ou encore suivez Annie dans les rues marocaines. Andrea Romeo, New-Yorkais et revendeur Chalk Paint\u2122, vous fera explorer Brooklyn et vous d\u00e9couvrirez aussi le pouvoir de gu\u00e9rison des projets cr\u00e9atifs. Vous apprendrez comment utiliser au mieux les pochoirs Art D\u00e9co gratuits inclus dans chaque \u00e9dition de The Colourist.<\/p>\n","protected":false},"featured_media":21543,"template":"","meta":{"_acf_changed":false,"_relevanssi_hide_post":"","_relevanssi_hide_content":"","_relevanssi_pin_for_all":"","_relevanssi_pin_keywords":"","_relevanssi_unpin_keywords":"","_relevanssi_related_keywords":"","_relevanssi_related_include_ids":"","_relevanssi_related_exclude_ids":"","_relevanssi_related_no_append":"","_relevanssi_related_not_related":"","_relevanssi_related_posts":"","_relevanssi_noindex_reason":""},"product_brand":[],"product_cat":[1171,66],"product_tag":[],"class_list":{"0":"post-21542","1":"product","2":"type-product","3":"status-publish","4":"has-post-thumbnail","6":"product_cat-cadeaux-a-moins-de-15-e","7":"product_cat-livres","9":"first","10":"instock","11":"taxable","12":"shipping-taxable","13":"purchasable","14":"product-type-simple"},"acf":[],"yoast_head":"<!-- This site is optimized with the Yoast SEO Premium plugin v26.5 (Yoast SEO v26.5) - https:\/\/yoast.com\/wordpress\/plugins\/seo\/ -->\n<title>The Colourist NUM\u00c9RO 3 | Livre par Annie Sloan | Annie Sloan FR<\/title>\n<meta name=\"description\" content=\"The Colourist est un livrazine semestriel de collection consacr\u00e9 \u00e0 la passion d\u2019Annie Sloan pour la couleur. En voici le troisi\u00e8me num\u00e9ro\u00a0!\" \/>\n<meta name=\"robots\" content=\"index, follow, max-snippet:-1, max-image-preview:large, max-video-preview:-1\" \/>\n<link rel=\"canonical\" href=\"https:\/\/www.anniesloan.com\/fr\/produit\/livres\/the-colourist-numero-trois\/\" \/>\n<meta property=\"og:locale\" content=\"fr_FR\" \/>\n<meta property=\"og:type\" content=\"article\" \/>\n<meta property=\"og:title\" content=\"The Colourist NUM\u00c9RO 3\" \/>\n<meta property=\"og:description\" content=\"The Colourist est un livrazine semestriel de collection consacr\u00e9 \u00e0 la passion d\u2019Annie Sloan pour la couleur. En voici le troisi\u00e8me num\u00e9ro\u00a0!\" \/>\n<meta property=\"og:url\" content=\"https:\/\/www.anniesloan.com\/fr\/produit\/livres\/the-colourist-numero-trois\/\" \/>\n<meta property=\"og:site_name\" content=\"Annie Sloan FR\" \/>\n<meta property=\"article:modified_time\" content=\"2025-12-11T13:01:04+00:00\" \/>\n<meta property=\"og:image\" content=\"https:\/\/www.anniesloan.com\/fr\/wp-content\/uploads\/sites\/4\/2021\/05\/The-Colourist-Issue-3-by-Annie-Sloan-front-cover-2500.jpg\" \/>\n\t<meta property=\"og:image:width\" content=\"1280\" \/>\n\t<meta property=\"og:image:height\" content=\"1024\" \/>\n\t<meta property=\"og:image:type\" content=\"image\/jpeg\" \/>\n<meta name=\"twitter:card\" content=\"summary_large_image\" \/>\n<meta name=\"twitter:label1\" content=\"Price\" \/>\n\t<meta name=\"twitter:data1\" content=\"12.95&euro;\" \/>\n\t<meta name=\"twitter:label2\" content=\"Availability\" \/>\n\t<meta name=\"twitter:data2\" content=\"In stock\" \/>\n<script type=\"application\/ld+json\" class=\"yoast-schema-graph\">{\"@context\":\"https:\/\/schema.org\",\"@graph\":[{\"@type\":\"WebPage\",\"@id\":\"https:\/\/www.anniesloan.com\/fr\/produit\/livres\/the-colourist-numero-trois\/\",\"url\":\"https:\/\/www.anniesloan.com\/fr\/produit\/livres\/the-colourist-numero-trois\/\",\"name\":\"The Colourist NUM\u00c9RO 3 | Livre par Annie Sloan | Annie Sloan FR\",\"isPartOf\":{\"@id\":\"https:\/\/www.anniesloan.com\/fr\/#website\"},\"primaryImageOfPage\":{\"@id\":\"https:\/\/www.anniesloan.com\/fr\/produit\/livres\/the-colourist-numero-trois\/#primaryimage\"},\"image\":{\"@id\":\"https:\/\/www.anniesloan.com\/fr\/produit\/livres\/the-colourist-numero-trois\/#primaryimage\"},\"thumbnailUrl\":\"https:\/\/www.anniesloan.com\/fr\/wp-content\/uploads\/sites\/4\/2021\/05\/The-Colourist-Issue-3-by-Annie-Sloan-front-cover-2500.jpg\",\"datePublished\":\"2020-02-10T10:12:33+00:00\",\"dateModified\":\"2025-12-11T13:01:04+00:00\",\"description\":\"The Colourist est un livrazine semestriel de collection consacr\u00e9 \u00e0 la passion d\u2019Annie Sloan pour la couleur. En voici le troisi\u00e8me num\u00e9ro\u00a0!\",\"breadcrumb\":{\"@id\":\"https:\/\/www.anniesloan.com\/fr\/produit\/livres\/the-colourist-numero-trois\/#breadcrumb\"},\"inLanguage\":\"fr-FR\",\"potentialAction\":[{\"@type\":\"ReadAction\",\"target\":[\"https:\/\/www.anniesloan.com\/fr\/produit\/livres\/the-colourist-numero-trois\/\"]}]},{\"@type\":\"ImageObject\",\"inLanguage\":\"fr-FR\",\"@id\":\"https:\/\/www.anniesloan.com\/fr\/produit\/livres\/the-colourist-numero-trois\/#primaryimage\",\"url\":\"https:\/\/www.anniesloan.com\/fr\/wp-content\/uploads\/sites\/4\/2021\/05\/The-Colourist-Issue-3-by-Annie-Sloan-front-cover-2500.jpg\",\"contentUrl\":\"https:\/\/www.anniesloan.com\/fr\/wp-content\/uploads\/sites\/4\/2021\/05\/The-Colourist-Issue-3-by-Annie-Sloan-front-cover-2500.jpg\",\"width\":1280,\"height\":1024,\"caption\":\"The Colourist Issue 3 by Annie Sloan front cover\"},{\"@type\":\"BreadcrumbList\",\"@id\":\"https:\/\/www.anniesloan.com\/fr\/produit\/livres\/the-colourist-numero-trois\/#breadcrumb\",\"itemListElement\":[{\"@type\":\"ListItem\",\"position\":1,\"name\":\"Produits\",\"item\":\"https:\/\/www.anniesloan.com\/fr\/produits\/\"},{\"@type\":\"ListItem\",\"position\":2,\"name\":\"Livres\",\"item\":\"https:\/\/www.anniesloan.com\/fr\/produits\/livres\/\"},{\"@type\":\"ListItem\",\"position\":3,\"name\":\"The Colourist NUM\u00c9RO 3\"}]},{\"@type\":\"WebSite\",\"@id\":\"https:\/\/www.anniesloan.com\/fr\/#website\",\"url\":\"https:\/\/www.anniesloan.com\/fr\/\",\"name\":\"Annie Sloan FR\",\"description\":\"Home of Chalk Paint\",\"publisher\":{\"@id\":\"https:\/\/www.anniesloan.com\/fr\/#organization\"},\"potentialAction\":[{\"@type\":\"SearchAction\",\"target\":{\"@type\":\"EntryPoint\",\"urlTemplate\":\"https:\/\/www.anniesloan.com\/fr\/?s={search_term_string}\"},\"query-input\":{\"@type\":\"PropertyValueSpecification\",\"valueRequired\":true,\"valueName\":\"search_term_string\"}}],\"inLanguage\":\"fr-FR\"},{\"@type\":\"Organization\",\"@id\":\"https:\/\/www.anniesloan.com\/fr\/#organization\",\"name\":\"Annie Sloan\",\"url\":\"https:\/\/www.anniesloan.com\/fr\/\",\"logo\":{\"@type\":\"ImageObject\",\"inLanguage\":\"fr-FR\",\"@id\":\"https:\/\/www.anniesloan.com\/fr\/#\/schema\/logo\/image\/\",\"url\":\"https:\/\/www.anniesloan.com\/fr\/wp-content\/uploads\/sites\/4\/2021\/07\/anniesloan-logo.jpg\",\"contentUrl\":\"https:\/\/www.anniesloan.com\/fr\/wp-content\/uploads\/sites\/4\/2021\/07\/anniesloan-logo.jpg\",\"width\":1200,\"height\":361,\"caption\":\"Annie Sloan\"},\"image\":{\"@id\":\"https:\/\/www.anniesloan.com\/fr\/#\/schema\/logo\/image\/\"}}]}<\/script>\n<meta property=\"product:price:amount\" content=\"12.95\" \/>\n<meta property=\"product:price:currency\" content=\"EUR\" \/>\n<meta property=\"og:availability\" content=\"instock\" \/>\n<meta property=\"product:availability\" content=\"instock\" \/>\n<meta property=\"product:retailer_item_id\" content=\"TCTB002.1901.09\" \/>\n<meta property=\"product:condition\" content=\"new\" \/>\n<!-- \/ Yoast SEO Premium plugin. -->","yoast_head_json":{"title":"The Colourist NUM\u00c9RO 3 | Livre par Annie Sloan | Annie Sloan FR","description":"The Colourist est un livrazine semestriel de collection consacr\u00e9 \u00e0 la passion d\u2019Annie Sloan pour la couleur. En voici le troisi\u00e8me num\u00e9ro\u00a0!","robots":{"index":"index","follow":"follow","max-snippet":"max-snippet:-1","max-image-preview":"max-image-preview:large","max-video-preview":"max-video-preview:-1"},"canonical":"https:\/\/www.anniesloan.com\/fr\/produit\/livres\/the-colourist-numero-trois\/","og_locale":"fr_FR","og_type":"article","og_title":"The Colourist NUM\u00c9RO 3","og_description":"The Colourist est un livrazine semestriel de collection consacr\u00e9 \u00e0 la passion d\u2019Annie Sloan pour la couleur. En voici le troisi\u00e8me num\u00e9ro\u00a0!","og_url":"https:\/\/www.anniesloan.com\/fr\/produit\/livres\/the-colourist-numero-trois\/","og_site_name":"Annie Sloan FR","article_modified_time":"2025-12-11T13:01:04+00:00","og_image":[{"width":1280,"height":1024,"url":"https:\/\/www.anniesloan.com\/fr\/wp-content\/uploads\/sites\/4\/2021\/05\/The-Colourist-Issue-3-by-Annie-Sloan-front-cover-2500.jpg","type":"image\/jpeg"}],"twitter_card":"summary_large_image","twitter_misc":{"Price":"12.95&euro;","Availability":"In stock"},"schema":{"@context":"https:\/\/schema.org","@graph":[{"@type":"WebPage","@id":"https:\/\/www.anniesloan.com\/fr\/produit\/livres\/the-colourist-numero-trois\/","url":"https:\/\/www.anniesloan.com\/fr\/produit\/livres\/the-colourist-numero-trois\/","name":"The Colourist NUM\u00c9RO 3 | Livre par Annie Sloan | Annie Sloan FR","isPartOf":{"@id":"https:\/\/www.anniesloan.com\/fr\/#website"},"primaryImageOfPage":{"@id":"https:\/\/www.anniesloan.com\/fr\/produit\/livres\/the-colourist-numero-trois\/#primaryimage"},"image":{"@id":"https:\/\/www.anniesloan.com\/fr\/produit\/livres\/the-colourist-numero-trois\/#primaryimage"},"thumbnailUrl":"https:\/\/www.anniesloan.com\/fr\/wp-content\/uploads\/sites\/4\/2021\/05\/The-Colourist-Issue-3-by-Annie-Sloan-front-cover-2500.jpg","datePublished":"2020-02-10T10:12:33+00:00","dateModified":"2025-12-11T13:01:04+00:00","description":"The Colourist est un livrazine semestriel de collection consacr\u00e9 \u00e0 la passion d\u2019Annie Sloan pour la couleur. En voici le troisi\u00e8me num\u00e9ro\u00a0!","breadcrumb":{"@id":"https:\/\/www.anniesloan.com\/fr\/produit\/livres\/the-colourist-numero-trois\/#breadcrumb"},"inLanguage":"fr-FR","potentialAction":[{"@type":"ReadAction","target":["https:\/\/www.anniesloan.com\/fr\/produit\/livres\/the-colourist-numero-trois\/"]}]},{"@type":"ImageObject","inLanguage":"fr-FR","@id":"https:\/\/www.anniesloan.com\/fr\/produit\/livres\/the-colourist-numero-trois\/#primaryimage","url":"https:\/\/www.anniesloan.com\/fr\/wp-content\/uploads\/sites\/4\/2021\/05\/The-Colourist-Issue-3-by-Annie-Sloan-front-cover-2500.jpg","contentUrl":"https:\/\/www.anniesloan.com\/fr\/wp-content\/uploads\/sites\/4\/2021\/05\/The-Colourist-Issue-3-by-Annie-Sloan-front-cover-2500.jpg","width":1280,"height":1024,"caption":"The Colourist Issue 3 by Annie Sloan front cover"},{"@type":"BreadcrumbList","@id":"https:\/\/www.anniesloan.com\/fr\/produit\/livres\/the-colourist-numero-trois\/#breadcrumb","itemListElement":[{"@type":"ListItem","position":1,"name":"Produits","item":"https:\/\/www.anniesloan.com\/fr\/produits\/"},{"@type":"ListItem","position":2,"name":"Livres","item":"https:\/\/www.anniesloan.com\/fr\/produits\/livres\/"},{"@type":"ListItem","position":3,"name":"The Colourist NUM\u00c9RO 3"}]},{"@type":"WebSite","@id":"https:\/\/www.anniesloan.com\/fr\/#website","url":"https:\/\/www.anniesloan.com\/fr\/","name":"Annie Sloan FR","description":"Home of Chalk Paint","publisher":{"@id":"https:\/\/www.anniesloan.com\/fr\/#organization"},"potentialAction":[{"@type":"SearchAction","target":{"@type":"EntryPoint","urlTemplate":"https:\/\/www.anniesloan.com\/fr\/?s={search_term_string}"},"query-input":{"@type":"PropertyValueSpecification","valueRequired":true,"valueName":"search_term_string"}}],"inLanguage":"fr-FR"},{"@type":"Organization","@id":"https:\/\/www.anniesloan.com\/fr\/#organization","name":"Annie Sloan","url":"https:\/\/www.anniesloan.com\/fr\/","logo":{"@type":"ImageObject","inLanguage":"fr-FR","@id":"https:\/\/www.anniesloan.com\/fr\/#\/schema\/logo\/image\/","url":"https:\/\/www.anniesloan.com\/fr\/wp-content\/uploads\/sites\/4\/2021\/07\/anniesloan-logo.jpg","contentUrl":"https:\/\/www.anniesloan.com\/fr\/wp-content\/uploads\/sites\/4\/2021\/07\/anniesloan-logo.jpg","width":1200,"height":361,"caption":"Annie Sloan"},"image":{"@id":"https:\/\/www.anniesloan.com\/fr\/#\/schema\/logo\/image\/"}}]},"product_price_amount":"12.95","product_price_currency":"EUR","og_availability":"instock","product_availability":"instock","product_retailer_item_id":"TCTB002.1901.09","product_condition":"new"},"_links":{"self":[{"href":"https:\/\/www.anniesloan.com\/fr\/wp-json\/wp\/v2\/product\/21542","targetHints":{"allow":["GET"]}}],"collection":[{"href":"https:\/\/www.anniesloan.com\/fr\/wp-json\/wp\/v2\/product"}],"about":[{"href":"https:\/\/www.anniesloan.com\/fr\/wp-json\/wp\/v2\/types\/product"}],"wp:featuredmedia":[{"embeddable":true,"href":"https:\/\/www.anniesloan.com\/fr\/wp-json\/wp\/v2\/media\/21543"}],"wp:attachment":[{"href":"https:\/\/www.anniesloan.com\/fr\/wp-json\/wp\/v2\/media?parent=21542"}],"wp:term":[{"taxonomy":"product_brand","embeddable":true,"href":"https:\/\/www.anniesloan.com\/fr\/wp-json\/wp\/v2\/product_brand?post=21542"},{"taxonomy":"product_cat","embeddable":true,"href":"https:\/\/www.anniesloan.com\/fr\/wp-json\/wp\/v2\/product_cat?post=21542"},{"taxonomy":"product_tag","embeddable":true,"href":"https:\/\/www.anniesloan.com\/fr\/wp-json\/wp\/v2\/product_tag?post=21542"}],"curies":[{"name":"wp","href":"https:\/\/api.w.org\/{rel}","templated":true}]}}