{"id":21486,"date":"2020-02-10T10:39:29","date_gmt":"2020-02-10T09:39:29","guid":{"rendered":"https:\/\/www.anniesloan.com\/product\/charleston-decorative-paint-set-in-rodmell\/"},"modified":"2026-02-20T08:55:27","modified_gmt":"2026-02-20T07:55:27","slug":"charleston-coffret-de-peinture-decorative-rodmell","status":"publish","type":"product","link":"https:\/\/www.anniesloan.com\/fr\/produit\/cadeaux-et-coffrets\/charleston-coffret-de-peinture-decorative-rodmell\/","title":{"rendered":"ANNIE SLOAN ET CHARLESTON : COFFRET DE PEINTURE D\u00c9CORATIVE RODMELL"},"content":{"rendered":"","protected":false},"excerpt":{"rendered":"<p>Annie a cr\u00e9\u00e9 trois couleurs en \u00e9dition limit\u00e9e, toutes inspir\u00e9es de l\u2019utilisation g\u00e9n\u00e9reuse de la peinture et de la couleur \u00e0 Charleston. Chaque couleur est vendue dans un coffret de peinture d\u00e9corative.<\/p>\n<p>Ce coffret d\u00e9coratif comprend un pot de 120 ml de peinture Chalk Paint\u2122 Rodmell. Rodmell est un violet dans les tons de prune. Cette couleur s\u2019inspire de l\u2019effet peinture aux teintes ombr\u00e9es des murs du Studio, le c\u0153ur cr\u00e9atif du domaine de Charleston pendant plus de 50 ans.<\/p>\n<p>En plus de Rodmell, le coffret contient deux couleurs compl\u00e9mentaires : 120 ml de Chalk Paint\u2122 dans les coloris Greek Blue et Original, un pot de 120 ml de cire Claire Chalk Paint\u2122 Wax et un guide pour vous donner de l\u2019inspiration. Il y a suffisamment de peinture pour r\u00e9aliser un projet sur une chaise ou une petite table.<\/p>\n<p>Pour en savoir plus sur cette collaboration, rendez-vous sur la page\u00a0<a href=\"https:\/\/www.anniesloan.com\/fr\/collaborations\/charleston\/\">Annie Sloan et Charleston<\/a>.<\/p>\n","protected":false},"featured_media":21487,"template":"","meta":{"_acf_changed":false,"_relevanssi_hide_post":"","_relevanssi_hide_content":"","_relevanssi_pin_for_all":"","_relevanssi_pin_keywords":"","_relevanssi_unpin_keywords":"","_relevanssi_related_keywords":"","_relevanssi_related_include_ids":"","_relevanssi_related_exclude_ids":"","_relevanssi_related_no_append":"","_relevanssi_related_not_related":"","_relevanssi_related_posts":"","_relevanssi_noindex_reason":""},"product_brand":[],"product_cat":[65,1170],"product_tag":[],"class_list":{"0":"post-21486","1":"product","2":"type-product","3":"status-publish","4":"has-post-thumbnail","6":"product_cat-cadeaux-et-coffrets","7":"product_cat-cadeaux-a-moins-de-50-e","9":"first","10":"instock","11":"taxable","12":"shipping-taxable","13":"purchasable","14":"product-type-simple"},"acf":[],"yoast_head":"<!-- This site is optimized with the Yoast SEO Premium plugin v26.5 (Yoast SEO v26.5) - https:\/\/yoast.com\/wordpress\/plugins\/seo\/ -->\n<title>ANNIE SLOAN ET CHARLESTON : COFFRET DE PEINTURE D\u00c9CORATIVE RODMELL | Annie Sloan FR<\/title>\n<meta name=\"description\" content=\"Le coffret de peinture Rodmell, inspir\u00e9 du domaine de Charleston, inclut trois couleurs de la gamme Chalk Paint\u2122 et de la cire. Id\u00e9al pour relooker une chaise\u00a0!\" \/>\n<meta name=\"robots\" content=\"index, follow, max-snippet:-1, max-image-preview:large, max-video-preview:-1\" \/>\n<link rel=\"canonical\" href=\"https:\/\/www.anniesloan.com\/fr\/produit\/cadeaux-et-coffrets\/charleston-coffret-de-peinture-decorative-rodmell\/\" \/>\n<meta property=\"og:locale\" content=\"fr_FR\" \/>\n<meta property=\"og:type\" content=\"article\" \/>\n<meta property=\"og:title\" content=\"ANNIE SLOAN ET CHARLESTON : COFFRET DE PEINTURE D\u00c9CORATIVE RODMELL\" \/>\n<meta property=\"og:description\" content=\"Le coffret de peinture Rodmell, inspir\u00e9 du domaine de Charleston, inclut trois couleurs de la gamme Chalk Paint\u2122 et de la cire. Id\u00e9al pour relooker une chaise\u00a0!\" \/>\n<meta property=\"og:url\" content=\"https:\/\/www.anniesloan.com\/fr\/produit\/cadeaux-et-coffrets\/charleston-coffret-de-peinture-decorative-rodmell\/\" \/>\n<meta property=\"og:site_name\" content=\"Annie Sloan FR\" \/>\n<meta property=\"article:modified_time\" content=\"2026-02-20T07:55:27+00:00\" \/>\n<meta property=\"og:image\" content=\"https:\/\/www.anniesloan.com\/fr\/wp-content\/uploads\/sites\/4\/2021\/05\/Annie-Sloan-with-Charleston-Decorative-Paint-Set-in-Rodmell-2500.jpg\" \/>\n\t<meta property=\"og:image:width\" content=\"1280\" \/>\n\t<meta property=\"og:image:height\" content=\"1024\" \/>\n\t<meta property=\"og:image:type\" content=\"image\/jpeg\" \/>\n<meta name=\"twitter:card\" content=\"summary_large_image\" \/>\n<meta name=\"twitter:label1\" content=\"Price\" \/>\n\t<meta name=\"twitter:data1\" content=\"39.95&euro;\" \/>\n\t<meta name=\"twitter:label2\" content=\"Availability\" \/>\n\t<meta name=\"twitter:data2\" content=\"In stock\" \/>\n<script type=\"application\/ld+json\" class=\"yoast-schema-graph\">{\"@context\":\"https:\/\/schema.org\",\"@graph\":[{\"@type\":\"WebPage\",\"@id\":\"https:\/\/www.anniesloan.com\/fr\/produit\/cadeaux-et-coffrets\/charleston-coffret-de-peinture-decorative-rodmell\/\",\"url\":\"https:\/\/www.anniesloan.com\/fr\/produit\/cadeaux-et-coffrets\/charleston-coffret-de-peinture-decorative-rodmell\/\",\"name\":\"ANNIE SLOAN ET CHARLESTON : COFFRET DE PEINTURE D\u00c9CORATIVE RODMELL | Annie Sloan FR\",\"isPartOf\":{\"@id\":\"https:\/\/www.anniesloan.com\/fr\/#website\"},\"primaryImageOfPage\":{\"@id\":\"https:\/\/www.anniesloan.com\/fr\/produit\/cadeaux-et-coffrets\/charleston-coffret-de-peinture-decorative-rodmell\/#primaryimage\"},\"image\":{\"@id\":\"https:\/\/www.anniesloan.com\/fr\/produit\/cadeaux-et-coffrets\/charleston-coffret-de-peinture-decorative-rodmell\/#primaryimage\"},\"thumbnailUrl\":\"https:\/\/www.anniesloan.com\/fr\/wp-content\/uploads\/sites\/4\/2021\/05\/Annie-Sloan-with-Charleston-Decorative-Paint-Set-in-Rodmell-2500.jpg\",\"datePublished\":\"2020-02-10T09:39:29+00:00\",\"dateModified\":\"2026-02-20T07:55:27+00:00\",\"description\":\"Le coffret de peinture Rodmell, inspir\u00e9 du domaine de Charleston, inclut trois couleurs de la gamme Chalk Paint\u2122 et de la cire. Id\u00e9al pour relooker une chaise\u00a0!\",\"breadcrumb\":{\"@id\":\"https:\/\/www.anniesloan.com\/fr\/produit\/cadeaux-et-coffrets\/charleston-coffret-de-peinture-decorative-rodmell\/#breadcrumb\"},\"inLanguage\":\"fr-FR\",\"potentialAction\":[{\"@type\":\"ReadAction\",\"target\":[\"https:\/\/www.anniesloan.com\/fr\/produit\/cadeaux-et-coffrets\/charleston-coffret-de-peinture-decorative-rodmell\/\"]}]},{\"@type\":\"ImageObject\",\"inLanguage\":\"fr-FR\",\"@id\":\"https:\/\/www.anniesloan.com\/fr\/produit\/cadeaux-et-coffrets\/charleston-coffret-de-peinture-decorative-rodmell\/#primaryimage\",\"url\":\"https:\/\/www.anniesloan.com\/fr\/wp-content\/uploads\/sites\/4\/2021\/05\/Annie-Sloan-with-Charleston-Decorative-Paint-Set-in-Rodmell-2500.jpg\",\"contentUrl\":\"https:\/\/www.anniesloan.com\/fr\/wp-content\/uploads\/sites\/4\/2021\/05\/Annie-Sloan-with-Charleston-Decorative-Paint-Set-in-Rodmell-2500.jpg\",\"width\":1280,\"height\":1024,\"caption\":\"Annie Sloan with Charleston Decorative Paint Set in Rodmell, Greek Blue and Original\"},{\"@type\":\"BreadcrumbList\",\"@id\":\"https:\/\/www.anniesloan.com\/fr\/produit\/cadeaux-et-coffrets\/charleston-coffret-de-peinture-decorative-rodmell\/#breadcrumb\",\"itemListElement\":[{\"@type\":\"ListItem\",\"position\":1,\"name\":\"Produits\",\"item\":\"https:\/\/www.anniesloan.com\/fr\/produits\/\"},{\"@type\":\"ListItem\",\"position\":2,\"name\":\"Cadeaux et coffrets\",\"item\":\"https:\/\/www.anniesloan.com\/fr\/produits\/cadeaux-et-coffrets\/\"},{\"@type\":\"ListItem\",\"position\":3,\"name\":\"ANNIE SLOAN ET CHARLESTON : COFFRET DE PEINTURE D\u00c9CORATIVE RODMELL\"}]},{\"@type\":\"WebSite\",\"@id\":\"https:\/\/www.anniesloan.com\/fr\/#website\",\"url\":\"https:\/\/www.anniesloan.com\/fr\/\",\"name\":\"Annie Sloan FR\",\"description\":\"Home of Chalk Paint\",\"publisher\":{\"@id\":\"https:\/\/www.anniesloan.com\/fr\/#organization\"},\"potentialAction\":[{\"@type\":\"SearchAction\",\"target\":{\"@type\":\"EntryPoint\",\"urlTemplate\":\"https:\/\/www.anniesloan.com\/fr\/?s={search_term_string}\"},\"query-input\":{\"@type\":\"PropertyValueSpecification\",\"valueRequired\":true,\"valueName\":\"search_term_string\"}}],\"inLanguage\":\"fr-FR\"},{\"@type\":\"Organization\",\"@id\":\"https:\/\/www.anniesloan.com\/fr\/#organization\",\"name\":\"Annie Sloan\",\"url\":\"https:\/\/www.anniesloan.com\/fr\/\",\"logo\":{\"@type\":\"ImageObject\",\"inLanguage\":\"fr-FR\",\"@id\":\"https:\/\/www.anniesloan.com\/fr\/#\/schema\/logo\/image\/\",\"url\":\"https:\/\/www.anniesloan.com\/fr\/wp-content\/uploads\/sites\/4\/2021\/07\/anniesloan-logo.jpg\",\"contentUrl\":\"https:\/\/www.anniesloan.com\/fr\/wp-content\/uploads\/sites\/4\/2021\/07\/anniesloan-logo.jpg\",\"width\":1200,\"height\":361,\"caption\":\"Annie Sloan\"},\"image\":{\"@id\":\"https:\/\/www.anniesloan.com\/fr\/#\/schema\/logo\/image\/\"}}]}<\/script>\n<meta property=\"product:price:amount\" content=\"39.95\" \/>\n<meta property=\"product:price:currency\" content=\"EUR\" \/>\n<meta property=\"og:availability\" content=\"instock\" \/>\n<meta property=\"product:availability\" content=\"instock\" \/>\n<meta property=\"product:retailer_item_id\" content=\"CHPS001.XXXX.09\" \/>\n<meta property=\"product:condition\" content=\"new\" \/>\n<!-- \/ Yoast SEO Premium plugin. -->","yoast_head_json":{"title":"ANNIE SLOAN ET CHARLESTON : COFFRET DE PEINTURE D\u00c9CORATIVE RODMELL | Annie Sloan FR","description":"Le coffret de peinture Rodmell, inspir\u00e9 du domaine de Charleston, inclut trois couleurs de la gamme Chalk Paint\u2122 et de la cire. Id\u00e9al pour relooker une chaise\u00a0!","robots":{"index":"index","follow":"follow","max-snippet":"max-snippet:-1","max-image-preview":"max-image-preview:large","max-video-preview":"max-video-preview:-1"},"canonical":"https:\/\/www.anniesloan.com\/fr\/produit\/cadeaux-et-coffrets\/charleston-coffret-de-peinture-decorative-rodmell\/","og_locale":"fr_FR","og_type":"article","og_title":"ANNIE SLOAN ET CHARLESTON : COFFRET DE PEINTURE D\u00c9CORATIVE RODMELL","og_description":"Le coffret de peinture Rodmell, inspir\u00e9 du domaine de Charleston, inclut trois couleurs de la gamme Chalk Paint\u2122 et de la cire. Id\u00e9al pour relooker une chaise\u00a0!","og_url":"https:\/\/www.anniesloan.com\/fr\/produit\/cadeaux-et-coffrets\/charleston-coffret-de-peinture-decorative-rodmell\/","og_site_name":"Annie Sloan FR","article_modified_time":"2026-02-20T07:55:27+00:00","og_image":[{"width":1280,"height":1024,"url":"https:\/\/www.anniesloan.com\/fr\/wp-content\/uploads\/sites\/4\/2021\/05\/Annie-Sloan-with-Charleston-Decorative-Paint-Set-in-Rodmell-2500.jpg","type":"image\/jpeg"}],"twitter_card":"summary_large_image","twitter_misc":{"Price":"39.95&euro;","Availability":"In stock"},"schema":{"@context":"https:\/\/schema.org","@graph":[{"@type":"WebPage","@id":"https:\/\/www.anniesloan.com\/fr\/produit\/cadeaux-et-coffrets\/charleston-coffret-de-peinture-decorative-rodmell\/","url":"https:\/\/www.anniesloan.com\/fr\/produit\/cadeaux-et-coffrets\/charleston-coffret-de-peinture-decorative-rodmell\/","name":"ANNIE SLOAN ET CHARLESTON : COFFRET DE PEINTURE D\u00c9CORATIVE RODMELL | Annie Sloan FR","isPartOf":{"@id":"https:\/\/www.anniesloan.com\/fr\/#website"},"primaryImageOfPage":{"@id":"https:\/\/www.anniesloan.com\/fr\/produit\/cadeaux-et-coffrets\/charleston-coffret-de-peinture-decorative-rodmell\/#primaryimage"},"image":{"@id":"https:\/\/www.anniesloan.com\/fr\/produit\/cadeaux-et-coffrets\/charleston-coffret-de-peinture-decorative-rodmell\/#primaryimage"},"thumbnailUrl":"https:\/\/www.anniesloan.com\/fr\/wp-content\/uploads\/sites\/4\/2021\/05\/Annie-Sloan-with-Charleston-Decorative-Paint-Set-in-Rodmell-2500.jpg","datePublished":"2020-02-10T09:39:29+00:00","dateModified":"2026-02-20T07:55:27+00:00","description":"Le coffret de peinture Rodmell, inspir\u00e9 du domaine de Charleston, inclut trois couleurs de la gamme Chalk Paint\u2122 et de la cire. Id\u00e9al pour relooker une chaise\u00a0!","breadcrumb":{"@id":"https:\/\/www.anniesloan.com\/fr\/produit\/cadeaux-et-coffrets\/charleston-coffret-de-peinture-decorative-rodmell\/#breadcrumb"},"inLanguage":"fr-FR","potentialAction":[{"@type":"ReadAction","target":["https:\/\/www.anniesloan.com\/fr\/produit\/cadeaux-et-coffrets\/charleston-coffret-de-peinture-decorative-rodmell\/"]}]},{"@type":"ImageObject","inLanguage":"fr-FR","@id":"https:\/\/www.anniesloan.com\/fr\/produit\/cadeaux-et-coffrets\/charleston-coffret-de-peinture-decorative-rodmell\/#primaryimage","url":"https:\/\/www.anniesloan.com\/fr\/wp-content\/uploads\/sites\/4\/2021\/05\/Annie-Sloan-with-Charleston-Decorative-Paint-Set-in-Rodmell-2500.jpg","contentUrl":"https:\/\/www.anniesloan.com\/fr\/wp-content\/uploads\/sites\/4\/2021\/05\/Annie-Sloan-with-Charleston-Decorative-Paint-Set-in-Rodmell-2500.jpg","width":1280,"height":1024,"caption":"Annie Sloan with Charleston Decorative Paint Set in Rodmell, Greek Blue and Original"},{"@type":"BreadcrumbList","@id":"https:\/\/www.anniesloan.com\/fr\/produit\/cadeaux-et-coffrets\/charleston-coffret-de-peinture-decorative-rodmell\/#breadcrumb","itemListElement":[{"@type":"ListItem","position":1,"name":"Produits","item":"https:\/\/www.anniesloan.com\/fr\/produits\/"},{"@type":"ListItem","position":2,"name":"Cadeaux et coffrets","item":"https:\/\/www.anniesloan.com\/fr\/produits\/cadeaux-et-coffrets\/"},{"@type":"ListItem","position":3,"name":"ANNIE SLOAN ET CHARLESTON : COFFRET DE PEINTURE D\u00c9CORATIVE RODMELL"}]},{"@type":"WebSite","@id":"https:\/\/www.anniesloan.com\/fr\/#website","url":"https:\/\/www.anniesloan.com\/fr\/","name":"Annie Sloan FR","description":"Home of Chalk Paint","publisher":{"@id":"https:\/\/www.anniesloan.com\/fr\/#organization"},"potentialAction":[{"@type":"SearchAction","target":{"@type":"EntryPoint","urlTemplate":"https:\/\/www.anniesloan.com\/fr\/?s={search_term_string}"},"query-input":{"@type":"PropertyValueSpecification","valueRequired":true,"valueName":"search_term_string"}}],"inLanguage":"fr-FR"},{"@type":"Organization","@id":"https:\/\/www.anniesloan.com\/fr\/#organization","name":"Annie Sloan","url":"https:\/\/www.anniesloan.com\/fr\/","logo":{"@type":"ImageObject","inLanguage":"fr-FR","@id":"https:\/\/www.anniesloan.com\/fr\/#\/schema\/logo\/image\/","url":"https:\/\/www.anniesloan.com\/fr\/wp-content\/uploads\/sites\/4\/2021\/07\/anniesloan-logo.jpg","contentUrl":"https:\/\/www.anniesloan.com\/fr\/wp-content\/uploads\/sites\/4\/2021\/07\/anniesloan-logo.jpg","width":1200,"height":361,"caption":"Annie Sloan"},"image":{"@id":"https:\/\/www.anniesloan.com\/fr\/#\/schema\/logo\/image\/"}}]},"product_price_amount":"39.95","product_price_currency":"EUR","og_availability":"instock","product_availability":"instock","product_retailer_item_id":"CHPS001.XXXX.09","product_condition":"new"},"_links":{"self":[{"href":"https:\/\/www.anniesloan.com\/fr\/wp-json\/wp\/v2\/product\/21486","targetHints":{"allow":["GET"]}}],"collection":[{"href":"https:\/\/www.anniesloan.com\/fr\/wp-json\/wp\/v2\/product"}],"about":[{"href":"https:\/\/www.anniesloan.com\/fr\/wp-json\/wp\/v2\/types\/product"}],"wp:featuredmedia":[{"embeddable":true,"href":"https:\/\/www.anniesloan.com\/fr\/wp-json\/wp\/v2\/media\/21487"}],"wp:attachment":[{"href":"https:\/\/www.anniesloan.com\/fr\/wp-json\/wp\/v2\/media?parent=21486"}],"wp:term":[{"taxonomy":"product_brand","embeddable":true,"href":"https:\/\/www.anniesloan.com\/fr\/wp-json\/wp\/v2\/product_brand?post=21486"},{"taxonomy":"product_cat","embeddable":true,"href":"https:\/\/www.anniesloan.com\/fr\/wp-json\/wp\/v2\/product_cat?post=21486"},{"taxonomy":"product_tag","embeddable":true,"href":"https:\/\/www.anniesloan.com\/fr\/wp-json\/wp\/v2\/product_tag?post=21486"}],"curies":[{"name":"wp","href":"https:\/\/api.w.org\/{rel}","templated":true}]}}