{"id":21416,"date":"2020-02-10T10:39:29","date_gmt":"2020-02-10T10:39:29","guid":{"rendered":"https:\/\/www.anniesloan.com\/product\/annie-sloan-gift-card\/"},"modified":"2025-04-14T17:07:23","modified_gmt":"2025-04-14T15:07:23","slug":"annie-sloan-e-gift-card","status":"publish","type":"product","link":"https:\/\/www.anniesloan.com\/fr\/produit\/cadeaux-et-coffrets\/annie-sloan-e-gift-card\/","title":{"rendered":"Carte Cadeau Digitale Annie Sloan"},"content":{"rendered":"","protected":false},"excerpt":{"rendered":"<p>Offrez le cadeau de la cr\u00e9ativit\u00e9 avec une Carte Cadeau Annie Sloan !<\/p>\n<p>Si vous souhaitez acheter une carte cadeau physique, rendez-vous chez un revendeur participant. Vous pourrez choisir parmi six magnifiques designs, avec un espace au dos pour votre message personnel. Contactez simplement votre revendeur local pour v\u00e9rifier la disponibilit\u00e9, achetez une carte sur place, et voil\u00e0 ! Les cartes cadeaux physiques ne peuvent \u00eatre utilis\u00e9es que dans la boutique o\u00f9 elles ont \u00e9t\u00e9 achet\u00e9es, et uniquement pour acheter des produits Annie Sloan.<\/p>\n<p>Pour les cartes cadeaux digitales (envoy\u00e9es par email), choisissez le montant ci-dessous et envoyez-la directement \u00e0 l\u2019adresse email du destinataire ou \u00e0 la v\u00f4tre ! Les cartes cadeaux digitales peuvent uniquement \u00eatre utilis\u00e9es sur la boutique en ligne officielle Annie Sloan et ne peuvent pas \u00eatre utilis\u00e9es chez les revendeurs. Des conditions g\u00e9n\u00e9rales compl\u00e8tes s\u2019appliquent.<\/p>\n","protected":false},"featured_media":42371,"template":"","meta":{"_acf_changed":false,"_relevanssi_hide_post":"","_relevanssi_hide_content":"","_relevanssi_pin_for_all":"","_relevanssi_pin_keywords":"","_relevanssi_unpin_keywords":"","_relevanssi_related_keywords":"","_relevanssi_related_include_ids":"","_relevanssi_related_exclude_ids":"","_relevanssi_related_no_append":"","_relevanssi_related_not_related":"","_relevanssi_related_posts":"","_relevanssi_noindex_reason":""},"product_brand":[],"product_cat":[65],"product_tag":[],"class_list":{"0":"post-21416","1":"product","2":"type-product","3":"status-publish","4":"has-post-thumbnail","6":"product_cat-cadeaux-et-coffrets","8":"first","9":"instock","10":"purchasable","11":"product-type-variable"},"acf":[],"yoast_head":"<!-- This site is optimized with the Yoast SEO Premium plugin v26.5 (Yoast SEO v26.5) - https:\/\/yoast.com\/wordpress\/plugins\/seo\/ -->\n<title>Carte Cadeau Digitale Annie Sloan | Annie Sloan FR<\/title>\n<meta name=\"robots\" content=\"index, follow, max-snippet:-1, max-image-preview:large, max-video-preview:-1\" \/>\n<link rel=\"canonical\" href=\"https:\/\/www.anniesloan.com\/fr\/produit\/cadeaux-et-coffrets\/annie-sloan-e-gift-card\/\" \/>\n<meta property=\"og:locale\" content=\"fr_FR\" \/>\n<meta property=\"og:type\" content=\"article\" \/>\n<meta property=\"og:title\" content=\"Carte Cadeau Digitale Annie Sloan\" \/>\n<meta property=\"og:description\" content=\"Offrez le cadeau de la cr\u00e9ativit\u00e9 avec une Carte Cadeau Annie Sloan !  Si vous souhaitez acheter une carte cadeau physique, rendez-vous chez un revendeur participant. Vous pourrez choisir parmi six magnifiques designs, avec un espace au dos pour votre message personnel. Contactez simplement votre revendeur local pour v\u00e9rifier la disponibilit\u00e9, achetez une carte sur place, et voil\u00e0 ! Les cartes cadeaux physiques ne peuvent \u00eatre utilis\u00e9es que dans la boutique o\u00f9 elles ont \u00e9t\u00e9 achet\u00e9es, et uniquement pour acheter des produits Annie Sloan.  Pour les cartes cadeaux digitales (envoy\u00e9es par email), choisissez le montant ci-dessous et envoyez-la directement \u00e0 l\u2019adresse email du destinataire ou \u00e0 la v\u00f4tre ! Les cartes cadeaux digitales peuvent uniquement \u00eatre utilis\u00e9es sur la boutique en ligne officielle Annie Sloan et ne peuvent pas \u00eatre utilis\u00e9es chez les revendeurs. Des conditions g\u00e9n\u00e9rales compl\u00e8tes s\u2019appliquent.\" \/>\n<meta property=\"og:url\" content=\"https:\/\/www.anniesloan.com\/fr\/produit\/cadeaux-et-coffrets\/annie-sloan-e-gift-card\/\" \/>\n<meta property=\"og:site_name\" content=\"Annie Sloan FR\" \/>\n<meta property=\"article:modified_time\" content=\"2025-04-14T15:07:23+00:00\" \/>\n<meta property=\"og:image\" content=\"https:\/\/www.anniesloan.com\/fr\/wp-content\/uploads\/sites\/4\/2025\/04\/250018-Gift-Card-Asset-1200x842pxFR.jpg\" \/>\n\t<meta property=\"og:image:width\" content=\"1200\" \/>\n\t<meta property=\"og:image:height\" content=\"842\" \/>\n\t<meta property=\"og:image:type\" content=\"image\/jpeg\" \/>\n<meta name=\"twitter:card\" content=\"summary_large_image\" \/>\n<meta name=\"twitter:label1\" content=\"Availability\" \/>\n\t<meta name=\"twitter:data1\" content=\"In stock\" \/>\n<script type=\"application\/ld+json\" class=\"yoast-schema-graph\">{\"@context\":\"https:\/\/schema.org\",\"@graph\":[{\"@type\":\"WebPage\",\"@id\":\"https:\/\/www.anniesloan.com\/fr\/produit\/cadeaux-et-coffrets\/annie-sloan-e-gift-card\/\",\"url\":\"https:\/\/www.anniesloan.com\/fr\/produit\/cadeaux-et-coffrets\/annie-sloan-e-gift-card\/\",\"name\":\"Carte Cadeau Digitale Annie Sloan | Annie Sloan FR\",\"isPartOf\":{\"@id\":\"https:\/\/www.anniesloan.com\/fr\/#website\"},\"primaryImageOfPage\":{\"@id\":\"https:\/\/www.anniesloan.com\/fr\/produit\/cadeaux-et-coffrets\/annie-sloan-e-gift-card\/#primaryimage\"},\"image\":{\"@id\":\"https:\/\/www.anniesloan.com\/fr\/produit\/cadeaux-et-coffrets\/annie-sloan-e-gift-card\/#primaryimage\"},\"thumbnailUrl\":\"https:\/\/www.anniesloan.com\/fr\/wp-content\/uploads\/sites\/4\/2025\/04\/250018-Gift-Card-Asset-1200x842pxFR.jpg\",\"datePublished\":\"2020-02-10T10:39:29+00:00\",\"dateModified\":\"2025-04-14T15:07:23+00:00\",\"breadcrumb\":{\"@id\":\"https:\/\/www.anniesloan.com\/fr\/produit\/cadeaux-et-coffrets\/annie-sloan-e-gift-card\/#breadcrumb\"},\"inLanguage\":\"fr-FR\",\"potentialAction\":[{\"@type\":\"ReadAction\",\"target\":[\"https:\/\/www.anniesloan.com\/fr\/produit\/cadeaux-et-coffrets\/annie-sloan-e-gift-card\/\"]}]},{\"@type\":\"ImageObject\",\"inLanguage\":\"fr-FR\",\"@id\":\"https:\/\/www.anniesloan.com\/fr\/produit\/cadeaux-et-coffrets\/annie-sloan-e-gift-card\/#primaryimage\",\"url\":\"https:\/\/www.anniesloan.com\/fr\/wp-content\/uploads\/sites\/4\/2025\/04\/250018-Gift-Card-Asset-1200x842pxFR.jpg\",\"contentUrl\":\"https:\/\/www.anniesloan.com\/fr\/wp-content\/uploads\/sites\/4\/2025\/04\/250018-Gift-Card-Asset-1200x842pxFR.jpg\",\"width\":1200,\"height\":842},{\"@type\":\"BreadcrumbList\",\"@id\":\"https:\/\/www.anniesloan.com\/fr\/produit\/cadeaux-et-coffrets\/annie-sloan-e-gift-card\/#breadcrumb\",\"itemListElement\":[{\"@type\":\"ListItem\",\"position\":1,\"name\":\"Produits\",\"item\":\"https:\/\/www.anniesloan.com\/fr\/produits\/\"},{\"@type\":\"ListItem\",\"position\":2,\"name\":\"Cadeaux et coffrets\",\"item\":\"https:\/\/www.anniesloan.com\/fr\/produits\/cadeaux-et-coffrets\/\"},{\"@type\":\"ListItem\",\"position\":3,\"name\":\"Carte Cadeau Digitale Annie Sloan\"}]},{\"@type\":\"WebSite\",\"@id\":\"https:\/\/www.anniesloan.com\/fr\/#website\",\"url\":\"https:\/\/www.anniesloan.com\/fr\/\",\"name\":\"Annie Sloan FR\",\"description\":\"Home of Chalk Paint\",\"publisher\":{\"@id\":\"https:\/\/www.anniesloan.com\/fr\/#organization\"},\"potentialAction\":[{\"@type\":\"SearchAction\",\"target\":{\"@type\":\"EntryPoint\",\"urlTemplate\":\"https:\/\/www.anniesloan.com\/fr\/?s={search_term_string}\"},\"query-input\":{\"@type\":\"PropertyValueSpecification\",\"valueRequired\":true,\"valueName\":\"search_term_string\"}}],\"inLanguage\":\"fr-FR\"},{\"@type\":\"Organization\",\"@id\":\"https:\/\/www.anniesloan.com\/fr\/#organization\",\"name\":\"Annie Sloan\",\"url\":\"https:\/\/www.anniesloan.com\/fr\/\",\"logo\":{\"@type\":\"ImageObject\",\"inLanguage\":\"fr-FR\",\"@id\":\"https:\/\/www.anniesloan.com\/fr\/#\/schema\/logo\/image\/\",\"url\":\"https:\/\/www.anniesloan.com\/fr\/wp-content\/uploads\/sites\/4\/2021\/07\/anniesloan-logo.jpg\",\"contentUrl\":\"https:\/\/www.anniesloan.com\/fr\/wp-content\/uploads\/sites\/4\/2021\/07\/anniesloan-logo.jpg\",\"width\":1200,\"height\":361,\"caption\":\"Annie Sloan\"},\"image\":{\"@id\":\"https:\/\/www.anniesloan.com\/fr\/#\/schema\/logo\/image\/\"}}]}<\/script>\n<meta property=\"og:availability\" content=\"instock\" \/>\n<meta property=\"product:availability\" content=\"instock\" \/>\n<meta property=\"product:retailer_item_id\" content=\"GCHS001.XXXX.01\" \/>\n<meta property=\"product:condition\" content=\"new\" \/>\n<!-- \/ Yoast SEO Premium plugin. -->","yoast_head_json":{"title":"Carte Cadeau Digitale Annie Sloan | Annie Sloan FR","robots":{"index":"index","follow":"follow","max-snippet":"max-snippet:-1","max-image-preview":"max-image-preview:large","max-video-preview":"max-video-preview:-1"},"canonical":"https:\/\/www.anniesloan.com\/fr\/produit\/cadeaux-et-coffrets\/annie-sloan-e-gift-card\/","og_locale":"fr_FR","og_type":"article","og_title":"Carte Cadeau Digitale Annie Sloan","og_description":"Offrez le cadeau de la cr\u00e9ativit\u00e9 avec une Carte Cadeau Annie Sloan !  Si vous souhaitez acheter une carte cadeau physique, rendez-vous chez un revendeur participant. Vous pourrez choisir parmi six magnifiques designs, avec un espace au dos pour votre message personnel. Contactez simplement votre revendeur local pour v\u00e9rifier la disponibilit\u00e9, achetez une carte sur place, et voil\u00e0 ! Les cartes cadeaux physiques ne peuvent \u00eatre utilis\u00e9es que dans la boutique o\u00f9 elles ont \u00e9t\u00e9 achet\u00e9es, et uniquement pour acheter des produits Annie Sloan.  Pour les cartes cadeaux digitales (envoy\u00e9es par email), choisissez le montant ci-dessous et envoyez-la directement \u00e0 l\u2019adresse email du destinataire ou \u00e0 la v\u00f4tre ! Les cartes cadeaux digitales peuvent uniquement \u00eatre utilis\u00e9es sur la boutique en ligne officielle Annie Sloan et ne peuvent pas \u00eatre utilis\u00e9es chez les revendeurs. Des conditions g\u00e9n\u00e9rales compl\u00e8tes s\u2019appliquent.","og_url":"https:\/\/www.anniesloan.com\/fr\/produit\/cadeaux-et-coffrets\/annie-sloan-e-gift-card\/","og_site_name":"Annie Sloan FR","article_modified_time":"2025-04-14T15:07:23+00:00","og_image":[{"width":1200,"height":842,"url":"https:\/\/www.anniesloan.com\/fr\/wp-content\/uploads\/sites\/4\/2025\/04\/250018-Gift-Card-Asset-1200x842pxFR.jpg","type":"image\/jpeg"}],"twitter_card":"summary_large_image","twitter_misc":{"Availability":"In stock"},"schema":{"@context":"https:\/\/schema.org","@graph":[{"@type":"WebPage","@id":"https:\/\/www.anniesloan.com\/fr\/produit\/cadeaux-et-coffrets\/annie-sloan-e-gift-card\/","url":"https:\/\/www.anniesloan.com\/fr\/produit\/cadeaux-et-coffrets\/annie-sloan-e-gift-card\/","name":"Carte Cadeau Digitale Annie Sloan | Annie Sloan FR","isPartOf":{"@id":"https:\/\/www.anniesloan.com\/fr\/#website"},"primaryImageOfPage":{"@id":"https:\/\/www.anniesloan.com\/fr\/produit\/cadeaux-et-coffrets\/annie-sloan-e-gift-card\/#primaryimage"},"image":{"@id":"https:\/\/www.anniesloan.com\/fr\/produit\/cadeaux-et-coffrets\/annie-sloan-e-gift-card\/#primaryimage"},"thumbnailUrl":"https:\/\/www.anniesloan.com\/fr\/wp-content\/uploads\/sites\/4\/2025\/04\/250018-Gift-Card-Asset-1200x842pxFR.jpg","datePublished":"2020-02-10T10:39:29+00:00","dateModified":"2025-04-14T15:07:23+00:00","breadcrumb":{"@id":"https:\/\/www.anniesloan.com\/fr\/produit\/cadeaux-et-coffrets\/annie-sloan-e-gift-card\/#breadcrumb"},"inLanguage":"fr-FR","potentialAction":[{"@type":"ReadAction","target":["https:\/\/www.anniesloan.com\/fr\/produit\/cadeaux-et-coffrets\/annie-sloan-e-gift-card\/"]}]},{"@type":"ImageObject","inLanguage":"fr-FR","@id":"https:\/\/www.anniesloan.com\/fr\/produit\/cadeaux-et-coffrets\/annie-sloan-e-gift-card\/#primaryimage","url":"https:\/\/www.anniesloan.com\/fr\/wp-content\/uploads\/sites\/4\/2025\/04\/250018-Gift-Card-Asset-1200x842pxFR.jpg","contentUrl":"https:\/\/www.anniesloan.com\/fr\/wp-content\/uploads\/sites\/4\/2025\/04\/250018-Gift-Card-Asset-1200x842pxFR.jpg","width":1200,"height":842},{"@type":"BreadcrumbList","@id":"https:\/\/www.anniesloan.com\/fr\/produit\/cadeaux-et-coffrets\/annie-sloan-e-gift-card\/#breadcrumb","itemListElement":[{"@type":"ListItem","position":1,"name":"Produits","item":"https:\/\/www.anniesloan.com\/fr\/produits\/"},{"@type":"ListItem","position":2,"name":"Cadeaux et coffrets","item":"https:\/\/www.anniesloan.com\/fr\/produits\/cadeaux-et-coffrets\/"},{"@type":"ListItem","position":3,"name":"Carte Cadeau Digitale Annie Sloan"}]},{"@type":"WebSite","@id":"https:\/\/www.anniesloan.com\/fr\/#website","url":"https:\/\/www.anniesloan.com\/fr\/","name":"Annie Sloan FR","description":"Home of Chalk Paint","publisher":{"@id":"https:\/\/www.anniesloan.com\/fr\/#organization"},"potentialAction":[{"@type":"SearchAction","target":{"@type":"EntryPoint","urlTemplate":"https:\/\/www.anniesloan.com\/fr\/?s={search_term_string}"},"query-input":{"@type":"PropertyValueSpecification","valueRequired":true,"valueName":"search_term_string"}}],"inLanguage":"fr-FR"},{"@type":"Organization","@id":"https:\/\/www.anniesloan.com\/fr\/#organization","name":"Annie Sloan","url":"https:\/\/www.anniesloan.com\/fr\/","logo":{"@type":"ImageObject","inLanguage":"fr-FR","@id":"https:\/\/www.anniesloan.com\/fr\/#\/schema\/logo\/image\/","url":"https:\/\/www.anniesloan.com\/fr\/wp-content\/uploads\/sites\/4\/2021\/07\/anniesloan-logo.jpg","contentUrl":"https:\/\/www.anniesloan.com\/fr\/wp-content\/uploads\/sites\/4\/2021\/07\/anniesloan-logo.jpg","width":1200,"height":361,"caption":"Annie Sloan"},"image":{"@id":"https:\/\/www.anniesloan.com\/fr\/#\/schema\/logo\/image\/"}}]},"og_availability":"instock","product_availability":"instock","product_retailer_item_id":"GCHS001.XXXX.01","product_condition":"new"},"_links":{"self":[{"href":"https:\/\/www.anniesloan.com\/fr\/wp-json\/wp\/v2\/product\/21416","targetHints":{"allow":["GET"]}}],"collection":[{"href":"https:\/\/www.anniesloan.com\/fr\/wp-json\/wp\/v2\/product"}],"about":[{"href":"https:\/\/www.anniesloan.com\/fr\/wp-json\/wp\/v2\/types\/product"}],"wp:featuredmedia":[{"embeddable":true,"href":"https:\/\/www.anniesloan.com\/fr\/wp-json\/wp\/v2\/media\/42371"}],"wp:attachment":[{"href":"https:\/\/www.anniesloan.com\/fr\/wp-json\/wp\/v2\/media?parent=21416"}],"wp:term":[{"taxonomy":"product_brand","embeddable":true,"href":"https:\/\/www.anniesloan.com\/fr\/wp-json\/wp\/v2\/product_brand?post=21416"},{"taxonomy":"product_cat","embeddable":true,"href":"https:\/\/www.anniesloan.com\/fr\/wp-json\/wp\/v2\/product_cat?post=21416"},{"taxonomy":"product_tag","embeddable":true,"href":"https:\/\/www.anniesloan.com\/fr\/wp-json\/wp\/v2\/product_tag?post=21416"}],"curies":[{"name":"wp","href":"https:\/\/api.w.org\/{rel}","templated":true}]}}