{"id":21384,"date":"2020-02-07T18:08:29","date_gmt":"2020-02-07T17:08:29","guid":{"rendered":"https:\/\/www.anniesloan.com\/product\/ticking-in-old-violet\/"},"modified":"2025-02-07T15:38:11","modified_gmt":"2025-02-07T14:38:11","slug":"ticking-in-old-violet","status":"publish","type":"product","link":"https:\/\/www.anniesloan.com\/fr\/produit\/tissus\/toiles-dameublement\/ticking-in-old-violet\/","title":{"rendered":"TOILE D&#8217;AMEUBLEMENT EN OLD VIOLET"},"content":{"rendered":"","protected":false},"excerpt":{"rendered":"<p>Fabriqu\u00e9e au Royaume-Uni, cette toile \u00e0 chevrons classique affiche des coloris assortis \u00e0 Old Violet et Old White de la palette Annie Sloan. Compl\u00e9tant parfaitement les peintures Chalk Paint\u2122, cette toile en coton s\u2019associe \u00e9galement merveilleusement bien \u00e0 la gamme d\u2019imprim\u00e9s et de Union de Lins. Elle convient pour les rideaux, les stores, les tissus de petit mobilier et les tissus d\u2019ameublement en g\u00e9n\u00e9ral.<\/p>\n<p>Pour toute question et pour recevoir des \u00e9chantillons gratuits, contactez-nous par e-mail \u00e0 fabric@anniesloan.com.<\/p>\n<p>Vendu au m\u00e8tre.<\/p>\n","protected":false},"featured_media":21366,"template":"","meta":{"_acf_changed":false,"_relevanssi_hide_post":"","_relevanssi_hide_content":"","_relevanssi_pin_for_all":"","_relevanssi_pin_keywords":"","_relevanssi_unpin_keywords":"","_relevanssi_related_keywords":"","_relevanssi_related_include_ids":"","_relevanssi_related_exclude_ids":"","_relevanssi_related_no_append":"","_relevanssi_related_not_related":"","_relevanssi_related_posts":"","_relevanssi_noindex_reason":""},"product_brand":[],"product_cat":[61,63],"product_tag":[],"class_list":{"0":"post-21384","1":"product","2":"type-product","3":"status-publish","4":"has-post-thumbnail","6":"product_cat-tissus","7":"product_cat-toiles-dameublement","8":"pa_colour-filter-violet","10":"first","11":"instock","12":"taxable","13":"shipping-taxable","14":"purchasable","15":"product-type-simple"},"acf":[],"yoast_head":"<!-- This site is optimized with the Yoast SEO Premium plugin v26.5 (Yoast SEO v26.5) - https:\/\/yoast.com\/wordpress\/plugins\/seo\/ -->\n<title>TOILE D&#039;AMEUBLEMENT EN OLD VIOLET | Tissus | Annie Sloan FR<\/title>\n<meta name=\"description\" content=\"Toiles \u00e0 chevrons tiss\u00e9es dans des coloris assortis \u00e0 Old Violet et Old White de la palette d\u2019Annie Sloan - le compl\u00e9ment parfait de la peinture Chalk Paint\u2122.\" \/>\n<meta name=\"robots\" content=\"index, follow, max-snippet:-1, max-image-preview:large, max-video-preview:-1\" \/>\n<link rel=\"canonical\" href=\"https:\/\/www.anniesloan.com\/fr\/produit\/tissus\/toiles-dameublement\/ticking-in-old-violet\/\" \/>\n<meta property=\"og:locale\" content=\"fr_FR\" \/>\n<meta property=\"og:type\" content=\"article\" \/>\n<meta property=\"og:title\" content=\"TOILE D&#039;AMEUBLEMENT EN OLD VIOLET\" \/>\n<meta property=\"og:description\" content=\"Toiles \u00e0 chevrons tiss\u00e9es dans des coloris assortis \u00e0 Old Violet et Old White de la palette d\u2019Annie Sloan - le compl\u00e9ment parfait de la peinture Chalk Paint\u2122.\" \/>\n<meta property=\"og:url\" content=\"https:\/\/www.anniesloan.com\/fr\/produit\/tissus\/toiles-dameublement\/ticking-in-old-violet\/\" \/>\n<meta property=\"og:site_name\" content=\"Annie Sloan FR\" \/>\n<meta property=\"article:modified_time\" content=\"2025-02-07T14:38:11+00:00\" \/>\n<meta property=\"og:image\" content=\"https:\/\/www.anniesloan.com\/fr\/wp-content\/uploads\/sites\/4\/2021\/05\/Ticking-in-Old-Violet-fabric-by-Annie-Sloan-2500.jpg\" \/>\n\t<meta property=\"og:image:width\" content=\"1280\" \/>\n\t<meta property=\"og:image:height\" content=\"1024\" \/>\n\t<meta property=\"og:image:type\" content=\"image\/jpeg\" \/>\n<meta name=\"twitter:card\" content=\"summary_large_image\" \/>\n<meta name=\"twitter:label1\" content=\"Price\" \/>\n\t<meta name=\"twitter:data1\" content=\"51.95&euro;\" \/>\n\t<meta name=\"twitter:label2\" content=\"Availability\" \/>\n\t<meta name=\"twitter:data2\" content=\"In stock\" \/>\n<script type=\"application\/ld+json\" class=\"yoast-schema-graph\">{\"@context\":\"https:\/\/schema.org\",\"@graph\":[{\"@type\":\"WebPage\",\"@id\":\"https:\/\/www.anniesloan.com\/fr\/produit\/tissus\/toiles-dameublement\/ticking-in-old-violet\/\",\"url\":\"https:\/\/www.anniesloan.com\/fr\/produit\/tissus\/toiles-dameublement\/ticking-in-old-violet\/\",\"name\":\"TOILE D'AMEUBLEMENT EN OLD VIOLET | Tissus | Annie Sloan FR\",\"isPartOf\":{\"@id\":\"https:\/\/www.anniesloan.com\/fr\/#website\"},\"primaryImageOfPage\":{\"@id\":\"https:\/\/www.anniesloan.com\/fr\/produit\/tissus\/toiles-dameublement\/ticking-in-old-violet\/#primaryimage\"},\"image\":{\"@id\":\"https:\/\/www.anniesloan.com\/fr\/produit\/tissus\/toiles-dameublement\/ticking-in-old-violet\/#primaryimage\"},\"thumbnailUrl\":\"https:\/\/www.anniesloan.com\/fr\/wp-content\/uploads\/sites\/4\/2021\/05\/Ticking-in-Old-Violet-fabric-by-Annie-Sloan-2500.jpg\",\"datePublished\":\"2020-02-07T17:08:29+00:00\",\"dateModified\":\"2025-02-07T14:38:11+00:00\",\"description\":\"Toiles \u00e0 chevrons tiss\u00e9es dans des coloris assortis \u00e0 Old Violet et Old White de la palette d\u2019Annie Sloan - le compl\u00e9ment parfait de la peinture Chalk Paint\u2122.\",\"breadcrumb\":{\"@id\":\"https:\/\/www.anniesloan.com\/fr\/produit\/tissus\/toiles-dameublement\/ticking-in-old-violet\/#breadcrumb\"},\"inLanguage\":\"fr-FR\",\"potentialAction\":[{\"@type\":\"ReadAction\",\"target\":[\"https:\/\/www.anniesloan.com\/fr\/produit\/tissus\/toiles-dameublement\/ticking-in-old-violet\/\"]}]},{\"@type\":\"ImageObject\",\"inLanguage\":\"fr-FR\",\"@id\":\"https:\/\/www.anniesloan.com\/fr\/produit\/tissus\/toiles-dameublement\/ticking-in-old-violet\/#primaryimage\",\"url\":\"https:\/\/www.anniesloan.com\/fr\/wp-content\/uploads\/sites\/4\/2021\/05\/Ticking-in-Old-Violet-fabric-by-Annie-Sloan-2500.jpg\",\"contentUrl\":\"https:\/\/www.anniesloan.com\/fr\/wp-content\/uploads\/sites\/4\/2021\/05\/Ticking-in-Old-Violet-fabric-by-Annie-Sloan-2500.jpg\",\"width\":1280,\"height\":1024,\"caption\":\"Ticking in Old Violet fabric by Annie Sloan\"},{\"@type\":\"BreadcrumbList\",\"@id\":\"https:\/\/www.anniesloan.com\/fr\/produit\/tissus\/toiles-dameublement\/ticking-in-old-violet\/#breadcrumb\",\"itemListElement\":[{\"@type\":\"ListItem\",\"position\":1,\"name\":\"Produits\",\"item\":\"https:\/\/www.anniesloan.com\/fr\/produits\/\"},{\"@type\":\"ListItem\",\"position\":2,\"name\":\"Tissus\",\"item\":\"https:\/\/www.anniesloan.com\/fr\/produits\/tissus\/\"},{\"@type\":\"ListItem\",\"position\":3,\"name\":\"Toiles d'ameublement\",\"item\":\"https:\/\/www.anniesloan.com\/fr\/produits\/tissus\/toiles-dameublement\/\"},{\"@type\":\"ListItem\",\"position\":4,\"name\":\"TOILE D&#8217;AMEUBLEMENT EN OLD VIOLET\"}]},{\"@type\":\"WebSite\",\"@id\":\"https:\/\/www.anniesloan.com\/fr\/#website\",\"url\":\"https:\/\/www.anniesloan.com\/fr\/\",\"name\":\"Annie Sloan FR\",\"description\":\"Home of Chalk Paint\",\"publisher\":{\"@id\":\"https:\/\/www.anniesloan.com\/fr\/#organization\"},\"potentialAction\":[{\"@type\":\"SearchAction\",\"target\":{\"@type\":\"EntryPoint\",\"urlTemplate\":\"https:\/\/www.anniesloan.com\/fr\/?s={search_term_string}\"},\"query-input\":{\"@type\":\"PropertyValueSpecification\",\"valueRequired\":true,\"valueName\":\"search_term_string\"}}],\"inLanguage\":\"fr-FR\"},{\"@type\":\"Organization\",\"@id\":\"https:\/\/www.anniesloan.com\/fr\/#organization\",\"name\":\"Annie Sloan\",\"url\":\"https:\/\/www.anniesloan.com\/fr\/\",\"logo\":{\"@type\":\"ImageObject\",\"inLanguage\":\"fr-FR\",\"@id\":\"https:\/\/www.anniesloan.com\/fr\/#\/schema\/logo\/image\/\",\"url\":\"https:\/\/www.anniesloan.com\/fr\/wp-content\/uploads\/sites\/4\/2021\/07\/anniesloan-logo.jpg\",\"contentUrl\":\"https:\/\/www.anniesloan.com\/fr\/wp-content\/uploads\/sites\/4\/2021\/07\/anniesloan-logo.jpg\",\"width\":1200,\"height\":361,\"caption\":\"Annie Sloan\"},\"image\":{\"@id\":\"https:\/\/www.anniesloan.com\/fr\/#\/schema\/logo\/image\/\"}}]}<\/script>\n<meta property=\"product:price:amount\" content=\"51.95\" \/>\n<meta property=\"product:price:currency\" content=\"EUR\" \/>\n<meta property=\"og:availability\" content=\"instock\" \/>\n<meta property=\"product:availability\" content=\"instock\" \/>\n<meta property=\"product:retailer_item_id\" content=\"F201OVT.MT01.09\" \/>\n<meta property=\"product:condition\" content=\"new\" \/>\n<!-- \/ Yoast SEO Premium plugin. -->","yoast_head_json":{"title":"TOILE D'AMEUBLEMENT EN OLD VIOLET | Tissus | Annie Sloan FR","description":"Toiles \u00e0 chevrons tiss\u00e9es dans des coloris assortis \u00e0 Old Violet et Old White de la palette d\u2019Annie Sloan - le compl\u00e9ment parfait de la peinture Chalk Paint\u2122.","robots":{"index":"index","follow":"follow","max-snippet":"max-snippet:-1","max-image-preview":"max-image-preview:large","max-video-preview":"max-video-preview:-1"},"canonical":"https:\/\/www.anniesloan.com\/fr\/produit\/tissus\/toiles-dameublement\/ticking-in-old-violet\/","og_locale":"fr_FR","og_type":"article","og_title":"TOILE D'AMEUBLEMENT EN OLD VIOLET","og_description":"Toiles \u00e0 chevrons tiss\u00e9es dans des coloris assortis \u00e0 Old Violet et Old White de la palette d\u2019Annie Sloan - le compl\u00e9ment parfait de la peinture Chalk Paint\u2122.","og_url":"https:\/\/www.anniesloan.com\/fr\/produit\/tissus\/toiles-dameublement\/ticking-in-old-violet\/","og_site_name":"Annie Sloan FR","article_modified_time":"2025-02-07T14:38:11+00:00","og_image":[{"width":1280,"height":1024,"url":"https:\/\/www.anniesloan.com\/fr\/wp-content\/uploads\/sites\/4\/2021\/05\/Ticking-in-Old-Violet-fabric-by-Annie-Sloan-2500.jpg","type":"image\/jpeg"}],"twitter_card":"summary_large_image","twitter_misc":{"Price":"51.95&euro;","Availability":"In stock"},"schema":{"@context":"https:\/\/schema.org","@graph":[{"@type":"WebPage","@id":"https:\/\/www.anniesloan.com\/fr\/produit\/tissus\/toiles-dameublement\/ticking-in-old-violet\/","url":"https:\/\/www.anniesloan.com\/fr\/produit\/tissus\/toiles-dameublement\/ticking-in-old-violet\/","name":"TOILE D'AMEUBLEMENT EN OLD VIOLET | Tissus | Annie Sloan FR","isPartOf":{"@id":"https:\/\/www.anniesloan.com\/fr\/#website"},"primaryImageOfPage":{"@id":"https:\/\/www.anniesloan.com\/fr\/produit\/tissus\/toiles-dameublement\/ticking-in-old-violet\/#primaryimage"},"image":{"@id":"https:\/\/www.anniesloan.com\/fr\/produit\/tissus\/toiles-dameublement\/ticking-in-old-violet\/#primaryimage"},"thumbnailUrl":"https:\/\/www.anniesloan.com\/fr\/wp-content\/uploads\/sites\/4\/2021\/05\/Ticking-in-Old-Violet-fabric-by-Annie-Sloan-2500.jpg","datePublished":"2020-02-07T17:08:29+00:00","dateModified":"2025-02-07T14:38:11+00:00","description":"Toiles \u00e0 chevrons tiss\u00e9es dans des coloris assortis \u00e0 Old Violet et Old White de la palette d\u2019Annie Sloan - le compl\u00e9ment parfait de la peinture Chalk Paint\u2122.","breadcrumb":{"@id":"https:\/\/www.anniesloan.com\/fr\/produit\/tissus\/toiles-dameublement\/ticking-in-old-violet\/#breadcrumb"},"inLanguage":"fr-FR","potentialAction":[{"@type":"ReadAction","target":["https:\/\/www.anniesloan.com\/fr\/produit\/tissus\/toiles-dameublement\/ticking-in-old-violet\/"]}]},{"@type":"ImageObject","inLanguage":"fr-FR","@id":"https:\/\/www.anniesloan.com\/fr\/produit\/tissus\/toiles-dameublement\/ticking-in-old-violet\/#primaryimage","url":"https:\/\/www.anniesloan.com\/fr\/wp-content\/uploads\/sites\/4\/2021\/05\/Ticking-in-Old-Violet-fabric-by-Annie-Sloan-2500.jpg","contentUrl":"https:\/\/www.anniesloan.com\/fr\/wp-content\/uploads\/sites\/4\/2021\/05\/Ticking-in-Old-Violet-fabric-by-Annie-Sloan-2500.jpg","width":1280,"height":1024,"caption":"Ticking in Old Violet fabric by Annie Sloan"},{"@type":"BreadcrumbList","@id":"https:\/\/www.anniesloan.com\/fr\/produit\/tissus\/toiles-dameublement\/ticking-in-old-violet\/#breadcrumb","itemListElement":[{"@type":"ListItem","position":1,"name":"Produits","item":"https:\/\/www.anniesloan.com\/fr\/produits\/"},{"@type":"ListItem","position":2,"name":"Tissus","item":"https:\/\/www.anniesloan.com\/fr\/produits\/tissus\/"},{"@type":"ListItem","position":3,"name":"Toiles d'ameublement","item":"https:\/\/www.anniesloan.com\/fr\/produits\/tissus\/toiles-dameublement\/"},{"@type":"ListItem","position":4,"name":"TOILE D&#8217;AMEUBLEMENT EN OLD VIOLET"}]},{"@type":"WebSite","@id":"https:\/\/www.anniesloan.com\/fr\/#website","url":"https:\/\/www.anniesloan.com\/fr\/","name":"Annie Sloan FR","description":"Home of Chalk Paint","publisher":{"@id":"https:\/\/www.anniesloan.com\/fr\/#organization"},"potentialAction":[{"@type":"SearchAction","target":{"@type":"EntryPoint","urlTemplate":"https:\/\/www.anniesloan.com\/fr\/?s={search_term_string}"},"query-input":{"@type":"PropertyValueSpecification","valueRequired":true,"valueName":"search_term_string"}}],"inLanguage":"fr-FR"},{"@type":"Organization","@id":"https:\/\/www.anniesloan.com\/fr\/#organization","name":"Annie Sloan","url":"https:\/\/www.anniesloan.com\/fr\/","logo":{"@type":"ImageObject","inLanguage":"fr-FR","@id":"https:\/\/www.anniesloan.com\/fr\/#\/schema\/logo\/image\/","url":"https:\/\/www.anniesloan.com\/fr\/wp-content\/uploads\/sites\/4\/2021\/07\/anniesloan-logo.jpg","contentUrl":"https:\/\/www.anniesloan.com\/fr\/wp-content\/uploads\/sites\/4\/2021\/07\/anniesloan-logo.jpg","width":1200,"height":361,"caption":"Annie Sloan"},"image":{"@id":"https:\/\/www.anniesloan.com\/fr\/#\/schema\/logo\/image\/"}}]},"product_price_amount":"51.95","product_price_currency":"EUR","og_availability":"instock","product_availability":"instock","product_retailer_item_id":"F201OVT.MT01.09","product_condition":"new"},"_links":{"self":[{"href":"https:\/\/www.anniesloan.com\/fr\/wp-json\/wp\/v2\/product\/21384","targetHints":{"allow":["GET"]}}],"collection":[{"href":"https:\/\/www.anniesloan.com\/fr\/wp-json\/wp\/v2\/product"}],"about":[{"href":"https:\/\/www.anniesloan.com\/fr\/wp-json\/wp\/v2\/types\/product"}],"wp:featuredmedia":[{"embeddable":true,"href":"https:\/\/www.anniesloan.com\/fr\/wp-json\/wp\/v2\/media\/21366"}],"wp:attachment":[{"href":"https:\/\/www.anniesloan.com\/fr\/wp-json\/wp\/v2\/media?parent=21384"}],"wp:term":[{"taxonomy":"product_brand","embeddable":true,"href":"https:\/\/www.anniesloan.com\/fr\/wp-json\/wp\/v2\/product_brand?post=21384"},{"taxonomy":"product_cat","embeddable":true,"href":"https:\/\/www.anniesloan.com\/fr\/wp-json\/wp\/v2\/product_cat?post=21384"},{"taxonomy":"product_tag","embeddable":true,"href":"https:\/\/www.anniesloan.com\/fr\/wp-json\/wp\/v2\/product_tag?post=21384"}],"curies":[{"name":"wp","href":"https:\/\/api.w.org\/{rel}","templated":true}]}}