{"id":21348,"date":"2020-02-07T16:59:01","date_gmt":"2020-02-07T16:59:01","guid":{"rendered":"https:\/\/www.anniesloan.com\/product\/tacit-in-french-linen\/"},"modified":"2025-02-07T15:03:36","modified_gmt":"2025-02-07T14:03:36","slug":"tacit-in-french-linen","status":"publish","type":"product","link":"https:\/\/www.anniesloan.com\/fr\/produit\/tissus\/imprimes\/tacit-in-french-linen\/","title":{"rendered":"Tacit en French Linen"},"content":{"rendered":"","protected":false},"excerpt":{"rendered":"<p>Imprim\u00e9 dans des coloris parfaitement assortis \u00e0 French Linen et Old White, ce mod\u00e8le peint par Annie Sloan avec la peinture Chalk Paint\u2122 tire son inspiration des linogravures des cr\u00e9ateurs et artistes des ann\u00e9es 1930. Hi\u00e9roglyphes, lettres, chiffres et formes composent un motif d\u2019ensemble qui ressort ou qui peut constituer un arri\u00e8re-plan discret. Ce tissu convient pour les rideaux, les stores, le garnissage de petit mobilier et les tissus d\u2019ameublement en g\u00e9n\u00e9ral.<\/p>\n<p>Pour toute question et pour recevoir des \u00e9chantillons gratuits, contactez-nous par e-mail \u00e0 fabric@anniesloan.com.<\/p>\n<p>Vendu au m\u00e8tre.<\/p>\n","protected":false},"featured_media":21349,"template":"","meta":{"_acf_changed":false,"_relevanssi_hide_post":"","_relevanssi_hide_content":"","_relevanssi_pin_for_all":"","_relevanssi_pin_keywords":"","_relevanssi_unpin_keywords":"","_relevanssi_related_keywords":"","_relevanssi_related_include_ids":"","_relevanssi_related_exclude_ids":"","_relevanssi_related_no_append":"","_relevanssi_related_not_related":"","_relevanssi_related_posts":"","_relevanssi_noindex_reason":""},"product_brand":[],"product_cat":[61,62],"product_tag":[],"class_list":{"0":"post-21348","1":"product","2":"type-product","3":"status-publish","4":"has-post-thumbnail","6":"product_cat-tissus","7":"product_cat-imprimes","8":"pa_colour-filter-neutre","10":"first","11":"instock","12":"taxable","13":"shipping-taxable","14":"purchasable","15":"product-type-simple"},"acf":[],"yoast_head":"<!-- This site is optimized with the Yoast SEO Premium plugin v26.5 (Yoast SEO v26.5) - https:\/\/yoast.com\/wordpress\/plugins\/seo\/ -->\n<title>Tacit en French Linen | Annie Sloan FR<\/title>\n<meta name=\"robots\" content=\"index, follow, max-snippet:-1, max-image-preview:large, max-video-preview:-1\" \/>\n<link rel=\"canonical\" href=\"https:\/\/www.anniesloan.com\/fr\/produit\/tissus\/imprimes\/tacit-in-french-linen\/\" \/>\n<meta property=\"og:locale\" content=\"fr_FR\" \/>\n<meta property=\"og:type\" content=\"article\" \/>\n<meta property=\"og:title\" content=\"Tacit en French Linen\" \/>\n<meta property=\"og:description\" content=\"Imprim\u00e9 dans des coloris parfaitement assortis \u00e0 French Linen et Old White, ce mod\u00e8le peint par Annie Sloan avec la peinture Chalk Paint\u2122 tire son inspiration des linogravures des cr\u00e9ateurs et artistes des ann\u00e9es 1930. Hi\u00e9roglyphes, lettres, chiffres et formes composent un motif d\u2019ensemble qui ressort ou qui peut constituer un arri\u00e8re-plan discret. Ce tissu convient pour les rideaux, les stores, le garnissage de petit mobilier et les tissus d\u2019ameublement en g\u00e9n\u00e9ral.  Pour toute question et pour recevoir des \u00e9chantillons gratuits, contactez-nous par e-mail \u00e0 fabric@anniesloan.com.  Vendu au m\u00e8tre.\" \/>\n<meta property=\"og:url\" content=\"https:\/\/www.anniesloan.com\/fr\/produit\/tissus\/imprimes\/tacit-in-french-linen\/\" \/>\n<meta property=\"og:site_name\" content=\"Annie Sloan FR\" \/>\n<meta property=\"article:modified_time\" content=\"2025-02-07T14:03:36+00:00\" \/>\n<meta property=\"og:image\" content=\"https:\/\/www.anniesloan.com\/fr\/wp-content\/uploads\/sites\/4\/2021\/05\/Tacit-in-French-Linen-fabric-by-Annie-Sloan-1170.jpg\" \/>\n\t<meta property=\"og:image:width\" content=\"1170\" \/>\n\t<meta property=\"og:image:height\" content=\"936\" \/>\n\t<meta property=\"og:image:type\" content=\"image\/jpeg\" \/>\n<meta name=\"twitter:card\" content=\"summary_large_image\" \/>\n<meta name=\"twitter:label1\" content=\"Price\" \/>\n\t<meta name=\"twitter:data1\" content=\"69.95&euro;\" \/>\n\t<meta name=\"twitter:label2\" content=\"Availability\" \/>\n\t<meta name=\"twitter:data2\" content=\"In stock\" \/>\n<script type=\"application\/ld+json\" class=\"yoast-schema-graph\">{\"@context\":\"https:\/\/schema.org\",\"@graph\":[{\"@type\":\"WebPage\",\"@id\":\"https:\/\/www.anniesloan.com\/fr\/produit\/tissus\/imprimes\/tacit-in-french-linen\/\",\"url\":\"https:\/\/www.anniesloan.com\/fr\/produit\/tissus\/imprimes\/tacit-in-french-linen\/\",\"name\":\"Tacit en French Linen | Annie Sloan FR\",\"isPartOf\":{\"@id\":\"https:\/\/www.anniesloan.com\/fr\/#website\"},\"primaryImageOfPage\":{\"@id\":\"https:\/\/www.anniesloan.com\/fr\/produit\/tissus\/imprimes\/tacit-in-french-linen\/#primaryimage\"},\"image\":{\"@id\":\"https:\/\/www.anniesloan.com\/fr\/produit\/tissus\/imprimes\/tacit-in-french-linen\/#primaryimage\"},\"thumbnailUrl\":\"https:\/\/www.anniesloan.com\/fr\/wp-content\/uploads\/sites\/4\/2021\/05\/Tacit-in-French-Linen-fabric-by-Annie-Sloan-1170.jpg\",\"datePublished\":\"2020-02-07T16:59:01+00:00\",\"dateModified\":\"2025-02-07T14:03:36+00:00\",\"breadcrumb\":{\"@id\":\"https:\/\/www.anniesloan.com\/fr\/produit\/tissus\/imprimes\/tacit-in-french-linen\/#breadcrumb\"},\"inLanguage\":\"fr-FR\",\"potentialAction\":[{\"@type\":\"ReadAction\",\"target\":[\"https:\/\/www.anniesloan.com\/fr\/produit\/tissus\/imprimes\/tacit-in-french-linen\/\"]}]},{\"@type\":\"ImageObject\",\"inLanguage\":\"fr-FR\",\"@id\":\"https:\/\/www.anniesloan.com\/fr\/produit\/tissus\/imprimes\/tacit-in-french-linen\/#primaryimage\",\"url\":\"https:\/\/www.anniesloan.com\/fr\/wp-content\/uploads\/sites\/4\/2021\/05\/Tacit-in-French-Linen-fabric-by-Annie-Sloan-1170.jpg\",\"contentUrl\":\"https:\/\/www.anniesloan.com\/fr\/wp-content\/uploads\/sites\/4\/2021\/05\/Tacit-in-French-Linen-fabric-by-Annie-Sloan-1170.jpg\",\"width\":1170,\"height\":936,\"caption\":\"Tacit in French Linen fabric by Annie Sloan\"},{\"@type\":\"BreadcrumbList\",\"@id\":\"https:\/\/www.anniesloan.com\/fr\/produit\/tissus\/imprimes\/tacit-in-french-linen\/#breadcrumb\",\"itemListElement\":[{\"@type\":\"ListItem\",\"position\":1,\"name\":\"Produits\",\"item\":\"https:\/\/www.anniesloan.com\/fr\/produits\/\"},{\"@type\":\"ListItem\",\"position\":2,\"name\":\"Tissus\",\"item\":\"https:\/\/www.anniesloan.com\/fr\/produits\/tissus\/\"},{\"@type\":\"ListItem\",\"position\":3,\"name\":\"Imprim\u00e9s\",\"item\":\"https:\/\/www.anniesloan.com\/fr\/produits\/tissus\/imprimes\/\"},{\"@type\":\"ListItem\",\"position\":4,\"name\":\"Tacit en French Linen\"}]},{\"@type\":\"WebSite\",\"@id\":\"https:\/\/www.anniesloan.com\/fr\/#website\",\"url\":\"https:\/\/www.anniesloan.com\/fr\/\",\"name\":\"Annie Sloan FR\",\"description\":\"Home of Chalk Paint\",\"publisher\":{\"@id\":\"https:\/\/www.anniesloan.com\/fr\/#organization\"},\"potentialAction\":[{\"@type\":\"SearchAction\",\"target\":{\"@type\":\"EntryPoint\",\"urlTemplate\":\"https:\/\/www.anniesloan.com\/fr\/?s={search_term_string}\"},\"query-input\":{\"@type\":\"PropertyValueSpecification\",\"valueRequired\":true,\"valueName\":\"search_term_string\"}}],\"inLanguage\":\"fr-FR\"},{\"@type\":\"Organization\",\"@id\":\"https:\/\/www.anniesloan.com\/fr\/#organization\",\"name\":\"Annie Sloan\",\"url\":\"https:\/\/www.anniesloan.com\/fr\/\",\"logo\":{\"@type\":\"ImageObject\",\"inLanguage\":\"fr-FR\",\"@id\":\"https:\/\/www.anniesloan.com\/fr\/#\/schema\/logo\/image\/\",\"url\":\"https:\/\/www.anniesloan.com\/fr\/wp-content\/uploads\/sites\/4\/2021\/07\/anniesloan-logo.jpg\",\"contentUrl\":\"https:\/\/www.anniesloan.com\/fr\/wp-content\/uploads\/sites\/4\/2021\/07\/anniesloan-logo.jpg\",\"width\":1200,\"height\":361,\"caption\":\"Annie Sloan\"},\"image\":{\"@id\":\"https:\/\/www.anniesloan.com\/fr\/#\/schema\/logo\/image\/\"}}]}<\/script>\n<meta property=\"product:price:amount\" content=\"69.95\" \/>\n<meta property=\"product:price:currency\" content=\"EUR\" \/>\n<meta property=\"og:availability\" content=\"instock\" \/>\n<meta property=\"product:availability\" content=\"instock\" \/>\n<meta property=\"product:retailer_item_id\" content=\"F101TFLN.MT01.09\" \/>\n<meta property=\"product:condition\" content=\"new\" \/>\n<!-- \/ Yoast SEO Premium plugin. -->","yoast_head_json":{"title":"Tacit en French Linen | Annie Sloan FR","robots":{"index":"index","follow":"follow","max-snippet":"max-snippet:-1","max-image-preview":"max-image-preview:large","max-video-preview":"max-video-preview:-1"},"canonical":"https:\/\/www.anniesloan.com\/fr\/produit\/tissus\/imprimes\/tacit-in-french-linen\/","og_locale":"fr_FR","og_type":"article","og_title":"Tacit en French Linen","og_description":"Imprim\u00e9 dans des coloris parfaitement assortis \u00e0 French Linen et Old White, ce mod\u00e8le peint par Annie Sloan avec la peinture Chalk Paint\u2122 tire son inspiration des linogravures des cr\u00e9ateurs et artistes des ann\u00e9es 1930. Hi\u00e9roglyphes, lettres, chiffres et formes composent un motif d\u2019ensemble qui ressort ou qui peut constituer un arri\u00e8re-plan discret. Ce tissu convient pour les rideaux, les stores, le garnissage de petit mobilier et les tissus d\u2019ameublement en g\u00e9n\u00e9ral.  Pour toute question et pour recevoir des \u00e9chantillons gratuits, contactez-nous par e-mail \u00e0 fabric@anniesloan.com.  Vendu au m\u00e8tre.","og_url":"https:\/\/www.anniesloan.com\/fr\/produit\/tissus\/imprimes\/tacit-in-french-linen\/","og_site_name":"Annie Sloan FR","article_modified_time":"2025-02-07T14:03:36+00:00","og_image":[{"width":1170,"height":936,"url":"https:\/\/www.anniesloan.com\/fr\/wp-content\/uploads\/sites\/4\/2021\/05\/Tacit-in-French-Linen-fabric-by-Annie-Sloan-1170.jpg","type":"image\/jpeg"}],"twitter_card":"summary_large_image","twitter_misc":{"Price":"69.95&euro;","Availability":"In stock"},"schema":{"@context":"https:\/\/schema.org","@graph":[{"@type":"WebPage","@id":"https:\/\/www.anniesloan.com\/fr\/produit\/tissus\/imprimes\/tacit-in-french-linen\/","url":"https:\/\/www.anniesloan.com\/fr\/produit\/tissus\/imprimes\/tacit-in-french-linen\/","name":"Tacit en French Linen | Annie Sloan FR","isPartOf":{"@id":"https:\/\/www.anniesloan.com\/fr\/#website"},"primaryImageOfPage":{"@id":"https:\/\/www.anniesloan.com\/fr\/produit\/tissus\/imprimes\/tacit-in-french-linen\/#primaryimage"},"image":{"@id":"https:\/\/www.anniesloan.com\/fr\/produit\/tissus\/imprimes\/tacit-in-french-linen\/#primaryimage"},"thumbnailUrl":"https:\/\/www.anniesloan.com\/fr\/wp-content\/uploads\/sites\/4\/2021\/05\/Tacit-in-French-Linen-fabric-by-Annie-Sloan-1170.jpg","datePublished":"2020-02-07T16:59:01+00:00","dateModified":"2025-02-07T14:03:36+00:00","breadcrumb":{"@id":"https:\/\/www.anniesloan.com\/fr\/produit\/tissus\/imprimes\/tacit-in-french-linen\/#breadcrumb"},"inLanguage":"fr-FR","potentialAction":[{"@type":"ReadAction","target":["https:\/\/www.anniesloan.com\/fr\/produit\/tissus\/imprimes\/tacit-in-french-linen\/"]}]},{"@type":"ImageObject","inLanguage":"fr-FR","@id":"https:\/\/www.anniesloan.com\/fr\/produit\/tissus\/imprimes\/tacit-in-french-linen\/#primaryimage","url":"https:\/\/www.anniesloan.com\/fr\/wp-content\/uploads\/sites\/4\/2021\/05\/Tacit-in-French-Linen-fabric-by-Annie-Sloan-1170.jpg","contentUrl":"https:\/\/www.anniesloan.com\/fr\/wp-content\/uploads\/sites\/4\/2021\/05\/Tacit-in-French-Linen-fabric-by-Annie-Sloan-1170.jpg","width":1170,"height":936,"caption":"Tacit in French Linen fabric by Annie Sloan"},{"@type":"BreadcrumbList","@id":"https:\/\/www.anniesloan.com\/fr\/produit\/tissus\/imprimes\/tacit-in-french-linen\/#breadcrumb","itemListElement":[{"@type":"ListItem","position":1,"name":"Produits","item":"https:\/\/www.anniesloan.com\/fr\/produits\/"},{"@type":"ListItem","position":2,"name":"Tissus","item":"https:\/\/www.anniesloan.com\/fr\/produits\/tissus\/"},{"@type":"ListItem","position":3,"name":"Imprim\u00e9s","item":"https:\/\/www.anniesloan.com\/fr\/produits\/tissus\/imprimes\/"},{"@type":"ListItem","position":4,"name":"Tacit en French Linen"}]},{"@type":"WebSite","@id":"https:\/\/www.anniesloan.com\/fr\/#website","url":"https:\/\/www.anniesloan.com\/fr\/","name":"Annie Sloan FR","description":"Home of Chalk Paint","publisher":{"@id":"https:\/\/www.anniesloan.com\/fr\/#organization"},"potentialAction":[{"@type":"SearchAction","target":{"@type":"EntryPoint","urlTemplate":"https:\/\/www.anniesloan.com\/fr\/?s={search_term_string}"},"query-input":{"@type":"PropertyValueSpecification","valueRequired":true,"valueName":"search_term_string"}}],"inLanguage":"fr-FR"},{"@type":"Organization","@id":"https:\/\/www.anniesloan.com\/fr\/#organization","name":"Annie Sloan","url":"https:\/\/www.anniesloan.com\/fr\/","logo":{"@type":"ImageObject","inLanguage":"fr-FR","@id":"https:\/\/www.anniesloan.com\/fr\/#\/schema\/logo\/image\/","url":"https:\/\/www.anniesloan.com\/fr\/wp-content\/uploads\/sites\/4\/2021\/07\/anniesloan-logo.jpg","contentUrl":"https:\/\/www.anniesloan.com\/fr\/wp-content\/uploads\/sites\/4\/2021\/07\/anniesloan-logo.jpg","width":1200,"height":361,"caption":"Annie Sloan"},"image":{"@id":"https:\/\/www.anniesloan.com\/fr\/#\/schema\/logo\/image\/"}}]},"product_price_amount":"69.95","product_price_currency":"EUR","og_availability":"instock","product_availability":"instock","product_retailer_item_id":"F101TFLN.MT01.09","product_condition":"new"},"_links":{"self":[{"href":"https:\/\/www.anniesloan.com\/fr\/wp-json\/wp\/v2\/product\/21348","targetHints":{"allow":["GET"]}}],"collection":[{"href":"https:\/\/www.anniesloan.com\/fr\/wp-json\/wp\/v2\/product"}],"about":[{"href":"https:\/\/www.anniesloan.com\/fr\/wp-json\/wp\/v2\/types\/product"}],"wp:featuredmedia":[{"embeddable":true,"href":"https:\/\/www.anniesloan.com\/fr\/wp-json\/wp\/v2\/media\/21349"}],"wp:attachment":[{"href":"https:\/\/www.anniesloan.com\/fr\/wp-json\/wp\/v2\/media?parent=21348"}],"wp:term":[{"taxonomy":"product_brand","embeddable":true,"href":"https:\/\/www.anniesloan.com\/fr\/wp-json\/wp\/v2\/product_brand?post=21348"},{"taxonomy":"product_cat","embeddable":true,"href":"https:\/\/www.anniesloan.com\/fr\/wp-json\/wp\/v2\/product_cat?post=21348"},{"taxonomy":"product_tag","embeddable":true,"href":"https:\/\/www.anniesloan.com\/fr\/wp-json\/wp\/v2\/product_tag?post=21348"}],"curies":[{"name":"wp","href":"https:\/\/api.w.org\/{rel}","templated":true}]}}