{"id":21224,"date":"2020-02-07T17:59:01","date_gmt":"2020-02-07T16:59:01","guid":{"rendered":"https:\/\/www.anniesloan.com\/product\/dulcet-in-graphite\/"},"modified":"2025-10-02T09:55:36","modified_gmt":"2025-10-02T07:55:36","slug":"dulcet-in-graphite","status":"publish","type":"product","link":"https:\/\/www.anniesloan.com\/fr\/produit\/tissus\/imprimes\/dulcet-in-graphite\/","title":{"rendered":"Dulcet en Graphite"},"content":{"rendered":"","protected":false},"excerpt":{"rendered":"<p>Imprim\u00e9 dans des coloris parfaitement assortis \u00e0 Graphite, Louis Blue et Old White, ce mod\u00e8le est inspir\u00e9 des \u0153uvres des peintres de paysage des ann\u00e9es 1800. Annie Sloan a peint \u00e0 la main ce mod\u00e8le avec de la peinture Chalk Paint\u2122, en s\u2019inspirant des aquarelles du 19\u00e8 si\u00e8cle et des repr\u00e9sentations modernes abstraites et impressionnistes d\u2019arbres et de paysages. Ce tissu convient pour les rideaux, les stores, le garnissage de petit mobilier et les tissus d\u2019ameublement en g\u00e9n\u00e9ral.<\/p>\n<p>Pour toute question et pour recevoir des \u00e9chantillons gratuits, contactez-nous par e-mail \u00e0 fabric@anniesloan.com.<\/p>\n<p>Vendu au m\u00e8tre.<\/p>\n","protected":false},"featured_media":21225,"template":"","meta":{"_acf_changed":false,"_relevanssi_hide_post":"","_relevanssi_hide_content":"","_relevanssi_pin_for_all":"","_relevanssi_pin_keywords":"","_relevanssi_unpin_keywords":"","_relevanssi_related_keywords":"","_relevanssi_related_include_ids":"","_relevanssi_related_exclude_ids":"","_relevanssi_related_no_append":"","_relevanssi_related_not_related":"","_relevanssi_related_posts":"","_relevanssi_noindex_reason":""},"product_brand":[],"product_cat":[61,62],"product_tag":[],"class_list":{"0":"post-21224","1":"product","2":"type-product","3":"status-publish","4":"has-post-thumbnail","6":"product_cat-tissus","7":"product_cat-imprimes","8":"pa_colour-filter-bleu","9":"pa_colour-filter-gris","11":"first","12":"instock","13":"taxable","14":"shipping-taxable","15":"purchasable","16":"product-type-simple"},"acf":[],"yoast_head":"<!-- This site is optimized with the Yoast SEO Premium plugin v26.5 (Yoast SEO v26.5) - https:\/\/yoast.com\/wordpress\/plugins\/seo\/ -->\n<title>Dulcet en Graphite | Tissus | Annie Sloan FR<\/title>\n<meta name=\"description\" content=\"Annie Sloan a peint \u00e0 la main ce mod\u00e8le avec de la peinture Chalk Paint\u2122 en Graphite en s\u2019inspirant des aquarelles du XIXe si\u00e8cle et d\u2019autres \u0153uvres.\" \/>\n<meta name=\"robots\" content=\"index, follow, max-snippet:-1, max-image-preview:large, max-video-preview:-1\" \/>\n<link rel=\"canonical\" href=\"https:\/\/www.anniesloan.com\/fr\/produit\/tissus\/imprimes\/dulcet-in-graphite\/\" \/>\n<meta property=\"og:locale\" content=\"fr_FR\" \/>\n<meta property=\"og:type\" content=\"article\" \/>\n<meta property=\"og:title\" content=\"Dulcet en Graphite\" \/>\n<meta property=\"og:description\" content=\"Annie Sloan a peint \u00e0 la main ce mod\u00e8le avec de la peinture Chalk Paint\u2122 en Graphite en s\u2019inspirant des aquarelles du XIXe si\u00e8cle et d\u2019autres \u0153uvres.\" \/>\n<meta property=\"og:url\" content=\"https:\/\/www.anniesloan.com\/fr\/produit\/tissus\/imprimes\/dulcet-in-graphite\/\" \/>\n<meta property=\"og:site_name\" content=\"Annie Sloan FR\" \/>\n<meta property=\"article:modified_time\" content=\"2025-10-02T07:55:36+00:00\" \/>\n<meta property=\"og:image\" content=\"https:\/\/www.anniesloan.com\/fr\/wp-content\/uploads\/sites\/4\/2021\/05\/Duclet-in-Graphite-fabric-by-Annie-Sloan-1170.jpg\" \/>\n\t<meta property=\"og:image:width\" content=\"1170\" \/>\n\t<meta property=\"og:image:height\" content=\"936\" \/>\n\t<meta property=\"og:image:type\" content=\"image\/jpeg\" \/>\n<meta name=\"twitter:card\" content=\"summary_large_image\" \/>\n<meta name=\"twitter:label1\" content=\"Price\" \/>\n\t<meta name=\"twitter:data1\" content=\"69.95&euro;\" \/>\n\t<meta name=\"twitter:label2\" content=\"Availability\" \/>\n\t<meta name=\"twitter:data2\" content=\"In stock\" \/>\n<script type=\"application\/ld+json\" class=\"yoast-schema-graph\">{\"@context\":\"https:\/\/schema.org\",\"@graph\":[{\"@type\":\"WebPage\",\"@id\":\"https:\/\/www.anniesloan.com\/fr\/produit\/tissus\/imprimes\/dulcet-in-graphite\/\",\"url\":\"https:\/\/www.anniesloan.com\/fr\/produit\/tissus\/imprimes\/dulcet-in-graphite\/\",\"name\":\"Dulcet en Graphite | Tissus | Annie Sloan FR\",\"isPartOf\":{\"@id\":\"https:\/\/www.anniesloan.com\/fr\/#website\"},\"primaryImageOfPage\":{\"@id\":\"https:\/\/www.anniesloan.com\/fr\/produit\/tissus\/imprimes\/dulcet-in-graphite\/#primaryimage\"},\"image\":{\"@id\":\"https:\/\/www.anniesloan.com\/fr\/produit\/tissus\/imprimes\/dulcet-in-graphite\/#primaryimage\"},\"thumbnailUrl\":\"https:\/\/www.anniesloan.com\/fr\/wp-content\/uploads\/sites\/4\/2021\/05\/Duclet-in-Graphite-fabric-by-Annie-Sloan-1170.jpg\",\"datePublished\":\"2020-02-07T16:59:01+00:00\",\"dateModified\":\"2025-10-02T07:55:36+00:00\",\"description\":\"Annie Sloan a peint \u00e0 la main ce mod\u00e8le avec de la peinture Chalk Paint\u2122 en Graphite en s\u2019inspirant des aquarelles du XIXe si\u00e8cle et d\u2019autres \u0153uvres.\",\"breadcrumb\":{\"@id\":\"https:\/\/www.anniesloan.com\/fr\/produit\/tissus\/imprimes\/dulcet-in-graphite\/#breadcrumb\"},\"inLanguage\":\"fr-FR\",\"potentialAction\":[{\"@type\":\"ReadAction\",\"target\":[\"https:\/\/www.anniesloan.com\/fr\/produit\/tissus\/imprimes\/dulcet-in-graphite\/\"]}]},{\"@type\":\"ImageObject\",\"inLanguage\":\"fr-FR\",\"@id\":\"https:\/\/www.anniesloan.com\/fr\/produit\/tissus\/imprimes\/dulcet-in-graphite\/#primaryimage\",\"url\":\"https:\/\/www.anniesloan.com\/fr\/wp-content\/uploads\/sites\/4\/2021\/05\/Duclet-in-Graphite-fabric-by-Annie-Sloan-1170.jpg\",\"contentUrl\":\"https:\/\/www.anniesloan.com\/fr\/wp-content\/uploads\/sites\/4\/2021\/05\/Duclet-in-Graphite-fabric-by-Annie-Sloan-1170.jpg\",\"width\":1170,\"height\":936,\"caption\":\"Dulcet in Graphite fabric by Annie Sloan\"},{\"@type\":\"BreadcrumbList\",\"@id\":\"https:\/\/www.anniesloan.com\/fr\/produit\/tissus\/imprimes\/dulcet-in-graphite\/#breadcrumb\",\"itemListElement\":[{\"@type\":\"ListItem\",\"position\":1,\"name\":\"Produits\",\"item\":\"https:\/\/www.anniesloan.com\/fr\/produits\/\"},{\"@type\":\"ListItem\",\"position\":2,\"name\":\"Tissus\",\"item\":\"https:\/\/www.anniesloan.com\/fr\/produits\/tissus\/\"},{\"@type\":\"ListItem\",\"position\":3,\"name\":\"Imprim\u00e9s\",\"item\":\"https:\/\/www.anniesloan.com\/fr\/produits\/tissus\/imprimes\/\"},{\"@type\":\"ListItem\",\"position\":4,\"name\":\"Dulcet en Graphite\"}]},{\"@type\":\"WebSite\",\"@id\":\"https:\/\/www.anniesloan.com\/fr\/#website\",\"url\":\"https:\/\/www.anniesloan.com\/fr\/\",\"name\":\"Annie Sloan FR\",\"description\":\"Home of Chalk Paint\",\"publisher\":{\"@id\":\"https:\/\/www.anniesloan.com\/fr\/#organization\"},\"potentialAction\":[{\"@type\":\"SearchAction\",\"target\":{\"@type\":\"EntryPoint\",\"urlTemplate\":\"https:\/\/www.anniesloan.com\/fr\/?s={search_term_string}\"},\"query-input\":{\"@type\":\"PropertyValueSpecification\",\"valueRequired\":true,\"valueName\":\"search_term_string\"}}],\"inLanguage\":\"fr-FR\"},{\"@type\":\"Organization\",\"@id\":\"https:\/\/www.anniesloan.com\/fr\/#organization\",\"name\":\"Annie Sloan\",\"url\":\"https:\/\/www.anniesloan.com\/fr\/\",\"logo\":{\"@type\":\"ImageObject\",\"inLanguage\":\"fr-FR\",\"@id\":\"https:\/\/www.anniesloan.com\/fr\/#\/schema\/logo\/image\/\",\"url\":\"https:\/\/www.anniesloan.com\/fr\/wp-content\/uploads\/sites\/4\/2021\/07\/anniesloan-logo.jpg\",\"contentUrl\":\"https:\/\/www.anniesloan.com\/fr\/wp-content\/uploads\/sites\/4\/2021\/07\/anniesloan-logo.jpg\",\"width\":1200,\"height\":361,\"caption\":\"Annie Sloan\"},\"image\":{\"@id\":\"https:\/\/www.anniesloan.com\/fr\/#\/schema\/logo\/image\/\"}}]}<\/script>\n<meta property=\"product:price:amount\" content=\"69.95\" \/>\n<meta property=\"product:price:currency\" content=\"EUR\" \/>\n<meta property=\"og:availability\" content=\"instock\" \/>\n<meta property=\"product:availability\" content=\"instock\" \/>\n<meta property=\"product:retailer_item_id\" content=\"F102DGRA.MT01.09\" \/>\n<meta property=\"product:condition\" content=\"new\" \/>\n<!-- \/ Yoast SEO Premium plugin. -->","yoast_head_json":{"title":"Dulcet en Graphite | Tissus | Annie Sloan FR","description":"Annie Sloan a peint \u00e0 la main ce mod\u00e8le avec de la peinture Chalk Paint\u2122 en Graphite en s\u2019inspirant des aquarelles du XIXe si\u00e8cle et d\u2019autres \u0153uvres.","robots":{"index":"index","follow":"follow","max-snippet":"max-snippet:-1","max-image-preview":"max-image-preview:large","max-video-preview":"max-video-preview:-1"},"canonical":"https:\/\/www.anniesloan.com\/fr\/produit\/tissus\/imprimes\/dulcet-in-graphite\/","og_locale":"fr_FR","og_type":"article","og_title":"Dulcet en Graphite","og_description":"Annie Sloan a peint \u00e0 la main ce mod\u00e8le avec de la peinture Chalk Paint\u2122 en Graphite en s\u2019inspirant des aquarelles du XIXe si\u00e8cle et d\u2019autres \u0153uvres.","og_url":"https:\/\/www.anniesloan.com\/fr\/produit\/tissus\/imprimes\/dulcet-in-graphite\/","og_site_name":"Annie Sloan FR","article_modified_time":"2025-10-02T07:55:36+00:00","og_image":[{"width":1170,"height":936,"url":"https:\/\/www.anniesloan.com\/fr\/wp-content\/uploads\/sites\/4\/2021\/05\/Duclet-in-Graphite-fabric-by-Annie-Sloan-1170.jpg","type":"image\/jpeg"}],"twitter_card":"summary_large_image","twitter_misc":{"Price":"69.95&euro;","Availability":"In stock"},"schema":{"@context":"https:\/\/schema.org","@graph":[{"@type":"WebPage","@id":"https:\/\/www.anniesloan.com\/fr\/produit\/tissus\/imprimes\/dulcet-in-graphite\/","url":"https:\/\/www.anniesloan.com\/fr\/produit\/tissus\/imprimes\/dulcet-in-graphite\/","name":"Dulcet en Graphite | Tissus | Annie Sloan FR","isPartOf":{"@id":"https:\/\/www.anniesloan.com\/fr\/#website"},"primaryImageOfPage":{"@id":"https:\/\/www.anniesloan.com\/fr\/produit\/tissus\/imprimes\/dulcet-in-graphite\/#primaryimage"},"image":{"@id":"https:\/\/www.anniesloan.com\/fr\/produit\/tissus\/imprimes\/dulcet-in-graphite\/#primaryimage"},"thumbnailUrl":"https:\/\/www.anniesloan.com\/fr\/wp-content\/uploads\/sites\/4\/2021\/05\/Duclet-in-Graphite-fabric-by-Annie-Sloan-1170.jpg","datePublished":"2020-02-07T16:59:01+00:00","dateModified":"2025-10-02T07:55:36+00:00","description":"Annie Sloan a peint \u00e0 la main ce mod\u00e8le avec de la peinture Chalk Paint\u2122 en Graphite en s\u2019inspirant des aquarelles du XIXe si\u00e8cle et d\u2019autres \u0153uvres.","breadcrumb":{"@id":"https:\/\/www.anniesloan.com\/fr\/produit\/tissus\/imprimes\/dulcet-in-graphite\/#breadcrumb"},"inLanguage":"fr-FR","potentialAction":[{"@type":"ReadAction","target":["https:\/\/www.anniesloan.com\/fr\/produit\/tissus\/imprimes\/dulcet-in-graphite\/"]}]},{"@type":"ImageObject","inLanguage":"fr-FR","@id":"https:\/\/www.anniesloan.com\/fr\/produit\/tissus\/imprimes\/dulcet-in-graphite\/#primaryimage","url":"https:\/\/www.anniesloan.com\/fr\/wp-content\/uploads\/sites\/4\/2021\/05\/Duclet-in-Graphite-fabric-by-Annie-Sloan-1170.jpg","contentUrl":"https:\/\/www.anniesloan.com\/fr\/wp-content\/uploads\/sites\/4\/2021\/05\/Duclet-in-Graphite-fabric-by-Annie-Sloan-1170.jpg","width":1170,"height":936,"caption":"Dulcet in Graphite fabric by Annie Sloan"},{"@type":"BreadcrumbList","@id":"https:\/\/www.anniesloan.com\/fr\/produit\/tissus\/imprimes\/dulcet-in-graphite\/#breadcrumb","itemListElement":[{"@type":"ListItem","position":1,"name":"Produits","item":"https:\/\/www.anniesloan.com\/fr\/produits\/"},{"@type":"ListItem","position":2,"name":"Tissus","item":"https:\/\/www.anniesloan.com\/fr\/produits\/tissus\/"},{"@type":"ListItem","position":3,"name":"Imprim\u00e9s","item":"https:\/\/www.anniesloan.com\/fr\/produits\/tissus\/imprimes\/"},{"@type":"ListItem","position":4,"name":"Dulcet en Graphite"}]},{"@type":"WebSite","@id":"https:\/\/www.anniesloan.com\/fr\/#website","url":"https:\/\/www.anniesloan.com\/fr\/","name":"Annie Sloan FR","description":"Home of Chalk Paint","publisher":{"@id":"https:\/\/www.anniesloan.com\/fr\/#organization"},"potentialAction":[{"@type":"SearchAction","target":{"@type":"EntryPoint","urlTemplate":"https:\/\/www.anniesloan.com\/fr\/?s={search_term_string}"},"query-input":{"@type":"PropertyValueSpecification","valueRequired":true,"valueName":"search_term_string"}}],"inLanguage":"fr-FR"},{"@type":"Organization","@id":"https:\/\/www.anniesloan.com\/fr\/#organization","name":"Annie Sloan","url":"https:\/\/www.anniesloan.com\/fr\/","logo":{"@type":"ImageObject","inLanguage":"fr-FR","@id":"https:\/\/www.anniesloan.com\/fr\/#\/schema\/logo\/image\/","url":"https:\/\/www.anniesloan.com\/fr\/wp-content\/uploads\/sites\/4\/2021\/07\/anniesloan-logo.jpg","contentUrl":"https:\/\/www.anniesloan.com\/fr\/wp-content\/uploads\/sites\/4\/2021\/07\/anniesloan-logo.jpg","width":1200,"height":361,"caption":"Annie Sloan"},"image":{"@id":"https:\/\/www.anniesloan.com\/fr\/#\/schema\/logo\/image\/"}}]},"product_price_amount":"69.95","product_price_currency":"EUR","og_availability":"instock","product_availability":"instock","product_retailer_item_id":"F102DGRA.MT01.09","product_condition":"new"},"_links":{"self":[{"href":"https:\/\/www.anniesloan.com\/fr\/wp-json\/wp\/v2\/product\/21224","targetHints":{"allow":["GET"]}}],"collection":[{"href":"https:\/\/www.anniesloan.com\/fr\/wp-json\/wp\/v2\/product"}],"about":[{"href":"https:\/\/www.anniesloan.com\/fr\/wp-json\/wp\/v2\/types\/product"}],"wp:featuredmedia":[{"embeddable":true,"href":"https:\/\/www.anniesloan.com\/fr\/wp-json\/wp\/v2\/media\/21225"}],"wp:attachment":[{"href":"https:\/\/www.anniesloan.com\/fr\/wp-json\/wp\/v2\/media?parent=21224"}],"wp:term":[{"taxonomy":"product_brand","embeddable":true,"href":"https:\/\/www.anniesloan.com\/fr\/wp-json\/wp\/v2\/product_brand?post=21224"},{"taxonomy":"product_cat","embeddable":true,"href":"https:\/\/www.anniesloan.com\/fr\/wp-json\/wp\/v2\/product_cat?post=21224"},{"taxonomy":"product_tag","embeddable":true,"href":"https:\/\/www.anniesloan.com\/fr\/wp-json\/wp\/v2\/product_tag?post=21224"}],"curies":[{"name":"wp","href":"https:\/\/api.w.org\/{rel}","templated":true}]}}