{"id":21068,"date":"2020-02-07T16:20:45","date_gmt":"2020-02-07T16:20:45","guid":{"rendered":"https:\/\/www.anniesloan.com\/product\/stencil-brush\/"},"modified":"2026-04-21T15:55:55","modified_gmt":"2026-04-21T13:55:55","slug":"pinceau-a-pochoir","status":"publish","type":"product","link":"https:\/\/www.anniesloan.com\/fr\/produit\/pinceaux-et-outils\/pinceau-a-pochoir\/","title":{"rendered":"Pinceau \u00e0 pochoir"},"content":{"rendered":"","protected":false},"excerpt":{"rendered":"<p>Le pinceau \u00e0 pochoir en soie pure d\u2019Annie Sloan est fabriqu\u00e9 en Italie et comporte un manche en bois. Il est id\u00e9al pour le pointill\u00e9 et compl\u00e8te la collection de pochoirs Stencil d\u2019Annie Sloan.<\/p>\n","protected":false},"featured_media":21069,"template":"","meta":{"_acf_changed":false,"_relevanssi_hide_post":"","_relevanssi_hide_content":"","_relevanssi_pin_for_all":"","_relevanssi_pin_keywords":"","_relevanssi_unpin_keywords":"","_relevanssi_related_keywords":"","_relevanssi_related_include_ids":"","_relevanssi_related_exclude_ids":"","_relevanssi_related_no_append":"","_relevanssi_related_not_related":"","_relevanssi_related_posts":"","_relevanssi_noindex_reason":""},"product_brand":[],"product_cat":[57,65,1168,1169],"product_tag":[],"class_list":{"0":"post-21068","1":"product","2":"type-product","3":"status-publish","4":"has-post-thumbnail","6":"product_cat-pinceaux-et-outils","7":"product_cat-cadeaux-et-coffrets","8":"product_cat-cadeaux-a-moins-de-30-e","9":"product_cat-idees-pour-la-hotte-de-noel","11":"first","12":"instock","13":"taxable","14":"shipping-taxable","15":"purchasable","16":"product-type-simple"},"acf":[],"yoast_head":"<!-- This site is optimized with the Yoast SEO Premium plugin v26.5 (Yoast SEO v26.5) - https:\/\/yoast.com\/wordpress\/plugins\/seo\/ -->\n<title>Pinceau \u00e0 pochoir | Annie Sloan FR<\/title>\n<meta name=\"description\" content=\"Le pinceau \u00e0 pochoir Stencil en soie pure d\u2019Annie Sloan est fabriqu\u00e9 en Italie, a un manche en bois et est id\u00e9al pour les pochoirs et les pointill\u00e9s.\" \/>\n<meta name=\"robots\" content=\"index, follow, max-snippet:-1, max-image-preview:large, max-video-preview:-1\" \/>\n<link rel=\"canonical\" href=\"https:\/\/www.anniesloan.com\/fr\/produit\/pinceaux-et-outils\/pinceau-a-pochoir\/\" \/>\n<meta property=\"og:locale\" content=\"fr_FR\" \/>\n<meta property=\"og:type\" content=\"article\" \/>\n<meta property=\"og:title\" content=\"Pinceau \u00e0 pochoir\" \/>\n<meta property=\"og:description\" content=\"Le pinceau \u00e0 pochoir Stencil en soie pure d\u2019Annie Sloan est fabriqu\u00e9 en Italie, a un manche en bois et est id\u00e9al pour les pochoirs et les pointill\u00e9s.\" \/>\n<meta property=\"og:url\" content=\"https:\/\/www.anniesloan.com\/fr\/produit\/pinceaux-et-outils\/pinceau-a-pochoir\/\" \/>\n<meta property=\"og:site_name\" content=\"Annie Sloan FR\" \/>\n<meta property=\"article:modified_time\" content=\"2026-04-21T13:55:55+00:00\" \/>\n<meta property=\"og:image\" content=\"https:\/\/www.anniesloan.com\/fr\/wp-content\/uploads\/sites\/4\/2021\/05\/Annie-Sloan-Stencil-Brush-3000-scaled-1.jpg\" \/>\n\t<meta property=\"og:image:width\" content=\"1280\" \/>\n\t<meta property=\"og:image:height\" content=\"1024\" \/>\n\t<meta property=\"og:image:type\" content=\"image\/jpeg\" \/>\n<meta name=\"twitter:card\" content=\"summary_large_image\" \/>\n<meta name=\"twitter:label1\" content=\"Price\" \/>\n\t<meta name=\"twitter:data1\" content=\"15.95&euro;\" \/>\n\t<meta name=\"twitter:label2\" content=\"Availability\" \/>\n\t<meta name=\"twitter:data2\" content=\"In stock\" \/>\n<script type=\"application\/ld+json\" class=\"yoast-schema-graph\">{\"@context\":\"https:\/\/schema.org\",\"@graph\":[{\"@type\":\"WebPage\",\"@id\":\"https:\/\/www.anniesloan.com\/fr\/produit\/pinceaux-et-outils\/pinceau-a-pochoir\/\",\"url\":\"https:\/\/www.anniesloan.com\/fr\/produit\/pinceaux-et-outils\/pinceau-a-pochoir\/\",\"name\":\"Pinceau \u00e0 pochoir | Annie Sloan FR\",\"isPartOf\":{\"@id\":\"https:\/\/www.anniesloan.com\/fr\/#website\"},\"primaryImageOfPage\":{\"@id\":\"https:\/\/www.anniesloan.com\/fr\/produit\/pinceaux-et-outils\/pinceau-a-pochoir\/#primaryimage\"},\"image\":{\"@id\":\"https:\/\/www.anniesloan.com\/fr\/produit\/pinceaux-et-outils\/pinceau-a-pochoir\/#primaryimage\"},\"thumbnailUrl\":\"https:\/\/www.anniesloan.com\/fr\/wp-content\/uploads\/sites\/4\/2021\/05\/Annie-Sloan-Stencil-Brush-3000-scaled-1.jpg\",\"datePublished\":\"2020-02-07T16:20:45+00:00\",\"dateModified\":\"2026-04-21T13:55:55+00:00\",\"description\":\"Le pinceau \u00e0 pochoir Stencil en soie pure d\u2019Annie Sloan est fabriqu\u00e9 en Italie, a un manche en bois et est id\u00e9al pour les pochoirs et les pointill\u00e9s.\",\"breadcrumb\":{\"@id\":\"https:\/\/www.anniesloan.com\/fr\/produit\/pinceaux-et-outils\/pinceau-a-pochoir\/#breadcrumb\"},\"inLanguage\":\"fr-FR\",\"potentialAction\":[{\"@type\":\"ReadAction\",\"target\":[\"https:\/\/www.anniesloan.com\/fr\/produit\/pinceaux-et-outils\/pinceau-a-pochoir\/\"]}]},{\"@type\":\"ImageObject\",\"inLanguage\":\"fr-FR\",\"@id\":\"https:\/\/www.anniesloan.com\/fr\/produit\/pinceaux-et-outils\/pinceau-a-pochoir\/#primaryimage\",\"url\":\"https:\/\/www.anniesloan.com\/fr\/wp-content\/uploads\/sites\/4\/2021\/05\/Annie-Sloan-Stencil-Brush-3000-scaled-1.jpg\",\"contentUrl\":\"https:\/\/www.anniesloan.com\/fr\/wp-content\/uploads\/sites\/4\/2021\/05\/Annie-Sloan-Stencil-Brush-3000-scaled-1.jpg\",\"width\":1280,\"height\":1024,\"caption\":\"Annie Sloan Stencil Brush\"},{\"@type\":\"BreadcrumbList\",\"@id\":\"https:\/\/www.anniesloan.com\/fr\/produit\/pinceaux-et-outils\/pinceau-a-pochoir\/#breadcrumb\",\"itemListElement\":[{\"@type\":\"ListItem\",\"position\":1,\"name\":\"Produits\",\"item\":\"https:\/\/www.anniesloan.com\/fr\/produits\/\"},{\"@type\":\"ListItem\",\"position\":2,\"name\":\"Pinceaux et outils\",\"item\":\"https:\/\/www.anniesloan.com\/fr\/produits\/pinceaux-et-outils\/\"},{\"@type\":\"ListItem\",\"position\":3,\"name\":\"Pinceau \u00e0 pochoir\"}]},{\"@type\":\"WebSite\",\"@id\":\"https:\/\/www.anniesloan.com\/fr\/#website\",\"url\":\"https:\/\/www.anniesloan.com\/fr\/\",\"name\":\"Annie Sloan FR\",\"description\":\"Home of Chalk Paint\",\"publisher\":{\"@id\":\"https:\/\/www.anniesloan.com\/fr\/#organization\"},\"potentialAction\":[{\"@type\":\"SearchAction\",\"target\":{\"@type\":\"EntryPoint\",\"urlTemplate\":\"https:\/\/www.anniesloan.com\/fr\/?s={search_term_string}\"},\"query-input\":{\"@type\":\"PropertyValueSpecification\",\"valueRequired\":true,\"valueName\":\"search_term_string\"}}],\"inLanguage\":\"fr-FR\"},{\"@type\":\"Organization\",\"@id\":\"https:\/\/www.anniesloan.com\/fr\/#organization\",\"name\":\"Annie Sloan\",\"url\":\"https:\/\/www.anniesloan.com\/fr\/\",\"logo\":{\"@type\":\"ImageObject\",\"inLanguage\":\"fr-FR\",\"@id\":\"https:\/\/www.anniesloan.com\/fr\/#\/schema\/logo\/image\/\",\"url\":\"https:\/\/www.anniesloan.com\/fr\/wp-content\/uploads\/sites\/4\/2021\/07\/anniesloan-logo.jpg\",\"contentUrl\":\"https:\/\/www.anniesloan.com\/fr\/wp-content\/uploads\/sites\/4\/2021\/07\/anniesloan-logo.jpg\",\"width\":1200,\"height\":361,\"caption\":\"Annie Sloan\"},\"image\":{\"@id\":\"https:\/\/www.anniesloan.com\/fr\/#\/schema\/logo\/image\/\"}}]}<\/script>\n<meta property=\"product:price:amount\" content=\"15.95\" \/>\n<meta property=\"product:price:currency\" content=\"EUR\" \/>\n<meta property=\"og:availability\" content=\"instock\" \/>\n<meta property=\"product:availability\" content=\"instock\" \/>\n<meta property=\"product:retailer_item_id\" content=\"RSTN067.XX01.01\" \/>\n<meta property=\"product:condition\" content=\"new\" \/>\n<!-- \/ Yoast SEO Premium plugin. -->","yoast_head_json":{"title":"Pinceau \u00e0 pochoir | Annie Sloan FR","description":"Le pinceau \u00e0 pochoir Stencil en soie pure d\u2019Annie Sloan est fabriqu\u00e9 en Italie, a un manche en bois et est id\u00e9al pour les pochoirs et les pointill\u00e9s.","robots":{"index":"index","follow":"follow","max-snippet":"max-snippet:-1","max-image-preview":"max-image-preview:large","max-video-preview":"max-video-preview:-1"},"canonical":"https:\/\/www.anniesloan.com\/fr\/produit\/pinceaux-et-outils\/pinceau-a-pochoir\/","og_locale":"fr_FR","og_type":"article","og_title":"Pinceau \u00e0 pochoir","og_description":"Le pinceau \u00e0 pochoir Stencil en soie pure d\u2019Annie Sloan est fabriqu\u00e9 en Italie, a un manche en bois et est id\u00e9al pour les pochoirs et les pointill\u00e9s.","og_url":"https:\/\/www.anniesloan.com\/fr\/produit\/pinceaux-et-outils\/pinceau-a-pochoir\/","og_site_name":"Annie Sloan FR","article_modified_time":"2026-04-21T13:55:55+00:00","og_image":[{"width":1280,"height":1024,"url":"https:\/\/www.anniesloan.com\/fr\/wp-content\/uploads\/sites\/4\/2021\/05\/Annie-Sloan-Stencil-Brush-3000-scaled-1.jpg","type":"image\/jpeg"}],"twitter_card":"summary_large_image","twitter_misc":{"Price":"15.95&euro;","Availability":"In stock"},"schema":{"@context":"https:\/\/schema.org","@graph":[{"@type":"WebPage","@id":"https:\/\/www.anniesloan.com\/fr\/produit\/pinceaux-et-outils\/pinceau-a-pochoir\/","url":"https:\/\/www.anniesloan.com\/fr\/produit\/pinceaux-et-outils\/pinceau-a-pochoir\/","name":"Pinceau \u00e0 pochoir | Annie Sloan FR","isPartOf":{"@id":"https:\/\/www.anniesloan.com\/fr\/#website"},"primaryImageOfPage":{"@id":"https:\/\/www.anniesloan.com\/fr\/produit\/pinceaux-et-outils\/pinceau-a-pochoir\/#primaryimage"},"image":{"@id":"https:\/\/www.anniesloan.com\/fr\/produit\/pinceaux-et-outils\/pinceau-a-pochoir\/#primaryimage"},"thumbnailUrl":"https:\/\/www.anniesloan.com\/fr\/wp-content\/uploads\/sites\/4\/2021\/05\/Annie-Sloan-Stencil-Brush-3000-scaled-1.jpg","datePublished":"2020-02-07T16:20:45+00:00","dateModified":"2026-04-21T13:55:55+00:00","description":"Le pinceau \u00e0 pochoir Stencil en soie pure d\u2019Annie Sloan est fabriqu\u00e9 en Italie, a un manche en bois et est id\u00e9al pour les pochoirs et les pointill\u00e9s.","breadcrumb":{"@id":"https:\/\/www.anniesloan.com\/fr\/produit\/pinceaux-et-outils\/pinceau-a-pochoir\/#breadcrumb"},"inLanguage":"fr-FR","potentialAction":[{"@type":"ReadAction","target":["https:\/\/www.anniesloan.com\/fr\/produit\/pinceaux-et-outils\/pinceau-a-pochoir\/"]}]},{"@type":"ImageObject","inLanguage":"fr-FR","@id":"https:\/\/www.anniesloan.com\/fr\/produit\/pinceaux-et-outils\/pinceau-a-pochoir\/#primaryimage","url":"https:\/\/www.anniesloan.com\/fr\/wp-content\/uploads\/sites\/4\/2021\/05\/Annie-Sloan-Stencil-Brush-3000-scaled-1.jpg","contentUrl":"https:\/\/www.anniesloan.com\/fr\/wp-content\/uploads\/sites\/4\/2021\/05\/Annie-Sloan-Stencil-Brush-3000-scaled-1.jpg","width":1280,"height":1024,"caption":"Annie Sloan Stencil Brush"},{"@type":"BreadcrumbList","@id":"https:\/\/www.anniesloan.com\/fr\/produit\/pinceaux-et-outils\/pinceau-a-pochoir\/#breadcrumb","itemListElement":[{"@type":"ListItem","position":1,"name":"Produits","item":"https:\/\/www.anniesloan.com\/fr\/produits\/"},{"@type":"ListItem","position":2,"name":"Pinceaux et outils","item":"https:\/\/www.anniesloan.com\/fr\/produits\/pinceaux-et-outils\/"},{"@type":"ListItem","position":3,"name":"Pinceau \u00e0 pochoir"}]},{"@type":"WebSite","@id":"https:\/\/www.anniesloan.com\/fr\/#website","url":"https:\/\/www.anniesloan.com\/fr\/","name":"Annie Sloan FR","description":"Home of Chalk Paint","publisher":{"@id":"https:\/\/www.anniesloan.com\/fr\/#organization"},"potentialAction":[{"@type":"SearchAction","target":{"@type":"EntryPoint","urlTemplate":"https:\/\/www.anniesloan.com\/fr\/?s={search_term_string}"},"query-input":{"@type":"PropertyValueSpecification","valueRequired":true,"valueName":"search_term_string"}}],"inLanguage":"fr-FR"},{"@type":"Organization","@id":"https:\/\/www.anniesloan.com\/fr\/#organization","name":"Annie Sloan","url":"https:\/\/www.anniesloan.com\/fr\/","logo":{"@type":"ImageObject","inLanguage":"fr-FR","@id":"https:\/\/www.anniesloan.com\/fr\/#\/schema\/logo\/image\/","url":"https:\/\/www.anniesloan.com\/fr\/wp-content\/uploads\/sites\/4\/2021\/07\/anniesloan-logo.jpg","contentUrl":"https:\/\/www.anniesloan.com\/fr\/wp-content\/uploads\/sites\/4\/2021\/07\/anniesloan-logo.jpg","width":1200,"height":361,"caption":"Annie Sloan"},"image":{"@id":"https:\/\/www.anniesloan.com\/fr\/#\/schema\/logo\/image\/"}}]},"product_price_amount":"15.95","product_price_currency":"EUR","og_availability":"instock","product_availability":"instock","product_retailer_item_id":"RSTN067.XX01.01","product_condition":"new"},"_links":{"self":[{"href":"https:\/\/www.anniesloan.com\/fr\/wp-json\/wp\/v2\/product\/21068","targetHints":{"allow":["GET"]}}],"collection":[{"href":"https:\/\/www.anniesloan.com\/fr\/wp-json\/wp\/v2\/product"}],"about":[{"href":"https:\/\/www.anniesloan.com\/fr\/wp-json\/wp\/v2\/types\/product"}],"wp:featuredmedia":[{"embeddable":true,"href":"https:\/\/www.anniesloan.com\/fr\/wp-json\/wp\/v2\/media\/21069"}],"wp:attachment":[{"href":"https:\/\/www.anniesloan.com\/fr\/wp-json\/wp\/v2\/media?parent=21068"}],"wp:term":[{"taxonomy":"product_brand","embeddable":true,"href":"https:\/\/www.anniesloan.com\/fr\/wp-json\/wp\/v2\/product_brand?post=21068"},{"taxonomy":"product_cat","embeddable":true,"href":"https:\/\/www.anniesloan.com\/fr\/wp-json\/wp\/v2\/product_cat?post=21068"},{"taxonomy":"product_tag","embeddable":true,"href":"https:\/\/www.anniesloan.com\/fr\/wp-json\/wp\/v2\/product_tag?post=21068"}],"curies":[{"name":"wp","href":"https:\/\/api.w.org\/{rel}","templated":true}]}}