{"id":21049,"date":"2020-02-07T18:19:39","date_gmt":"2020-02-07T17:19:39","guid":{"rendered":"https:\/\/www.anniesloan.com\/product\/wall-paint-brushes\/"},"modified":"2026-03-30T08:55:53","modified_gmt":"2026-03-30T07:55:53","slug":"pinceaux-pour-peinture-wall-paint","status":"publish","type":"product","link":"https:\/\/www.anniesloan.com\/fr\/produit\/pinceaux-et-outils\/pinceaux-pour-peinture-wall-paint\/","title":{"rendered":"Pinceaux pour peinture Wall Paint"},"content":{"rendered":"","protected":false},"excerpt":{"rendered":"<p>Les pinceaux pour peinture Annie Sloan Wall Paint sont un m\u00e9lange de fibres naturelles permettant une application lisse et facile des peintures Wall Paint. Ils sont tr\u00e8s denses permettant de beaucoup les charger en peinture pour couvrir les grandes surfaces. Les manches ergonomiques permettent une application sans effort. Annie pr\u00e9f\u00e8re utiliser ces pinceaux pour appliquer la peinture murale car ils ne demandent pas plus de temps que les rouleaux et cr\u00e9ent une belle finition.<\/p>\n<p>Disponible en petit (3 cm x 7 cm) et grand (3 cm x 10 cm) formats.<\/p>\n","protected":false},"featured_media":39388,"template":"","meta":{"_acf_changed":false,"_relevanssi_hide_post":"","_relevanssi_hide_content":"","_relevanssi_pin_for_all":"","_relevanssi_pin_keywords":"","_relevanssi_unpin_keywords":"","_relevanssi_related_keywords":"","_relevanssi_related_include_ids":"","_relevanssi_related_exclude_ids":"","_relevanssi_related_no_append":"","_relevanssi_related_not_related":"","_relevanssi_related_posts":"","_relevanssi_noindex_reason":""},"product_brand":[],"product_cat":[57],"product_tag":[],"class_list":{"0":"post-21049","1":"product","2":"type-product","3":"status-publish","4":"has-post-thumbnail","6":"product_cat-pinceaux-et-outils","7":"pa_brush-size-grand","8":"pa_brush-size-petit","10":"first","11":"instock","12":"taxable","13":"shipping-taxable","14":"purchasable","15":"product-type-variable"},"acf":[],"yoast_head":"<!-- This site is optimized with the Yoast SEO Premium plugin v26.5 (Yoast SEO v26.5) - https:\/\/yoast.com\/wordpress\/plugins\/seo\/ -->\n<title>Pinceaux pour peinture Wall Paint | Annie Sloan FR<\/title>\n<meta name=\"description\" content=\"Les pinceaux Wall Paint d\u2019Annie Sloan sont en fibres synth\u00e9tiques et naturelles pour une application lisse et facile des peintures murales Wall Paint.\" \/>\n<meta name=\"robots\" content=\"index, follow, max-snippet:-1, max-image-preview:large, max-video-preview:-1\" \/>\n<link rel=\"canonical\" href=\"https:\/\/www.anniesloan.com\/fr\/produit\/pinceaux-et-outils\/pinceaux-pour-peinture-wall-paint\/\" \/>\n<meta property=\"og:locale\" content=\"fr_FR\" \/>\n<meta property=\"og:type\" content=\"article\" \/>\n<meta property=\"og:title\" content=\"Pinceaux pour peinture Wall Paint\" \/>\n<meta property=\"og:description\" content=\"Les pinceaux Wall Paint d\u2019Annie Sloan sont en fibres synth\u00e9tiques et naturelles pour une application lisse et facile des peintures murales Wall Paint.\" \/>\n<meta property=\"og:url\" content=\"https:\/\/www.anniesloan.com\/fr\/produit\/pinceaux-et-outils\/pinceaux-pour-peinture-wall-paint\/\" \/>\n<meta property=\"og:site_name\" content=\"Annie Sloan FR\" \/>\n<meta property=\"article:modified_time\" content=\"2026-03-30T07:55:53+00:00\" \/>\n<meta property=\"og:image\" content=\"https:\/\/www.anniesloan.com\/fr\/wp-content\/uploads\/sites\/4\/2020\/02\/230093-Wall-Paint-Brushes-Brown-Bristles-White-Bgrd-6-1280x1024-1.jpg\" \/>\n\t<meta property=\"og:image:width\" content=\"1280\" \/>\n\t<meta property=\"og:image:height\" content=\"1024\" \/>\n\t<meta property=\"og:image:type\" content=\"image\/jpeg\" \/>\n<meta name=\"twitter:card\" content=\"summary_large_image\" \/>\n<meta name=\"twitter:label1\" content=\"Availability\" \/>\n\t<meta name=\"twitter:data1\" content=\"In stock\" \/>\n<script type=\"application\/ld+json\" class=\"yoast-schema-graph\">{\"@context\":\"https:\/\/schema.org\",\"@graph\":[{\"@type\":\"WebPage\",\"@id\":\"https:\/\/www.anniesloan.com\/fr\/produit\/pinceaux-et-outils\/pinceaux-pour-peinture-wall-paint\/\",\"url\":\"https:\/\/www.anniesloan.com\/fr\/produit\/pinceaux-et-outils\/pinceaux-pour-peinture-wall-paint\/\",\"name\":\"Pinceaux pour peinture Wall Paint | Annie Sloan FR\",\"isPartOf\":{\"@id\":\"https:\/\/www.anniesloan.com\/fr\/#website\"},\"primaryImageOfPage\":{\"@id\":\"https:\/\/www.anniesloan.com\/fr\/produit\/pinceaux-et-outils\/pinceaux-pour-peinture-wall-paint\/#primaryimage\"},\"image\":{\"@id\":\"https:\/\/www.anniesloan.com\/fr\/produit\/pinceaux-et-outils\/pinceaux-pour-peinture-wall-paint\/#primaryimage\"},\"thumbnailUrl\":\"https:\/\/www.anniesloan.com\/fr\/wp-content\/uploads\/sites\/4\/2020\/02\/230093-Wall-Paint-Brushes-Brown-Bristles-White-Bgrd-6-1280x1024-1.jpg\",\"datePublished\":\"2020-02-07T17:19:39+00:00\",\"dateModified\":\"2026-03-30T07:55:53+00:00\",\"description\":\"Les pinceaux Wall Paint d\u2019Annie Sloan sont en fibres synth\u00e9tiques et naturelles pour une application lisse et facile des peintures murales Wall Paint.\",\"breadcrumb\":{\"@id\":\"https:\/\/www.anniesloan.com\/fr\/produit\/pinceaux-et-outils\/pinceaux-pour-peinture-wall-paint\/#breadcrumb\"},\"inLanguage\":\"fr-FR\",\"potentialAction\":[{\"@type\":\"ReadAction\",\"target\":[\"https:\/\/www.anniesloan.com\/fr\/produit\/pinceaux-et-outils\/pinceaux-pour-peinture-wall-paint\/\"]}]},{\"@type\":\"ImageObject\",\"inLanguage\":\"fr-FR\",\"@id\":\"https:\/\/www.anniesloan.com\/fr\/produit\/pinceaux-et-outils\/pinceaux-pour-peinture-wall-paint\/#primaryimage\",\"url\":\"https:\/\/www.anniesloan.com\/fr\/wp-content\/uploads\/sites\/4\/2020\/02\/230093-Wall-Paint-Brushes-Brown-Bristles-White-Bgrd-6-1280x1024-1.jpg\",\"contentUrl\":\"https:\/\/www.anniesloan.com\/fr\/wp-content\/uploads\/sites\/4\/2020\/02\/230093-Wall-Paint-Brushes-Brown-Bristles-White-Bgrd-6-1280x1024-1.jpg\",\"width\":1280,\"height\":1024},{\"@type\":\"BreadcrumbList\",\"@id\":\"https:\/\/www.anniesloan.com\/fr\/produit\/pinceaux-et-outils\/pinceaux-pour-peinture-wall-paint\/#breadcrumb\",\"itemListElement\":[{\"@type\":\"ListItem\",\"position\":1,\"name\":\"Produits\",\"item\":\"https:\/\/www.anniesloan.com\/fr\/produits\/\"},{\"@type\":\"ListItem\",\"position\":2,\"name\":\"Pinceaux et outils\",\"item\":\"https:\/\/www.anniesloan.com\/fr\/produits\/pinceaux-et-outils\/\"},{\"@type\":\"ListItem\",\"position\":3,\"name\":\"Pinceaux pour peinture Wall Paint\"}]},{\"@type\":\"WebSite\",\"@id\":\"https:\/\/www.anniesloan.com\/fr\/#website\",\"url\":\"https:\/\/www.anniesloan.com\/fr\/\",\"name\":\"Annie Sloan FR\",\"description\":\"Home of Chalk Paint\",\"publisher\":{\"@id\":\"https:\/\/www.anniesloan.com\/fr\/#organization\"},\"potentialAction\":[{\"@type\":\"SearchAction\",\"target\":{\"@type\":\"EntryPoint\",\"urlTemplate\":\"https:\/\/www.anniesloan.com\/fr\/?s={search_term_string}\"},\"query-input\":{\"@type\":\"PropertyValueSpecification\",\"valueRequired\":true,\"valueName\":\"search_term_string\"}}],\"inLanguage\":\"fr-FR\"},{\"@type\":\"Organization\",\"@id\":\"https:\/\/www.anniesloan.com\/fr\/#organization\",\"name\":\"Annie Sloan\",\"url\":\"https:\/\/www.anniesloan.com\/fr\/\",\"logo\":{\"@type\":\"ImageObject\",\"inLanguage\":\"fr-FR\",\"@id\":\"https:\/\/www.anniesloan.com\/fr\/#\/schema\/logo\/image\/\",\"url\":\"https:\/\/www.anniesloan.com\/fr\/wp-content\/uploads\/sites\/4\/2021\/07\/anniesloan-logo.jpg\",\"contentUrl\":\"https:\/\/www.anniesloan.com\/fr\/wp-content\/uploads\/sites\/4\/2021\/07\/anniesloan-logo.jpg\",\"width\":1200,\"height\":361,\"caption\":\"Annie Sloan\"},\"image\":{\"@id\":\"https:\/\/www.anniesloan.com\/fr\/#\/schema\/logo\/image\/\"}}]}<\/script>\n<meta property=\"og:availability\" content=\"instock\" \/>\n<meta property=\"product:availability\" content=\"instock\" \/>\n<meta property=\"product:retailer_item_id\" content=\"WALL-PAINT\" \/>\n<meta property=\"product:condition\" content=\"new\" \/>\n<!-- \/ Yoast SEO Premium plugin. -->","yoast_head_json":{"title":"Pinceaux pour peinture Wall Paint | Annie Sloan FR","description":"Les pinceaux Wall Paint d\u2019Annie Sloan sont en fibres synth\u00e9tiques et naturelles pour une application lisse et facile des peintures murales Wall Paint.","robots":{"index":"index","follow":"follow","max-snippet":"max-snippet:-1","max-image-preview":"max-image-preview:large","max-video-preview":"max-video-preview:-1"},"canonical":"https:\/\/www.anniesloan.com\/fr\/produit\/pinceaux-et-outils\/pinceaux-pour-peinture-wall-paint\/","og_locale":"fr_FR","og_type":"article","og_title":"Pinceaux pour peinture Wall Paint","og_description":"Les pinceaux Wall Paint d\u2019Annie Sloan sont en fibres synth\u00e9tiques et naturelles pour une application lisse et facile des peintures murales Wall Paint.","og_url":"https:\/\/www.anniesloan.com\/fr\/produit\/pinceaux-et-outils\/pinceaux-pour-peinture-wall-paint\/","og_site_name":"Annie Sloan FR","article_modified_time":"2026-03-30T07:55:53+00:00","og_image":[{"width":1280,"height":1024,"url":"https:\/\/www.anniesloan.com\/fr\/wp-content\/uploads\/sites\/4\/2020\/02\/230093-Wall-Paint-Brushes-Brown-Bristles-White-Bgrd-6-1280x1024-1.jpg","type":"image\/jpeg"}],"twitter_card":"summary_large_image","twitter_misc":{"Availability":"In stock"},"schema":{"@context":"https:\/\/schema.org","@graph":[{"@type":"WebPage","@id":"https:\/\/www.anniesloan.com\/fr\/produit\/pinceaux-et-outils\/pinceaux-pour-peinture-wall-paint\/","url":"https:\/\/www.anniesloan.com\/fr\/produit\/pinceaux-et-outils\/pinceaux-pour-peinture-wall-paint\/","name":"Pinceaux pour peinture Wall Paint | Annie Sloan FR","isPartOf":{"@id":"https:\/\/www.anniesloan.com\/fr\/#website"},"primaryImageOfPage":{"@id":"https:\/\/www.anniesloan.com\/fr\/produit\/pinceaux-et-outils\/pinceaux-pour-peinture-wall-paint\/#primaryimage"},"image":{"@id":"https:\/\/www.anniesloan.com\/fr\/produit\/pinceaux-et-outils\/pinceaux-pour-peinture-wall-paint\/#primaryimage"},"thumbnailUrl":"https:\/\/www.anniesloan.com\/fr\/wp-content\/uploads\/sites\/4\/2020\/02\/230093-Wall-Paint-Brushes-Brown-Bristles-White-Bgrd-6-1280x1024-1.jpg","datePublished":"2020-02-07T17:19:39+00:00","dateModified":"2026-03-30T07:55:53+00:00","description":"Les pinceaux Wall Paint d\u2019Annie Sloan sont en fibres synth\u00e9tiques et naturelles pour une application lisse et facile des peintures murales Wall Paint.","breadcrumb":{"@id":"https:\/\/www.anniesloan.com\/fr\/produit\/pinceaux-et-outils\/pinceaux-pour-peinture-wall-paint\/#breadcrumb"},"inLanguage":"fr-FR","potentialAction":[{"@type":"ReadAction","target":["https:\/\/www.anniesloan.com\/fr\/produit\/pinceaux-et-outils\/pinceaux-pour-peinture-wall-paint\/"]}]},{"@type":"ImageObject","inLanguage":"fr-FR","@id":"https:\/\/www.anniesloan.com\/fr\/produit\/pinceaux-et-outils\/pinceaux-pour-peinture-wall-paint\/#primaryimage","url":"https:\/\/www.anniesloan.com\/fr\/wp-content\/uploads\/sites\/4\/2020\/02\/230093-Wall-Paint-Brushes-Brown-Bristles-White-Bgrd-6-1280x1024-1.jpg","contentUrl":"https:\/\/www.anniesloan.com\/fr\/wp-content\/uploads\/sites\/4\/2020\/02\/230093-Wall-Paint-Brushes-Brown-Bristles-White-Bgrd-6-1280x1024-1.jpg","width":1280,"height":1024},{"@type":"BreadcrumbList","@id":"https:\/\/www.anniesloan.com\/fr\/produit\/pinceaux-et-outils\/pinceaux-pour-peinture-wall-paint\/#breadcrumb","itemListElement":[{"@type":"ListItem","position":1,"name":"Produits","item":"https:\/\/www.anniesloan.com\/fr\/produits\/"},{"@type":"ListItem","position":2,"name":"Pinceaux et outils","item":"https:\/\/www.anniesloan.com\/fr\/produits\/pinceaux-et-outils\/"},{"@type":"ListItem","position":3,"name":"Pinceaux pour peinture Wall Paint"}]},{"@type":"WebSite","@id":"https:\/\/www.anniesloan.com\/fr\/#website","url":"https:\/\/www.anniesloan.com\/fr\/","name":"Annie Sloan FR","description":"Home of Chalk Paint","publisher":{"@id":"https:\/\/www.anniesloan.com\/fr\/#organization"},"potentialAction":[{"@type":"SearchAction","target":{"@type":"EntryPoint","urlTemplate":"https:\/\/www.anniesloan.com\/fr\/?s={search_term_string}"},"query-input":{"@type":"PropertyValueSpecification","valueRequired":true,"valueName":"search_term_string"}}],"inLanguage":"fr-FR"},{"@type":"Organization","@id":"https:\/\/www.anniesloan.com\/fr\/#organization","name":"Annie Sloan","url":"https:\/\/www.anniesloan.com\/fr\/","logo":{"@type":"ImageObject","inLanguage":"fr-FR","@id":"https:\/\/www.anniesloan.com\/fr\/#\/schema\/logo\/image\/","url":"https:\/\/www.anniesloan.com\/fr\/wp-content\/uploads\/sites\/4\/2021\/07\/anniesloan-logo.jpg","contentUrl":"https:\/\/www.anniesloan.com\/fr\/wp-content\/uploads\/sites\/4\/2021\/07\/anniesloan-logo.jpg","width":1200,"height":361,"caption":"Annie Sloan"},"image":{"@id":"https:\/\/www.anniesloan.com\/fr\/#\/schema\/logo\/image\/"}}]},"og_availability":"instock","product_availability":"instock","product_retailer_item_id":"WALL-PAINT","product_condition":"new"},"_links":{"self":[{"href":"https:\/\/www.anniesloan.com\/fr\/wp-json\/wp\/v2\/product\/21049","targetHints":{"allow":["GET"]}}],"collection":[{"href":"https:\/\/www.anniesloan.com\/fr\/wp-json\/wp\/v2\/product"}],"about":[{"href":"https:\/\/www.anniesloan.com\/fr\/wp-json\/wp\/v2\/types\/product"}],"wp:featuredmedia":[{"embeddable":true,"href":"https:\/\/www.anniesloan.com\/fr\/wp-json\/wp\/v2\/media\/39388"}],"wp:attachment":[{"href":"https:\/\/www.anniesloan.com\/fr\/wp-json\/wp\/v2\/media?parent=21049"}],"wp:term":[{"taxonomy":"product_brand","embeddable":true,"href":"https:\/\/www.anniesloan.com\/fr\/wp-json\/wp\/v2\/product_brand?post=21049"},{"taxonomy":"product_cat","embeddable":true,"href":"https:\/\/www.anniesloan.com\/fr\/wp-json\/wp\/v2\/product_cat?post=21049"},{"taxonomy":"product_tag","embeddable":true,"href":"https:\/\/www.anniesloan.com\/fr\/wp-json\/wp\/v2\/product_tag?post=21049"}],"curies":[{"name":"wp","href":"https:\/\/api.w.org\/{rel}","templated":true}]}}