{"id":21038,"date":"2020-02-07T17:18:18","date_gmt":"2020-02-07T17:18:18","guid":{"rendered":"https:\/\/www.anniesloan.com\/product\/detail-brushes\/"},"modified":"2026-01-22T12:53:59","modified_gmt":"2026-01-22T11:53:59","slug":"set-de-pinceaux-de-precision","status":"publish","type":"product","link":"https:\/\/www.anniesloan.com\/fr\/produit\/pinceaux-et-outils\/set-de-pinceaux-de-precision\/","title":{"rendered":"Set de pinceaux de pr\u00e9cision"},"content":{"rendered":"","protected":false},"excerpt":{"rendered":"<p>Le set de pinceaux de pr\u00e9cision Annie Sloan est con\u00e7u pour apporter une finition sans d\u00e9faut \u00e0 la peinture et \u00e0 la d\u00e9coration. Id\u00e9ales pour peindre des d\u00e9tails fins et des formes dynamiques \u00e0 l\u2019aide de Chalk Paint\u2122 et de cires \u00e0 dorure, les quatre brosses offrent un excellent contr\u00f4le, une pr\u00e9cision incroyable, et assurent une r\u00e9partition uniforme des couleurs gr\u00e2ce \u00e0 leurs poils souples et durables.<\/p>\n<p>Les quatre pinceaux \u2013 un petit et grand pinceau rond, et un petit et grand pinceau plat \u2013 sont pr\u00e9sent\u00e9s dans une \u00e9l\u00e9gante bo\u00eete \u00e0 crayons inspir\u00e9e de Folk Art.<\/p>\n","protected":false},"featured_media":21039,"template":"","meta":{"_acf_changed":false,"_relevanssi_hide_post":"","_relevanssi_hide_content":"","_relevanssi_pin_for_all":"","_relevanssi_pin_keywords":"","_relevanssi_unpin_keywords":"","_relevanssi_related_keywords":"","_relevanssi_related_include_ids":"","_relevanssi_related_exclude_ids":"","_relevanssi_related_no_append":"","_relevanssi_related_not_related":"","_relevanssi_related_posts":"","_relevanssi_noindex_reason":""},"product_brand":[],"product_cat":[57,65,1168,1169],"product_tag":[],"class_list":{"0":"post-21038","1":"product","2":"type-product","3":"status-publish","4":"has-post-thumbnail","6":"product_cat-pinceaux-et-outils","7":"product_cat-cadeaux-et-coffrets","8":"product_cat-cadeaux-a-moins-de-30-e","9":"product_cat-idees-pour-la-hotte-de-noel","11":"first","12":"outofstock","13":"taxable","14":"shipping-taxable","15":"purchasable","16":"product-type-simple"},"acf":[],"yoast_head":"<!-- This site is optimized with the Yoast SEO Premium plugin v26.5 (Yoast SEO v26.5) - https:\/\/yoast.com\/wordpress\/plugins\/seo\/ -->\n<title>Set de pinceaux de pr\u00e9cision | Annie Sloan FR<\/title>\n<meta name=\"description\" content=\"Le coffret de quatre pinceaux fins d\u2019Annie Sloan a \u00e9t\u00e9 mis au point dans l\u2019optique de rendre la peinture et la d\u00e9coration simples et accessibles \u00e0 tous.\" \/>\n<meta name=\"robots\" content=\"index, follow, max-snippet:-1, max-image-preview:large, max-video-preview:-1\" \/>\n<link rel=\"canonical\" href=\"https:\/\/www.anniesloan.com\/fr\/produit\/pinceaux-et-outils\/set-de-pinceaux-de-precision\/\" \/>\n<meta property=\"og:locale\" content=\"fr_FR\" \/>\n<meta property=\"og:type\" content=\"article\" \/>\n<meta property=\"og:title\" content=\"Set de pinceaux de pr\u00e9cision\" \/>\n<meta property=\"og:description\" content=\"Le coffret de quatre pinceaux fins d\u2019Annie Sloan a \u00e9t\u00e9 mis au point dans l\u2019optique de rendre la peinture et la d\u00e9coration simples et accessibles \u00e0 tous.\" \/>\n<meta property=\"og:url\" content=\"https:\/\/www.anniesloan.com\/fr\/produit\/pinceaux-et-outils\/set-de-pinceaux-de-precision\/\" \/>\n<meta property=\"og:site_name\" content=\"Annie Sloan FR\" \/>\n<meta property=\"article:modified_time\" content=\"2026-01-22T11:53:59+00:00\" \/>\n<meta property=\"og:image\" content=\"https:\/\/www.anniesloan.com\/fr\/wp-content\/uploads\/sites\/4\/2021\/05\/Annie-Sloan-Detail-Brushes-with-box-2000-3-scaled-1.jpg\" \/>\n\t<meta property=\"og:image:width\" content=\"1280\" \/>\n\t<meta property=\"og:image:height\" content=\"1024\" \/>\n\t<meta property=\"og:image:type\" content=\"image\/jpeg\" \/>\n<meta name=\"twitter:card\" content=\"summary_large_image\" \/>\n<meta name=\"twitter:label1\" content=\"Price\" \/>\n\t<meta name=\"twitter:data1\" content=\"24.95&euro;\" \/>\n\t<meta name=\"twitter:label2\" content=\"Availability\" \/>\n\t<meta name=\"twitter:data2\" content=\"Out of stock\" \/>\n<script type=\"application\/ld+json\" class=\"yoast-schema-graph\">{\"@context\":\"https:\/\/schema.org\",\"@graph\":[{\"@type\":\"WebPage\",\"@id\":\"https:\/\/www.anniesloan.com\/fr\/produit\/pinceaux-et-outils\/set-de-pinceaux-de-precision\/\",\"url\":\"https:\/\/www.anniesloan.com\/fr\/produit\/pinceaux-et-outils\/set-de-pinceaux-de-precision\/\",\"name\":\"Set de pinceaux de pr\u00e9cision | Annie Sloan FR\",\"isPartOf\":{\"@id\":\"https:\/\/www.anniesloan.com\/fr\/#website\"},\"primaryImageOfPage\":{\"@id\":\"https:\/\/www.anniesloan.com\/fr\/produit\/pinceaux-et-outils\/set-de-pinceaux-de-precision\/#primaryimage\"},\"image\":{\"@id\":\"https:\/\/www.anniesloan.com\/fr\/produit\/pinceaux-et-outils\/set-de-pinceaux-de-precision\/#primaryimage\"},\"thumbnailUrl\":\"https:\/\/www.anniesloan.com\/fr\/wp-content\/uploads\/sites\/4\/2021\/05\/Annie-Sloan-Detail-Brushes-with-box-2000-3-scaled-1.jpg\",\"datePublished\":\"2020-02-07T17:18:18+00:00\",\"dateModified\":\"2026-01-22T11:53:59+00:00\",\"description\":\"Le coffret de quatre pinceaux fins d\u2019Annie Sloan a \u00e9t\u00e9 mis au point dans l\u2019optique de rendre la peinture et la d\u00e9coration simples et accessibles \u00e0 tous.\",\"breadcrumb\":{\"@id\":\"https:\/\/www.anniesloan.com\/fr\/produit\/pinceaux-et-outils\/set-de-pinceaux-de-precision\/#breadcrumb\"},\"inLanguage\":\"fr-FR\",\"potentialAction\":[{\"@type\":\"ReadAction\",\"target\":[\"https:\/\/www.anniesloan.com\/fr\/produit\/pinceaux-et-outils\/set-de-pinceaux-de-precision\/\"]}]},{\"@type\":\"ImageObject\",\"inLanguage\":\"fr-FR\",\"@id\":\"https:\/\/www.anniesloan.com\/fr\/produit\/pinceaux-et-outils\/set-de-pinceaux-de-precision\/#primaryimage\",\"url\":\"https:\/\/www.anniesloan.com\/fr\/wp-content\/uploads\/sites\/4\/2021\/05\/Annie-Sloan-Detail-Brushes-with-box-2000-3-scaled-1.jpg\",\"contentUrl\":\"https:\/\/www.anniesloan.com\/fr\/wp-content\/uploads\/sites\/4\/2021\/05\/Annie-Sloan-Detail-Brushes-with-box-2000-3-scaled-1.jpg\",\"width\":1280,\"height\":1024,\"caption\":\"Detail Brushes by Annie Sloan box\"},{\"@type\":\"BreadcrumbList\",\"@id\":\"https:\/\/www.anniesloan.com\/fr\/produit\/pinceaux-et-outils\/set-de-pinceaux-de-precision\/#breadcrumb\",\"itemListElement\":[{\"@type\":\"ListItem\",\"position\":1,\"name\":\"Produits\",\"item\":\"https:\/\/www.anniesloan.com\/fr\/produits\/\"},{\"@type\":\"ListItem\",\"position\":2,\"name\":\"Pinceaux et outils\",\"item\":\"https:\/\/www.anniesloan.com\/fr\/produits\/pinceaux-et-outils\/\"},{\"@type\":\"ListItem\",\"position\":3,\"name\":\"Set de pinceaux de pr\u00e9cision\"}]},{\"@type\":\"WebSite\",\"@id\":\"https:\/\/www.anniesloan.com\/fr\/#website\",\"url\":\"https:\/\/www.anniesloan.com\/fr\/\",\"name\":\"Annie Sloan FR\",\"description\":\"Home of Chalk Paint\",\"publisher\":{\"@id\":\"https:\/\/www.anniesloan.com\/fr\/#organization\"},\"potentialAction\":[{\"@type\":\"SearchAction\",\"target\":{\"@type\":\"EntryPoint\",\"urlTemplate\":\"https:\/\/www.anniesloan.com\/fr\/?s={search_term_string}\"},\"query-input\":{\"@type\":\"PropertyValueSpecification\",\"valueRequired\":true,\"valueName\":\"search_term_string\"}}],\"inLanguage\":\"fr-FR\"},{\"@type\":\"Organization\",\"@id\":\"https:\/\/www.anniesloan.com\/fr\/#organization\",\"name\":\"Annie Sloan\",\"url\":\"https:\/\/www.anniesloan.com\/fr\/\",\"logo\":{\"@type\":\"ImageObject\",\"inLanguage\":\"fr-FR\",\"@id\":\"https:\/\/www.anniesloan.com\/fr\/#\/schema\/logo\/image\/\",\"url\":\"https:\/\/www.anniesloan.com\/fr\/wp-content\/uploads\/sites\/4\/2021\/07\/anniesloan-logo.jpg\",\"contentUrl\":\"https:\/\/www.anniesloan.com\/fr\/wp-content\/uploads\/sites\/4\/2021\/07\/anniesloan-logo.jpg\",\"width\":1200,\"height\":361,\"caption\":\"Annie Sloan\"},\"image\":{\"@id\":\"https:\/\/www.anniesloan.com\/fr\/#\/schema\/logo\/image\/\"}}]}<\/script>\n<meta property=\"product:price:amount\" content=\"24.95\" \/>\n<meta property=\"product:price:currency\" content=\"EUR\" \/>\n<meta property=\"og:availability\" content=\"out of stock\" \/>\n<meta property=\"product:availability\" content=\"out of stock\" \/>\n<meta property=\"product:retailer_item_id\" content=\"RDTL001.ST01.01\" \/>\n<meta property=\"product:condition\" content=\"new\" \/>\n<!-- \/ Yoast SEO Premium plugin. -->","yoast_head_json":{"title":"Set de pinceaux de pr\u00e9cision | Annie Sloan FR","description":"Le coffret de quatre pinceaux fins d\u2019Annie Sloan a \u00e9t\u00e9 mis au point dans l\u2019optique de rendre la peinture et la d\u00e9coration simples et accessibles \u00e0 tous.","robots":{"index":"index","follow":"follow","max-snippet":"max-snippet:-1","max-image-preview":"max-image-preview:large","max-video-preview":"max-video-preview:-1"},"canonical":"https:\/\/www.anniesloan.com\/fr\/produit\/pinceaux-et-outils\/set-de-pinceaux-de-precision\/","og_locale":"fr_FR","og_type":"article","og_title":"Set de pinceaux de pr\u00e9cision","og_description":"Le coffret de quatre pinceaux fins d\u2019Annie Sloan a \u00e9t\u00e9 mis au point dans l\u2019optique de rendre la peinture et la d\u00e9coration simples et accessibles \u00e0 tous.","og_url":"https:\/\/www.anniesloan.com\/fr\/produit\/pinceaux-et-outils\/set-de-pinceaux-de-precision\/","og_site_name":"Annie Sloan FR","article_modified_time":"2026-01-22T11:53:59+00:00","og_image":[{"width":1280,"height":1024,"url":"https:\/\/www.anniesloan.com\/fr\/wp-content\/uploads\/sites\/4\/2021\/05\/Annie-Sloan-Detail-Brushes-with-box-2000-3-scaled-1.jpg","type":"image\/jpeg"}],"twitter_card":"summary_large_image","twitter_misc":{"Price":"24.95&euro;","Availability":"Out of stock"},"schema":{"@context":"https:\/\/schema.org","@graph":[{"@type":"WebPage","@id":"https:\/\/www.anniesloan.com\/fr\/produit\/pinceaux-et-outils\/set-de-pinceaux-de-precision\/","url":"https:\/\/www.anniesloan.com\/fr\/produit\/pinceaux-et-outils\/set-de-pinceaux-de-precision\/","name":"Set de pinceaux de pr\u00e9cision | Annie Sloan FR","isPartOf":{"@id":"https:\/\/www.anniesloan.com\/fr\/#website"},"primaryImageOfPage":{"@id":"https:\/\/www.anniesloan.com\/fr\/produit\/pinceaux-et-outils\/set-de-pinceaux-de-precision\/#primaryimage"},"image":{"@id":"https:\/\/www.anniesloan.com\/fr\/produit\/pinceaux-et-outils\/set-de-pinceaux-de-precision\/#primaryimage"},"thumbnailUrl":"https:\/\/www.anniesloan.com\/fr\/wp-content\/uploads\/sites\/4\/2021\/05\/Annie-Sloan-Detail-Brushes-with-box-2000-3-scaled-1.jpg","datePublished":"2020-02-07T17:18:18+00:00","dateModified":"2026-01-22T11:53:59+00:00","description":"Le coffret de quatre pinceaux fins d\u2019Annie Sloan a \u00e9t\u00e9 mis au point dans l\u2019optique de rendre la peinture et la d\u00e9coration simples et accessibles \u00e0 tous.","breadcrumb":{"@id":"https:\/\/www.anniesloan.com\/fr\/produit\/pinceaux-et-outils\/set-de-pinceaux-de-precision\/#breadcrumb"},"inLanguage":"fr-FR","potentialAction":[{"@type":"ReadAction","target":["https:\/\/www.anniesloan.com\/fr\/produit\/pinceaux-et-outils\/set-de-pinceaux-de-precision\/"]}]},{"@type":"ImageObject","inLanguage":"fr-FR","@id":"https:\/\/www.anniesloan.com\/fr\/produit\/pinceaux-et-outils\/set-de-pinceaux-de-precision\/#primaryimage","url":"https:\/\/www.anniesloan.com\/fr\/wp-content\/uploads\/sites\/4\/2021\/05\/Annie-Sloan-Detail-Brushes-with-box-2000-3-scaled-1.jpg","contentUrl":"https:\/\/www.anniesloan.com\/fr\/wp-content\/uploads\/sites\/4\/2021\/05\/Annie-Sloan-Detail-Brushes-with-box-2000-3-scaled-1.jpg","width":1280,"height":1024,"caption":"Detail Brushes by Annie Sloan box"},{"@type":"BreadcrumbList","@id":"https:\/\/www.anniesloan.com\/fr\/produit\/pinceaux-et-outils\/set-de-pinceaux-de-precision\/#breadcrumb","itemListElement":[{"@type":"ListItem","position":1,"name":"Produits","item":"https:\/\/www.anniesloan.com\/fr\/produits\/"},{"@type":"ListItem","position":2,"name":"Pinceaux et outils","item":"https:\/\/www.anniesloan.com\/fr\/produits\/pinceaux-et-outils\/"},{"@type":"ListItem","position":3,"name":"Set de pinceaux de pr\u00e9cision"}]},{"@type":"WebSite","@id":"https:\/\/www.anniesloan.com\/fr\/#website","url":"https:\/\/www.anniesloan.com\/fr\/","name":"Annie Sloan FR","description":"Home of Chalk Paint","publisher":{"@id":"https:\/\/www.anniesloan.com\/fr\/#organization"},"potentialAction":[{"@type":"SearchAction","target":{"@type":"EntryPoint","urlTemplate":"https:\/\/www.anniesloan.com\/fr\/?s={search_term_string}"},"query-input":{"@type":"PropertyValueSpecification","valueRequired":true,"valueName":"search_term_string"}}],"inLanguage":"fr-FR"},{"@type":"Organization","@id":"https:\/\/www.anniesloan.com\/fr\/#organization","name":"Annie Sloan","url":"https:\/\/www.anniesloan.com\/fr\/","logo":{"@type":"ImageObject","inLanguage":"fr-FR","@id":"https:\/\/www.anniesloan.com\/fr\/#\/schema\/logo\/image\/","url":"https:\/\/www.anniesloan.com\/fr\/wp-content\/uploads\/sites\/4\/2021\/07\/anniesloan-logo.jpg","contentUrl":"https:\/\/www.anniesloan.com\/fr\/wp-content\/uploads\/sites\/4\/2021\/07\/anniesloan-logo.jpg","width":1200,"height":361,"caption":"Annie Sloan"},"image":{"@id":"https:\/\/www.anniesloan.com\/fr\/#\/schema\/logo\/image\/"}}]},"product_price_amount":"24.95","product_price_currency":"EUR","og_availability":"out of stock","product_availability":"out of stock","product_retailer_item_id":"RDTL001.ST01.01","product_condition":"new"},"_links":{"self":[{"href":"https:\/\/www.anniesloan.com\/fr\/wp-json\/wp\/v2\/product\/21038","targetHints":{"allow":["GET"]}}],"collection":[{"href":"https:\/\/www.anniesloan.com\/fr\/wp-json\/wp\/v2\/product"}],"about":[{"href":"https:\/\/www.anniesloan.com\/fr\/wp-json\/wp\/v2\/types\/product"}],"wp:featuredmedia":[{"embeddable":true,"href":"https:\/\/www.anniesloan.com\/fr\/wp-json\/wp\/v2\/media\/21039"}],"wp:attachment":[{"href":"https:\/\/www.anniesloan.com\/fr\/wp-json\/wp\/v2\/media?parent=21038"}],"wp:term":[{"taxonomy":"product_brand","embeddable":true,"href":"https:\/\/www.anniesloan.com\/fr\/wp-json\/wp\/v2\/product_brand?post=21038"},{"taxonomy":"product_cat","embeddable":true,"href":"https:\/\/www.anniesloan.com\/fr\/wp-json\/wp\/v2\/product_cat?post=21038"},{"taxonomy":"product_tag","embeddable":true,"href":"https:\/\/www.anniesloan.com\/fr\/wp-json\/wp\/v2\/product_tag?post=21038"}],"curies":[{"name":"wp","href":"https:\/\/api.w.org\/{rel}","templated":true}]}}