{"id":21023,"date":"2020-02-07T17:17:27","date_gmt":"2020-02-07T16:17:27","guid":{"rendered":"https:\/\/www.anniesloan.com\/product\/flat-brushes\/"},"modified":"2026-05-07T13:56:24","modified_gmt":"2026-05-07T11:56:24","slug":"pinceaux-plats","status":"publish","type":"product","link":"https:\/\/www.anniesloan.com\/fr\/produit\/pinceaux-et-outils\/pinceaux-plats\/","title":{"rendered":"Pinceaux plats"},"content":{"rendered":"","protected":false},"excerpt":{"rendered":"<p>Les pinceaux plats Annie Sloan Flat en fibres synth\u00e9tiques avanc\u00e9es, permettent d\u2019obtenir une finition lisse et contemporaine. Les pinceaux sont con\u00e7us pour \u00eatre charg\u00e9s d\u2019une grande quantit\u00e9 de peinture et pour appliquer la cire de mani\u00e8re uniforme, ce qui r\u00e9duit les traces de pinceau.<\/p>\n<p>Disponible en petit (23 cm x 3 cm) et grand (26 cm x 6 cm)\u00a0formats.<\/p>\n","protected":false},"featured_media":41321,"template":"","meta":{"_acf_changed":false,"_relevanssi_hide_post":"","_relevanssi_hide_content":"","_relevanssi_pin_for_all":"","_relevanssi_pin_keywords":"","_relevanssi_unpin_keywords":"","_relevanssi_related_keywords":"","_relevanssi_related_include_ids":"","_relevanssi_related_exclude_ids":"","_relevanssi_related_no_append":"","_relevanssi_related_not_related":"","_relevanssi_related_posts":"","_relevanssi_noindex_reason":""},"product_brand":[],"product_cat":[57,65,1168,1169],"product_tag":[],"class_list":{"0":"post-21023","1":"product","2":"type-product","3":"status-publish","4":"has-post-thumbnail","6":"product_cat-pinceaux-et-outils","7":"product_cat-cadeaux-et-coffrets","8":"product_cat-cadeaux-a-moins-de-30-e","9":"product_cat-idees-pour-la-hotte-de-noel","10":"pa_brush-size-grand","11":"pa_brush-size-petit","13":"first","14":"instock","15":"taxable","16":"shipping-taxable","17":"purchasable","18":"product-type-variable"},"acf":[],"yoast_head":"<!-- This site is optimized with the Yoast SEO Premium plugin v26.5 (Yoast SEO v26.5) - https:\/\/yoast.com\/wordpress\/plugins\/seo\/ -->\n<title>Pinceaux plats | Annie Sloan FR<\/title>\n<meta name=\"description\" content=\"Les pinceaux plats Annie Sloan Flat en fibres synth\u00e9tiques avanc\u00e9es, dans un bleu \u00e9clatant, permettent d\u2019obtenir une finition lisse et contemporaine.\" \/>\n<meta name=\"robots\" content=\"index, follow, max-snippet:-1, max-image-preview:large, max-video-preview:-1\" \/>\n<link rel=\"canonical\" href=\"https:\/\/www.anniesloan.com\/fr\/produit\/pinceaux-et-outils\/pinceaux-plats\/\" \/>\n<meta property=\"og:locale\" content=\"fr_FR\" \/>\n<meta property=\"og:type\" content=\"article\" \/>\n<meta property=\"og:title\" content=\"Pinceaux plats\" \/>\n<meta property=\"og:description\" content=\"Les pinceaux plats Annie Sloan Flat en fibres synth\u00e9tiques avanc\u00e9es, dans un bleu \u00e9clatant, permettent d\u2019obtenir une finition lisse et contemporaine.\" \/>\n<meta property=\"og:url\" content=\"https:\/\/www.anniesloan.com\/fr\/produit\/pinceaux-et-outils\/pinceaux-plats\/\" \/>\n<meta property=\"og:site_name\" content=\"Annie Sloan FR\" \/>\n<meta property=\"article:modified_time\" content=\"2026-05-07T11:56:24+00:00\" \/>\n<meta property=\"og:image\" content=\"https:\/\/www.anniesloan.com\/fr\/wp-content\/uploads\/sites\/4\/2020\/02\/240261-AS-Flat-Brush-small-and-large-1280x1024-1.jpg\" \/>\n\t<meta property=\"og:image:width\" content=\"1280\" \/>\n\t<meta property=\"og:image:height\" content=\"1024\" \/>\n\t<meta property=\"og:image:type\" content=\"image\/jpeg\" \/>\n<meta name=\"twitter:card\" content=\"summary_large_image\" \/>\n<meta name=\"twitter:label1\" content=\"Availability\" \/>\n\t<meta name=\"twitter:data1\" content=\"In stock\" \/>\n<script type=\"application\/ld+json\" class=\"yoast-schema-graph\">{\"@context\":\"https:\/\/schema.org\",\"@graph\":[{\"@type\":\"WebPage\",\"@id\":\"https:\/\/www.anniesloan.com\/fr\/produit\/pinceaux-et-outils\/pinceaux-plats\/\",\"url\":\"https:\/\/www.anniesloan.com\/fr\/produit\/pinceaux-et-outils\/pinceaux-plats\/\",\"name\":\"Pinceaux plats | Annie Sloan FR\",\"isPartOf\":{\"@id\":\"https:\/\/www.anniesloan.com\/fr\/#website\"},\"primaryImageOfPage\":{\"@id\":\"https:\/\/www.anniesloan.com\/fr\/produit\/pinceaux-et-outils\/pinceaux-plats\/#primaryimage\"},\"image\":{\"@id\":\"https:\/\/www.anniesloan.com\/fr\/produit\/pinceaux-et-outils\/pinceaux-plats\/#primaryimage\"},\"thumbnailUrl\":\"https:\/\/www.anniesloan.com\/fr\/wp-content\/uploads\/sites\/4\/2020\/02\/240261-AS-Flat-Brush-small-and-large-1280x1024-1.jpg\",\"datePublished\":\"2020-02-07T16:17:27+00:00\",\"dateModified\":\"2026-05-07T11:56:24+00:00\",\"description\":\"Les pinceaux plats Annie Sloan Flat en fibres synth\u00e9tiques avanc\u00e9es, dans un bleu \u00e9clatant, permettent d\u2019obtenir une finition lisse et contemporaine.\",\"breadcrumb\":{\"@id\":\"https:\/\/www.anniesloan.com\/fr\/produit\/pinceaux-et-outils\/pinceaux-plats\/#breadcrumb\"},\"inLanguage\":\"fr-FR\",\"potentialAction\":[{\"@type\":\"ReadAction\",\"target\":[\"https:\/\/www.anniesloan.com\/fr\/produit\/pinceaux-et-outils\/pinceaux-plats\/\"]}]},{\"@type\":\"ImageObject\",\"inLanguage\":\"fr-FR\",\"@id\":\"https:\/\/www.anniesloan.com\/fr\/produit\/pinceaux-et-outils\/pinceaux-plats\/#primaryimage\",\"url\":\"https:\/\/www.anniesloan.com\/fr\/wp-content\/uploads\/sites\/4\/2020\/02\/240261-AS-Flat-Brush-small-and-large-1280x1024-1.jpg\",\"contentUrl\":\"https:\/\/www.anniesloan.com\/fr\/wp-content\/uploads\/sites\/4\/2020\/02\/240261-AS-Flat-Brush-small-and-large-1280x1024-1.jpg\",\"width\":1280,\"height\":1024},{\"@type\":\"BreadcrumbList\",\"@id\":\"https:\/\/www.anniesloan.com\/fr\/produit\/pinceaux-et-outils\/pinceaux-plats\/#breadcrumb\",\"itemListElement\":[{\"@type\":\"ListItem\",\"position\":1,\"name\":\"Produits\",\"item\":\"https:\/\/www.anniesloan.com\/fr\/produits\/\"},{\"@type\":\"ListItem\",\"position\":2,\"name\":\"Pinceaux et outils\",\"item\":\"https:\/\/www.anniesloan.com\/fr\/produits\/pinceaux-et-outils\/\"},{\"@type\":\"ListItem\",\"position\":3,\"name\":\"Pinceaux plats\"}]},{\"@type\":\"WebSite\",\"@id\":\"https:\/\/www.anniesloan.com\/fr\/#website\",\"url\":\"https:\/\/www.anniesloan.com\/fr\/\",\"name\":\"Annie Sloan FR\",\"description\":\"Home of Chalk Paint\",\"publisher\":{\"@id\":\"https:\/\/www.anniesloan.com\/fr\/#organization\"},\"potentialAction\":[{\"@type\":\"SearchAction\",\"target\":{\"@type\":\"EntryPoint\",\"urlTemplate\":\"https:\/\/www.anniesloan.com\/fr\/?s={search_term_string}\"},\"query-input\":{\"@type\":\"PropertyValueSpecification\",\"valueRequired\":true,\"valueName\":\"search_term_string\"}}],\"inLanguage\":\"fr-FR\"},{\"@type\":\"Organization\",\"@id\":\"https:\/\/www.anniesloan.com\/fr\/#organization\",\"name\":\"Annie Sloan\",\"url\":\"https:\/\/www.anniesloan.com\/fr\/\",\"logo\":{\"@type\":\"ImageObject\",\"inLanguage\":\"fr-FR\",\"@id\":\"https:\/\/www.anniesloan.com\/fr\/#\/schema\/logo\/image\/\",\"url\":\"https:\/\/www.anniesloan.com\/fr\/wp-content\/uploads\/sites\/4\/2021\/07\/anniesloan-logo.jpg\",\"contentUrl\":\"https:\/\/www.anniesloan.com\/fr\/wp-content\/uploads\/sites\/4\/2021\/07\/anniesloan-logo.jpg\",\"width\":1200,\"height\":361,\"caption\":\"Annie Sloan\"},\"image\":{\"@id\":\"https:\/\/www.anniesloan.com\/fr\/#\/schema\/logo\/image\/\"}}]}<\/script>\n<meta property=\"og:availability\" content=\"instock\" \/>\n<meta property=\"product:availability\" content=\"instock\" \/>\n<meta property=\"product:retailer_item_id\" content=\"FLAT-BRUSHES\" \/>\n<meta property=\"product:condition\" content=\"new\" \/>\n<!-- \/ Yoast SEO Premium plugin. -->","yoast_head_json":{"title":"Pinceaux plats | Annie Sloan FR","description":"Les pinceaux plats Annie Sloan Flat en fibres synth\u00e9tiques avanc\u00e9es, dans un bleu \u00e9clatant, permettent d\u2019obtenir une finition lisse et contemporaine.","robots":{"index":"index","follow":"follow","max-snippet":"max-snippet:-1","max-image-preview":"max-image-preview:large","max-video-preview":"max-video-preview:-1"},"canonical":"https:\/\/www.anniesloan.com\/fr\/produit\/pinceaux-et-outils\/pinceaux-plats\/","og_locale":"fr_FR","og_type":"article","og_title":"Pinceaux plats","og_description":"Les pinceaux plats Annie Sloan Flat en fibres synth\u00e9tiques avanc\u00e9es, dans un bleu \u00e9clatant, permettent d\u2019obtenir une finition lisse et contemporaine.","og_url":"https:\/\/www.anniesloan.com\/fr\/produit\/pinceaux-et-outils\/pinceaux-plats\/","og_site_name":"Annie Sloan FR","article_modified_time":"2026-05-07T11:56:24+00:00","og_image":[{"width":1280,"height":1024,"url":"https:\/\/www.anniesloan.com\/fr\/wp-content\/uploads\/sites\/4\/2020\/02\/240261-AS-Flat-Brush-small-and-large-1280x1024-1.jpg","type":"image\/jpeg"}],"twitter_card":"summary_large_image","twitter_misc":{"Availability":"In stock"},"schema":{"@context":"https:\/\/schema.org","@graph":[{"@type":"WebPage","@id":"https:\/\/www.anniesloan.com\/fr\/produit\/pinceaux-et-outils\/pinceaux-plats\/","url":"https:\/\/www.anniesloan.com\/fr\/produit\/pinceaux-et-outils\/pinceaux-plats\/","name":"Pinceaux plats | Annie Sloan FR","isPartOf":{"@id":"https:\/\/www.anniesloan.com\/fr\/#website"},"primaryImageOfPage":{"@id":"https:\/\/www.anniesloan.com\/fr\/produit\/pinceaux-et-outils\/pinceaux-plats\/#primaryimage"},"image":{"@id":"https:\/\/www.anniesloan.com\/fr\/produit\/pinceaux-et-outils\/pinceaux-plats\/#primaryimage"},"thumbnailUrl":"https:\/\/www.anniesloan.com\/fr\/wp-content\/uploads\/sites\/4\/2020\/02\/240261-AS-Flat-Brush-small-and-large-1280x1024-1.jpg","datePublished":"2020-02-07T16:17:27+00:00","dateModified":"2026-05-07T11:56:24+00:00","description":"Les pinceaux plats Annie Sloan Flat en fibres synth\u00e9tiques avanc\u00e9es, dans un bleu \u00e9clatant, permettent d\u2019obtenir une finition lisse et contemporaine.","breadcrumb":{"@id":"https:\/\/www.anniesloan.com\/fr\/produit\/pinceaux-et-outils\/pinceaux-plats\/#breadcrumb"},"inLanguage":"fr-FR","potentialAction":[{"@type":"ReadAction","target":["https:\/\/www.anniesloan.com\/fr\/produit\/pinceaux-et-outils\/pinceaux-plats\/"]}]},{"@type":"ImageObject","inLanguage":"fr-FR","@id":"https:\/\/www.anniesloan.com\/fr\/produit\/pinceaux-et-outils\/pinceaux-plats\/#primaryimage","url":"https:\/\/www.anniesloan.com\/fr\/wp-content\/uploads\/sites\/4\/2020\/02\/240261-AS-Flat-Brush-small-and-large-1280x1024-1.jpg","contentUrl":"https:\/\/www.anniesloan.com\/fr\/wp-content\/uploads\/sites\/4\/2020\/02\/240261-AS-Flat-Brush-small-and-large-1280x1024-1.jpg","width":1280,"height":1024},{"@type":"BreadcrumbList","@id":"https:\/\/www.anniesloan.com\/fr\/produit\/pinceaux-et-outils\/pinceaux-plats\/#breadcrumb","itemListElement":[{"@type":"ListItem","position":1,"name":"Produits","item":"https:\/\/www.anniesloan.com\/fr\/produits\/"},{"@type":"ListItem","position":2,"name":"Pinceaux et outils","item":"https:\/\/www.anniesloan.com\/fr\/produits\/pinceaux-et-outils\/"},{"@type":"ListItem","position":3,"name":"Pinceaux plats"}]},{"@type":"WebSite","@id":"https:\/\/www.anniesloan.com\/fr\/#website","url":"https:\/\/www.anniesloan.com\/fr\/","name":"Annie Sloan FR","description":"Home of Chalk Paint","publisher":{"@id":"https:\/\/www.anniesloan.com\/fr\/#organization"},"potentialAction":[{"@type":"SearchAction","target":{"@type":"EntryPoint","urlTemplate":"https:\/\/www.anniesloan.com\/fr\/?s={search_term_string}"},"query-input":{"@type":"PropertyValueSpecification","valueRequired":true,"valueName":"search_term_string"}}],"inLanguage":"fr-FR"},{"@type":"Organization","@id":"https:\/\/www.anniesloan.com\/fr\/#organization","name":"Annie Sloan","url":"https:\/\/www.anniesloan.com\/fr\/","logo":{"@type":"ImageObject","inLanguage":"fr-FR","@id":"https:\/\/www.anniesloan.com\/fr\/#\/schema\/logo\/image\/","url":"https:\/\/www.anniesloan.com\/fr\/wp-content\/uploads\/sites\/4\/2021\/07\/anniesloan-logo.jpg","contentUrl":"https:\/\/www.anniesloan.com\/fr\/wp-content\/uploads\/sites\/4\/2021\/07\/anniesloan-logo.jpg","width":1200,"height":361,"caption":"Annie Sloan"},"image":{"@id":"https:\/\/www.anniesloan.com\/fr\/#\/schema\/logo\/image\/"}}]},"og_availability":"instock","product_availability":"instock","product_retailer_item_id":"FLAT-BRUSHES","product_condition":"new"},"_links":{"self":[{"href":"https:\/\/www.anniesloan.com\/fr\/wp-json\/wp\/v2\/product\/21023","targetHints":{"allow":["GET"]}}],"collection":[{"href":"https:\/\/www.anniesloan.com\/fr\/wp-json\/wp\/v2\/product"}],"about":[{"href":"https:\/\/www.anniesloan.com\/fr\/wp-json\/wp\/v2\/types\/product"}],"wp:featuredmedia":[{"embeddable":true,"href":"https:\/\/www.anniesloan.com\/fr\/wp-json\/wp\/v2\/media\/41321"}],"wp:attachment":[{"href":"https:\/\/www.anniesloan.com\/fr\/wp-json\/wp\/v2\/media?parent=21023"}],"wp:term":[{"taxonomy":"product_brand","embeddable":true,"href":"https:\/\/www.anniesloan.com\/fr\/wp-json\/wp\/v2\/product_brand?post=21023"},{"taxonomy":"product_cat","embeddable":true,"href":"https:\/\/www.anniesloan.com\/fr\/wp-json\/wp\/v2\/product_cat?post=21023"},{"taxonomy":"product_tag","embeddable":true,"href":"https:\/\/www.anniesloan.com\/fr\/wp-json\/wp\/v2\/product_tag?post=21023"}],"curies":[{"name":"wp","href":"https:\/\/api.w.org\/{rel}","templated":true}]}}