{"id":20883,"date":"2020-02-07T16:44:07","date_gmt":"2020-02-07T15:44:07","guid":{"rendered":"https:\/\/www.anniesloan.com\/product\/gilding-wax\/"},"modified":"2026-03-30T07:56:09","modified_gmt":"2026-03-30T06:56:09","slug":"cire-a-dorer","status":"publish","type":"product","link":"https:\/\/www.anniesloan.com\/fr\/produit\/cires-et-finitions\/cire-a-dorer\/","title":{"rendered":"Cire \u00e0 dorer"},"content":{"rendered":"","protected":false},"excerpt":{"rendered":"<h3>Gilding Wax<\/h3>\n<p>Ajoutez une touche m\u00e9tallique \u00e0 votre mobilier avec la cire \u00e0 dorer d\u2019Annie Sloan. Ce produit permet d\u2019orner vos sculptures et moulures et rehausse la texture et les d\u00e9tails. Vous pouvez \u00e9galement cr\u00e9er des formes, des lignes et des motifs dor\u00e9s en utilisant votre pochoir pr\u00e9f\u00e9r\u00e9 d\u2019Annie Sloan. Peut \u00eatre appliqu\u00e9e avec un chiffon doux ou un pinceau.<\/p>\n<p>Voir notre <a href=\"https:\/\/www.anniesloan.com\/wp-content\/uploads\/2020\/03\/annie-sloan-gilding-wax-fact-sheet-fr.pdf\" target=\"_blank\" rel=\"noopener noreferrer\">fiche descriptive<\/a> pour en savoir plus.<\/p>\n<p>Disponible en tubes de 15 ml. Couleurs : or chaud, or brillant, argent brillant, argent fonc\u00e9 et cuivre.<\/p>\n","protected":false},"featured_media":20884,"template":"","meta":{"_acf_changed":false,"_relevanssi_hide_post":"","_relevanssi_hide_content":"","_relevanssi_pin_for_all":"","_relevanssi_pin_keywords":"","_relevanssi_unpin_keywords":"","_relevanssi_related_keywords":"","_relevanssi_related_include_ids":"","_relevanssi_related_exclude_ids":"","_relevanssi_related_no_append":"","_relevanssi_related_not_related":"","_relevanssi_related_posts":"","_relevanssi_noindex_reason":""},"product_brand":[],"product_cat":[44,65,1171,1169],"product_tag":[],"class_list":{"0":"post-20883","1":"product","2":"type-product","3":"status-publish","4":"has-post-thumbnail","6":"product_cat-cires-et-finitions","7":"product_cat-cadeaux-et-coffrets","8":"product_cat-cadeaux-a-moins-de-15-e","9":"product_cat-idees-pour-la-hotte-de-noel","10":"pa_colour-argent-brillant","11":"pa_colour-argent-fonce","12":"pa_colour-cuivre","13":"pa_colour-or-brillant","14":"pa_colour-or-chaud","16":"first","17":"instock","18":"taxable","19":"shipping-taxable","20":"purchasable","21":"product-type-variable"},"acf":[],"yoast_head":"<!-- This site is optimized with the Yoast SEO Premium plugin v26.5 (Yoast SEO v26.5) - https:\/\/yoast.com\/wordpress\/plugins\/seo\/ -->\n<title>Cire \u00e0 dorer | Annie Sloan FR<\/title>\n<meta name=\"description\" content=\"Ajoutez une touche m\u00e9tallique \u00e0 votre mobilier avec la cire \u00e0 dorer d\u2019Annie Sloan, pour orner sculptures et moulures et rehausser la texture et les d\u00e9tails.\" \/>\n<meta name=\"robots\" content=\"index, follow, max-snippet:-1, max-image-preview:large, max-video-preview:-1\" \/>\n<link rel=\"canonical\" href=\"https:\/\/www.anniesloan.com\/fr\/produit\/cires-et-finitions\/cire-a-dorer\/\" \/>\n<meta property=\"og:locale\" content=\"fr_FR\" \/>\n<meta property=\"og:type\" content=\"article\" \/>\n<meta property=\"og:title\" content=\"Cire \u00e0 dorer\" \/>\n<meta property=\"og:description\" content=\"Ajoutez une touche m\u00e9tallique \u00e0 votre mobilier avec la cire \u00e0 dorer d\u2019Annie Sloan, pour orner sculptures et moulures et rehausser la texture et les d\u00e9tails.\" \/>\n<meta property=\"og:url\" content=\"https:\/\/www.anniesloan.com\/fr\/produit\/cires-et-finitions\/cire-a-dorer\/\" \/>\n<meta property=\"og:site_name\" content=\"Annie Sloan FR\" \/>\n<meta property=\"article:modified_time\" content=\"2026-03-30T06:56:09+00:00\" \/>\n<meta property=\"og:image\" content=\"https:\/\/www.anniesloan.com\/fr\/wp-content\/uploads\/sites\/4\/2021\/05\/Annie-Sloan-Gilding-Waxes-15ml-tubes-in-Copper-Warm-and-Bright-Gold-and-Dark-and-Bright-Silver-3000-scaled-1.jpg\" \/>\n\t<meta property=\"og:image:width\" content=\"1280\" \/>\n\t<meta property=\"og:image:height\" content=\"1024\" \/>\n\t<meta property=\"og:image:type\" content=\"image\/jpeg\" \/>\n<meta name=\"twitter:card\" content=\"summary_large_image\" \/>\n<meta name=\"twitter:label1\" content=\"Availability\" \/>\n\t<meta name=\"twitter:data1\" content=\"In stock\" \/>\n<script type=\"application\/ld+json\" class=\"yoast-schema-graph\">{\"@context\":\"https:\/\/schema.org\",\"@graph\":[{\"@type\":\"WebPage\",\"@id\":\"https:\/\/www.anniesloan.com\/fr\/produit\/cires-et-finitions\/cire-a-dorer\/\",\"url\":\"https:\/\/www.anniesloan.com\/fr\/produit\/cires-et-finitions\/cire-a-dorer\/\",\"name\":\"Cire \u00e0 dorer | Annie Sloan FR\",\"isPartOf\":{\"@id\":\"https:\/\/www.anniesloan.com\/fr\/#website\"},\"primaryImageOfPage\":{\"@id\":\"https:\/\/www.anniesloan.com\/fr\/produit\/cires-et-finitions\/cire-a-dorer\/#primaryimage\"},\"image\":{\"@id\":\"https:\/\/www.anniesloan.com\/fr\/produit\/cires-et-finitions\/cire-a-dorer\/#primaryimage\"},\"thumbnailUrl\":\"https:\/\/www.anniesloan.com\/fr\/wp-content\/uploads\/sites\/4\/2021\/05\/Annie-Sloan-Gilding-Waxes-15ml-tubes-in-Copper-Warm-and-Bright-Gold-and-Dark-and-Bright-Silver-3000-scaled-1.jpg\",\"datePublished\":\"2020-02-07T15:44:07+00:00\",\"dateModified\":\"2026-03-30T06:56:09+00:00\",\"description\":\"Ajoutez une touche m\u00e9tallique \u00e0 votre mobilier avec la cire \u00e0 dorer d\u2019Annie Sloan, pour orner sculptures et moulures et rehausser la texture et les d\u00e9tails.\",\"breadcrumb\":{\"@id\":\"https:\/\/www.anniesloan.com\/fr\/produit\/cires-et-finitions\/cire-a-dorer\/#breadcrumb\"},\"inLanguage\":\"fr-FR\",\"potentialAction\":[{\"@type\":\"ReadAction\",\"target\":[\"https:\/\/www.anniesloan.com\/fr\/produit\/cires-et-finitions\/cire-a-dorer\/\"]}]},{\"@type\":\"ImageObject\",\"inLanguage\":\"fr-FR\",\"@id\":\"https:\/\/www.anniesloan.com\/fr\/produit\/cires-et-finitions\/cire-a-dorer\/#primaryimage\",\"url\":\"https:\/\/www.anniesloan.com\/fr\/wp-content\/uploads\/sites\/4\/2021\/05\/Annie-Sloan-Gilding-Waxes-15ml-tubes-in-Copper-Warm-and-Bright-Gold-and-Dark-and-Bright-Silver-3000-scaled-1.jpg\",\"contentUrl\":\"https:\/\/www.anniesloan.com\/fr\/wp-content\/uploads\/sites\/4\/2021\/05\/Annie-Sloan-Gilding-Waxes-15ml-tubes-in-Copper-Warm-and-Bright-Gold-and-Dark-and-Bright-Silver-3000-scaled-1.jpg\",\"width\":1280,\"height\":1024,\"caption\":\"Annie Sloan Gilding Wax 15ml tubes and swatches in Warm and Bright Gold, Dark and Bright Silver and Copper\"},{\"@type\":\"BreadcrumbList\",\"@id\":\"https:\/\/www.anniesloan.com\/fr\/produit\/cires-et-finitions\/cire-a-dorer\/#breadcrumb\",\"itemListElement\":[{\"@type\":\"ListItem\",\"position\":1,\"name\":\"Produits\",\"item\":\"https:\/\/www.anniesloan.com\/fr\/produits\/\"},{\"@type\":\"ListItem\",\"position\":2,\"name\":\"Cires et finitions\",\"item\":\"https:\/\/www.anniesloan.com\/fr\/produits\/cires-et-finitions\/\"},{\"@type\":\"ListItem\",\"position\":3,\"name\":\"Cire \u00e0 dorer\"}]},{\"@type\":\"WebSite\",\"@id\":\"https:\/\/www.anniesloan.com\/fr\/#website\",\"url\":\"https:\/\/www.anniesloan.com\/fr\/\",\"name\":\"Annie Sloan FR\",\"description\":\"Home of Chalk Paint\",\"publisher\":{\"@id\":\"https:\/\/www.anniesloan.com\/fr\/#organization\"},\"potentialAction\":[{\"@type\":\"SearchAction\",\"target\":{\"@type\":\"EntryPoint\",\"urlTemplate\":\"https:\/\/www.anniesloan.com\/fr\/?s={search_term_string}\"},\"query-input\":{\"@type\":\"PropertyValueSpecification\",\"valueRequired\":true,\"valueName\":\"search_term_string\"}}],\"inLanguage\":\"fr-FR\"},{\"@type\":\"Organization\",\"@id\":\"https:\/\/www.anniesloan.com\/fr\/#organization\",\"name\":\"Annie Sloan\",\"url\":\"https:\/\/www.anniesloan.com\/fr\/\",\"logo\":{\"@type\":\"ImageObject\",\"inLanguage\":\"fr-FR\",\"@id\":\"https:\/\/www.anniesloan.com\/fr\/#\/schema\/logo\/image\/\",\"url\":\"https:\/\/www.anniesloan.com\/fr\/wp-content\/uploads\/sites\/4\/2021\/07\/anniesloan-logo.jpg\",\"contentUrl\":\"https:\/\/www.anniesloan.com\/fr\/wp-content\/uploads\/sites\/4\/2021\/07\/anniesloan-logo.jpg\",\"width\":1200,\"height\":361,\"caption\":\"Annie Sloan\"},\"image\":{\"@id\":\"https:\/\/www.anniesloan.com\/fr\/#\/schema\/logo\/image\/\"}}]}<\/script>\n<meta property=\"og:availability\" content=\"instock\" \/>\n<meta property=\"product:availability\" content=\"instock\" \/>\n<meta property=\"product:retailer_item_id\" content=\"gilding-wax\" \/>\n<meta property=\"product:condition\" content=\"new\" \/>\n<!-- \/ Yoast SEO Premium plugin. -->","yoast_head_json":{"title":"Cire \u00e0 dorer | Annie Sloan FR","description":"Ajoutez une touche m\u00e9tallique \u00e0 votre mobilier avec la cire \u00e0 dorer d\u2019Annie Sloan, pour orner sculptures et moulures et rehausser la texture et les d\u00e9tails.","robots":{"index":"index","follow":"follow","max-snippet":"max-snippet:-1","max-image-preview":"max-image-preview:large","max-video-preview":"max-video-preview:-1"},"canonical":"https:\/\/www.anniesloan.com\/fr\/produit\/cires-et-finitions\/cire-a-dorer\/","og_locale":"fr_FR","og_type":"article","og_title":"Cire \u00e0 dorer","og_description":"Ajoutez une touche m\u00e9tallique \u00e0 votre mobilier avec la cire \u00e0 dorer d\u2019Annie Sloan, pour orner sculptures et moulures et rehausser la texture et les d\u00e9tails.","og_url":"https:\/\/www.anniesloan.com\/fr\/produit\/cires-et-finitions\/cire-a-dorer\/","og_site_name":"Annie Sloan FR","article_modified_time":"2026-03-30T06:56:09+00:00","og_image":[{"width":1280,"height":1024,"url":"https:\/\/www.anniesloan.com\/fr\/wp-content\/uploads\/sites\/4\/2021\/05\/Annie-Sloan-Gilding-Waxes-15ml-tubes-in-Copper-Warm-and-Bright-Gold-and-Dark-and-Bright-Silver-3000-scaled-1.jpg","type":"image\/jpeg"}],"twitter_card":"summary_large_image","twitter_misc":{"Availability":"In stock"},"schema":{"@context":"https:\/\/schema.org","@graph":[{"@type":"WebPage","@id":"https:\/\/www.anniesloan.com\/fr\/produit\/cires-et-finitions\/cire-a-dorer\/","url":"https:\/\/www.anniesloan.com\/fr\/produit\/cires-et-finitions\/cire-a-dorer\/","name":"Cire \u00e0 dorer | Annie Sloan FR","isPartOf":{"@id":"https:\/\/www.anniesloan.com\/fr\/#website"},"primaryImageOfPage":{"@id":"https:\/\/www.anniesloan.com\/fr\/produit\/cires-et-finitions\/cire-a-dorer\/#primaryimage"},"image":{"@id":"https:\/\/www.anniesloan.com\/fr\/produit\/cires-et-finitions\/cire-a-dorer\/#primaryimage"},"thumbnailUrl":"https:\/\/www.anniesloan.com\/fr\/wp-content\/uploads\/sites\/4\/2021\/05\/Annie-Sloan-Gilding-Waxes-15ml-tubes-in-Copper-Warm-and-Bright-Gold-and-Dark-and-Bright-Silver-3000-scaled-1.jpg","datePublished":"2020-02-07T15:44:07+00:00","dateModified":"2026-03-30T06:56:09+00:00","description":"Ajoutez une touche m\u00e9tallique \u00e0 votre mobilier avec la cire \u00e0 dorer d\u2019Annie Sloan, pour orner sculptures et moulures et rehausser la texture et les d\u00e9tails.","breadcrumb":{"@id":"https:\/\/www.anniesloan.com\/fr\/produit\/cires-et-finitions\/cire-a-dorer\/#breadcrumb"},"inLanguage":"fr-FR","potentialAction":[{"@type":"ReadAction","target":["https:\/\/www.anniesloan.com\/fr\/produit\/cires-et-finitions\/cire-a-dorer\/"]}]},{"@type":"ImageObject","inLanguage":"fr-FR","@id":"https:\/\/www.anniesloan.com\/fr\/produit\/cires-et-finitions\/cire-a-dorer\/#primaryimage","url":"https:\/\/www.anniesloan.com\/fr\/wp-content\/uploads\/sites\/4\/2021\/05\/Annie-Sloan-Gilding-Waxes-15ml-tubes-in-Copper-Warm-and-Bright-Gold-and-Dark-and-Bright-Silver-3000-scaled-1.jpg","contentUrl":"https:\/\/www.anniesloan.com\/fr\/wp-content\/uploads\/sites\/4\/2021\/05\/Annie-Sloan-Gilding-Waxes-15ml-tubes-in-Copper-Warm-and-Bright-Gold-and-Dark-and-Bright-Silver-3000-scaled-1.jpg","width":1280,"height":1024,"caption":"Annie Sloan Gilding Wax 15ml tubes and swatches in Warm and Bright Gold, Dark and Bright Silver and Copper"},{"@type":"BreadcrumbList","@id":"https:\/\/www.anniesloan.com\/fr\/produit\/cires-et-finitions\/cire-a-dorer\/#breadcrumb","itemListElement":[{"@type":"ListItem","position":1,"name":"Produits","item":"https:\/\/www.anniesloan.com\/fr\/produits\/"},{"@type":"ListItem","position":2,"name":"Cires et finitions","item":"https:\/\/www.anniesloan.com\/fr\/produits\/cires-et-finitions\/"},{"@type":"ListItem","position":3,"name":"Cire \u00e0 dorer"}]},{"@type":"WebSite","@id":"https:\/\/www.anniesloan.com\/fr\/#website","url":"https:\/\/www.anniesloan.com\/fr\/","name":"Annie Sloan FR","description":"Home of Chalk Paint","publisher":{"@id":"https:\/\/www.anniesloan.com\/fr\/#organization"},"potentialAction":[{"@type":"SearchAction","target":{"@type":"EntryPoint","urlTemplate":"https:\/\/www.anniesloan.com\/fr\/?s={search_term_string}"},"query-input":{"@type":"PropertyValueSpecification","valueRequired":true,"valueName":"search_term_string"}}],"inLanguage":"fr-FR"},{"@type":"Organization","@id":"https:\/\/www.anniesloan.com\/fr\/#organization","name":"Annie Sloan","url":"https:\/\/www.anniesloan.com\/fr\/","logo":{"@type":"ImageObject","inLanguage":"fr-FR","@id":"https:\/\/www.anniesloan.com\/fr\/#\/schema\/logo\/image\/","url":"https:\/\/www.anniesloan.com\/fr\/wp-content\/uploads\/sites\/4\/2021\/07\/anniesloan-logo.jpg","contentUrl":"https:\/\/www.anniesloan.com\/fr\/wp-content\/uploads\/sites\/4\/2021\/07\/anniesloan-logo.jpg","width":1200,"height":361,"caption":"Annie Sloan"},"image":{"@id":"https:\/\/www.anniesloan.com\/fr\/#\/schema\/logo\/image\/"}}]},"og_availability":"instock","product_availability":"instock","product_retailer_item_id":"gilding-wax","product_condition":"new"},"_links":{"self":[{"href":"https:\/\/www.anniesloan.com\/fr\/wp-json\/wp\/v2\/product\/20883","targetHints":{"allow":["GET"]}}],"collection":[{"href":"https:\/\/www.anniesloan.com\/fr\/wp-json\/wp\/v2\/product"}],"about":[{"href":"https:\/\/www.anniesloan.com\/fr\/wp-json\/wp\/v2\/types\/product"}],"wp:featuredmedia":[{"embeddable":true,"href":"https:\/\/www.anniesloan.com\/fr\/wp-json\/wp\/v2\/media\/20884"}],"wp:attachment":[{"href":"https:\/\/www.anniesloan.com\/fr\/wp-json\/wp\/v2\/media?parent=20883"}],"wp:term":[{"taxonomy":"product_brand","embeddable":true,"href":"https:\/\/www.anniesloan.com\/fr\/wp-json\/wp\/v2\/product_brand?post=20883"},{"taxonomy":"product_cat","embeddable":true,"href":"https:\/\/www.anniesloan.com\/fr\/wp-json\/wp\/v2\/product_cat?post=20883"},{"taxonomy":"product_tag","embeddable":true,"href":"https:\/\/www.anniesloan.com\/fr\/wp-json\/wp\/v2\/product_tag?post=20883"}],"curies":[{"name":"wp","href":"https:\/\/api.w.org\/{rel}","templated":true}]}}