{"id":20864,"date":"2020-02-07T16:39:21","date_gmt":"2020-02-07T15:39:21","guid":{"rendered":"https:\/\/www.anniesloan.com\/product\/chalk-paint-lacquer\/"},"modified":"2026-04-17T19:56:05","modified_gmt":"2026-04-17T17:56:05","slug":"laque-chalk-paint","status":"publish","type":"product","link":"https:\/\/www.anniesloan.com\/fr\/produit\/cires-et-finitions\/laque-chalk-paint\/","title":{"rendered":"Laque Chalk Paint\u2122 Lacquer"},"content":{"rendered":"","protected":false},"excerpt":{"rendered":"<p>La laque Chalk Paint\u2122 est un vernis polyacrylique, \u00e0 l\u2019eau, r\u00e9sistant et avec une protection anti-UV. Utilisez cette laque par-dessus la peinture Chalk Paint\u2122 pour une finition robuste r\u00e9sistant \u00e0 l\u2019usure quotidienne : c\u2019est le produit id\u00e9al pour les tables de salle \u00e0 manger, le mobilier ext\u00e9rieur, les sols et les plinthes. Elle est totalement transparente, s\u00e8che vite et ne se d\u00e9colore pas au fil du temps. <a href=\"https:\/\/www.anniesloan.com\/wp-content\/uploads\/2020\/02\/chalk-paint-lacquer-fact-sheet-fr.pdf\" target=\"_blank\" rel=\"noopener noreferrer\">Voir notre fiche descriptive<\/a> pour en savoir plus.<\/p>\n<p>Deux choix de finitions : mate et brillante. Pots de 750 ml. La laque mate donne une finition mate et foncera l\u00e9g\u00e8rement la couleur de votre peinture Chalk Paint\u2122 et de la cire Chalk Paint\u2122. La finition brillante donne une patine l\u00e9g\u00e8re mais n\u2019est pas ultra-brillante.<\/p>\n","protected":false},"featured_media":35147,"template":"","meta":{"_acf_changed":false,"_relevanssi_hide_post":"","_relevanssi_hide_content":"","_relevanssi_pin_for_all":"","_relevanssi_pin_keywords":"","_relevanssi_unpin_keywords":"","_relevanssi_related_keywords":"","_relevanssi_related_include_ids":"","_relevanssi_related_exclude_ids":"","_relevanssi_related_no_append":"","_relevanssi_related_not_related":"","_relevanssi_related_posts":"","_relevanssi_noindex_reason":""},"product_brand":[],"product_cat":[44],"product_tag":[],"class_list":{"0":"post-20864","1":"product","2":"type-product","3":"status-publish","4":"has-post-thumbnail","6":"product_cat-cires-et-finitions","7":"pa_finish-brillante","8":"pa_finish-mate","10":"first","11":"instock","12":"taxable","13":"shipping-taxable","14":"purchasable","15":"product-type-variable"},"acf":[],"yoast_head":"<!-- This site is optimized with the Yoast SEO Premium plugin v26.5 (Yoast SEO v26.5) - https:\/\/yoast.com\/wordpress\/plugins\/seo\/ -->\n<title>Laque Chalk Paint\u2122 Lacquer | Annie Sloan FR<\/title>\n<meta name=\"description\" content=\"La laque Chalk Paint\u2122 Lacquer, un vernis polyacrylique \u00e0 l\u2019eau et avec une protection anti-UV, est parfaite pour votre mobilier, vos sols, etc.\" \/>\n<meta name=\"robots\" content=\"index, follow, max-snippet:-1, max-image-preview:large, max-video-preview:-1\" \/>\n<link rel=\"canonical\" href=\"https:\/\/www.anniesloan.com\/fr\/produit\/cires-et-finitions\/laque-chalk-paint\/\" \/>\n<meta property=\"og:locale\" content=\"fr_FR\" \/>\n<meta property=\"og:type\" content=\"article\" \/>\n<meta property=\"og:title\" content=\"Laque Chalk Paint\u2122 Lacquer\" \/>\n<meta property=\"og:description\" content=\"La laque Chalk Paint\u2122 Lacquer, un vernis polyacrylique \u00e0 l\u2019eau et avec une protection anti-UV, est parfaite pour votre mobilier, vos sols, etc.\" \/>\n<meta property=\"og:url\" content=\"https:\/\/www.anniesloan.com\/fr\/produit\/cires-et-finitions\/laque-chalk-paint\/\" \/>\n<meta property=\"og:site_name\" content=\"Annie Sloan FR\" \/>\n<meta property=\"article:modified_time\" content=\"2026-04-17T17:56:05+00:00\" \/>\n<meta property=\"og:image\" content=\"https:\/\/www.anniesloan.com\/fr\/wp-content\/uploads\/sites\/4\/2020\/02\/Untitled-1.jpg\" \/>\n\t<meta property=\"og:image:width\" content=\"2000\" \/>\n\t<meta property=\"og:image:height\" content=\"2000\" \/>\n\t<meta property=\"og:image:type\" content=\"image\/jpeg\" \/>\n<meta name=\"twitter:card\" content=\"summary_large_image\" \/>\n<meta name=\"twitter:label1\" content=\"Availability\" \/>\n\t<meta name=\"twitter:data1\" content=\"In stock\" \/>\n<script type=\"application\/ld+json\" class=\"yoast-schema-graph\">{\"@context\":\"https:\/\/schema.org\",\"@graph\":[{\"@type\":\"WebPage\",\"@id\":\"https:\/\/www.anniesloan.com\/fr\/produit\/cires-et-finitions\/laque-chalk-paint\/\",\"url\":\"https:\/\/www.anniesloan.com\/fr\/produit\/cires-et-finitions\/laque-chalk-paint\/\",\"name\":\"Laque Chalk Paint\u2122 Lacquer | Annie Sloan FR\",\"isPartOf\":{\"@id\":\"https:\/\/www.anniesloan.com\/fr\/#website\"},\"primaryImageOfPage\":{\"@id\":\"https:\/\/www.anniesloan.com\/fr\/produit\/cires-et-finitions\/laque-chalk-paint\/#primaryimage\"},\"image\":{\"@id\":\"https:\/\/www.anniesloan.com\/fr\/produit\/cires-et-finitions\/laque-chalk-paint\/#primaryimage\"},\"thumbnailUrl\":\"https:\/\/www.anniesloan.com\/fr\/wp-content\/uploads\/sites\/4\/2020\/02\/Untitled-1.jpg\",\"datePublished\":\"2020-02-07T15:39:21+00:00\",\"dateModified\":\"2026-04-17T17:56:05+00:00\",\"description\":\"La laque Chalk Paint\u2122 Lacquer, un vernis polyacrylique \u00e0 l\u2019eau et avec une protection anti-UV, est parfaite pour votre mobilier, vos sols, etc.\",\"breadcrumb\":{\"@id\":\"https:\/\/www.anniesloan.com\/fr\/produit\/cires-et-finitions\/laque-chalk-paint\/#breadcrumb\"},\"inLanguage\":\"fr-FR\",\"potentialAction\":[{\"@type\":\"ReadAction\",\"target\":[\"https:\/\/www.anniesloan.com\/fr\/produit\/cires-et-finitions\/laque-chalk-paint\/\"]}]},{\"@type\":\"ImageObject\",\"inLanguage\":\"fr-FR\",\"@id\":\"https:\/\/www.anniesloan.com\/fr\/produit\/cires-et-finitions\/laque-chalk-paint\/#primaryimage\",\"url\":\"https:\/\/www.anniesloan.com\/fr\/wp-content\/uploads\/sites\/4\/2020\/02\/Untitled-1.jpg\",\"contentUrl\":\"https:\/\/www.anniesloan.com\/fr\/wp-content\/uploads\/sites\/4\/2020\/02\/Untitled-1.jpg\",\"width\":2000,\"height\":2000},{\"@type\":\"BreadcrumbList\",\"@id\":\"https:\/\/www.anniesloan.com\/fr\/produit\/cires-et-finitions\/laque-chalk-paint\/#breadcrumb\",\"itemListElement\":[{\"@type\":\"ListItem\",\"position\":1,\"name\":\"Produits\",\"item\":\"https:\/\/www.anniesloan.com\/fr\/produits\/\"},{\"@type\":\"ListItem\",\"position\":2,\"name\":\"Cires et finitions\",\"item\":\"https:\/\/www.anniesloan.com\/fr\/produits\/cires-et-finitions\/\"},{\"@type\":\"ListItem\",\"position\":3,\"name\":\"Laque Chalk Paint\u2122 Lacquer\"}]},{\"@type\":\"WebSite\",\"@id\":\"https:\/\/www.anniesloan.com\/fr\/#website\",\"url\":\"https:\/\/www.anniesloan.com\/fr\/\",\"name\":\"Annie Sloan FR\",\"description\":\"Home of Chalk Paint\",\"publisher\":{\"@id\":\"https:\/\/www.anniesloan.com\/fr\/#organization\"},\"potentialAction\":[{\"@type\":\"SearchAction\",\"target\":{\"@type\":\"EntryPoint\",\"urlTemplate\":\"https:\/\/www.anniesloan.com\/fr\/?s={search_term_string}\"},\"query-input\":{\"@type\":\"PropertyValueSpecification\",\"valueRequired\":true,\"valueName\":\"search_term_string\"}}],\"inLanguage\":\"fr-FR\"},{\"@type\":\"Organization\",\"@id\":\"https:\/\/www.anniesloan.com\/fr\/#organization\",\"name\":\"Annie Sloan\",\"url\":\"https:\/\/www.anniesloan.com\/fr\/\",\"logo\":{\"@type\":\"ImageObject\",\"inLanguage\":\"fr-FR\",\"@id\":\"https:\/\/www.anniesloan.com\/fr\/#\/schema\/logo\/image\/\",\"url\":\"https:\/\/www.anniesloan.com\/fr\/wp-content\/uploads\/sites\/4\/2021\/07\/anniesloan-logo.jpg\",\"contentUrl\":\"https:\/\/www.anniesloan.com\/fr\/wp-content\/uploads\/sites\/4\/2021\/07\/anniesloan-logo.jpg\",\"width\":1200,\"height\":361,\"caption\":\"Annie Sloan\"},\"image\":{\"@id\":\"https:\/\/www.anniesloan.com\/fr\/#\/schema\/logo\/image\/\"}}]}<\/script>\n<meta property=\"og:availability\" content=\"instock\" \/>\n<meta property=\"product:availability\" content=\"instock\" \/>\n<meta property=\"product:retailer_item_id\" content=\"LACQUER\" \/>\n<meta property=\"product:condition\" content=\"new\" \/>\n<!-- \/ Yoast SEO Premium plugin. -->","yoast_head_json":{"title":"Laque Chalk Paint\u2122 Lacquer | Annie Sloan FR","description":"La laque Chalk Paint\u2122 Lacquer, un vernis polyacrylique \u00e0 l\u2019eau et avec une protection anti-UV, est parfaite pour votre mobilier, vos sols, etc.","robots":{"index":"index","follow":"follow","max-snippet":"max-snippet:-1","max-image-preview":"max-image-preview:large","max-video-preview":"max-video-preview:-1"},"canonical":"https:\/\/www.anniesloan.com\/fr\/produit\/cires-et-finitions\/laque-chalk-paint\/","og_locale":"fr_FR","og_type":"article","og_title":"Laque Chalk Paint\u2122 Lacquer","og_description":"La laque Chalk Paint\u2122 Lacquer, un vernis polyacrylique \u00e0 l\u2019eau et avec une protection anti-UV, est parfaite pour votre mobilier, vos sols, etc.","og_url":"https:\/\/www.anniesloan.com\/fr\/produit\/cires-et-finitions\/laque-chalk-paint\/","og_site_name":"Annie Sloan FR","article_modified_time":"2026-04-17T17:56:05+00:00","og_image":[{"width":2000,"height":2000,"url":"https:\/\/www.anniesloan.com\/fr\/wp-content\/uploads\/sites\/4\/2020\/02\/Untitled-1.jpg","type":"image\/jpeg"}],"twitter_card":"summary_large_image","twitter_misc":{"Availability":"In stock"},"schema":{"@context":"https:\/\/schema.org","@graph":[{"@type":"WebPage","@id":"https:\/\/www.anniesloan.com\/fr\/produit\/cires-et-finitions\/laque-chalk-paint\/","url":"https:\/\/www.anniesloan.com\/fr\/produit\/cires-et-finitions\/laque-chalk-paint\/","name":"Laque Chalk Paint\u2122 Lacquer | Annie Sloan FR","isPartOf":{"@id":"https:\/\/www.anniesloan.com\/fr\/#website"},"primaryImageOfPage":{"@id":"https:\/\/www.anniesloan.com\/fr\/produit\/cires-et-finitions\/laque-chalk-paint\/#primaryimage"},"image":{"@id":"https:\/\/www.anniesloan.com\/fr\/produit\/cires-et-finitions\/laque-chalk-paint\/#primaryimage"},"thumbnailUrl":"https:\/\/www.anniesloan.com\/fr\/wp-content\/uploads\/sites\/4\/2020\/02\/Untitled-1.jpg","datePublished":"2020-02-07T15:39:21+00:00","dateModified":"2026-04-17T17:56:05+00:00","description":"La laque Chalk Paint\u2122 Lacquer, un vernis polyacrylique \u00e0 l\u2019eau et avec une protection anti-UV, est parfaite pour votre mobilier, vos sols, etc.","breadcrumb":{"@id":"https:\/\/www.anniesloan.com\/fr\/produit\/cires-et-finitions\/laque-chalk-paint\/#breadcrumb"},"inLanguage":"fr-FR","potentialAction":[{"@type":"ReadAction","target":["https:\/\/www.anniesloan.com\/fr\/produit\/cires-et-finitions\/laque-chalk-paint\/"]}]},{"@type":"ImageObject","inLanguage":"fr-FR","@id":"https:\/\/www.anniesloan.com\/fr\/produit\/cires-et-finitions\/laque-chalk-paint\/#primaryimage","url":"https:\/\/www.anniesloan.com\/fr\/wp-content\/uploads\/sites\/4\/2020\/02\/Untitled-1.jpg","contentUrl":"https:\/\/www.anniesloan.com\/fr\/wp-content\/uploads\/sites\/4\/2020\/02\/Untitled-1.jpg","width":2000,"height":2000},{"@type":"BreadcrumbList","@id":"https:\/\/www.anniesloan.com\/fr\/produit\/cires-et-finitions\/laque-chalk-paint\/#breadcrumb","itemListElement":[{"@type":"ListItem","position":1,"name":"Produits","item":"https:\/\/www.anniesloan.com\/fr\/produits\/"},{"@type":"ListItem","position":2,"name":"Cires et finitions","item":"https:\/\/www.anniesloan.com\/fr\/produits\/cires-et-finitions\/"},{"@type":"ListItem","position":3,"name":"Laque Chalk Paint\u2122 Lacquer"}]},{"@type":"WebSite","@id":"https:\/\/www.anniesloan.com\/fr\/#website","url":"https:\/\/www.anniesloan.com\/fr\/","name":"Annie Sloan FR","description":"Home of Chalk Paint","publisher":{"@id":"https:\/\/www.anniesloan.com\/fr\/#organization"},"potentialAction":[{"@type":"SearchAction","target":{"@type":"EntryPoint","urlTemplate":"https:\/\/www.anniesloan.com\/fr\/?s={search_term_string}"},"query-input":{"@type":"PropertyValueSpecification","valueRequired":true,"valueName":"search_term_string"}}],"inLanguage":"fr-FR"},{"@type":"Organization","@id":"https:\/\/www.anniesloan.com\/fr\/#organization","name":"Annie Sloan","url":"https:\/\/www.anniesloan.com\/fr\/","logo":{"@type":"ImageObject","inLanguage":"fr-FR","@id":"https:\/\/www.anniesloan.com\/fr\/#\/schema\/logo\/image\/","url":"https:\/\/www.anniesloan.com\/fr\/wp-content\/uploads\/sites\/4\/2021\/07\/anniesloan-logo.jpg","contentUrl":"https:\/\/www.anniesloan.com\/fr\/wp-content\/uploads\/sites\/4\/2021\/07\/anniesloan-logo.jpg","width":1200,"height":361,"caption":"Annie Sloan"},"image":{"@id":"https:\/\/www.anniesloan.com\/fr\/#\/schema\/logo\/image\/"}}]},"og_availability":"instock","product_availability":"instock","product_retailer_item_id":"LACQUER","product_condition":"new"},"_links":{"self":[{"href":"https:\/\/www.anniesloan.com\/fr\/wp-json\/wp\/v2\/product\/20864","targetHints":{"allow":["GET"]}}],"collection":[{"href":"https:\/\/www.anniesloan.com\/fr\/wp-json\/wp\/v2\/product"}],"about":[{"href":"https:\/\/www.anniesloan.com\/fr\/wp-json\/wp\/v2\/types\/product"}],"wp:featuredmedia":[{"embeddable":true,"href":"https:\/\/www.anniesloan.com\/fr\/wp-json\/wp\/v2\/media\/35147"}],"wp:attachment":[{"href":"https:\/\/www.anniesloan.com\/fr\/wp-json\/wp\/v2\/media?parent=20864"}],"wp:term":[{"taxonomy":"product_brand","embeddable":true,"href":"https:\/\/www.anniesloan.com\/fr\/wp-json\/wp\/v2\/product_brand?post=20864"},{"taxonomy":"product_cat","embeddable":true,"href":"https:\/\/www.anniesloan.com\/fr\/wp-json\/wp\/v2\/product_cat?post=20864"},{"taxonomy":"product_tag","embeddable":true,"href":"https:\/\/www.anniesloan.com\/fr\/wp-json\/wp\/v2\/product_tag?post=20864"}],"curies":[{"name":"wp","href":"https:\/\/api.w.org\/{rel}","templated":true}]}}