{"id":20847,"date":"2020-02-07T16:33:56","date_gmt":"2020-02-07T15:33:56","guid":{"rendered":"https:\/\/www.anniesloan.com\/product\/black-chalk-paint-wax\/"},"modified":"2026-04-14T22:56:43","modified_gmt":"2026-04-14T20:56:43","slug":"cire-noire","status":"publish","type":"product","link":"https:\/\/www.anniesloan.com\/fr\/produit\/cires-et-finitions\/cire-noire\/","title":{"rendered":"Cire noire Chalk Paint\u2122 Wax"},"content":{"rendered":"","protected":false},"excerpt":{"rendered":"<p>La cire noire Chalk Paint\u2122 donnera \u00e0 votre peinture une belle finition fonc\u00e9e, r\u00e9v\u00e9lant ainsi la texture d\u2019un travail r\u00e9alis\u00e9 au pinceau ou des moulures et pour accentuer les couleurs. Utilisez ensuite la cire claire Chalk Paint\u2122 pour fixer et prot\u00e9ger le mobilier et les murs peints avec la peinture d\u00e9corative Chalk Paint\u2122.<\/p>\n<p>Tout d\u2019abord, appliquez une mince couche de cire transparente et enlevez l\u2019exc\u00e9dent \u00e0 l\u2019aide d\u2019un chiffon propre. Ensuite, appliquez la cire fonc\u00e9e Chalk Paint\u2122 en vous assurant de bien l\u2019\u00e9taler pour ainsi mettre en valeur les coups de pinceaux et les rainures. Essuyez tout exc\u00e9dent avec la cire claire Chalk Paint\u2122 et assurez-vous que tout votre meuble est recouvert d\u2019au moins une couche de cire.<\/p>\n","protected":false},"featured_media":20848,"template":"","meta":{"_acf_changed":false,"_relevanssi_hide_post":"","_relevanssi_hide_content":"","_relevanssi_pin_for_all":"","_relevanssi_pin_keywords":"","_relevanssi_unpin_keywords":"","_relevanssi_related_keywords":"","_relevanssi_related_include_ids":"","_relevanssi_related_exclude_ids":"","_relevanssi_related_no_append":"","_relevanssi_related_not_related":"","_relevanssi_related_posts":"","_relevanssi_noindex_reason":""},"product_brand":[],"product_cat":[44,65,1168],"product_tag":[],"class_list":{"0":"post-20847","1":"product","2":"type-product","3":"status-publish","4":"has-post-thumbnail","6":"product_cat-cires-et-finitions","7":"product_cat-cadeaux-et-coffrets","8":"product_cat-cadeaux-a-moins-de-30-e","9":"pa_size-120-ml","10":"pa_size-500-ml","12":"first","13":"instock","14":"taxable","15":"shipping-taxable","16":"purchasable","17":"product-type-variable"},"acf":[],"yoast_head":"<!-- This site is optimized with the Yoast SEO Premium plugin v26.5 (Yoast SEO v26.5) - https:\/\/yoast.com\/wordpress\/plugins\/seo\/ -->\n<title>Cire noire Chalk Paint\u2122 Wax | Annie Sloan FR<\/title>\n<meta name=\"description\" content=\"La cire noire Black Chalk Paint\u2122 Wax donne une finition fonc\u00e9e, r\u00e9v\u00e9lant la texture d\u2019un travail r\u00e9alis\u00e9 au pinceau, des moulures et accentuant les couleurs.\" \/>\n<meta name=\"robots\" content=\"index, follow, max-snippet:-1, max-image-preview:large, max-video-preview:-1\" \/>\n<link rel=\"canonical\" href=\"https:\/\/www.anniesloan.com\/fr\/produit\/cires-et-finitions\/cire-noire\/\" \/>\n<meta property=\"og:locale\" content=\"fr_FR\" \/>\n<meta property=\"og:type\" content=\"article\" \/>\n<meta property=\"og:title\" content=\"Cire noire Chalk Paint\u2122 Wax\" \/>\n<meta property=\"og:description\" content=\"La cire noire Black Chalk Paint\u2122 Wax donne une finition fonc\u00e9e, r\u00e9v\u00e9lant la texture d\u2019un travail r\u00e9alis\u00e9 au pinceau, des moulures et accentuant les couleurs.\" \/>\n<meta property=\"og:url\" content=\"https:\/\/www.anniesloan.com\/fr\/produit\/cires-et-finitions\/cire-noire\/\" \/>\n<meta property=\"og:site_name\" content=\"Annie Sloan FR\" \/>\n<meta property=\"article:modified_time\" content=\"2026-04-14T20:56:43+00:00\" \/>\n<meta property=\"og:image\" content=\"https:\/\/www.anniesloan.com\/fr\/wp-content\/uploads\/sites\/4\/2021\/05\/Black-Chalk-Paint-Wax-500ml-and-120ml-LORES-RGB.jpg\" \/>\n\t<meta property=\"og:image:width\" content=\"2000\" \/>\n\t<meta property=\"og:image:height\" content=\"2000\" \/>\n\t<meta property=\"og:image:type\" content=\"image\/jpeg\" \/>\n<meta name=\"twitter:card\" content=\"summary_large_image\" \/>\n<meta name=\"twitter:label1\" content=\"Availability\" \/>\n\t<meta name=\"twitter:data1\" content=\"In stock\" \/>\n<script type=\"application\/ld+json\" class=\"yoast-schema-graph\">{\"@context\":\"https:\/\/schema.org\",\"@graph\":[{\"@type\":\"WebPage\",\"@id\":\"https:\/\/www.anniesloan.com\/fr\/produit\/cires-et-finitions\/cire-noire\/\",\"url\":\"https:\/\/www.anniesloan.com\/fr\/produit\/cires-et-finitions\/cire-noire\/\",\"name\":\"Cire noire Chalk Paint\u2122 Wax | Annie Sloan FR\",\"isPartOf\":{\"@id\":\"https:\/\/www.anniesloan.com\/fr\/#website\"},\"primaryImageOfPage\":{\"@id\":\"https:\/\/www.anniesloan.com\/fr\/produit\/cires-et-finitions\/cire-noire\/#primaryimage\"},\"image\":{\"@id\":\"https:\/\/www.anniesloan.com\/fr\/produit\/cires-et-finitions\/cire-noire\/#primaryimage\"},\"thumbnailUrl\":\"https:\/\/www.anniesloan.com\/fr\/wp-content\/uploads\/sites\/4\/2021\/05\/Black-Chalk-Paint-Wax-500ml-and-120ml-LORES-RGB.jpg\",\"datePublished\":\"2020-02-07T15:33:56+00:00\",\"dateModified\":\"2026-04-14T20:56:43+00:00\",\"description\":\"La cire noire Black Chalk Paint\u2122 Wax donne une finition fonc\u00e9e, r\u00e9v\u00e9lant la texture d\u2019un travail r\u00e9alis\u00e9 au pinceau, des moulures et accentuant les couleurs.\",\"breadcrumb\":{\"@id\":\"https:\/\/www.anniesloan.com\/fr\/produit\/cires-et-finitions\/cire-noire\/#breadcrumb\"},\"inLanguage\":\"fr-FR\",\"potentialAction\":[{\"@type\":\"ReadAction\",\"target\":[\"https:\/\/www.anniesloan.com\/fr\/produit\/cires-et-finitions\/cire-noire\/\"]}]},{\"@type\":\"ImageObject\",\"inLanguage\":\"fr-FR\",\"@id\":\"https:\/\/www.anniesloan.com\/fr\/produit\/cires-et-finitions\/cire-noire\/#primaryimage\",\"url\":\"https:\/\/www.anniesloan.com\/fr\/wp-content\/uploads\/sites\/4\/2021\/05\/Black-Chalk-Paint-Wax-500ml-and-120ml-LORES-RGB.jpg\",\"contentUrl\":\"https:\/\/www.anniesloan.com\/fr\/wp-content\/uploads\/sites\/4\/2021\/05\/Black-Chalk-Paint-Wax-500ml-and-120ml-LORES-RGB.jpg\",\"width\":2000,\"height\":2000},{\"@type\":\"BreadcrumbList\",\"@id\":\"https:\/\/www.anniesloan.com\/fr\/produit\/cires-et-finitions\/cire-noire\/#breadcrumb\",\"itemListElement\":[{\"@type\":\"ListItem\",\"position\":1,\"name\":\"Produits\",\"item\":\"https:\/\/www.anniesloan.com\/fr\/produits\/\"},{\"@type\":\"ListItem\",\"position\":2,\"name\":\"Cires et finitions\",\"item\":\"https:\/\/www.anniesloan.com\/fr\/produits\/cires-et-finitions\/\"},{\"@type\":\"ListItem\",\"position\":3,\"name\":\"Cire noire Chalk Paint\u2122 Wax\"}]},{\"@type\":\"WebSite\",\"@id\":\"https:\/\/www.anniesloan.com\/fr\/#website\",\"url\":\"https:\/\/www.anniesloan.com\/fr\/\",\"name\":\"Annie Sloan FR\",\"description\":\"Home of Chalk Paint\",\"publisher\":{\"@id\":\"https:\/\/www.anniesloan.com\/fr\/#organization\"},\"potentialAction\":[{\"@type\":\"SearchAction\",\"target\":{\"@type\":\"EntryPoint\",\"urlTemplate\":\"https:\/\/www.anniesloan.com\/fr\/?s={search_term_string}\"},\"query-input\":{\"@type\":\"PropertyValueSpecification\",\"valueRequired\":true,\"valueName\":\"search_term_string\"}}],\"inLanguage\":\"fr-FR\"},{\"@type\":\"Organization\",\"@id\":\"https:\/\/www.anniesloan.com\/fr\/#organization\",\"name\":\"Annie Sloan\",\"url\":\"https:\/\/www.anniesloan.com\/fr\/\",\"logo\":{\"@type\":\"ImageObject\",\"inLanguage\":\"fr-FR\",\"@id\":\"https:\/\/www.anniesloan.com\/fr\/#\/schema\/logo\/image\/\",\"url\":\"https:\/\/www.anniesloan.com\/fr\/wp-content\/uploads\/sites\/4\/2021\/07\/anniesloan-logo.jpg\",\"contentUrl\":\"https:\/\/www.anniesloan.com\/fr\/wp-content\/uploads\/sites\/4\/2021\/07\/anniesloan-logo.jpg\",\"width\":1200,\"height\":361,\"caption\":\"Annie Sloan\"},\"image\":{\"@id\":\"https:\/\/www.anniesloan.com\/fr\/#\/schema\/logo\/image\/\"}}]}<\/script>\n<meta property=\"og:availability\" content=\"instock\" \/>\n<meta property=\"product:availability\" content=\"instock\" \/>\n<meta property=\"product:retailer_item_id\" content=\"BLACK-WAX\" \/>\n<meta property=\"product:condition\" content=\"new\" \/>\n<!-- \/ Yoast SEO Premium plugin. -->","yoast_head_json":{"title":"Cire noire Chalk Paint\u2122 Wax | Annie Sloan FR","description":"La cire noire Black Chalk Paint\u2122 Wax donne une finition fonc\u00e9e, r\u00e9v\u00e9lant la texture d\u2019un travail r\u00e9alis\u00e9 au pinceau, des moulures et accentuant les couleurs.","robots":{"index":"index","follow":"follow","max-snippet":"max-snippet:-1","max-image-preview":"max-image-preview:large","max-video-preview":"max-video-preview:-1"},"canonical":"https:\/\/www.anniesloan.com\/fr\/produit\/cires-et-finitions\/cire-noire\/","og_locale":"fr_FR","og_type":"article","og_title":"Cire noire Chalk Paint\u2122 Wax","og_description":"La cire noire Black Chalk Paint\u2122 Wax donne une finition fonc\u00e9e, r\u00e9v\u00e9lant la texture d\u2019un travail r\u00e9alis\u00e9 au pinceau, des moulures et accentuant les couleurs.","og_url":"https:\/\/www.anniesloan.com\/fr\/produit\/cires-et-finitions\/cire-noire\/","og_site_name":"Annie Sloan FR","article_modified_time":"2026-04-14T20:56:43+00:00","og_image":[{"width":2000,"height":2000,"url":"https:\/\/www.anniesloan.com\/fr\/wp-content\/uploads\/sites\/4\/2021\/05\/Black-Chalk-Paint-Wax-500ml-and-120ml-LORES-RGB.jpg","type":"image\/jpeg"}],"twitter_card":"summary_large_image","twitter_misc":{"Availability":"In stock"},"schema":{"@context":"https:\/\/schema.org","@graph":[{"@type":"WebPage","@id":"https:\/\/www.anniesloan.com\/fr\/produit\/cires-et-finitions\/cire-noire\/","url":"https:\/\/www.anniesloan.com\/fr\/produit\/cires-et-finitions\/cire-noire\/","name":"Cire noire Chalk Paint\u2122 Wax | Annie Sloan FR","isPartOf":{"@id":"https:\/\/www.anniesloan.com\/fr\/#website"},"primaryImageOfPage":{"@id":"https:\/\/www.anniesloan.com\/fr\/produit\/cires-et-finitions\/cire-noire\/#primaryimage"},"image":{"@id":"https:\/\/www.anniesloan.com\/fr\/produit\/cires-et-finitions\/cire-noire\/#primaryimage"},"thumbnailUrl":"https:\/\/www.anniesloan.com\/fr\/wp-content\/uploads\/sites\/4\/2021\/05\/Black-Chalk-Paint-Wax-500ml-and-120ml-LORES-RGB.jpg","datePublished":"2020-02-07T15:33:56+00:00","dateModified":"2026-04-14T20:56:43+00:00","description":"La cire noire Black Chalk Paint\u2122 Wax donne une finition fonc\u00e9e, r\u00e9v\u00e9lant la texture d\u2019un travail r\u00e9alis\u00e9 au pinceau, des moulures et accentuant les couleurs.","breadcrumb":{"@id":"https:\/\/www.anniesloan.com\/fr\/produit\/cires-et-finitions\/cire-noire\/#breadcrumb"},"inLanguage":"fr-FR","potentialAction":[{"@type":"ReadAction","target":["https:\/\/www.anniesloan.com\/fr\/produit\/cires-et-finitions\/cire-noire\/"]}]},{"@type":"ImageObject","inLanguage":"fr-FR","@id":"https:\/\/www.anniesloan.com\/fr\/produit\/cires-et-finitions\/cire-noire\/#primaryimage","url":"https:\/\/www.anniesloan.com\/fr\/wp-content\/uploads\/sites\/4\/2021\/05\/Black-Chalk-Paint-Wax-500ml-and-120ml-LORES-RGB.jpg","contentUrl":"https:\/\/www.anniesloan.com\/fr\/wp-content\/uploads\/sites\/4\/2021\/05\/Black-Chalk-Paint-Wax-500ml-and-120ml-LORES-RGB.jpg","width":2000,"height":2000},{"@type":"BreadcrumbList","@id":"https:\/\/www.anniesloan.com\/fr\/produit\/cires-et-finitions\/cire-noire\/#breadcrumb","itemListElement":[{"@type":"ListItem","position":1,"name":"Produits","item":"https:\/\/www.anniesloan.com\/fr\/produits\/"},{"@type":"ListItem","position":2,"name":"Cires et finitions","item":"https:\/\/www.anniesloan.com\/fr\/produits\/cires-et-finitions\/"},{"@type":"ListItem","position":3,"name":"Cire noire Chalk Paint\u2122 Wax"}]},{"@type":"WebSite","@id":"https:\/\/www.anniesloan.com\/fr\/#website","url":"https:\/\/www.anniesloan.com\/fr\/","name":"Annie Sloan FR","description":"Home of Chalk Paint","publisher":{"@id":"https:\/\/www.anniesloan.com\/fr\/#organization"},"potentialAction":[{"@type":"SearchAction","target":{"@type":"EntryPoint","urlTemplate":"https:\/\/www.anniesloan.com\/fr\/?s={search_term_string}"},"query-input":{"@type":"PropertyValueSpecification","valueRequired":true,"valueName":"search_term_string"}}],"inLanguage":"fr-FR"},{"@type":"Organization","@id":"https:\/\/www.anniesloan.com\/fr\/#organization","name":"Annie Sloan","url":"https:\/\/www.anniesloan.com\/fr\/","logo":{"@type":"ImageObject","inLanguage":"fr-FR","@id":"https:\/\/www.anniesloan.com\/fr\/#\/schema\/logo\/image\/","url":"https:\/\/www.anniesloan.com\/fr\/wp-content\/uploads\/sites\/4\/2021\/07\/anniesloan-logo.jpg","contentUrl":"https:\/\/www.anniesloan.com\/fr\/wp-content\/uploads\/sites\/4\/2021\/07\/anniesloan-logo.jpg","width":1200,"height":361,"caption":"Annie Sloan"},"image":{"@id":"https:\/\/www.anniesloan.com\/fr\/#\/schema\/logo\/image\/"}}]},"og_availability":"instock","product_availability":"instock","product_retailer_item_id":"BLACK-WAX","product_condition":"new"},"_links":{"self":[{"href":"https:\/\/www.anniesloan.com\/fr\/wp-json\/wp\/v2\/product\/20847","targetHints":{"allow":["GET"]}}],"collection":[{"href":"https:\/\/www.anniesloan.com\/fr\/wp-json\/wp\/v2\/product"}],"about":[{"href":"https:\/\/www.anniesloan.com\/fr\/wp-json\/wp\/v2\/types\/product"}],"wp:featuredmedia":[{"embeddable":true,"href":"https:\/\/www.anniesloan.com\/fr\/wp-json\/wp\/v2\/media\/20848"}],"wp:attachment":[{"href":"https:\/\/www.anniesloan.com\/fr\/wp-json\/wp\/v2\/media?parent=20847"}],"wp:term":[{"taxonomy":"product_brand","embeddable":true,"href":"https:\/\/www.anniesloan.com\/fr\/wp-json\/wp\/v2\/product_brand?post=20847"},{"taxonomy":"product_cat","embeddable":true,"href":"https:\/\/www.anniesloan.com\/fr\/wp-json\/wp\/v2\/product_cat?post=20847"},{"taxonomy":"product_tag","embeddable":true,"href":"https:\/\/www.anniesloan.com\/fr\/wp-json\/wp\/v2\/product_tag?post=20847"}],"curies":[{"name":"wp","href":"https:\/\/api.w.org\/{rel}","templated":true}]}}