{"id":20830,"date":"2020-02-07T16:24:42","date_gmt":"2020-02-07T15:24:42","guid":{"rendered":"https:\/\/www.anniesloan.com\/product\/white-chalk-paint-wax\/"},"modified":"2026-05-05T09:56:10","modified_gmt":"2026-05-05T07:56:10","slug":"cire-blanche","status":"publish","type":"product","link":"https:\/\/www.anniesloan.com\/fr\/produit\/cires-et-finitions\/cire-blanche\/","title":{"rendered":"Cire blanche Chalk Paint\u2122 Wax"},"content":{"rendered":"","protected":false},"excerpt":{"rendered":"<p>Appliquez la cire blanche Chalk Paint\u2122 pour adoucir et \u00e9claircir votre peinture Chalk Paint\u2122. Cette cire peut \u00e9galement \u00eatre appliqu\u00e9e directement sur le bois pour cr\u00e9er un effet blanchi. La cire Chalk Paint\u2122 fixera et prot\u00e9gera les meubles et les murs peints avec la peinture d\u00e9corative Chalk Paint\u2122.<\/p>\n<p>Appliquez une mince couche de cire blanche et enlevez l\u2019exc\u00e9dent \u00e0 l\u2019aide d\u2019un chiffon propre. Ce n\u2019est pas une question de quantit\u00e9, alors inutile d\u2019appliquer la cire en couche trop \u00e9paisse. Si vous appliquez trop de cire, essuyez tout exc\u00e9dent avec la cire claire Chalk Paint\u2122. Assurez-vous que tout votre meuble est recouvert d\u2019au moins une couche de cire.<\/p>\n","protected":false},"featured_media":20831,"template":"","meta":{"_acf_changed":false,"_relevanssi_hide_post":"","_relevanssi_hide_content":"","_relevanssi_pin_for_all":"","_relevanssi_pin_keywords":"","_relevanssi_unpin_keywords":"","_relevanssi_related_keywords":"","_relevanssi_related_include_ids":"","_relevanssi_related_exclude_ids":"","_relevanssi_related_no_append":"","_relevanssi_related_not_related":"","_relevanssi_related_posts":"","_relevanssi_noindex_reason":""},"product_brand":[],"product_cat":[44,65,1168],"product_tag":[],"class_list":{"0":"post-20830","1":"product","2":"type-product","3":"status-publish","4":"has-post-thumbnail","6":"product_cat-cires-et-finitions","7":"product_cat-cadeaux-et-coffrets","8":"product_cat-cadeaux-a-moins-de-30-e","9":"pa_size-120-ml","10":"pa_size-500-ml","12":"first","13":"instock","14":"taxable","15":"shipping-taxable","16":"purchasable","17":"product-type-variable"},"acf":[],"yoast_head":"<!-- This site is optimized with the Yoast SEO Premium plugin v26.5 (Yoast SEO v26.5) - https:\/\/yoast.com\/wordpress\/plugins\/seo\/ -->\n<title>Cire blanche Chalk Paint\u2122 Wax | Annie Sloan FR<\/title>\n<meta name=\"description\" content=\"Utilisez la cire blanche White Chalk Paint\u2122 Wax pour \u00e9claircir votre peinture Chalk Paint\u2122 ou appliquez-la directement sur le bois pour un effet blanchi.\" \/>\n<meta name=\"robots\" content=\"index, follow, max-snippet:-1, max-image-preview:large, max-video-preview:-1\" \/>\n<link rel=\"canonical\" href=\"https:\/\/www.anniesloan.com\/fr\/produit\/cires-et-finitions\/cire-blanche\/\" \/>\n<meta property=\"og:locale\" content=\"fr_FR\" \/>\n<meta property=\"og:type\" content=\"article\" \/>\n<meta property=\"og:title\" content=\"Cire blanche Chalk Paint\u2122 Wax\" \/>\n<meta property=\"og:description\" content=\"Utilisez la cire blanche White Chalk Paint\u2122 Wax pour \u00e9claircir votre peinture Chalk Paint\u2122 ou appliquez-la directement sur le bois pour un effet blanchi.\" \/>\n<meta property=\"og:url\" content=\"https:\/\/www.anniesloan.com\/fr\/produit\/cires-et-finitions\/cire-blanche\/\" \/>\n<meta property=\"og:site_name\" content=\"Annie Sloan FR\" \/>\n<meta property=\"article:modified_time\" content=\"2026-05-05T07:56:10+00:00\" \/>\n<meta property=\"og:image\" content=\"https:\/\/www.anniesloan.com\/fr\/wp-content\/uploads\/sites\/4\/2021\/05\/White-Chalk-Paint-Wax-500ml-and-120ml-LORES-RGB.jpg\" \/>\n\t<meta property=\"og:image:width\" content=\"2000\" \/>\n\t<meta property=\"og:image:height\" content=\"2000\" \/>\n\t<meta property=\"og:image:type\" content=\"image\/jpeg\" \/>\n<meta name=\"twitter:card\" content=\"summary_large_image\" \/>\n<meta name=\"twitter:label1\" content=\"Availability\" \/>\n\t<meta name=\"twitter:data1\" content=\"In stock\" \/>\n<script type=\"application\/ld+json\" class=\"yoast-schema-graph\">{\"@context\":\"https:\/\/schema.org\",\"@graph\":[{\"@type\":\"WebPage\",\"@id\":\"https:\/\/www.anniesloan.com\/fr\/produit\/cires-et-finitions\/cire-blanche\/\",\"url\":\"https:\/\/www.anniesloan.com\/fr\/produit\/cires-et-finitions\/cire-blanche\/\",\"name\":\"Cire blanche Chalk Paint\u2122 Wax | Annie Sloan FR\",\"isPartOf\":{\"@id\":\"https:\/\/www.anniesloan.com\/fr\/#website\"},\"primaryImageOfPage\":{\"@id\":\"https:\/\/www.anniesloan.com\/fr\/produit\/cires-et-finitions\/cire-blanche\/#primaryimage\"},\"image\":{\"@id\":\"https:\/\/www.anniesloan.com\/fr\/produit\/cires-et-finitions\/cire-blanche\/#primaryimage\"},\"thumbnailUrl\":\"https:\/\/www.anniesloan.com\/fr\/wp-content\/uploads\/sites\/4\/2021\/05\/White-Chalk-Paint-Wax-500ml-and-120ml-LORES-RGB.jpg\",\"datePublished\":\"2020-02-07T15:24:42+00:00\",\"dateModified\":\"2026-05-05T07:56:10+00:00\",\"description\":\"Utilisez la cire blanche White Chalk Paint\u2122 Wax pour \u00e9claircir votre peinture Chalk Paint\u2122 ou appliquez-la directement sur le bois pour un effet blanchi.\",\"breadcrumb\":{\"@id\":\"https:\/\/www.anniesloan.com\/fr\/produit\/cires-et-finitions\/cire-blanche\/#breadcrumb\"},\"inLanguage\":\"fr-FR\",\"potentialAction\":[{\"@type\":\"ReadAction\",\"target\":[\"https:\/\/www.anniesloan.com\/fr\/produit\/cires-et-finitions\/cire-blanche\/\"]}]},{\"@type\":\"ImageObject\",\"inLanguage\":\"fr-FR\",\"@id\":\"https:\/\/www.anniesloan.com\/fr\/produit\/cires-et-finitions\/cire-blanche\/#primaryimage\",\"url\":\"https:\/\/www.anniesloan.com\/fr\/wp-content\/uploads\/sites\/4\/2021\/05\/White-Chalk-Paint-Wax-500ml-and-120ml-LORES-RGB.jpg\",\"contentUrl\":\"https:\/\/www.anniesloan.com\/fr\/wp-content\/uploads\/sites\/4\/2021\/05\/White-Chalk-Paint-Wax-500ml-and-120ml-LORES-RGB.jpg\",\"width\":2000,\"height\":2000},{\"@type\":\"BreadcrumbList\",\"@id\":\"https:\/\/www.anniesloan.com\/fr\/produit\/cires-et-finitions\/cire-blanche\/#breadcrumb\",\"itemListElement\":[{\"@type\":\"ListItem\",\"position\":1,\"name\":\"Produits\",\"item\":\"https:\/\/www.anniesloan.com\/fr\/produits\/\"},{\"@type\":\"ListItem\",\"position\":2,\"name\":\"Cires et finitions\",\"item\":\"https:\/\/www.anniesloan.com\/fr\/produits\/cires-et-finitions\/\"},{\"@type\":\"ListItem\",\"position\":3,\"name\":\"Cire blanche Chalk Paint\u2122 Wax\"}]},{\"@type\":\"WebSite\",\"@id\":\"https:\/\/www.anniesloan.com\/fr\/#website\",\"url\":\"https:\/\/www.anniesloan.com\/fr\/\",\"name\":\"Annie Sloan FR\",\"description\":\"Home of Chalk Paint\",\"publisher\":{\"@id\":\"https:\/\/www.anniesloan.com\/fr\/#organization\"},\"potentialAction\":[{\"@type\":\"SearchAction\",\"target\":{\"@type\":\"EntryPoint\",\"urlTemplate\":\"https:\/\/www.anniesloan.com\/fr\/?s={search_term_string}\"},\"query-input\":{\"@type\":\"PropertyValueSpecification\",\"valueRequired\":true,\"valueName\":\"search_term_string\"}}],\"inLanguage\":\"fr-FR\"},{\"@type\":\"Organization\",\"@id\":\"https:\/\/www.anniesloan.com\/fr\/#organization\",\"name\":\"Annie Sloan\",\"url\":\"https:\/\/www.anniesloan.com\/fr\/\",\"logo\":{\"@type\":\"ImageObject\",\"inLanguage\":\"fr-FR\",\"@id\":\"https:\/\/www.anniesloan.com\/fr\/#\/schema\/logo\/image\/\",\"url\":\"https:\/\/www.anniesloan.com\/fr\/wp-content\/uploads\/sites\/4\/2021\/07\/anniesloan-logo.jpg\",\"contentUrl\":\"https:\/\/www.anniesloan.com\/fr\/wp-content\/uploads\/sites\/4\/2021\/07\/anniesloan-logo.jpg\",\"width\":1200,\"height\":361,\"caption\":\"Annie Sloan\"},\"image\":{\"@id\":\"https:\/\/www.anniesloan.com\/fr\/#\/schema\/logo\/image\/\"}}]}<\/script>\n<meta property=\"og:availability\" content=\"instock\" \/>\n<meta property=\"product:availability\" content=\"instock\" \/>\n<meta property=\"product:retailer_item_id\" content=\"WHITE-WAX\" \/>\n<meta property=\"product:condition\" content=\"new\" \/>\n<!-- \/ Yoast SEO Premium plugin. -->","yoast_head_json":{"title":"Cire blanche Chalk Paint\u2122 Wax | Annie Sloan FR","description":"Utilisez la cire blanche White Chalk Paint\u2122 Wax pour \u00e9claircir votre peinture Chalk Paint\u2122 ou appliquez-la directement sur le bois pour un effet blanchi.","robots":{"index":"index","follow":"follow","max-snippet":"max-snippet:-1","max-image-preview":"max-image-preview:large","max-video-preview":"max-video-preview:-1"},"canonical":"https:\/\/www.anniesloan.com\/fr\/produit\/cires-et-finitions\/cire-blanche\/","og_locale":"fr_FR","og_type":"article","og_title":"Cire blanche Chalk Paint\u2122 Wax","og_description":"Utilisez la cire blanche White Chalk Paint\u2122 Wax pour \u00e9claircir votre peinture Chalk Paint\u2122 ou appliquez-la directement sur le bois pour un effet blanchi.","og_url":"https:\/\/www.anniesloan.com\/fr\/produit\/cires-et-finitions\/cire-blanche\/","og_site_name":"Annie Sloan FR","article_modified_time":"2026-05-05T07:56:10+00:00","og_image":[{"width":2000,"height":2000,"url":"https:\/\/www.anniesloan.com\/fr\/wp-content\/uploads\/sites\/4\/2021\/05\/White-Chalk-Paint-Wax-500ml-and-120ml-LORES-RGB.jpg","type":"image\/jpeg"}],"twitter_card":"summary_large_image","twitter_misc":{"Availability":"In stock"},"schema":{"@context":"https:\/\/schema.org","@graph":[{"@type":"WebPage","@id":"https:\/\/www.anniesloan.com\/fr\/produit\/cires-et-finitions\/cire-blanche\/","url":"https:\/\/www.anniesloan.com\/fr\/produit\/cires-et-finitions\/cire-blanche\/","name":"Cire blanche Chalk Paint\u2122 Wax | Annie Sloan FR","isPartOf":{"@id":"https:\/\/www.anniesloan.com\/fr\/#website"},"primaryImageOfPage":{"@id":"https:\/\/www.anniesloan.com\/fr\/produit\/cires-et-finitions\/cire-blanche\/#primaryimage"},"image":{"@id":"https:\/\/www.anniesloan.com\/fr\/produit\/cires-et-finitions\/cire-blanche\/#primaryimage"},"thumbnailUrl":"https:\/\/www.anniesloan.com\/fr\/wp-content\/uploads\/sites\/4\/2021\/05\/White-Chalk-Paint-Wax-500ml-and-120ml-LORES-RGB.jpg","datePublished":"2020-02-07T15:24:42+00:00","dateModified":"2026-05-05T07:56:10+00:00","description":"Utilisez la cire blanche White Chalk Paint\u2122 Wax pour \u00e9claircir votre peinture Chalk Paint\u2122 ou appliquez-la directement sur le bois pour un effet blanchi.","breadcrumb":{"@id":"https:\/\/www.anniesloan.com\/fr\/produit\/cires-et-finitions\/cire-blanche\/#breadcrumb"},"inLanguage":"fr-FR","potentialAction":[{"@type":"ReadAction","target":["https:\/\/www.anniesloan.com\/fr\/produit\/cires-et-finitions\/cire-blanche\/"]}]},{"@type":"ImageObject","inLanguage":"fr-FR","@id":"https:\/\/www.anniesloan.com\/fr\/produit\/cires-et-finitions\/cire-blanche\/#primaryimage","url":"https:\/\/www.anniesloan.com\/fr\/wp-content\/uploads\/sites\/4\/2021\/05\/White-Chalk-Paint-Wax-500ml-and-120ml-LORES-RGB.jpg","contentUrl":"https:\/\/www.anniesloan.com\/fr\/wp-content\/uploads\/sites\/4\/2021\/05\/White-Chalk-Paint-Wax-500ml-and-120ml-LORES-RGB.jpg","width":2000,"height":2000},{"@type":"BreadcrumbList","@id":"https:\/\/www.anniesloan.com\/fr\/produit\/cires-et-finitions\/cire-blanche\/#breadcrumb","itemListElement":[{"@type":"ListItem","position":1,"name":"Produits","item":"https:\/\/www.anniesloan.com\/fr\/produits\/"},{"@type":"ListItem","position":2,"name":"Cires et finitions","item":"https:\/\/www.anniesloan.com\/fr\/produits\/cires-et-finitions\/"},{"@type":"ListItem","position":3,"name":"Cire blanche Chalk Paint\u2122 Wax"}]},{"@type":"WebSite","@id":"https:\/\/www.anniesloan.com\/fr\/#website","url":"https:\/\/www.anniesloan.com\/fr\/","name":"Annie Sloan FR","description":"Home of Chalk Paint","publisher":{"@id":"https:\/\/www.anniesloan.com\/fr\/#organization"},"potentialAction":[{"@type":"SearchAction","target":{"@type":"EntryPoint","urlTemplate":"https:\/\/www.anniesloan.com\/fr\/?s={search_term_string}"},"query-input":{"@type":"PropertyValueSpecification","valueRequired":true,"valueName":"search_term_string"}}],"inLanguage":"fr-FR"},{"@type":"Organization","@id":"https:\/\/www.anniesloan.com\/fr\/#organization","name":"Annie Sloan","url":"https:\/\/www.anniesloan.com\/fr\/","logo":{"@type":"ImageObject","inLanguage":"fr-FR","@id":"https:\/\/www.anniesloan.com\/fr\/#\/schema\/logo\/image\/","url":"https:\/\/www.anniesloan.com\/fr\/wp-content\/uploads\/sites\/4\/2021\/07\/anniesloan-logo.jpg","contentUrl":"https:\/\/www.anniesloan.com\/fr\/wp-content\/uploads\/sites\/4\/2021\/07\/anniesloan-logo.jpg","width":1200,"height":361,"caption":"Annie Sloan"},"image":{"@id":"https:\/\/www.anniesloan.com\/fr\/#\/schema\/logo\/image\/"}}]},"og_availability":"instock","product_availability":"instock","product_retailer_item_id":"WHITE-WAX","product_condition":"new"},"_links":{"self":[{"href":"https:\/\/www.anniesloan.com\/fr\/wp-json\/wp\/v2\/product\/20830","targetHints":{"allow":["GET"]}}],"collection":[{"href":"https:\/\/www.anniesloan.com\/fr\/wp-json\/wp\/v2\/product"}],"about":[{"href":"https:\/\/www.anniesloan.com\/fr\/wp-json\/wp\/v2\/types\/product"}],"wp:featuredmedia":[{"embeddable":true,"href":"https:\/\/www.anniesloan.com\/fr\/wp-json\/wp\/v2\/media\/20831"}],"wp:attachment":[{"href":"https:\/\/www.anniesloan.com\/fr\/wp-json\/wp\/v2\/media?parent=20830"}],"wp:term":[{"taxonomy":"product_brand","embeddable":true,"href":"https:\/\/www.anniesloan.com\/fr\/wp-json\/wp\/v2\/product_brand?post=20830"},{"taxonomy":"product_cat","embeddable":true,"href":"https:\/\/www.anniesloan.com\/fr\/wp-json\/wp\/v2\/product_cat?post=20830"},{"taxonomy":"product_tag","embeddable":true,"href":"https:\/\/www.anniesloan.com\/fr\/wp-json\/wp\/v2\/product_tag?post=20830"}],"curies":[{"name":"wp","href":"https:\/\/api.w.org\/{rel}","templated":true}]}}