{"id":20010,"date":"2020-02-07T14:21:46","date_gmt":"2020-02-07T13:21:46","guid":{"rendered":"https:\/\/www.anniesloan.com\/product\/duck-egg-blue\/"},"modified":"2026-04-26T14:55:26","modified_gmt":"2026-04-26T12:55:26","slug":"duck-egg-blue","status":"publish","type":"product","link":"https:\/\/www.anniesloan.com\/fr\/produit\/chalk-paint\/duck-egg-blue\/","title":{"rendered":"Duck Egg Blue"},"content":{"rendered":"","protected":false},"excerpt":{"rendered":"<p>Ce bleu-vert clair trouve ses origines dans la d\u00e9couverte au XVIIIe si\u00e8cle d\u2019un pigment bleu qui fut ensuite \u00e9clairci avec du blanc. On peut le d\u00e9crire comme un bleu rococo car il rappelle les int\u00e9rieurs fran\u00e7ais et scandinave.<\/p>\n","protected":false},"featured_media":37653,"template":"","meta":{"_acf_changed":false,"_relevanssi_hide_post":"","_relevanssi_hide_content":"","_relevanssi_pin_for_all":"","_relevanssi_pin_keywords":"","_relevanssi_unpin_keywords":"","_relevanssi_related_keywords":"","_relevanssi_related_include_ids":"","_relevanssi_related_exclude_ids":"","_relevanssi_related_no_append":"","_relevanssi_related_not_related":"","_relevanssi_related_posts":"","_relevanssi_noindex_reason":""},"product_brand":[],"product_cat":[19,37,38],"product_tag":[20],"class_list":{"0":"post-20010","1":"product","2":"type-product","3":"status-publish","4":"has-post-thumbnail","6":"product_cat-chalk-paint","7":"product_cat-bleu","8":"product_cat-vert","9":"product_tag-chalk-paint","10":"pa_colour-filter-bleu","11":"pa_colour-filter-vert","12":"pa_finish-chalk-paint","13":"pa_size-1-litre","14":"pa_size-120-ml","15":"pa_size-500-ml","17":"first","18":"instock","19":"taxable","20":"shipping-taxable","21":"purchasable","22":"product-type-variable","23":"has-default-attributes"},"acf":[],"yoast_head":"<!-- This site is optimized with the Yoast SEO Premium plugin v26.5 (Yoast SEO v26.5) - https:\/\/yoast.com\/wordpress\/plugins\/seo\/ -->\n<title>Duck Egg Blue | La peinture Chalk Paint\u2122 | Annie Sloan FR<\/title>\n<meta name=\"description\" content=\"Duck Egg Blue est un bleu turquoise clair de la palette de couleurs Chalk Paint\u2122 s\u2019inspirant du bleu canard traditionnel.\" \/>\n<meta name=\"robots\" content=\"index, follow, max-snippet:-1, max-image-preview:large, max-video-preview:-1\" \/>\n<link rel=\"canonical\" href=\"https:\/\/www.anniesloan.com\/fr\/produit\/chalk-paint\/duck-egg-blue\/\" \/>\n<meta property=\"og:locale\" content=\"fr_FR\" \/>\n<meta property=\"og:type\" content=\"article\" \/>\n<meta property=\"og:title\" content=\"Duck Egg Blue\" \/>\n<meta property=\"og:description\" content=\"Duck Egg Blue est un bleu turquoise clair de la palette de couleurs Chalk Paint\u2122 s\u2019inspirant du bleu canard traditionnel.\" \/>\n<meta property=\"og:url\" content=\"https:\/\/www.anniesloan.com\/fr\/produit\/chalk-paint\/duck-egg-blue\/\" \/>\n<meta property=\"og:site_name\" content=\"Annie Sloan FR\" \/>\n<meta property=\"article:modified_time\" content=\"2026-04-26T12:55:26+00:00\" \/>\n<meta property=\"og:image\" content=\"https:\/\/www.anniesloan.com\/fr\/wp-content\/uploads\/sites\/4\/2020\/02\/NEWRGB-72dpi-Duck-Egg-Blue.jpg\" \/>\n\t<meta property=\"og:image:width\" content=\"1224\" \/>\n\t<meta property=\"og:image:height\" content=\"936\" \/>\n\t<meta property=\"og:image:type\" content=\"image\/jpeg\" \/>\n<meta name=\"twitter:card\" content=\"summary_large_image\" \/>\n<meta name=\"twitter:label1\" content=\"Availability\" \/>\n\t<meta name=\"twitter:data1\" content=\"In stock\" \/>\n<script type=\"application\/ld+json\" class=\"yoast-schema-graph\">{\"@context\":\"https:\/\/schema.org\",\"@graph\":[{\"@type\":\"WebPage\",\"@id\":\"https:\/\/www.anniesloan.com\/fr\/produit\/chalk-paint\/duck-egg-blue\/\",\"url\":\"https:\/\/www.anniesloan.com\/fr\/produit\/chalk-paint\/duck-egg-blue\/\",\"name\":\"Duck Egg Blue | La peinture Chalk Paint\u2122 | Annie Sloan FR\",\"isPartOf\":{\"@id\":\"https:\/\/www.anniesloan.com\/fr\/#website\"},\"primaryImageOfPage\":{\"@id\":\"https:\/\/www.anniesloan.com\/fr\/produit\/chalk-paint\/duck-egg-blue\/#primaryimage\"},\"image\":{\"@id\":\"https:\/\/www.anniesloan.com\/fr\/produit\/chalk-paint\/duck-egg-blue\/#primaryimage\"},\"thumbnailUrl\":\"https:\/\/www.anniesloan.com\/fr\/wp-content\/uploads\/sites\/4\/2020\/02\/NEWRGB-72dpi-Duck-Egg-Blue.jpg\",\"datePublished\":\"2020-02-07T13:21:46+00:00\",\"dateModified\":\"2026-04-26T12:55:26+00:00\",\"description\":\"Duck Egg Blue est un bleu turquoise clair de la palette de couleurs Chalk Paint\u2122 s\u2019inspirant du bleu canard traditionnel.\",\"breadcrumb\":{\"@id\":\"https:\/\/www.anniesloan.com\/fr\/produit\/chalk-paint\/duck-egg-blue\/#breadcrumb\"},\"inLanguage\":\"fr-FR\",\"potentialAction\":[{\"@type\":\"ReadAction\",\"target\":[\"https:\/\/www.anniesloan.com\/fr\/produit\/chalk-paint\/duck-egg-blue\/\"]}]},{\"@type\":\"ImageObject\",\"inLanguage\":\"fr-FR\",\"@id\":\"https:\/\/www.anniesloan.com\/fr\/produit\/chalk-paint\/duck-egg-blue\/#primaryimage\",\"url\":\"https:\/\/www.anniesloan.com\/fr\/wp-content\/uploads\/sites\/4\/2020\/02\/NEWRGB-72dpi-Duck-Egg-Blue.jpg\",\"contentUrl\":\"https:\/\/www.anniesloan.com\/fr\/wp-content\/uploads\/sites\/4\/2020\/02\/NEWRGB-72dpi-Duck-Egg-Blue.jpg\",\"width\":1224,\"height\":936,\"caption\":\"Annie Sloan Paint Swatch in Duck Egg Blue\"},{\"@type\":\"BreadcrumbList\",\"@id\":\"https:\/\/www.anniesloan.com\/fr\/produit\/chalk-paint\/duck-egg-blue\/#breadcrumb\",\"itemListElement\":[{\"@type\":\"ListItem\",\"position\":1,\"name\":\"Produits\",\"item\":\"https:\/\/www.anniesloan.com\/fr\/produits\/\"},{\"@type\":\"ListItem\",\"position\":2,\"name\":\"Chalk Paint\",\"item\":\"https:\/\/www.anniesloan.com\/fr\/produits\/chalk-paint\/\"},{\"@type\":\"ListItem\",\"position\":3,\"name\":\"Duck Egg Blue\"}]},{\"@type\":\"WebSite\",\"@id\":\"https:\/\/www.anniesloan.com\/fr\/#website\",\"url\":\"https:\/\/www.anniesloan.com\/fr\/\",\"name\":\"Annie Sloan FR\",\"description\":\"Home of Chalk Paint\",\"publisher\":{\"@id\":\"https:\/\/www.anniesloan.com\/fr\/#organization\"},\"potentialAction\":[{\"@type\":\"SearchAction\",\"target\":{\"@type\":\"EntryPoint\",\"urlTemplate\":\"https:\/\/www.anniesloan.com\/fr\/?s={search_term_string}\"},\"query-input\":{\"@type\":\"PropertyValueSpecification\",\"valueRequired\":true,\"valueName\":\"search_term_string\"}}],\"inLanguage\":\"fr-FR\"},{\"@type\":\"Organization\",\"@id\":\"https:\/\/www.anniesloan.com\/fr\/#organization\",\"name\":\"Annie Sloan\",\"url\":\"https:\/\/www.anniesloan.com\/fr\/\",\"logo\":{\"@type\":\"ImageObject\",\"inLanguage\":\"fr-FR\",\"@id\":\"https:\/\/www.anniesloan.com\/fr\/#\/schema\/logo\/image\/\",\"url\":\"https:\/\/www.anniesloan.com\/fr\/wp-content\/uploads\/sites\/4\/2021\/07\/anniesloan-logo.jpg\",\"contentUrl\":\"https:\/\/www.anniesloan.com\/fr\/wp-content\/uploads\/sites\/4\/2021\/07\/anniesloan-logo.jpg\",\"width\":1200,\"height\":361,\"caption\":\"Annie Sloan\"},\"image\":{\"@id\":\"https:\/\/www.anniesloan.com\/fr\/#\/schema\/logo\/image\/\"}}]}<\/script>\n<meta property=\"og:availability\" content=\"instock\" \/>\n<meta property=\"product:availability\" content=\"instock\" \/>\n<meta property=\"product:retailer_item_id\" content=\"4000-3-DUCK-EGG-BLUE-CP\" \/>\n<meta property=\"product:condition\" content=\"new\" \/>\n<!-- \/ Yoast SEO Premium plugin. -->","yoast_head_json":{"title":"Duck Egg Blue | La peinture Chalk Paint\u2122 | Annie Sloan FR","description":"Duck Egg Blue est un bleu turquoise clair de la palette de couleurs Chalk Paint\u2122 s\u2019inspirant du bleu canard traditionnel.","robots":{"index":"index","follow":"follow","max-snippet":"max-snippet:-1","max-image-preview":"max-image-preview:large","max-video-preview":"max-video-preview:-1"},"canonical":"https:\/\/www.anniesloan.com\/fr\/produit\/chalk-paint\/duck-egg-blue\/","og_locale":"fr_FR","og_type":"article","og_title":"Duck Egg Blue","og_description":"Duck Egg Blue est un bleu turquoise clair de la palette de couleurs Chalk Paint\u2122 s\u2019inspirant du bleu canard traditionnel.","og_url":"https:\/\/www.anniesloan.com\/fr\/produit\/chalk-paint\/duck-egg-blue\/","og_site_name":"Annie Sloan FR","article_modified_time":"2026-04-26T12:55:26+00:00","og_image":[{"width":1224,"height":936,"url":"https:\/\/www.anniesloan.com\/fr\/wp-content\/uploads\/sites\/4\/2020\/02\/NEWRGB-72dpi-Duck-Egg-Blue.jpg","type":"image\/jpeg"}],"twitter_card":"summary_large_image","twitter_misc":{"Availability":"In stock"},"schema":{"@context":"https:\/\/schema.org","@graph":[{"@type":"WebPage","@id":"https:\/\/www.anniesloan.com\/fr\/produit\/chalk-paint\/duck-egg-blue\/","url":"https:\/\/www.anniesloan.com\/fr\/produit\/chalk-paint\/duck-egg-blue\/","name":"Duck Egg Blue | La peinture Chalk Paint\u2122 | Annie Sloan FR","isPartOf":{"@id":"https:\/\/www.anniesloan.com\/fr\/#website"},"primaryImageOfPage":{"@id":"https:\/\/www.anniesloan.com\/fr\/produit\/chalk-paint\/duck-egg-blue\/#primaryimage"},"image":{"@id":"https:\/\/www.anniesloan.com\/fr\/produit\/chalk-paint\/duck-egg-blue\/#primaryimage"},"thumbnailUrl":"https:\/\/www.anniesloan.com\/fr\/wp-content\/uploads\/sites\/4\/2020\/02\/NEWRGB-72dpi-Duck-Egg-Blue.jpg","datePublished":"2020-02-07T13:21:46+00:00","dateModified":"2026-04-26T12:55:26+00:00","description":"Duck Egg Blue est un bleu turquoise clair de la palette de couleurs Chalk Paint\u2122 s\u2019inspirant du bleu canard traditionnel.","breadcrumb":{"@id":"https:\/\/www.anniesloan.com\/fr\/produit\/chalk-paint\/duck-egg-blue\/#breadcrumb"},"inLanguage":"fr-FR","potentialAction":[{"@type":"ReadAction","target":["https:\/\/www.anniesloan.com\/fr\/produit\/chalk-paint\/duck-egg-blue\/"]}]},{"@type":"ImageObject","inLanguage":"fr-FR","@id":"https:\/\/www.anniesloan.com\/fr\/produit\/chalk-paint\/duck-egg-blue\/#primaryimage","url":"https:\/\/www.anniesloan.com\/fr\/wp-content\/uploads\/sites\/4\/2020\/02\/NEWRGB-72dpi-Duck-Egg-Blue.jpg","contentUrl":"https:\/\/www.anniesloan.com\/fr\/wp-content\/uploads\/sites\/4\/2020\/02\/NEWRGB-72dpi-Duck-Egg-Blue.jpg","width":1224,"height":936,"caption":"Annie Sloan Paint Swatch in Duck Egg Blue"},{"@type":"BreadcrumbList","@id":"https:\/\/www.anniesloan.com\/fr\/produit\/chalk-paint\/duck-egg-blue\/#breadcrumb","itemListElement":[{"@type":"ListItem","position":1,"name":"Produits","item":"https:\/\/www.anniesloan.com\/fr\/produits\/"},{"@type":"ListItem","position":2,"name":"Chalk Paint","item":"https:\/\/www.anniesloan.com\/fr\/produits\/chalk-paint\/"},{"@type":"ListItem","position":3,"name":"Duck Egg Blue"}]},{"@type":"WebSite","@id":"https:\/\/www.anniesloan.com\/fr\/#website","url":"https:\/\/www.anniesloan.com\/fr\/","name":"Annie Sloan FR","description":"Home of Chalk Paint","publisher":{"@id":"https:\/\/www.anniesloan.com\/fr\/#organization"},"potentialAction":[{"@type":"SearchAction","target":{"@type":"EntryPoint","urlTemplate":"https:\/\/www.anniesloan.com\/fr\/?s={search_term_string}"},"query-input":{"@type":"PropertyValueSpecification","valueRequired":true,"valueName":"search_term_string"}}],"inLanguage":"fr-FR"},{"@type":"Organization","@id":"https:\/\/www.anniesloan.com\/fr\/#organization","name":"Annie Sloan","url":"https:\/\/www.anniesloan.com\/fr\/","logo":{"@type":"ImageObject","inLanguage":"fr-FR","@id":"https:\/\/www.anniesloan.com\/fr\/#\/schema\/logo\/image\/","url":"https:\/\/www.anniesloan.com\/fr\/wp-content\/uploads\/sites\/4\/2021\/07\/anniesloan-logo.jpg","contentUrl":"https:\/\/www.anniesloan.com\/fr\/wp-content\/uploads\/sites\/4\/2021\/07\/anniesloan-logo.jpg","width":1200,"height":361,"caption":"Annie Sloan"},"image":{"@id":"https:\/\/www.anniesloan.com\/fr\/#\/schema\/logo\/image\/"}}]},"og_availability":"instock","product_availability":"instock","product_retailer_item_id":"4000-3-DUCK-EGG-BLUE-CP","product_condition":"new"},"_links":{"self":[{"href":"https:\/\/www.anniesloan.com\/fr\/wp-json\/wp\/v2\/product\/20010","targetHints":{"allow":["GET"]}}],"collection":[{"href":"https:\/\/www.anniesloan.com\/fr\/wp-json\/wp\/v2\/product"}],"about":[{"href":"https:\/\/www.anniesloan.com\/fr\/wp-json\/wp\/v2\/types\/product"}],"wp:featuredmedia":[{"embeddable":true,"href":"https:\/\/www.anniesloan.com\/fr\/wp-json\/wp\/v2\/media\/37653"}],"wp:attachment":[{"href":"https:\/\/www.anniesloan.com\/fr\/wp-json\/wp\/v2\/media?parent=20010"}],"wp:term":[{"taxonomy":"product_brand","embeddable":true,"href":"https:\/\/www.anniesloan.com\/fr\/wp-json\/wp\/v2\/product_brand?post=20010"},{"taxonomy":"product_cat","embeddable":true,"href":"https:\/\/www.anniesloan.com\/fr\/wp-json\/wp\/v2\/product_cat?post=20010"},{"taxonomy":"product_tag","embeddable":true,"href":"https:\/\/www.anniesloan.com\/fr\/wp-json\/wp\/v2\/product_tag?post=20010"}],"curies":[{"name":"wp","href":"https:\/\/api.w.org\/{rel}","templated":true}]}}