{"id":19688,"date":"2020-02-07T13:21:40","date_gmt":"2020-02-07T12:21:40","guid":{"rendered":"https:\/\/www.anniesloan.com\/product\/original\/"},"modified":"2026-05-13T17:55:31","modified_gmt":"2026-05-13T15:55:31","slug":"original","status":"publish","type":"product","link":"https:\/\/www.anniesloan.com\/fr\/produit\/chalk-paint\/original\/","title":{"rendered":"Original"},"content":{"rendered":"","protected":false},"excerpt":{"rendered":"<p>Original est un blanc cr\u00e8me traditionnel chaud \u00e9voquant la couleur du mobilier ancien. Il s\u2019accorde parfaitement avec les couleurs Duck Egg Blue, Antoinette et Louis Blue pour un look ancien \u00e0 la fran\u00e7aise.<\/p>\n","protected":false},"featured_media":37608,"template":"","meta":{"_acf_changed":false,"_relevanssi_hide_post":"","_relevanssi_hide_content":"","_relevanssi_pin_for_all":"","_relevanssi_pin_keywords":"","_relevanssi_unpin_keywords":"","_relevanssi_related_keywords":"","_relevanssi_related_include_ids":"","_relevanssi_related_exclude_ids":"","_relevanssi_related_no_append":"","_relevanssi_related_not_related":"","_relevanssi_related_posts":"","_relevanssi_noindex_reason":""},"product_brand":[],"product_cat":[19,1048],"product_tag":[20],"class_list":{"0":"post-19688","1":"product","2":"type-product","3":"status-publish","4":"has-post-thumbnail","6":"product_cat-chalk-paint","7":"product_cat-blanc","8":"product_tag-chalk-paint","9":"pa_colour-filter-neutre","10":"pa_colour-filter-blanc","11":"pa_finish-chalk-paint","12":"pa_size-1-litre","13":"pa_size-120-ml","14":"pa_size-500-ml","16":"first","17":"instock","18":"taxable","19":"shipping-taxable","20":"purchasable","21":"product-type-variable","22":"has-default-attributes"},"acf":[],"yoast_head":"<!-- This site is optimized with the Yoast SEO Premium plugin v26.5 (Yoast SEO v26.5) - https:\/\/yoast.com\/wordpress\/plugins\/seo\/ -->\n<title>Original | La peinture Chalk Paint\u2122 | Annie Sloan FR<\/title>\n<meta name=\"description\" content=\"Original est un blanc cass\u00e9 tr\u00e8s clair, aux tonalit\u00e9s chaudes et douces, de la palette de couleurs Chalk Paint\u2122 \u00e9voquant la couleur du mobilier ancien.\" \/>\n<meta name=\"robots\" content=\"index, follow, max-snippet:-1, max-image-preview:large, max-video-preview:-1\" \/>\n<link rel=\"canonical\" href=\"https:\/\/www.anniesloan.com\/fr\/produit\/chalk-paint\/original\/\" \/>\n<meta property=\"og:locale\" content=\"fr_FR\" \/>\n<meta property=\"og:type\" content=\"article\" \/>\n<meta property=\"og:title\" content=\"Original\" \/>\n<meta property=\"og:description\" content=\"Original est un blanc cass\u00e9 tr\u00e8s clair, aux tonalit\u00e9s chaudes et douces, de la palette de couleurs Chalk Paint\u2122 \u00e9voquant la couleur du mobilier ancien.\" \/>\n<meta property=\"og:url\" content=\"https:\/\/www.anniesloan.com\/fr\/produit\/chalk-paint\/original\/\" \/>\n<meta property=\"og:site_name\" content=\"Annie Sloan FR\" \/>\n<meta property=\"article:modified_time\" content=\"2026-05-13T15:55:31+00:00\" \/>\n<meta property=\"og:image\" content=\"https:\/\/www.anniesloan.com\/fr\/wp-content\/uploads\/sites\/4\/2022\/03\/NEWRGB-72dpi-Original.jpg\" \/>\n\t<meta property=\"og:image:width\" content=\"1224\" \/>\n\t<meta property=\"og:image:height\" content=\"936\" \/>\n\t<meta property=\"og:image:type\" content=\"image\/jpeg\" \/>\n<meta name=\"twitter:card\" content=\"summary_large_image\" \/>\n<meta name=\"twitter:label1\" content=\"Availability\" \/>\n\t<meta name=\"twitter:data1\" content=\"In stock\" \/>\n<script type=\"application\/ld+json\" class=\"yoast-schema-graph\">{\"@context\":\"https:\/\/schema.org\",\"@graph\":[{\"@type\":\"WebPage\",\"@id\":\"https:\/\/www.anniesloan.com\/fr\/produit\/chalk-paint\/original\/\",\"url\":\"https:\/\/www.anniesloan.com\/fr\/produit\/chalk-paint\/original\/\",\"name\":\"Original | La peinture Chalk Paint\u2122 | Annie Sloan FR\",\"isPartOf\":{\"@id\":\"https:\/\/www.anniesloan.com\/fr\/#website\"},\"primaryImageOfPage\":{\"@id\":\"https:\/\/www.anniesloan.com\/fr\/produit\/chalk-paint\/original\/#primaryimage\"},\"image\":{\"@id\":\"https:\/\/www.anniesloan.com\/fr\/produit\/chalk-paint\/original\/#primaryimage\"},\"thumbnailUrl\":\"https:\/\/www.anniesloan.com\/fr\/wp-content\/uploads\/sites\/4\/2022\/03\/NEWRGB-72dpi-Original.jpg\",\"datePublished\":\"2020-02-07T12:21:40+00:00\",\"dateModified\":\"2026-05-13T15:55:31+00:00\",\"description\":\"Original est un blanc cass\u00e9 tr\u00e8s clair, aux tonalit\u00e9s chaudes et douces, de la palette de couleurs Chalk Paint\u2122 \u00e9voquant la couleur du mobilier ancien.\",\"breadcrumb\":{\"@id\":\"https:\/\/www.anniesloan.com\/fr\/produit\/chalk-paint\/original\/#breadcrumb\"},\"inLanguage\":\"fr-FR\",\"potentialAction\":[{\"@type\":\"ReadAction\",\"target\":[\"https:\/\/www.anniesloan.com\/fr\/produit\/chalk-paint\/original\/\"]}]},{\"@type\":\"ImageObject\",\"inLanguage\":\"fr-FR\",\"@id\":\"https:\/\/www.anniesloan.com\/fr\/produit\/chalk-paint\/original\/#primaryimage\",\"url\":\"https:\/\/www.anniesloan.com\/fr\/wp-content\/uploads\/sites\/4\/2022\/03\/NEWRGB-72dpi-Original.jpg\",\"contentUrl\":\"https:\/\/www.anniesloan.com\/fr\/wp-content\/uploads\/sites\/4\/2022\/03\/NEWRGB-72dpi-Original.jpg\",\"width\":1224,\"height\":936,\"caption\":\"Annie Sloan Paint Swatch in Original\"},{\"@type\":\"BreadcrumbList\",\"@id\":\"https:\/\/www.anniesloan.com\/fr\/produit\/chalk-paint\/original\/#breadcrumb\",\"itemListElement\":[{\"@type\":\"ListItem\",\"position\":1,\"name\":\"Produits\",\"item\":\"https:\/\/www.anniesloan.com\/fr\/produits\/\"},{\"@type\":\"ListItem\",\"position\":2,\"name\":\"Chalk Paint\",\"item\":\"https:\/\/www.anniesloan.com\/fr\/produits\/chalk-paint\/\"},{\"@type\":\"ListItem\",\"position\":3,\"name\":\"Original\"}]},{\"@type\":\"WebSite\",\"@id\":\"https:\/\/www.anniesloan.com\/fr\/#website\",\"url\":\"https:\/\/www.anniesloan.com\/fr\/\",\"name\":\"Annie Sloan FR\",\"description\":\"Home of Chalk Paint\",\"publisher\":{\"@id\":\"https:\/\/www.anniesloan.com\/fr\/#organization\"},\"potentialAction\":[{\"@type\":\"SearchAction\",\"target\":{\"@type\":\"EntryPoint\",\"urlTemplate\":\"https:\/\/www.anniesloan.com\/fr\/?s={search_term_string}\"},\"query-input\":{\"@type\":\"PropertyValueSpecification\",\"valueRequired\":true,\"valueName\":\"search_term_string\"}}],\"inLanguage\":\"fr-FR\"},{\"@type\":\"Organization\",\"@id\":\"https:\/\/www.anniesloan.com\/fr\/#organization\",\"name\":\"Annie Sloan\",\"url\":\"https:\/\/www.anniesloan.com\/fr\/\",\"logo\":{\"@type\":\"ImageObject\",\"inLanguage\":\"fr-FR\",\"@id\":\"https:\/\/www.anniesloan.com\/fr\/#\/schema\/logo\/image\/\",\"url\":\"https:\/\/www.anniesloan.com\/fr\/wp-content\/uploads\/sites\/4\/2021\/07\/anniesloan-logo.jpg\",\"contentUrl\":\"https:\/\/www.anniesloan.com\/fr\/wp-content\/uploads\/sites\/4\/2021\/07\/anniesloan-logo.jpg\",\"width\":1200,\"height\":361,\"caption\":\"Annie Sloan\"},\"image\":{\"@id\":\"https:\/\/www.anniesloan.com\/fr\/#\/schema\/logo\/image\/\"}}]}<\/script>\n<meta property=\"og:availability\" content=\"instock\" \/>\n<meta property=\"product:availability\" content=\"instock\" \/>\n<meta property=\"product:retailer_item_id\" content=\"4000-33-Original-CP\" \/>\n<meta property=\"product:condition\" content=\"new\" \/>\n<!-- \/ Yoast SEO Premium plugin. -->","yoast_head_json":{"title":"Original | La peinture Chalk Paint\u2122 | Annie Sloan FR","description":"Original est un blanc cass\u00e9 tr\u00e8s clair, aux tonalit\u00e9s chaudes et douces, de la palette de couleurs Chalk Paint\u2122 \u00e9voquant la couleur du mobilier ancien.","robots":{"index":"index","follow":"follow","max-snippet":"max-snippet:-1","max-image-preview":"max-image-preview:large","max-video-preview":"max-video-preview:-1"},"canonical":"https:\/\/www.anniesloan.com\/fr\/produit\/chalk-paint\/original\/","og_locale":"fr_FR","og_type":"article","og_title":"Original","og_description":"Original est un blanc cass\u00e9 tr\u00e8s clair, aux tonalit\u00e9s chaudes et douces, de la palette de couleurs Chalk Paint\u2122 \u00e9voquant la couleur du mobilier ancien.","og_url":"https:\/\/www.anniesloan.com\/fr\/produit\/chalk-paint\/original\/","og_site_name":"Annie Sloan FR","article_modified_time":"2026-05-13T15:55:31+00:00","og_image":[{"width":1224,"height":936,"url":"https:\/\/www.anniesloan.com\/fr\/wp-content\/uploads\/sites\/4\/2022\/03\/NEWRGB-72dpi-Original.jpg","type":"image\/jpeg"}],"twitter_card":"summary_large_image","twitter_misc":{"Availability":"In stock"},"schema":{"@context":"https:\/\/schema.org","@graph":[{"@type":"WebPage","@id":"https:\/\/www.anniesloan.com\/fr\/produit\/chalk-paint\/original\/","url":"https:\/\/www.anniesloan.com\/fr\/produit\/chalk-paint\/original\/","name":"Original | La peinture Chalk Paint\u2122 | Annie Sloan FR","isPartOf":{"@id":"https:\/\/www.anniesloan.com\/fr\/#website"},"primaryImageOfPage":{"@id":"https:\/\/www.anniesloan.com\/fr\/produit\/chalk-paint\/original\/#primaryimage"},"image":{"@id":"https:\/\/www.anniesloan.com\/fr\/produit\/chalk-paint\/original\/#primaryimage"},"thumbnailUrl":"https:\/\/www.anniesloan.com\/fr\/wp-content\/uploads\/sites\/4\/2022\/03\/NEWRGB-72dpi-Original.jpg","datePublished":"2020-02-07T12:21:40+00:00","dateModified":"2026-05-13T15:55:31+00:00","description":"Original est un blanc cass\u00e9 tr\u00e8s clair, aux tonalit\u00e9s chaudes et douces, de la palette de couleurs Chalk Paint\u2122 \u00e9voquant la couleur du mobilier ancien.","breadcrumb":{"@id":"https:\/\/www.anniesloan.com\/fr\/produit\/chalk-paint\/original\/#breadcrumb"},"inLanguage":"fr-FR","potentialAction":[{"@type":"ReadAction","target":["https:\/\/www.anniesloan.com\/fr\/produit\/chalk-paint\/original\/"]}]},{"@type":"ImageObject","inLanguage":"fr-FR","@id":"https:\/\/www.anniesloan.com\/fr\/produit\/chalk-paint\/original\/#primaryimage","url":"https:\/\/www.anniesloan.com\/fr\/wp-content\/uploads\/sites\/4\/2022\/03\/NEWRGB-72dpi-Original.jpg","contentUrl":"https:\/\/www.anniesloan.com\/fr\/wp-content\/uploads\/sites\/4\/2022\/03\/NEWRGB-72dpi-Original.jpg","width":1224,"height":936,"caption":"Annie Sloan Paint Swatch in Original"},{"@type":"BreadcrumbList","@id":"https:\/\/www.anniesloan.com\/fr\/produit\/chalk-paint\/original\/#breadcrumb","itemListElement":[{"@type":"ListItem","position":1,"name":"Produits","item":"https:\/\/www.anniesloan.com\/fr\/produits\/"},{"@type":"ListItem","position":2,"name":"Chalk Paint","item":"https:\/\/www.anniesloan.com\/fr\/produits\/chalk-paint\/"},{"@type":"ListItem","position":3,"name":"Original"}]},{"@type":"WebSite","@id":"https:\/\/www.anniesloan.com\/fr\/#website","url":"https:\/\/www.anniesloan.com\/fr\/","name":"Annie Sloan FR","description":"Home of Chalk Paint","publisher":{"@id":"https:\/\/www.anniesloan.com\/fr\/#organization"},"potentialAction":[{"@type":"SearchAction","target":{"@type":"EntryPoint","urlTemplate":"https:\/\/www.anniesloan.com\/fr\/?s={search_term_string}"},"query-input":{"@type":"PropertyValueSpecification","valueRequired":true,"valueName":"search_term_string"}}],"inLanguage":"fr-FR"},{"@type":"Organization","@id":"https:\/\/www.anniesloan.com\/fr\/#organization","name":"Annie Sloan","url":"https:\/\/www.anniesloan.com\/fr\/","logo":{"@type":"ImageObject","inLanguage":"fr-FR","@id":"https:\/\/www.anniesloan.com\/fr\/#\/schema\/logo\/image\/","url":"https:\/\/www.anniesloan.com\/fr\/wp-content\/uploads\/sites\/4\/2021\/07\/anniesloan-logo.jpg","contentUrl":"https:\/\/www.anniesloan.com\/fr\/wp-content\/uploads\/sites\/4\/2021\/07\/anniesloan-logo.jpg","width":1200,"height":361,"caption":"Annie Sloan"},"image":{"@id":"https:\/\/www.anniesloan.com\/fr\/#\/schema\/logo\/image\/"}}]},"og_availability":"instock","product_availability":"instock","product_retailer_item_id":"4000-33-Original-CP","product_condition":"new"},"_links":{"self":[{"href":"https:\/\/www.anniesloan.com\/fr\/wp-json\/wp\/v2\/product\/19688","targetHints":{"allow":["GET"]}}],"collection":[{"href":"https:\/\/www.anniesloan.com\/fr\/wp-json\/wp\/v2\/product"}],"about":[{"href":"https:\/\/www.anniesloan.com\/fr\/wp-json\/wp\/v2\/types\/product"}],"wp:featuredmedia":[{"embeddable":true,"href":"https:\/\/www.anniesloan.com\/fr\/wp-json\/wp\/v2\/media\/37608"}],"wp:attachment":[{"href":"https:\/\/www.anniesloan.com\/fr\/wp-json\/wp\/v2\/media?parent=19688"}],"wp:term":[{"taxonomy":"product_brand","embeddable":true,"href":"https:\/\/www.anniesloan.com\/fr\/wp-json\/wp\/v2\/product_brand?post=19688"},{"taxonomy":"product_cat","embeddable":true,"href":"https:\/\/www.anniesloan.com\/fr\/wp-json\/wp\/v2\/product_cat?post=19688"},{"taxonomy":"product_tag","embeddable":true,"href":"https:\/\/www.anniesloan.com\/fr\/wp-json\/wp\/v2\/product_tag?post=19688"}],"curies":[{"name":"wp","href":"https:\/\/api.w.org\/{rel}","templated":true}]}}