{"id":37255,"date":"2022-03-21T15:17:11","date_gmt":"2022-03-21T15:17:11","guid":{"rendered":"https:\/\/www.anniesloan.com\/?page_id=105267"},"modified":"2023-07-12T15:58:47","modified_gmt":"2023-07-12T13:58:47","slug":"violets","status":"publish","type":"page","link":"https:\/\/www.anniesloan.com\/fr\/peintures\/violets\/","title":{"rendered":"Violets"},"content":{"rendered":"<p>Annie Sloan s\u2019est inspir\u00e9e des int\u00e9rieurs anciens et modernes pour cr\u00e9er sa palette de violets. Les peintures Annie Sloan d\u00e9clinent cette couleur dans toutes les nuances dont vous pourriez avoir envie. Du taupe l\u00e9g\u00e8rement lilas de la teinte Adelphi aux tons riches aubergine de Tyrian Plum, vous trouverez le violet pour votre int\u00e9rieur.<\/p>\n<p data-pm-slice=\"1 1 []\"><div class=\"c-ShortcodeButton  c-ShortcodeButton--padtoprem c-ShortcodeButton--padbotrem\"><a href=\"\/fr\/peintures\/\" class=\"[ c-Btn c-Btn--outline-grey ]\" >Afficher toutes les couleurs<\/a><\/div><\/p>\n","protected":false},"excerpt":{"rendered":"<p>Annie Sloan s\u2019est inspir\u00e9e des int\u00e9rieurs anciens et modernes pour cr\u00e9er sa palette de violets. Les peintures Annie Sloan d\u00e9clinent cette couleur dans toutes les nuances dont vous pourriez avoir envie. Du taupe l\u00e9g\u00e8rement lilas de la teinte Adelphi aux tons riches aubergine de Tyrian Plum, vous trouverez le violet pour votre int\u00e9rieur.<\/p>\n","protected":false},"author":11,"featured_media":0,"parent":37246,"menu_order":0,"comment_status":"closed","ping_status":"closed","template":"page-tpl-paint.php","meta":{"_acf_changed":false,"_relevanssi_hide_post":"","_relevanssi_hide_content":"","_relevanssi_pin_for_all":"","_relevanssi_pin_keywords":"","_relevanssi_unpin_keywords":"","_relevanssi_related_keywords":"","_relevanssi_related_include_ids":"","_relevanssi_related_exclude_ids":"","_relevanssi_related_no_append":"","_relevanssi_related_not_related":"","_relevanssi_related_posts":"","_relevanssi_noindex_reason":"","footnotes":""},"class_list":["post-37255","page","type-page","status-publish","hentry"],"acf":[],"yoast_head":"<!-- This site is optimized with the Yoast SEO Premium plugin v26.5 (Yoast SEO v26.5) - https:\/\/yoast.com\/wordpress\/plugins\/seo\/ -->\n<title>Violets | Annie Sloan FR<\/title>\n<meta name=\"robots\" content=\"index, follow, max-snippet:-1, max-image-preview:large, max-video-preview:-1\" \/>\n<link rel=\"canonical\" href=\"https:\/\/www.anniesloan.com\/fr\/peintures\/violets\/\" \/>\n<meta property=\"og:locale\" content=\"fr_FR\" \/>\n<meta property=\"og:type\" content=\"article\" \/>\n<meta property=\"og:title\" content=\"Violets\" \/>\n<meta property=\"og:description\" content=\"Annie Sloan s\u2019est inspir\u00e9e des int\u00e9rieurs anciens et modernes pour cr\u00e9er sa palette de violets. Les peintures Annie Sloan d\u00e9clinent cette couleur dans toutes les nuances dont vous pourriez avoir envie. Du taupe l\u00e9g\u00e8rement lilas de la teinte Adelphi aux tons riches aubergine de Tyrian Plum, vous trouverez le violet pour votre int\u00e9rieur.\" \/>\n<meta property=\"og:url\" content=\"https:\/\/www.anniesloan.com\/fr\/peintures\/violets\/\" \/>\n<meta property=\"og:site_name\" content=\"Annie Sloan FR\" \/>\n<meta property=\"article:modified_time\" content=\"2023-07-12T13:58:47+00:00\" \/>\n<meta name=\"twitter:card\" content=\"summary_large_image\" \/>\n<meta name=\"twitter:label1\" content=\"Dur\u00e9e de lecture estim\u00e9e\" \/>\n\t<meta name=\"twitter:data1\" content=\"1 minute\" \/>\n<script type=\"application\/ld+json\" class=\"yoast-schema-graph\">{\"@context\":\"https:\/\/schema.org\",\"@graph\":[{\"@type\":\"WebPage\",\"@id\":\"https:\/\/www.anniesloan.com\/fr\/peintures\/violets\/\",\"url\":\"https:\/\/www.anniesloan.com\/fr\/peintures\/violets\/\",\"name\":\"Violets | Annie Sloan FR\",\"isPartOf\":{\"@id\":\"https:\/\/www.anniesloan.com\/fr\/#website\"},\"datePublished\":\"2022-03-21T15:17:11+00:00\",\"dateModified\":\"2023-07-12T13:58:47+00:00\",\"breadcrumb\":{\"@id\":\"https:\/\/www.anniesloan.com\/fr\/peintures\/violets\/#breadcrumb\"},\"inLanguage\":\"fr-FR\",\"potentialAction\":[{\"@type\":\"ReadAction\",\"target\":[\"https:\/\/www.anniesloan.com\/fr\/peintures\/violets\/\"]}]},{\"@type\":\"BreadcrumbList\",\"@id\":\"https:\/\/www.anniesloan.com\/fr\/peintures\/violets\/#breadcrumb\",\"itemListElement\":[{\"@type\":\"ListItem\",\"position\":1,\"name\":\"Toutes Les Couleurs\",\"item\":\"https:\/\/www.anniesloan.com\/fr\/peintures\/\"},{\"@type\":\"ListItem\",\"position\":2,\"name\":\"Violets\"}]},{\"@type\":\"WebSite\",\"@id\":\"https:\/\/www.anniesloan.com\/fr\/#website\",\"url\":\"https:\/\/www.anniesloan.com\/fr\/\",\"name\":\"Annie Sloan FR\",\"description\":\"Home of Chalk Paint\",\"publisher\":{\"@id\":\"https:\/\/www.anniesloan.com\/fr\/#organization\"},\"potentialAction\":[{\"@type\":\"SearchAction\",\"target\":{\"@type\":\"EntryPoint\",\"urlTemplate\":\"https:\/\/www.anniesloan.com\/fr\/?s={search_term_string}\"},\"query-input\":{\"@type\":\"PropertyValueSpecification\",\"valueRequired\":true,\"valueName\":\"search_term_string\"}}],\"inLanguage\":\"fr-FR\"},{\"@type\":\"Organization\",\"@id\":\"https:\/\/www.anniesloan.com\/fr\/#organization\",\"name\":\"Annie Sloan\",\"url\":\"https:\/\/www.anniesloan.com\/fr\/\",\"logo\":{\"@type\":\"ImageObject\",\"inLanguage\":\"fr-FR\",\"@id\":\"https:\/\/www.anniesloan.com\/fr\/#\/schema\/logo\/image\/\",\"url\":\"https:\/\/www.anniesloan.com\/fr\/wp-content\/uploads\/sites\/4\/2021\/07\/anniesloan-logo.jpg\",\"contentUrl\":\"https:\/\/www.anniesloan.com\/fr\/wp-content\/uploads\/sites\/4\/2021\/07\/anniesloan-logo.jpg\",\"width\":1200,\"height\":361,\"caption\":\"Annie Sloan\"},\"image\":{\"@id\":\"https:\/\/www.anniesloan.com\/fr\/#\/schema\/logo\/image\/\"}}]}<\/script>\n<!-- \/ Yoast SEO Premium plugin. -->","yoast_head_json":{"title":"Violets | Annie Sloan FR","robots":{"index":"index","follow":"follow","max-snippet":"max-snippet:-1","max-image-preview":"max-image-preview:large","max-video-preview":"max-video-preview:-1"},"canonical":"https:\/\/www.anniesloan.com\/fr\/peintures\/violets\/","og_locale":"fr_FR","og_type":"article","og_title":"Violets","og_description":"Annie Sloan s\u2019est inspir\u00e9e des int\u00e9rieurs anciens et modernes pour cr\u00e9er sa palette de violets. Les peintures Annie Sloan d\u00e9clinent cette couleur dans toutes les nuances dont vous pourriez avoir envie. Du taupe l\u00e9g\u00e8rement lilas de la teinte Adelphi aux tons riches aubergine de Tyrian Plum, vous trouverez le violet pour votre int\u00e9rieur.","og_url":"https:\/\/www.anniesloan.com\/fr\/peintures\/violets\/","og_site_name":"Annie Sloan FR","article_modified_time":"2023-07-12T13:58:47+00:00","twitter_card":"summary_large_image","twitter_misc":{"Dur\u00e9e de lecture estim\u00e9e":"1 minute"},"schema":{"@context":"https:\/\/schema.org","@graph":[{"@type":"WebPage","@id":"https:\/\/www.anniesloan.com\/fr\/peintures\/violets\/","url":"https:\/\/www.anniesloan.com\/fr\/peintures\/violets\/","name":"Violets | Annie Sloan FR","isPartOf":{"@id":"https:\/\/www.anniesloan.com\/fr\/#website"},"datePublished":"2022-03-21T15:17:11+00:00","dateModified":"2023-07-12T13:58:47+00:00","breadcrumb":{"@id":"https:\/\/www.anniesloan.com\/fr\/peintures\/violets\/#breadcrumb"},"inLanguage":"fr-FR","potentialAction":[{"@type":"ReadAction","target":["https:\/\/www.anniesloan.com\/fr\/peintures\/violets\/"]}]},{"@type":"BreadcrumbList","@id":"https:\/\/www.anniesloan.com\/fr\/peintures\/violets\/#breadcrumb","itemListElement":[{"@type":"ListItem","position":1,"name":"Toutes Les Couleurs","item":"https:\/\/www.anniesloan.com\/fr\/peintures\/"},{"@type":"ListItem","position":2,"name":"Violets"}]},{"@type":"WebSite","@id":"https:\/\/www.anniesloan.com\/fr\/#website","url":"https:\/\/www.anniesloan.com\/fr\/","name":"Annie Sloan FR","description":"Home of Chalk Paint","publisher":{"@id":"https:\/\/www.anniesloan.com\/fr\/#organization"},"potentialAction":[{"@type":"SearchAction","target":{"@type":"EntryPoint","urlTemplate":"https:\/\/www.anniesloan.com\/fr\/?s={search_term_string}"},"query-input":{"@type":"PropertyValueSpecification","valueRequired":true,"valueName":"search_term_string"}}],"inLanguage":"fr-FR"},{"@type":"Organization","@id":"https:\/\/www.anniesloan.com\/fr\/#organization","name":"Annie Sloan","url":"https:\/\/www.anniesloan.com\/fr\/","logo":{"@type":"ImageObject","inLanguage":"fr-FR","@id":"https:\/\/www.anniesloan.com\/fr\/#\/schema\/logo\/image\/","url":"https:\/\/www.anniesloan.com\/fr\/wp-content\/uploads\/sites\/4\/2021\/07\/anniesloan-logo.jpg","contentUrl":"https:\/\/www.anniesloan.com\/fr\/wp-content\/uploads\/sites\/4\/2021\/07\/anniesloan-logo.jpg","width":1200,"height":361,"caption":"Annie Sloan"},"image":{"@id":"https:\/\/www.anniesloan.com\/fr\/#\/schema\/logo\/image\/"}}]}},"_links":{"self":[{"href":"https:\/\/www.anniesloan.com\/fr\/wp-json\/wp\/v2\/pages\/37255","targetHints":{"allow":["GET"]}}],"collection":[{"href":"https:\/\/www.anniesloan.com\/fr\/wp-json\/wp\/v2\/pages"}],"about":[{"href":"https:\/\/www.anniesloan.com\/fr\/wp-json\/wp\/v2\/types\/page"}],"author":[{"embeddable":true,"href":"https:\/\/www.anniesloan.com\/fr\/wp-json\/wp\/v2\/users\/11"}],"replies":[{"embeddable":true,"href":"https:\/\/www.anniesloan.com\/fr\/wp-json\/wp\/v2\/comments?post=37255"}],"version-history":[{"count":0,"href":"https:\/\/www.anniesloan.com\/fr\/wp-json\/wp\/v2\/pages\/37255\/revisions"}],"up":[{"embeddable":true,"href":"https:\/\/www.anniesloan.com\/fr\/wp-json\/wp\/v2\/pages\/37246"}],"wp:attachment":[{"href":"https:\/\/www.anniesloan.com\/fr\/wp-json\/wp\/v2\/media?parent=37255"}],"curies":[{"name":"wp","href":"https:\/\/api.w.org\/{rel}","templated":true}]}}