{"id":37246,"date":"2022-03-24T09:50:05","date_gmt":"2022-03-24T09:50:05","guid":{"rendered":"https:\/\/www.anniesloan.com\/?page_id=105252"},"modified":"2024-11-26T11:08:38","modified_gmt":"2024-11-26T10:08:38","slug":"peintures","status":"publish","type":"page","link":"https:\/\/www.anniesloan.com\/fr\/peintures\/","title":{"rendered":"Toutes Les Couleurs"},"content":{"rendered":"<p><span style=\"font-weight: 400;\">Vous pouvez visualiser ici toutes les couleurs disponibles et s\u00e9lectionner la finition la mieux adapt\u00e9e \u00e0 votre projet. La gamme comprend 46 couleurs peinture \u00e0 la craie, 32 couleurs murales Annie Sloan Wall Paint et 16 nuances satin\u00e9es Annie Sloan Satin Paint. Certaines couleurs sont disponibles dans les trois formulations, d&#8217;autres non. Ces couleurs s&#8217;inspirent des connaissances approfondies d&#8217;Annie Sloan dans le domaine des beaux-arts, de son exp\u00e9rience en tant qu&#8217;experte en couleurs et de certains des plus beaux int\u00e9rieurs du monde.<\/span><\/p>\n","protected":false},"excerpt":{"rendered":"<p>Vous pouvez visualiser ici toutes les couleurs disponibles et s\u00e9lectionner la finition la mieux adapt\u00e9e \u00e0 votre projet. La gamme comprend 46 couleurs peinture \u00e0 la craie, 32 couleurs murales Annie Sloan Wall Paint et 16 nuances satin\u00e9es Annie Sloan Satin Paint. Certaines couleurs sont disponibles dans les trois formulations, d&#8217;autres non. Ces couleurs s&#8217;inspirent [&hellip;]<\/p>\n","protected":false},"author":11,"featured_media":37261,"parent":0,"menu_order":0,"comment_status":"closed","ping_status":"closed","template":"page-tpl-paints.php","meta":{"_acf_changed":false,"_relevanssi_hide_post":"","_relevanssi_hide_content":"","_relevanssi_pin_for_all":"","_relevanssi_pin_keywords":"","_relevanssi_unpin_keywords":"","_relevanssi_related_keywords":"","_relevanssi_related_include_ids":"","_relevanssi_related_exclude_ids":"","_relevanssi_related_no_append":"","_relevanssi_related_not_related":"","_relevanssi_related_posts":"","_relevanssi_noindex_reason":"","footnotes":""},"class_list":["post-37246","page","type-page","status-publish","has-post-thumbnail","hentry"],"acf":[],"yoast_head":"<!-- This site is optimized with the Yoast SEO Premium plugin v26.5 (Yoast SEO v26.5) - https:\/\/yoast.com\/wordpress\/plugins\/seo\/ -->\n<title>Toutes Les Couleurs | Annie Sloan<\/title>\n<meta name=\"description\" content=\"Vous pouvez visualiser ici toutes les couleurs disponibles et s\u00e9lectionner la finition la mieux adapt\u00e9e \u00e0 votre projet.\" \/>\n<meta name=\"robots\" content=\"index, follow, max-snippet:-1, max-image-preview:large, max-video-preview:-1\" \/>\n<link rel=\"canonical\" href=\"https:\/\/www.anniesloan.com\/fr\/peintures\/\" \/>\n<meta property=\"og:locale\" content=\"fr_FR\" \/>\n<meta property=\"og:type\" content=\"article\" \/>\n<meta property=\"og:title\" content=\"Toutes Les Couleurs\" \/>\n<meta property=\"og:description\" content=\"Vous pouvez visualiser ici toutes les couleurs disponibles et s\u00e9lectionner la finition la mieux adapt\u00e9e \u00e0 votre projet.\" \/>\n<meta property=\"og:url\" content=\"https:\/\/www.anniesloan.com\/fr\/peintures\/\" \/>\n<meta property=\"og:site_name\" content=\"Annie Sloan FR\" \/>\n<meta property=\"article:modified_time\" content=\"2024-11-26T10:08:38+00:00\" \/>\n<meta property=\"og:image\" content=\"https:\/\/www.anniesloan.com\/fr\/wp-content\/uploads\/sites\/4\/2020\/02\/220111_WIP_WallPaintAndBrush_StaticImage_1024x1024px.jpg\" \/>\n\t<meta property=\"og:image:width\" content=\"1024\" \/>\n\t<meta property=\"og:image:height\" content=\"1024\" \/>\n\t<meta property=\"og:image:type\" content=\"image\/jpeg\" \/>\n<meta name=\"twitter:card\" content=\"summary_large_image\" \/>\n<meta name=\"twitter:label1\" content=\"Dur\u00e9e de lecture estim\u00e9e\" \/>\n\t<meta name=\"twitter:data1\" content=\"1 minute\" \/>\n<script type=\"application\/ld+json\" class=\"yoast-schema-graph\">{\"@context\":\"https:\/\/schema.org\",\"@graph\":[{\"@type\":\"WebPage\",\"@id\":\"https:\/\/www.anniesloan.com\/fr\/peintures\/\",\"url\":\"https:\/\/www.anniesloan.com\/fr\/peintures\/\",\"name\":\"Toutes Les Couleurs | Annie Sloan\",\"isPartOf\":{\"@id\":\"https:\/\/www.anniesloan.com\/fr\/#website\"},\"primaryImageOfPage\":{\"@id\":\"https:\/\/www.anniesloan.com\/fr\/peintures\/#primaryimage\"},\"image\":{\"@id\":\"https:\/\/www.anniesloan.com\/fr\/peintures\/#primaryimage\"},\"thumbnailUrl\":\"https:\/\/www.anniesloan.com\/fr\/wp-content\/uploads\/sites\/4\/2020\/02\/220111_WIP_WallPaintAndBrush_StaticImage_1024x1024px.jpg\",\"datePublished\":\"2022-03-24T09:50:05+00:00\",\"dateModified\":\"2024-11-26T10:08:38+00:00\",\"description\":\"Vous pouvez visualiser ici toutes les couleurs disponibles et s\u00e9lectionner la finition la mieux adapt\u00e9e \u00e0 votre projet.\",\"inLanguage\":\"fr-FR\",\"potentialAction\":[{\"@type\":\"ReadAction\",\"target\":[\"https:\/\/www.anniesloan.com\/fr\/peintures\/\"]}]},{\"@type\":\"ImageObject\",\"inLanguage\":\"fr-FR\",\"@id\":\"https:\/\/www.anniesloan.com\/fr\/peintures\/#primaryimage\",\"url\":\"https:\/\/www.anniesloan.com\/fr\/wp-content\/uploads\/sites\/4\/2020\/02\/220111_WIP_WallPaintAndBrush_StaticImage_1024x1024px.jpg\",\"contentUrl\":\"https:\/\/www.anniesloan.com\/fr\/wp-content\/uploads\/sites\/4\/2020\/02\/220111_WIP_WallPaintAndBrush_StaticImage_1024x1024px.jpg\",\"width\":1024,\"height\":1024,\"caption\":\"Product Shot of Annie Sloan Wall Paint Brush being dipped in tin of Annie Sloan Wall Paint in Pointe Silk\"},{\"@type\":\"WebSite\",\"@id\":\"https:\/\/www.anniesloan.com\/fr\/#website\",\"url\":\"https:\/\/www.anniesloan.com\/fr\/\",\"name\":\"Annie Sloan FR\",\"description\":\"Home of Chalk Paint\",\"publisher\":{\"@id\":\"https:\/\/www.anniesloan.com\/fr\/#organization\"},\"potentialAction\":[{\"@type\":\"SearchAction\",\"target\":{\"@type\":\"EntryPoint\",\"urlTemplate\":\"https:\/\/www.anniesloan.com\/fr\/?s={search_term_string}\"},\"query-input\":{\"@type\":\"PropertyValueSpecification\",\"valueRequired\":true,\"valueName\":\"search_term_string\"}}],\"inLanguage\":\"fr-FR\"},{\"@type\":\"Organization\",\"@id\":\"https:\/\/www.anniesloan.com\/fr\/#organization\",\"name\":\"Annie Sloan\",\"url\":\"https:\/\/www.anniesloan.com\/fr\/\",\"logo\":{\"@type\":\"ImageObject\",\"inLanguage\":\"fr-FR\",\"@id\":\"https:\/\/www.anniesloan.com\/fr\/#\/schema\/logo\/image\/\",\"url\":\"https:\/\/www.anniesloan.com\/fr\/wp-content\/uploads\/sites\/4\/2021\/07\/anniesloan-logo.jpg\",\"contentUrl\":\"https:\/\/www.anniesloan.com\/fr\/wp-content\/uploads\/sites\/4\/2021\/07\/anniesloan-logo.jpg\",\"width\":1200,\"height\":361,\"caption\":\"Annie Sloan\"},\"image\":{\"@id\":\"https:\/\/www.anniesloan.com\/fr\/#\/schema\/logo\/image\/\"}}]}<\/script>\n<!-- \/ Yoast SEO Premium plugin. -->","yoast_head_json":{"title":"Toutes Les Couleurs | Annie Sloan","description":"Vous pouvez visualiser ici toutes les couleurs disponibles et s\u00e9lectionner la finition la mieux adapt\u00e9e \u00e0 votre projet.","robots":{"index":"index","follow":"follow","max-snippet":"max-snippet:-1","max-image-preview":"max-image-preview:large","max-video-preview":"max-video-preview:-1"},"canonical":"https:\/\/www.anniesloan.com\/fr\/peintures\/","og_locale":"fr_FR","og_type":"article","og_title":"Toutes Les Couleurs","og_description":"Vous pouvez visualiser ici toutes les couleurs disponibles et s\u00e9lectionner la finition la mieux adapt\u00e9e \u00e0 votre projet.","og_url":"https:\/\/www.anniesloan.com\/fr\/peintures\/","og_site_name":"Annie Sloan FR","article_modified_time":"2024-11-26T10:08:38+00:00","og_image":[{"width":1024,"height":1024,"url":"https:\/\/www.anniesloan.com\/fr\/wp-content\/uploads\/sites\/4\/2020\/02\/220111_WIP_WallPaintAndBrush_StaticImage_1024x1024px.jpg","type":"image\/jpeg"}],"twitter_card":"summary_large_image","twitter_misc":{"Dur\u00e9e de lecture estim\u00e9e":"1 minute"},"schema":{"@context":"https:\/\/schema.org","@graph":[{"@type":"WebPage","@id":"https:\/\/www.anniesloan.com\/fr\/peintures\/","url":"https:\/\/www.anniesloan.com\/fr\/peintures\/","name":"Toutes Les Couleurs | Annie Sloan","isPartOf":{"@id":"https:\/\/www.anniesloan.com\/fr\/#website"},"primaryImageOfPage":{"@id":"https:\/\/www.anniesloan.com\/fr\/peintures\/#primaryimage"},"image":{"@id":"https:\/\/www.anniesloan.com\/fr\/peintures\/#primaryimage"},"thumbnailUrl":"https:\/\/www.anniesloan.com\/fr\/wp-content\/uploads\/sites\/4\/2020\/02\/220111_WIP_WallPaintAndBrush_StaticImage_1024x1024px.jpg","datePublished":"2022-03-24T09:50:05+00:00","dateModified":"2024-11-26T10:08:38+00:00","description":"Vous pouvez visualiser ici toutes les couleurs disponibles et s\u00e9lectionner la finition la mieux adapt\u00e9e \u00e0 votre projet.","inLanguage":"fr-FR","potentialAction":[{"@type":"ReadAction","target":["https:\/\/www.anniesloan.com\/fr\/peintures\/"]}]},{"@type":"ImageObject","inLanguage":"fr-FR","@id":"https:\/\/www.anniesloan.com\/fr\/peintures\/#primaryimage","url":"https:\/\/www.anniesloan.com\/fr\/wp-content\/uploads\/sites\/4\/2020\/02\/220111_WIP_WallPaintAndBrush_StaticImage_1024x1024px.jpg","contentUrl":"https:\/\/www.anniesloan.com\/fr\/wp-content\/uploads\/sites\/4\/2020\/02\/220111_WIP_WallPaintAndBrush_StaticImage_1024x1024px.jpg","width":1024,"height":1024,"caption":"Product Shot of Annie Sloan Wall Paint Brush being dipped in tin of Annie Sloan Wall Paint in Pointe Silk"},{"@type":"WebSite","@id":"https:\/\/www.anniesloan.com\/fr\/#website","url":"https:\/\/www.anniesloan.com\/fr\/","name":"Annie Sloan FR","description":"Home of Chalk Paint","publisher":{"@id":"https:\/\/www.anniesloan.com\/fr\/#organization"},"potentialAction":[{"@type":"SearchAction","target":{"@type":"EntryPoint","urlTemplate":"https:\/\/www.anniesloan.com\/fr\/?s={search_term_string}"},"query-input":{"@type":"PropertyValueSpecification","valueRequired":true,"valueName":"search_term_string"}}],"inLanguage":"fr-FR"},{"@type":"Organization","@id":"https:\/\/www.anniesloan.com\/fr\/#organization","name":"Annie Sloan","url":"https:\/\/www.anniesloan.com\/fr\/","logo":{"@type":"ImageObject","inLanguage":"fr-FR","@id":"https:\/\/www.anniesloan.com\/fr\/#\/schema\/logo\/image\/","url":"https:\/\/www.anniesloan.com\/fr\/wp-content\/uploads\/sites\/4\/2021\/07\/anniesloan-logo.jpg","contentUrl":"https:\/\/www.anniesloan.com\/fr\/wp-content\/uploads\/sites\/4\/2021\/07\/anniesloan-logo.jpg","width":1200,"height":361,"caption":"Annie Sloan"},"image":{"@id":"https:\/\/www.anniesloan.com\/fr\/#\/schema\/logo\/image\/"}}]}},"_links":{"self":[{"href":"https:\/\/www.anniesloan.com\/fr\/wp-json\/wp\/v2\/pages\/37246","targetHints":{"allow":["GET"]}}],"collection":[{"href":"https:\/\/www.anniesloan.com\/fr\/wp-json\/wp\/v2\/pages"}],"about":[{"href":"https:\/\/www.anniesloan.com\/fr\/wp-json\/wp\/v2\/types\/page"}],"author":[{"embeddable":true,"href":"https:\/\/www.anniesloan.com\/fr\/wp-json\/wp\/v2\/users\/11"}],"replies":[{"embeddable":true,"href":"https:\/\/www.anniesloan.com\/fr\/wp-json\/wp\/v2\/comments?post=37246"}],"version-history":[{"count":0,"href":"https:\/\/www.anniesloan.com\/fr\/wp-json\/wp\/v2\/pages\/37246\/revisions"}],"wp:featuredmedia":[{"embeddable":true,"href":"https:\/\/www.anniesloan.com\/fr\/wp-json\/wp\/v2\/media\/37261"}],"wp:attachment":[{"href":"https:\/\/www.anniesloan.com\/fr\/wp-json\/wp\/v2\/media?parent=37246"}],"curies":[{"name":"wp","href":"https:\/\/api.w.org\/{rel}","templated":true}]}}