{"id":22254,"date":"2019-07-08T14:41:23","date_gmt":"2019-07-08T14:41:23","guid":{"rendered":"https:\/\/www.anniesloan.com\/contact\/"},"modified":"2026-01-29T10:12:53","modified_gmt":"2026-01-29T09:12:53","slug":"nous-contacter","status":"publish","type":"page","link":"https:\/\/www.anniesloan.com\/fr\/nous-contacter\/","title":{"rendered":"Nous contacter"},"content":{"rendered":"<p><strong>Pour la questions d&#8217;ordre g\u00e9n\u00e9ral:<br \/>\n<\/strong><\/p>\n<p><strong>France:<\/strong><br \/>\nT\u00e9l\u00e9phone: +49 651 9822 9920<br \/>\nE-mail: europe@anniesloan.com<\/p>\n<p><strong>Europe (ET, ES, FI, IE, IT, LT, LV, NO &amp; PT) :<br \/>\n<\/strong>T\u00e9l\u00e9phone: +49 651 9822 9920<br \/>\nE-mail: europe@anniesloan.com<\/p>\n<p>Europe (AU, BE, DE, LU, NL &amp; PL) :<br \/>\nT\u00e9l\u00e9phone: +31 (0) 33 253 35 90<br \/>\nE-mail: info@clipbv.com<\/p>\n<p><strong>Suisse:<\/strong><br \/>\nT\u00e9l\u00e9phone: +41 33 853 07 65<br \/>\nE-mail: info@anniesloan.ch<\/p>\n<p><strong>Pour la commandes en ligne:<br \/>\n<\/strong>T\u00e9l\u00e9phone : +49 651 9822 9920<br \/>\nE-mail : europe@anniesloan.com<br \/>\n<em>Les horaires d&#8217;ouverture sont les suivants : du lundi au vendredi de 8 h 30 \u00e0 16h 30<\/em><\/p>\n<p><strong>S\u00e9curit\u00e9 des produits Contact :<\/strong><\/p>\n<p>Pour toute question concernant la s\u00e9curit\u00e9 des produits, veuillez envoyer un courrier \u00e9lectronique \u00e0 l&#8217;adresse suivante : europe@anniesloan.com<\/p>\n<p>Annie Sloan Interiors Ltd est une soci\u00e9t\u00e9 britannique bas\u00e9e \u00e0 Oxford. Vous pouvez nous trouver \u00e0:<\/p>\n<p>Unit 1, Ashville Way,<br \/>\nOxford<br \/>\nOX4 6TU<br \/>\nAngleterre<\/p>\n<p><strong>Pou la presse et les m\u00e9dias:<br \/>\n<\/strong>Consultez notre page <a href=\"\/fr\/a-propos\/presse\/\">contacts presse<\/a>.<\/p>\n","protected":false},"excerpt":{"rendered":"<p>Pour la questions d&#8217;ordre g\u00e9n\u00e9ral: France: T\u00e9l\u00e9phone: +49 651 9822 9920 E-mail: europe@anniesloan.com Europe (ET, ES, FI, IE, IT, LT, LV, NO &amp; PT) : T\u00e9l\u00e9phone: +49 651 9822 9920 E-mail: europe@anniesloan.com Europe (AU, BE, DE, LU, NL &amp; PL) : T\u00e9l\u00e9phone: +31 (0) 33 253 35 90 E-mail: info@clipbv.com Suisse: T\u00e9l\u00e9phone: +41 33 853 [&hellip;]<\/p>\n","protected":false},"author":2,"featured_media":22255,"parent":0,"menu_order":0,"comment_status":"open","ping_status":"open","template":"tpl-contact.php","meta":{"_acf_changed":false,"_relevanssi_hide_post":"","_relevanssi_hide_content":"","_relevanssi_pin_for_all":"","_relevanssi_pin_keywords":"","_relevanssi_unpin_keywords":"","_relevanssi_related_keywords":"","_relevanssi_related_include_ids":"","_relevanssi_related_exclude_ids":"","_relevanssi_related_no_append":"","_relevanssi_related_not_related":"","_relevanssi_related_posts":"","_relevanssi_noindex_reason":"","footnotes":""},"class_list":["post-22254","page","type-page","status-publish","has-post-thumbnail","hentry"],"acf":[],"yoast_head":"<!-- This site is optimized with the Yoast SEO Premium plugin v26.5 (Yoast SEO v26.5) - https:\/\/yoast.com\/wordpress\/plugins\/seo\/ -->\n<title>Nous contacter | Annie Sloan FR<\/title>\n<meta name=\"description\" content=\"Voici les coordonn\u00e9es n\u00e9cessaires pour contacter Annie Sloan.\" \/>\n<meta name=\"robots\" content=\"index, follow, max-snippet:-1, max-image-preview:large, max-video-preview:-1\" \/>\n<link rel=\"canonical\" href=\"https:\/\/www.anniesloan.com\/fr\/nous-contacter\/\" \/>\n<meta property=\"og:locale\" content=\"fr_FR\" \/>\n<meta property=\"og:type\" content=\"article\" \/>\n<meta property=\"og:title\" content=\"Nous contacter\" \/>\n<meta property=\"og:description\" content=\"Voici les coordonn\u00e9es n\u00e9cessaires pour contacter Annie Sloan.\" \/>\n<meta property=\"og:url\" content=\"https:\/\/www.anniesloan.com\/fr\/nous-contacter\/\" \/>\n<meta property=\"og:site_name\" content=\"Annie Sloan FR\" \/>\n<meta property=\"article:modified_time\" content=\"2026-01-29T09:12:53+00:00\" \/>\n<meta property=\"og:image\" content=\"https:\/\/www.anniesloan.com\/fr\/wp-content\/uploads\/sites\/4\/2021\/05\/Annie-Sloan-sipping-coffee-in-a-shop-in-Oxford-Contact-Us-2000-2-scaled-1.jpg\" \/>\n\t<meta property=\"og:image:width\" content=\"770\" \/>\n\t<meta property=\"og:image:height\" content=\"1024\" \/>\n\t<meta property=\"og:image:type\" content=\"image\/jpeg\" \/>\n<meta name=\"twitter:card\" content=\"summary_large_image\" \/>\n<meta name=\"twitter:label1\" content=\"Dur\u00e9e de lecture estim\u00e9e\" \/>\n\t<meta name=\"twitter:data1\" content=\"1 minute\" \/>\n<script type=\"application\/ld+json\" class=\"yoast-schema-graph\">{\"@context\":\"https:\/\/schema.org\",\"@graph\":[{\"@type\":\"WebPage\",\"@id\":\"https:\/\/www.anniesloan.com\/fr\/nous-contacter\/\",\"url\":\"https:\/\/www.anniesloan.com\/fr\/nous-contacter\/\",\"name\":\"Nous contacter | Annie Sloan FR\",\"isPartOf\":{\"@id\":\"https:\/\/www.anniesloan.com\/fr\/#website\"},\"primaryImageOfPage\":{\"@id\":\"https:\/\/www.anniesloan.com\/fr\/nous-contacter\/#primaryimage\"},\"image\":{\"@id\":\"https:\/\/www.anniesloan.com\/fr\/nous-contacter\/#primaryimage\"},\"thumbnailUrl\":\"https:\/\/www.anniesloan.com\/fr\/wp-content\/uploads\/sites\/4\/2021\/05\/Annie-Sloan-sipping-coffee-in-a-shop-in-Oxford-Contact-Us-2000-2-scaled-1.jpg\",\"datePublished\":\"2019-07-08T14:41:23+00:00\",\"dateModified\":\"2026-01-29T09:12:53+00:00\",\"description\":\"Voici les coordonn\u00e9es n\u00e9cessaires pour contacter Annie Sloan.\",\"inLanguage\":\"fr-FR\",\"potentialAction\":[{\"@type\":\"ReadAction\",\"target\":[\"https:\/\/www.anniesloan.com\/fr\/nous-contacter\/\"]}]},{\"@type\":\"ImageObject\",\"inLanguage\":\"fr-FR\",\"@id\":\"https:\/\/www.anniesloan.com\/fr\/nous-contacter\/#primaryimage\",\"url\":\"https:\/\/www.anniesloan.com\/fr\/wp-content\/uploads\/sites\/4\/2021\/05\/Annie-Sloan-sipping-coffee-in-a-shop-in-Oxford-Contact-Us-2000-2-scaled-1.jpg\",\"contentUrl\":\"https:\/\/www.anniesloan.com\/fr\/wp-content\/uploads\/sites\/4\/2021\/05\/Annie-Sloan-sipping-coffee-in-a-shop-in-Oxford-Contact-Us-2000-2-scaled-1.jpg\",\"width\":770,\"height\":1024,\"caption\":\"Annie Sloan at a cafe in Oxford sipping coffee contact us\"},{\"@type\":\"WebSite\",\"@id\":\"https:\/\/www.anniesloan.com\/fr\/#website\",\"url\":\"https:\/\/www.anniesloan.com\/fr\/\",\"name\":\"Annie Sloan FR\",\"description\":\"Home of Chalk Paint\",\"publisher\":{\"@id\":\"https:\/\/www.anniesloan.com\/fr\/#organization\"},\"potentialAction\":[{\"@type\":\"SearchAction\",\"target\":{\"@type\":\"EntryPoint\",\"urlTemplate\":\"https:\/\/www.anniesloan.com\/fr\/?s={search_term_string}\"},\"query-input\":{\"@type\":\"PropertyValueSpecification\",\"valueRequired\":true,\"valueName\":\"search_term_string\"}}],\"inLanguage\":\"fr-FR\"},{\"@type\":\"Organization\",\"@id\":\"https:\/\/www.anniesloan.com\/fr\/#organization\",\"name\":\"Annie Sloan\",\"url\":\"https:\/\/www.anniesloan.com\/fr\/\",\"logo\":{\"@type\":\"ImageObject\",\"inLanguage\":\"fr-FR\",\"@id\":\"https:\/\/www.anniesloan.com\/fr\/#\/schema\/logo\/image\/\",\"url\":\"https:\/\/www.anniesloan.com\/fr\/wp-content\/uploads\/sites\/4\/2021\/07\/anniesloan-logo.jpg\",\"contentUrl\":\"https:\/\/www.anniesloan.com\/fr\/wp-content\/uploads\/sites\/4\/2021\/07\/anniesloan-logo.jpg\",\"width\":1200,\"height\":361,\"caption\":\"Annie Sloan\"},\"image\":{\"@id\":\"https:\/\/www.anniesloan.com\/fr\/#\/schema\/logo\/image\/\"}}]}<\/script>\n<!-- \/ Yoast SEO Premium plugin. -->","yoast_head_json":{"title":"Nous contacter | Annie Sloan FR","description":"Voici les coordonn\u00e9es n\u00e9cessaires pour contacter Annie Sloan.","robots":{"index":"index","follow":"follow","max-snippet":"max-snippet:-1","max-image-preview":"max-image-preview:large","max-video-preview":"max-video-preview:-1"},"canonical":"https:\/\/www.anniesloan.com\/fr\/nous-contacter\/","og_locale":"fr_FR","og_type":"article","og_title":"Nous contacter","og_description":"Voici les coordonn\u00e9es n\u00e9cessaires pour contacter Annie Sloan.","og_url":"https:\/\/www.anniesloan.com\/fr\/nous-contacter\/","og_site_name":"Annie Sloan FR","article_modified_time":"2026-01-29T09:12:53+00:00","og_image":[{"width":770,"height":1024,"url":"https:\/\/www.anniesloan.com\/fr\/wp-content\/uploads\/sites\/4\/2021\/05\/Annie-Sloan-sipping-coffee-in-a-shop-in-Oxford-Contact-Us-2000-2-scaled-1.jpg","type":"image\/jpeg"}],"twitter_card":"summary_large_image","twitter_misc":{"Dur\u00e9e de lecture estim\u00e9e":"1 minute"},"schema":{"@context":"https:\/\/schema.org","@graph":[{"@type":"WebPage","@id":"https:\/\/www.anniesloan.com\/fr\/nous-contacter\/","url":"https:\/\/www.anniesloan.com\/fr\/nous-contacter\/","name":"Nous contacter | Annie Sloan FR","isPartOf":{"@id":"https:\/\/www.anniesloan.com\/fr\/#website"},"primaryImageOfPage":{"@id":"https:\/\/www.anniesloan.com\/fr\/nous-contacter\/#primaryimage"},"image":{"@id":"https:\/\/www.anniesloan.com\/fr\/nous-contacter\/#primaryimage"},"thumbnailUrl":"https:\/\/www.anniesloan.com\/fr\/wp-content\/uploads\/sites\/4\/2021\/05\/Annie-Sloan-sipping-coffee-in-a-shop-in-Oxford-Contact-Us-2000-2-scaled-1.jpg","datePublished":"2019-07-08T14:41:23+00:00","dateModified":"2026-01-29T09:12:53+00:00","description":"Voici les coordonn\u00e9es n\u00e9cessaires pour contacter Annie Sloan.","inLanguage":"fr-FR","potentialAction":[{"@type":"ReadAction","target":["https:\/\/www.anniesloan.com\/fr\/nous-contacter\/"]}]},{"@type":"ImageObject","inLanguage":"fr-FR","@id":"https:\/\/www.anniesloan.com\/fr\/nous-contacter\/#primaryimage","url":"https:\/\/www.anniesloan.com\/fr\/wp-content\/uploads\/sites\/4\/2021\/05\/Annie-Sloan-sipping-coffee-in-a-shop-in-Oxford-Contact-Us-2000-2-scaled-1.jpg","contentUrl":"https:\/\/www.anniesloan.com\/fr\/wp-content\/uploads\/sites\/4\/2021\/05\/Annie-Sloan-sipping-coffee-in-a-shop-in-Oxford-Contact-Us-2000-2-scaled-1.jpg","width":770,"height":1024,"caption":"Annie Sloan at a cafe in Oxford sipping coffee contact us"},{"@type":"WebSite","@id":"https:\/\/www.anniesloan.com\/fr\/#website","url":"https:\/\/www.anniesloan.com\/fr\/","name":"Annie Sloan FR","description":"Home of Chalk Paint","publisher":{"@id":"https:\/\/www.anniesloan.com\/fr\/#organization"},"potentialAction":[{"@type":"SearchAction","target":{"@type":"EntryPoint","urlTemplate":"https:\/\/www.anniesloan.com\/fr\/?s={search_term_string}"},"query-input":{"@type":"PropertyValueSpecification","valueRequired":true,"valueName":"search_term_string"}}],"inLanguage":"fr-FR"},{"@type":"Organization","@id":"https:\/\/www.anniesloan.com\/fr\/#organization","name":"Annie Sloan","url":"https:\/\/www.anniesloan.com\/fr\/","logo":{"@type":"ImageObject","inLanguage":"fr-FR","@id":"https:\/\/www.anniesloan.com\/fr\/#\/schema\/logo\/image\/","url":"https:\/\/www.anniesloan.com\/fr\/wp-content\/uploads\/sites\/4\/2021\/07\/anniesloan-logo.jpg","contentUrl":"https:\/\/www.anniesloan.com\/fr\/wp-content\/uploads\/sites\/4\/2021\/07\/anniesloan-logo.jpg","width":1200,"height":361,"caption":"Annie Sloan"},"image":{"@id":"https:\/\/www.anniesloan.com\/fr\/#\/schema\/logo\/image\/"}}]}},"_links":{"self":[{"href":"https:\/\/www.anniesloan.com\/fr\/wp-json\/wp\/v2\/pages\/22254","targetHints":{"allow":["GET"]}}],"collection":[{"href":"https:\/\/www.anniesloan.com\/fr\/wp-json\/wp\/v2\/pages"}],"about":[{"href":"https:\/\/www.anniesloan.com\/fr\/wp-json\/wp\/v2\/types\/page"}],"author":[{"embeddable":true,"href":"https:\/\/www.anniesloan.com\/fr\/wp-json\/wp\/v2\/users\/2"}],"replies":[{"embeddable":true,"href":"https:\/\/www.anniesloan.com\/fr\/wp-json\/wp\/v2\/comments?post=22254"}],"version-history":[{"count":0,"href":"https:\/\/www.anniesloan.com\/fr\/wp-json\/wp\/v2\/pages\/22254\/revisions"}],"wp:featuredmedia":[{"embeddable":true,"href":"https:\/\/www.anniesloan.com\/fr\/wp-json\/wp\/v2\/media\/22255"}],"wp:attachment":[{"href":"https:\/\/www.anniesloan.com\/fr\/wp-json\/wp\/v2\/media?parent=22254"}],"curies":[{"name":"wp","href":"https:\/\/api.w.org\/{rel}","templated":true}]}}