{"id":21745,"date":"2020-02-10T10:12:33","date_gmt":"2020-02-10T10:12:33","guid":{"rendered":"https:\/\/www.anniesloan.com\/eu\/product\/colour-recipes-swedish\/"},"modified":"2025-12-11T14:32:05","modified_gmt":"2025-12-11T13:32:05","slug":"colour-recipes-swedish","status":"publish","type":"product","link":"https:\/\/www.anniesloan.com\/eu\/product\/books\/colour-recipes-swedish\/","title":{"rendered":"Colour Recipes &#8211; Swedish"},"content":{"rendered":"","protected":false},"excerpt":{"rendered":"<h3>F\u00e4rgblandningar f\u00f6r att M\u00e5la M\u00f6bler<\/h3>\n<p>Annie Sloan\u2019s renowned book Colour Recipes for Painted Furniture and more, translated in Swedish.<\/p>\n<p>En ny samling med 40 steg-f\u00f6r-steg-projekt utformade av den ber\u00f6mda f\u00e4rgexperten Annie Sloan. Inredningsid\u00e9er som g\u00e4ller allt fr\u00e5n att m\u00e5la bord, stolar, s\u00e4nggavlar och byr\u00e5er till att m\u00e5la v\u00e4ggar, golv och d\u00f6rrar. L\u00e4r dig att m\u00e5la, f\u00f6rgylla, vaxa, f\u00e4rga, schablonm\u00e5la och trycka.<\/p>\n<p>Published by CICO Books with commissioned photography by Christopher Drake.<\/p>\n","protected":false},"featured_media":21746,"template":"","meta":{"_acf_changed":false,"_relevanssi_hide_post":"","_relevanssi_hide_content":"","_relevanssi_pin_for_all":"","_relevanssi_pin_keywords":"","_relevanssi_unpin_keywords":"","_relevanssi_related_keywords":"","_relevanssi_related_include_ids":"","_relevanssi_related_exclude_ids":"","_relevanssi_related_no_append":"","_relevanssi_related_not_related":"","_relevanssi_related_posts":"","_relevanssi_noindex_reason":""},"product_brand":[],"product_cat":[66],"product_tag":[],"class_list":{"0":"post-21745","1":"product","2":"type-product","3":"status-publish","4":"has-post-thumbnail","6":"product_cat-books","8":"first","9":"instock","10":"taxable","11":"shipping-taxable","12":"purchasable","13":"product-type-simple"},"acf":[],"yoast_head":"<!-- This site is optimized with the Yoast SEO Premium plugin v26.5 (Yoast SEO v26.5) - https:\/\/yoast.com\/wordpress\/plugins\/seo\/ -->\n<title>Colour Recipes in Swedish | Translated Books | Annie Sloan<\/title>\n<meta name=\"description\" content=\"Annie Sloan&#039;s renowned book Colour Recipes for Painted Furniture and more, translated in Swedish.\" \/>\n<meta name=\"robots\" content=\"index, follow, max-snippet:-1, max-image-preview:large, max-video-preview:-1\" \/>\n<link rel=\"canonical\" href=\"https:\/\/www.anniesloan.com\/eu\/product\/books\/colour-recipes-swedish\/\" \/>\n<meta property=\"og:locale\" content=\"en_GB\" \/>\n<meta property=\"og:type\" content=\"article\" \/>\n<meta property=\"og:title\" content=\"Colour Recipes - Swedish\" \/>\n<meta property=\"og:description\" content=\"Annie Sloan&#039;s renowned book Colour Recipes for Painted Furniture and more, translated in Swedish.\" \/>\n<meta property=\"og:url\" content=\"https:\/\/www.anniesloan.com\/eu\/product\/books\/colour-recipes-swedish\/\" \/>\n<meta property=\"og:site_name\" content=\"Annie Sloan EU\" \/>\n<meta property=\"article:publisher\" content=\"https:\/\/www.facebook.com\/AnnieSloanHome\" \/>\n<meta property=\"article:modified_time\" content=\"2025-12-11T13:32:05+00:00\" \/>\n<meta property=\"og:image\" content=\"https:\/\/www.anniesloan.com\/eu\/wp-content\/uploads\/sites\/8\/2021\/05\/Colour-Recipes-for-Painted-Furniture-and-More-by-Annie-Sloan-book-published-by-Cico-front-cover-Swedish-2500.jpg\" \/>\n\t<meta property=\"og:image:width\" content=\"1280\" \/>\n\t<meta property=\"og:image:height\" content=\"1024\" \/>\n\t<meta property=\"og:image:type\" content=\"image\/jpeg\" \/>\n<meta name=\"twitter:card\" content=\"summary_large_image\" \/>\n<meta name=\"twitter:site\" content=\"@AnnieSloanHome\" \/>\n<meta name=\"twitter:label1\" content=\"Price\" \/>\n\t<meta name=\"twitter:data1\" content=\"19.95&euro;\" \/>\n\t<meta name=\"twitter:label2\" content=\"Availability\" \/>\n\t<meta name=\"twitter:data2\" content=\"In stock\" \/>\n<script type=\"application\/ld+json\" class=\"yoast-schema-graph\">{\"@context\":\"https:\/\/schema.org\",\"@graph\":[{\"@type\":\"WebPage\",\"@id\":\"https:\/\/www.anniesloan.com\/eu\/product\/books\/colour-recipes-swedish\/\",\"url\":\"https:\/\/www.anniesloan.com\/eu\/product\/books\/colour-recipes-swedish\/\",\"name\":\"Colour Recipes in Swedish | Translated Books | Annie Sloan\",\"isPartOf\":{\"@id\":\"https:\/\/www.anniesloan.com\/eu\/#website\"},\"primaryImageOfPage\":{\"@id\":\"https:\/\/www.anniesloan.com\/eu\/product\/books\/colour-recipes-swedish\/#primaryimage\"},\"image\":{\"@id\":\"https:\/\/www.anniesloan.com\/eu\/product\/books\/colour-recipes-swedish\/#primaryimage\"},\"thumbnailUrl\":\"https:\/\/www.anniesloan.com\/eu\/wp-content\/uploads\/sites\/8\/2021\/05\/Colour-Recipes-for-Painted-Furniture-and-More-by-Annie-Sloan-book-published-by-Cico-front-cover-Swedish-2500.jpg\",\"datePublished\":\"2020-02-10T10:12:33+00:00\",\"dateModified\":\"2025-12-11T13:32:05+00:00\",\"description\":\"Annie Sloan's renowned book Colour Recipes for Painted Furniture and more, translated in Swedish.\",\"breadcrumb\":{\"@id\":\"https:\/\/www.anniesloan.com\/eu\/product\/books\/colour-recipes-swedish\/#breadcrumb\"},\"inLanguage\":\"en-GB\",\"potentialAction\":[{\"@type\":\"ReadAction\",\"target\":[\"https:\/\/www.anniesloan.com\/eu\/product\/books\/colour-recipes-swedish\/\"]}]},{\"@type\":\"ImageObject\",\"inLanguage\":\"en-GB\",\"@id\":\"https:\/\/www.anniesloan.com\/eu\/product\/books\/colour-recipes-swedish\/#primaryimage\",\"url\":\"https:\/\/www.anniesloan.com\/eu\/wp-content\/uploads\/sites\/8\/2021\/05\/Colour-Recipes-for-Painted-Furniture-and-More-by-Annie-Sloan-book-published-by-Cico-front-cover-Swedish-2500.jpg\",\"contentUrl\":\"https:\/\/www.anniesloan.com\/eu\/wp-content\/uploads\/sites\/8\/2021\/05\/Colour-Recipes-for-Painted-Furniture-and-More-by-Annie-Sloan-book-published-by-Cico-front-cover-Swedish-2500.jpg\",\"width\":1280,\"height\":1024,\"caption\":\"Colour Recipes for Painted Furniture and More by Annie Sloan book published by Cico front cover translated to Swedish\"},{\"@type\":\"BreadcrumbList\",\"@id\":\"https:\/\/www.anniesloan.com\/eu\/product\/books\/colour-recipes-swedish\/#breadcrumb\",\"itemListElement\":[{\"@type\":\"ListItem\",\"position\":1,\"name\":\"Annie Sloan Paint &amp; Products\",\"item\":\"https:\/\/www.anniesloan.com\/eu\/products\/\"},{\"@type\":\"ListItem\",\"position\":2,\"name\":\"Books\",\"item\":\"https:\/\/www.anniesloan.com\/eu\/products\/books\/\"},{\"@type\":\"ListItem\",\"position\":3,\"name\":\"Colour Recipes &#8211; Swedish\"}]},{\"@type\":\"WebSite\",\"@id\":\"https:\/\/www.anniesloan.com\/eu\/#website\",\"url\":\"https:\/\/www.anniesloan.com\/eu\/\",\"name\":\"Annie Sloan EU\",\"description\":\"Home of Chalk Paint\u2122\",\"publisher\":{\"@id\":\"https:\/\/www.anniesloan.com\/eu\/#organization\"},\"potentialAction\":[{\"@type\":\"SearchAction\",\"target\":{\"@type\":\"EntryPoint\",\"urlTemplate\":\"https:\/\/www.anniesloan.com\/eu\/?s={search_term_string}\"},\"query-input\":{\"@type\":\"PropertyValueSpecification\",\"valueRequired\":true,\"valueName\":\"search_term_string\"}}],\"inLanguage\":\"en-GB\"},{\"@type\":\"Organization\",\"@id\":\"https:\/\/www.anniesloan.com\/eu\/#organization\",\"name\":\"Annie Sloan\",\"url\":\"https:\/\/www.anniesloan.com\/eu\/\",\"logo\":{\"@type\":\"ImageObject\",\"inLanguage\":\"en-GB\",\"@id\":\"https:\/\/www.anniesloan.com\/eu\/#\/schema\/logo\/image\/\",\"url\":\"https:\/\/www.anniesloan.com\/wp-content\/uploads\/2021\/07\/anniesloan-logo.jpg\",\"contentUrl\":\"https:\/\/www.anniesloan.com\/wp-content\/uploads\/2021\/07\/anniesloan-logo.jpg\",\"width\":1200,\"height\":361,\"caption\":\"Annie Sloan\"},\"image\":{\"@id\":\"https:\/\/www.anniesloan.com\/eu\/#\/schema\/logo\/image\/\"},\"sameAs\":[\"https:\/\/www.facebook.com\/AnnieSloanHome\",\"https:\/\/x.com\/AnnieSloanHome\",\"https:\/\/www.instagram.com\/anniesloanhome\/\",\"https:\/\/www.pinterest.co.uk\/anniesloanhome\/_created\/\",\"https:\/\/www.youtube.com\/AnnieSloanHome\"]}]}<\/script>\n<meta property=\"product:price:amount\" content=\"19.95\" \/>\n<meta property=\"product:price:currency\" content=\"EUR\" \/>\n<meta property=\"og:availability\" content=\"instock\" \/>\n<meta property=\"product:availability\" content=\"instock\" \/>\n<meta property=\"product:retailer_item_id\" content=\"BREC051.SW01.01\" \/>\n<meta property=\"product:condition\" content=\"new\" \/>\n<!-- \/ Yoast SEO Premium plugin. -->","yoast_head_json":{"title":"Colour Recipes in Swedish | Translated Books | Annie Sloan","description":"Annie Sloan's renowned book Colour Recipes for Painted Furniture and more, translated in Swedish.","robots":{"index":"index","follow":"follow","max-snippet":"max-snippet:-1","max-image-preview":"max-image-preview:large","max-video-preview":"max-video-preview:-1"},"canonical":"https:\/\/www.anniesloan.com\/eu\/product\/books\/colour-recipes-swedish\/","og_locale":"en_GB","og_type":"article","og_title":"Colour Recipes - Swedish","og_description":"Annie Sloan's renowned book Colour Recipes for Painted Furniture and more, translated in Swedish.","og_url":"https:\/\/www.anniesloan.com\/eu\/product\/books\/colour-recipes-swedish\/","og_site_name":"Annie Sloan EU","article_publisher":"https:\/\/www.facebook.com\/AnnieSloanHome","article_modified_time":"2025-12-11T13:32:05+00:00","og_image":[{"width":1280,"height":1024,"url":"https:\/\/www.anniesloan.com\/eu\/wp-content\/uploads\/sites\/8\/2021\/05\/Colour-Recipes-for-Painted-Furniture-and-More-by-Annie-Sloan-book-published-by-Cico-front-cover-Swedish-2500.jpg","type":"image\/jpeg"}],"twitter_card":"summary_large_image","twitter_site":"@AnnieSloanHome","twitter_misc":{"Price":"19.95&euro;","Availability":"In stock"},"schema":{"@context":"https:\/\/schema.org","@graph":[{"@type":"WebPage","@id":"https:\/\/www.anniesloan.com\/eu\/product\/books\/colour-recipes-swedish\/","url":"https:\/\/www.anniesloan.com\/eu\/product\/books\/colour-recipes-swedish\/","name":"Colour Recipes in Swedish | Translated Books | Annie Sloan","isPartOf":{"@id":"https:\/\/www.anniesloan.com\/eu\/#website"},"primaryImageOfPage":{"@id":"https:\/\/www.anniesloan.com\/eu\/product\/books\/colour-recipes-swedish\/#primaryimage"},"image":{"@id":"https:\/\/www.anniesloan.com\/eu\/product\/books\/colour-recipes-swedish\/#primaryimage"},"thumbnailUrl":"https:\/\/www.anniesloan.com\/eu\/wp-content\/uploads\/sites\/8\/2021\/05\/Colour-Recipes-for-Painted-Furniture-and-More-by-Annie-Sloan-book-published-by-Cico-front-cover-Swedish-2500.jpg","datePublished":"2020-02-10T10:12:33+00:00","dateModified":"2025-12-11T13:32:05+00:00","description":"Annie Sloan's renowned book Colour Recipes for Painted Furniture and more, translated in Swedish.","breadcrumb":{"@id":"https:\/\/www.anniesloan.com\/eu\/product\/books\/colour-recipes-swedish\/#breadcrumb"},"inLanguage":"en-GB","potentialAction":[{"@type":"ReadAction","target":["https:\/\/www.anniesloan.com\/eu\/product\/books\/colour-recipes-swedish\/"]}]},{"@type":"ImageObject","inLanguage":"en-GB","@id":"https:\/\/www.anniesloan.com\/eu\/product\/books\/colour-recipes-swedish\/#primaryimage","url":"https:\/\/www.anniesloan.com\/eu\/wp-content\/uploads\/sites\/8\/2021\/05\/Colour-Recipes-for-Painted-Furniture-and-More-by-Annie-Sloan-book-published-by-Cico-front-cover-Swedish-2500.jpg","contentUrl":"https:\/\/www.anniesloan.com\/eu\/wp-content\/uploads\/sites\/8\/2021\/05\/Colour-Recipes-for-Painted-Furniture-and-More-by-Annie-Sloan-book-published-by-Cico-front-cover-Swedish-2500.jpg","width":1280,"height":1024,"caption":"Colour Recipes for Painted Furniture and More by Annie Sloan book published by Cico front cover translated to Swedish"},{"@type":"BreadcrumbList","@id":"https:\/\/www.anniesloan.com\/eu\/product\/books\/colour-recipes-swedish\/#breadcrumb","itemListElement":[{"@type":"ListItem","position":1,"name":"Annie Sloan Paint &amp; Products","item":"https:\/\/www.anniesloan.com\/eu\/products\/"},{"@type":"ListItem","position":2,"name":"Books","item":"https:\/\/www.anniesloan.com\/eu\/products\/books\/"},{"@type":"ListItem","position":3,"name":"Colour Recipes &#8211; Swedish"}]},{"@type":"WebSite","@id":"https:\/\/www.anniesloan.com\/eu\/#website","url":"https:\/\/www.anniesloan.com\/eu\/","name":"Annie Sloan EU","description":"Home of Chalk Paint\u2122","publisher":{"@id":"https:\/\/www.anniesloan.com\/eu\/#organization"},"potentialAction":[{"@type":"SearchAction","target":{"@type":"EntryPoint","urlTemplate":"https:\/\/www.anniesloan.com\/eu\/?s={search_term_string}"},"query-input":{"@type":"PropertyValueSpecification","valueRequired":true,"valueName":"search_term_string"}}],"inLanguage":"en-GB"},{"@type":"Organization","@id":"https:\/\/www.anniesloan.com\/eu\/#organization","name":"Annie Sloan","url":"https:\/\/www.anniesloan.com\/eu\/","logo":{"@type":"ImageObject","inLanguage":"en-GB","@id":"https:\/\/www.anniesloan.com\/eu\/#\/schema\/logo\/image\/","url":"https:\/\/www.anniesloan.com\/wp-content\/uploads\/2021\/07\/anniesloan-logo.jpg","contentUrl":"https:\/\/www.anniesloan.com\/wp-content\/uploads\/2021\/07\/anniesloan-logo.jpg","width":1200,"height":361,"caption":"Annie Sloan"},"image":{"@id":"https:\/\/www.anniesloan.com\/eu\/#\/schema\/logo\/image\/"},"sameAs":["https:\/\/www.facebook.com\/AnnieSloanHome","https:\/\/x.com\/AnnieSloanHome","https:\/\/www.instagram.com\/anniesloanhome\/","https:\/\/www.pinterest.co.uk\/anniesloanhome\/_created\/","https:\/\/www.youtube.com\/AnnieSloanHome"]}]},"product_price_amount":"19.95","product_price_currency":"EUR","og_availability":"instock","product_availability":"instock","product_retailer_item_id":"BREC051.SW01.01","product_condition":"new"},"_links":{"self":[{"href":"https:\/\/www.anniesloan.com\/eu\/wp-json\/wp\/v2\/product\/21745","targetHints":{"allow":["GET"]}}],"collection":[{"href":"https:\/\/www.anniesloan.com\/eu\/wp-json\/wp\/v2\/product"}],"about":[{"href":"https:\/\/www.anniesloan.com\/eu\/wp-json\/wp\/v2\/types\/product"}],"wp:featuredmedia":[{"embeddable":true,"href":"https:\/\/www.anniesloan.com\/eu\/wp-json\/wp\/v2\/media\/21746"}],"wp:attachment":[{"href":"https:\/\/www.anniesloan.com\/eu\/wp-json\/wp\/v2\/media?parent=21745"}],"wp:term":[{"taxonomy":"product_brand","embeddable":true,"href":"https:\/\/www.anniesloan.com\/eu\/wp-json\/wp\/v2\/product_brand?post=21745"},{"taxonomy":"product_cat","embeddable":true,"href":"https:\/\/www.anniesloan.com\/eu\/wp-json\/wp\/v2\/product_cat?post=21745"},{"taxonomy":"product_tag","embeddable":true,"href":"https:\/\/www.anniesloan.com\/eu\/wp-json\/wp\/v2\/product_tag?post=21745"}],"curies":[{"name":"wp","href":"https:\/\/api.w.org\/{rel}","templated":true}]}}