{"id":21613,"date":"2020-02-10T10:12:33","date_gmt":"2020-02-10T10:12:33","guid":{"rendered":"https:\/\/www.anniesloan.com\/eu\/product\/annie-sloan-paints-everything-french\/"},"modified":"2025-11-20T15:30:41","modified_gmt":"2025-11-20T14:30:41","slug":"annie-sloan-paints-everything-french","status":"publish","type":"product","link":"https:\/\/www.anniesloan.com\/eu\/product\/books\/annie-sloan-paints-everything-french\/","title":{"rendered":"Annie Sloan Paints Everything &#8211; French"},"content":{"rendered":"","protected":false},"excerpt":{"rendered":"<h3>Peinture D\u00e9corative<\/h3>\n<p>Annie Sloan\u2019s book Annie Sloan Paints Everything, translated in French.<\/p>\n<p>40 projets cr\u00e9atifs pour customiser tissus, sols, murs et meubles.\u00a0Laissez-vous guider et d\u00e9couvrez comment utiliser Chalk Paint\u2122 d\u2019une fa\u00e7on que vous n\u2019auriez jamais imagin\u00e9e.<\/p>\n<p>Canap\u00e9 dor\u00e9, coussin imprim\u00e9, tapis au pochoir, mur en tissu\u2026 \u00c0 travers 40\u00a0projets originaux, Annie Sloan vous livre tout son savoir-faire et ses astuces pour personnaliser votre int\u00e9rieur tout en d\u00e9couvrant diff\u00e9rents styles et techniques.<\/p>\n<p>Published by CICO Books with commissioned photography by Christopher Drake. Editor: Dessain et Tolra.<\/p>\n","protected":false},"featured_media":21614,"template":"","meta":{"_acf_changed":false,"_relevanssi_hide_post":"","_relevanssi_hide_content":"","_relevanssi_pin_for_all":"","_relevanssi_pin_keywords":"","_relevanssi_unpin_keywords":"","_relevanssi_related_keywords":"","_relevanssi_related_include_ids":"","_relevanssi_related_exclude_ids":"","_relevanssi_related_no_append":"","_relevanssi_related_not_related":"","_relevanssi_related_posts":"","_relevanssi_noindex_reason":""},"product_brand":[],"product_cat":[66],"product_tag":[],"class_list":{"0":"post-21613","1":"product","2":"type-product","3":"status-publish","4":"has-post-thumbnail","6":"product_cat-books","8":"first","9":"instock","10":"taxable","11":"shipping-taxable","12":"purchasable","13":"product-type-simple"},"acf":[],"yoast_head":"<!-- This site is optimized with the Yoast SEO Premium plugin v26.5 (Yoast SEO v26.5) - https:\/\/yoast.com\/wordpress\/plugins\/seo\/ -->\n<title>Annie Sloan Paints Everything in French | Translated Books | Annie Sloan EU<\/title>\n<meta name=\"description\" content=\"Annie Sloan&#039;s book Annie Sloan Paints Everything, translated in French.\" \/>\n<meta name=\"robots\" content=\"index, follow, max-snippet:-1, max-image-preview:large, max-video-preview:-1\" \/>\n<link rel=\"canonical\" href=\"https:\/\/www.anniesloan.com\/eu\/product\/books\/annie-sloan-paints-everything-french\/\" \/>\n<meta property=\"og:locale\" content=\"en_GB\" \/>\n<meta property=\"og:type\" content=\"article\" \/>\n<meta property=\"og:title\" content=\"Annie Sloan Paints Everything - French\" \/>\n<meta property=\"og:description\" content=\"Annie Sloan&#039;s book Annie Sloan Paints Everything, translated in French.\" \/>\n<meta property=\"og:url\" content=\"https:\/\/www.anniesloan.com\/eu\/product\/books\/annie-sloan-paints-everything-french\/\" \/>\n<meta property=\"og:site_name\" content=\"Annie Sloan EU\" \/>\n<meta property=\"article:publisher\" content=\"https:\/\/www.facebook.com\/AnnieSloanHome\" \/>\n<meta property=\"article:modified_time\" content=\"2025-11-20T14:30:41+00:00\" \/>\n<meta property=\"og:image\" content=\"https:\/\/www.anniesloan.com\/eu\/wp-content\/uploads\/sites\/8\/2021\/05\/Annie-Sloan-Paints-Everything-french-translation-Peinture-Decorative-cover-2500.jpg\" \/>\n\t<meta property=\"og:image:width\" content=\"1280\" \/>\n\t<meta property=\"og:image:height\" content=\"1024\" \/>\n\t<meta property=\"og:image:type\" content=\"image\/jpeg\" \/>\n<meta name=\"twitter:card\" content=\"summary_large_image\" \/>\n<meta name=\"twitter:site\" content=\"@AnnieSloanHome\" \/>\n<meta name=\"twitter:label1\" content=\"Price\" \/>\n\t<meta name=\"twitter:data1\" content=\"19.95&euro;\" \/>\n\t<meta name=\"twitter:label2\" content=\"Availability\" \/>\n\t<meta name=\"twitter:data2\" content=\"In stock\" \/>\n<script type=\"application\/ld+json\" class=\"yoast-schema-graph\">{\"@context\":\"https:\/\/schema.org\",\"@graph\":[{\"@type\":\"WebPage\",\"@id\":\"https:\/\/www.anniesloan.com\/eu\/product\/books\/annie-sloan-paints-everything-french\/\",\"url\":\"https:\/\/www.anniesloan.com\/eu\/product\/books\/annie-sloan-paints-everything-french\/\",\"name\":\"Annie Sloan Paints Everything in French | Translated Books | Annie Sloan EU\",\"isPartOf\":{\"@id\":\"https:\/\/www.anniesloan.com\/eu\/#website\"},\"primaryImageOfPage\":{\"@id\":\"https:\/\/www.anniesloan.com\/eu\/product\/books\/annie-sloan-paints-everything-french\/#primaryimage\"},\"image\":{\"@id\":\"https:\/\/www.anniesloan.com\/eu\/product\/books\/annie-sloan-paints-everything-french\/#primaryimage\"},\"thumbnailUrl\":\"https:\/\/www.anniesloan.com\/eu\/wp-content\/uploads\/sites\/8\/2021\/05\/Annie-Sloan-Paints-Everything-french-translation-Peinture-Decorative-cover-2500.jpg\",\"datePublished\":\"2020-02-10T10:12:33+00:00\",\"dateModified\":\"2025-11-20T14:30:41+00:00\",\"description\":\"Annie Sloan's book Annie Sloan Paints Everything, translated in French.\",\"breadcrumb\":{\"@id\":\"https:\/\/www.anniesloan.com\/eu\/product\/books\/annie-sloan-paints-everything-french\/#breadcrumb\"},\"inLanguage\":\"en-GB\",\"potentialAction\":[{\"@type\":\"ReadAction\",\"target\":[\"https:\/\/www.anniesloan.com\/eu\/product\/books\/annie-sloan-paints-everything-french\/\"]}]},{\"@type\":\"ImageObject\",\"inLanguage\":\"en-GB\",\"@id\":\"https:\/\/www.anniesloan.com\/eu\/product\/books\/annie-sloan-paints-everything-french\/#primaryimage\",\"url\":\"https:\/\/www.anniesloan.com\/eu\/wp-content\/uploads\/sites\/8\/2021\/05\/Annie-Sloan-Paints-Everything-french-translation-Peinture-Decorative-cover-2500.jpg\",\"contentUrl\":\"https:\/\/www.anniesloan.com\/eu\/wp-content\/uploads\/sites\/8\/2021\/05\/Annie-Sloan-Paints-Everything-french-translation-Peinture-Decorative-cover-2500.jpg\",\"width\":1280,\"height\":1024,\"caption\":\"Annie Sloan Paints Everything translated into French - Peinture D\u00e9corative - book front cover\"},{\"@type\":\"BreadcrumbList\",\"@id\":\"https:\/\/www.anniesloan.com\/eu\/product\/books\/annie-sloan-paints-everything-french\/#breadcrumb\",\"itemListElement\":[{\"@type\":\"ListItem\",\"position\":1,\"name\":\"Annie Sloan Paint &amp; Products\",\"item\":\"https:\/\/www.anniesloan.com\/eu\/products\/\"},{\"@type\":\"ListItem\",\"position\":2,\"name\":\"Books\",\"item\":\"https:\/\/www.anniesloan.com\/eu\/products\/books\/\"},{\"@type\":\"ListItem\",\"position\":3,\"name\":\"Annie Sloan Paints Everything &#8211; French\"}]},{\"@type\":\"WebSite\",\"@id\":\"https:\/\/www.anniesloan.com\/eu\/#website\",\"url\":\"https:\/\/www.anniesloan.com\/eu\/\",\"name\":\"Annie Sloan EU\",\"description\":\"Home of Chalk Paint\u2122\",\"publisher\":{\"@id\":\"https:\/\/www.anniesloan.com\/eu\/#organization\"},\"potentialAction\":[{\"@type\":\"SearchAction\",\"target\":{\"@type\":\"EntryPoint\",\"urlTemplate\":\"https:\/\/www.anniesloan.com\/eu\/?s={search_term_string}\"},\"query-input\":{\"@type\":\"PropertyValueSpecification\",\"valueRequired\":true,\"valueName\":\"search_term_string\"}}],\"inLanguage\":\"en-GB\"},{\"@type\":\"Organization\",\"@id\":\"https:\/\/www.anniesloan.com\/eu\/#organization\",\"name\":\"Annie Sloan\",\"url\":\"https:\/\/www.anniesloan.com\/eu\/\",\"logo\":{\"@type\":\"ImageObject\",\"inLanguage\":\"en-GB\",\"@id\":\"https:\/\/www.anniesloan.com\/eu\/#\/schema\/logo\/image\/\",\"url\":\"https:\/\/www.anniesloan.com\/wp-content\/uploads\/2021\/07\/anniesloan-logo.jpg\",\"contentUrl\":\"https:\/\/www.anniesloan.com\/wp-content\/uploads\/2021\/07\/anniesloan-logo.jpg\",\"width\":1200,\"height\":361,\"caption\":\"Annie Sloan\"},\"image\":{\"@id\":\"https:\/\/www.anniesloan.com\/eu\/#\/schema\/logo\/image\/\"},\"sameAs\":[\"https:\/\/www.facebook.com\/AnnieSloanHome\",\"https:\/\/x.com\/AnnieSloanHome\",\"https:\/\/www.instagram.com\/anniesloanhome\/\",\"https:\/\/www.pinterest.co.uk\/anniesloanhome\/_created\/\",\"https:\/\/www.youtube.com\/AnnieSloanHome\"]}]}<\/script>\n<meta property=\"product:price:amount\" content=\"19.95\" \/>\n<meta property=\"product:price:currency\" content=\"EUR\" \/>\n<meta property=\"og:availability\" content=\"instock\" \/>\n<meta property=\"product:availability\" content=\"instock\" \/>\n<meta property=\"product:retailer_item_id\" content=\"BPEV059.FR01.01\" \/>\n<meta property=\"product:condition\" content=\"new\" \/>\n<!-- \/ Yoast SEO Premium plugin. -->","yoast_head_json":{"title":"Annie Sloan Paints Everything in French | Translated Books | Annie Sloan EU","description":"Annie Sloan's book Annie Sloan Paints Everything, translated in French.","robots":{"index":"index","follow":"follow","max-snippet":"max-snippet:-1","max-image-preview":"max-image-preview:large","max-video-preview":"max-video-preview:-1"},"canonical":"https:\/\/www.anniesloan.com\/eu\/product\/books\/annie-sloan-paints-everything-french\/","og_locale":"en_GB","og_type":"article","og_title":"Annie Sloan Paints Everything - French","og_description":"Annie Sloan's book Annie Sloan Paints Everything, translated in French.","og_url":"https:\/\/www.anniesloan.com\/eu\/product\/books\/annie-sloan-paints-everything-french\/","og_site_name":"Annie Sloan EU","article_publisher":"https:\/\/www.facebook.com\/AnnieSloanHome","article_modified_time":"2025-11-20T14:30:41+00:00","og_image":[{"width":1280,"height":1024,"url":"https:\/\/www.anniesloan.com\/eu\/wp-content\/uploads\/sites\/8\/2021\/05\/Annie-Sloan-Paints-Everything-french-translation-Peinture-Decorative-cover-2500.jpg","type":"image\/jpeg"}],"twitter_card":"summary_large_image","twitter_site":"@AnnieSloanHome","twitter_misc":{"Price":"19.95&euro;","Availability":"In stock"},"schema":{"@context":"https:\/\/schema.org","@graph":[{"@type":"WebPage","@id":"https:\/\/www.anniesloan.com\/eu\/product\/books\/annie-sloan-paints-everything-french\/","url":"https:\/\/www.anniesloan.com\/eu\/product\/books\/annie-sloan-paints-everything-french\/","name":"Annie Sloan Paints Everything in French | Translated Books | Annie Sloan EU","isPartOf":{"@id":"https:\/\/www.anniesloan.com\/eu\/#website"},"primaryImageOfPage":{"@id":"https:\/\/www.anniesloan.com\/eu\/product\/books\/annie-sloan-paints-everything-french\/#primaryimage"},"image":{"@id":"https:\/\/www.anniesloan.com\/eu\/product\/books\/annie-sloan-paints-everything-french\/#primaryimage"},"thumbnailUrl":"https:\/\/www.anniesloan.com\/eu\/wp-content\/uploads\/sites\/8\/2021\/05\/Annie-Sloan-Paints-Everything-french-translation-Peinture-Decorative-cover-2500.jpg","datePublished":"2020-02-10T10:12:33+00:00","dateModified":"2025-11-20T14:30:41+00:00","description":"Annie Sloan's book Annie Sloan Paints Everything, translated in French.","breadcrumb":{"@id":"https:\/\/www.anniesloan.com\/eu\/product\/books\/annie-sloan-paints-everything-french\/#breadcrumb"},"inLanguage":"en-GB","potentialAction":[{"@type":"ReadAction","target":["https:\/\/www.anniesloan.com\/eu\/product\/books\/annie-sloan-paints-everything-french\/"]}]},{"@type":"ImageObject","inLanguage":"en-GB","@id":"https:\/\/www.anniesloan.com\/eu\/product\/books\/annie-sloan-paints-everything-french\/#primaryimage","url":"https:\/\/www.anniesloan.com\/eu\/wp-content\/uploads\/sites\/8\/2021\/05\/Annie-Sloan-Paints-Everything-french-translation-Peinture-Decorative-cover-2500.jpg","contentUrl":"https:\/\/www.anniesloan.com\/eu\/wp-content\/uploads\/sites\/8\/2021\/05\/Annie-Sloan-Paints-Everything-french-translation-Peinture-Decorative-cover-2500.jpg","width":1280,"height":1024,"caption":"Annie Sloan Paints Everything translated into French - Peinture D\u00e9corative - book front cover"},{"@type":"BreadcrumbList","@id":"https:\/\/www.anniesloan.com\/eu\/product\/books\/annie-sloan-paints-everything-french\/#breadcrumb","itemListElement":[{"@type":"ListItem","position":1,"name":"Annie Sloan Paint &amp; Products","item":"https:\/\/www.anniesloan.com\/eu\/products\/"},{"@type":"ListItem","position":2,"name":"Books","item":"https:\/\/www.anniesloan.com\/eu\/products\/books\/"},{"@type":"ListItem","position":3,"name":"Annie Sloan Paints Everything &#8211; French"}]},{"@type":"WebSite","@id":"https:\/\/www.anniesloan.com\/eu\/#website","url":"https:\/\/www.anniesloan.com\/eu\/","name":"Annie Sloan EU","description":"Home of Chalk Paint\u2122","publisher":{"@id":"https:\/\/www.anniesloan.com\/eu\/#organization"},"potentialAction":[{"@type":"SearchAction","target":{"@type":"EntryPoint","urlTemplate":"https:\/\/www.anniesloan.com\/eu\/?s={search_term_string}"},"query-input":{"@type":"PropertyValueSpecification","valueRequired":true,"valueName":"search_term_string"}}],"inLanguage":"en-GB"},{"@type":"Organization","@id":"https:\/\/www.anniesloan.com\/eu\/#organization","name":"Annie Sloan","url":"https:\/\/www.anniesloan.com\/eu\/","logo":{"@type":"ImageObject","inLanguage":"en-GB","@id":"https:\/\/www.anniesloan.com\/eu\/#\/schema\/logo\/image\/","url":"https:\/\/www.anniesloan.com\/wp-content\/uploads\/2021\/07\/anniesloan-logo.jpg","contentUrl":"https:\/\/www.anniesloan.com\/wp-content\/uploads\/2021\/07\/anniesloan-logo.jpg","width":1200,"height":361,"caption":"Annie Sloan"},"image":{"@id":"https:\/\/www.anniesloan.com\/eu\/#\/schema\/logo\/image\/"},"sameAs":["https:\/\/www.facebook.com\/AnnieSloanHome","https:\/\/x.com\/AnnieSloanHome","https:\/\/www.instagram.com\/anniesloanhome\/","https:\/\/www.pinterest.co.uk\/anniesloanhome\/_created\/","https:\/\/www.youtube.com\/AnnieSloanHome"]}]},"product_price_amount":"19.95","product_price_currency":"EUR","og_availability":"instock","product_availability":"instock","product_retailer_item_id":"BPEV059.FR01.01","product_condition":"new"},"_links":{"self":[{"href":"https:\/\/www.anniesloan.com\/eu\/wp-json\/wp\/v2\/product\/21613","targetHints":{"allow":["GET"]}}],"collection":[{"href":"https:\/\/www.anniesloan.com\/eu\/wp-json\/wp\/v2\/product"}],"about":[{"href":"https:\/\/www.anniesloan.com\/eu\/wp-json\/wp\/v2\/types\/product"}],"wp:featuredmedia":[{"embeddable":true,"href":"https:\/\/www.anniesloan.com\/eu\/wp-json\/wp\/v2\/media\/21614"}],"wp:attachment":[{"href":"https:\/\/www.anniesloan.com\/eu\/wp-json\/wp\/v2\/media?parent=21613"}],"wp:term":[{"taxonomy":"product_brand","embeddable":true,"href":"https:\/\/www.anniesloan.com\/eu\/wp-json\/wp\/v2\/product_brand?post=21613"},{"taxonomy":"product_cat","embeddable":true,"href":"https:\/\/www.anniesloan.com\/eu\/wp-json\/wp\/v2\/product_cat?post=21613"},{"taxonomy":"product_tag","embeddable":true,"href":"https:\/\/www.anniesloan.com\/eu\/wp-json\/wp\/v2\/product_tag?post=21613"}],"curies":[{"name":"wp","href":"https:\/\/api.w.org\/{rel}","templated":true}]}}