{"id":22342,"date":"2020-01-10T11:38:58","date_gmt":"2020-01-10T11:38:58","guid":{"rendered":"https:\/\/www.anniesloan.com\/eu\/about\/about-annie-sloan\/"},"modified":"2023-10-12T14:04:48","modified_gmt":"2023-10-12T13:04:48","slug":"about-annie-sloan","status":"publish","type":"page","link":"https:\/\/www.anniesloan.com\/eu\/about-annie-sloan\/","title":{"rendered":"About Annie Sloan"},"content":{"rendered":"","protected":false},"excerpt":{"rendered":"","protected":false},"author":2,"featured_media":22343,"parent":0,"menu_order":0,"comment_status":"open","ping_status":"open","template":"tpl-flexible-content.php","meta":{"_acf_changed":false,"_relevanssi_hide_post":"","_relevanssi_hide_content":"","_relevanssi_pin_for_all":"","_relevanssi_pin_keywords":"","_relevanssi_unpin_keywords":"","_relevanssi_related_keywords":"","_relevanssi_related_include_ids":"","_relevanssi_related_exclude_ids":"","_relevanssi_related_no_append":"","_relevanssi_related_not_related":"","_relevanssi_related_posts":"","_relevanssi_noindex_reason":"","footnotes":""},"class_list":["post-22342","page","type-page","status-publish","has-post-thumbnail","hentry"],"acf":[],"yoast_head":"<!-- This site is optimized with the Yoast SEO Premium plugin v26.5 (Yoast SEO v26.5) - https:\/\/yoast.com\/wordpress\/plugins\/seo\/ -->\n<title>About Annie Sloan - Chalk Paint\u2122 Inventor | Annie Sloan EU<\/title>\n<meta name=\"description\" content=\"Find out more about Annie Sloan, her background, books, passions and much more.\" \/>\n<meta name=\"robots\" content=\"index, follow, max-snippet:-1, max-image-preview:large, max-video-preview:-1\" \/>\n<link rel=\"canonical\" href=\"https:\/\/www.anniesloan.com\/eu\/about-annie-sloan\/\" \/>\n<meta property=\"og:locale\" content=\"en_GB\" \/>\n<meta property=\"og:type\" content=\"article\" \/>\n<meta property=\"og:title\" content=\"About Annie Sloan\" \/>\n<meta property=\"og:description\" content=\"Find out more about Annie Sloan, her background, books, passions and much more.\" \/>\n<meta property=\"og:url\" content=\"https:\/\/www.anniesloan.com\/eu\/about-annie-sloan\/\" \/>\n<meta property=\"og:site_name\" content=\"Annie Sloan EU\" \/>\n<meta property=\"article:publisher\" content=\"https:\/\/www.facebook.com\/AnnieSloanHome\" \/>\n<meta property=\"article:modified_time\" content=\"2023-10-12T13:04:48+00:00\" \/>\n<meta property=\"og:image\" content=\"https:\/\/www.anniesloan.com\/eu\/wp-content\/uploads\/sites\/8\/2021\/05\/Annie-Sloan-by-Napoleonic-Blue-Chalk-Paint-vat-2000.jpg\" \/>\n\t<meta property=\"og:image:width\" content=\"819\" \/>\n\t<meta property=\"og:image:height\" content=\"1024\" \/>\n\t<meta property=\"og:image:type\" content=\"image\/jpeg\" \/>\n<meta name=\"twitter:card\" content=\"summary_large_image\" \/>\n<meta name=\"twitter:site\" content=\"@AnnieSloanHome\" \/>\n<script type=\"application\/ld+json\" class=\"yoast-schema-graph\">{\"@context\":\"https:\/\/schema.org\",\"@graph\":[{\"@type\":\"WebPage\",\"@id\":\"https:\/\/www.anniesloan.com\/eu\/about-annie-sloan\/\",\"url\":\"https:\/\/www.anniesloan.com\/eu\/about-annie-sloan\/\",\"name\":\"About Annie Sloan - Chalk Paint\u2122 Inventor | Annie Sloan EU\",\"isPartOf\":{\"@id\":\"https:\/\/www.anniesloan.com\/eu\/#website\"},\"primaryImageOfPage\":{\"@id\":\"https:\/\/www.anniesloan.com\/eu\/about-annie-sloan\/#primaryimage\"},\"image\":{\"@id\":\"https:\/\/www.anniesloan.com\/eu\/about-annie-sloan\/#primaryimage\"},\"thumbnailUrl\":\"https:\/\/www.anniesloan.com\/eu\/wp-content\/uploads\/sites\/8\/2021\/05\/Annie-Sloan-by-Napoleonic-Blue-Chalk-Paint-vat-2000.jpg\",\"datePublished\":\"2020-01-10T11:38:58+00:00\",\"dateModified\":\"2023-10-12T13:04:48+00:00\",\"description\":\"Find out more about Annie Sloan, her background, books, passions and much more.\",\"inLanguage\":\"en-GB\",\"potentialAction\":[{\"@type\":\"ReadAction\",\"target\":[\"https:\/\/www.anniesloan.com\/eu\/about-annie-sloan\/\"]}]},{\"@type\":\"ImageObject\",\"inLanguage\":\"en-GB\",\"@id\":\"https:\/\/www.anniesloan.com\/eu\/about-annie-sloan\/#primaryimage\",\"url\":\"https:\/\/www.anniesloan.com\/eu\/wp-content\/uploads\/sites\/8\/2021\/05\/Annie-Sloan-by-Napoleonic-Blue-Chalk-Paint-vat-2000.jpg\",\"contentUrl\":\"https:\/\/www.anniesloan.com\/eu\/wp-content\/uploads\/sites\/8\/2021\/05\/Annie-Sloan-by-Napoleonic-Blue-Chalk-Paint-vat-2000.jpg\",\"width\":819,\"height\":1024,\"caption\":\"Annie Sloan \u00e0 c\u00f4t\u00e9 d\u2019une cuve de peinture Chalk Paint\u2122 en Napoleonic Blue dans son usine \u00e0 Oxford\"},{\"@type\":\"WebSite\",\"@id\":\"https:\/\/www.anniesloan.com\/eu\/#website\",\"url\":\"https:\/\/www.anniesloan.com\/eu\/\",\"name\":\"Annie Sloan EU\",\"description\":\"Home of Chalk Paint\u2122\",\"publisher\":{\"@id\":\"https:\/\/www.anniesloan.com\/eu\/#organization\"},\"potentialAction\":[{\"@type\":\"SearchAction\",\"target\":{\"@type\":\"EntryPoint\",\"urlTemplate\":\"https:\/\/www.anniesloan.com\/eu\/?s={search_term_string}\"},\"query-input\":{\"@type\":\"PropertyValueSpecification\",\"valueRequired\":true,\"valueName\":\"search_term_string\"}}],\"inLanguage\":\"en-GB\"},{\"@type\":\"Organization\",\"@id\":\"https:\/\/www.anniesloan.com\/eu\/#organization\",\"name\":\"Annie Sloan\",\"url\":\"https:\/\/www.anniesloan.com\/eu\/\",\"logo\":{\"@type\":\"ImageObject\",\"inLanguage\":\"en-GB\",\"@id\":\"https:\/\/www.anniesloan.com\/eu\/#\/schema\/logo\/image\/\",\"url\":\"https:\/\/www.anniesloan.com\/wp-content\/uploads\/2021\/07\/anniesloan-logo.jpg\",\"contentUrl\":\"https:\/\/www.anniesloan.com\/wp-content\/uploads\/2021\/07\/anniesloan-logo.jpg\",\"width\":1200,\"height\":361,\"caption\":\"Annie Sloan\"},\"image\":{\"@id\":\"https:\/\/www.anniesloan.com\/eu\/#\/schema\/logo\/image\/\"},\"sameAs\":[\"https:\/\/www.facebook.com\/AnnieSloanHome\",\"https:\/\/x.com\/AnnieSloanHome\",\"https:\/\/www.instagram.com\/anniesloanhome\/\",\"https:\/\/www.pinterest.co.uk\/anniesloanhome\/_created\/\",\"https:\/\/www.youtube.com\/AnnieSloanHome\"]}]}<\/script>\n<!-- \/ Yoast SEO Premium plugin. -->","yoast_head_json":{"title":"About Annie Sloan - Chalk Paint\u2122 Inventor | Annie Sloan EU","description":"Find out more about Annie Sloan, her background, books, passions and much more.","robots":{"index":"index","follow":"follow","max-snippet":"max-snippet:-1","max-image-preview":"max-image-preview:large","max-video-preview":"max-video-preview:-1"},"canonical":"https:\/\/www.anniesloan.com\/eu\/about-annie-sloan\/","og_locale":"en_GB","og_type":"article","og_title":"About Annie Sloan","og_description":"Find out more about Annie Sloan, her background, books, passions and much more.","og_url":"https:\/\/www.anniesloan.com\/eu\/about-annie-sloan\/","og_site_name":"Annie Sloan EU","article_publisher":"https:\/\/www.facebook.com\/AnnieSloanHome","article_modified_time":"2023-10-12T13:04:48+00:00","og_image":[{"width":819,"height":1024,"url":"https:\/\/www.anniesloan.com\/eu\/wp-content\/uploads\/sites\/8\/2021\/05\/Annie-Sloan-by-Napoleonic-Blue-Chalk-Paint-vat-2000.jpg","type":"image\/jpeg"}],"twitter_card":"summary_large_image","twitter_site":"@AnnieSloanHome","schema":{"@context":"https:\/\/schema.org","@graph":[{"@type":"WebPage","@id":"https:\/\/www.anniesloan.com\/eu\/about-annie-sloan\/","url":"https:\/\/www.anniesloan.com\/eu\/about-annie-sloan\/","name":"About Annie Sloan - Chalk Paint\u2122 Inventor | Annie Sloan EU","isPartOf":{"@id":"https:\/\/www.anniesloan.com\/eu\/#website"},"primaryImageOfPage":{"@id":"https:\/\/www.anniesloan.com\/eu\/about-annie-sloan\/#primaryimage"},"image":{"@id":"https:\/\/www.anniesloan.com\/eu\/about-annie-sloan\/#primaryimage"},"thumbnailUrl":"https:\/\/www.anniesloan.com\/eu\/wp-content\/uploads\/sites\/8\/2021\/05\/Annie-Sloan-by-Napoleonic-Blue-Chalk-Paint-vat-2000.jpg","datePublished":"2020-01-10T11:38:58+00:00","dateModified":"2023-10-12T13:04:48+00:00","description":"Find out more about Annie Sloan, her background, books, passions and much more.","inLanguage":"en-GB","potentialAction":[{"@type":"ReadAction","target":["https:\/\/www.anniesloan.com\/eu\/about-annie-sloan\/"]}]},{"@type":"ImageObject","inLanguage":"en-GB","@id":"https:\/\/www.anniesloan.com\/eu\/about-annie-sloan\/#primaryimage","url":"https:\/\/www.anniesloan.com\/eu\/wp-content\/uploads\/sites\/8\/2021\/05\/Annie-Sloan-by-Napoleonic-Blue-Chalk-Paint-vat-2000.jpg","contentUrl":"https:\/\/www.anniesloan.com\/eu\/wp-content\/uploads\/sites\/8\/2021\/05\/Annie-Sloan-by-Napoleonic-Blue-Chalk-Paint-vat-2000.jpg","width":819,"height":1024,"caption":"Annie Sloan \u00e0 c\u00f4t\u00e9 d\u2019une cuve de peinture Chalk Paint\u2122 en Napoleonic Blue dans son usine \u00e0 Oxford"},{"@type":"WebSite","@id":"https:\/\/www.anniesloan.com\/eu\/#website","url":"https:\/\/www.anniesloan.com\/eu\/","name":"Annie Sloan EU","description":"Home of Chalk Paint\u2122","publisher":{"@id":"https:\/\/www.anniesloan.com\/eu\/#organization"},"potentialAction":[{"@type":"SearchAction","target":{"@type":"EntryPoint","urlTemplate":"https:\/\/www.anniesloan.com\/eu\/?s={search_term_string}"},"query-input":{"@type":"PropertyValueSpecification","valueRequired":true,"valueName":"search_term_string"}}],"inLanguage":"en-GB"},{"@type":"Organization","@id":"https:\/\/www.anniesloan.com\/eu\/#organization","name":"Annie Sloan","url":"https:\/\/www.anniesloan.com\/eu\/","logo":{"@type":"ImageObject","inLanguage":"en-GB","@id":"https:\/\/www.anniesloan.com\/eu\/#\/schema\/logo\/image\/","url":"https:\/\/www.anniesloan.com\/wp-content\/uploads\/2021\/07\/anniesloan-logo.jpg","contentUrl":"https:\/\/www.anniesloan.com\/wp-content\/uploads\/2021\/07\/anniesloan-logo.jpg","width":1200,"height":361,"caption":"Annie Sloan"},"image":{"@id":"https:\/\/www.anniesloan.com\/eu\/#\/schema\/logo\/image\/"},"sameAs":["https:\/\/www.facebook.com\/AnnieSloanHome","https:\/\/x.com\/AnnieSloanHome","https:\/\/www.instagram.com\/anniesloanhome\/","https:\/\/www.pinterest.co.uk\/anniesloanhome\/_created\/","https:\/\/www.youtube.com\/AnnieSloanHome"]}]}},"_links":{"self":[{"href":"https:\/\/www.anniesloan.com\/eu\/wp-json\/wp\/v2\/pages\/22342","targetHints":{"allow":["GET"]}}],"collection":[{"href":"https:\/\/www.anniesloan.com\/eu\/wp-json\/wp\/v2\/pages"}],"about":[{"href":"https:\/\/www.anniesloan.com\/eu\/wp-json\/wp\/v2\/types\/page"}],"author":[{"embeddable":true,"href":"https:\/\/www.anniesloan.com\/eu\/wp-json\/wp\/v2\/users\/2"}],"replies":[{"embeddable":true,"href":"https:\/\/www.anniesloan.com\/eu\/wp-json\/wp\/v2\/comments?post=22342"}],"version-history":[{"count":0,"href":"https:\/\/www.anniesloan.com\/eu\/wp-json\/wp\/v2\/pages\/22342\/revisions"}],"wp:featuredmedia":[{"embeddable":true,"href":"https:\/\/www.anniesloan.com\/eu\/wp-json\/wp\/v2\/media\/22343"}],"wp:attachment":[{"href":"https:\/\/www.anniesloan.com\/eu\/wp-json\/wp\/v2\/media?parent=22342"}],"curies":[{"name":"wp","href":"https:\/\/api.w.org\/{rel}","templated":true}]}}