{"id":48862,"date":"2025-06-10T11:22:13","date_gmt":"2025-06-10T10:22:13","guid":{"rendered":"https:\/\/www.anniesloan.com\/?post_type=product&#038;p=166960"},"modified":"2026-04-14T14:31:26","modified_gmt":"2026-04-14T12:31:26","slug":"metallic-paint-118ml-traditional-gold","status":"publish","type":"product","link":"https:\/\/www.anniesloan.com\/de\/produkt\/wachse-und-finishes\/metallic-paint-118ml-traditional-gold\/","title":{"rendered":"Metallische Farbe 118\u202fml \u2013 Traditionelles Gold"},"content":{"rendered":"","protected":false},"excerpt":{"rendered":"<p>Die metallische Farbe von Annie Sloan verleiht Ihren kreativen Projekten einen Hauch von Opulenz.<\/p>\n<p>Diese einfach anzuwendende, wasserbasierte Goldfarbe eignet sich f\u00fcr M\u00f6bel und W\u00e4nde und sorgt f\u00fcr ein strahlendes Satin-Finish. Je nach Anzahl der Schichten lassen sich unterschiedliche Effekte erzielen: Eine d\u00fcnne Schicht ergibt einen zarten, durchscheinenden Schimmer, w\u00e4hrend zwei Schichten eine intensive, deckende Optik erzeugen.<\/p>\n<p>Die Farbe \u201eTraditionelles Gold\u201c ist ein warmer, antik inspirierter Goldton, beeinflusst von einigen der ikonischsten Interieurs der Welt. Der gedeckte Farbton verleiht ein Gef\u00fchl von zeitloser Eleganz und dezentem Vintage-Charme.<\/p>\n","protected":false},"featured_media":48863,"template":"","meta":{"_acf_changed":false,"_relevanssi_hide_post":"","_relevanssi_hide_content":"","_relevanssi_pin_for_all":"","_relevanssi_pin_keywords":"","_relevanssi_unpin_keywords":"","_relevanssi_related_keywords":"","_relevanssi_related_include_ids":"","_relevanssi_related_exclude_ids":"","_relevanssi_related_no_append":"","_relevanssi_related_not_related":"","_relevanssi_related_posts":"","_relevanssi_noindex_reason":""},"product_brand":[],"product_cat":[44],"product_tag":[1247,1248,1249,1250],"class_list":{"0":"post-48862","1":"product","2":"type-product","3":"status-publish","4":"has-post-thumbnail","6":"product_cat-wachse-und-finishes","7":"product_tag-gold","8":"product_tag-metallic","9":"product_tag-metallic-paint","10":"product_tag-traditional-gold","12":"first","13":"instock","14":"taxable","15":"shipping-taxable","16":"purchasable","17":"product-type-simple"},"acf":[],"yoast_head":"<!-- This site is optimized with the Yoast SEO Premium plugin v26.5 (Yoast SEO v26.5) - https:\/\/yoast.com\/wordpress\/plugins\/seo\/ -->\n<title>Metallische Farbe 118\u202fml \u2013 Traditionelles Gold | Annie Sloan DE<\/title>\n<meta name=\"description\" content=\"Die Farbe \u201eTraditionelles Gold\u201c ist ein warmer, antik inspirierter Goldton, beeinflusst von einigen der ikonischsten Interieurs der Welt.\" \/>\n<meta name=\"robots\" content=\"index, follow, max-snippet:-1, max-image-preview:large, max-video-preview:-1\" \/>\n<link rel=\"canonical\" href=\"https:\/\/www.anniesloan.com\/de\/produkt\/wachse-und-finishes\/metallic-paint-118ml-traditional-gold\/\" \/>\n<meta property=\"og:locale\" content=\"de_DE\" \/>\n<meta property=\"og:type\" content=\"article\" \/>\n<meta property=\"og:title\" content=\"Metallische Farbe 118\u202fml \u2013 Traditionelles Gold\" \/>\n<meta property=\"og:description\" content=\"Die Farbe \u201eTraditionelles Gold\u201c ist ein warmer, antik inspirierter Goldton, beeinflusst von einigen der ikonischsten Interieurs der Welt.\" \/>\n<meta property=\"og:url\" content=\"https:\/\/www.anniesloan.com\/de\/produkt\/wachse-und-finishes\/metallic-paint-118ml-traditional-gold\/\" \/>\n<meta property=\"og:site_name\" content=\"Annie Sloan DE\" \/>\n<meta property=\"article:modified_time\" content=\"2026-04-14T12:31:26+00:00\" \/>\n<meta property=\"og:image\" content=\"https:\/\/www.anniesloan.com\/de\/wp-content\/uploads\/sites\/3\/2025\/06\/250190-Metallic-Paint-118ml-Closed-280x1024px.jpg\" \/>\n\t<meta property=\"og:image:width\" content=\"992\" \/>\n\t<meta property=\"og:image:height\" content=\"1024\" \/>\n\t<meta property=\"og:image:type\" content=\"image\/jpeg\" \/>\n<meta name=\"twitter:card\" content=\"summary_large_image\" \/>\n<meta name=\"twitter:label1\" content=\"Price\" \/>\n\t<meta name=\"twitter:data1\" content=\"15.95&euro;\" \/>\n\t<meta name=\"twitter:label2\" content=\"Availability\" \/>\n\t<meta name=\"twitter:data2\" content=\"In stock\" \/>\n<script type=\"application\/ld+json\" class=\"yoast-schema-graph\">{\"@context\":\"https:\/\/schema.org\",\"@graph\":[{\"@type\":\"WebPage\",\"@id\":\"https:\/\/www.anniesloan.com\/de\/produkt\/wachse-und-finishes\/metallic-paint-118ml-traditional-gold\/\",\"url\":\"https:\/\/www.anniesloan.com\/de\/produkt\/wachse-und-finishes\/metallic-paint-118ml-traditional-gold\/\",\"name\":\"Metallische Farbe 118\u202fml \u2013 Traditionelles Gold | Annie Sloan DE\",\"isPartOf\":{\"@id\":\"https:\/\/www.anniesloan.com\/de\/#website\"},\"primaryImageOfPage\":{\"@id\":\"https:\/\/www.anniesloan.com\/de\/produkt\/wachse-und-finishes\/metallic-paint-118ml-traditional-gold\/#primaryimage\"},\"image\":{\"@id\":\"https:\/\/www.anniesloan.com\/de\/produkt\/wachse-und-finishes\/metallic-paint-118ml-traditional-gold\/#primaryimage\"},\"thumbnailUrl\":\"https:\/\/www.anniesloan.com\/de\/wp-content\/uploads\/sites\/3\/2025\/06\/250190-Metallic-Paint-118ml-Closed-280x1024px.jpg\",\"datePublished\":\"2025-06-10T10:22:13+00:00\",\"dateModified\":\"2026-04-14T12:31:26+00:00\",\"description\":\"Die Farbe \u201eTraditionelles Gold\u201c ist ein warmer, antik inspirierter Goldton, beeinflusst von einigen der ikonischsten Interieurs der Welt.\",\"breadcrumb\":{\"@id\":\"https:\/\/www.anniesloan.com\/de\/produkt\/wachse-und-finishes\/metallic-paint-118ml-traditional-gold\/#breadcrumb\"},\"inLanguage\":\"de-DE\",\"potentialAction\":[{\"@type\":\"ReadAction\",\"target\":[\"https:\/\/www.anniesloan.com\/de\/produkt\/wachse-und-finishes\/metallic-paint-118ml-traditional-gold\/\"]}]},{\"@type\":\"ImageObject\",\"inLanguage\":\"de-DE\",\"@id\":\"https:\/\/www.anniesloan.com\/de\/produkt\/wachse-und-finishes\/metallic-paint-118ml-traditional-gold\/#primaryimage\",\"url\":\"https:\/\/www.anniesloan.com\/de\/wp-content\/uploads\/sites\/3\/2025\/06\/250190-Metallic-Paint-118ml-Closed-280x1024px.jpg\",\"contentUrl\":\"https:\/\/www.anniesloan.com\/de\/wp-content\/uploads\/sites\/3\/2025\/06\/250190-Metallic-Paint-118ml-Closed-280x1024px.jpg\",\"width\":992,\"height\":1024,\"caption\":\"Annie Sloan - Metallic Paint 118ml tin\"},{\"@type\":\"BreadcrumbList\",\"@id\":\"https:\/\/www.anniesloan.com\/de\/produkt\/wachse-und-finishes\/metallic-paint-118ml-traditional-gold\/#breadcrumb\",\"itemListElement\":[{\"@type\":\"ListItem\",\"position\":1,\"name\":\"Produkte\",\"item\":\"https:\/\/www.anniesloan.com\/de\/produkte\/\"},{\"@type\":\"ListItem\",\"position\":2,\"name\":\"Wachse und Finishes\",\"item\":\"https:\/\/www.anniesloan.com\/de\/produkte\/wachse-und-finishes\/\"},{\"@type\":\"ListItem\",\"position\":3,\"name\":\"Metallische Farbe 118\u202fml \u2013 Traditionelles Gold\"}]},{\"@type\":\"WebSite\",\"@id\":\"https:\/\/www.anniesloan.com\/de\/#website\",\"url\":\"https:\/\/www.anniesloan.com\/de\/\",\"name\":\"Annie Sloan DE\",\"description\":\"Die Heimat der Chalk Paint\u2122\",\"potentialAction\":[{\"@type\":\"SearchAction\",\"target\":{\"@type\":\"EntryPoint\",\"urlTemplate\":\"https:\/\/www.anniesloan.com\/de\/?s={search_term_string}\"},\"query-input\":{\"@type\":\"PropertyValueSpecification\",\"valueRequired\":true,\"valueName\":\"search_term_string\"}}],\"inLanguage\":\"de-DE\"}]}<\/script>\n<meta property=\"product:price:amount\" content=\"15.95\" \/>\n<meta property=\"product:price:currency\" content=\"EUR\" \/>\n<meta property=\"og:availability\" content=\"instock\" \/>\n<meta property=\"product:availability\" content=\"instock\" \/>\n<meta property=\"product:retailer_item_id\" content=\"MPTG001.1002.01\" \/>\n<meta property=\"product:condition\" content=\"new\" \/>\n<!-- \/ Yoast SEO Premium plugin. -->","yoast_head_json":{"title":"Metallische Farbe 118\u202fml \u2013 Traditionelles Gold | Annie Sloan DE","description":"Die Farbe \u201eTraditionelles Gold\u201c ist ein warmer, antik inspirierter Goldton, beeinflusst von einigen der ikonischsten Interieurs der Welt.","robots":{"index":"index","follow":"follow","max-snippet":"max-snippet:-1","max-image-preview":"max-image-preview:large","max-video-preview":"max-video-preview:-1"},"canonical":"https:\/\/www.anniesloan.com\/de\/produkt\/wachse-und-finishes\/metallic-paint-118ml-traditional-gold\/","og_locale":"de_DE","og_type":"article","og_title":"Metallische Farbe 118\u202fml \u2013 Traditionelles Gold","og_description":"Die Farbe \u201eTraditionelles Gold\u201c ist ein warmer, antik inspirierter Goldton, beeinflusst von einigen der ikonischsten Interieurs der Welt.","og_url":"https:\/\/www.anniesloan.com\/de\/produkt\/wachse-und-finishes\/metallic-paint-118ml-traditional-gold\/","og_site_name":"Annie Sloan DE","article_modified_time":"2026-04-14T12:31:26+00:00","og_image":[{"width":992,"height":1024,"url":"https:\/\/www.anniesloan.com\/de\/wp-content\/uploads\/sites\/3\/2025\/06\/250190-Metallic-Paint-118ml-Closed-280x1024px.jpg","type":"image\/jpeg"}],"twitter_card":"summary_large_image","twitter_misc":{"Price":"15.95&euro;","Availability":"In stock"},"schema":{"@context":"https:\/\/schema.org","@graph":[{"@type":"WebPage","@id":"https:\/\/www.anniesloan.com\/de\/produkt\/wachse-und-finishes\/metallic-paint-118ml-traditional-gold\/","url":"https:\/\/www.anniesloan.com\/de\/produkt\/wachse-und-finishes\/metallic-paint-118ml-traditional-gold\/","name":"Metallische Farbe 118\u202fml \u2013 Traditionelles Gold | Annie Sloan DE","isPartOf":{"@id":"https:\/\/www.anniesloan.com\/de\/#website"},"primaryImageOfPage":{"@id":"https:\/\/www.anniesloan.com\/de\/produkt\/wachse-und-finishes\/metallic-paint-118ml-traditional-gold\/#primaryimage"},"image":{"@id":"https:\/\/www.anniesloan.com\/de\/produkt\/wachse-und-finishes\/metallic-paint-118ml-traditional-gold\/#primaryimage"},"thumbnailUrl":"https:\/\/www.anniesloan.com\/de\/wp-content\/uploads\/sites\/3\/2025\/06\/250190-Metallic-Paint-118ml-Closed-280x1024px.jpg","datePublished":"2025-06-10T10:22:13+00:00","dateModified":"2026-04-14T12:31:26+00:00","description":"Die Farbe \u201eTraditionelles Gold\u201c ist ein warmer, antik inspirierter Goldton, beeinflusst von einigen der ikonischsten Interieurs der Welt.","breadcrumb":{"@id":"https:\/\/www.anniesloan.com\/de\/produkt\/wachse-und-finishes\/metallic-paint-118ml-traditional-gold\/#breadcrumb"},"inLanguage":"de-DE","potentialAction":[{"@type":"ReadAction","target":["https:\/\/www.anniesloan.com\/de\/produkt\/wachse-und-finishes\/metallic-paint-118ml-traditional-gold\/"]}]},{"@type":"ImageObject","inLanguage":"de-DE","@id":"https:\/\/www.anniesloan.com\/de\/produkt\/wachse-und-finishes\/metallic-paint-118ml-traditional-gold\/#primaryimage","url":"https:\/\/www.anniesloan.com\/de\/wp-content\/uploads\/sites\/3\/2025\/06\/250190-Metallic-Paint-118ml-Closed-280x1024px.jpg","contentUrl":"https:\/\/www.anniesloan.com\/de\/wp-content\/uploads\/sites\/3\/2025\/06\/250190-Metallic-Paint-118ml-Closed-280x1024px.jpg","width":992,"height":1024,"caption":"Annie Sloan - Metallic Paint 118ml tin"},{"@type":"BreadcrumbList","@id":"https:\/\/www.anniesloan.com\/de\/produkt\/wachse-und-finishes\/metallic-paint-118ml-traditional-gold\/#breadcrumb","itemListElement":[{"@type":"ListItem","position":1,"name":"Produkte","item":"https:\/\/www.anniesloan.com\/de\/produkte\/"},{"@type":"ListItem","position":2,"name":"Wachse und Finishes","item":"https:\/\/www.anniesloan.com\/de\/produkte\/wachse-und-finishes\/"},{"@type":"ListItem","position":3,"name":"Metallische Farbe 118\u202fml \u2013 Traditionelles Gold"}]},{"@type":"WebSite","@id":"https:\/\/www.anniesloan.com\/de\/#website","url":"https:\/\/www.anniesloan.com\/de\/","name":"Annie Sloan DE","description":"Die Heimat der Chalk Paint\u2122","potentialAction":[{"@type":"SearchAction","target":{"@type":"EntryPoint","urlTemplate":"https:\/\/www.anniesloan.com\/de\/?s={search_term_string}"},"query-input":{"@type":"PropertyValueSpecification","valueRequired":true,"valueName":"search_term_string"}}],"inLanguage":"de-DE"}]},"product_price_amount":"15.95","product_price_currency":"EUR","og_availability":"instock","product_availability":"instock","product_retailer_item_id":"MPTG001.1002.01","product_condition":"new"},"_links":{"self":[{"href":"https:\/\/www.anniesloan.com\/de\/wp-json\/wp\/v2\/product\/48862","targetHints":{"allow":["GET"]}}],"collection":[{"href":"https:\/\/www.anniesloan.com\/de\/wp-json\/wp\/v2\/product"}],"about":[{"href":"https:\/\/www.anniesloan.com\/de\/wp-json\/wp\/v2\/types\/product"}],"wp:featuredmedia":[{"embeddable":true,"href":"https:\/\/www.anniesloan.com\/de\/wp-json\/wp\/v2\/media\/48863"}],"wp:attachment":[{"href":"https:\/\/www.anniesloan.com\/de\/wp-json\/wp\/v2\/media?parent=48862"}],"wp:term":[{"taxonomy":"product_brand","embeddable":true,"href":"https:\/\/www.anniesloan.com\/de\/wp-json\/wp\/v2\/product_brand?post=48862"},{"taxonomy":"product_cat","embeddable":true,"href":"https:\/\/www.anniesloan.com\/de\/wp-json\/wp\/v2\/product_cat?post=48862"},{"taxonomy":"product_tag","embeddable":true,"href":"https:\/\/www.anniesloan.com\/de\/wp-json\/wp\/v2\/product_tag?post=48862"}],"curies":[{"name":"wp","href":"https:\/\/api.w.org\/{rel}","templated":true}]}}