{"id":48373,"date":"2025-04-08T09:47:12","date_gmt":"2025-04-08T08:47:12","guid":{"rendered":"https:\/\/www.anniesloan.com\/?post_type=product&#038;p=165202"},"modified":"2026-01-09T12:02:07","modified_gmt":"2026-01-09T11:02:07","slug":"colourful-living-book-signed-by-annie-sloan","status":"publish","type":"product","link":"https:\/\/www.anniesloan.com\/de\/produkt\/bucher\/colourful-living-book-signed-by-annie-sloan\/","title":{"rendered":"Colourful Living"},"content":{"rendered":"","protected":false},"excerpt":{"rendered":"<p>In Colourful Living stellt Annie Sloan 30 inspirierende Upcycling-Projekte vor, mit denen Sie alten M\u00f6beln neues Leben einhauchen.<br \/>\nJedes Projekt verwandelt ein Flohmarktst\u00fcck oder online gefundenes M\u00f6bel in ein echtes Unikat. Annie gibt praktische Tipps, wie man besondere St\u00fccke entdeckt \u2013 ob auf dem Tr\u00f6delmarkt oder im Netz.<\/p>\n<p>Die Projekte sind nach Zeitaufwand sortiert \u2013 vom schnellen Nachmittagsprojekt bis zum Wochenendvorhaben. Die Techniken reichen von Streichen \u00fcber Vergolden und Stofff\u00e4rben bis hin zu Drucken und Schablonieren \u2013 leicht verst\u00e4ndlich erkl\u00e4rt mit Schritt-f\u00fcr-Schritt-Fotos.<\/p>\n<p>Das ist Annie Sloans 27. Buch, erh\u00e4ltlich ab dem 8. April 2025.<\/p>\n<p>Erschienen bei CICO Books \u00a9 CICO Books<\/p>\n","protected":false},"featured_media":48399,"template":"","meta":{"_acf_changed":false,"_relevanssi_hide_post":"","_relevanssi_hide_content":"","_relevanssi_pin_for_all":"","_relevanssi_pin_keywords":"","_relevanssi_unpin_keywords":"","_relevanssi_related_keywords":"","_relevanssi_related_include_ids":"","_relevanssi_related_exclude_ids":"","_relevanssi_related_no_append":"","_relevanssi_related_not_related":"","_relevanssi_related_posts":"","_relevanssi_noindex_reason":""},"product_brand":[],"product_cat":[1172,66],"product_tag":[1109],"class_list":{"0":"post-48373","1":"product","2":"type-product","3":"status-publish","4":"has-post-thumbnail","6":"product_cat-geschenke-unter-30e","7":"product_cat-bucher","8":"product_tag-buecher","10":"first","11":"outofstock","12":"taxable","13":"shipping-taxable","14":"purchasable","15":"product-type-simple"},"acf":[],"yoast_head":"<!-- This site is optimized with the Yoast SEO Premium plugin v26.5 (Yoast SEO v26.5) - https:\/\/yoast.com\/wordpress\/plugins\/seo\/ -->\n<title>Colourful Living Book, Signed by Annie Sloan<\/title>\n<meta name=\"description\" content=\"In Colourful Living stellt Annie Sloan 30 inspirierende Upcycling-Projekte vor, mit denen Sie alten M\u00f6beln neues Leben einhauchen.\" \/>\n<meta name=\"robots\" content=\"index, follow, max-snippet:-1, max-image-preview:large, max-video-preview:-1\" \/>\n<link rel=\"canonical\" href=\"https:\/\/www.anniesloan.com\/de\/produkt\/bucher\/colourful-living-book-signed-by-annie-sloan\/\" \/>\n<meta property=\"og:locale\" content=\"de_DE\" \/>\n<meta property=\"og:type\" content=\"article\" \/>\n<meta property=\"og:title\" content=\"Colourful Living\" \/>\n<meta property=\"og:description\" content=\"In Colourful Living stellt Annie Sloan 30 inspirierende Upcycling-Projekte vor, mit denen Sie alten M\u00f6beln neues Leben einhauchen.\" \/>\n<meta property=\"og:url\" content=\"https:\/\/www.anniesloan.com\/de\/produkt\/bucher\/colourful-living-book-signed-by-annie-sloan\/\" \/>\n<meta property=\"og:site_name\" content=\"Annie Sloan DE\" \/>\n<meta property=\"article:modified_time\" content=\"2026-01-09T11:02:07+00:00\" \/>\n<meta property=\"og:image\" content=\"https:\/\/www.anniesloan.com\/de\/wp-content\/uploads\/sites\/3\/2025\/04\/250143-Web-Image-Colourful-living-Bk-L_1280x1024px.jpg\" \/>\n\t<meta property=\"og:image:width\" content=\"1280\" \/>\n\t<meta property=\"og:image:height\" content=\"1024\" \/>\n\t<meta property=\"og:image:type\" content=\"image\/jpeg\" \/>\n<meta name=\"twitter:card\" content=\"summary_large_image\" \/>\n<meta name=\"twitter:label1\" content=\"Price\" \/>\n\t<meta name=\"twitter:data1\" content=\"22.95&euro;\" \/>\n\t<meta name=\"twitter:label2\" content=\"Availability\" \/>\n\t<meta name=\"twitter:data2\" content=\"Out of stock\" \/>\n<script type=\"application\/ld+json\" class=\"yoast-schema-graph\">{\"@context\":\"https:\/\/schema.org\",\"@graph\":[{\"@type\":\"WebPage\",\"@id\":\"https:\/\/www.anniesloan.com\/de\/produkt\/bucher\/colourful-living-book-signed-by-annie-sloan\/\",\"url\":\"https:\/\/www.anniesloan.com\/de\/produkt\/bucher\/colourful-living-book-signed-by-annie-sloan\/\",\"name\":\"Colourful Living Book, Signed by Annie Sloan\",\"isPartOf\":{\"@id\":\"https:\/\/www.anniesloan.com\/de\/#website\"},\"primaryImageOfPage\":{\"@id\":\"https:\/\/www.anniesloan.com\/de\/produkt\/bucher\/colourful-living-book-signed-by-annie-sloan\/#primaryimage\"},\"image\":{\"@id\":\"https:\/\/www.anniesloan.com\/de\/produkt\/bucher\/colourful-living-book-signed-by-annie-sloan\/#primaryimage\"},\"thumbnailUrl\":\"https:\/\/www.anniesloan.com\/de\/wp-content\/uploads\/sites\/3\/2025\/04\/250143-Web-Image-Colourful-living-Bk-L_1280x1024px.jpg\",\"datePublished\":\"2025-04-08T08:47:12+00:00\",\"dateModified\":\"2026-01-09T11:02:07+00:00\",\"description\":\"In Colourful Living stellt Annie Sloan 30 inspirierende Upcycling-Projekte vor, mit denen Sie alten M\u00f6beln neues Leben einhauchen.\",\"breadcrumb\":{\"@id\":\"https:\/\/www.anniesloan.com\/de\/produkt\/bucher\/colourful-living-book-signed-by-annie-sloan\/#breadcrumb\"},\"inLanguage\":\"de-DE\",\"potentialAction\":[{\"@type\":\"ReadAction\",\"target\":[\"https:\/\/www.anniesloan.com\/de\/produkt\/bucher\/colourful-living-book-signed-by-annie-sloan\/\"]}]},{\"@type\":\"ImageObject\",\"inLanguage\":\"de-DE\",\"@id\":\"https:\/\/www.anniesloan.com\/de\/produkt\/bucher\/colourful-living-book-signed-by-annie-sloan\/#primaryimage\",\"url\":\"https:\/\/www.anniesloan.com\/de\/wp-content\/uploads\/sites\/3\/2025\/04\/250143-Web-Image-Colourful-living-Bk-L_1280x1024px.jpg\",\"contentUrl\":\"https:\/\/www.anniesloan.com\/de\/wp-content\/uploads\/sites\/3\/2025\/04\/250143-Web-Image-Colourful-living-Bk-L_1280x1024px.jpg\",\"width\":1280,\"height\":1024},{\"@type\":\"BreadcrumbList\",\"@id\":\"https:\/\/www.anniesloan.com\/de\/produkt\/bucher\/colourful-living-book-signed-by-annie-sloan\/#breadcrumb\",\"itemListElement\":[{\"@type\":\"ListItem\",\"position\":1,\"name\":\"Produkte\",\"item\":\"https:\/\/www.anniesloan.com\/de\/produkte\/\"},{\"@type\":\"ListItem\",\"position\":2,\"name\":\"B\u00fccher\",\"item\":\"https:\/\/www.anniesloan.com\/de\/produkte\/bucher\/\"},{\"@type\":\"ListItem\",\"position\":3,\"name\":\"Colourful Living\"}]},{\"@type\":\"WebSite\",\"@id\":\"https:\/\/www.anniesloan.com\/de\/#website\",\"url\":\"https:\/\/www.anniesloan.com\/de\/\",\"name\":\"Annie Sloan DE\",\"description\":\"Die Heimat der Chalk Paint\u2122\",\"potentialAction\":[{\"@type\":\"SearchAction\",\"target\":{\"@type\":\"EntryPoint\",\"urlTemplate\":\"https:\/\/www.anniesloan.com\/de\/?s={search_term_string}\"},\"query-input\":{\"@type\":\"PropertyValueSpecification\",\"valueRequired\":true,\"valueName\":\"search_term_string\"}}],\"inLanguage\":\"de-DE\"}]}<\/script>\n<meta property=\"product:price:amount\" content=\"22.95\" \/>\n<meta property=\"product:price:currency\" content=\"EUR\" \/>\n<meta property=\"og:availability\" content=\"out of stock\" \/>\n<meta property=\"product:availability\" content=\"out of stock\" \/>\n<meta property=\"product:retailer_item_id\" content=\"BCOLL59.GB01.01\" \/>\n<meta property=\"product:condition\" content=\"new\" \/>\n<!-- \/ Yoast SEO Premium plugin. -->","yoast_head_json":{"title":"Colourful Living Book, Signed by Annie Sloan","description":"In Colourful Living stellt Annie Sloan 30 inspirierende Upcycling-Projekte vor, mit denen Sie alten M\u00f6beln neues Leben einhauchen.","robots":{"index":"index","follow":"follow","max-snippet":"max-snippet:-1","max-image-preview":"max-image-preview:large","max-video-preview":"max-video-preview:-1"},"canonical":"https:\/\/www.anniesloan.com\/de\/produkt\/bucher\/colourful-living-book-signed-by-annie-sloan\/","og_locale":"de_DE","og_type":"article","og_title":"Colourful Living","og_description":"In Colourful Living stellt Annie Sloan 30 inspirierende Upcycling-Projekte vor, mit denen Sie alten M\u00f6beln neues Leben einhauchen.","og_url":"https:\/\/www.anniesloan.com\/de\/produkt\/bucher\/colourful-living-book-signed-by-annie-sloan\/","og_site_name":"Annie Sloan DE","article_modified_time":"2026-01-09T11:02:07+00:00","og_image":[{"width":1280,"height":1024,"url":"https:\/\/www.anniesloan.com\/de\/wp-content\/uploads\/sites\/3\/2025\/04\/250143-Web-Image-Colourful-living-Bk-L_1280x1024px.jpg","type":"image\/jpeg"}],"twitter_card":"summary_large_image","twitter_misc":{"Price":"22.95&euro;","Availability":"Out of stock"},"schema":{"@context":"https:\/\/schema.org","@graph":[{"@type":"WebPage","@id":"https:\/\/www.anniesloan.com\/de\/produkt\/bucher\/colourful-living-book-signed-by-annie-sloan\/","url":"https:\/\/www.anniesloan.com\/de\/produkt\/bucher\/colourful-living-book-signed-by-annie-sloan\/","name":"Colourful Living Book, Signed by Annie Sloan","isPartOf":{"@id":"https:\/\/www.anniesloan.com\/de\/#website"},"primaryImageOfPage":{"@id":"https:\/\/www.anniesloan.com\/de\/produkt\/bucher\/colourful-living-book-signed-by-annie-sloan\/#primaryimage"},"image":{"@id":"https:\/\/www.anniesloan.com\/de\/produkt\/bucher\/colourful-living-book-signed-by-annie-sloan\/#primaryimage"},"thumbnailUrl":"https:\/\/www.anniesloan.com\/de\/wp-content\/uploads\/sites\/3\/2025\/04\/250143-Web-Image-Colourful-living-Bk-L_1280x1024px.jpg","datePublished":"2025-04-08T08:47:12+00:00","dateModified":"2026-01-09T11:02:07+00:00","description":"In Colourful Living stellt Annie Sloan 30 inspirierende Upcycling-Projekte vor, mit denen Sie alten M\u00f6beln neues Leben einhauchen.","breadcrumb":{"@id":"https:\/\/www.anniesloan.com\/de\/produkt\/bucher\/colourful-living-book-signed-by-annie-sloan\/#breadcrumb"},"inLanguage":"de-DE","potentialAction":[{"@type":"ReadAction","target":["https:\/\/www.anniesloan.com\/de\/produkt\/bucher\/colourful-living-book-signed-by-annie-sloan\/"]}]},{"@type":"ImageObject","inLanguage":"de-DE","@id":"https:\/\/www.anniesloan.com\/de\/produkt\/bucher\/colourful-living-book-signed-by-annie-sloan\/#primaryimage","url":"https:\/\/www.anniesloan.com\/de\/wp-content\/uploads\/sites\/3\/2025\/04\/250143-Web-Image-Colourful-living-Bk-L_1280x1024px.jpg","contentUrl":"https:\/\/www.anniesloan.com\/de\/wp-content\/uploads\/sites\/3\/2025\/04\/250143-Web-Image-Colourful-living-Bk-L_1280x1024px.jpg","width":1280,"height":1024},{"@type":"BreadcrumbList","@id":"https:\/\/www.anniesloan.com\/de\/produkt\/bucher\/colourful-living-book-signed-by-annie-sloan\/#breadcrumb","itemListElement":[{"@type":"ListItem","position":1,"name":"Produkte","item":"https:\/\/www.anniesloan.com\/de\/produkte\/"},{"@type":"ListItem","position":2,"name":"B\u00fccher","item":"https:\/\/www.anniesloan.com\/de\/produkte\/bucher\/"},{"@type":"ListItem","position":3,"name":"Colourful Living"}]},{"@type":"WebSite","@id":"https:\/\/www.anniesloan.com\/de\/#website","url":"https:\/\/www.anniesloan.com\/de\/","name":"Annie Sloan DE","description":"Die Heimat der Chalk Paint\u2122","potentialAction":[{"@type":"SearchAction","target":{"@type":"EntryPoint","urlTemplate":"https:\/\/www.anniesloan.com\/de\/?s={search_term_string}"},"query-input":{"@type":"PropertyValueSpecification","valueRequired":true,"valueName":"search_term_string"}}],"inLanguage":"de-DE"}]},"product_price_amount":"22.95","product_price_currency":"EUR","og_availability":"out of stock","product_availability":"out of stock","product_retailer_item_id":"BCOLL59.GB01.01","product_condition":"new"},"_links":{"self":[{"href":"https:\/\/www.anniesloan.com\/de\/wp-json\/wp\/v2\/product\/48373","targetHints":{"allow":["GET"]}}],"collection":[{"href":"https:\/\/www.anniesloan.com\/de\/wp-json\/wp\/v2\/product"}],"about":[{"href":"https:\/\/www.anniesloan.com\/de\/wp-json\/wp\/v2\/types\/product"}],"wp:featuredmedia":[{"embeddable":true,"href":"https:\/\/www.anniesloan.com\/de\/wp-json\/wp\/v2\/media\/48399"}],"wp:attachment":[{"href":"https:\/\/www.anniesloan.com\/de\/wp-json\/wp\/v2\/media?parent=48373"}],"wp:term":[{"taxonomy":"product_brand","embeddable":true,"href":"https:\/\/www.anniesloan.com\/de\/wp-json\/wp\/v2\/product_brand?post=48373"},{"taxonomy":"product_cat","embeddable":true,"href":"https:\/\/www.anniesloan.com\/de\/wp-json\/wp\/v2\/product_cat?post=48373"},{"taxonomy":"product_tag","embeddable":true,"href":"https:\/\/www.anniesloan.com\/de\/wp-json\/wp\/v2\/product_tag?post=48373"}],"curies":[{"name":"wp","href":"https:\/\/api.w.org\/{rel}","templated":true}]}}