{"id":48086,"date":"2025-03-25T13:26:35","date_gmt":"2025-03-25T13:26:35","guid":{"rendered":"https:\/\/www.anniesloan.com\/?post_type=product&#038;p=164900"},"modified":"2026-04-17T16:33:25","modified_gmt":"2026-04-17T14:33:25","slug":"sandalwood-red","status":"publish","type":"product","link":"https:\/\/www.anniesloan.com\/de\/produkt\/chalk-paint\/sandalwood-red\/","title":{"rendered":"Sandalwood Red"},"content":{"rendered":"","protected":false},"excerpt":{"rendered":"<div class=\"TypographyPresentation TypographyPresentation--medium RichText3-paragraph--withVSpacingNormal RichText3-paragraph HighlightSol HighlightSol--buildingBlock\">Sandalwood Red ist ein lebendiges, ausdrucksstarkes Rot mit einem Hauch von Koralle \u2013 inspiriert von den intensiven, gl\u00e4nzenden Lackoberfl\u00e4chen antiker chinesischer M\u00f6bel. Diese Farbe bringt eine frische, dynamische Energie in jeden Raum.<\/div>\n<div class=\"TypographyPresentation TypographyPresentation--medium RichText3-paragraph--withVSpacingNormal RichText3-paragraph HighlightSol HighlightSol--buildingBlock\"><\/div>\n<div class=\"TypographyPresentation TypographyPresentation--medium RichText3-paragraph--withVSpacingNormal RichText3-paragraph HighlightSol HighlightSol--buildingBlock\">Kombiniert mit Athenian Black entsteht ein eleganter, orientalisch inspirierter Look, der besonders vor einer Wand in Carnaby Yellow zur Geltung kommt. Doch Sandalwood Red kann auch eine charmante Retro-Note entfalten \u2013 perfekt f\u00fcr einen Palm Beach Look mit tropischem Flair und spielerischen Mustern. F\u00fcr ein stilvolles Palm-Springs-Ambiente empfehlen sich Kombinationen mit Provence, Capability Green, Paloma, Louis Blue und Coolabah Green.<\/div>\n<div class=\"TypographyPresentation TypographyPresentation--medium RichText3-paragraph--withVSpacingNormal RichText3-paragraph HighlightSol HighlightSol--buildingBlock\"><\/div>\n<div class=\"TypographyPresentation TypographyPresentation--medium RichText3-paragraph--withVSpacingNormal RichText3-paragraph HighlightSol HighlightSol--buildingBlock\">Mit Pure und Antoinette erzeugt Sandalwood Red eine lebendige, aber dennoch harmonische Farbkomposition.<\/div>\n","protected":false},"featured_media":48699,"template":"","meta":{"_acf_changed":false,"_relevanssi_hide_post":"","_relevanssi_hide_content":"","_relevanssi_pin_for_all":"","_relevanssi_pin_keywords":"","_relevanssi_unpin_keywords":"","_relevanssi_related_keywords":"","_relevanssi_related_include_ids":"","_relevanssi_related_exclude_ids":"","_relevanssi_related_no_append":"","_relevanssi_related_not_related":"","_relevanssi_related_posts":"","_relevanssi_noindex_reason":""},"product_brand":[],"product_cat":[19,1177,32,28],"product_tag":[20,1232,1233,1234,1235],"class_list":{"0":"post-48086","1":"product","2":"type-product","3":"status-publish","4":"has-post-thumbnail","6":"product_cat-chalk-paint","7":"product_cat-chalk-paint-in-rot","8":"product_cat-orange","9":"product_cat-rosa","10":"product_tag-chalk-paint","11":"product_tag-coral","12":"product_tag-orange","13":"product_tag-pink","14":"product_tag-red","15":"pa_colour-filter-oranges","16":"pa_colour-filter-rosa","17":"pa_colour-filter-rot","18":"pa_finish-chalk-paint","19":"pa_size-1-liter","20":"pa_size-120-ml","21":"pa_size-500-ml","23":"first","24":"instock","25":"taxable","26":"shipping-taxable","27":"purchasable","28":"product-type-variable"},"acf":[],"yoast_head":"<!-- This site is optimized with the Yoast SEO Premium plugin v26.5 (Yoast SEO v26.5) - https:\/\/yoast.com\/wordpress\/plugins\/seo\/ -->\n<title>Sandalwood Red Chalk Paint | Annie Sloan<\/title>\n<meta name=\"description\" content=\"Sandalwood Red ist ein lebendiges, ausdrucksstarkes Rot mit einem Hauch von Koralle \u2013 inspiriert von den intensiven, gl\u00e4nzenden Lackoberfl\u00e4chen antiker chinesischer M\u00f6bel.\" \/>\n<meta name=\"robots\" content=\"index, follow, max-snippet:-1, max-image-preview:large, max-video-preview:-1\" \/>\n<link rel=\"canonical\" href=\"https:\/\/www.anniesloan.com\/de\/produkt\/chalk-paint\/sandalwood-red\/\" \/>\n<meta property=\"og:locale\" content=\"de_DE\" \/>\n<meta property=\"og:type\" content=\"article\" \/>\n<meta property=\"og:title\" content=\"Sandalwood Red\" \/>\n<meta property=\"og:description\" content=\"Sandalwood Red ist ein lebendiges, ausdrucksstarkes Rot mit einem Hauch von Koralle \u2013 inspiriert von den intensiven, gl\u00e4nzenden Lackoberfl\u00e4chen antiker chinesischer M\u00f6bel.\" \/>\n<meta property=\"og:url\" content=\"https:\/\/www.anniesloan.com\/de\/produkt\/chalk-paint\/sandalwood-red\/\" \/>\n<meta property=\"og:site_name\" content=\"Annie Sloan DE\" \/>\n<meta property=\"article:modified_time\" content=\"2026-04-17T14:33:25+00:00\" \/>\n<meta property=\"og:image\" content=\"https:\/\/www.anniesloan.com\/de\/wp-content\/uploads\/sites\/3\/2025\/03\/RGB-72dpi-Sandalwood-Red-1224x936-1.jpg\" \/>\n\t<meta property=\"og:image:width\" content=\"1224\" \/>\n\t<meta property=\"og:image:height\" content=\"936\" \/>\n\t<meta property=\"og:image:type\" content=\"image\/jpeg\" \/>\n<meta name=\"twitter:card\" content=\"summary_large_image\" \/>\n<meta name=\"twitter:label1\" content=\"Availability\" \/>\n\t<meta name=\"twitter:data1\" content=\"In stock\" \/>\n<script type=\"application\/ld+json\" class=\"yoast-schema-graph\">{\"@context\":\"https:\/\/schema.org\",\"@graph\":[{\"@type\":\"WebPage\",\"@id\":\"https:\/\/www.anniesloan.com\/de\/produkt\/chalk-paint\/sandalwood-red\/\",\"url\":\"https:\/\/www.anniesloan.com\/de\/produkt\/chalk-paint\/sandalwood-red\/\",\"name\":\"Sandalwood Red Chalk Paint | Annie Sloan\",\"isPartOf\":{\"@id\":\"https:\/\/www.anniesloan.com\/de\/#website\"},\"primaryImageOfPage\":{\"@id\":\"https:\/\/www.anniesloan.com\/de\/produkt\/chalk-paint\/sandalwood-red\/#primaryimage\"},\"image\":{\"@id\":\"https:\/\/www.anniesloan.com\/de\/produkt\/chalk-paint\/sandalwood-red\/#primaryimage\"},\"thumbnailUrl\":\"https:\/\/www.anniesloan.com\/de\/wp-content\/uploads\/sites\/3\/2025\/03\/RGB-72dpi-Sandalwood-Red-1224x936-1.jpg\",\"datePublished\":\"2025-03-25T13:26:35+00:00\",\"dateModified\":\"2026-04-17T14:33:25+00:00\",\"description\":\"Sandalwood Red ist ein lebendiges, ausdrucksstarkes Rot mit einem Hauch von Koralle \u2013 inspiriert von den intensiven, gl\u00e4nzenden Lackoberfl\u00e4chen antiker chinesischer M\u00f6bel.\",\"breadcrumb\":{\"@id\":\"https:\/\/www.anniesloan.com\/de\/produkt\/chalk-paint\/sandalwood-red\/#breadcrumb\"},\"inLanguage\":\"de-DE\",\"potentialAction\":[{\"@type\":\"ReadAction\",\"target\":[\"https:\/\/www.anniesloan.com\/de\/produkt\/chalk-paint\/sandalwood-red\/\"]}]},{\"@type\":\"ImageObject\",\"inLanguage\":\"de-DE\",\"@id\":\"https:\/\/www.anniesloan.com\/de\/produkt\/chalk-paint\/sandalwood-red\/#primaryimage\",\"url\":\"https:\/\/www.anniesloan.com\/de\/wp-content\/uploads\/sites\/3\/2025\/03\/RGB-72dpi-Sandalwood-Red-1224x936-1.jpg\",\"contentUrl\":\"https:\/\/www.anniesloan.com\/de\/wp-content\/uploads\/sites\/3\/2025\/03\/RGB-72dpi-Sandalwood-Red-1224x936-1.jpg\",\"width\":1224,\"height\":936,\"caption\":\"Annie Sloan - Sandalwood Red Dry Swatch\"},{\"@type\":\"BreadcrumbList\",\"@id\":\"https:\/\/www.anniesloan.com\/de\/produkt\/chalk-paint\/sandalwood-red\/#breadcrumb\",\"itemListElement\":[{\"@type\":\"ListItem\",\"position\":1,\"name\":\"Produkte\",\"item\":\"https:\/\/www.anniesloan.com\/de\/produkte\/\"},{\"@type\":\"ListItem\",\"position\":2,\"name\":\"Chalk Paint\",\"item\":\"https:\/\/www.anniesloan.com\/de\/produkte\/chalk-paint\/\"},{\"@type\":\"ListItem\",\"position\":3,\"name\":\"Sandalwood Red\"}]},{\"@type\":\"WebSite\",\"@id\":\"https:\/\/www.anniesloan.com\/de\/#website\",\"url\":\"https:\/\/www.anniesloan.com\/de\/\",\"name\":\"Annie Sloan DE\",\"description\":\"Die Heimat der Chalk Paint\u2122\",\"potentialAction\":[{\"@type\":\"SearchAction\",\"target\":{\"@type\":\"EntryPoint\",\"urlTemplate\":\"https:\/\/www.anniesloan.com\/de\/?s={search_term_string}\"},\"query-input\":{\"@type\":\"PropertyValueSpecification\",\"valueRequired\":true,\"valueName\":\"search_term_string\"}}],\"inLanguage\":\"de-DE\"}]}<\/script>\n<meta property=\"og:availability\" content=\"instock\" \/>\n<meta property=\"product:availability\" content=\"instock\" \/>\n<meta property=\"product:condition\" content=\"new\" \/>\n<!-- \/ Yoast SEO Premium plugin. -->","yoast_head_json":{"title":"Sandalwood Red Chalk Paint | Annie Sloan","description":"Sandalwood Red ist ein lebendiges, ausdrucksstarkes Rot mit einem Hauch von Koralle \u2013 inspiriert von den intensiven, gl\u00e4nzenden Lackoberfl\u00e4chen antiker chinesischer M\u00f6bel.","robots":{"index":"index","follow":"follow","max-snippet":"max-snippet:-1","max-image-preview":"max-image-preview:large","max-video-preview":"max-video-preview:-1"},"canonical":"https:\/\/www.anniesloan.com\/de\/produkt\/chalk-paint\/sandalwood-red\/","og_locale":"de_DE","og_type":"article","og_title":"Sandalwood Red","og_description":"Sandalwood Red ist ein lebendiges, ausdrucksstarkes Rot mit einem Hauch von Koralle \u2013 inspiriert von den intensiven, gl\u00e4nzenden Lackoberfl\u00e4chen antiker chinesischer M\u00f6bel.","og_url":"https:\/\/www.anniesloan.com\/de\/produkt\/chalk-paint\/sandalwood-red\/","og_site_name":"Annie Sloan DE","article_modified_time":"2026-04-17T14:33:25+00:00","og_image":[{"width":1224,"height":936,"url":"https:\/\/www.anniesloan.com\/de\/wp-content\/uploads\/sites\/3\/2025\/03\/RGB-72dpi-Sandalwood-Red-1224x936-1.jpg","type":"image\/jpeg"}],"twitter_card":"summary_large_image","twitter_misc":{"Availability":"In stock"},"schema":{"@context":"https:\/\/schema.org","@graph":[{"@type":"WebPage","@id":"https:\/\/www.anniesloan.com\/de\/produkt\/chalk-paint\/sandalwood-red\/","url":"https:\/\/www.anniesloan.com\/de\/produkt\/chalk-paint\/sandalwood-red\/","name":"Sandalwood Red Chalk Paint | Annie Sloan","isPartOf":{"@id":"https:\/\/www.anniesloan.com\/de\/#website"},"primaryImageOfPage":{"@id":"https:\/\/www.anniesloan.com\/de\/produkt\/chalk-paint\/sandalwood-red\/#primaryimage"},"image":{"@id":"https:\/\/www.anniesloan.com\/de\/produkt\/chalk-paint\/sandalwood-red\/#primaryimage"},"thumbnailUrl":"https:\/\/www.anniesloan.com\/de\/wp-content\/uploads\/sites\/3\/2025\/03\/RGB-72dpi-Sandalwood-Red-1224x936-1.jpg","datePublished":"2025-03-25T13:26:35+00:00","dateModified":"2026-04-17T14:33:25+00:00","description":"Sandalwood Red ist ein lebendiges, ausdrucksstarkes Rot mit einem Hauch von Koralle \u2013 inspiriert von den intensiven, gl\u00e4nzenden Lackoberfl\u00e4chen antiker chinesischer M\u00f6bel.","breadcrumb":{"@id":"https:\/\/www.anniesloan.com\/de\/produkt\/chalk-paint\/sandalwood-red\/#breadcrumb"},"inLanguage":"de-DE","potentialAction":[{"@type":"ReadAction","target":["https:\/\/www.anniesloan.com\/de\/produkt\/chalk-paint\/sandalwood-red\/"]}]},{"@type":"ImageObject","inLanguage":"de-DE","@id":"https:\/\/www.anniesloan.com\/de\/produkt\/chalk-paint\/sandalwood-red\/#primaryimage","url":"https:\/\/www.anniesloan.com\/de\/wp-content\/uploads\/sites\/3\/2025\/03\/RGB-72dpi-Sandalwood-Red-1224x936-1.jpg","contentUrl":"https:\/\/www.anniesloan.com\/de\/wp-content\/uploads\/sites\/3\/2025\/03\/RGB-72dpi-Sandalwood-Red-1224x936-1.jpg","width":1224,"height":936,"caption":"Annie Sloan - Sandalwood Red Dry Swatch"},{"@type":"BreadcrumbList","@id":"https:\/\/www.anniesloan.com\/de\/produkt\/chalk-paint\/sandalwood-red\/#breadcrumb","itemListElement":[{"@type":"ListItem","position":1,"name":"Produkte","item":"https:\/\/www.anniesloan.com\/de\/produkte\/"},{"@type":"ListItem","position":2,"name":"Chalk Paint","item":"https:\/\/www.anniesloan.com\/de\/produkte\/chalk-paint\/"},{"@type":"ListItem","position":3,"name":"Sandalwood Red"}]},{"@type":"WebSite","@id":"https:\/\/www.anniesloan.com\/de\/#website","url":"https:\/\/www.anniesloan.com\/de\/","name":"Annie Sloan DE","description":"Die Heimat der Chalk Paint\u2122","potentialAction":[{"@type":"SearchAction","target":{"@type":"EntryPoint","urlTemplate":"https:\/\/www.anniesloan.com\/de\/?s={search_term_string}"},"query-input":{"@type":"PropertyValueSpecification","valueRequired":true,"valueName":"search_term_string"}}],"inLanguage":"de-DE"}]},"og_availability":"instock","product_availability":"instock","product_condition":"new"},"_links":{"self":[{"href":"https:\/\/www.anniesloan.com\/de\/wp-json\/wp\/v2\/product\/48086","targetHints":{"allow":["GET"]}}],"collection":[{"href":"https:\/\/www.anniesloan.com\/de\/wp-json\/wp\/v2\/product"}],"about":[{"href":"https:\/\/www.anniesloan.com\/de\/wp-json\/wp\/v2\/types\/product"}],"wp:featuredmedia":[{"embeddable":true,"href":"https:\/\/www.anniesloan.com\/de\/wp-json\/wp\/v2\/media\/48699"}],"wp:attachment":[{"href":"https:\/\/www.anniesloan.com\/de\/wp-json\/wp\/v2\/media?parent=48086"}],"wp:term":[{"taxonomy":"product_brand","embeddable":true,"href":"https:\/\/www.anniesloan.com\/de\/wp-json\/wp\/v2\/product_brand?post=48086"},{"taxonomy":"product_cat","embeddable":true,"href":"https:\/\/www.anniesloan.com\/de\/wp-json\/wp\/v2\/product_cat?post=48086"},{"taxonomy":"product_tag","embeddable":true,"href":"https:\/\/www.anniesloan.com\/de\/wp-json\/wp\/v2\/product_tag?post=48086"}],"curies":[{"name":"wp","href":"https:\/\/api.w.org\/{rel}","templated":true}]}}