{"id":43465,"date":"2023-09-25T10:59:48","date_gmt":"2023-09-25T08:59:48","guid":{"rendered":"https:\/\/www.anniesloan.com\/?post_type=product&#038;p=145345"},"modified":"2025-12-10T11:31:01","modified_gmt":"2025-12-10T10:31:01","slug":"classical-cameo-paint-inlay","status":"publish","type":"product","link":"https:\/\/www.anniesloan.com\/de\/produkt\/schablonen\/classical-cameo-paint-inlay\/","title":{"rendered":"Classical Cameo Paint Inlay"},"content":{"rendered":"","protected":false},"excerpt":{"rendered":"<div>Classical Cameo wurde von Annie Sloan, K\u00fcnstlerin und Erfinderin von Chalk Paint, entworfen und ist eine Anspielung auf die ornamentalen Schnitzereien an Statuen, Geb\u00e4uden und M\u00f6beln des antiken Griechenlands und Roms. Classical Cameo zelebriert typische griechisch-r\u00f6mische Motive wie Lorbeerbl\u00e4tter, ovale Kameen und Portr\u00e4tdarstellungen.<\/div>\n<div><\/div>\n<div>Verwenden Sie Ihre Paint Inlays \u00fcber Kreidefarbe auf Ihren M\u00f6belprojekten, um ein originelles und auff\u00e4lliges, klassisches Aussehen zu schaffen. Wenn das Papier entfernt wird, bleibt ein gemaltes, leicht abgenutztes Design zur\u00fcck.<\/div>\n","protected":false},"featured_media":43466,"template":"","meta":{"_acf_changed":false,"_relevanssi_hide_post":"","_relevanssi_hide_content":"","_relevanssi_pin_for_all":"","_relevanssi_pin_keywords":"","_relevanssi_unpin_keywords":"","_relevanssi_related_keywords":"","_relevanssi_related_include_ids":"","_relevanssi_related_exclude_ids":"","_relevanssi_related_no_append":"","_relevanssi_related_not_related":"","_relevanssi_related_posts":"","_relevanssi_noindex_reason":""},"product_brand":[],"product_cat":[58,65],"product_tag":[],"class_list":{"0":"post-43465","1":"product","2":"type-product","3":"status-publish","4":"has-post-thumbnail","6":"product_cat-schablonen","7":"product_cat-geschenkideen-und-sets","9":"first","10":"instock","11":"taxable","12":"shipping-taxable","13":"purchasable","14":"product-type-simple"},"acf":[],"yoast_head":"<!-- This site is optimized with the Yoast SEO Premium plugin v26.5 (Yoast SEO v26.5) - https:\/\/yoast.com\/wordpress\/plugins\/seo\/ -->\n<title>Classical Cameo Paint Inlay | Annie Sloan<\/title>\n<meta name=\"description\" content=\"Verwenden Sie Annie Sloan Paint Inlays \u00fcber Kreidefarbe auf Ihren M\u00f6belprojekten, um ein originelles und auff\u00e4lliges, klassisches Aussehen zu schaffen.\" \/>\n<meta name=\"robots\" content=\"index, follow, max-snippet:-1, max-image-preview:large, max-video-preview:-1\" \/>\n<link rel=\"canonical\" href=\"https:\/\/www.anniesloan.com\/de\/produkt\/schablonen\/classical-cameo-paint-inlay\/\" \/>\n<meta property=\"og:locale\" content=\"de_DE\" \/>\n<meta property=\"og:type\" content=\"article\" \/>\n<meta property=\"og:title\" content=\"Classical Cameo Paint Inlay\" \/>\n<meta property=\"og:description\" content=\"Verwenden Sie Annie Sloan Paint Inlays \u00fcber Kreidefarbe auf Ihren M\u00f6belprojekten, um ein originelles und auff\u00e4lliges, klassisches Aussehen zu schaffen.\" \/>\n<meta property=\"og:url\" content=\"https:\/\/www.anniesloan.com\/de\/produkt\/schablonen\/classical-cameo-paint-inlay\/\" \/>\n<meta property=\"og:site_name\" content=\"Annie Sloan DE\" \/>\n<meta property=\"article:modified_time\" content=\"2025-12-10T10:31:01+00:00\" \/>\n<meta property=\"og:image\" content=\"https:\/\/www.anniesloan.com\/de\/wp-content\/uploads\/sites\/3\/2023\/09\/230377-Digital-IOD-Cl-Cameo-Inlay-Pk-V2-RGB-1280x1024px.jpg\" \/>\n\t<meta property=\"og:image:width\" content=\"1280\" \/>\n\t<meta property=\"og:image:height\" content=\"1024\" \/>\n\t<meta property=\"og:image:type\" content=\"image\/jpeg\" \/>\n<meta name=\"twitter:card\" content=\"summary_large_image\" \/>\n<meta name=\"twitter:label1\" content=\"Price\" \/>\n\t<meta name=\"twitter:data1\" content=\"59.90&euro;\" \/>\n\t<meta name=\"twitter:label2\" content=\"Availability\" \/>\n\t<meta name=\"twitter:data2\" content=\"In stock\" \/>\n<script type=\"application\/ld+json\" class=\"yoast-schema-graph\">{\"@context\":\"https:\/\/schema.org\",\"@graph\":[{\"@type\":\"WebPage\",\"@id\":\"https:\/\/www.anniesloan.com\/de\/produkt\/schablonen\/classical-cameo-paint-inlay\/\",\"url\":\"https:\/\/www.anniesloan.com\/de\/produkt\/schablonen\/classical-cameo-paint-inlay\/\",\"name\":\"Classical Cameo Paint Inlay | Annie Sloan\",\"isPartOf\":{\"@id\":\"https:\/\/www.anniesloan.com\/de\/#website\"},\"primaryImageOfPage\":{\"@id\":\"https:\/\/www.anniesloan.com\/de\/produkt\/schablonen\/classical-cameo-paint-inlay\/#primaryimage\"},\"image\":{\"@id\":\"https:\/\/www.anniesloan.com\/de\/produkt\/schablonen\/classical-cameo-paint-inlay\/#primaryimage\"},\"thumbnailUrl\":\"https:\/\/www.anniesloan.com\/de\/wp-content\/uploads\/sites\/3\/2023\/09\/230377-Digital-IOD-Cl-Cameo-Inlay-Pk-V2-RGB-1280x1024px.jpg\",\"datePublished\":\"2023-09-25T08:59:48+00:00\",\"dateModified\":\"2025-12-10T10:31:01+00:00\",\"description\":\"Verwenden Sie Annie Sloan Paint Inlays \u00fcber Kreidefarbe auf Ihren M\u00f6belprojekten, um ein originelles und auff\u00e4lliges, klassisches Aussehen zu schaffen.\",\"breadcrumb\":{\"@id\":\"https:\/\/www.anniesloan.com\/de\/produkt\/schablonen\/classical-cameo-paint-inlay\/#breadcrumb\"},\"inLanguage\":\"de-DE\",\"potentialAction\":[{\"@type\":\"ReadAction\",\"target\":[\"https:\/\/www.anniesloan.com\/de\/produkt\/schablonen\/classical-cameo-paint-inlay\/\"]}]},{\"@type\":\"ImageObject\",\"inLanguage\":\"de-DE\",\"@id\":\"https:\/\/www.anniesloan.com\/de\/produkt\/schablonen\/classical-cameo-paint-inlay\/#primaryimage\",\"url\":\"https:\/\/www.anniesloan.com\/de\/wp-content\/uploads\/sites\/3\/2023\/09\/230377-Digital-IOD-Cl-Cameo-Inlay-Pk-V2-RGB-1280x1024px.jpg\",\"contentUrl\":\"https:\/\/www.anniesloan.com\/de\/wp-content\/uploads\/sites\/3\/2023\/09\/230377-Digital-IOD-Cl-Cameo-Inlay-Pk-V2-RGB-1280x1024px.jpg\",\"width\":1280,\"height\":1024,\"caption\":\"IOD inlay product shot\"},{\"@type\":\"BreadcrumbList\",\"@id\":\"https:\/\/www.anniesloan.com\/de\/produkt\/schablonen\/classical-cameo-paint-inlay\/#breadcrumb\",\"itemListElement\":[{\"@type\":\"ListItem\",\"position\":1,\"name\":\"Produkte\",\"item\":\"https:\/\/www.anniesloan.com\/de\/produkte\/\"},{\"@type\":\"ListItem\",\"position\":2,\"name\":\"Schablonen\",\"item\":\"https:\/\/www.anniesloan.com\/de\/produkte\/schablonen\/\"},{\"@type\":\"ListItem\",\"position\":3,\"name\":\"Classical Cameo Paint Inlay\"}]},{\"@type\":\"WebSite\",\"@id\":\"https:\/\/www.anniesloan.com\/de\/#website\",\"url\":\"https:\/\/www.anniesloan.com\/de\/\",\"name\":\"Annie Sloan DE\",\"description\":\"Die Heimat der Chalk Paint\u2122\",\"potentialAction\":[{\"@type\":\"SearchAction\",\"target\":{\"@type\":\"EntryPoint\",\"urlTemplate\":\"https:\/\/www.anniesloan.com\/de\/?s={search_term_string}\"},\"query-input\":{\"@type\":\"PropertyValueSpecification\",\"valueRequired\":true,\"valueName\":\"search_term_string\"}}],\"inLanguage\":\"de-DE\"}]}<\/script>\n<meta property=\"product:price:amount\" content=\"59.90\" \/>\n<meta property=\"product:price:currency\" content=\"EUR\" \/>\n<meta property=\"og:availability\" content=\"instock\" \/>\n<meta property=\"product:availability\" content=\"instock\" \/>\n<meta property=\"product:retailer_item_id\" content=\"BCCLA001.0001.01\" \/>\n<meta property=\"product:condition\" content=\"new\" \/>\n<!-- \/ Yoast SEO Premium plugin. -->","yoast_head_json":{"title":"Classical Cameo Paint Inlay | Annie Sloan","description":"Verwenden Sie Annie Sloan Paint Inlays \u00fcber Kreidefarbe auf Ihren M\u00f6belprojekten, um ein originelles und auff\u00e4lliges, klassisches Aussehen zu schaffen.","robots":{"index":"index","follow":"follow","max-snippet":"max-snippet:-1","max-image-preview":"max-image-preview:large","max-video-preview":"max-video-preview:-1"},"canonical":"https:\/\/www.anniesloan.com\/de\/produkt\/schablonen\/classical-cameo-paint-inlay\/","og_locale":"de_DE","og_type":"article","og_title":"Classical Cameo Paint Inlay","og_description":"Verwenden Sie Annie Sloan Paint Inlays \u00fcber Kreidefarbe auf Ihren M\u00f6belprojekten, um ein originelles und auff\u00e4lliges, klassisches Aussehen zu schaffen.","og_url":"https:\/\/www.anniesloan.com\/de\/produkt\/schablonen\/classical-cameo-paint-inlay\/","og_site_name":"Annie Sloan DE","article_modified_time":"2025-12-10T10:31:01+00:00","og_image":[{"width":1280,"height":1024,"url":"https:\/\/www.anniesloan.com\/de\/wp-content\/uploads\/sites\/3\/2023\/09\/230377-Digital-IOD-Cl-Cameo-Inlay-Pk-V2-RGB-1280x1024px.jpg","type":"image\/jpeg"}],"twitter_card":"summary_large_image","twitter_misc":{"Price":"59.90&euro;","Availability":"In stock"},"schema":{"@context":"https:\/\/schema.org","@graph":[{"@type":"WebPage","@id":"https:\/\/www.anniesloan.com\/de\/produkt\/schablonen\/classical-cameo-paint-inlay\/","url":"https:\/\/www.anniesloan.com\/de\/produkt\/schablonen\/classical-cameo-paint-inlay\/","name":"Classical Cameo Paint Inlay | Annie Sloan","isPartOf":{"@id":"https:\/\/www.anniesloan.com\/de\/#website"},"primaryImageOfPage":{"@id":"https:\/\/www.anniesloan.com\/de\/produkt\/schablonen\/classical-cameo-paint-inlay\/#primaryimage"},"image":{"@id":"https:\/\/www.anniesloan.com\/de\/produkt\/schablonen\/classical-cameo-paint-inlay\/#primaryimage"},"thumbnailUrl":"https:\/\/www.anniesloan.com\/de\/wp-content\/uploads\/sites\/3\/2023\/09\/230377-Digital-IOD-Cl-Cameo-Inlay-Pk-V2-RGB-1280x1024px.jpg","datePublished":"2023-09-25T08:59:48+00:00","dateModified":"2025-12-10T10:31:01+00:00","description":"Verwenden Sie Annie Sloan Paint Inlays \u00fcber Kreidefarbe auf Ihren M\u00f6belprojekten, um ein originelles und auff\u00e4lliges, klassisches Aussehen zu schaffen.","breadcrumb":{"@id":"https:\/\/www.anniesloan.com\/de\/produkt\/schablonen\/classical-cameo-paint-inlay\/#breadcrumb"},"inLanguage":"de-DE","potentialAction":[{"@type":"ReadAction","target":["https:\/\/www.anniesloan.com\/de\/produkt\/schablonen\/classical-cameo-paint-inlay\/"]}]},{"@type":"ImageObject","inLanguage":"de-DE","@id":"https:\/\/www.anniesloan.com\/de\/produkt\/schablonen\/classical-cameo-paint-inlay\/#primaryimage","url":"https:\/\/www.anniesloan.com\/de\/wp-content\/uploads\/sites\/3\/2023\/09\/230377-Digital-IOD-Cl-Cameo-Inlay-Pk-V2-RGB-1280x1024px.jpg","contentUrl":"https:\/\/www.anniesloan.com\/de\/wp-content\/uploads\/sites\/3\/2023\/09\/230377-Digital-IOD-Cl-Cameo-Inlay-Pk-V2-RGB-1280x1024px.jpg","width":1280,"height":1024,"caption":"IOD inlay product shot"},{"@type":"BreadcrumbList","@id":"https:\/\/www.anniesloan.com\/de\/produkt\/schablonen\/classical-cameo-paint-inlay\/#breadcrumb","itemListElement":[{"@type":"ListItem","position":1,"name":"Produkte","item":"https:\/\/www.anniesloan.com\/de\/produkte\/"},{"@type":"ListItem","position":2,"name":"Schablonen","item":"https:\/\/www.anniesloan.com\/de\/produkte\/schablonen\/"},{"@type":"ListItem","position":3,"name":"Classical Cameo Paint Inlay"}]},{"@type":"WebSite","@id":"https:\/\/www.anniesloan.com\/de\/#website","url":"https:\/\/www.anniesloan.com\/de\/","name":"Annie Sloan DE","description":"Die Heimat der Chalk Paint\u2122","potentialAction":[{"@type":"SearchAction","target":{"@type":"EntryPoint","urlTemplate":"https:\/\/www.anniesloan.com\/de\/?s={search_term_string}"},"query-input":{"@type":"PropertyValueSpecification","valueRequired":true,"valueName":"search_term_string"}}],"inLanguage":"de-DE"}]},"product_price_amount":"59.90","product_price_currency":"EUR","og_availability":"instock","product_availability":"instock","product_retailer_item_id":"BCCLA001.0001.01","product_condition":"new"},"_links":{"self":[{"href":"https:\/\/www.anniesloan.com\/de\/wp-json\/wp\/v2\/product\/43465","targetHints":{"allow":["GET"]}}],"collection":[{"href":"https:\/\/www.anniesloan.com\/de\/wp-json\/wp\/v2\/product"}],"about":[{"href":"https:\/\/www.anniesloan.com\/de\/wp-json\/wp\/v2\/types\/product"}],"wp:featuredmedia":[{"embeddable":true,"href":"https:\/\/www.anniesloan.com\/de\/wp-json\/wp\/v2\/media\/43466"}],"wp:attachment":[{"href":"https:\/\/www.anniesloan.com\/de\/wp-json\/wp\/v2\/media?parent=43465"}],"wp:term":[{"taxonomy":"product_brand","embeddable":true,"href":"https:\/\/www.anniesloan.com\/de\/wp-json\/wp\/v2\/product_brand?post=43465"},{"taxonomy":"product_cat","embeddable":true,"href":"https:\/\/www.anniesloan.com\/de\/wp-json\/wp\/v2\/product_cat?post=43465"},{"taxonomy":"product_tag","embeddable":true,"href":"https:\/\/www.anniesloan.com\/de\/wp-json\/wp\/v2\/product_tag?post=43465"}],"curies":[{"name":"wp","href":"https:\/\/api.w.org\/{rel}","templated":true}]}}