{"id":41311,"date":"2023-02-10T10:45:31","date_gmt":"2023-02-10T09:45:31","guid":{"rendered":"https:\/\/www.anniesloan.com\/?post_type=product&#038;p=132121"},"modified":"2026-02-18T08:31:18","modified_gmt":"2026-02-18T07:31:18","slug":"the-colourist-ausgabe-10","status":"publish","type":"product","link":"https:\/\/www.anniesloan.com\/de\/produkt\/bucher\/the-colourist-ausgabe-10\/","title":{"rendered":"The Colourist Ausgabe 10"},"content":{"rendered":"","protected":false},"excerpt":{"rendered":"<p>\u201eThe Colourist\u201c Ausgabe 10 ist da! Diese neutrale Edition enth\u00e4lt eine Farbpalette aus <a href=\"https:\/\/www.anniesloan.com\/de\/produkt\/chalk-paint\/braun\/honfleur\/\">Honfleur<\/a>, <a href=\"https:\/\/www.anniesloan.com\/de\/produkt\/chalk-paint\/grau\/paris-grey\/\">Paris Grey<\/a> und <a href=\"https:\/\/www.anniesloan.com\/de\/produkt\/wall-paint\/old-ochre-wp\/\">Old Ochre<\/a>. Holen Sie sich Ihr Exemplar, um atemberaubende H\u00e4user zu erkunden, wegweisende Designer zu entdecken und sich von kreativen Farbtechniken inspirieren zu lassen, die Sie selbst ausprobieren k\u00f6nnen. Und noch viel mehr!<\/p>\n<p>The Colourist ist ein einzigartiges Bookazine (mit Artikeln \u00e4hnlich wie in einem Magazin \u2013 aber ohne Werbung wie in einem Buch), welches Annie Sloans Leidenschaft f\u00fcr Farbe teilt. Es ist eine zweimal j\u00e4hrlich erscheinende Publikation zum Sammeln mit 132 sorgf\u00e4ltig zusammengestellten Seiten, in einem attraktiven Einband. Lesen Sie mehr, <a href=\"https:\/\/www.anniesloan.com\/de\/info\/the-colourist\/\">hier!<\/a><\/p>\n<p>Erkundigen Sie sich beim Fachh\u00e4ndler in Ihrer N\u00e4he \u00fcber die Verf\u00fcgbarkeit.<\/p>\n","protected":false},"featured_media":41749,"template":"","meta":{"_acf_changed":false,"_relevanssi_hide_post":"","_relevanssi_hide_content":"","_relevanssi_pin_for_all":"","_relevanssi_pin_keywords":"","_relevanssi_unpin_keywords":"","_relevanssi_related_keywords":"","_relevanssi_related_include_ids":"","_relevanssi_related_exclude_ids":"","_relevanssi_related_no_append":"","_relevanssi_related_not_related":"","_relevanssi_related_posts":"","_relevanssi_noindex_reason":""},"product_brand":[],"product_cat":[65,1172,66],"product_tag":[1110,1109,1111,1112,1114],"class_list":{"0":"post-41311","1":"product","2":"type-product","3":"status-publish","4":"has-post-thumbnail","6":"product_cat-geschenkideen-und-sets","7":"product_cat-geschenke-unter-30e","8":"product_cat-bucher","9":"product_tag-bookazine","10":"product_tag-buecher","11":"product_tag-colourist","12":"product_tag-magazine","13":"product_tag-the-colourist","15":"first","16":"instock","17":"taxable","18":"shipping-taxable","19":"purchasable","20":"product-type-simple"},"acf":[],"yoast_head":"<!-- This site is optimized with the Yoast SEO Premium plugin v26.5 (Yoast SEO v26.5) - https:\/\/yoast.com\/wordpress\/plugins\/seo\/ -->\n<title>The Colourist Ausgabe 10 | Bookazine | Annie Sloan<\/title>\n<meta name=\"description\" content=\"Diese Ausgabe ist unsere 10. von Annies Bibel der Inspiration The Colourist. Erwerben Sie diese noch heute online und bei einem Fachh\u00e4ndler in Ihrer N\u00e4he!\" \/>\n<meta name=\"robots\" content=\"index, follow, max-snippet:-1, max-image-preview:large, max-video-preview:-1\" \/>\n<link rel=\"canonical\" href=\"https:\/\/www.anniesloan.com\/de\/produkt\/bucher\/the-colourist-ausgabe-10\/\" \/>\n<meta property=\"og:locale\" content=\"de_DE\" \/>\n<meta property=\"og:type\" content=\"article\" \/>\n<meta property=\"og:title\" content=\"The Colourist Ausgabe 10\" \/>\n<meta property=\"og:description\" content=\"Diese Ausgabe ist unsere 10. von Annies Bibel der Inspiration The Colourist. Erwerben Sie diese noch heute online und bei einem Fachh\u00e4ndler in Ihrer N\u00e4he!\" \/>\n<meta property=\"og:url\" content=\"https:\/\/www.anniesloan.com\/de\/produkt\/bucher\/the-colourist-ausgabe-10\/\" \/>\n<meta property=\"og:site_name\" content=\"Annie Sloan DE\" \/>\n<meta property=\"article:modified_time\" content=\"2026-02-18T07:31:18+00:00\" \/>\n<meta property=\"og:image\" content=\"https:\/\/www.anniesloan.com\/de\/wp-content\/uploads\/sites\/3\/2023\/02\/230032-_Colourist-Issue-10-Front-Cover_1280-x-1024.jpg\" \/>\n\t<meta property=\"og:image:width\" content=\"1280\" \/>\n\t<meta property=\"og:image:height\" content=\"1024\" \/>\n\t<meta property=\"og:image:type\" content=\"image\/jpeg\" \/>\n<meta name=\"twitter:card\" content=\"summary_large_image\" \/>\n<meta name=\"twitter:label1\" content=\"Price\" \/>\n\t<meta name=\"twitter:data1\" content=\"15.95&euro;\" \/>\n\t<meta name=\"twitter:label2\" content=\"Availability\" \/>\n\t<meta name=\"twitter:data2\" content=\"In stock\" \/>\n<script type=\"application\/ld+json\" class=\"yoast-schema-graph\">{\"@context\":\"https:\/\/schema.org\",\"@graph\":[{\"@type\":\"WebPage\",\"@id\":\"https:\/\/www.anniesloan.com\/de\/produkt\/bucher\/the-colourist-ausgabe-10\/\",\"url\":\"https:\/\/www.anniesloan.com\/de\/produkt\/bucher\/the-colourist-ausgabe-10\/\",\"name\":\"The Colourist Ausgabe 10 | Bookazine | Annie Sloan\",\"isPartOf\":{\"@id\":\"https:\/\/www.anniesloan.com\/de\/#website\"},\"primaryImageOfPage\":{\"@id\":\"https:\/\/www.anniesloan.com\/de\/produkt\/bucher\/the-colourist-ausgabe-10\/#primaryimage\"},\"image\":{\"@id\":\"https:\/\/www.anniesloan.com\/de\/produkt\/bucher\/the-colourist-ausgabe-10\/#primaryimage\"},\"thumbnailUrl\":\"https:\/\/www.anniesloan.com\/de\/wp-content\/uploads\/sites\/3\/2023\/02\/230032-_Colourist-Issue-10-Front-Cover_1280-x-1024.jpg\",\"datePublished\":\"2023-02-10T09:45:31+00:00\",\"dateModified\":\"2026-02-18T07:31:18+00:00\",\"description\":\"Diese Ausgabe ist unsere 10. von Annies Bibel der Inspiration The Colourist. Erwerben Sie diese noch heute online und bei einem Fachh\u00e4ndler in Ihrer N\u00e4he!\",\"breadcrumb\":{\"@id\":\"https:\/\/www.anniesloan.com\/de\/produkt\/bucher\/the-colourist-ausgabe-10\/#breadcrumb\"},\"inLanguage\":\"de-DE\",\"potentialAction\":[{\"@type\":\"ReadAction\",\"target\":[\"https:\/\/www.anniesloan.com\/de\/produkt\/bucher\/the-colourist-ausgabe-10\/\"]}]},{\"@type\":\"ImageObject\",\"inLanguage\":\"de-DE\",\"@id\":\"https:\/\/www.anniesloan.com\/de\/produkt\/bucher\/the-colourist-ausgabe-10\/#primaryimage\",\"url\":\"https:\/\/www.anniesloan.com\/de\/wp-content\/uploads\/sites\/3\/2023\/02\/230032-_Colourist-Issue-10-Front-Cover_1280-x-1024.jpg\",\"contentUrl\":\"https:\/\/www.anniesloan.com\/de\/wp-content\/uploads\/sites\/3\/2023\/02\/230032-_Colourist-Issue-10-Front-Cover_1280-x-1024.jpg\",\"width\":1280,\"height\":1024},{\"@type\":\"BreadcrumbList\",\"@id\":\"https:\/\/www.anniesloan.com\/de\/produkt\/bucher\/the-colourist-ausgabe-10\/#breadcrumb\",\"itemListElement\":[{\"@type\":\"ListItem\",\"position\":1,\"name\":\"Produkte\",\"item\":\"https:\/\/www.anniesloan.com\/de\/produkte\/\"},{\"@type\":\"ListItem\",\"position\":2,\"name\":\"B\u00fccher\",\"item\":\"https:\/\/www.anniesloan.com\/de\/produkte\/bucher\/\"},{\"@type\":\"ListItem\",\"position\":3,\"name\":\"The Colourist Ausgabe 10\"}]},{\"@type\":\"WebSite\",\"@id\":\"https:\/\/www.anniesloan.com\/de\/#website\",\"url\":\"https:\/\/www.anniesloan.com\/de\/\",\"name\":\"Annie Sloan DE\",\"description\":\"Die Heimat der Chalk Paint\u2122\",\"potentialAction\":[{\"@type\":\"SearchAction\",\"target\":{\"@type\":\"EntryPoint\",\"urlTemplate\":\"https:\/\/www.anniesloan.com\/de\/?s={search_term_string}\"},\"query-input\":{\"@type\":\"PropertyValueSpecification\",\"valueRequired\":true,\"valueName\":\"search_term_string\"}}],\"inLanguage\":\"de-DE\"}]}<\/script>\n<meta property=\"product:price:amount\" content=\"15.95\" \/>\n<meta property=\"product:price:currency\" content=\"EUR\" \/>\n<meta property=\"og:availability\" content=\"instock\" \/>\n<meta property=\"product:availability\" content=\"instock\" \/>\n<meta property=\"product:retailer_item_id\" content=\"TCTB010.2301.09\" \/>\n<meta property=\"product:condition\" content=\"new\" \/>\n<!-- \/ Yoast SEO Premium plugin. -->","yoast_head_json":{"title":"The Colourist Ausgabe 10 | Bookazine | Annie Sloan","description":"Diese Ausgabe ist unsere 10. von Annies Bibel der Inspiration The Colourist. Erwerben Sie diese noch heute online und bei einem Fachh\u00e4ndler in Ihrer N\u00e4he!","robots":{"index":"index","follow":"follow","max-snippet":"max-snippet:-1","max-image-preview":"max-image-preview:large","max-video-preview":"max-video-preview:-1"},"canonical":"https:\/\/www.anniesloan.com\/de\/produkt\/bucher\/the-colourist-ausgabe-10\/","og_locale":"de_DE","og_type":"article","og_title":"The Colourist Ausgabe 10","og_description":"Diese Ausgabe ist unsere 10. von Annies Bibel der Inspiration The Colourist. Erwerben Sie diese noch heute online und bei einem Fachh\u00e4ndler in Ihrer N\u00e4he!","og_url":"https:\/\/www.anniesloan.com\/de\/produkt\/bucher\/the-colourist-ausgabe-10\/","og_site_name":"Annie Sloan DE","article_modified_time":"2026-02-18T07:31:18+00:00","og_image":[{"width":1280,"height":1024,"url":"https:\/\/www.anniesloan.com\/de\/wp-content\/uploads\/sites\/3\/2023\/02\/230032-_Colourist-Issue-10-Front-Cover_1280-x-1024.jpg","type":"image\/jpeg"}],"twitter_card":"summary_large_image","twitter_misc":{"Price":"15.95&euro;","Availability":"In stock"},"schema":{"@context":"https:\/\/schema.org","@graph":[{"@type":"WebPage","@id":"https:\/\/www.anniesloan.com\/de\/produkt\/bucher\/the-colourist-ausgabe-10\/","url":"https:\/\/www.anniesloan.com\/de\/produkt\/bucher\/the-colourist-ausgabe-10\/","name":"The Colourist Ausgabe 10 | Bookazine | Annie Sloan","isPartOf":{"@id":"https:\/\/www.anniesloan.com\/de\/#website"},"primaryImageOfPage":{"@id":"https:\/\/www.anniesloan.com\/de\/produkt\/bucher\/the-colourist-ausgabe-10\/#primaryimage"},"image":{"@id":"https:\/\/www.anniesloan.com\/de\/produkt\/bucher\/the-colourist-ausgabe-10\/#primaryimage"},"thumbnailUrl":"https:\/\/www.anniesloan.com\/de\/wp-content\/uploads\/sites\/3\/2023\/02\/230032-_Colourist-Issue-10-Front-Cover_1280-x-1024.jpg","datePublished":"2023-02-10T09:45:31+00:00","dateModified":"2026-02-18T07:31:18+00:00","description":"Diese Ausgabe ist unsere 10. von Annies Bibel der Inspiration The Colourist. Erwerben Sie diese noch heute online und bei einem Fachh\u00e4ndler in Ihrer N\u00e4he!","breadcrumb":{"@id":"https:\/\/www.anniesloan.com\/de\/produkt\/bucher\/the-colourist-ausgabe-10\/#breadcrumb"},"inLanguage":"de-DE","potentialAction":[{"@type":"ReadAction","target":["https:\/\/www.anniesloan.com\/de\/produkt\/bucher\/the-colourist-ausgabe-10\/"]}]},{"@type":"ImageObject","inLanguage":"de-DE","@id":"https:\/\/www.anniesloan.com\/de\/produkt\/bucher\/the-colourist-ausgabe-10\/#primaryimage","url":"https:\/\/www.anniesloan.com\/de\/wp-content\/uploads\/sites\/3\/2023\/02\/230032-_Colourist-Issue-10-Front-Cover_1280-x-1024.jpg","contentUrl":"https:\/\/www.anniesloan.com\/de\/wp-content\/uploads\/sites\/3\/2023\/02\/230032-_Colourist-Issue-10-Front-Cover_1280-x-1024.jpg","width":1280,"height":1024},{"@type":"BreadcrumbList","@id":"https:\/\/www.anniesloan.com\/de\/produkt\/bucher\/the-colourist-ausgabe-10\/#breadcrumb","itemListElement":[{"@type":"ListItem","position":1,"name":"Produkte","item":"https:\/\/www.anniesloan.com\/de\/produkte\/"},{"@type":"ListItem","position":2,"name":"B\u00fccher","item":"https:\/\/www.anniesloan.com\/de\/produkte\/bucher\/"},{"@type":"ListItem","position":3,"name":"The Colourist Ausgabe 10"}]},{"@type":"WebSite","@id":"https:\/\/www.anniesloan.com\/de\/#website","url":"https:\/\/www.anniesloan.com\/de\/","name":"Annie Sloan DE","description":"Die Heimat der Chalk Paint\u2122","potentialAction":[{"@type":"SearchAction","target":{"@type":"EntryPoint","urlTemplate":"https:\/\/www.anniesloan.com\/de\/?s={search_term_string}"},"query-input":{"@type":"PropertyValueSpecification","valueRequired":true,"valueName":"search_term_string"}}],"inLanguage":"de-DE"}]},"product_price_amount":"15.95","product_price_currency":"EUR","og_availability":"instock","product_availability":"instock","product_retailer_item_id":"TCTB010.2301.09","product_condition":"new"},"_links":{"self":[{"href":"https:\/\/www.anniesloan.com\/de\/wp-json\/wp\/v2\/product\/41311","targetHints":{"allow":["GET"]}}],"collection":[{"href":"https:\/\/www.anniesloan.com\/de\/wp-json\/wp\/v2\/product"}],"about":[{"href":"https:\/\/www.anniesloan.com\/de\/wp-json\/wp\/v2\/types\/product"}],"wp:featuredmedia":[{"embeddable":true,"href":"https:\/\/www.anniesloan.com\/de\/wp-json\/wp\/v2\/media\/41749"}],"wp:attachment":[{"href":"https:\/\/www.anniesloan.com\/de\/wp-json\/wp\/v2\/media?parent=41311"}],"wp:term":[{"taxonomy":"product_brand","embeddable":true,"href":"https:\/\/www.anniesloan.com\/de\/wp-json\/wp\/v2\/product_brand?post=41311"},{"taxonomy":"product_cat","embeddable":true,"href":"https:\/\/www.anniesloan.com\/de\/wp-json\/wp\/v2\/product_cat?post=41311"},{"taxonomy":"product_tag","embeddable":true,"href":"https:\/\/www.anniesloan.com\/de\/wp-json\/wp\/v2\/product_tag?post=41311"}],"curies":[{"name":"wp","href":"https:\/\/api.w.org\/{rel}","templated":true}]}}