{"id":41274,"date":"2023-02-03T17:09:01","date_gmt":"2023-02-03T16:09:01","guid":{"rendered":"https:\/\/www.anniesloan.com\/?post_type=product&#038;p=131742"},"modified":"2026-02-27T12:32:55","modified_gmt":"2026-02-27T11:32:55","slug":"upstate-blue-sp","status":"publish","type":"product","link":"https:\/\/www.anniesloan.com\/de\/produkt\/satin-paint\/upstate-blue-sp\/","title":{"rendered":"Upstate Blue"},"content":{"rendered":"","protected":false},"excerpt":{"rendered":"<p>Upstate Blue ist ein sanftes, frisches, lichtreflektierendes Blau, welches die k\u00fcstennahe Raffinesse der Hamptons heraufbeschw\u00f6ren soll.<\/p>\n<p>Verwenden Sie Upstate Blue Satin Paint in stark frequentierten Bereichen oder an Innenelementen wie Kaminen, Heizk\u00f6rpern und Sockelleisten, um eine schlichte, moderne Eleganz zu erzielen.<\/p>\n<p><span style=\"font-weight: 400\"><strong>Erh\u00e4ltlich in 750-ml-Dosen. 750 ml reichen f\u00fcr ungef\u00e4hr 11 m\u00b2 aus.<\/strong><\/span><\/p>\n","protected":false},"featured_media":38652,"template":"","meta":{"_acf_changed":false,"_relevanssi_hide_post":"","_relevanssi_hide_content":"","_relevanssi_pin_for_all":"","_relevanssi_pin_keywords":"","_relevanssi_unpin_keywords":"","_relevanssi_related_keywords":"","_relevanssi_related_include_ids":"","_relevanssi_related_exclude_ids":"","_relevanssi_related_no_append":"","_relevanssi_related_not_related":"","_relevanssi_related_posts":"","_relevanssi_noindex_reason":""},"product_brand":[],"product_cat":[1185,1184],"product_tag":[],"class_list":{"0":"post-41274","1":"product","2":"type-product","3":"status-publish","4":"has-post-thumbnail","6":"product_cat-blau-satin-paint","7":"product_cat-satin-paint","8":"pa_colour-filter-blau","9":"pa_finish-satin-paint","10":"pa_size-750ml","12":"first","13":"outofstock","14":"taxable","15":"shipping-taxable","16":"purchasable","17":"product-type-simple"},"acf":[],"yoast_head":"<!-- This site is optimized with the Yoast SEO Premium plugin v26.5 (Yoast SEO v26.5) - https:\/\/yoast.com\/wordpress\/plugins\/seo\/ -->\n<title>Blaue Satin Paint | Upstate Blue | Annie Sloan<\/title>\n<meta name=\"description\" content=\"Upstate Blue ist eine frische, lichtreflektierende blaue Satin Paint f\u00fcr Holz und Metall im Innenbereich. Erwerben Sie diese noch heute online!\" \/>\n<meta name=\"robots\" content=\"index, follow, max-snippet:-1, max-image-preview:large, max-video-preview:-1\" \/>\n<link rel=\"canonical\" href=\"https:\/\/www.anniesloan.com\/de\/produkt\/satin-paint\/upstate-blue-sp\/\" \/>\n<meta property=\"og:locale\" content=\"de_DE\" \/>\n<meta property=\"og:type\" content=\"article\" \/>\n<meta property=\"og:title\" content=\"Upstate Blue\" \/>\n<meta property=\"og:description\" content=\"Upstate Blue ist eine frische, lichtreflektierende blaue Satin Paint f\u00fcr Holz und Metall im Innenbereich. Erwerben Sie diese noch heute online!\" \/>\n<meta property=\"og:url\" content=\"https:\/\/www.anniesloan.com\/de\/produkt\/satin-paint\/upstate-blue-sp\/\" \/>\n<meta property=\"og:site_name\" content=\"Annie Sloan DE\" \/>\n<meta property=\"article:modified_time\" content=\"2026-02-27T11:32:55+00:00\" \/>\n<meta property=\"og:image\" content=\"https:\/\/www.anniesloan.com\/de\/wp-content\/uploads\/sites\/3\/2021\/09\/NEWRGB-72dpi-Upstate-Blue.jpg\" \/>\n\t<meta property=\"og:image:width\" content=\"1224\" \/>\n\t<meta property=\"og:image:height\" content=\"936\" \/>\n\t<meta property=\"og:image:type\" content=\"image\/jpeg\" \/>\n<meta name=\"twitter:card\" content=\"summary_large_image\" \/>\n<meta name=\"twitter:label1\" content=\"Price\" \/>\n\t<meta name=\"twitter:data1\" content=\"38.95&euro;\" \/>\n\t<meta name=\"twitter:label2\" content=\"Availability\" \/>\n\t<meta name=\"twitter:data2\" content=\"Out of stock\" \/>\n<script type=\"application\/ld+json\" class=\"yoast-schema-graph\">{\"@context\":\"https:\/\/schema.org\",\"@graph\":[{\"@type\":\"WebPage\",\"@id\":\"https:\/\/www.anniesloan.com\/de\/produkt\/satin-paint\/upstate-blue-sp\/\",\"url\":\"https:\/\/www.anniesloan.com\/de\/produkt\/satin-paint\/upstate-blue-sp\/\",\"name\":\"Blaue Satin Paint | Upstate Blue | Annie Sloan\",\"isPartOf\":{\"@id\":\"https:\/\/www.anniesloan.com\/de\/#website\"},\"primaryImageOfPage\":{\"@id\":\"https:\/\/www.anniesloan.com\/de\/produkt\/satin-paint\/upstate-blue-sp\/#primaryimage\"},\"image\":{\"@id\":\"https:\/\/www.anniesloan.com\/de\/produkt\/satin-paint\/upstate-blue-sp\/#primaryimage\"},\"thumbnailUrl\":\"https:\/\/www.anniesloan.com\/de\/wp-content\/uploads\/sites\/3\/2021\/09\/NEWRGB-72dpi-Upstate-Blue.jpg\",\"datePublished\":\"2023-02-03T16:09:01+00:00\",\"dateModified\":\"2026-02-27T11:32:55+00:00\",\"description\":\"Upstate Blue ist eine frische, lichtreflektierende blaue Satin Paint f\u00fcr Holz und Metall im Innenbereich. Erwerben Sie diese noch heute online!\",\"breadcrumb\":{\"@id\":\"https:\/\/www.anniesloan.com\/de\/produkt\/satin-paint\/upstate-blue-sp\/#breadcrumb\"},\"inLanguage\":\"de-DE\",\"potentialAction\":[{\"@type\":\"ReadAction\",\"target\":[\"https:\/\/www.anniesloan.com\/de\/produkt\/satin-paint\/upstate-blue-sp\/\"]}]},{\"@type\":\"ImageObject\",\"inLanguage\":\"de-DE\",\"@id\":\"https:\/\/www.anniesloan.com\/de\/produkt\/satin-paint\/upstate-blue-sp\/#primaryimage\",\"url\":\"https:\/\/www.anniesloan.com\/de\/wp-content\/uploads\/sites\/3\/2021\/09\/NEWRGB-72dpi-Upstate-Blue.jpg\",\"contentUrl\":\"https:\/\/www.anniesloan.com\/de\/wp-content\/uploads\/sites\/3\/2021\/09\/NEWRGB-72dpi-Upstate-Blue.jpg\",\"width\":1224,\"height\":936,\"caption\":\"Annie Sloan Paint Swatch Upstate Blue\"},{\"@type\":\"BreadcrumbList\",\"@id\":\"https:\/\/www.anniesloan.com\/de\/produkt\/satin-paint\/upstate-blue-sp\/#breadcrumb\",\"itemListElement\":[{\"@type\":\"ListItem\",\"position\":1,\"name\":\"Produkte\",\"item\":\"https:\/\/www.anniesloan.com\/de\/produkte\/\"},{\"@type\":\"ListItem\",\"position\":2,\"name\":\"Satin Paint\",\"item\":\"https:\/\/www.anniesloan.com\/de\/produkte\/satin-paint\/\"},{\"@type\":\"ListItem\",\"position\":3,\"name\":\"Upstate Blue\"}]},{\"@type\":\"WebSite\",\"@id\":\"https:\/\/www.anniesloan.com\/de\/#website\",\"url\":\"https:\/\/www.anniesloan.com\/de\/\",\"name\":\"Annie Sloan DE\",\"description\":\"Die Heimat der Chalk Paint\u2122\",\"potentialAction\":[{\"@type\":\"SearchAction\",\"target\":{\"@type\":\"EntryPoint\",\"urlTemplate\":\"https:\/\/www.anniesloan.com\/de\/?s={search_term_string}\"},\"query-input\":{\"@type\":\"PropertyValueSpecification\",\"valueRequired\":true,\"valueName\":\"search_term_string\"}}],\"inLanguage\":\"de-DE\"}]}<\/script>\n<meta property=\"product:price:amount\" content=\"38.95\" \/>\n<meta property=\"product:price:currency\" content=\"EUR\" \/>\n<meta property=\"og:availability\" content=\"out of stock\" \/>\n<meta property=\"product:availability\" content=\"out of stock\" \/>\n<meta property=\"product:retailer_item_id\" content=\"SPUB001.0750.01\" \/>\n<meta property=\"product:condition\" content=\"new\" \/>\n<!-- \/ Yoast SEO Premium plugin. -->","yoast_head_json":{"title":"Blaue Satin Paint | Upstate Blue | Annie Sloan","description":"Upstate Blue ist eine frische, lichtreflektierende blaue Satin Paint f\u00fcr Holz und Metall im Innenbereich. Erwerben Sie diese noch heute online!","robots":{"index":"index","follow":"follow","max-snippet":"max-snippet:-1","max-image-preview":"max-image-preview:large","max-video-preview":"max-video-preview:-1"},"canonical":"https:\/\/www.anniesloan.com\/de\/produkt\/satin-paint\/upstate-blue-sp\/","og_locale":"de_DE","og_type":"article","og_title":"Upstate Blue","og_description":"Upstate Blue ist eine frische, lichtreflektierende blaue Satin Paint f\u00fcr Holz und Metall im Innenbereich. Erwerben Sie diese noch heute online!","og_url":"https:\/\/www.anniesloan.com\/de\/produkt\/satin-paint\/upstate-blue-sp\/","og_site_name":"Annie Sloan DE","article_modified_time":"2026-02-27T11:32:55+00:00","og_image":[{"width":1224,"height":936,"url":"https:\/\/www.anniesloan.com\/de\/wp-content\/uploads\/sites\/3\/2021\/09\/NEWRGB-72dpi-Upstate-Blue.jpg","type":"image\/jpeg"}],"twitter_card":"summary_large_image","twitter_misc":{"Price":"38.95&euro;","Availability":"Out of stock"},"schema":{"@context":"https:\/\/schema.org","@graph":[{"@type":"WebPage","@id":"https:\/\/www.anniesloan.com\/de\/produkt\/satin-paint\/upstate-blue-sp\/","url":"https:\/\/www.anniesloan.com\/de\/produkt\/satin-paint\/upstate-blue-sp\/","name":"Blaue Satin Paint | Upstate Blue | Annie Sloan","isPartOf":{"@id":"https:\/\/www.anniesloan.com\/de\/#website"},"primaryImageOfPage":{"@id":"https:\/\/www.anniesloan.com\/de\/produkt\/satin-paint\/upstate-blue-sp\/#primaryimage"},"image":{"@id":"https:\/\/www.anniesloan.com\/de\/produkt\/satin-paint\/upstate-blue-sp\/#primaryimage"},"thumbnailUrl":"https:\/\/www.anniesloan.com\/de\/wp-content\/uploads\/sites\/3\/2021\/09\/NEWRGB-72dpi-Upstate-Blue.jpg","datePublished":"2023-02-03T16:09:01+00:00","dateModified":"2026-02-27T11:32:55+00:00","description":"Upstate Blue ist eine frische, lichtreflektierende blaue Satin Paint f\u00fcr Holz und Metall im Innenbereich. Erwerben Sie diese noch heute online!","breadcrumb":{"@id":"https:\/\/www.anniesloan.com\/de\/produkt\/satin-paint\/upstate-blue-sp\/#breadcrumb"},"inLanguage":"de-DE","potentialAction":[{"@type":"ReadAction","target":["https:\/\/www.anniesloan.com\/de\/produkt\/satin-paint\/upstate-blue-sp\/"]}]},{"@type":"ImageObject","inLanguage":"de-DE","@id":"https:\/\/www.anniesloan.com\/de\/produkt\/satin-paint\/upstate-blue-sp\/#primaryimage","url":"https:\/\/www.anniesloan.com\/de\/wp-content\/uploads\/sites\/3\/2021\/09\/NEWRGB-72dpi-Upstate-Blue.jpg","contentUrl":"https:\/\/www.anniesloan.com\/de\/wp-content\/uploads\/sites\/3\/2021\/09\/NEWRGB-72dpi-Upstate-Blue.jpg","width":1224,"height":936,"caption":"Annie Sloan Paint Swatch Upstate Blue"},{"@type":"BreadcrumbList","@id":"https:\/\/www.anniesloan.com\/de\/produkt\/satin-paint\/upstate-blue-sp\/#breadcrumb","itemListElement":[{"@type":"ListItem","position":1,"name":"Produkte","item":"https:\/\/www.anniesloan.com\/de\/produkte\/"},{"@type":"ListItem","position":2,"name":"Satin Paint","item":"https:\/\/www.anniesloan.com\/de\/produkte\/satin-paint\/"},{"@type":"ListItem","position":3,"name":"Upstate Blue"}]},{"@type":"WebSite","@id":"https:\/\/www.anniesloan.com\/de\/#website","url":"https:\/\/www.anniesloan.com\/de\/","name":"Annie Sloan DE","description":"Die Heimat der Chalk Paint\u2122","potentialAction":[{"@type":"SearchAction","target":{"@type":"EntryPoint","urlTemplate":"https:\/\/www.anniesloan.com\/de\/?s={search_term_string}"},"query-input":{"@type":"PropertyValueSpecification","valueRequired":true,"valueName":"search_term_string"}}],"inLanguage":"de-DE"}]},"product_price_amount":"38.95","product_price_currency":"EUR","og_availability":"out of stock","product_availability":"out of stock","product_retailer_item_id":"SPUB001.0750.01","product_condition":"new"},"_links":{"self":[{"href":"https:\/\/www.anniesloan.com\/de\/wp-json\/wp\/v2\/product\/41274","targetHints":{"allow":["GET"]}}],"collection":[{"href":"https:\/\/www.anniesloan.com\/de\/wp-json\/wp\/v2\/product"}],"about":[{"href":"https:\/\/www.anniesloan.com\/de\/wp-json\/wp\/v2\/types\/product"}],"wp:featuredmedia":[{"embeddable":true,"href":"https:\/\/www.anniesloan.com\/de\/wp-json\/wp\/v2\/media\/38652"}],"wp:attachment":[{"href":"https:\/\/www.anniesloan.com\/de\/wp-json\/wp\/v2\/media?parent=41274"}],"wp:term":[{"taxonomy":"product_brand","embeddable":true,"href":"https:\/\/www.anniesloan.com\/de\/wp-json\/wp\/v2\/product_brand?post=41274"},{"taxonomy":"product_cat","embeddable":true,"href":"https:\/\/www.anniesloan.com\/de\/wp-json\/wp\/v2\/product_cat?post=41274"},{"taxonomy":"product_tag","embeddable":true,"href":"https:\/\/www.anniesloan.com\/de\/wp-json\/wp\/v2\/product_tag?post=41274"}],"curies":[{"name":"wp","href":"https:\/\/api.w.org\/{rel}","templated":true}]}}