{"id":39981,"date":"2022-10-26T11:39:45","date_gmt":"2022-10-26T10:39:45","guid":{"rendered":"https:\/\/www.anniesloan.com\/?post_type=product&#038;p=119705"},"modified":"2026-03-24T14:30:37","modified_gmt":"2026-03-24T13:30:37","slug":"murano-glass-gift-kit","status":"publish","type":"product","link":"https:\/\/www.anniesloan.com\/de\/produkt\/geschenkideen-und-sets\/murano-glass-gift-kit\/","title":{"rendered":"Muranoglas-Geschenk-Set"},"content":{"rendered":"","protected":false},"excerpt":{"rendered":"<p>Entdecken Sie Ihre Kreativit\u00e4t neu und bemalen Sie mit Annie Sloans fachkundiger Anleitung und einer handverlesenen Palette von Chalk Paint\u2122-Farben Ihre eigenen wundersch\u00f6nen, von Murano inspirierten Glaswaren.<\/p>\n<p>Das Muranoglas-Geschenk-Set\u00a0enth\u00e4lt zwei unserer meistverkauften k\u00fchlen Farbt\u00f6ne \u2013 Napoleonic Blue und Florence Chalk Paint\u2122 \u2013 sowie eine exklusive Gold Metallic-Farbe!<\/p>\n","protected":false},"featured_media":39982,"template":"","meta":{"_acf_changed":false,"_relevanssi_hide_post":"","_relevanssi_hide_content":"","_relevanssi_pin_for_all":"","_relevanssi_pin_keywords":"","_relevanssi_unpin_keywords":"","_relevanssi_related_keywords":"","_relevanssi_related_include_ids":"","_relevanssi_related_exclude_ids":"","_relevanssi_related_no_append":"","_relevanssi_related_not_related":"","_relevanssi_related_posts":"","_relevanssi_noindex_reason":""},"product_brand":[],"product_cat":[65,1174,1176],"product_tag":[],"class_list":{"0":"post-39981","1":"product","2":"type-product","3":"status-publish","4":"has-post-thumbnail","6":"product_cat-geschenkideen-und-sets","7":"product_cat-geschenke-unter-50e","8":"product_cat-sale","9":"product_shipping_class-dhl","11":"first","12":"instock","13":"sale","14":"taxable","15":"shipping-taxable","16":"purchasable","17":"product-type-simple"},"acf":[],"yoast_head":"<!-- This site is optimized with the Yoast SEO Premium plugin v26.5 (Yoast SEO v26.5) - https:\/\/yoast.com\/wordpress\/plugins\/seo\/ -->\n<title>Muranoglas-Geschenk-Set | Annie Sloan DE<\/title>\n<meta name=\"description\" content=\"Bemalen Sie einer handverlesenen Palette von Chalk Paint\u2122-Farben Ihre eigenen wundersch\u00f6nen, von Murano inspirierten Glaswaren.\" \/>\n<meta name=\"robots\" content=\"index, follow, max-snippet:-1, max-image-preview:large, max-video-preview:-1\" \/>\n<link rel=\"canonical\" href=\"https:\/\/www.anniesloan.com\/de\/produkt\/geschenkideen-und-sets\/murano-glass-gift-kit\/\" \/>\n<meta property=\"og:locale\" content=\"de_DE\" \/>\n<meta property=\"og:type\" content=\"article\" \/>\n<meta property=\"og:title\" content=\"Muranoglas-Geschenk-Set\" \/>\n<meta property=\"og:description\" content=\"Bemalen Sie einer handverlesenen Palette von Chalk Paint\u2122-Farben Ihre eigenen wundersch\u00f6nen, von Murano inspirierten Glaswaren.\" \/>\n<meta property=\"og:url\" content=\"https:\/\/www.anniesloan.com\/de\/produkt\/geschenkideen-und-sets\/murano-glass-gift-kit\/\" \/>\n<meta property=\"og:site_name\" content=\"Annie Sloan DE\" \/>\n<meta property=\"article:modified_time\" content=\"2026-03-24T13:30:37+00:00\" \/>\n<meta property=\"og:image\" content=\"https:\/\/www.anniesloan.com\/de\/wp-content\/uploads\/sites\/3\/2022\/11\/220327-WEB-PaintBoxKit-VisualMockUp-MuranoGlass-002-WhiteBackground.jpg\" \/>\n\t<meta property=\"og:image:width\" content=\"1920\" \/>\n\t<meta property=\"og:image:height\" content=\"1280\" \/>\n\t<meta property=\"og:image:type\" content=\"image\/jpeg\" \/>\n<meta name=\"twitter:card\" content=\"summary_large_image\" \/>\n<meta name=\"twitter:label1\" content=\"Price\" \/>\n\t<meta name=\"twitter:data1\" content=\"34.95&euro;\" \/>\n\t<meta name=\"twitter:label2\" content=\"Availability\" \/>\n\t<meta name=\"twitter:data2\" content=\"In stock\" \/>\n<script type=\"application\/ld+json\" class=\"yoast-schema-graph\">{\"@context\":\"https:\/\/schema.org\",\"@graph\":[{\"@type\":\"WebPage\",\"@id\":\"https:\/\/www.anniesloan.com\/de\/produkt\/geschenkideen-und-sets\/murano-glass-gift-kit\/\",\"url\":\"https:\/\/www.anniesloan.com\/de\/produkt\/geschenkideen-und-sets\/murano-glass-gift-kit\/\",\"name\":\"Muranoglas-Geschenk-Set | Annie Sloan DE\",\"isPartOf\":{\"@id\":\"https:\/\/www.anniesloan.com\/de\/#website\"},\"primaryImageOfPage\":{\"@id\":\"https:\/\/www.anniesloan.com\/de\/produkt\/geschenkideen-und-sets\/murano-glass-gift-kit\/#primaryimage\"},\"image\":{\"@id\":\"https:\/\/www.anniesloan.com\/de\/produkt\/geschenkideen-und-sets\/murano-glass-gift-kit\/#primaryimage\"},\"thumbnailUrl\":\"https:\/\/www.anniesloan.com\/de\/wp-content\/uploads\/sites\/3\/2022\/11\/220327-WEB-PaintBoxKit-VisualMockUp-MuranoGlass-002-WhiteBackground.jpg\",\"datePublished\":\"2022-10-26T10:39:45+00:00\",\"dateModified\":\"2026-03-24T13:30:37+00:00\",\"description\":\"Bemalen Sie einer handverlesenen Palette von Chalk Paint\u2122-Farben Ihre eigenen wundersch\u00f6nen, von Murano inspirierten Glaswaren.\",\"breadcrumb\":{\"@id\":\"https:\/\/www.anniesloan.com\/de\/produkt\/geschenkideen-und-sets\/murano-glass-gift-kit\/#breadcrumb\"},\"inLanguage\":\"de-DE\",\"potentialAction\":[{\"@type\":\"ReadAction\",\"target\":[\"https:\/\/www.anniesloan.com\/de\/produkt\/geschenkideen-und-sets\/murano-glass-gift-kit\/\"]}]},{\"@type\":\"ImageObject\",\"inLanguage\":\"de-DE\",\"@id\":\"https:\/\/www.anniesloan.com\/de\/produkt\/geschenkideen-und-sets\/murano-glass-gift-kit\/#primaryimage\",\"url\":\"https:\/\/www.anniesloan.com\/de\/wp-content\/uploads\/sites\/3\/2022\/11\/220327-WEB-PaintBoxKit-VisualMockUp-MuranoGlass-002-WhiteBackground.jpg\",\"contentUrl\":\"https:\/\/www.anniesloan.com\/de\/wp-content\/uploads\/sites\/3\/2022\/11\/220327-WEB-PaintBoxKit-VisualMockUp-MuranoGlass-002-WhiteBackground.jpg\",\"width\":1920,\"height\":1280,\"caption\":\"Annie Sloan Murano Glass Kit and Contents Outer\"},{\"@type\":\"BreadcrumbList\",\"@id\":\"https:\/\/www.anniesloan.com\/de\/produkt\/geschenkideen-und-sets\/murano-glass-gift-kit\/#breadcrumb\",\"itemListElement\":[{\"@type\":\"ListItem\",\"position\":1,\"name\":\"Produkte\",\"item\":\"https:\/\/www.anniesloan.com\/de\/produkte\/\"},{\"@type\":\"ListItem\",\"position\":2,\"name\":\"Geschenkideen und Sets\",\"item\":\"https:\/\/www.anniesloan.com\/de\/produkte\/geschenkideen-und-sets\/\"},{\"@type\":\"ListItem\",\"position\":3,\"name\":\"Muranoglas-Geschenk-Set\"}]},{\"@type\":\"WebSite\",\"@id\":\"https:\/\/www.anniesloan.com\/de\/#website\",\"url\":\"https:\/\/www.anniesloan.com\/de\/\",\"name\":\"Annie Sloan DE\",\"description\":\"Die Heimat der Chalk Paint\u2122\",\"potentialAction\":[{\"@type\":\"SearchAction\",\"target\":{\"@type\":\"EntryPoint\",\"urlTemplate\":\"https:\/\/www.anniesloan.com\/de\/?s={search_term_string}\"},\"query-input\":{\"@type\":\"PropertyValueSpecification\",\"valueRequired\":true,\"valueName\":\"search_term_string\"}}],\"inLanguage\":\"de-DE\"}]}<\/script>\n<meta property=\"product:price:amount\" content=\"34.95\" \/>\n<meta property=\"product:price:currency\" content=\"EUR\" \/>\n<meta property=\"og:availability\" content=\"instock\" \/>\n<meta property=\"product:availability\" content=\"instock\" \/>\n<meta property=\"product:retailer_item_id\" content=\"GBMG001.XXXX.01\" \/>\n<meta property=\"product:condition\" content=\"new\" \/>\n<!-- \/ Yoast SEO Premium plugin. -->","yoast_head_json":{"title":"Muranoglas-Geschenk-Set | Annie Sloan DE","description":"Bemalen Sie einer handverlesenen Palette von Chalk Paint\u2122-Farben Ihre eigenen wundersch\u00f6nen, von Murano inspirierten Glaswaren.","robots":{"index":"index","follow":"follow","max-snippet":"max-snippet:-1","max-image-preview":"max-image-preview:large","max-video-preview":"max-video-preview:-1"},"canonical":"https:\/\/www.anniesloan.com\/de\/produkt\/geschenkideen-und-sets\/murano-glass-gift-kit\/","og_locale":"de_DE","og_type":"article","og_title":"Muranoglas-Geschenk-Set","og_description":"Bemalen Sie einer handverlesenen Palette von Chalk Paint\u2122-Farben Ihre eigenen wundersch\u00f6nen, von Murano inspirierten Glaswaren.","og_url":"https:\/\/www.anniesloan.com\/de\/produkt\/geschenkideen-und-sets\/murano-glass-gift-kit\/","og_site_name":"Annie Sloan DE","article_modified_time":"2026-03-24T13:30:37+00:00","og_image":[{"width":1920,"height":1280,"url":"https:\/\/www.anniesloan.com\/de\/wp-content\/uploads\/sites\/3\/2022\/11\/220327-WEB-PaintBoxKit-VisualMockUp-MuranoGlass-002-WhiteBackground.jpg","type":"image\/jpeg"}],"twitter_card":"summary_large_image","twitter_misc":{"Price":"34.95&euro;","Availability":"In stock"},"schema":{"@context":"https:\/\/schema.org","@graph":[{"@type":"WebPage","@id":"https:\/\/www.anniesloan.com\/de\/produkt\/geschenkideen-und-sets\/murano-glass-gift-kit\/","url":"https:\/\/www.anniesloan.com\/de\/produkt\/geschenkideen-und-sets\/murano-glass-gift-kit\/","name":"Muranoglas-Geschenk-Set | Annie Sloan DE","isPartOf":{"@id":"https:\/\/www.anniesloan.com\/de\/#website"},"primaryImageOfPage":{"@id":"https:\/\/www.anniesloan.com\/de\/produkt\/geschenkideen-und-sets\/murano-glass-gift-kit\/#primaryimage"},"image":{"@id":"https:\/\/www.anniesloan.com\/de\/produkt\/geschenkideen-und-sets\/murano-glass-gift-kit\/#primaryimage"},"thumbnailUrl":"https:\/\/www.anniesloan.com\/de\/wp-content\/uploads\/sites\/3\/2022\/11\/220327-WEB-PaintBoxKit-VisualMockUp-MuranoGlass-002-WhiteBackground.jpg","datePublished":"2022-10-26T10:39:45+00:00","dateModified":"2026-03-24T13:30:37+00:00","description":"Bemalen Sie einer handverlesenen Palette von Chalk Paint\u2122-Farben Ihre eigenen wundersch\u00f6nen, von Murano inspirierten Glaswaren.","breadcrumb":{"@id":"https:\/\/www.anniesloan.com\/de\/produkt\/geschenkideen-und-sets\/murano-glass-gift-kit\/#breadcrumb"},"inLanguage":"de-DE","potentialAction":[{"@type":"ReadAction","target":["https:\/\/www.anniesloan.com\/de\/produkt\/geschenkideen-und-sets\/murano-glass-gift-kit\/"]}]},{"@type":"ImageObject","inLanguage":"de-DE","@id":"https:\/\/www.anniesloan.com\/de\/produkt\/geschenkideen-und-sets\/murano-glass-gift-kit\/#primaryimage","url":"https:\/\/www.anniesloan.com\/de\/wp-content\/uploads\/sites\/3\/2022\/11\/220327-WEB-PaintBoxKit-VisualMockUp-MuranoGlass-002-WhiteBackground.jpg","contentUrl":"https:\/\/www.anniesloan.com\/de\/wp-content\/uploads\/sites\/3\/2022\/11\/220327-WEB-PaintBoxKit-VisualMockUp-MuranoGlass-002-WhiteBackground.jpg","width":1920,"height":1280,"caption":"Annie Sloan Murano Glass Kit and Contents Outer"},{"@type":"BreadcrumbList","@id":"https:\/\/www.anniesloan.com\/de\/produkt\/geschenkideen-und-sets\/murano-glass-gift-kit\/#breadcrumb","itemListElement":[{"@type":"ListItem","position":1,"name":"Produkte","item":"https:\/\/www.anniesloan.com\/de\/produkte\/"},{"@type":"ListItem","position":2,"name":"Geschenkideen und Sets","item":"https:\/\/www.anniesloan.com\/de\/produkte\/geschenkideen-und-sets\/"},{"@type":"ListItem","position":3,"name":"Muranoglas-Geschenk-Set"}]},{"@type":"WebSite","@id":"https:\/\/www.anniesloan.com\/de\/#website","url":"https:\/\/www.anniesloan.com\/de\/","name":"Annie Sloan DE","description":"Die Heimat der Chalk Paint\u2122","potentialAction":[{"@type":"SearchAction","target":{"@type":"EntryPoint","urlTemplate":"https:\/\/www.anniesloan.com\/de\/?s={search_term_string}"},"query-input":{"@type":"PropertyValueSpecification","valueRequired":true,"valueName":"search_term_string"}}],"inLanguage":"de-DE"}]},"product_price_amount":"34.95","product_price_currency":"EUR","og_availability":"instock","product_availability":"instock","product_retailer_item_id":"GBMG001.XXXX.01","product_condition":"new"},"_links":{"self":[{"href":"https:\/\/www.anniesloan.com\/de\/wp-json\/wp\/v2\/product\/39981","targetHints":{"allow":["GET"]}}],"collection":[{"href":"https:\/\/www.anniesloan.com\/de\/wp-json\/wp\/v2\/product"}],"about":[{"href":"https:\/\/www.anniesloan.com\/de\/wp-json\/wp\/v2\/types\/product"}],"wp:featuredmedia":[{"embeddable":true,"href":"https:\/\/www.anniesloan.com\/de\/wp-json\/wp\/v2\/media\/39982"}],"wp:attachment":[{"href":"https:\/\/www.anniesloan.com\/de\/wp-json\/wp\/v2\/media?parent=39981"}],"wp:term":[{"taxonomy":"product_brand","embeddable":true,"href":"https:\/\/www.anniesloan.com\/de\/wp-json\/wp\/v2\/product_brand?post=39981"},{"taxonomy":"product_cat","embeddable":true,"href":"https:\/\/www.anniesloan.com\/de\/wp-json\/wp\/v2\/product_cat?post=39981"},{"taxonomy":"product_tag","embeddable":true,"href":"https:\/\/www.anniesloan.com\/de\/wp-json\/wp\/v2\/product_tag?post=39981"}],"curies":[{"name":"wp","href":"https:\/\/api.w.org\/{rel}","templated":true}]}}