{"id":39777,"date":"2022-10-17T12:31:30","date_gmt":"2022-10-17T11:31:30","guid":{"rendered":"https:\/\/www.anniesloan.com\/?post_type=product&#038;p=118986"},"modified":"2026-04-24T10:30:47","modified_gmt":"2026-04-24T08:30:47","slug":"the-colourist-ausgabe-9","status":"publish","type":"product","link":"https:\/\/www.anniesloan.com\/de\/produkt\/bucher\/the-colourist-ausgabe-9\/","title":{"rendered":"The Colourist Ausgabe 9"},"content":{"rendered":"","protected":false},"excerpt":{"rendered":"<p>Die neunte Ausgabe des \u2018The Colourist\u2019 ist ab sofort erh\u00e4ltlich. Diese Ausgabe steht ganz im Zeichen von Rot und ist wie immer vollgepackt mit Wohnungs-Touren, Anleitungen und einzigartigen Inspirationen von Annie selbst. Es ist die perfekte Erg\u00e4nzung f\u00fcr gem\u00fctliche Herbstabende!<\/p>\n<p>The Colourist ist ein einzigartiges Bookazine (mit Artikeln \u00e4hnlich wie in einem Magazin \u2013 aber ohne Werbung wie in einem Buch), welches Annie Sloans Leidenschaft f\u00fcr Farbe teilt. Es ist eine zweimal j\u00e4hrlich erscheinende Publikation zum Sammeln mit 132 sorgf\u00e4ltig zusammengestellten Seiten, in einem attraktiven Einband. Lesen Sie mehr, <a href=\"https:\/\/www.anniesloan.com\/de\/info\/the-colourist\/\">hier!<\/a><\/p>\n<p>Erkundigen Sie sich beim Fachh\u00e4ndler in Ihrer N\u00e4he \u00fcber die Verf\u00fcgbarkeit.<\/p>\n","protected":false},"featured_media":39851,"template":"","meta":{"_acf_changed":false,"_relevanssi_hide_post":"","_relevanssi_hide_content":"","_relevanssi_pin_for_all":"","_relevanssi_pin_keywords":"","_relevanssi_unpin_keywords":"","_relevanssi_related_keywords":"","_relevanssi_related_include_ids":"","_relevanssi_related_exclude_ids":"","_relevanssi_related_no_append":"","_relevanssi_related_not_related":"","_relevanssi_related_posts":"","_relevanssi_noindex_reason":""},"product_brand":[],"product_cat":[65,1172,66],"product_tag":[1110,1109,1111,1112,1114],"class_list":{"0":"post-39777","1":"product","2":"type-product","3":"status-publish","4":"has-post-thumbnail","6":"product_cat-geschenkideen-und-sets","7":"product_cat-geschenke-unter-30e","8":"product_cat-bucher","9":"product_tag-bookazine","10":"product_tag-buecher","11":"product_tag-colourist","12":"product_tag-magazine","13":"product_tag-the-colourist","14":"product_shipping_class-warenpost","16":"first","17":"instock","18":"taxable","19":"shipping-taxable","20":"purchasable","21":"product-type-simple"},"acf":[],"yoast_head":"<!-- This site is optimized with the Yoast SEO Premium plugin v26.5 (Yoast SEO v26.5) - https:\/\/yoast.com\/wordpress\/plugins\/seo\/ -->\n<title>The Colourist Ausgabe 9 | Bookazine | Annie Sloan<\/title>\n<meta name=\"description\" content=\"Diese Ausgabe ist unsere 9. von Annies Bibel der Inspiration The Colourist. Diese Ausgabe steht ganz im Zeichen von Rot. Kaufen Sie jetzt!\" \/>\n<meta name=\"robots\" content=\"index, follow, max-snippet:-1, max-image-preview:large, max-video-preview:-1\" \/>\n<link rel=\"canonical\" href=\"https:\/\/www.anniesloan.com\/de\/produkt\/bucher\/the-colourist-ausgabe-9\/\" \/>\n<meta property=\"og:locale\" content=\"de_DE\" \/>\n<meta property=\"og:type\" content=\"article\" \/>\n<meta property=\"og:title\" content=\"The Colourist Ausgabe 9\" \/>\n<meta property=\"og:description\" content=\"Diese Ausgabe ist unsere 9. von Annies Bibel der Inspiration The Colourist. Diese Ausgabe steht ganz im Zeichen von Rot. Kaufen Sie jetzt!\" \/>\n<meta property=\"og:url\" content=\"https:\/\/www.anniesloan.com\/de\/produkt\/bucher\/the-colourist-ausgabe-9\/\" \/>\n<meta property=\"og:site_name\" content=\"Annie Sloan DE\" \/>\n<meta property=\"article:modified_time\" content=\"2026-04-24T08:30:47+00:00\" \/>\n<meta property=\"og:image\" content=\"https:\/\/www.anniesloan.com\/de\/wp-content\/uploads\/sites\/3\/2022\/10\/TheColouristFIResized.jpg\" \/>\n\t<meta property=\"og:image:width\" content=\"1280\" \/>\n\t<meta property=\"og:image:height\" content=\"1024\" \/>\n\t<meta property=\"og:image:type\" content=\"image\/jpeg\" \/>\n<meta name=\"twitter:card\" content=\"summary_large_image\" \/>\n<meta name=\"twitter:label1\" content=\"Price\" \/>\n\t<meta name=\"twitter:data1\" content=\"15.95&euro;\" \/>\n\t<meta name=\"twitter:label2\" content=\"Availability\" \/>\n\t<meta name=\"twitter:data2\" content=\"In stock\" \/>\n<script type=\"application\/ld+json\" class=\"yoast-schema-graph\">{\"@context\":\"https:\/\/schema.org\",\"@graph\":[{\"@type\":\"WebPage\",\"@id\":\"https:\/\/www.anniesloan.com\/de\/produkt\/bucher\/the-colourist-ausgabe-9\/\",\"url\":\"https:\/\/www.anniesloan.com\/de\/produkt\/bucher\/the-colourist-ausgabe-9\/\",\"name\":\"The Colourist Ausgabe 9 | Bookazine | Annie Sloan\",\"isPartOf\":{\"@id\":\"https:\/\/www.anniesloan.com\/de\/#website\"},\"primaryImageOfPage\":{\"@id\":\"https:\/\/www.anniesloan.com\/de\/produkt\/bucher\/the-colourist-ausgabe-9\/#primaryimage\"},\"image\":{\"@id\":\"https:\/\/www.anniesloan.com\/de\/produkt\/bucher\/the-colourist-ausgabe-9\/#primaryimage\"},\"thumbnailUrl\":\"https:\/\/www.anniesloan.com\/de\/wp-content\/uploads\/sites\/3\/2022\/10\/TheColouristFIResized.jpg\",\"datePublished\":\"2022-10-17T11:31:30+00:00\",\"dateModified\":\"2026-04-24T08:30:47+00:00\",\"description\":\"Diese Ausgabe ist unsere 9. von Annies Bibel der Inspiration The Colourist. Diese Ausgabe steht ganz im Zeichen von Rot. Kaufen Sie jetzt!\",\"breadcrumb\":{\"@id\":\"https:\/\/www.anniesloan.com\/de\/produkt\/bucher\/the-colourist-ausgabe-9\/#breadcrumb\"},\"inLanguage\":\"de-DE\",\"potentialAction\":[{\"@type\":\"ReadAction\",\"target\":[\"https:\/\/www.anniesloan.com\/de\/produkt\/bucher\/the-colourist-ausgabe-9\/\"]}]},{\"@type\":\"ImageObject\",\"inLanguage\":\"de-DE\",\"@id\":\"https:\/\/www.anniesloan.com\/de\/produkt\/bucher\/the-colourist-ausgabe-9\/#primaryimage\",\"url\":\"https:\/\/www.anniesloan.com\/de\/wp-content\/uploads\/sites\/3\/2022\/10\/TheColouristFIResized.jpg\",\"contentUrl\":\"https:\/\/www.anniesloan.com\/de\/wp-content\/uploads\/sites\/3\/2022\/10\/TheColouristFIResized.jpg\",\"width\":1280,\"height\":1024,\"caption\":\"Annie Sloan The Colourist Issue 9 Front Cover Featured Image\"},{\"@type\":\"BreadcrumbList\",\"@id\":\"https:\/\/www.anniesloan.com\/de\/produkt\/bucher\/the-colourist-ausgabe-9\/#breadcrumb\",\"itemListElement\":[{\"@type\":\"ListItem\",\"position\":1,\"name\":\"Produkte\",\"item\":\"https:\/\/www.anniesloan.com\/de\/produkte\/\"},{\"@type\":\"ListItem\",\"position\":2,\"name\":\"B\u00fccher\",\"item\":\"https:\/\/www.anniesloan.com\/de\/produkte\/bucher\/\"},{\"@type\":\"ListItem\",\"position\":3,\"name\":\"The Colourist Ausgabe 9\"}]},{\"@type\":\"WebSite\",\"@id\":\"https:\/\/www.anniesloan.com\/de\/#website\",\"url\":\"https:\/\/www.anniesloan.com\/de\/\",\"name\":\"Annie Sloan DE\",\"description\":\"Die Heimat der Chalk Paint\u2122\",\"potentialAction\":[{\"@type\":\"SearchAction\",\"target\":{\"@type\":\"EntryPoint\",\"urlTemplate\":\"https:\/\/www.anniesloan.com\/de\/?s={search_term_string}\"},\"query-input\":{\"@type\":\"PropertyValueSpecification\",\"valueRequired\":true,\"valueName\":\"search_term_string\"}}],\"inLanguage\":\"de-DE\"}]}<\/script>\n<meta property=\"product:price:amount\" content=\"15.95\" \/>\n<meta property=\"product:price:currency\" content=\"EUR\" \/>\n<meta property=\"og:availability\" content=\"instock\" \/>\n<meta property=\"product:availability\" content=\"instock\" \/>\n<meta property=\"product:retailer_item_id\" content=\"TCTB009.2101.09\" \/>\n<meta property=\"product:condition\" content=\"new\" \/>\n<!-- \/ Yoast SEO Premium plugin. -->","yoast_head_json":{"title":"The Colourist Ausgabe 9 | Bookazine | Annie Sloan","description":"Diese Ausgabe ist unsere 9. von Annies Bibel der Inspiration The Colourist. Diese Ausgabe steht ganz im Zeichen von Rot. Kaufen Sie jetzt!","robots":{"index":"index","follow":"follow","max-snippet":"max-snippet:-1","max-image-preview":"max-image-preview:large","max-video-preview":"max-video-preview:-1"},"canonical":"https:\/\/www.anniesloan.com\/de\/produkt\/bucher\/the-colourist-ausgabe-9\/","og_locale":"de_DE","og_type":"article","og_title":"The Colourist Ausgabe 9","og_description":"Diese Ausgabe ist unsere 9. von Annies Bibel der Inspiration The Colourist. Diese Ausgabe steht ganz im Zeichen von Rot. Kaufen Sie jetzt!","og_url":"https:\/\/www.anniesloan.com\/de\/produkt\/bucher\/the-colourist-ausgabe-9\/","og_site_name":"Annie Sloan DE","article_modified_time":"2026-04-24T08:30:47+00:00","og_image":[{"width":1280,"height":1024,"url":"https:\/\/www.anniesloan.com\/de\/wp-content\/uploads\/sites\/3\/2022\/10\/TheColouristFIResized.jpg","type":"image\/jpeg"}],"twitter_card":"summary_large_image","twitter_misc":{"Price":"15.95&euro;","Availability":"In stock"},"schema":{"@context":"https:\/\/schema.org","@graph":[{"@type":"WebPage","@id":"https:\/\/www.anniesloan.com\/de\/produkt\/bucher\/the-colourist-ausgabe-9\/","url":"https:\/\/www.anniesloan.com\/de\/produkt\/bucher\/the-colourist-ausgabe-9\/","name":"The Colourist Ausgabe 9 | Bookazine | Annie Sloan","isPartOf":{"@id":"https:\/\/www.anniesloan.com\/de\/#website"},"primaryImageOfPage":{"@id":"https:\/\/www.anniesloan.com\/de\/produkt\/bucher\/the-colourist-ausgabe-9\/#primaryimage"},"image":{"@id":"https:\/\/www.anniesloan.com\/de\/produkt\/bucher\/the-colourist-ausgabe-9\/#primaryimage"},"thumbnailUrl":"https:\/\/www.anniesloan.com\/de\/wp-content\/uploads\/sites\/3\/2022\/10\/TheColouristFIResized.jpg","datePublished":"2022-10-17T11:31:30+00:00","dateModified":"2026-04-24T08:30:47+00:00","description":"Diese Ausgabe ist unsere 9. von Annies Bibel der Inspiration The Colourist. Diese Ausgabe steht ganz im Zeichen von Rot. Kaufen Sie jetzt!","breadcrumb":{"@id":"https:\/\/www.anniesloan.com\/de\/produkt\/bucher\/the-colourist-ausgabe-9\/#breadcrumb"},"inLanguage":"de-DE","potentialAction":[{"@type":"ReadAction","target":["https:\/\/www.anniesloan.com\/de\/produkt\/bucher\/the-colourist-ausgabe-9\/"]}]},{"@type":"ImageObject","inLanguage":"de-DE","@id":"https:\/\/www.anniesloan.com\/de\/produkt\/bucher\/the-colourist-ausgabe-9\/#primaryimage","url":"https:\/\/www.anniesloan.com\/de\/wp-content\/uploads\/sites\/3\/2022\/10\/TheColouristFIResized.jpg","contentUrl":"https:\/\/www.anniesloan.com\/de\/wp-content\/uploads\/sites\/3\/2022\/10\/TheColouristFIResized.jpg","width":1280,"height":1024,"caption":"Annie Sloan The Colourist Issue 9 Front Cover Featured Image"},{"@type":"BreadcrumbList","@id":"https:\/\/www.anniesloan.com\/de\/produkt\/bucher\/the-colourist-ausgabe-9\/#breadcrumb","itemListElement":[{"@type":"ListItem","position":1,"name":"Produkte","item":"https:\/\/www.anniesloan.com\/de\/produkte\/"},{"@type":"ListItem","position":2,"name":"B\u00fccher","item":"https:\/\/www.anniesloan.com\/de\/produkte\/bucher\/"},{"@type":"ListItem","position":3,"name":"The Colourist Ausgabe 9"}]},{"@type":"WebSite","@id":"https:\/\/www.anniesloan.com\/de\/#website","url":"https:\/\/www.anniesloan.com\/de\/","name":"Annie Sloan DE","description":"Die Heimat der Chalk Paint\u2122","potentialAction":[{"@type":"SearchAction","target":{"@type":"EntryPoint","urlTemplate":"https:\/\/www.anniesloan.com\/de\/?s={search_term_string}"},"query-input":{"@type":"PropertyValueSpecification","valueRequired":true,"valueName":"search_term_string"}}],"inLanguage":"de-DE"}]},"product_price_amount":"15.95","product_price_currency":"EUR","og_availability":"instock","product_availability":"instock","product_retailer_item_id":"TCTB009.2101.09","product_condition":"new"},"_links":{"self":[{"href":"https:\/\/www.anniesloan.com\/de\/wp-json\/wp\/v2\/product\/39777","targetHints":{"allow":["GET"]}}],"collection":[{"href":"https:\/\/www.anniesloan.com\/de\/wp-json\/wp\/v2\/product"}],"about":[{"href":"https:\/\/www.anniesloan.com\/de\/wp-json\/wp\/v2\/types\/product"}],"wp:featuredmedia":[{"embeddable":true,"href":"https:\/\/www.anniesloan.com\/de\/wp-json\/wp\/v2\/media\/39851"}],"wp:attachment":[{"href":"https:\/\/www.anniesloan.com\/de\/wp-json\/wp\/v2\/media?parent=39777"}],"wp:term":[{"taxonomy":"product_brand","embeddable":true,"href":"https:\/\/www.anniesloan.com\/de\/wp-json\/wp\/v2\/product_brand?post=39777"},{"taxonomy":"product_cat","embeddable":true,"href":"https:\/\/www.anniesloan.com\/de\/wp-json\/wp\/v2\/product_cat?post=39777"},{"taxonomy":"product_tag","embeddable":true,"href":"https:\/\/www.anniesloan.com\/de\/wp-json\/wp\/v2\/product_tag?post=39777"}],"curies":[{"name":"wp","href":"https:\/\/api.w.org\/{rel}","templated":true}]}}