{"id":38181,"date":"2022-03-09T14:38:32","date_gmt":"2022-03-09T13:38:32","guid":{"rendered":"https:\/\/www.anniesloan.com\/?post_type=product&#038;p=104224"},"modified":"2026-03-03T09:31:01","modified_gmt":"2026-03-03T08:31:01","slug":"carnaby-yellow-sp","status":"publish","type":"product","link":"https:\/\/www.anniesloan.com\/de\/produkt\/satin-paint\/gelb-satin-paint\/carnaby-yellow-sp\/","title":{"rendered":"Carnaby Yellow"},"content":{"rendered":"","protected":false},"excerpt":{"rendered":"<p><span id=\"m-tgroup_78\" class=\"m-tgroup\" dir=\"ltr\">Annie Sloan Satin Paint in Carnaby Yellow ist ein reichhaltig pigmentiertes Senf-Gelb, das von der Farbintensit\u00e4t von Safran, Gew\u00fcrzen und gelbem Ocker inspiriert ist.<\/span>\u00a0<span id=\"m-tgroup_79\" class=\"m-tgroup\" dir=\"ltr\">Der Name verweist auf die coole Note dieses erdigen, sonnigen Farbtons in Hommage an die wilden 60er.<\/span>\u00a0<span id=\"m-tgroup_80\" class=\"m-tgroup\" dir=\"ltr\">Ideal f\u00fcr M\u00f6bel, K\u00fcchenschr\u00e4nke und Fu\u00dfbodenleisten.<\/span><\/p>\n<p><span style=\"font-weight: 400\"><strong>Erh\u00e4ltlich in 750-ml-Dosen. 750 ml reichen f\u00fcr ungef\u00e4hr 11 m\u00b2 aus.<\/strong><\/span><\/p>\n","protected":false},"featured_media":38641,"template":"","meta":{"_acf_changed":false,"_relevanssi_hide_post":"","_relevanssi_hide_content":"","_relevanssi_pin_for_all":"","_relevanssi_pin_keywords":"","_relevanssi_unpin_keywords":"","_relevanssi_related_keywords":"","_relevanssi_related_include_ids":"","_relevanssi_related_exclude_ids":"","_relevanssi_related_no_append":"","_relevanssi_related_not_related":"","_relevanssi_related_posts":"","_relevanssi_noindex_reason":""},"product_brand":[],"product_cat":[1193,1184],"product_tag":[],"class_list":{"0":"post-38181","1":"product","2":"type-product","3":"status-publish","4":"has-post-thumbnail","6":"product_cat-gelb-satin-paint","7":"product_cat-satin-paint","8":"product_shipping_class-dhl","9":"pa_colour-filter-gelb","10":"pa_finish-satin-paint","11":"pa_size-750ml","13":"first","14":"instock","15":"taxable","16":"shipping-taxable","17":"purchasable","18":"product-type-simple"},"acf":[],"yoast_head":"<!-- This site is optimized with the Yoast SEO Premium plugin v26.5 (Yoast SEO v26.5) - https:\/\/yoast.com\/wordpress\/plugins\/seo\/ -->\n<title>Yellow Satin Paint | Carnaby Yellow | Annie Sloan<\/title>\n<meta name=\"description\" content=\"Carnaby Yellow ist ein reichhaltig pigmentiertes Senfgelb, das von der Farbintensit\u00e4t von gelbem Ocker inspiriert ist.\" \/>\n<meta name=\"robots\" content=\"index, follow, max-snippet:-1, max-image-preview:large, max-video-preview:-1\" \/>\n<link rel=\"canonical\" href=\"https:\/\/www.anniesloan.com\/de\/produkt\/satin-paint\/gelb-satin-paint\/carnaby-yellow-sp\/\" \/>\n<meta property=\"og:locale\" content=\"de_DE\" \/>\n<meta property=\"og:type\" content=\"article\" \/>\n<meta property=\"og:title\" content=\"Carnaby Yellow\" \/>\n<meta property=\"og:description\" content=\"Carnaby Yellow ist ein reichhaltig pigmentiertes Senfgelb, das von der Farbintensit\u00e4t von gelbem Ocker inspiriert ist.\" \/>\n<meta property=\"og:url\" content=\"https:\/\/www.anniesloan.com\/de\/produkt\/satin-paint\/gelb-satin-paint\/carnaby-yellow-sp\/\" \/>\n<meta property=\"og:site_name\" content=\"Annie Sloan DE\" \/>\n<meta property=\"article:modified_time\" content=\"2026-03-03T08:31:01+00:00\" \/>\n<meta property=\"og:image\" content=\"https:\/\/www.anniesloan.com\/de\/wp-content\/uploads\/sites\/3\/2022\/03\/NEWRGB-72dpi-Carnaby-Yellow.jpg\" \/>\n\t<meta property=\"og:image:width\" content=\"1224\" \/>\n\t<meta property=\"og:image:height\" content=\"936\" \/>\n\t<meta property=\"og:image:type\" content=\"image\/jpeg\" \/>\n<meta name=\"twitter:card\" content=\"summary_large_image\" \/>\n<meta name=\"twitter:label1\" content=\"Price\" \/>\n\t<meta name=\"twitter:data1\" content=\"38.95&euro;\" \/>\n\t<meta name=\"twitter:label2\" content=\"Availability\" \/>\n\t<meta name=\"twitter:data2\" content=\"In stock\" \/>\n<script type=\"application\/ld+json\" class=\"yoast-schema-graph\">{\"@context\":\"https:\/\/schema.org\",\"@graph\":[{\"@type\":\"WebPage\",\"@id\":\"https:\/\/www.anniesloan.com\/de\/produkt\/satin-paint\/gelb-satin-paint\/carnaby-yellow-sp\/\",\"url\":\"https:\/\/www.anniesloan.com\/de\/produkt\/satin-paint\/gelb-satin-paint\/carnaby-yellow-sp\/\",\"name\":\"Yellow Satin Paint | Carnaby Yellow | Annie Sloan\",\"isPartOf\":{\"@id\":\"https:\/\/www.anniesloan.com\/de\/#website\"},\"primaryImageOfPage\":{\"@id\":\"https:\/\/www.anniesloan.com\/de\/produkt\/satin-paint\/gelb-satin-paint\/carnaby-yellow-sp\/#primaryimage\"},\"image\":{\"@id\":\"https:\/\/www.anniesloan.com\/de\/produkt\/satin-paint\/gelb-satin-paint\/carnaby-yellow-sp\/#primaryimage\"},\"thumbnailUrl\":\"https:\/\/www.anniesloan.com\/de\/wp-content\/uploads\/sites\/3\/2022\/03\/NEWRGB-72dpi-Carnaby-Yellow.jpg\",\"datePublished\":\"2022-03-09T13:38:32+00:00\",\"dateModified\":\"2026-03-03T08:31:01+00:00\",\"description\":\"Carnaby Yellow ist ein reichhaltig pigmentiertes Senfgelb, das von der Farbintensit\u00e4t von gelbem Ocker inspiriert ist.\",\"breadcrumb\":{\"@id\":\"https:\/\/www.anniesloan.com\/de\/produkt\/satin-paint\/gelb-satin-paint\/carnaby-yellow-sp\/#breadcrumb\"},\"inLanguage\":\"de-DE\",\"potentialAction\":[{\"@type\":\"ReadAction\",\"target\":[\"https:\/\/www.anniesloan.com\/de\/produkt\/satin-paint\/gelb-satin-paint\/carnaby-yellow-sp\/\"]}]},{\"@type\":\"ImageObject\",\"inLanguage\":\"de-DE\",\"@id\":\"https:\/\/www.anniesloan.com\/de\/produkt\/satin-paint\/gelb-satin-paint\/carnaby-yellow-sp\/#primaryimage\",\"url\":\"https:\/\/www.anniesloan.com\/de\/wp-content\/uploads\/sites\/3\/2022\/03\/NEWRGB-72dpi-Carnaby-Yellow.jpg\",\"contentUrl\":\"https:\/\/www.anniesloan.com\/de\/wp-content\/uploads\/sites\/3\/2022\/03\/NEWRGB-72dpi-Carnaby-Yellow.jpg\",\"width\":1224,\"height\":936,\"caption\":\"Annie Sloan Paint Swatch Carnaby Yellow\"},{\"@type\":\"BreadcrumbList\",\"@id\":\"https:\/\/www.anniesloan.com\/de\/produkt\/satin-paint\/gelb-satin-paint\/carnaby-yellow-sp\/#breadcrumb\",\"itemListElement\":[{\"@type\":\"ListItem\",\"position\":1,\"name\":\"Produkte\",\"item\":\"https:\/\/www.anniesloan.com\/de\/produkte\/\"},{\"@type\":\"ListItem\",\"position\":2,\"name\":\"Satin Paint\",\"item\":\"https:\/\/www.anniesloan.com\/de\/produkte\/satin-paint\/\"},{\"@type\":\"ListItem\",\"position\":3,\"name\":\"Gelb Satin Paint\",\"item\":\"https:\/\/www.anniesloan.com\/de\/produkte\/satin-paint\/gelb-satin-paint\/\"},{\"@type\":\"ListItem\",\"position\":4,\"name\":\"Carnaby Yellow\"}]},{\"@type\":\"WebSite\",\"@id\":\"https:\/\/www.anniesloan.com\/de\/#website\",\"url\":\"https:\/\/www.anniesloan.com\/de\/\",\"name\":\"Annie Sloan DE\",\"description\":\"Die Heimat der Chalk Paint\u2122\",\"publisher\":{\"@id\":\"https:\/\/www.anniesloan.com\/de\/#organization\"},\"potentialAction\":[{\"@type\":\"SearchAction\",\"target\":{\"@type\":\"EntryPoint\",\"urlTemplate\":\"https:\/\/www.anniesloan.com\/de\/?s={search_term_string}\"},\"query-input\":{\"@type\":\"PropertyValueSpecification\",\"valueRequired\":true,\"valueName\":\"search_term_string\"}}],\"inLanguage\":\"de-DE\"},{\"@type\":\"Organization\",\"@id\":\"https:\/\/www.anniesloan.com\/de\/#organization\",\"name\":\"Annie Sloan\",\"url\":\"https:\/\/www.anniesloan.com\/de\/\",\"logo\":{\"@type\":\"ImageObject\",\"inLanguage\":\"de-DE\",\"@id\":\"https:\/\/www.anniesloan.com\/de\/#\/schema\/logo\/image\/\",\"url\":\"https:\/\/www.anniesloan.com\/de\/wp-content\/uploads\/sites\/3\/2021\/07\/anniesloan-logo.jpg\",\"contentUrl\":\"https:\/\/www.anniesloan.com\/de\/wp-content\/uploads\/sites\/3\/2021\/07\/anniesloan-logo.jpg\",\"width\":1200,\"height\":361,\"caption\":\"Annie Sloan\"},\"image\":{\"@id\":\"https:\/\/www.anniesloan.com\/de\/#\/schema\/logo\/image\/\"}}]}<\/script>\n<meta property=\"product:price:amount\" content=\"38.95\" \/>\n<meta property=\"product:price:currency\" content=\"EUR\" \/>\n<meta property=\"og:availability\" content=\"instock\" \/>\n<meta property=\"product:availability\" content=\"instock\" \/>\n<meta property=\"product:retailer_item_id\" content=\"SPCY001.0750.01\" \/>\n<meta property=\"product:condition\" content=\"new\" \/>\n<!-- \/ Yoast SEO Premium plugin. -->","yoast_head_json":{"title":"Yellow Satin Paint | Carnaby Yellow | Annie Sloan","description":"Carnaby Yellow ist ein reichhaltig pigmentiertes Senfgelb, das von der Farbintensit\u00e4t von gelbem Ocker inspiriert ist.","robots":{"index":"index","follow":"follow","max-snippet":"max-snippet:-1","max-image-preview":"max-image-preview:large","max-video-preview":"max-video-preview:-1"},"canonical":"https:\/\/www.anniesloan.com\/de\/produkt\/satin-paint\/gelb-satin-paint\/carnaby-yellow-sp\/","og_locale":"de_DE","og_type":"article","og_title":"Carnaby Yellow","og_description":"Carnaby Yellow ist ein reichhaltig pigmentiertes Senfgelb, das von der Farbintensit\u00e4t von gelbem Ocker inspiriert ist.","og_url":"https:\/\/www.anniesloan.com\/de\/produkt\/satin-paint\/gelb-satin-paint\/carnaby-yellow-sp\/","og_site_name":"Annie Sloan DE","article_modified_time":"2026-03-03T08:31:01+00:00","og_image":[{"width":1224,"height":936,"url":"https:\/\/www.anniesloan.com\/de\/wp-content\/uploads\/sites\/3\/2022\/03\/NEWRGB-72dpi-Carnaby-Yellow.jpg","type":"image\/jpeg"}],"twitter_card":"summary_large_image","twitter_misc":{"Price":"38.95&euro;","Availability":"In stock"},"schema":{"@context":"https:\/\/schema.org","@graph":[{"@type":"WebPage","@id":"https:\/\/www.anniesloan.com\/de\/produkt\/satin-paint\/gelb-satin-paint\/carnaby-yellow-sp\/","url":"https:\/\/www.anniesloan.com\/de\/produkt\/satin-paint\/gelb-satin-paint\/carnaby-yellow-sp\/","name":"Yellow Satin Paint | Carnaby Yellow | Annie Sloan","isPartOf":{"@id":"https:\/\/www.anniesloan.com\/de\/#website"},"primaryImageOfPage":{"@id":"https:\/\/www.anniesloan.com\/de\/produkt\/satin-paint\/gelb-satin-paint\/carnaby-yellow-sp\/#primaryimage"},"image":{"@id":"https:\/\/www.anniesloan.com\/de\/produkt\/satin-paint\/gelb-satin-paint\/carnaby-yellow-sp\/#primaryimage"},"thumbnailUrl":"https:\/\/www.anniesloan.com\/de\/wp-content\/uploads\/sites\/3\/2022\/03\/NEWRGB-72dpi-Carnaby-Yellow.jpg","datePublished":"2022-03-09T13:38:32+00:00","dateModified":"2026-03-03T08:31:01+00:00","description":"Carnaby Yellow ist ein reichhaltig pigmentiertes Senfgelb, das von der Farbintensit\u00e4t von gelbem Ocker inspiriert ist.","breadcrumb":{"@id":"https:\/\/www.anniesloan.com\/de\/produkt\/satin-paint\/gelb-satin-paint\/carnaby-yellow-sp\/#breadcrumb"},"inLanguage":"de-DE","potentialAction":[{"@type":"ReadAction","target":["https:\/\/www.anniesloan.com\/de\/produkt\/satin-paint\/gelb-satin-paint\/carnaby-yellow-sp\/"]}]},{"@type":"ImageObject","inLanguage":"de-DE","@id":"https:\/\/www.anniesloan.com\/de\/produkt\/satin-paint\/gelb-satin-paint\/carnaby-yellow-sp\/#primaryimage","url":"https:\/\/www.anniesloan.com\/de\/wp-content\/uploads\/sites\/3\/2022\/03\/NEWRGB-72dpi-Carnaby-Yellow.jpg","contentUrl":"https:\/\/www.anniesloan.com\/de\/wp-content\/uploads\/sites\/3\/2022\/03\/NEWRGB-72dpi-Carnaby-Yellow.jpg","width":1224,"height":936,"caption":"Annie Sloan Paint Swatch Carnaby Yellow"},{"@type":"BreadcrumbList","@id":"https:\/\/www.anniesloan.com\/de\/produkt\/satin-paint\/gelb-satin-paint\/carnaby-yellow-sp\/#breadcrumb","itemListElement":[{"@type":"ListItem","position":1,"name":"Produkte","item":"https:\/\/www.anniesloan.com\/de\/produkte\/"},{"@type":"ListItem","position":2,"name":"Satin Paint","item":"https:\/\/www.anniesloan.com\/de\/produkte\/satin-paint\/"},{"@type":"ListItem","position":3,"name":"Gelb Satin Paint","item":"https:\/\/www.anniesloan.com\/de\/produkte\/satin-paint\/gelb-satin-paint\/"},{"@type":"ListItem","position":4,"name":"Carnaby Yellow"}]},{"@type":"WebSite","@id":"https:\/\/www.anniesloan.com\/de\/#website","url":"https:\/\/www.anniesloan.com\/de\/","name":"Annie Sloan DE","description":"Die Heimat der Chalk Paint\u2122","publisher":{"@id":"https:\/\/www.anniesloan.com\/de\/#organization"},"potentialAction":[{"@type":"SearchAction","target":{"@type":"EntryPoint","urlTemplate":"https:\/\/www.anniesloan.com\/de\/?s={search_term_string}"},"query-input":{"@type":"PropertyValueSpecification","valueRequired":true,"valueName":"search_term_string"}}],"inLanguage":"de-DE"},{"@type":"Organization","@id":"https:\/\/www.anniesloan.com\/de\/#organization","name":"Annie Sloan","url":"https:\/\/www.anniesloan.com\/de\/","logo":{"@type":"ImageObject","inLanguage":"de-DE","@id":"https:\/\/www.anniesloan.com\/de\/#\/schema\/logo\/image\/","url":"https:\/\/www.anniesloan.com\/de\/wp-content\/uploads\/sites\/3\/2021\/07\/anniesloan-logo.jpg","contentUrl":"https:\/\/www.anniesloan.com\/de\/wp-content\/uploads\/sites\/3\/2021\/07\/anniesloan-logo.jpg","width":1200,"height":361,"caption":"Annie Sloan"},"image":{"@id":"https:\/\/www.anniesloan.com\/de\/#\/schema\/logo\/image\/"}}]},"product_price_amount":"38.95","product_price_currency":"EUR","og_availability":"instock","product_availability":"instock","product_retailer_item_id":"SPCY001.0750.01","product_condition":"new"},"_links":{"self":[{"href":"https:\/\/www.anniesloan.com\/de\/wp-json\/wp\/v2\/product\/38181","targetHints":{"allow":["GET"]}}],"collection":[{"href":"https:\/\/www.anniesloan.com\/de\/wp-json\/wp\/v2\/product"}],"about":[{"href":"https:\/\/www.anniesloan.com\/de\/wp-json\/wp\/v2\/types\/product"}],"wp:featuredmedia":[{"embeddable":true,"href":"https:\/\/www.anniesloan.com\/de\/wp-json\/wp\/v2\/media\/38641"}],"wp:attachment":[{"href":"https:\/\/www.anniesloan.com\/de\/wp-json\/wp\/v2\/media?parent=38181"}],"wp:term":[{"taxonomy":"product_brand","embeddable":true,"href":"https:\/\/www.anniesloan.com\/de\/wp-json\/wp\/v2\/product_brand?post=38181"},{"taxonomy":"product_cat","embeddable":true,"href":"https:\/\/www.anniesloan.com\/de\/wp-json\/wp\/v2\/product_cat?post=38181"},{"taxonomy":"product_tag","embeddable":true,"href":"https:\/\/www.anniesloan.com\/de\/wp-json\/wp\/v2\/product_tag?post=38181"}],"curies":[{"name":"wp","href":"https:\/\/api.w.org\/{rel}","templated":true}]}}