{"id":38175,"date":"2022-03-09T14:54:36","date_gmt":"2022-03-09T13:54:36","guid":{"rendered":"https:\/\/www.anniesloan.com\/?post_type=product&#038;p=104226"},"modified":"2026-03-30T07:30:50","modified_gmt":"2026-03-30T06:30:50","slug":"oxford-navy-sp","status":"publish","type":"product","link":"https:\/\/www.anniesloan.com\/de\/produkt\/satin-paint\/blau-satin-paint\/oxford-navy-sp\/","title":{"rendered":"Oxford Navy"},"content":{"rendered":"","protected":false},"excerpt":{"rendered":"<p><span id=\"m-tgroup_73\" class=\"m-tgroup\" dir=\"ltr\">Annie Sloan Satin Paint in Oxford Navy ist ein kr\u00e4ftiges, attraktives, klassisches Marineblau.<\/span>\u00a0<span id=\"m-tgroup_74\" class=\"m-tgroup\" dir=\"ltr\">Es verleiht einem Raum Tiefe, Dramatik und Luxus, ohne dabei den Gefahren einer Statement-Farbe zum Opfer zu fallen.<\/span>\u00a0<span id=\"m-tgroup_75\" class=\"m-tgroup\" dir=\"ltr\">Inspiriert durch die indigoblauen Farbstoffe, die in traditionellen indischen Textilien verwendet werden, und das Tintenblau der F\u00fcllfederhalter, die so typisch f\u00fcr die Akademiker der Oxford University sind.<\/span><\/p>\n<p><span style=\"font-weight: 400\"><strong>Erh\u00e4ltlich in 750-ml-Dosen. 750 ml reichen f\u00fcr ungef\u00e4hr 11 m\u00b2 aus.<\/strong><\/span><\/p>\n","protected":false},"featured_media":38643,"template":"","meta":{"_acf_changed":false,"_relevanssi_hide_post":"","_relevanssi_hide_content":"","_relevanssi_pin_for_all":"","_relevanssi_pin_keywords":"","_relevanssi_unpin_keywords":"","_relevanssi_related_keywords":"","_relevanssi_related_include_ids":"","_relevanssi_related_exclude_ids":"","_relevanssi_related_no_append":"","_relevanssi_related_not_related":"","_relevanssi_related_posts":"","_relevanssi_noindex_reason":""},"product_brand":[],"product_cat":[1185,1184],"product_tag":[],"class_list":{"0":"post-38175","1":"product","2":"type-product","3":"status-publish","4":"has-post-thumbnail","6":"product_cat-blau-satin-paint","7":"product_cat-satin-paint","8":"product_shipping_class-dhl","9":"pa_colour-filter-blau","10":"pa_finish-satin-paint","11":"pa_size-750ml","13":"first","14":"instock","15":"taxable","16":"shipping-taxable","17":"purchasable","18":"product-type-simple"},"acf":[],"yoast_head":"<!-- This site is optimized with the Yoast SEO Premium plugin v26.5 (Yoast SEO v26.5) - https:\/\/yoast.com\/wordpress\/plugins\/seo\/ -->\n<title>Navy Blue Satin Paint | Oxford Navy | Annie Sloan<\/title>\n<meta name=\"description\" content=\"Annie Sloan Satin Paint in Oxford Navy ist eine kr\u00e4ftiges, attraktives, klassisches Marineblau. Shop Oxford Navy jetzt.\" \/>\n<meta name=\"robots\" content=\"index, follow, max-snippet:-1, max-image-preview:large, max-video-preview:-1\" \/>\n<link rel=\"canonical\" href=\"https:\/\/www.anniesloan.com\/de\/produkt\/satin-paint\/blau-satin-paint\/oxford-navy-sp\/\" \/>\n<meta property=\"og:locale\" content=\"de_DE\" \/>\n<meta property=\"og:type\" content=\"article\" \/>\n<meta property=\"og:title\" content=\"Oxford Navy\" \/>\n<meta property=\"og:description\" content=\"Annie Sloan Satin Paint in Oxford Navy ist eine kr\u00e4ftiges, attraktives, klassisches Marineblau. Shop Oxford Navy jetzt.\" \/>\n<meta property=\"og:url\" content=\"https:\/\/www.anniesloan.com\/de\/produkt\/satin-paint\/blau-satin-paint\/oxford-navy-sp\/\" \/>\n<meta property=\"og:site_name\" content=\"Annie Sloan DE\" \/>\n<meta property=\"article:modified_time\" content=\"2026-03-30T06:30:50+00:00\" \/>\n<meta property=\"og:image\" content=\"https:\/\/www.anniesloan.com\/de\/wp-content\/uploads\/sites\/3\/2022\/03\/NEWRGB-72dpi-Oxford-Navy.jpg\" \/>\n\t<meta property=\"og:image:width\" content=\"1224\" \/>\n\t<meta property=\"og:image:height\" content=\"936\" \/>\n\t<meta property=\"og:image:type\" content=\"image\/jpeg\" \/>\n<meta name=\"twitter:card\" content=\"summary_large_image\" \/>\n<meta name=\"twitter:label1\" content=\"Price\" \/>\n\t<meta name=\"twitter:data1\" content=\"38.95&euro;\" \/>\n\t<meta name=\"twitter:label2\" content=\"Availability\" \/>\n\t<meta name=\"twitter:data2\" content=\"In stock\" \/>\n<script type=\"application\/ld+json\" class=\"yoast-schema-graph\">{\"@context\":\"https:\/\/schema.org\",\"@graph\":[{\"@type\":\"WebPage\",\"@id\":\"https:\/\/www.anniesloan.com\/de\/produkt\/satin-paint\/blau-satin-paint\/oxford-navy-sp\/\",\"url\":\"https:\/\/www.anniesloan.com\/de\/produkt\/satin-paint\/blau-satin-paint\/oxford-navy-sp\/\",\"name\":\"Navy Blue Satin Paint | Oxford Navy | Annie Sloan\",\"isPartOf\":{\"@id\":\"https:\/\/www.anniesloan.com\/de\/#website\"},\"primaryImageOfPage\":{\"@id\":\"https:\/\/www.anniesloan.com\/de\/produkt\/satin-paint\/blau-satin-paint\/oxford-navy-sp\/#primaryimage\"},\"image\":{\"@id\":\"https:\/\/www.anniesloan.com\/de\/produkt\/satin-paint\/blau-satin-paint\/oxford-navy-sp\/#primaryimage\"},\"thumbnailUrl\":\"https:\/\/www.anniesloan.com\/de\/wp-content\/uploads\/sites\/3\/2022\/03\/NEWRGB-72dpi-Oxford-Navy.jpg\",\"datePublished\":\"2022-03-09T13:54:36+00:00\",\"dateModified\":\"2026-03-30T06:30:50+00:00\",\"description\":\"Annie Sloan Satin Paint in Oxford Navy ist eine kr\u00e4ftiges, attraktives, klassisches Marineblau. Shop Oxford Navy jetzt.\",\"breadcrumb\":{\"@id\":\"https:\/\/www.anniesloan.com\/de\/produkt\/satin-paint\/blau-satin-paint\/oxford-navy-sp\/#breadcrumb\"},\"inLanguage\":\"de-DE\",\"potentialAction\":[{\"@type\":\"ReadAction\",\"target\":[\"https:\/\/www.anniesloan.com\/de\/produkt\/satin-paint\/blau-satin-paint\/oxford-navy-sp\/\"]}]},{\"@type\":\"ImageObject\",\"inLanguage\":\"de-DE\",\"@id\":\"https:\/\/www.anniesloan.com\/de\/produkt\/satin-paint\/blau-satin-paint\/oxford-navy-sp\/#primaryimage\",\"url\":\"https:\/\/www.anniesloan.com\/de\/wp-content\/uploads\/sites\/3\/2022\/03\/NEWRGB-72dpi-Oxford-Navy.jpg\",\"contentUrl\":\"https:\/\/www.anniesloan.com\/de\/wp-content\/uploads\/sites\/3\/2022\/03\/NEWRGB-72dpi-Oxford-Navy.jpg\",\"width\":1224,\"height\":936,\"caption\":\"Annie Sloan Paint Swatch Oxford Navy\"},{\"@type\":\"BreadcrumbList\",\"@id\":\"https:\/\/www.anniesloan.com\/de\/produkt\/satin-paint\/blau-satin-paint\/oxford-navy-sp\/#breadcrumb\",\"itemListElement\":[{\"@type\":\"ListItem\",\"position\":1,\"name\":\"Produkte\",\"item\":\"https:\/\/www.anniesloan.com\/de\/produkte\/\"},{\"@type\":\"ListItem\",\"position\":2,\"name\":\"Satin Paint\",\"item\":\"https:\/\/www.anniesloan.com\/de\/produkte\/satin-paint\/\"},{\"@type\":\"ListItem\",\"position\":3,\"name\":\"Blau Satin Paint\",\"item\":\"https:\/\/www.anniesloan.com\/de\/produkte\/satin-paint\/blau-satin-paint\/\"},{\"@type\":\"ListItem\",\"position\":4,\"name\":\"Oxford Navy\"}]},{\"@type\":\"WebSite\",\"@id\":\"https:\/\/www.anniesloan.com\/de\/#website\",\"url\":\"https:\/\/www.anniesloan.com\/de\/\",\"name\":\"Annie Sloan DE\",\"description\":\"Die Heimat der Chalk Paint\u2122\",\"potentialAction\":[{\"@type\":\"SearchAction\",\"target\":{\"@type\":\"EntryPoint\",\"urlTemplate\":\"https:\/\/www.anniesloan.com\/de\/?s={search_term_string}\"},\"query-input\":{\"@type\":\"PropertyValueSpecification\",\"valueRequired\":true,\"valueName\":\"search_term_string\"}}],\"inLanguage\":\"de-DE\"}]}<\/script>\n<meta property=\"product:price:amount\" content=\"38.95\" \/>\n<meta property=\"product:price:currency\" content=\"EUR\" \/>\n<meta property=\"og:availability\" content=\"instock\" \/>\n<meta property=\"product:availability\" content=\"instock\" \/>\n<meta property=\"product:retailer_item_id\" content=\"SPON001.0750.01\" \/>\n<meta property=\"product:condition\" content=\"new\" \/>\n<!-- \/ Yoast SEO Premium plugin. -->","yoast_head_json":{"title":"Navy Blue Satin Paint | Oxford Navy | Annie Sloan","description":"Annie Sloan Satin Paint in Oxford Navy ist eine kr\u00e4ftiges, attraktives, klassisches Marineblau. Shop Oxford Navy jetzt.","robots":{"index":"index","follow":"follow","max-snippet":"max-snippet:-1","max-image-preview":"max-image-preview:large","max-video-preview":"max-video-preview:-1"},"canonical":"https:\/\/www.anniesloan.com\/de\/produkt\/satin-paint\/blau-satin-paint\/oxford-navy-sp\/","og_locale":"de_DE","og_type":"article","og_title":"Oxford Navy","og_description":"Annie Sloan Satin Paint in Oxford Navy ist eine kr\u00e4ftiges, attraktives, klassisches Marineblau. Shop Oxford Navy jetzt.","og_url":"https:\/\/www.anniesloan.com\/de\/produkt\/satin-paint\/blau-satin-paint\/oxford-navy-sp\/","og_site_name":"Annie Sloan DE","article_modified_time":"2026-03-30T06:30:50+00:00","og_image":[{"width":1224,"height":936,"url":"https:\/\/www.anniesloan.com\/de\/wp-content\/uploads\/sites\/3\/2022\/03\/NEWRGB-72dpi-Oxford-Navy.jpg","type":"image\/jpeg"}],"twitter_card":"summary_large_image","twitter_misc":{"Price":"38.95&euro;","Availability":"In stock"},"schema":{"@context":"https:\/\/schema.org","@graph":[{"@type":"WebPage","@id":"https:\/\/www.anniesloan.com\/de\/produkt\/satin-paint\/blau-satin-paint\/oxford-navy-sp\/","url":"https:\/\/www.anniesloan.com\/de\/produkt\/satin-paint\/blau-satin-paint\/oxford-navy-sp\/","name":"Navy Blue Satin Paint | Oxford Navy | Annie Sloan","isPartOf":{"@id":"https:\/\/www.anniesloan.com\/de\/#website"},"primaryImageOfPage":{"@id":"https:\/\/www.anniesloan.com\/de\/produkt\/satin-paint\/blau-satin-paint\/oxford-navy-sp\/#primaryimage"},"image":{"@id":"https:\/\/www.anniesloan.com\/de\/produkt\/satin-paint\/blau-satin-paint\/oxford-navy-sp\/#primaryimage"},"thumbnailUrl":"https:\/\/www.anniesloan.com\/de\/wp-content\/uploads\/sites\/3\/2022\/03\/NEWRGB-72dpi-Oxford-Navy.jpg","datePublished":"2022-03-09T13:54:36+00:00","dateModified":"2026-03-30T06:30:50+00:00","description":"Annie Sloan Satin Paint in Oxford Navy ist eine kr\u00e4ftiges, attraktives, klassisches Marineblau. Shop Oxford Navy jetzt.","breadcrumb":{"@id":"https:\/\/www.anniesloan.com\/de\/produkt\/satin-paint\/blau-satin-paint\/oxford-navy-sp\/#breadcrumb"},"inLanguage":"de-DE","potentialAction":[{"@type":"ReadAction","target":["https:\/\/www.anniesloan.com\/de\/produkt\/satin-paint\/blau-satin-paint\/oxford-navy-sp\/"]}]},{"@type":"ImageObject","inLanguage":"de-DE","@id":"https:\/\/www.anniesloan.com\/de\/produkt\/satin-paint\/blau-satin-paint\/oxford-navy-sp\/#primaryimage","url":"https:\/\/www.anniesloan.com\/de\/wp-content\/uploads\/sites\/3\/2022\/03\/NEWRGB-72dpi-Oxford-Navy.jpg","contentUrl":"https:\/\/www.anniesloan.com\/de\/wp-content\/uploads\/sites\/3\/2022\/03\/NEWRGB-72dpi-Oxford-Navy.jpg","width":1224,"height":936,"caption":"Annie Sloan Paint Swatch Oxford Navy"},{"@type":"BreadcrumbList","@id":"https:\/\/www.anniesloan.com\/de\/produkt\/satin-paint\/blau-satin-paint\/oxford-navy-sp\/#breadcrumb","itemListElement":[{"@type":"ListItem","position":1,"name":"Produkte","item":"https:\/\/www.anniesloan.com\/de\/produkte\/"},{"@type":"ListItem","position":2,"name":"Satin Paint","item":"https:\/\/www.anniesloan.com\/de\/produkte\/satin-paint\/"},{"@type":"ListItem","position":3,"name":"Blau Satin Paint","item":"https:\/\/www.anniesloan.com\/de\/produkte\/satin-paint\/blau-satin-paint\/"},{"@type":"ListItem","position":4,"name":"Oxford Navy"}]},{"@type":"WebSite","@id":"https:\/\/www.anniesloan.com\/de\/#website","url":"https:\/\/www.anniesloan.com\/de\/","name":"Annie Sloan DE","description":"Die Heimat der Chalk Paint\u2122","potentialAction":[{"@type":"SearchAction","target":{"@type":"EntryPoint","urlTemplate":"https:\/\/www.anniesloan.com\/de\/?s={search_term_string}"},"query-input":{"@type":"PropertyValueSpecification","valueRequired":true,"valueName":"search_term_string"}}],"inLanguage":"de-DE"}]},"product_price_amount":"38.95","product_price_currency":"EUR","og_availability":"instock","product_availability":"instock","product_retailer_item_id":"SPON001.0750.01","product_condition":"new"},"_links":{"self":[{"href":"https:\/\/www.anniesloan.com\/de\/wp-json\/wp\/v2\/product\/38175","targetHints":{"allow":["GET"]}}],"collection":[{"href":"https:\/\/www.anniesloan.com\/de\/wp-json\/wp\/v2\/product"}],"about":[{"href":"https:\/\/www.anniesloan.com\/de\/wp-json\/wp\/v2\/types\/product"}],"wp:featuredmedia":[{"embeddable":true,"href":"https:\/\/www.anniesloan.com\/de\/wp-json\/wp\/v2\/media\/38643"}],"wp:attachment":[{"href":"https:\/\/www.anniesloan.com\/de\/wp-json\/wp\/v2\/media?parent=38175"}],"wp:term":[{"taxonomy":"product_brand","embeddable":true,"href":"https:\/\/www.anniesloan.com\/de\/wp-json\/wp\/v2\/product_brand?post=38175"},{"taxonomy":"product_cat","embeddable":true,"href":"https:\/\/www.anniesloan.com\/de\/wp-json\/wp\/v2\/product_cat?post=38175"},{"taxonomy":"product_tag","embeddable":true,"href":"https:\/\/www.anniesloan.com\/de\/wp-json\/wp\/v2\/product_tag?post=38175"}],"curies":[{"name":"wp","href":"https:\/\/api.w.org\/{rel}","templated":true}]}}