{"id":37998,"date":"2022-03-02T10:17:30","date_gmt":"2022-03-02T09:17:30","guid":{"rendered":"https:\/\/www.anniesloan.com\/?post_type=product&#038;p=103706"},"modified":"2026-04-02T08:31:06","modified_gmt":"2026-04-02T06:31:06","slug":"the-colourist-ausgabe-8","status":"publish","type":"product","link":"https:\/\/www.anniesloan.com\/de\/produkt\/bucher\/the-colourist-ausgabe-8\/","title":{"rendered":"The Colourist Ausgabe 8"},"content":{"rendered":"","protected":false},"excerpt":{"rendered":"<p><span class=\"\">The Colourist ist ein einzigartiges Bookazine (mit Artikeln \u00e4hnlich wie in einem Magazin \u2013 aber ohne Werbung wie in einem Buch), welches Annie Sloans Leidenschaft f\u00fcr Farbe teilt. Es ist eine zweimal j\u00e4hrlich erscheinende Publikation zum Sammeln mit 132 sorgf\u00e4ltig zusammengestellten Seiten, in einem attraktiven Einband.<\/span><\/p>\n<p>Die achte Ausgabe des \u2018The Colourist\u2019 ist ab sofort erh\u00e4ltlich. Annie Sloans Lifestyle Bookazine zelebriert Farbe, k\u00fcnstlerische Gestaltungskraft und Inspiration.<span class=\"Apple-converted-space\">\u00a0<\/span><\/p>\n<p>Entdecken Sie Designstr\u00f6mungen, erhalten Sie Einblicke in prominente Wohnh\u00e4user (unter anderem das Haus des Hoteldesigners Kit Kemp) und begleiten Sie Annie rund um die Welt. Auf den Hochglanzseiten ist f\u00fcr jeden etwas dabei, seien es Schritt-f\u00fcr-Schritt-Anleitungen oder die exklusive Schablonenvorlage. <span lang=\"de\">F\u00fcr nur \u20ac12.95 UVP k\u00f6nnen Sie sich erneut in <\/span>Chalk Paint\u2122<span class=\"Apple-converted-space\">\u00a0<\/span><span lang=\"de\">verlieben, ohne danach Pinsel saubermachen zu m\u00fcssen! <\/span><\/p>\n<p><a href=\"https:\/\/www.anniesloan.com\/de\/fachhandler\/\"><span class=\"\">Ab sofort im Handel erh\u00e4ltlich!<\/span><\/a><\/p>\n","protected":false},"featured_media":38060,"template":"","meta":{"_acf_changed":false,"_relevanssi_hide_post":"","_relevanssi_hide_content":"","_relevanssi_pin_for_all":"","_relevanssi_pin_keywords":"","_relevanssi_unpin_keywords":"","_relevanssi_related_keywords":"","_relevanssi_related_include_ids":"","_relevanssi_related_exclude_ids":"","_relevanssi_related_no_append":"","_relevanssi_related_not_related":"","_relevanssi_related_posts":"","_relevanssi_noindex_reason":""},"product_brand":[],"product_cat":[65,1175,66],"product_tag":[1110,1109,1111,1112,1113,1114],"class_list":{"0":"post-37998","1":"product","2":"type-product","3":"status-publish","4":"has-post-thumbnail","6":"product_cat-geschenkideen-und-sets","7":"product_cat-geschenke-unter-15e","8":"product_cat-bucher","9":"product_tag-bookazine","10":"product_tag-buecher","11":"product_tag-colourist","12":"product_tag-magazine","13":"product_tag-report","14":"product_tag-the-colourist","15":"product_shipping_class-warenpost","17":"first","18":"instock","19":"taxable","20":"shipping-taxable","21":"purchasable","22":"product-type-simple"},"acf":[],"yoast_head":"<!-- This site is optimized with the Yoast SEO Premium plugin v26.5 (Yoast SEO v26.5) - https:\/\/yoast.com\/wordpress\/plugins\/seo\/ -->\n<title>The Colourist Ausgabe 8 | Bookazine | Annie Sloan<\/title>\n<meta name=\"description\" content=\"Diese Ausgabe von The Colourist ist unsere 8. Ausgabe von Annies Bibel der Inspiration The Colourist.\" \/>\n<meta name=\"robots\" content=\"index, follow, max-snippet:-1, max-image-preview:large, max-video-preview:-1\" \/>\n<link rel=\"canonical\" href=\"https:\/\/www.anniesloan.com\/de\/produkt\/bucher\/the-colourist-ausgabe-8\/\" \/>\n<meta property=\"og:locale\" content=\"de_DE\" \/>\n<meta property=\"og:type\" content=\"article\" \/>\n<meta property=\"og:title\" content=\"The Colourist Ausgabe 8\" \/>\n<meta property=\"og:description\" content=\"Diese Ausgabe von The Colourist ist unsere 8. Ausgabe von Annies Bibel der Inspiration The Colourist.\" \/>\n<meta property=\"og:url\" content=\"https:\/\/www.anniesloan.com\/de\/produkt\/bucher\/the-colourist-ausgabe-8\/\" \/>\n<meta property=\"og:site_name\" content=\"Annie Sloan DE\" \/>\n<meta property=\"article:modified_time\" content=\"2026-04-02T06:31:06+00:00\" \/>\n<meta property=\"og:image\" content=\"https:\/\/www.anniesloan.com\/de\/wp-content\/uploads\/sites\/3\/2022\/03\/MicrosoftTeams-image-16.jpg\" \/>\n\t<meta property=\"og:image:width\" content=\"1280\" \/>\n\t<meta property=\"og:image:height\" content=\"1024\" \/>\n\t<meta property=\"og:image:type\" content=\"image\/jpeg\" \/>\n<meta name=\"twitter:card\" content=\"summary_large_image\" \/>\n<meta name=\"twitter:label1\" content=\"Price\" \/>\n\t<meta name=\"twitter:data1\" content=\"12.95&euro;\" \/>\n\t<meta name=\"twitter:label2\" content=\"Availability\" \/>\n\t<meta name=\"twitter:data2\" content=\"In stock\" \/>\n<script type=\"application\/ld+json\" class=\"yoast-schema-graph\">{\"@context\":\"https:\/\/schema.org\",\"@graph\":[{\"@type\":\"WebPage\",\"@id\":\"https:\/\/www.anniesloan.com\/de\/produkt\/bucher\/the-colourist-ausgabe-8\/\",\"url\":\"https:\/\/www.anniesloan.com\/de\/produkt\/bucher\/the-colourist-ausgabe-8\/\",\"name\":\"The Colourist Ausgabe 8 | Bookazine | Annie Sloan\",\"isPartOf\":{\"@id\":\"https:\/\/www.anniesloan.com\/de\/#website\"},\"primaryImageOfPage\":{\"@id\":\"https:\/\/www.anniesloan.com\/de\/produkt\/bucher\/the-colourist-ausgabe-8\/#primaryimage\"},\"image\":{\"@id\":\"https:\/\/www.anniesloan.com\/de\/produkt\/bucher\/the-colourist-ausgabe-8\/#primaryimage\"},\"thumbnailUrl\":\"https:\/\/www.anniesloan.com\/de\/wp-content\/uploads\/sites\/3\/2022\/03\/MicrosoftTeams-image-16.jpg\",\"datePublished\":\"2022-03-02T09:17:30+00:00\",\"dateModified\":\"2026-04-02T06:31:06+00:00\",\"description\":\"Diese Ausgabe von The Colourist ist unsere 8. Ausgabe von Annies Bibel der Inspiration The Colourist.\",\"breadcrumb\":{\"@id\":\"https:\/\/www.anniesloan.com\/de\/produkt\/bucher\/the-colourist-ausgabe-8\/#breadcrumb\"},\"inLanguage\":\"de-DE\",\"potentialAction\":[{\"@type\":\"ReadAction\",\"target\":[\"https:\/\/www.anniesloan.com\/de\/produkt\/bucher\/the-colourist-ausgabe-8\/\"]}]},{\"@type\":\"ImageObject\",\"inLanguage\":\"de-DE\",\"@id\":\"https:\/\/www.anniesloan.com\/de\/produkt\/bucher\/the-colourist-ausgabe-8\/#primaryimage\",\"url\":\"https:\/\/www.anniesloan.com\/de\/wp-content\/uploads\/sites\/3\/2022\/03\/MicrosoftTeams-image-16.jpg\",\"contentUrl\":\"https:\/\/www.anniesloan.com\/de\/wp-content\/uploads\/sites\/3\/2022\/03\/MicrosoftTeams-image-16.jpg\",\"width\":1280,\"height\":1024,\"caption\":\"Front cover of Annie Sloan's Issue 8 of the Colourist\"},{\"@type\":\"BreadcrumbList\",\"@id\":\"https:\/\/www.anniesloan.com\/de\/produkt\/bucher\/the-colourist-ausgabe-8\/#breadcrumb\",\"itemListElement\":[{\"@type\":\"ListItem\",\"position\":1,\"name\":\"Produkte\",\"item\":\"https:\/\/www.anniesloan.com\/de\/produkte\/\"},{\"@type\":\"ListItem\",\"position\":2,\"name\":\"B\u00fccher\",\"item\":\"https:\/\/www.anniesloan.com\/de\/produkte\/bucher\/\"},{\"@type\":\"ListItem\",\"position\":3,\"name\":\"The Colourist Ausgabe 8\"}]},{\"@type\":\"WebSite\",\"@id\":\"https:\/\/www.anniesloan.com\/de\/#website\",\"url\":\"https:\/\/www.anniesloan.com\/de\/\",\"name\":\"Annie Sloan DE\",\"description\":\"Die Heimat der Chalk Paint\u2122\",\"potentialAction\":[{\"@type\":\"SearchAction\",\"target\":{\"@type\":\"EntryPoint\",\"urlTemplate\":\"https:\/\/www.anniesloan.com\/de\/?s={search_term_string}\"},\"query-input\":{\"@type\":\"PropertyValueSpecification\",\"valueRequired\":true,\"valueName\":\"search_term_string\"}}],\"inLanguage\":\"de-DE\"}]}<\/script>\n<meta property=\"product:price:amount\" content=\"12.95\" \/>\n<meta property=\"product:price:currency\" content=\"EUR\" \/>\n<meta property=\"og:availability\" content=\"instock\" \/>\n<meta property=\"product:availability\" content=\"instock\" \/>\n<meta property=\"product:retailer_item_id\" content=\"TCTB008.2101.09\" \/>\n<meta property=\"product:condition\" content=\"new\" \/>\n<!-- \/ Yoast SEO Premium plugin. -->","yoast_head_json":{"title":"The Colourist Ausgabe 8 | Bookazine | Annie Sloan","description":"Diese Ausgabe von The Colourist ist unsere 8. Ausgabe von Annies Bibel der Inspiration The Colourist.","robots":{"index":"index","follow":"follow","max-snippet":"max-snippet:-1","max-image-preview":"max-image-preview:large","max-video-preview":"max-video-preview:-1"},"canonical":"https:\/\/www.anniesloan.com\/de\/produkt\/bucher\/the-colourist-ausgabe-8\/","og_locale":"de_DE","og_type":"article","og_title":"The Colourist Ausgabe 8","og_description":"Diese Ausgabe von The Colourist ist unsere 8. Ausgabe von Annies Bibel der Inspiration The Colourist.","og_url":"https:\/\/www.anniesloan.com\/de\/produkt\/bucher\/the-colourist-ausgabe-8\/","og_site_name":"Annie Sloan DE","article_modified_time":"2026-04-02T06:31:06+00:00","og_image":[{"width":1280,"height":1024,"url":"https:\/\/www.anniesloan.com\/de\/wp-content\/uploads\/sites\/3\/2022\/03\/MicrosoftTeams-image-16.jpg","type":"image\/jpeg"}],"twitter_card":"summary_large_image","twitter_misc":{"Price":"12.95&euro;","Availability":"In stock"},"schema":{"@context":"https:\/\/schema.org","@graph":[{"@type":"WebPage","@id":"https:\/\/www.anniesloan.com\/de\/produkt\/bucher\/the-colourist-ausgabe-8\/","url":"https:\/\/www.anniesloan.com\/de\/produkt\/bucher\/the-colourist-ausgabe-8\/","name":"The Colourist Ausgabe 8 | Bookazine | Annie Sloan","isPartOf":{"@id":"https:\/\/www.anniesloan.com\/de\/#website"},"primaryImageOfPage":{"@id":"https:\/\/www.anniesloan.com\/de\/produkt\/bucher\/the-colourist-ausgabe-8\/#primaryimage"},"image":{"@id":"https:\/\/www.anniesloan.com\/de\/produkt\/bucher\/the-colourist-ausgabe-8\/#primaryimage"},"thumbnailUrl":"https:\/\/www.anniesloan.com\/de\/wp-content\/uploads\/sites\/3\/2022\/03\/MicrosoftTeams-image-16.jpg","datePublished":"2022-03-02T09:17:30+00:00","dateModified":"2026-04-02T06:31:06+00:00","description":"Diese Ausgabe von The Colourist ist unsere 8. Ausgabe von Annies Bibel der Inspiration The Colourist.","breadcrumb":{"@id":"https:\/\/www.anniesloan.com\/de\/produkt\/bucher\/the-colourist-ausgabe-8\/#breadcrumb"},"inLanguage":"de-DE","potentialAction":[{"@type":"ReadAction","target":["https:\/\/www.anniesloan.com\/de\/produkt\/bucher\/the-colourist-ausgabe-8\/"]}]},{"@type":"ImageObject","inLanguage":"de-DE","@id":"https:\/\/www.anniesloan.com\/de\/produkt\/bucher\/the-colourist-ausgabe-8\/#primaryimage","url":"https:\/\/www.anniesloan.com\/de\/wp-content\/uploads\/sites\/3\/2022\/03\/MicrosoftTeams-image-16.jpg","contentUrl":"https:\/\/www.anniesloan.com\/de\/wp-content\/uploads\/sites\/3\/2022\/03\/MicrosoftTeams-image-16.jpg","width":1280,"height":1024,"caption":"Front cover of Annie Sloan's Issue 8 of the Colourist"},{"@type":"BreadcrumbList","@id":"https:\/\/www.anniesloan.com\/de\/produkt\/bucher\/the-colourist-ausgabe-8\/#breadcrumb","itemListElement":[{"@type":"ListItem","position":1,"name":"Produkte","item":"https:\/\/www.anniesloan.com\/de\/produkte\/"},{"@type":"ListItem","position":2,"name":"B\u00fccher","item":"https:\/\/www.anniesloan.com\/de\/produkte\/bucher\/"},{"@type":"ListItem","position":3,"name":"The Colourist Ausgabe 8"}]},{"@type":"WebSite","@id":"https:\/\/www.anniesloan.com\/de\/#website","url":"https:\/\/www.anniesloan.com\/de\/","name":"Annie Sloan DE","description":"Die Heimat der Chalk Paint\u2122","potentialAction":[{"@type":"SearchAction","target":{"@type":"EntryPoint","urlTemplate":"https:\/\/www.anniesloan.com\/de\/?s={search_term_string}"},"query-input":{"@type":"PropertyValueSpecification","valueRequired":true,"valueName":"search_term_string"}}],"inLanguage":"de-DE"}]},"product_price_amount":"12.95","product_price_currency":"EUR","og_availability":"instock","product_availability":"instock","product_retailer_item_id":"TCTB008.2101.09","product_condition":"new"},"_links":{"self":[{"href":"https:\/\/www.anniesloan.com\/de\/wp-json\/wp\/v2\/product\/37998","targetHints":{"allow":["GET"]}}],"collection":[{"href":"https:\/\/www.anniesloan.com\/de\/wp-json\/wp\/v2\/product"}],"about":[{"href":"https:\/\/www.anniesloan.com\/de\/wp-json\/wp\/v2\/types\/product"}],"wp:featuredmedia":[{"embeddable":true,"href":"https:\/\/www.anniesloan.com\/de\/wp-json\/wp\/v2\/media\/38060"}],"wp:attachment":[{"href":"https:\/\/www.anniesloan.com\/de\/wp-json\/wp\/v2\/media?parent=37998"}],"wp:term":[{"taxonomy":"product_brand","embeddable":true,"href":"https:\/\/www.anniesloan.com\/de\/wp-json\/wp\/v2\/product_brand?post=37998"},{"taxonomy":"product_cat","embeddable":true,"href":"https:\/\/www.anniesloan.com\/de\/wp-json\/wp\/v2\/product_cat?post=37998"},{"taxonomy":"product_tag","embeddable":true,"href":"https:\/\/www.anniesloan.com\/de\/wp-json\/wp\/v2\/product_tag?post=37998"}],"curies":[{"name":"wp","href":"https:\/\/api.w.org\/{rel}","templated":true}]}}