{"id":36701,"date":"2021-10-18T08:33:59","date_gmt":"2021-10-18T07:33:59","guid":{"rendered":"https:\/\/www.anniesloan.com\/?post_type=product&#038;p=92996"},"modified":"2026-02-19T12:32:29","modified_gmt":"2026-02-19T11:32:29","slug":"the-colourist-ausgabe-7","status":"publish","type":"product","link":"https:\/\/www.anniesloan.com\/de\/produkt\/bucher\/the-colourist-ausgabe-7\/","title":{"rendered":"The Colourist Ausgabe 7"},"content":{"rendered":"","protected":false},"excerpt":{"rendered":"<p><span class=\"\">The Colourist ist ein einzigartiges Bookazine (mit Artikeln \u00e4hnlich wie in einem Magazin \u2013 aber ohne Werbung wie in einem Buch), welches Annie Sloans Leidenschaft f\u00fcr Farbe teilt. Es ist eine zweimal j\u00e4hrlich erscheinende Publikation zum Sammeln mit 132 sorgf\u00e4ltig zusammengestellten Seiten, in einem attraktiven Einband.<\/span><\/p>\n<p><span class=\"\">Diese Ausgabe von The Colourist ist unsere 7. Ausgabe und Annies Inspirations-Bibel. Wie immer ist das Bookazine voll gepackt mit exklusiven Fotos von wundersch\u00f6n gestrichenen M\u00f6beln, Home-Stories, sowie Schritte-f\u00fcr-Schritt Anleitungen. Das Thema lautet \u201eGr\u00fcner werden\u201d und beinhaltet die neuen Annie Sloan Wall Paint Farben <a class=\"\" title=\"https:\/\/www.anniesloan.com\/de\/produkt\/wall-paint\/knightsbridge-green\/\" href=\"https:\/\/www.anniesloan.com\/de\/produkt\/wall-paint\/knightsbridge-green\/\">Knightsbridge Green<\/a>, <a class=\"\" title=\"https:\/\/www.anniesloan.com\/de\/produkt\/wall-paint\/schinkel-green\/\" href=\"https:\/\/www.anniesloan.com\/de\/produkt\/wall-paint\/schinkel-green\/\">Schinkel Green<\/a> und Chalk Paint\u2122 in <a class=\"\" title=\"https:\/\/www.anniesloan.com\/de\/produkt\/chalk-paint\/grun\/firle\/\" href=\"https:\/\/www.anniesloan.com\/de\/produkt\/chalk-paint\/grun\/firle\/\">Firle<\/a>.<\/span><\/p>\n<p><span class=\"\">Interessante Einblicke in die Arbeit und das Leben der kreativen Koryph\u00e4en Jean Cocteau und Jean Paul Gaultier, sowie Berichte \u00fcber Stoff- und Schmuckdesigner, die man unbedingt kennen sollte. Eine impressionistische Schablonenvorlage eines Gesichts, inspiriert von Jean Cocteau, bringt avantgardistisches Flair in Ihre Designs. Au\u00dferdem gibt es Ausfl\u00fcge in ein Chalk Paint\u2122-Hotel und eine Reihe verschiedener Home-Touren von Einrichtungsgurus Pearl Lowe und Luke Edward Hall.\u00a0 Annie stellt auch ihre neueste Kooperation mit der RHS vor \u2013 um mehr zu erfahren, m\u00fcssen Sie sich ein Exemplar schnappen!<\/span><\/p>\n<p><span class=\"\">Ab sofort im Handel erh\u00e4ltlich!<\/span><\/p>\n","protected":false},"featured_media":36699,"template":"","meta":{"_acf_changed":false,"_relevanssi_hide_post":"","_relevanssi_hide_content":"","_relevanssi_pin_for_all":"","_relevanssi_pin_keywords":"","_relevanssi_unpin_keywords":"","_relevanssi_related_keywords":"","_relevanssi_related_include_ids":"","_relevanssi_related_exclude_ids":"","_relevanssi_related_no_append":"","_relevanssi_related_not_related":"","_relevanssi_related_posts":"","_relevanssi_noindex_reason":""},"product_brand":[],"product_cat":[65,1175,66],"product_tag":[1110,1109,1111,1112,1113,1114],"class_list":{"0":"post-36701","1":"product","2":"type-product","3":"status-publish","4":"has-post-thumbnail","6":"product_cat-geschenkideen-und-sets","7":"product_cat-geschenke-unter-15e","8":"product_cat-bucher","9":"product_tag-bookazine","10":"product_tag-buecher","11":"product_tag-colourist","12":"product_tag-magazine","13":"product_tag-report","14":"product_tag-the-colourist","15":"product_shipping_class-warenpost","17":"first","18":"instock","19":"taxable","20":"shipping-taxable","21":"purchasable","22":"product-type-simple"},"acf":[],"yoast_head":"<!-- This site is optimized with the Yoast SEO Premium plugin v26.5 (Yoast SEO v26.5) - https:\/\/yoast.com\/wordpress\/plugins\/seo\/ -->\n<title>The Colourist - Ausgabe 7 | Bookazine | Annie Sloan<\/title>\n<meta name=\"description\" content=\"Diese Ausgabe von The Colourist ist unsere 7. Ausgabe von Annies Bibel der Inspiration The Colourist.\" \/>\n<meta name=\"robots\" content=\"index, follow, max-snippet:-1, max-image-preview:large, max-video-preview:-1\" \/>\n<link rel=\"canonical\" href=\"https:\/\/www.anniesloan.com\/de\/produkt\/bucher\/the-colourist-ausgabe-7\/\" \/>\n<meta property=\"og:locale\" content=\"de_DE\" \/>\n<meta property=\"og:type\" content=\"article\" \/>\n<meta property=\"og:title\" content=\"The Colourist Ausgabe 7\" \/>\n<meta property=\"og:description\" content=\"Diese Ausgabe von The Colourist ist unsere 7. Ausgabe von Annies Bibel der Inspiration The Colourist.\" \/>\n<meta property=\"og:url\" content=\"https:\/\/www.anniesloan.com\/de\/produkt\/bucher\/the-colourist-ausgabe-7\/\" \/>\n<meta property=\"og:site_name\" content=\"Annie Sloan DE\" \/>\n<meta property=\"article:modified_time\" content=\"2026-02-19T11:32:29+00:00\" \/>\n<meta property=\"og:image\" content=\"https:\/\/www.anniesloan.com\/de\/wp-content\/uploads\/sites\/3\/2021\/10\/The-Colourist-Front-Cover-LP.jpg\" \/>\n\t<meta property=\"og:image:width\" content=\"1280\" \/>\n\t<meta property=\"og:image:height\" content=\"1024\" \/>\n\t<meta property=\"og:image:type\" content=\"image\/jpeg\" \/>\n<meta name=\"twitter:card\" content=\"summary_large_image\" \/>\n<meta name=\"twitter:label1\" content=\"Price\" \/>\n\t<meta name=\"twitter:data1\" content=\"12.95&euro;\" \/>\n\t<meta name=\"twitter:label2\" content=\"Availability\" \/>\n\t<meta name=\"twitter:data2\" content=\"In stock\" \/>\n<script type=\"application\/ld+json\" class=\"yoast-schema-graph\">{\"@context\":\"https:\/\/schema.org\",\"@graph\":[{\"@type\":\"WebPage\",\"@id\":\"https:\/\/www.anniesloan.com\/de\/produkt\/bucher\/the-colourist-ausgabe-7\/\",\"url\":\"https:\/\/www.anniesloan.com\/de\/produkt\/bucher\/the-colourist-ausgabe-7\/\",\"name\":\"The Colourist - Ausgabe 7 | Bookazine | Annie Sloan\",\"isPartOf\":{\"@id\":\"https:\/\/www.anniesloan.com\/de\/#website\"},\"primaryImageOfPage\":{\"@id\":\"https:\/\/www.anniesloan.com\/de\/produkt\/bucher\/the-colourist-ausgabe-7\/#primaryimage\"},\"image\":{\"@id\":\"https:\/\/www.anniesloan.com\/de\/produkt\/bucher\/the-colourist-ausgabe-7\/#primaryimage\"},\"thumbnailUrl\":\"https:\/\/www.anniesloan.com\/de\/wp-content\/uploads\/sites\/3\/2021\/10\/The-Colourist-Front-Cover-LP.jpg\",\"datePublished\":\"2021-10-18T07:33:59+00:00\",\"dateModified\":\"2026-02-19T11:32:29+00:00\",\"description\":\"Diese Ausgabe von The Colourist ist unsere 7. Ausgabe von Annies Bibel der Inspiration The Colourist.\",\"breadcrumb\":{\"@id\":\"https:\/\/www.anniesloan.com\/de\/produkt\/bucher\/the-colourist-ausgabe-7\/#breadcrumb\"},\"inLanguage\":\"de-DE\",\"potentialAction\":[{\"@type\":\"ReadAction\",\"target\":[\"https:\/\/www.anniesloan.com\/de\/produkt\/bucher\/the-colourist-ausgabe-7\/\"]}]},{\"@type\":\"ImageObject\",\"inLanguage\":\"de-DE\",\"@id\":\"https:\/\/www.anniesloan.com\/de\/produkt\/bucher\/the-colourist-ausgabe-7\/#primaryimage\",\"url\":\"https:\/\/www.anniesloan.com\/de\/wp-content\/uploads\/sites\/3\/2021\/10\/The-Colourist-Front-Cover-LP.jpg\",\"contentUrl\":\"https:\/\/www.anniesloan.com\/de\/wp-content\/uploads\/sites\/3\/2021\/10\/The-Colourist-Front-Cover-LP.jpg\",\"width\":1280,\"height\":1024},{\"@type\":\"BreadcrumbList\",\"@id\":\"https:\/\/www.anniesloan.com\/de\/produkt\/bucher\/the-colourist-ausgabe-7\/#breadcrumb\",\"itemListElement\":[{\"@type\":\"ListItem\",\"position\":1,\"name\":\"Produkte\",\"item\":\"https:\/\/www.anniesloan.com\/de\/produkte\/\"},{\"@type\":\"ListItem\",\"position\":2,\"name\":\"B\u00fccher\",\"item\":\"https:\/\/www.anniesloan.com\/de\/produkte\/bucher\/\"},{\"@type\":\"ListItem\",\"position\":3,\"name\":\"The Colourist Ausgabe 7\"}]},{\"@type\":\"WebSite\",\"@id\":\"https:\/\/www.anniesloan.com\/de\/#website\",\"url\":\"https:\/\/www.anniesloan.com\/de\/\",\"name\":\"Annie Sloan DE\",\"description\":\"Die Heimat der Chalk Paint\u2122\",\"potentialAction\":[{\"@type\":\"SearchAction\",\"target\":{\"@type\":\"EntryPoint\",\"urlTemplate\":\"https:\/\/www.anniesloan.com\/de\/?s={search_term_string}\"},\"query-input\":{\"@type\":\"PropertyValueSpecification\",\"valueRequired\":true,\"valueName\":\"search_term_string\"}}],\"inLanguage\":\"de-DE\"}]}<\/script>\n<meta property=\"product:price:amount\" content=\"12.95\" \/>\n<meta property=\"product:price:currency\" content=\"EUR\" \/>\n<meta property=\"og:availability\" content=\"instock\" \/>\n<meta property=\"product:availability\" content=\"instock\" \/>\n<meta property=\"product:retailer_item_id\" content=\"TCTB007.2101.09\" \/>\n<meta property=\"product:condition\" content=\"new\" \/>\n<!-- \/ Yoast SEO Premium plugin. -->","yoast_head_json":{"title":"The Colourist - Ausgabe 7 | Bookazine | Annie Sloan","description":"Diese Ausgabe von The Colourist ist unsere 7. Ausgabe von Annies Bibel der Inspiration The Colourist.","robots":{"index":"index","follow":"follow","max-snippet":"max-snippet:-1","max-image-preview":"max-image-preview:large","max-video-preview":"max-video-preview:-1"},"canonical":"https:\/\/www.anniesloan.com\/de\/produkt\/bucher\/the-colourist-ausgabe-7\/","og_locale":"de_DE","og_type":"article","og_title":"The Colourist Ausgabe 7","og_description":"Diese Ausgabe von The Colourist ist unsere 7. Ausgabe von Annies Bibel der Inspiration The Colourist.","og_url":"https:\/\/www.anniesloan.com\/de\/produkt\/bucher\/the-colourist-ausgabe-7\/","og_site_name":"Annie Sloan DE","article_modified_time":"2026-02-19T11:32:29+00:00","og_image":[{"width":1280,"height":1024,"url":"https:\/\/www.anniesloan.com\/de\/wp-content\/uploads\/sites\/3\/2021\/10\/The-Colourist-Front-Cover-LP.jpg","type":"image\/jpeg"}],"twitter_card":"summary_large_image","twitter_misc":{"Price":"12.95&euro;","Availability":"In stock"},"schema":{"@context":"https:\/\/schema.org","@graph":[{"@type":"WebPage","@id":"https:\/\/www.anniesloan.com\/de\/produkt\/bucher\/the-colourist-ausgabe-7\/","url":"https:\/\/www.anniesloan.com\/de\/produkt\/bucher\/the-colourist-ausgabe-7\/","name":"The Colourist - Ausgabe 7 | Bookazine | Annie Sloan","isPartOf":{"@id":"https:\/\/www.anniesloan.com\/de\/#website"},"primaryImageOfPage":{"@id":"https:\/\/www.anniesloan.com\/de\/produkt\/bucher\/the-colourist-ausgabe-7\/#primaryimage"},"image":{"@id":"https:\/\/www.anniesloan.com\/de\/produkt\/bucher\/the-colourist-ausgabe-7\/#primaryimage"},"thumbnailUrl":"https:\/\/www.anniesloan.com\/de\/wp-content\/uploads\/sites\/3\/2021\/10\/The-Colourist-Front-Cover-LP.jpg","datePublished":"2021-10-18T07:33:59+00:00","dateModified":"2026-02-19T11:32:29+00:00","description":"Diese Ausgabe von The Colourist ist unsere 7. Ausgabe von Annies Bibel der Inspiration The Colourist.","breadcrumb":{"@id":"https:\/\/www.anniesloan.com\/de\/produkt\/bucher\/the-colourist-ausgabe-7\/#breadcrumb"},"inLanguage":"de-DE","potentialAction":[{"@type":"ReadAction","target":["https:\/\/www.anniesloan.com\/de\/produkt\/bucher\/the-colourist-ausgabe-7\/"]}]},{"@type":"ImageObject","inLanguage":"de-DE","@id":"https:\/\/www.anniesloan.com\/de\/produkt\/bucher\/the-colourist-ausgabe-7\/#primaryimage","url":"https:\/\/www.anniesloan.com\/de\/wp-content\/uploads\/sites\/3\/2021\/10\/The-Colourist-Front-Cover-LP.jpg","contentUrl":"https:\/\/www.anniesloan.com\/de\/wp-content\/uploads\/sites\/3\/2021\/10\/The-Colourist-Front-Cover-LP.jpg","width":1280,"height":1024},{"@type":"BreadcrumbList","@id":"https:\/\/www.anniesloan.com\/de\/produkt\/bucher\/the-colourist-ausgabe-7\/#breadcrumb","itemListElement":[{"@type":"ListItem","position":1,"name":"Produkte","item":"https:\/\/www.anniesloan.com\/de\/produkte\/"},{"@type":"ListItem","position":2,"name":"B\u00fccher","item":"https:\/\/www.anniesloan.com\/de\/produkte\/bucher\/"},{"@type":"ListItem","position":3,"name":"The Colourist Ausgabe 7"}]},{"@type":"WebSite","@id":"https:\/\/www.anniesloan.com\/de\/#website","url":"https:\/\/www.anniesloan.com\/de\/","name":"Annie Sloan DE","description":"Die Heimat der Chalk Paint\u2122","potentialAction":[{"@type":"SearchAction","target":{"@type":"EntryPoint","urlTemplate":"https:\/\/www.anniesloan.com\/de\/?s={search_term_string}"},"query-input":{"@type":"PropertyValueSpecification","valueRequired":true,"valueName":"search_term_string"}}],"inLanguage":"de-DE"}]},"product_price_amount":"12.95","product_price_currency":"EUR","og_availability":"instock","product_availability":"instock","product_retailer_item_id":"TCTB007.2101.09","product_condition":"new"},"_links":{"self":[{"href":"https:\/\/www.anniesloan.com\/de\/wp-json\/wp\/v2\/product\/36701","targetHints":{"allow":["GET"]}}],"collection":[{"href":"https:\/\/www.anniesloan.com\/de\/wp-json\/wp\/v2\/product"}],"about":[{"href":"https:\/\/www.anniesloan.com\/de\/wp-json\/wp\/v2\/types\/product"}],"wp:featuredmedia":[{"embeddable":true,"href":"https:\/\/www.anniesloan.com\/de\/wp-json\/wp\/v2\/media\/36699"}],"wp:attachment":[{"href":"https:\/\/www.anniesloan.com\/de\/wp-json\/wp\/v2\/media?parent=36701"}],"wp:term":[{"taxonomy":"product_brand","embeddable":true,"href":"https:\/\/www.anniesloan.com\/de\/wp-json\/wp\/v2\/product_brand?post=36701"},{"taxonomy":"product_cat","embeddable":true,"href":"https:\/\/www.anniesloan.com\/de\/wp-json\/wp\/v2\/product_cat?post=36701"},{"taxonomy":"product_tag","embeddable":true,"href":"https:\/\/www.anniesloan.com\/de\/wp-json\/wp\/v2\/product_tag?post=36701"}],"curies":[{"name":"wp","href":"https:\/\/api.w.org\/{rel}","templated":true}]}}