{"id":36392,"date":"2021-09-23T11:54:25","date_gmt":"2021-09-23T10:54:25","guid":{"rendered":"https:\/\/www.anniesloan.com\/?post_type=product&#038;p=90711"},"modified":"2026-04-08T09:31:50","modified_gmt":"2026-04-08T07:31:50","slug":"doric","status":"publish","type":"product","link":"https:\/\/www.anniesloan.com\/de\/produkt\/wall-paint\/doric\/","title":{"rendered":"Doric"},"content":{"rendered":"","protected":false},"excerpt":{"rendered":"<p>Die architektonische Schlichtheit dieses lichtdurchl\u00e4ssigen, marmor\u00e4hnlichen, k\u00fchl-neutralen Graus spiegelt sich in seinem klassischen Namen wider. Dorische S\u00e4ulen sind die einfachsten in der klassischen Architektur; schn\u00f6rkellose und elegante Strukturen mit langen, geschwungenen Linien. Dieser Neutralton entspricht dem Gipswei\u00df, das traditionell f\u00fcr diese S\u00e4ulen verwendet wird, und sorgt f\u00fcr ein Maximum an Helligkeit in einem Raum.<\/p>\n","protected":false},"featured_media":38654,"template":"","meta":{"_acf_changed":false,"_relevanssi_hide_post":"","_relevanssi_hide_content":"","_relevanssi_pin_for_all":"","_relevanssi_pin_keywords":"","_relevanssi_unpin_keywords":"","_relevanssi_related_keywords":"","_relevanssi_related_include_ids":"","_relevanssi_related_exclude_ids":"","_relevanssi_related_no_append":"","_relevanssi_related_not_related":"","_relevanssi_related_posts":"","_relevanssi_noindex_reason":""},"product_brand":[],"product_cat":[39,1150,1149],"product_tag":[],"class_list":{"0":"post-36392","1":"product","2":"type-product","3":"status-publish","4":"has-post-thumbnail","6":"product_cat-wall-paint","7":"product_cat-grau-wall-paint","8":"product_cat-weiss-wall-paint","9":"product_shipping_class-dhl","10":"pa_colour-filter-grau","11":"pa_colour-filter-neutral","12":"pa_finish-wandfarbe","13":"pa_size-120-ml","14":"pa_size-2-5-liter","16":"first","17":"instock","18":"taxable","19":"shipping-taxable","20":"purchasable","21":"product-type-variable","22":"has-default-attributes"},"acf":[],"yoast_head":"<!-- This site is optimized with the Yoast SEO Premium plugin v26.5 (Yoast SEO v26.5) - https:\/\/yoast.com\/wordpress\/plugins\/seo\/ -->\n<title>Light Grey Wall Paint | Doric | Annie Sloan<\/title>\n<meta name=\"description\" content=\"Annie Sloan&#039;s Doric wall paint is a marble-like cool-grey. This elegant shade will maximise light in any space.\" \/>\n<meta name=\"robots\" content=\"index, follow, max-snippet:-1, max-image-preview:large, max-video-preview:-1\" \/>\n<link rel=\"canonical\" href=\"https:\/\/www.anniesloan.com\/de\/produkt\/wall-paint\/doric\/\" \/>\n<meta property=\"og:locale\" content=\"de_DE\" \/>\n<meta property=\"og:type\" content=\"article\" \/>\n<meta property=\"og:title\" content=\"Doric\" \/>\n<meta property=\"og:description\" content=\"Annie Sloan&#039;s Doric wall paint is a marble-like cool-grey. This elegant shade will maximise light in any space.\" \/>\n<meta property=\"og:url\" content=\"https:\/\/www.anniesloan.com\/de\/produkt\/wall-paint\/doric\/\" \/>\n<meta property=\"og:site_name\" content=\"Annie Sloan DE\" \/>\n<meta property=\"article:modified_time\" content=\"2026-04-08T07:31:50+00:00\" \/>\n<meta property=\"og:image\" content=\"https:\/\/www.anniesloan.com\/de\/wp-content\/uploads\/sites\/3\/2021\/09\/NEWRGB-72dpi-Doric.jpg\" \/>\n\t<meta property=\"og:image:width\" content=\"1224\" \/>\n\t<meta property=\"og:image:height\" content=\"936\" \/>\n\t<meta property=\"og:image:type\" content=\"image\/jpeg\" \/>\n<meta name=\"twitter:card\" content=\"summary_large_image\" \/>\n<meta name=\"twitter:label1\" content=\"Availability\" \/>\n\t<meta name=\"twitter:data1\" content=\"In stock\" \/>\n<script type=\"application\/ld+json\" class=\"yoast-schema-graph\">{\"@context\":\"https:\/\/schema.org\",\"@graph\":[{\"@type\":\"WebPage\",\"@id\":\"https:\/\/www.anniesloan.com\/de\/produkt\/wall-paint\/doric\/\",\"url\":\"https:\/\/www.anniesloan.com\/de\/produkt\/wall-paint\/doric\/\",\"name\":\"Light Grey Wall Paint | Doric | Annie Sloan\",\"isPartOf\":{\"@id\":\"https:\/\/www.anniesloan.com\/de\/#website\"},\"primaryImageOfPage\":{\"@id\":\"https:\/\/www.anniesloan.com\/de\/produkt\/wall-paint\/doric\/#primaryimage\"},\"image\":{\"@id\":\"https:\/\/www.anniesloan.com\/de\/produkt\/wall-paint\/doric\/#primaryimage\"},\"thumbnailUrl\":\"https:\/\/www.anniesloan.com\/de\/wp-content\/uploads\/sites\/3\/2021\/09\/NEWRGB-72dpi-Doric.jpg\",\"datePublished\":\"2021-09-23T10:54:25+00:00\",\"dateModified\":\"2026-04-08T07:31:50+00:00\",\"description\":\"Annie Sloan's Doric wall paint is a marble-like cool-grey. This elegant shade will maximise light in any space.\",\"breadcrumb\":{\"@id\":\"https:\/\/www.anniesloan.com\/de\/produkt\/wall-paint\/doric\/#breadcrumb\"},\"inLanguage\":\"de-DE\",\"potentialAction\":[{\"@type\":\"ReadAction\",\"target\":[\"https:\/\/www.anniesloan.com\/de\/produkt\/wall-paint\/doric\/\"]}]},{\"@type\":\"ImageObject\",\"inLanguage\":\"de-DE\",\"@id\":\"https:\/\/www.anniesloan.com\/de\/produkt\/wall-paint\/doric\/#primaryimage\",\"url\":\"https:\/\/www.anniesloan.com\/de\/wp-content\/uploads\/sites\/3\/2021\/09\/NEWRGB-72dpi-Doric.jpg\",\"contentUrl\":\"https:\/\/www.anniesloan.com\/de\/wp-content\/uploads\/sites\/3\/2021\/09\/NEWRGB-72dpi-Doric.jpg\",\"width\":1224,\"height\":936,\"caption\":\"Annie Sloan Paint Swatch Doric\"},{\"@type\":\"BreadcrumbList\",\"@id\":\"https:\/\/www.anniesloan.com\/de\/produkt\/wall-paint\/doric\/#breadcrumb\",\"itemListElement\":[{\"@type\":\"ListItem\",\"position\":1,\"name\":\"Produkte\",\"item\":\"https:\/\/www.anniesloan.com\/de\/produkte\/\"},{\"@type\":\"ListItem\",\"position\":2,\"name\":\"Wandfarbe\",\"item\":\"https:\/\/www.anniesloan.com\/de\/produkte\/wall-paint\/\"},{\"@type\":\"ListItem\",\"position\":3,\"name\":\"Doric\"}]},{\"@type\":\"WebSite\",\"@id\":\"https:\/\/www.anniesloan.com\/de\/#website\",\"url\":\"https:\/\/www.anniesloan.com\/de\/\",\"name\":\"Annie Sloan DE\",\"description\":\"Die Heimat der Chalk Paint\u2122\",\"potentialAction\":[{\"@type\":\"SearchAction\",\"target\":{\"@type\":\"EntryPoint\",\"urlTemplate\":\"https:\/\/www.anniesloan.com\/de\/?s={search_term_string}\"},\"query-input\":{\"@type\":\"PropertyValueSpecification\",\"valueRequired\":true,\"valueName\":\"search_term_string\"}}],\"inLanguage\":\"de-DE\"}]}<\/script>\n<meta property=\"og:availability\" content=\"instock\" \/>\n<meta property=\"product:availability\" content=\"instock\" \/>\n<meta property=\"product:retailer_item_id\" content=\"Doric-Wall-Paint-NEW\" \/>\n<meta property=\"product:condition\" content=\"new\" \/>\n<!-- \/ Yoast SEO Premium plugin. -->","yoast_head_json":{"title":"Light Grey Wall Paint | Doric | Annie Sloan","description":"Annie Sloan's Doric wall paint is a marble-like cool-grey. This elegant shade will maximise light in any space.","robots":{"index":"index","follow":"follow","max-snippet":"max-snippet:-1","max-image-preview":"max-image-preview:large","max-video-preview":"max-video-preview:-1"},"canonical":"https:\/\/www.anniesloan.com\/de\/produkt\/wall-paint\/doric\/","og_locale":"de_DE","og_type":"article","og_title":"Doric","og_description":"Annie Sloan's Doric wall paint is a marble-like cool-grey. This elegant shade will maximise light in any space.","og_url":"https:\/\/www.anniesloan.com\/de\/produkt\/wall-paint\/doric\/","og_site_name":"Annie Sloan DE","article_modified_time":"2026-04-08T07:31:50+00:00","og_image":[{"width":1224,"height":936,"url":"https:\/\/www.anniesloan.com\/de\/wp-content\/uploads\/sites\/3\/2021\/09\/NEWRGB-72dpi-Doric.jpg","type":"image\/jpeg"}],"twitter_card":"summary_large_image","twitter_misc":{"Availability":"In stock"},"schema":{"@context":"https:\/\/schema.org","@graph":[{"@type":"WebPage","@id":"https:\/\/www.anniesloan.com\/de\/produkt\/wall-paint\/doric\/","url":"https:\/\/www.anniesloan.com\/de\/produkt\/wall-paint\/doric\/","name":"Light Grey Wall Paint | Doric | Annie Sloan","isPartOf":{"@id":"https:\/\/www.anniesloan.com\/de\/#website"},"primaryImageOfPage":{"@id":"https:\/\/www.anniesloan.com\/de\/produkt\/wall-paint\/doric\/#primaryimage"},"image":{"@id":"https:\/\/www.anniesloan.com\/de\/produkt\/wall-paint\/doric\/#primaryimage"},"thumbnailUrl":"https:\/\/www.anniesloan.com\/de\/wp-content\/uploads\/sites\/3\/2021\/09\/NEWRGB-72dpi-Doric.jpg","datePublished":"2021-09-23T10:54:25+00:00","dateModified":"2026-04-08T07:31:50+00:00","description":"Annie Sloan's Doric wall paint is a marble-like cool-grey. This elegant shade will maximise light in any space.","breadcrumb":{"@id":"https:\/\/www.anniesloan.com\/de\/produkt\/wall-paint\/doric\/#breadcrumb"},"inLanguage":"de-DE","potentialAction":[{"@type":"ReadAction","target":["https:\/\/www.anniesloan.com\/de\/produkt\/wall-paint\/doric\/"]}]},{"@type":"ImageObject","inLanguage":"de-DE","@id":"https:\/\/www.anniesloan.com\/de\/produkt\/wall-paint\/doric\/#primaryimage","url":"https:\/\/www.anniesloan.com\/de\/wp-content\/uploads\/sites\/3\/2021\/09\/NEWRGB-72dpi-Doric.jpg","contentUrl":"https:\/\/www.anniesloan.com\/de\/wp-content\/uploads\/sites\/3\/2021\/09\/NEWRGB-72dpi-Doric.jpg","width":1224,"height":936,"caption":"Annie Sloan Paint Swatch Doric"},{"@type":"BreadcrumbList","@id":"https:\/\/www.anniesloan.com\/de\/produkt\/wall-paint\/doric\/#breadcrumb","itemListElement":[{"@type":"ListItem","position":1,"name":"Produkte","item":"https:\/\/www.anniesloan.com\/de\/produkte\/"},{"@type":"ListItem","position":2,"name":"Wandfarbe","item":"https:\/\/www.anniesloan.com\/de\/produkte\/wall-paint\/"},{"@type":"ListItem","position":3,"name":"Doric"}]},{"@type":"WebSite","@id":"https:\/\/www.anniesloan.com\/de\/#website","url":"https:\/\/www.anniesloan.com\/de\/","name":"Annie Sloan DE","description":"Die Heimat der Chalk Paint\u2122","potentialAction":[{"@type":"SearchAction","target":{"@type":"EntryPoint","urlTemplate":"https:\/\/www.anniesloan.com\/de\/?s={search_term_string}"},"query-input":{"@type":"PropertyValueSpecification","valueRequired":true,"valueName":"search_term_string"}}],"inLanguage":"de-DE"}]},"og_availability":"instock","product_availability":"instock","product_retailer_item_id":"Doric-Wall-Paint-NEW","product_condition":"new"},"_links":{"self":[{"href":"https:\/\/www.anniesloan.com\/de\/wp-json\/wp\/v2\/product\/36392","targetHints":{"allow":["GET"]}}],"collection":[{"href":"https:\/\/www.anniesloan.com\/de\/wp-json\/wp\/v2\/product"}],"about":[{"href":"https:\/\/www.anniesloan.com\/de\/wp-json\/wp\/v2\/types\/product"}],"wp:featuredmedia":[{"embeddable":true,"href":"https:\/\/www.anniesloan.com\/de\/wp-json\/wp\/v2\/media\/38654"}],"wp:attachment":[{"href":"https:\/\/www.anniesloan.com\/de\/wp-json\/wp\/v2\/media?parent=36392"}],"wp:term":[{"taxonomy":"product_brand","embeddable":true,"href":"https:\/\/www.anniesloan.com\/de\/wp-json\/wp\/v2\/product_brand?post=36392"},{"taxonomy":"product_cat","embeddable":true,"href":"https:\/\/www.anniesloan.com\/de\/wp-json\/wp\/v2\/product_cat?post=36392"},{"taxonomy":"product_tag","embeddable":true,"href":"https:\/\/www.anniesloan.com\/de\/wp-json\/wp\/v2\/product_tag?post=36392"}],"curies":[{"name":"wp","href":"https:\/\/api.w.org\/{rel}","templated":true}]}}