{"id":36389,"date":"2021-09-23T13:28:50","date_gmt":"2021-09-23T12:28:50","guid":{"rendered":"https:\/\/www.anniesloan.com\/?post_type=product&#038;p=90750"},"modified":"2026-04-27T13:31:20","modified_gmt":"2026-04-27T11:31:20","slug":"chicago-grey-wp","status":"publish","type":"product","link":"https:\/\/www.anniesloan.com\/de\/produkt\/wall-paint\/chicago-grey-wp\/","title":{"rendered":"Chicago Grey"},"content":{"rendered":"","protected":false},"excerpt":{"rendered":"<p>Ein k\u00fchles und modernes Grau mit dezenten blauen Untert\u00f6nen. Ein frischer Neutralton, der sich perfekt dazu eignet, in einer modernen Einrichtung ein Gef\u00fchl von Raum zu schaffen. Mit Oxford Navy oder Athenian Black kombiniert, eignet sich Chicago Grey perfekt f\u00fcr einen industriellen Look.<\/p>\n","protected":false},"featured_media":38638,"template":"","meta":{"_acf_changed":false,"_relevanssi_hide_post":"","_relevanssi_hide_content":"","_relevanssi_pin_for_all":"","_relevanssi_pin_keywords":"","_relevanssi_unpin_keywords":"","_relevanssi_related_keywords":"","_relevanssi_related_include_ids":"","_relevanssi_related_exclude_ids":"","_relevanssi_related_no_append":"","_relevanssi_related_not_related":"","_relevanssi_related_posts":"","_relevanssi_noindex_reason":""},"product_brand":[],"product_cat":[39,1150],"product_tag":[],"class_list":{"0":"post-36389","1":"product","2":"type-product","3":"status-publish","4":"has-post-thumbnail","6":"product_cat-wall-paint","7":"product_cat-grau-wall-paint","8":"product_shipping_class-dhl","9":"pa_colour-filter-grau","10":"pa_finish-wandfarbe","11":"pa_size-120-ml","12":"pa_size-2-5-liter","14":"first","15":"instock","16":"taxable","17":"shipping-taxable","18":"purchasable","19":"product-type-variable","20":"has-default-attributes"},"acf":[],"yoast_head":"<!-- This site is optimized with the Yoast SEO Premium plugin v26.5 (Yoast SEO v26.5) - https:\/\/yoast.com\/wordpress\/plugins\/seo\/ -->\n<title>Grey Wall Paint | Chicago Grey | Annie Sloan<\/title>\n<meta name=\"description\" content=\"Annie Sloan&#039;s Chicago Grey wall paint is cool and contemporary grey, with subtle blue undertones, perfect for creating an industrial look.\" \/>\n<meta name=\"robots\" content=\"index, follow, max-snippet:-1, max-image-preview:large, max-video-preview:-1\" \/>\n<link rel=\"canonical\" href=\"https:\/\/www.anniesloan.com\/de\/produkt\/wall-paint\/chicago-grey-wp\/\" \/>\n<meta property=\"og:locale\" content=\"de_DE\" \/>\n<meta property=\"og:type\" content=\"article\" \/>\n<meta property=\"og:title\" content=\"Chicago Grey\" \/>\n<meta property=\"og:description\" content=\"Annie Sloan&#039;s Chicago Grey wall paint is cool and contemporary grey, with subtle blue undertones, perfect for creating an industrial look.\" \/>\n<meta property=\"og:url\" content=\"https:\/\/www.anniesloan.com\/de\/produkt\/wall-paint\/chicago-grey-wp\/\" \/>\n<meta property=\"og:site_name\" content=\"Annie Sloan DE\" \/>\n<meta property=\"article:modified_time\" content=\"2026-04-27T11:31:20+00:00\" \/>\n<meta property=\"og:image\" content=\"https:\/\/www.anniesloan.com\/de\/wp-content\/uploads\/sites\/3\/2022\/03\/NEWRGB-72dpi-Chicago-Grey.jpg\" \/>\n\t<meta property=\"og:image:width\" content=\"1224\" \/>\n\t<meta property=\"og:image:height\" content=\"936\" \/>\n\t<meta property=\"og:image:type\" content=\"image\/jpeg\" \/>\n<meta name=\"twitter:card\" content=\"summary_large_image\" \/>\n<meta name=\"twitter:label1\" content=\"Availability\" \/>\n\t<meta name=\"twitter:data1\" content=\"In stock\" \/>\n<script type=\"application\/ld+json\" class=\"yoast-schema-graph\">{\"@context\":\"https:\/\/schema.org\",\"@graph\":[{\"@type\":\"WebPage\",\"@id\":\"https:\/\/www.anniesloan.com\/de\/produkt\/wall-paint\/chicago-grey-wp\/\",\"url\":\"https:\/\/www.anniesloan.com\/de\/produkt\/wall-paint\/chicago-grey-wp\/\",\"name\":\"Grey Wall Paint | Chicago Grey | Annie Sloan\",\"isPartOf\":{\"@id\":\"https:\/\/www.anniesloan.com\/de\/#website\"},\"primaryImageOfPage\":{\"@id\":\"https:\/\/www.anniesloan.com\/de\/produkt\/wall-paint\/chicago-grey-wp\/#primaryimage\"},\"image\":{\"@id\":\"https:\/\/www.anniesloan.com\/de\/produkt\/wall-paint\/chicago-grey-wp\/#primaryimage\"},\"thumbnailUrl\":\"https:\/\/www.anniesloan.com\/de\/wp-content\/uploads\/sites\/3\/2022\/03\/NEWRGB-72dpi-Chicago-Grey.jpg\",\"datePublished\":\"2021-09-23T12:28:50+00:00\",\"dateModified\":\"2026-04-27T11:31:20+00:00\",\"description\":\"Annie Sloan's Chicago Grey wall paint is cool and contemporary grey, with subtle blue undertones, perfect for creating an industrial look.\",\"breadcrumb\":{\"@id\":\"https:\/\/www.anniesloan.com\/de\/produkt\/wall-paint\/chicago-grey-wp\/#breadcrumb\"},\"inLanguage\":\"de-DE\",\"potentialAction\":[{\"@type\":\"ReadAction\",\"target\":[\"https:\/\/www.anniesloan.com\/de\/produkt\/wall-paint\/chicago-grey-wp\/\"]}]},{\"@type\":\"ImageObject\",\"inLanguage\":\"de-DE\",\"@id\":\"https:\/\/www.anniesloan.com\/de\/produkt\/wall-paint\/chicago-grey-wp\/#primaryimage\",\"url\":\"https:\/\/www.anniesloan.com\/de\/wp-content\/uploads\/sites\/3\/2022\/03\/NEWRGB-72dpi-Chicago-Grey.jpg\",\"contentUrl\":\"https:\/\/www.anniesloan.com\/de\/wp-content\/uploads\/sites\/3\/2022\/03\/NEWRGB-72dpi-Chicago-Grey.jpg\",\"width\":1224,\"height\":936,\"caption\":\"Annie Sloan Paint Swatch Chicago Grey\"},{\"@type\":\"BreadcrumbList\",\"@id\":\"https:\/\/www.anniesloan.com\/de\/produkt\/wall-paint\/chicago-grey-wp\/#breadcrumb\",\"itemListElement\":[{\"@type\":\"ListItem\",\"position\":1,\"name\":\"Produkte\",\"item\":\"https:\/\/www.anniesloan.com\/de\/produkte\/\"},{\"@type\":\"ListItem\",\"position\":2,\"name\":\"Wandfarbe\",\"item\":\"https:\/\/www.anniesloan.com\/de\/produkte\/wall-paint\/\"},{\"@type\":\"ListItem\",\"position\":3,\"name\":\"Chicago Grey\"}]},{\"@type\":\"WebSite\",\"@id\":\"https:\/\/www.anniesloan.com\/de\/#website\",\"url\":\"https:\/\/www.anniesloan.com\/de\/\",\"name\":\"Annie Sloan DE\",\"description\":\"Die Heimat der Chalk Paint\u2122\",\"potentialAction\":[{\"@type\":\"SearchAction\",\"target\":{\"@type\":\"EntryPoint\",\"urlTemplate\":\"https:\/\/www.anniesloan.com\/de\/?s={search_term_string}\"},\"query-input\":{\"@type\":\"PropertyValueSpecification\",\"valueRequired\":true,\"valueName\":\"search_term_string\"}}],\"inLanguage\":\"de-DE\"}]}<\/script>\n<meta property=\"og:availability\" content=\"instock\" \/>\n<meta property=\"product:availability\" content=\"instock\" \/>\n<meta property=\"product:retailer_item_id\" content=\"Chicago-Grey-Wall-Paint-NEW\" \/>\n<meta property=\"product:condition\" content=\"new\" \/>\n<!-- \/ Yoast SEO Premium plugin. -->","yoast_head_json":{"title":"Grey Wall Paint | Chicago Grey | Annie Sloan","description":"Annie Sloan's Chicago Grey wall paint is cool and contemporary grey, with subtle blue undertones, perfect for creating an industrial look.","robots":{"index":"index","follow":"follow","max-snippet":"max-snippet:-1","max-image-preview":"max-image-preview:large","max-video-preview":"max-video-preview:-1"},"canonical":"https:\/\/www.anniesloan.com\/de\/produkt\/wall-paint\/chicago-grey-wp\/","og_locale":"de_DE","og_type":"article","og_title":"Chicago Grey","og_description":"Annie Sloan's Chicago Grey wall paint is cool and contemporary grey, with subtle blue undertones, perfect for creating an industrial look.","og_url":"https:\/\/www.anniesloan.com\/de\/produkt\/wall-paint\/chicago-grey-wp\/","og_site_name":"Annie Sloan DE","article_modified_time":"2026-04-27T11:31:20+00:00","og_image":[{"width":1224,"height":936,"url":"https:\/\/www.anniesloan.com\/de\/wp-content\/uploads\/sites\/3\/2022\/03\/NEWRGB-72dpi-Chicago-Grey.jpg","type":"image\/jpeg"}],"twitter_card":"summary_large_image","twitter_misc":{"Availability":"In stock"},"schema":{"@context":"https:\/\/schema.org","@graph":[{"@type":"WebPage","@id":"https:\/\/www.anniesloan.com\/de\/produkt\/wall-paint\/chicago-grey-wp\/","url":"https:\/\/www.anniesloan.com\/de\/produkt\/wall-paint\/chicago-grey-wp\/","name":"Grey Wall Paint | Chicago Grey | Annie Sloan","isPartOf":{"@id":"https:\/\/www.anniesloan.com\/de\/#website"},"primaryImageOfPage":{"@id":"https:\/\/www.anniesloan.com\/de\/produkt\/wall-paint\/chicago-grey-wp\/#primaryimage"},"image":{"@id":"https:\/\/www.anniesloan.com\/de\/produkt\/wall-paint\/chicago-grey-wp\/#primaryimage"},"thumbnailUrl":"https:\/\/www.anniesloan.com\/de\/wp-content\/uploads\/sites\/3\/2022\/03\/NEWRGB-72dpi-Chicago-Grey.jpg","datePublished":"2021-09-23T12:28:50+00:00","dateModified":"2026-04-27T11:31:20+00:00","description":"Annie Sloan's Chicago Grey wall paint is cool and contemporary grey, with subtle blue undertones, perfect for creating an industrial look.","breadcrumb":{"@id":"https:\/\/www.anniesloan.com\/de\/produkt\/wall-paint\/chicago-grey-wp\/#breadcrumb"},"inLanguage":"de-DE","potentialAction":[{"@type":"ReadAction","target":["https:\/\/www.anniesloan.com\/de\/produkt\/wall-paint\/chicago-grey-wp\/"]}]},{"@type":"ImageObject","inLanguage":"de-DE","@id":"https:\/\/www.anniesloan.com\/de\/produkt\/wall-paint\/chicago-grey-wp\/#primaryimage","url":"https:\/\/www.anniesloan.com\/de\/wp-content\/uploads\/sites\/3\/2022\/03\/NEWRGB-72dpi-Chicago-Grey.jpg","contentUrl":"https:\/\/www.anniesloan.com\/de\/wp-content\/uploads\/sites\/3\/2022\/03\/NEWRGB-72dpi-Chicago-Grey.jpg","width":1224,"height":936,"caption":"Annie Sloan Paint Swatch Chicago Grey"},{"@type":"BreadcrumbList","@id":"https:\/\/www.anniesloan.com\/de\/produkt\/wall-paint\/chicago-grey-wp\/#breadcrumb","itemListElement":[{"@type":"ListItem","position":1,"name":"Produkte","item":"https:\/\/www.anniesloan.com\/de\/produkte\/"},{"@type":"ListItem","position":2,"name":"Wandfarbe","item":"https:\/\/www.anniesloan.com\/de\/produkte\/wall-paint\/"},{"@type":"ListItem","position":3,"name":"Chicago Grey"}]},{"@type":"WebSite","@id":"https:\/\/www.anniesloan.com\/de\/#website","url":"https:\/\/www.anniesloan.com\/de\/","name":"Annie Sloan DE","description":"Die Heimat der Chalk Paint\u2122","potentialAction":[{"@type":"SearchAction","target":{"@type":"EntryPoint","urlTemplate":"https:\/\/www.anniesloan.com\/de\/?s={search_term_string}"},"query-input":{"@type":"PropertyValueSpecification","valueRequired":true,"valueName":"search_term_string"}}],"inLanguage":"de-DE"}]},"og_availability":"instock","product_availability":"instock","product_retailer_item_id":"Chicago-Grey-Wall-Paint-NEW","product_condition":"new"},"_links":{"self":[{"href":"https:\/\/www.anniesloan.com\/de\/wp-json\/wp\/v2\/product\/36389","targetHints":{"allow":["GET"]}}],"collection":[{"href":"https:\/\/www.anniesloan.com\/de\/wp-json\/wp\/v2\/product"}],"about":[{"href":"https:\/\/www.anniesloan.com\/de\/wp-json\/wp\/v2\/types\/product"}],"wp:featuredmedia":[{"embeddable":true,"href":"https:\/\/www.anniesloan.com\/de\/wp-json\/wp\/v2\/media\/38638"}],"wp:attachment":[{"href":"https:\/\/www.anniesloan.com\/de\/wp-json\/wp\/v2\/media?parent=36389"}],"wp:term":[{"taxonomy":"product_brand","embeddable":true,"href":"https:\/\/www.anniesloan.com\/de\/wp-json\/wp\/v2\/product_brand?post=36389"},{"taxonomy":"product_cat","embeddable":true,"href":"https:\/\/www.anniesloan.com\/de\/wp-json\/wp\/v2\/product_cat?post=36389"},{"taxonomy":"product_tag","embeddable":true,"href":"https:\/\/www.anniesloan.com\/de\/wp-json\/wp\/v2\/product_tag?post=36389"}],"curies":[{"name":"wp","href":"https:\/\/api.w.org\/{rel}","templated":true}]}}