{"id":36367,"date":"2021-09-21T13:19:32","date_gmt":"2021-09-21T12:19:32","guid":{"rendered":"https:\/\/www.anniesloan.com\/?post_type=product&#038;p=90525"},"modified":"2026-05-08T09:31:51","modified_gmt":"2026-05-08T07:31:51","slug":"riad-terracotta","status":"publish","type":"product","link":"https:\/\/www.anniesloan.com\/de\/produkt\/wall-paint\/riad-terracotta\/","title":{"rendered":"Riad Terracotta"},"content":{"rendered":"","protected":false},"excerpt":{"rendered":"<p>Riad Terracotta ist ein w\u00fcrziges, dunkles Orange, das an die warmen Terrakottat\u00f6ne in Marrakesch, Marokko, erinnert. Damit zaubern Sie die W\u00e4rme und Ungezwungenheit eines arabischen Marktes und strahlen die schicke Eleganz der Bohemien High Society aus. Es erinnert auch an die satten orangefarbenen Pigmente, die Henri Rousseau in seinem Gem\u00e4lde \u201eTiger in einem Tropensturm\u201c und Raffael in \u201eBildnis eines Kardinals\u201c verwendet.<\/p>\n","protected":false},"featured_media":38649,"template":"","meta":{"_acf_changed":false,"_relevanssi_hide_post":"","_relevanssi_hide_content":"","_relevanssi_pin_for_all":"","_relevanssi_pin_keywords":"","_relevanssi_unpin_keywords":"","_relevanssi_related_keywords":"","_relevanssi_related_include_ids":"","_relevanssi_related_exclude_ids":"","_relevanssi_related_no_append":"","_relevanssi_related_not_related":"","_relevanssi_related_posts":"","_relevanssi_noindex_reason":""},"product_brand":[],"product_cat":[39,1152],"product_tag":[],"class_list":{"0":"post-36367","1":"product","2":"type-product","3":"status-publish","4":"has-post-thumbnail","6":"product_cat-wall-paint","7":"product_cat-rot","8":"product_shipping_class-dhl","9":"pa_colour-filter-rot","10":"pa_finish-wandfarbe","11":"pa_size-120-ml","12":"pa_size-2-5-liter","14":"first","15":"instock","16":"taxable","17":"shipping-taxable","18":"purchasable","19":"product-type-variable","20":"has-default-attributes"},"acf":[],"yoast_head":"<!-- This site is optimized with the Yoast SEO Premium plugin v26.5 (Yoast SEO v26.5) - https:\/\/yoast.com\/wordpress\/plugins\/seo\/ -->\n<title>Terracotta Wall Paint | Riad Terracotta | Annie Sloan<\/title>\n<meta name=\"description\" content=\"Annie Sloan&#039;s Riad Terracotta is a spicy, burnished orange wall paint inspired by the warm terracotta tones used in Marrakesh, Morocco.\" \/>\n<meta name=\"robots\" content=\"index, follow, max-snippet:-1, max-image-preview:large, max-video-preview:-1\" \/>\n<link rel=\"canonical\" href=\"https:\/\/www.anniesloan.com\/de\/produkt\/wall-paint\/riad-terracotta\/\" \/>\n<meta property=\"og:locale\" content=\"de_DE\" \/>\n<meta property=\"og:type\" content=\"article\" \/>\n<meta property=\"og:title\" content=\"Riad Terracotta\" \/>\n<meta property=\"og:description\" content=\"Annie Sloan&#039;s Riad Terracotta is a spicy, burnished orange wall paint inspired by the warm terracotta tones used in Marrakesh, Morocco.\" \/>\n<meta property=\"og:url\" content=\"https:\/\/www.anniesloan.com\/de\/produkt\/wall-paint\/riad-terracotta\/\" \/>\n<meta property=\"og:site_name\" content=\"Annie Sloan DE\" \/>\n<meta property=\"article:modified_time\" content=\"2026-05-08T07:31:51+00:00\" \/>\n<meta property=\"og:image\" content=\"https:\/\/www.anniesloan.com\/de\/wp-content\/uploads\/sites\/3\/2021\/09\/NEWRGB-72dpi-Riad-Terracotta.jpg\" \/>\n\t<meta property=\"og:image:width\" content=\"1224\" \/>\n\t<meta property=\"og:image:height\" content=\"936\" \/>\n\t<meta property=\"og:image:type\" content=\"image\/jpeg\" \/>\n<meta name=\"twitter:card\" content=\"summary_large_image\" \/>\n<meta name=\"twitter:label1\" content=\"Availability\" \/>\n\t<meta name=\"twitter:data1\" content=\"In stock\" \/>\n<script type=\"application\/ld+json\" class=\"yoast-schema-graph\">{\"@context\":\"https:\/\/schema.org\",\"@graph\":[{\"@type\":\"WebPage\",\"@id\":\"https:\/\/www.anniesloan.com\/de\/produkt\/wall-paint\/riad-terracotta\/\",\"url\":\"https:\/\/www.anniesloan.com\/de\/produkt\/wall-paint\/riad-terracotta\/\",\"name\":\"Terracotta Wall Paint | Riad Terracotta | Annie Sloan\",\"isPartOf\":{\"@id\":\"https:\/\/www.anniesloan.com\/de\/#website\"},\"primaryImageOfPage\":{\"@id\":\"https:\/\/www.anniesloan.com\/de\/produkt\/wall-paint\/riad-terracotta\/#primaryimage\"},\"image\":{\"@id\":\"https:\/\/www.anniesloan.com\/de\/produkt\/wall-paint\/riad-terracotta\/#primaryimage\"},\"thumbnailUrl\":\"https:\/\/www.anniesloan.com\/de\/wp-content\/uploads\/sites\/3\/2021\/09\/NEWRGB-72dpi-Riad-Terracotta.jpg\",\"datePublished\":\"2021-09-21T12:19:32+00:00\",\"dateModified\":\"2026-05-08T07:31:51+00:00\",\"description\":\"Annie Sloan's Riad Terracotta is a spicy, burnished orange wall paint inspired by the warm terracotta tones used in Marrakesh, Morocco.\",\"breadcrumb\":{\"@id\":\"https:\/\/www.anniesloan.com\/de\/produkt\/wall-paint\/riad-terracotta\/#breadcrumb\"},\"inLanguage\":\"de-DE\",\"potentialAction\":[{\"@type\":\"ReadAction\",\"target\":[\"https:\/\/www.anniesloan.com\/de\/produkt\/wall-paint\/riad-terracotta\/\"]}]},{\"@type\":\"ImageObject\",\"inLanguage\":\"de-DE\",\"@id\":\"https:\/\/www.anniesloan.com\/de\/produkt\/wall-paint\/riad-terracotta\/#primaryimage\",\"url\":\"https:\/\/www.anniesloan.com\/de\/wp-content\/uploads\/sites\/3\/2021\/09\/NEWRGB-72dpi-Riad-Terracotta.jpg\",\"contentUrl\":\"https:\/\/www.anniesloan.com\/de\/wp-content\/uploads\/sites\/3\/2021\/09\/NEWRGB-72dpi-Riad-Terracotta.jpg\",\"width\":1224,\"height\":936,\"caption\":\"Annie Sloan Paint Swatch Riad Terracotta\"},{\"@type\":\"BreadcrumbList\",\"@id\":\"https:\/\/www.anniesloan.com\/de\/produkt\/wall-paint\/riad-terracotta\/#breadcrumb\",\"itemListElement\":[{\"@type\":\"ListItem\",\"position\":1,\"name\":\"Produkte\",\"item\":\"https:\/\/www.anniesloan.com\/de\/produkte\/\"},{\"@type\":\"ListItem\",\"position\":2,\"name\":\"Wandfarbe\",\"item\":\"https:\/\/www.anniesloan.com\/de\/produkte\/wall-paint\/\"},{\"@type\":\"ListItem\",\"position\":3,\"name\":\"Riad Terracotta\"}]},{\"@type\":\"WebSite\",\"@id\":\"https:\/\/www.anniesloan.com\/de\/#website\",\"url\":\"https:\/\/www.anniesloan.com\/de\/\",\"name\":\"Annie Sloan DE\",\"description\":\"Die Heimat der Chalk Paint\u2122\",\"potentialAction\":[{\"@type\":\"SearchAction\",\"target\":{\"@type\":\"EntryPoint\",\"urlTemplate\":\"https:\/\/www.anniesloan.com\/de\/?s={search_term_string}\"},\"query-input\":{\"@type\":\"PropertyValueSpecification\",\"valueRequired\":true,\"valueName\":\"search_term_string\"}}],\"inLanguage\":\"de-DE\"}]}<\/script>\n<meta property=\"og:availability\" content=\"instock\" \/>\n<meta property=\"product:availability\" content=\"instock\" \/>\n<meta property=\"product:retailer_item_id\" content=\"Riad-Terracotta-Wall-Paint-NEW\" \/>\n<meta property=\"product:condition\" content=\"new\" \/>\n<!-- \/ Yoast SEO Premium plugin. -->","yoast_head_json":{"title":"Terracotta Wall Paint | Riad Terracotta | Annie Sloan","description":"Annie Sloan's Riad Terracotta is a spicy, burnished orange wall paint inspired by the warm terracotta tones used in Marrakesh, Morocco.","robots":{"index":"index","follow":"follow","max-snippet":"max-snippet:-1","max-image-preview":"max-image-preview:large","max-video-preview":"max-video-preview:-1"},"canonical":"https:\/\/www.anniesloan.com\/de\/produkt\/wall-paint\/riad-terracotta\/","og_locale":"de_DE","og_type":"article","og_title":"Riad Terracotta","og_description":"Annie Sloan's Riad Terracotta is a spicy, burnished orange wall paint inspired by the warm terracotta tones used in Marrakesh, Morocco.","og_url":"https:\/\/www.anniesloan.com\/de\/produkt\/wall-paint\/riad-terracotta\/","og_site_name":"Annie Sloan DE","article_modified_time":"2026-05-08T07:31:51+00:00","og_image":[{"width":1224,"height":936,"url":"https:\/\/www.anniesloan.com\/de\/wp-content\/uploads\/sites\/3\/2021\/09\/NEWRGB-72dpi-Riad-Terracotta.jpg","type":"image\/jpeg"}],"twitter_card":"summary_large_image","twitter_misc":{"Availability":"In stock"},"schema":{"@context":"https:\/\/schema.org","@graph":[{"@type":"WebPage","@id":"https:\/\/www.anniesloan.com\/de\/produkt\/wall-paint\/riad-terracotta\/","url":"https:\/\/www.anniesloan.com\/de\/produkt\/wall-paint\/riad-terracotta\/","name":"Terracotta Wall Paint | Riad Terracotta | Annie Sloan","isPartOf":{"@id":"https:\/\/www.anniesloan.com\/de\/#website"},"primaryImageOfPage":{"@id":"https:\/\/www.anniesloan.com\/de\/produkt\/wall-paint\/riad-terracotta\/#primaryimage"},"image":{"@id":"https:\/\/www.anniesloan.com\/de\/produkt\/wall-paint\/riad-terracotta\/#primaryimage"},"thumbnailUrl":"https:\/\/www.anniesloan.com\/de\/wp-content\/uploads\/sites\/3\/2021\/09\/NEWRGB-72dpi-Riad-Terracotta.jpg","datePublished":"2021-09-21T12:19:32+00:00","dateModified":"2026-05-08T07:31:51+00:00","description":"Annie Sloan's Riad Terracotta is a spicy, burnished orange wall paint inspired by the warm terracotta tones used in Marrakesh, Morocco.","breadcrumb":{"@id":"https:\/\/www.anniesloan.com\/de\/produkt\/wall-paint\/riad-terracotta\/#breadcrumb"},"inLanguage":"de-DE","potentialAction":[{"@type":"ReadAction","target":["https:\/\/www.anniesloan.com\/de\/produkt\/wall-paint\/riad-terracotta\/"]}]},{"@type":"ImageObject","inLanguage":"de-DE","@id":"https:\/\/www.anniesloan.com\/de\/produkt\/wall-paint\/riad-terracotta\/#primaryimage","url":"https:\/\/www.anniesloan.com\/de\/wp-content\/uploads\/sites\/3\/2021\/09\/NEWRGB-72dpi-Riad-Terracotta.jpg","contentUrl":"https:\/\/www.anniesloan.com\/de\/wp-content\/uploads\/sites\/3\/2021\/09\/NEWRGB-72dpi-Riad-Terracotta.jpg","width":1224,"height":936,"caption":"Annie Sloan Paint Swatch Riad Terracotta"},{"@type":"BreadcrumbList","@id":"https:\/\/www.anniesloan.com\/de\/produkt\/wall-paint\/riad-terracotta\/#breadcrumb","itemListElement":[{"@type":"ListItem","position":1,"name":"Produkte","item":"https:\/\/www.anniesloan.com\/de\/produkte\/"},{"@type":"ListItem","position":2,"name":"Wandfarbe","item":"https:\/\/www.anniesloan.com\/de\/produkte\/wall-paint\/"},{"@type":"ListItem","position":3,"name":"Riad Terracotta"}]},{"@type":"WebSite","@id":"https:\/\/www.anniesloan.com\/de\/#website","url":"https:\/\/www.anniesloan.com\/de\/","name":"Annie Sloan DE","description":"Die Heimat der Chalk Paint\u2122","potentialAction":[{"@type":"SearchAction","target":{"@type":"EntryPoint","urlTemplate":"https:\/\/www.anniesloan.com\/de\/?s={search_term_string}"},"query-input":{"@type":"PropertyValueSpecification","valueRequired":true,"valueName":"search_term_string"}}],"inLanguage":"de-DE"}]},"og_availability":"instock","product_availability":"instock","product_retailer_item_id":"Riad-Terracotta-Wall-Paint-NEW","product_condition":"new"},"_links":{"self":[{"href":"https:\/\/www.anniesloan.com\/de\/wp-json\/wp\/v2\/product\/36367","targetHints":{"allow":["GET"]}}],"collection":[{"href":"https:\/\/www.anniesloan.com\/de\/wp-json\/wp\/v2\/product"}],"about":[{"href":"https:\/\/www.anniesloan.com\/de\/wp-json\/wp\/v2\/types\/product"}],"wp:featuredmedia":[{"embeddable":true,"href":"https:\/\/www.anniesloan.com\/de\/wp-json\/wp\/v2\/media\/38649"}],"wp:attachment":[{"href":"https:\/\/www.anniesloan.com\/de\/wp-json\/wp\/v2\/media?parent=36367"}],"wp:term":[{"taxonomy":"product_brand","embeddable":true,"href":"https:\/\/www.anniesloan.com\/de\/wp-json\/wp\/v2\/product_brand?post=36367"},{"taxonomy":"product_cat","embeddable":true,"href":"https:\/\/www.anniesloan.com\/de\/wp-json\/wp\/v2\/product_cat?post=36367"},{"taxonomy":"product_tag","embeddable":true,"href":"https:\/\/www.anniesloan.com\/de\/wp-json\/wp\/v2\/product_tag?post=36367"}],"curies":[{"name":"wp","href":"https:\/\/api.w.org\/{rel}","templated":true}]}}