{"id":36350,"date":"2021-09-23T13:37:48","date_gmt":"2021-09-23T12:37:48","guid":{"rendered":"https:\/\/www.anniesloan.com\/?post_type=product&#038;p=90755"},"modified":"2026-03-30T14:30:44","modified_gmt":"2026-03-30T12:30:44","slug":"paris-grey-wp","status":"publish","type":"product","link":"https:\/\/www.anniesloan.com\/de\/produkt\/wall-paint\/paris-grey-wp\/","title":{"rendered":"Paris Grey"},"content":{"rendered":"","protected":false},"excerpt":{"rendered":"<p>Paris Grey ist ein traditionelles, zeitloses Grau aus einer Mischung von Orange und Blau. Es bietet eine weiche, elegante Kulisse f\u00fcr M\u00f6bel und Heimtextilien und passt besonders gut zu Farben mit orangen oder blauen Untert\u00f6nen.<\/p>\n","protected":false},"featured_media":38648,"template":"","meta":{"_acf_changed":false,"_relevanssi_hide_post":"","_relevanssi_hide_content":"","_relevanssi_pin_for_all":"","_relevanssi_pin_keywords":"","_relevanssi_unpin_keywords":"","_relevanssi_related_keywords":"","_relevanssi_related_include_ids":"","_relevanssi_related_exclude_ids":"","_relevanssi_related_no_append":"","_relevanssi_related_not_related":"","_relevanssi_related_posts":"","_relevanssi_noindex_reason":""},"product_brand":[],"product_cat":[39,1150],"product_tag":[],"class_list":{"0":"post-36350","1":"product","2":"type-product","3":"status-publish","4":"has-post-thumbnail","6":"product_cat-wall-paint","7":"product_cat-grau-wall-paint","8":"product_shipping_class-dhl","9":"pa_colour-filter-grau","10":"pa_finish-wandfarbe","11":"pa_size-120-ml","12":"pa_size-2-5-liter","14":"first","15":"instock","16":"taxable","17":"shipping-taxable","18":"purchasable","19":"product-type-variable","20":"has-default-attributes"},"acf":[],"yoast_head":"<!-- This site is optimized with the Yoast SEO Premium plugin v26.5 (Yoast SEO v26.5) - https:\/\/yoast.com\/wordpress\/plugins\/seo\/ -->\n<title>Grey Wall Paint | Paris Grey | Annie Sloan<\/title>\n<meta name=\"description\" content=\"Annie Sloan&#039;s Paris Grey wall paint is a traditional and timeless grey. It provides a soft and elegant backdrop for luxury furniture.\" \/>\n<meta name=\"robots\" content=\"index, follow, max-snippet:-1, max-image-preview:large, max-video-preview:-1\" \/>\n<link rel=\"canonical\" href=\"https:\/\/www.anniesloan.com\/de\/produkt\/wall-paint\/paris-grey-wp\/\" \/>\n<meta property=\"og:locale\" content=\"de_DE\" \/>\n<meta property=\"og:type\" content=\"article\" \/>\n<meta property=\"og:title\" content=\"Paris Grey\" \/>\n<meta property=\"og:description\" content=\"Annie Sloan&#039;s Paris Grey wall paint is a traditional and timeless grey. It provides a soft and elegant backdrop for luxury furniture.\" \/>\n<meta property=\"og:url\" content=\"https:\/\/www.anniesloan.com\/de\/produkt\/wall-paint\/paris-grey-wp\/\" \/>\n<meta property=\"og:site_name\" content=\"Annie Sloan DE\" \/>\n<meta property=\"article:modified_time\" content=\"2026-03-30T12:30:44+00:00\" \/>\n<meta property=\"og:image\" content=\"https:\/\/www.anniesloan.com\/de\/wp-content\/uploads\/sites\/3\/2021\/09\/NEWRGB-72dpi-Paris-Grey.jpg\" \/>\n\t<meta property=\"og:image:width\" content=\"1224\" \/>\n\t<meta property=\"og:image:height\" content=\"936\" \/>\n\t<meta property=\"og:image:type\" content=\"image\/jpeg\" \/>\n<meta name=\"twitter:card\" content=\"summary_large_image\" \/>\n<meta name=\"twitter:label1\" content=\"Availability\" \/>\n\t<meta name=\"twitter:data1\" content=\"In stock\" \/>\n<script type=\"application\/ld+json\" class=\"yoast-schema-graph\">{\"@context\":\"https:\/\/schema.org\",\"@graph\":[{\"@type\":\"WebPage\",\"@id\":\"https:\/\/www.anniesloan.com\/de\/produkt\/wall-paint\/paris-grey-wp\/\",\"url\":\"https:\/\/www.anniesloan.com\/de\/produkt\/wall-paint\/paris-grey-wp\/\",\"name\":\"Grey Wall Paint | Paris Grey | Annie Sloan\",\"isPartOf\":{\"@id\":\"https:\/\/www.anniesloan.com\/de\/#website\"},\"primaryImageOfPage\":{\"@id\":\"https:\/\/www.anniesloan.com\/de\/produkt\/wall-paint\/paris-grey-wp\/#primaryimage\"},\"image\":{\"@id\":\"https:\/\/www.anniesloan.com\/de\/produkt\/wall-paint\/paris-grey-wp\/#primaryimage\"},\"thumbnailUrl\":\"https:\/\/www.anniesloan.com\/de\/wp-content\/uploads\/sites\/3\/2021\/09\/NEWRGB-72dpi-Paris-Grey.jpg\",\"datePublished\":\"2021-09-23T12:37:48+00:00\",\"dateModified\":\"2026-03-30T12:30:44+00:00\",\"description\":\"Annie Sloan's Paris Grey wall paint is a traditional and timeless grey. It provides a soft and elegant backdrop for luxury furniture.\",\"breadcrumb\":{\"@id\":\"https:\/\/www.anniesloan.com\/de\/produkt\/wall-paint\/paris-grey-wp\/#breadcrumb\"},\"inLanguage\":\"de-DE\",\"potentialAction\":[{\"@type\":\"ReadAction\",\"target\":[\"https:\/\/www.anniesloan.com\/de\/produkt\/wall-paint\/paris-grey-wp\/\"]}]},{\"@type\":\"ImageObject\",\"inLanguage\":\"de-DE\",\"@id\":\"https:\/\/www.anniesloan.com\/de\/produkt\/wall-paint\/paris-grey-wp\/#primaryimage\",\"url\":\"https:\/\/www.anniesloan.com\/de\/wp-content\/uploads\/sites\/3\/2021\/09\/NEWRGB-72dpi-Paris-Grey.jpg\",\"contentUrl\":\"https:\/\/www.anniesloan.com\/de\/wp-content\/uploads\/sites\/3\/2021\/09\/NEWRGB-72dpi-Paris-Grey.jpg\",\"width\":1224,\"height\":936,\"caption\":\"Annie Sloan Paint Swatch Paris Grey\"},{\"@type\":\"BreadcrumbList\",\"@id\":\"https:\/\/www.anniesloan.com\/de\/produkt\/wall-paint\/paris-grey-wp\/#breadcrumb\",\"itemListElement\":[{\"@type\":\"ListItem\",\"position\":1,\"name\":\"Produkte\",\"item\":\"https:\/\/www.anniesloan.com\/de\/produkte\/\"},{\"@type\":\"ListItem\",\"position\":2,\"name\":\"Wandfarbe\",\"item\":\"https:\/\/www.anniesloan.com\/de\/produkte\/wall-paint\/\"},{\"@type\":\"ListItem\",\"position\":3,\"name\":\"Paris Grey\"}]},{\"@type\":\"WebSite\",\"@id\":\"https:\/\/www.anniesloan.com\/de\/#website\",\"url\":\"https:\/\/www.anniesloan.com\/de\/\",\"name\":\"Annie Sloan DE\",\"description\":\"Die Heimat der Chalk Paint\u2122\",\"potentialAction\":[{\"@type\":\"SearchAction\",\"target\":{\"@type\":\"EntryPoint\",\"urlTemplate\":\"https:\/\/www.anniesloan.com\/de\/?s={search_term_string}\"},\"query-input\":{\"@type\":\"PropertyValueSpecification\",\"valueRequired\":true,\"valueName\":\"search_term_string\"}}],\"inLanguage\":\"de-DE\"}]}<\/script>\n<meta property=\"og:availability\" content=\"instock\" \/>\n<meta property=\"product:availability\" content=\"instock\" \/>\n<meta property=\"product:retailer_item_id\" content=\"Paris-Grey-Wall-Paint-NEW\" \/>\n<meta property=\"product:condition\" content=\"new\" \/>\n<!-- \/ Yoast SEO Premium plugin. -->","yoast_head_json":{"title":"Grey Wall Paint | Paris Grey | Annie Sloan","description":"Annie Sloan's Paris Grey wall paint is a traditional and timeless grey. It provides a soft and elegant backdrop for luxury furniture.","robots":{"index":"index","follow":"follow","max-snippet":"max-snippet:-1","max-image-preview":"max-image-preview:large","max-video-preview":"max-video-preview:-1"},"canonical":"https:\/\/www.anniesloan.com\/de\/produkt\/wall-paint\/paris-grey-wp\/","og_locale":"de_DE","og_type":"article","og_title":"Paris Grey","og_description":"Annie Sloan's Paris Grey wall paint is a traditional and timeless grey. It provides a soft and elegant backdrop for luxury furniture.","og_url":"https:\/\/www.anniesloan.com\/de\/produkt\/wall-paint\/paris-grey-wp\/","og_site_name":"Annie Sloan DE","article_modified_time":"2026-03-30T12:30:44+00:00","og_image":[{"width":1224,"height":936,"url":"https:\/\/www.anniesloan.com\/de\/wp-content\/uploads\/sites\/3\/2021\/09\/NEWRGB-72dpi-Paris-Grey.jpg","type":"image\/jpeg"}],"twitter_card":"summary_large_image","twitter_misc":{"Availability":"In stock"},"schema":{"@context":"https:\/\/schema.org","@graph":[{"@type":"WebPage","@id":"https:\/\/www.anniesloan.com\/de\/produkt\/wall-paint\/paris-grey-wp\/","url":"https:\/\/www.anniesloan.com\/de\/produkt\/wall-paint\/paris-grey-wp\/","name":"Grey Wall Paint | Paris Grey | Annie Sloan","isPartOf":{"@id":"https:\/\/www.anniesloan.com\/de\/#website"},"primaryImageOfPage":{"@id":"https:\/\/www.anniesloan.com\/de\/produkt\/wall-paint\/paris-grey-wp\/#primaryimage"},"image":{"@id":"https:\/\/www.anniesloan.com\/de\/produkt\/wall-paint\/paris-grey-wp\/#primaryimage"},"thumbnailUrl":"https:\/\/www.anniesloan.com\/de\/wp-content\/uploads\/sites\/3\/2021\/09\/NEWRGB-72dpi-Paris-Grey.jpg","datePublished":"2021-09-23T12:37:48+00:00","dateModified":"2026-03-30T12:30:44+00:00","description":"Annie Sloan's Paris Grey wall paint is a traditional and timeless grey. It provides a soft and elegant backdrop for luxury furniture.","breadcrumb":{"@id":"https:\/\/www.anniesloan.com\/de\/produkt\/wall-paint\/paris-grey-wp\/#breadcrumb"},"inLanguage":"de-DE","potentialAction":[{"@type":"ReadAction","target":["https:\/\/www.anniesloan.com\/de\/produkt\/wall-paint\/paris-grey-wp\/"]}]},{"@type":"ImageObject","inLanguage":"de-DE","@id":"https:\/\/www.anniesloan.com\/de\/produkt\/wall-paint\/paris-grey-wp\/#primaryimage","url":"https:\/\/www.anniesloan.com\/de\/wp-content\/uploads\/sites\/3\/2021\/09\/NEWRGB-72dpi-Paris-Grey.jpg","contentUrl":"https:\/\/www.anniesloan.com\/de\/wp-content\/uploads\/sites\/3\/2021\/09\/NEWRGB-72dpi-Paris-Grey.jpg","width":1224,"height":936,"caption":"Annie Sloan Paint Swatch Paris Grey"},{"@type":"BreadcrumbList","@id":"https:\/\/www.anniesloan.com\/de\/produkt\/wall-paint\/paris-grey-wp\/#breadcrumb","itemListElement":[{"@type":"ListItem","position":1,"name":"Produkte","item":"https:\/\/www.anniesloan.com\/de\/produkte\/"},{"@type":"ListItem","position":2,"name":"Wandfarbe","item":"https:\/\/www.anniesloan.com\/de\/produkte\/wall-paint\/"},{"@type":"ListItem","position":3,"name":"Paris Grey"}]},{"@type":"WebSite","@id":"https:\/\/www.anniesloan.com\/de\/#website","url":"https:\/\/www.anniesloan.com\/de\/","name":"Annie Sloan DE","description":"Die Heimat der Chalk Paint\u2122","potentialAction":[{"@type":"SearchAction","target":{"@type":"EntryPoint","urlTemplate":"https:\/\/www.anniesloan.com\/de\/?s={search_term_string}"},"query-input":{"@type":"PropertyValueSpecification","valueRequired":true,"valueName":"search_term_string"}}],"inLanguage":"de-DE"}]},"og_availability":"instock","product_availability":"instock","product_retailer_item_id":"Paris-Grey-Wall-Paint-NEW","product_condition":"new"},"_links":{"self":[{"href":"https:\/\/www.anniesloan.com\/de\/wp-json\/wp\/v2\/product\/36350","targetHints":{"allow":["GET"]}}],"collection":[{"href":"https:\/\/www.anniesloan.com\/de\/wp-json\/wp\/v2\/product"}],"about":[{"href":"https:\/\/www.anniesloan.com\/de\/wp-json\/wp\/v2\/types\/product"}],"wp:featuredmedia":[{"embeddable":true,"href":"https:\/\/www.anniesloan.com\/de\/wp-json\/wp\/v2\/media\/38648"}],"wp:attachment":[{"href":"https:\/\/www.anniesloan.com\/de\/wp-json\/wp\/v2\/media?parent=36350"}],"wp:term":[{"taxonomy":"product_brand","embeddable":true,"href":"https:\/\/www.anniesloan.com\/de\/wp-json\/wp\/v2\/product_brand?post=36350"},{"taxonomy":"product_cat","embeddable":true,"href":"https:\/\/www.anniesloan.com\/de\/wp-json\/wp\/v2\/product_cat?post=36350"},{"taxonomy":"product_tag","embeddable":true,"href":"https:\/\/www.anniesloan.com\/de\/wp-json\/wp\/v2\/product_tag?post=36350"}],"curies":[{"name":"wp","href":"https:\/\/api.w.org\/{rel}","templated":true}]}}