{"id":36167,"date":"2021-09-24T13:26:40","date_gmt":"2021-09-24T12:26:40","guid":{"rendered":"https:\/\/www.anniesloan.com\/?post_type=product&#038;p=90834"},"modified":"2026-05-13T21:30:35","modified_gmt":"2026-05-13T19:30:35","slug":"wall-paint-colour-card-2","status":"publish","type":"product","link":"https:\/\/www.anniesloan.com\/de\/produkt\/satin-paint\/wall-paint-colour-card-2\/","title":{"rendered":"Wandfarben &#038; Satin Paint Farbkarte"},"content":{"rendered":"","protected":false},"excerpt":{"rendered":"<p><span style=\"font-weight: 400;\">Die Annie Sloan Wall Paint &amp; Satin Paint Farbkarte zeigt Ihnen alle 32 sorgf\u00e4ltig ausgew\u00e4hlten Farben, die in den neuen Annie Wall Paint und Satin Paint Sortimenten\u00a0 erh\u00e4ltlich sind. Diese Palette wurde entwickelt, um Ihnen das Selbstvertrauen zu geben, Wohnr\u00e4ume zu gestalten, die so individuell und einzigartig sind, wie Sie selbst.<\/span><\/p>\n<p><span style=\"font-weight: 400;\">Es handelt sich um pigmentreiche, dreidimensionale Farben, die ihren Ursprung in der Welt der Kunstgeschichte haben. Jeder Farbton bringt Luxus, Charakter und Eleganz in Ihre Wohnr\u00e4ume \u2013 ob in einem historischem Altbau oder in einem modernen Neubau. Bestellen Sie unsere\u00a0 Farbkarte , um jeden unserer Farbt\u00f6ne genauer zu erkunden.<\/span><\/p>\n<p><span style=\"font-weight: 400;\">Die wasserbasierten Rezepturen haben einen geringen Anteil an fl\u00fcchtigen organischen Verbindungen (VOC) und sind als \u201espielzeugsicher\u201c zertifiziert, halten aber allem stand, was der Alltag so mit sich bringt. Wall Paint ist in einer hochwertigen matten Ausf\u00fchrung mit leichtem Glanz erh\u00e4ltlich, w\u00e4hrend Satin Paint einen widerstandsf\u00e4higen, seidenmatten Glanz mit einem selbstregulierenden, glatten Finish ergibt.<\/span><\/p>\n","protected":false},"featured_media":38370,"template":"","meta":{"_acf_changed":false,"_relevanssi_hide_post":"","_relevanssi_hide_content":"","_relevanssi_pin_for_all":"","_relevanssi_pin_keywords":"","_relevanssi_unpin_keywords":"","_relevanssi_related_keywords":"","_relevanssi_related_include_ids":"","_relevanssi_related_exclude_ids":"","_relevanssi_related_no_append":"","_relevanssi_related_not_related":"","_relevanssi_related_posts":"","_relevanssi_noindex_reason":""},"product_brand":[],"product_cat":[1184,39,40],"product_tag":[],"class_list":{"0":"post-36167","1":"product","2":"type-product","3":"status-publish","4":"has-post-thumbnail","6":"product_cat-satin-paint","7":"product_cat-wall-paint","8":"product_cat-farbkarten","10":"first","11":"instock","12":"sold-individually","13":"taxable","14":"shipping-taxable","15":"purchasable","16":"product-type-simple"},"acf":[],"yoast_head":"<!-- This site is optimized with the Yoast SEO Premium plugin v26.5 (Yoast SEO v26.5) - https:\/\/yoast.com\/wordpress\/plugins\/seo\/ -->\n<title>Annie Sloan Wall Paint &amp; Satin Paint Farbkarte | Annie Sloan<\/title>\n<meta name=\"description\" content=\"Bestellen Sie unsere Farbkarte, um jeden unserer Annie Sloan Wall Paint &amp; Satin Paint Farbt\u00f6ne genauer zu erkunden.\" \/>\n<meta name=\"robots\" content=\"index, follow, max-snippet:-1, max-image-preview:large, max-video-preview:-1\" \/>\n<link rel=\"canonical\" href=\"https:\/\/www.anniesloan.com\/de\/produkt\/satin-paint\/wall-paint-colour-card-2\/\" \/>\n<meta property=\"og:locale\" content=\"de_DE\" \/>\n<meta property=\"og:type\" content=\"article\" \/>\n<meta property=\"og:title\" content=\"Wandfarben &amp; Satin Paint Farbkarte\" \/>\n<meta property=\"og:description\" content=\"Bestellen Sie unsere Farbkarte, um jeden unserer Annie Sloan Wall Paint &amp; Satin Paint Farbt\u00f6ne genauer zu erkunden.\" \/>\n<meta property=\"og:url\" content=\"https:\/\/www.anniesloan.com\/de\/produkt\/satin-paint\/wall-paint-colour-card-2\/\" \/>\n<meta property=\"og:site_name\" content=\"Annie Sloan DE\" \/>\n<meta property=\"article:modified_time\" content=\"2026-05-13T19:30:35+00:00\" \/>\n<meta property=\"og:image\" content=\"https:\/\/www.anniesloan.com\/de\/wp-content\/uploads\/sites\/3\/2021\/09\/220043_Wall-Satin-Paint-Colour-Card_1280x1024_V1.jpg\" \/>\n\t<meta property=\"og:image:width\" content=\"1280\" \/>\n\t<meta property=\"og:image:height\" content=\"1024\" \/>\n\t<meta property=\"og:image:type\" content=\"image\/jpeg\" \/>\n<meta name=\"twitter:card\" content=\"summary_large_image\" \/>\n<meta name=\"twitter:label1\" content=\"Price\" \/>\n\t<meta name=\"twitter:data1\" content=\"0.00&euro;\" \/>\n\t<meta name=\"twitter:label2\" content=\"Availability\" \/>\n\t<meta name=\"twitter:data2\" content=\"In stock\" \/>\n<script type=\"application\/ld+json\" class=\"yoast-schema-graph\">{\"@context\":\"https:\/\/schema.org\",\"@graph\":[{\"@type\":\"WebPage\",\"@id\":\"https:\/\/www.anniesloan.com\/de\/produkt\/satin-paint\/wall-paint-colour-card-2\/\",\"url\":\"https:\/\/www.anniesloan.com\/de\/produkt\/satin-paint\/wall-paint-colour-card-2\/\",\"name\":\"Annie Sloan Wall Paint & Satin Paint Farbkarte | Annie Sloan\",\"isPartOf\":{\"@id\":\"https:\/\/www.anniesloan.com\/de\/#website\"},\"primaryImageOfPage\":{\"@id\":\"https:\/\/www.anniesloan.com\/de\/produkt\/satin-paint\/wall-paint-colour-card-2\/#primaryimage\"},\"image\":{\"@id\":\"https:\/\/www.anniesloan.com\/de\/produkt\/satin-paint\/wall-paint-colour-card-2\/#primaryimage\"},\"thumbnailUrl\":\"https:\/\/www.anniesloan.com\/de\/wp-content\/uploads\/sites\/3\/2021\/09\/220043_Wall-Satin-Paint-Colour-Card_1280x1024_V1.jpg\",\"datePublished\":\"2021-09-24T12:26:40+00:00\",\"dateModified\":\"2026-05-13T19:30:35+00:00\",\"description\":\"Bestellen Sie unsere Farbkarte, um jeden unserer Annie Sloan Wall Paint & Satin Paint Farbt\u00f6ne genauer zu erkunden.\",\"breadcrumb\":{\"@id\":\"https:\/\/www.anniesloan.com\/de\/produkt\/satin-paint\/wall-paint-colour-card-2\/#breadcrumb\"},\"inLanguage\":\"de-DE\",\"potentialAction\":[{\"@type\":\"ReadAction\",\"target\":[\"https:\/\/www.anniesloan.com\/de\/produkt\/satin-paint\/wall-paint-colour-card-2\/\"]}]},{\"@type\":\"ImageObject\",\"inLanguage\":\"de-DE\",\"@id\":\"https:\/\/www.anniesloan.com\/de\/produkt\/satin-paint\/wall-paint-colour-card-2\/#primaryimage\",\"url\":\"https:\/\/www.anniesloan.com\/de\/wp-content\/uploads\/sites\/3\/2021\/09\/220043_Wall-Satin-Paint-Colour-Card_1280x1024_V1.jpg\",\"contentUrl\":\"https:\/\/www.anniesloan.com\/de\/wp-content\/uploads\/sites\/3\/2021\/09\/220043_Wall-Satin-Paint-Colour-Card_1280x1024_V1.jpg\",\"width\":1280,\"height\":1024,\"caption\":\"Annie Sloan Wall Paint & Satin Paint Colour Card\"},{\"@type\":\"BreadcrumbList\",\"@id\":\"https:\/\/www.anniesloan.com\/de\/produkt\/satin-paint\/wall-paint-colour-card-2\/#breadcrumb\",\"itemListElement\":[{\"@type\":\"ListItem\",\"position\":1,\"name\":\"Produkte\",\"item\":\"https:\/\/www.anniesloan.com\/de\/produkte\/\"},{\"@type\":\"ListItem\",\"position\":2,\"name\":\"Satin Paint\",\"item\":\"https:\/\/www.anniesloan.com\/de\/produkte\/satin-paint\/\"},{\"@type\":\"ListItem\",\"position\":3,\"name\":\"Wandfarben &#038; Satin Paint Farbkarte\"}]},{\"@type\":\"WebSite\",\"@id\":\"https:\/\/www.anniesloan.com\/de\/#website\",\"url\":\"https:\/\/www.anniesloan.com\/de\/\",\"name\":\"Annie Sloan DE\",\"description\":\"Die Heimat der Chalk Paint\u2122\",\"potentialAction\":[{\"@type\":\"SearchAction\",\"target\":{\"@type\":\"EntryPoint\",\"urlTemplate\":\"https:\/\/www.anniesloan.com\/de\/?s={search_term_string}\"},\"query-input\":{\"@type\":\"PropertyValueSpecification\",\"valueRequired\":true,\"valueName\":\"search_term_string\"}}],\"inLanguage\":\"de-DE\"}]}<\/script>\n<meta property=\"product:price:amount\" content=\"0.00\" \/>\n<meta property=\"product:price:currency\" content=\"EUR\" \/>\n<meta property=\"og:availability\" content=\"instock\" \/>\n<meta property=\"product:availability\" content=\"instock\" \/>\n<meta property=\"product:retailer_item_id\" content=\"BWPC002.GB01.09\" \/>\n<meta property=\"product:condition\" content=\"new\" \/>\n<!-- \/ Yoast SEO Premium plugin. -->","yoast_head_json":{"title":"Annie Sloan Wall Paint & Satin Paint Farbkarte | Annie Sloan","description":"Bestellen Sie unsere Farbkarte, um jeden unserer Annie Sloan Wall Paint & Satin Paint Farbt\u00f6ne genauer zu erkunden.","robots":{"index":"index","follow":"follow","max-snippet":"max-snippet:-1","max-image-preview":"max-image-preview:large","max-video-preview":"max-video-preview:-1"},"canonical":"https:\/\/www.anniesloan.com\/de\/produkt\/satin-paint\/wall-paint-colour-card-2\/","og_locale":"de_DE","og_type":"article","og_title":"Wandfarben & Satin Paint Farbkarte","og_description":"Bestellen Sie unsere Farbkarte, um jeden unserer Annie Sloan Wall Paint & Satin Paint Farbt\u00f6ne genauer zu erkunden.","og_url":"https:\/\/www.anniesloan.com\/de\/produkt\/satin-paint\/wall-paint-colour-card-2\/","og_site_name":"Annie Sloan DE","article_modified_time":"2026-05-13T19:30:35+00:00","og_image":[{"width":1280,"height":1024,"url":"https:\/\/www.anniesloan.com\/de\/wp-content\/uploads\/sites\/3\/2021\/09\/220043_Wall-Satin-Paint-Colour-Card_1280x1024_V1.jpg","type":"image\/jpeg"}],"twitter_card":"summary_large_image","twitter_misc":{"Price":"0.00&euro;","Availability":"In stock"},"schema":{"@context":"https:\/\/schema.org","@graph":[{"@type":"WebPage","@id":"https:\/\/www.anniesloan.com\/de\/produkt\/satin-paint\/wall-paint-colour-card-2\/","url":"https:\/\/www.anniesloan.com\/de\/produkt\/satin-paint\/wall-paint-colour-card-2\/","name":"Annie Sloan Wall Paint & Satin Paint Farbkarte | Annie Sloan","isPartOf":{"@id":"https:\/\/www.anniesloan.com\/de\/#website"},"primaryImageOfPage":{"@id":"https:\/\/www.anniesloan.com\/de\/produkt\/satin-paint\/wall-paint-colour-card-2\/#primaryimage"},"image":{"@id":"https:\/\/www.anniesloan.com\/de\/produkt\/satin-paint\/wall-paint-colour-card-2\/#primaryimage"},"thumbnailUrl":"https:\/\/www.anniesloan.com\/de\/wp-content\/uploads\/sites\/3\/2021\/09\/220043_Wall-Satin-Paint-Colour-Card_1280x1024_V1.jpg","datePublished":"2021-09-24T12:26:40+00:00","dateModified":"2026-05-13T19:30:35+00:00","description":"Bestellen Sie unsere Farbkarte, um jeden unserer Annie Sloan Wall Paint & Satin Paint Farbt\u00f6ne genauer zu erkunden.","breadcrumb":{"@id":"https:\/\/www.anniesloan.com\/de\/produkt\/satin-paint\/wall-paint-colour-card-2\/#breadcrumb"},"inLanguage":"de-DE","potentialAction":[{"@type":"ReadAction","target":["https:\/\/www.anniesloan.com\/de\/produkt\/satin-paint\/wall-paint-colour-card-2\/"]}]},{"@type":"ImageObject","inLanguage":"de-DE","@id":"https:\/\/www.anniesloan.com\/de\/produkt\/satin-paint\/wall-paint-colour-card-2\/#primaryimage","url":"https:\/\/www.anniesloan.com\/de\/wp-content\/uploads\/sites\/3\/2021\/09\/220043_Wall-Satin-Paint-Colour-Card_1280x1024_V1.jpg","contentUrl":"https:\/\/www.anniesloan.com\/de\/wp-content\/uploads\/sites\/3\/2021\/09\/220043_Wall-Satin-Paint-Colour-Card_1280x1024_V1.jpg","width":1280,"height":1024,"caption":"Annie Sloan Wall Paint & Satin Paint Colour Card"},{"@type":"BreadcrumbList","@id":"https:\/\/www.anniesloan.com\/de\/produkt\/satin-paint\/wall-paint-colour-card-2\/#breadcrumb","itemListElement":[{"@type":"ListItem","position":1,"name":"Produkte","item":"https:\/\/www.anniesloan.com\/de\/produkte\/"},{"@type":"ListItem","position":2,"name":"Satin Paint","item":"https:\/\/www.anniesloan.com\/de\/produkte\/satin-paint\/"},{"@type":"ListItem","position":3,"name":"Wandfarben &#038; Satin Paint Farbkarte"}]},{"@type":"WebSite","@id":"https:\/\/www.anniesloan.com\/de\/#website","url":"https:\/\/www.anniesloan.com\/de\/","name":"Annie Sloan DE","description":"Die Heimat der Chalk Paint\u2122","potentialAction":[{"@type":"SearchAction","target":{"@type":"EntryPoint","urlTemplate":"https:\/\/www.anniesloan.com\/de\/?s={search_term_string}"},"query-input":{"@type":"PropertyValueSpecification","valueRequired":true,"valueName":"search_term_string"}}],"inLanguage":"de-DE"}]},"product_price_amount":"0.00","product_price_currency":"EUR","og_availability":"instock","product_availability":"instock","product_retailer_item_id":"BWPC002.GB01.09","product_condition":"new"},"_links":{"self":[{"href":"https:\/\/www.anniesloan.com\/de\/wp-json\/wp\/v2\/product\/36167","targetHints":{"allow":["GET"]}}],"collection":[{"href":"https:\/\/www.anniesloan.com\/de\/wp-json\/wp\/v2\/product"}],"about":[{"href":"https:\/\/www.anniesloan.com\/de\/wp-json\/wp\/v2\/types\/product"}],"wp:featuredmedia":[{"embeddable":true,"href":"https:\/\/www.anniesloan.com\/de\/wp-json\/wp\/v2\/media\/38370"}],"wp:attachment":[{"href":"https:\/\/www.anniesloan.com\/de\/wp-json\/wp\/v2\/media?parent=36167"}],"wp:term":[{"taxonomy":"product_brand","embeddable":true,"href":"https:\/\/www.anniesloan.com\/de\/wp-json\/wp\/v2\/product_brand?post=36167"},{"taxonomy":"product_cat","embeddable":true,"href":"https:\/\/www.anniesloan.com\/de\/wp-json\/wp\/v2\/product_cat?post=36167"},{"taxonomy":"product_tag","embeddable":true,"href":"https:\/\/www.anniesloan.com\/de\/wp-json\/wp\/v2\/product_tag?post=36167"}],"curies":[{"name":"wp","href":"https:\/\/api.w.org\/{rel}","templated":true}]}}