{"id":35429,"date":"2021-07-29T15:45:35","date_gmt":"2021-07-29T14:45:35","guid":{"rendered":"https:\/\/www.anniesloan.com\/de\/?post_type=product&#038;p=35429"},"modified":"2026-04-27T09:30:55","modified_gmt":"2026-04-27T07:30:55","slug":"bunter-wohnen","status":"publish","type":"product","link":"https:\/\/www.anniesloan.com\/de\/produkt\/bucher\/bunter-wohnen\/","title":{"rendered":"Bunter Wohnen"},"content":{"rendered":"","protected":false},"excerpt":{"rendered":"<p>Die beliebte Expertin f\u00fcr dekorative Malerei Annie Sloan pr\u00e4sentiert in ihrem aktuellen Buch 40 neue Ideen, wie M\u00f6bel, W\u00e4nde, B\u00f6den, Treppen und T\u00fcren mit Farbe aufgepeppt werden k\u00f6nnen.<\/p>\n<p>Anhand ihrer eigenen Farbkollektion erkl\u00e4rt Annie anschaulich, wie Farben gemischt und verschiedene Effekte erzielt werden \u2013 all das ohne m\u00fchseliges Vorbehandeln der M\u00f6bel! Ob frech und farbenfroh, skandinavisch zur\u00fcckhaltend oder sachlich modern: bei den zahlreichen Beispielen in diesem Buch ist garantiert f\u00fcr jeden Geschmack das Passende dabei. Von einfachen Lasur-, Druck- und Schablonentechniken bis zu Experimenten mit Blattmetall oder dem Einf\u00e4rben von Stoffen: leicht verst\u00e4ndliche Anleitungen mit zahlreichen Bildfolgen, gepaart mit Insider-Tipps, garantieren Umsetzbarkeit. Verbl\u00fcffend, welche Effekte mit einigen T\u00f6pfen Farbe und ein paar Pinseln erzielt werden k\u00f6nnen!<\/p>\n","protected":false},"featured_media":35431,"template":"","meta":{"_acf_changed":false,"_relevanssi_hide_post":"","_relevanssi_hide_content":"","_relevanssi_pin_for_all":"","_relevanssi_pin_keywords":"","_relevanssi_unpin_keywords":"","_relevanssi_related_keywords":"","_relevanssi_related_include_ids":"","_relevanssi_related_exclude_ids":"","_relevanssi_related_no_append":"","_relevanssi_related_not_related":"","_relevanssi_related_posts":"","_relevanssi_noindex_reason":""},"product_brand":[],"product_cat":[66],"product_tag":[],"class_list":{"0":"post-35429","1":"product","2":"type-product","3":"status-publish","4":"has-post-thumbnail","6":"product_cat-bucher","7":"product_shipping_class-warenpost","9":"first","10":"instock","11":"taxable","12":"shipping-taxable","13":"purchasable","14":"product-type-simple"},"acf":[],"yoast_head":"<!-- This site is optimized with the Yoast SEO Premium plugin v26.5 (Yoast SEO v26.5) - https:\/\/yoast.com\/wordpress\/plugins\/seo\/ -->\n<title>Bunter Wohnen | Buch von Annie Sloan | Annie Sloan DE<\/title>\n<meta name=\"description\" content=\"Mit 40 Schritt f\u00fcr Schritt erkl\u00e4rten Projekten zeigt dieses Buch einfache Techniken f\u00fcr das Upcycling von M\u00f6beln und die Neugestaltung von Wohnr\u00e4umen, auf Deutsch.\" \/>\n<meta name=\"robots\" content=\"index, follow, max-snippet:-1, max-image-preview:large, max-video-preview:-1\" \/>\n<link rel=\"canonical\" href=\"https:\/\/www.anniesloan.com\/de\/produkt\/bucher\/bunter-wohnen\/\" \/>\n<meta property=\"og:locale\" content=\"de_DE\" \/>\n<meta property=\"og:type\" content=\"article\" \/>\n<meta property=\"og:title\" content=\"Bunter Wohnen\" \/>\n<meta property=\"og:description\" content=\"Mit 40 Schritt f\u00fcr Schritt erkl\u00e4rten Projekten zeigt dieses Buch einfache Techniken f\u00fcr das Upcycling von M\u00f6beln und die Neugestaltung von Wohnr\u00e4umen, auf Deutsch.\" \/>\n<meta property=\"og:url\" content=\"https:\/\/www.anniesloan.com\/de\/produkt\/bucher\/bunter-wohnen\/\" \/>\n<meta property=\"og:site_name\" content=\"Annie Sloan DE\" \/>\n<meta property=\"article:modified_time\" content=\"2026-04-27T07:30:55+00:00\" \/>\n<meta property=\"og:image\" content=\"https:\/\/www.anniesloan.com\/de\/wp-content\/uploads\/sites\/3\/2021\/07\/Bunter-Wohnen-published-by-DVA-Colour-Recipes-for-Painted-Furniture-and-More-book-by-Annie-Sloan-2500.jpg\" \/>\n\t<meta property=\"og:image:width\" content=\"1281\" \/>\n\t<meta property=\"og:image:height\" content=\"1024\" \/>\n\t<meta property=\"og:image:type\" content=\"image\/jpeg\" \/>\n<meta name=\"twitter:card\" content=\"summary_large_image\" \/>\n<meta name=\"twitter:label1\" content=\"Price\" \/>\n\t<meta name=\"twitter:data1\" content=\"29.99&euro;\" \/>\n\t<meta name=\"twitter:label2\" content=\"Availability\" \/>\n\t<meta name=\"twitter:data2\" content=\"In stock\" \/>\n<script type=\"application\/ld+json\" class=\"yoast-schema-graph\">{\"@context\":\"https:\/\/schema.org\",\"@graph\":[{\"@type\":\"WebPage\",\"@id\":\"https:\/\/www.anniesloan.com\/de\/produkt\/bucher\/bunter-wohnen\/\",\"url\":\"https:\/\/www.anniesloan.com\/de\/produkt\/bucher\/bunter-wohnen\/\",\"name\":\"Bunter Wohnen | Buch von Annie Sloan | Annie Sloan DE\",\"isPartOf\":{\"@id\":\"https:\/\/www.anniesloan.com\/de\/#website\"},\"primaryImageOfPage\":{\"@id\":\"https:\/\/www.anniesloan.com\/de\/produkt\/bucher\/bunter-wohnen\/#primaryimage\"},\"image\":{\"@id\":\"https:\/\/www.anniesloan.com\/de\/produkt\/bucher\/bunter-wohnen\/#primaryimage\"},\"thumbnailUrl\":\"https:\/\/www.anniesloan.com\/de\/wp-content\/uploads\/sites\/3\/2021\/07\/Bunter-Wohnen-published-by-DVA-Colour-Recipes-for-Painted-Furniture-and-More-book-by-Annie-Sloan-2500.jpg\",\"datePublished\":\"2021-07-29T14:45:35+00:00\",\"dateModified\":\"2026-04-27T07:30:55+00:00\",\"description\":\"Mit 40 Schritt f\u00fcr Schritt erkl\u00e4rten Projekten zeigt dieses Buch einfache Techniken f\u00fcr das Upcycling von M\u00f6beln und die Neugestaltung von Wohnr\u00e4umen, auf Deutsch.\",\"breadcrumb\":{\"@id\":\"https:\/\/www.anniesloan.com\/de\/produkt\/bucher\/bunter-wohnen\/#breadcrumb\"},\"inLanguage\":\"de-DE\",\"potentialAction\":[{\"@type\":\"ReadAction\",\"target\":[\"https:\/\/www.anniesloan.com\/de\/produkt\/bucher\/bunter-wohnen\/\"]}]},{\"@type\":\"ImageObject\",\"inLanguage\":\"de-DE\",\"@id\":\"https:\/\/www.anniesloan.com\/de\/produkt\/bucher\/bunter-wohnen\/#primaryimage\",\"url\":\"https:\/\/www.anniesloan.com\/de\/wp-content\/uploads\/sites\/3\/2021\/07\/Bunter-Wohnen-published-by-DVA-Colour-Recipes-for-Painted-Furniture-and-More-book-by-Annie-Sloan-2500.jpg\",\"contentUrl\":\"https:\/\/www.anniesloan.com\/de\/wp-content\/uploads\/sites\/3\/2021\/07\/Bunter-Wohnen-published-by-DVA-Colour-Recipes-for-Painted-Furniture-and-More-book-by-Annie-Sloan-2500.jpg\",\"width\":1281,\"height\":1024},{\"@type\":\"BreadcrumbList\",\"@id\":\"https:\/\/www.anniesloan.com\/de\/produkt\/bucher\/bunter-wohnen\/#breadcrumb\",\"itemListElement\":[{\"@type\":\"ListItem\",\"position\":1,\"name\":\"Produkte\",\"item\":\"https:\/\/www.anniesloan.com\/de\/produkte\/\"},{\"@type\":\"ListItem\",\"position\":2,\"name\":\"B\u00fccher\",\"item\":\"https:\/\/www.anniesloan.com\/de\/produkte\/bucher\/\"},{\"@type\":\"ListItem\",\"position\":3,\"name\":\"Bunter Wohnen\"}]},{\"@type\":\"WebSite\",\"@id\":\"https:\/\/www.anniesloan.com\/de\/#website\",\"url\":\"https:\/\/www.anniesloan.com\/de\/\",\"name\":\"Annie Sloan DE\",\"description\":\"Die Heimat der Chalk Paint\u2122\",\"potentialAction\":[{\"@type\":\"SearchAction\",\"target\":{\"@type\":\"EntryPoint\",\"urlTemplate\":\"https:\/\/www.anniesloan.com\/de\/?s={search_term_string}\"},\"query-input\":{\"@type\":\"PropertyValueSpecification\",\"valueRequired\":true,\"valueName\":\"search_term_string\"}}],\"inLanguage\":\"de-DE\"}]}<\/script>\n<meta property=\"product:price:amount\" content=\"29.99\" \/>\n<meta property=\"product:price:currency\" content=\"EUR\" \/>\n<meta property=\"og:availability\" content=\"instock\" \/>\n<meta property=\"product:availability\" content=\"instock\" \/>\n<meta property=\"product:retailer_item_id\" content=\"BREC051.DE01.01\" \/>\n<meta property=\"product:condition\" content=\"new\" \/>\n<!-- \/ Yoast SEO Premium plugin. -->","yoast_head_json":{"title":"Bunter Wohnen | Buch von Annie Sloan | Annie Sloan DE","description":"Mit 40 Schritt f\u00fcr Schritt erkl\u00e4rten Projekten zeigt dieses Buch einfache Techniken f\u00fcr das Upcycling von M\u00f6beln und die Neugestaltung von Wohnr\u00e4umen, auf Deutsch.","robots":{"index":"index","follow":"follow","max-snippet":"max-snippet:-1","max-image-preview":"max-image-preview:large","max-video-preview":"max-video-preview:-1"},"canonical":"https:\/\/www.anniesloan.com\/de\/produkt\/bucher\/bunter-wohnen\/","og_locale":"de_DE","og_type":"article","og_title":"Bunter Wohnen","og_description":"Mit 40 Schritt f\u00fcr Schritt erkl\u00e4rten Projekten zeigt dieses Buch einfache Techniken f\u00fcr das Upcycling von M\u00f6beln und die Neugestaltung von Wohnr\u00e4umen, auf Deutsch.","og_url":"https:\/\/www.anniesloan.com\/de\/produkt\/bucher\/bunter-wohnen\/","og_site_name":"Annie Sloan DE","article_modified_time":"2026-04-27T07:30:55+00:00","og_image":[{"width":1281,"height":1024,"url":"https:\/\/www.anniesloan.com\/de\/wp-content\/uploads\/sites\/3\/2021\/07\/Bunter-Wohnen-published-by-DVA-Colour-Recipes-for-Painted-Furniture-and-More-book-by-Annie-Sloan-2500.jpg","type":"image\/jpeg"}],"twitter_card":"summary_large_image","twitter_misc":{"Price":"29.99&euro;","Availability":"In stock"},"schema":{"@context":"https:\/\/schema.org","@graph":[{"@type":"WebPage","@id":"https:\/\/www.anniesloan.com\/de\/produkt\/bucher\/bunter-wohnen\/","url":"https:\/\/www.anniesloan.com\/de\/produkt\/bucher\/bunter-wohnen\/","name":"Bunter Wohnen | Buch von Annie Sloan | Annie Sloan DE","isPartOf":{"@id":"https:\/\/www.anniesloan.com\/de\/#website"},"primaryImageOfPage":{"@id":"https:\/\/www.anniesloan.com\/de\/produkt\/bucher\/bunter-wohnen\/#primaryimage"},"image":{"@id":"https:\/\/www.anniesloan.com\/de\/produkt\/bucher\/bunter-wohnen\/#primaryimage"},"thumbnailUrl":"https:\/\/www.anniesloan.com\/de\/wp-content\/uploads\/sites\/3\/2021\/07\/Bunter-Wohnen-published-by-DVA-Colour-Recipes-for-Painted-Furniture-and-More-book-by-Annie-Sloan-2500.jpg","datePublished":"2021-07-29T14:45:35+00:00","dateModified":"2026-04-27T07:30:55+00:00","description":"Mit 40 Schritt f\u00fcr Schritt erkl\u00e4rten Projekten zeigt dieses Buch einfache Techniken f\u00fcr das Upcycling von M\u00f6beln und die Neugestaltung von Wohnr\u00e4umen, auf Deutsch.","breadcrumb":{"@id":"https:\/\/www.anniesloan.com\/de\/produkt\/bucher\/bunter-wohnen\/#breadcrumb"},"inLanguage":"de-DE","potentialAction":[{"@type":"ReadAction","target":["https:\/\/www.anniesloan.com\/de\/produkt\/bucher\/bunter-wohnen\/"]}]},{"@type":"ImageObject","inLanguage":"de-DE","@id":"https:\/\/www.anniesloan.com\/de\/produkt\/bucher\/bunter-wohnen\/#primaryimage","url":"https:\/\/www.anniesloan.com\/de\/wp-content\/uploads\/sites\/3\/2021\/07\/Bunter-Wohnen-published-by-DVA-Colour-Recipes-for-Painted-Furniture-and-More-book-by-Annie-Sloan-2500.jpg","contentUrl":"https:\/\/www.anniesloan.com\/de\/wp-content\/uploads\/sites\/3\/2021\/07\/Bunter-Wohnen-published-by-DVA-Colour-Recipes-for-Painted-Furniture-and-More-book-by-Annie-Sloan-2500.jpg","width":1281,"height":1024},{"@type":"BreadcrumbList","@id":"https:\/\/www.anniesloan.com\/de\/produkt\/bucher\/bunter-wohnen\/#breadcrumb","itemListElement":[{"@type":"ListItem","position":1,"name":"Produkte","item":"https:\/\/www.anniesloan.com\/de\/produkte\/"},{"@type":"ListItem","position":2,"name":"B\u00fccher","item":"https:\/\/www.anniesloan.com\/de\/produkte\/bucher\/"},{"@type":"ListItem","position":3,"name":"Bunter Wohnen"}]},{"@type":"WebSite","@id":"https:\/\/www.anniesloan.com\/de\/#website","url":"https:\/\/www.anniesloan.com\/de\/","name":"Annie Sloan DE","description":"Die Heimat der Chalk Paint\u2122","potentialAction":[{"@type":"SearchAction","target":{"@type":"EntryPoint","urlTemplate":"https:\/\/www.anniesloan.com\/de\/?s={search_term_string}"},"query-input":{"@type":"PropertyValueSpecification","valueRequired":true,"valueName":"search_term_string"}}],"inLanguage":"de-DE"}]},"product_price_amount":"29.99","product_price_currency":"EUR","og_availability":"instock","product_availability":"instock","product_retailer_item_id":"BREC051.DE01.01","product_condition":"new"},"_links":{"self":[{"href":"https:\/\/www.anniesloan.com\/de\/wp-json\/wp\/v2\/product\/35429","targetHints":{"allow":["GET"]}}],"collection":[{"href":"https:\/\/www.anniesloan.com\/de\/wp-json\/wp\/v2\/product"}],"about":[{"href":"https:\/\/www.anniesloan.com\/de\/wp-json\/wp\/v2\/types\/product"}],"wp:featuredmedia":[{"embeddable":true,"href":"https:\/\/www.anniesloan.com\/de\/wp-json\/wp\/v2\/media\/35431"}],"wp:attachment":[{"href":"https:\/\/www.anniesloan.com\/de\/wp-json\/wp\/v2\/media?parent=35429"}],"wp:term":[{"taxonomy":"product_brand","embeddable":true,"href":"https:\/\/www.anniesloan.com\/de\/wp-json\/wp\/v2\/product_brand?post=35429"},{"taxonomy":"product_cat","embeddable":true,"href":"https:\/\/www.anniesloan.com\/de\/wp-json\/wp\/v2\/product_cat?post=35429"},{"taxonomy":"product_tag","embeddable":true,"href":"https:\/\/www.anniesloan.com\/de\/wp-json\/wp\/v2\/product_tag?post=35429"}],"curies":[{"name":"wp","href":"https:\/\/api.w.org\/{rel}","templated":true}]}}